{"id":3573,"date":"2025-09-26T00:20:54","date_gmt":"2025-09-26T00:20:54","guid":{"rendered":"https:\/\/www.telaled.com\/?post_type=product&#038;p=3573"},"modified":"2026-01-06T07:04:23","modified_gmt":"2026-01-06T07:04:23","slug":"pole-led-display-serie-twb","status":"publish","type":"product","link":"https:\/\/www.telaled.com\/fr\/fabrica\/pole-led-display-serie-twb\/","title":{"rendered":"\u00c9cran LED sur poteau s\u00e9rie TWB"},"content":{"rendered":"<div class=\"row\"  id=\"row-280873415\">\n\n\t<div id=\"col-1802257238\" class=\"col small-12 large-12\"  >\n\t\t\t\t<div class=\"col-inner\"  >\n\t\t\t\n\t\t\t\n<h2>Avantages uniques de l&#039;\u00e9cran LED sur poteau de la s\u00e9rie TWC<\/h2>\n<h3><strong>Durabilit\u00e9 sup\u00e9rieure<\/strong><\/h3>\n<ul>\n<li>Protection \u00e9tanche \u00e0 l&#039;eau et \u00e0 la poussi\u00e8re IP65.<\/li>\n<li>Mat\u00e9riaux r\u00e9sistants \u00e0 la corrosion et aux intemp\u00e9ries.<\/li>\n<li>Dissipateur thermique intelligent pour le refroidissement et une dur\u00e9e de vie plus longue.<\/li>\n<li>Fonctionnement stable de -20\u00b0C \u00e0 +60\u00b0C.<\/li>\n<\/ul>\n<h3><strong>Qualit\u00e9 visuelle exceptionnelle<\/strong><\/h3>\n<ul>\n<li>Luminosit\u00e9 ultra \u00e9lev\u00e9e jusqu&#039;\u00e0 6500 nits.<\/li>\n<li>technologie LED <a href=\"https:\/\/www.telaled.com\/fr\/led-smd\/\">CMS<\/a> Pour des images et des vid\u00e9os nettes...<\/li>\n<li>Grand angle de vision de 140\u00b0 pour une visibilit\u00e9 maximale.<\/li>\n<li>65 536 niveaux de gris pour des d\u00e9tails r\u00e9alistes.<\/li>\n<\/ul>\n<h3><strong>Adaptabilit\u00e9 compl\u00e8te<\/strong><\/h3>\n<ul>\n<li>Plusieurs options de contr\u00f4le : PC, Wi-Fi, 4G\/5G, U-disk.<\/li>\n<li>Contenu \u00e0 distance mis \u00e0 jour et planifi\u00e9.<\/li>\n<li>Installation flexible : montage lat\u00e9ral, arri\u00e8re ou sur support.<\/li>\n<li>Disponible en pas de pixel P3.3, P4, <a href=\"https:\/\/www.telaled.com\/fr\/fabrica\/modulo-painel-de-led-p5\/\">P5<\/a>.<\/li>\n<li>Tailles et designs personnalis\u00e9s pour diff\u00e9rents projets.<\/li>\n<\/ul>\n<h3><strong>Assistance compl\u00e8te<\/strong><\/h3>\n<ul>\n<li>B\u00e9n\u00e9ficiez d&#039;une assistance experte \u00e0 tout moment et o\u00f9 que vous soyez. Notre \u00e9quipe d&#039;assistance d\u00e9di\u00e9e garantit le bon fonctionnement de votre syst\u00e8me, sans interruption de service.<\/li>\n<li>Chaque commande comprend 5% de pi\u00e8ces d\u00e9tach\u00e9es. Des composants suppl\u00e9mentaires sont fournis pour accro\u00eetre la fiabilit\u00e9 et r\u00e9duire les interruptions de service.<\/li>\n<li>Ayez l&#039;esprit tranquille gr\u00e2ce \u00e0 une garantie de 3 ans. B\u00e9n\u00e9ficiez de performances durables, d&#039;un service fiable et de l&#039;assurance que votre investissement est prot\u00e9g\u00e9.<\/li>\n<\/ul>\n<h2>D\u00e9tails du produit<\/h2>\n<div class=\"row\"  id=\"row-1369872946\">\n\n\t<div id=\"col-26237572\" class=\"col medium-10 small-12 large-10\"  >\n\t\t\t\t<div class=\"col-inner text-left\"  >\n\t\t\t\n\t\t\t\n<ul>\n<li>La n\u00f4tre <em><strong>\u00c9cran LED sur poteau s\u00e9rie TWB<\/strong><\/em> Con\u00e7us pour durer et offrir des performances optimales, ils b\u00e9n\u00e9ficient d&#039;une protection \u00e9tanche IP65, d&#039;un large angle de vision de 140\u00b0 et d&#039;un syst\u00e8me de refroidissement rapide et efficace. Faciles \u00e0 r\u00e9parer et \u00e0 entretenir, ils garantissent un contr\u00f4le stable et\u2026 <a href=\"https:\/\/www.telaled.com\/fr\/fabrica\/painel-led-economizador-de-energia-serie-toc\/\">\u00e9conomies d&#039;\u00e9nergie<\/a>, ce qui les rend id\u00e9aux pour les environnements ext\u00e9rieurs exigeant une performance visuelle durable et de haute qualit\u00e9.<\/li>\n<\/ul>\n\t<div class=\"img has-hover x md-x lg-x y md-y lg-y\" id=\"image_1983474962\">\n\t\t\t\t\t\t\t\t<div class=\"img-inner dark\" >\n\t\t\t<img loading=\"lazy\" decoding=\"async\" width=\"500\" height=\"500\" src=\"https:\/\/www.telaled.com\/wp-content\/uploads\/2025\/09\/Pole-LED-Display7.webp\" class=\"attachment-original size-original\" alt=\"Affichage LED sur poteau7\" srcset=\"https:\/\/www.telaled.com\/wp-content\/uploads\/2025\/09\/Pole-LED-Display7.webp 500w, https:\/\/www.telaled.com\/wp-content\/uploads\/2025\/09\/Pole-LED-Display7-300x300.webp 300w, https:\/\/www.telaled.com\/wp-content\/uploads\/2025\/09\/Pole-LED-Display7-150x150.webp 150w, https:\/\/www.telaled.com\/wp-content\/uploads\/2025\/09\/Pole-LED-Display7-12x12.webp 12w, https:\/\/www.telaled.com\/wp-content\/uploads\/2025\/09\/Pole-LED-Display7-100x100.webp 100w\" sizes=\"auto, (max-width: 500px) 100vw, 500px\" \/>\t\t\t\t\t\t\n\t\t\t\t\t<\/div>\n\t\t\t\t\t\t\t\t\n<style>\n#image_1983474962 {\n  width: 80%;\n}\n<\/style>\n\t<\/div>\n\t\n<ul>\n<li>Notre <em><strong>\u00c9cran LED sur poteau s\u00e9rie TWB<\/strong><\/em> Contr\u00f4le intelligent via PC, cl\u00e9 USB, Wi-Fi et 4G\/5G pour une gestion centralis\u00e9e ou \u00e0 distance. Fonctionnalit\u00e9s\u00a0: lecture en boucle, haut-parleurs int\u00e9gr\u00e9s, r\u00e9glage automatique de la luminosit\u00e9 et fonctionnement multifonction. Mises \u00e0 jour en un clic\u00a0: la diffusion, la synchronisation et l&#039;insertion de contenu sont rapides, simples et fiables, garantissant des performances fluides sur plusieurs \u00e9crans.<\/li>\n<\/ul>\n\t<div class=\"img has-hover x md-x lg-x y md-y lg-y\" id=\"image_872764308\">\n\t\t\t\t\t\t\t\t<div class=\"img-inner dark\" >\n\t\t\t<img loading=\"lazy\" decoding=\"async\" width=\"500\" height=\"500\" src=\"https:\/\/www.telaled.com\/wp-content\/uploads\/2025\/09\/Pole-LED-Display8.webp\" class=\"attachment-large size-large\" alt=\"\" srcset=\"https:\/\/www.telaled.com\/wp-content\/uploads\/2025\/09\/Pole-LED-Display8.webp 500w, https:\/\/www.telaled.com\/wp-content\/uploads\/2025\/09\/Pole-LED-Display8-300x300.webp 300w, https:\/\/www.telaled.com\/wp-content\/uploads\/2025\/09\/Pole-LED-Display8-150x150.webp 150w, https:\/\/www.telaled.com\/wp-content\/uploads\/2025\/09\/Pole-LED-Display8-12x12.webp 12w, https:\/\/www.telaled.com\/wp-content\/uploads\/2025\/09\/Pole-LED-Display8-100x100.webp 100w\" sizes=\"auto, (max-width: 500px) 100vw, 500px\" \/>\t\t\t\t\t\t\n\t\t\t\t\t<\/div>\n\t\t\t\t\t\t\t\t\n<style>\n#image_872764308 {\n  width: 80%;\n}\n<\/style>\n\t<\/div>\n\t\n<ul>\n<li>Notre <em><strong>\u00c9cran LED sur poteau s\u00e9rie TWB<\/strong><\/em> Elle est dot\u00e9e d&#039;un dissipateur thermique int\u00e9gr\u00e9 pour un refroidissement efficace et une dur\u00e9e de vie prolong\u00e9e. \u00c9quip\u00e9e de 8 verrous de s\u00e9curit\u00e9, elle comprend des capteurs de luminosit\u00e9 qui ajustent automatiquement l&#039;intensit\u00e9 lumineuse en fonction de la luminosit\u00e9 ambiante. Cette conception intelligente r\u00e9duit les risques de br\u00fblures accidentelles. <a href=\"https:\/\/www.telaled.com\/fr\/entendendo-o-consumo-de-energia-painel-de-led-quao-eficientes-sao-os-displays-de-led-modernos\/\" data-wplink-edit=\"true\">consommation d&#039;\u00e9nergie<\/a>, Elle garantit sa durabilit\u00e9 et assure un fonctionnement parfait de l&#039;\u00e9cran dans tous les environnements.<\/li>\n<\/ul>\n\t<div class=\"img has-hover x md-x lg-x y md-y lg-y\" id=\"image_259125574\">\n\t\t\t\t\t\t\t\t<div class=\"img-inner dark\" >\n\t\t\t<img loading=\"lazy\" decoding=\"async\" width=\"570\" height=\"360\" src=\"https:\/\/www.telaled.com\/wp-content\/uploads\/2025\/09\/Pole-LED-Display9.webp\" class=\"attachment-large size-large\" alt=\"\" srcset=\"https:\/\/www.telaled.com\/wp-content\/uploads\/2025\/09\/Pole-LED-Display9.webp 570w, https:\/\/www.telaled.com\/wp-content\/uploads\/2025\/09\/Pole-LED-Display9-300x189.webp 300w, https:\/\/www.telaled.com\/wp-content\/uploads\/2025\/09\/Pole-LED-Display9-18x12.webp 18w\" sizes=\"auto, (max-width: 570px) 100vw, 570px\" \/>\t\t\t\t\t\t\n\t\t\t\t\t<\/div>\n\t\t\t\t\t\t\t\t\n<style>\n#image_259125574 {\n  width: 80%;\n}\n<\/style>\n\t<\/div>\n\t\n<ul>\n<li>Nous proposons des solutions personnalisables <strong><em>\u00c9cran LED sur poteau s\u00e9rie TWB<\/em><\/strong> Avec des options d&#039;installation flexibles, il est id\u00e9al pour les centres commerciaux, les rues commer\u00e7antes et les applications gouvernementales, comme la diffusion d&#039;instructions routi\u00e8res ou d&#039;avis publics. Il est \u00e9galement id\u00e9al pour les attractions touristiques, affichant des cartes, des informations sur les \u00e9v\u00e9nements et les mises \u00e0 jour de service, garantissant une communication claire dans tous les environnements.<\/li>\n<\/ul>\n\t<div class=\"img has-hover x md-x lg-x y md-y lg-y\" id=\"image_1061556028\">\n\t\t\t\t\t\t\t\t<div class=\"img-inner dark\" >\n\t\t\t<img loading=\"lazy\" decoding=\"async\" width=\"570\" height=\"360\" src=\"https:\/\/www.telaled.com\/wp-content\/uploads\/2025\/09\/Pole-LED-Display10.webp\" class=\"attachment-large size-large\" alt=\"Affichage LED sur poteau 10\" srcset=\"https:\/\/www.telaled.com\/wp-content\/uploads\/2025\/09\/Pole-LED-Display10.webp 570w, https:\/\/www.telaled.com\/wp-content\/uploads\/2025\/09\/Pole-LED-Display10-300x189.webp 300w, https:\/\/www.telaled.com\/wp-content\/uploads\/2025\/09\/Pole-LED-Display10-18x12.webp 18w\" sizes=\"auto, (max-width: 570px) 100vw, 570px\" \/>\t\t\t\t\t\t\n\t\t\t\t\t<\/div>\n\t\t\t\t\t\t\t\t\n<style>\n#image_1061556028 {\n  width: 80%;\n}\n<\/style>\n\t<\/div>\n\t\n<ul>\n<li>La n\u00f4tre <em><strong>\u00c9cran LED sur poteau s\u00e9rie TWB<\/strong><\/em> Ils sont emball\u00e9s dans des caisses en bois renforc\u00e9es pour les prot\u00e9ger pendant le transport. Chaque unit\u00e9 est solidement emball\u00e9e pour la prot\u00e9ger des dommages caus\u00e9s par les nuisibles, les chocs et autres dangers. Cela garantit une durabilit\u00e9 et une livraison en toute s\u00e9curit\u00e9.<\/li>\n<\/ul>\n\t<div class=\"img has-hover x md-x lg-x y md-y lg-y\" id=\"image_1623295145\">\n\t\t\t\t\t\t\t\t<div class=\"img-inner dark\" >\n\t\t\t<img loading=\"lazy\" decoding=\"async\" width=\"760\" height=\"1024\" src=\"https:\/\/www.telaled.com\/wp-content\/uploads\/2025\/08\/36123f2c-de60-488d-af81-255cd4aee54a-760x1024.webp\" class=\"attachment-large size-large\" alt=\"\" srcset=\"https:\/\/www.telaled.com\/wp-content\/uploads\/2025\/08\/36123f2c-de60-488d-af81-255cd4aee54a-760x1024.webp 760w, https:\/\/www.telaled.com\/wp-content\/uploads\/2025\/08\/36123f2c-de60-488d-af81-255cd4aee54a-223x300.webp 223w, https:\/\/www.telaled.com\/wp-content\/uploads\/2025\/08\/36123f2c-de60-488d-af81-255cd4aee54a-768x1035.webp 768w, https:\/\/www.telaled.com\/wp-content\/uploads\/2025\/08\/36123f2c-de60-488d-af81-255cd4aee54a-9x12.webp 9w, https:\/\/www.telaled.com\/wp-content\/uploads\/2025\/08\/36123f2c-de60-488d-af81-255cd4aee54a-600x808.webp 600w, https:\/\/www.telaled.com\/wp-content\/uploads\/2025\/08\/36123f2c-de60-488d-af81-255cd4aee54a.webp 795w\" sizes=\"auto, (max-width: 760px) 100vw, 760px\" \/>\t\t\t\t\t\t\n\t\t\t\t\t<\/div>\n\t\t\t\t\t\t\t\t\n<style>\n#image_1623295145 {\n  width: 80%;\n}\n<\/style>\n\t<\/div>\n\t\n\n<table id=\"tablepress-87\" class=\"tablepress tablepress-id-87\">\n<thead>\n<tr class=\"row-1\">\n\t<th class=\"column-1\">Valeur<\/th><th class=\"column-2\">TWB3.3<\/th><th class=\"column-3\">TWB4<\/th><th class=\"column-4\">TWB5<\/th>\n<\/tr>\n<\/thead>\n<tbody class=\"row-striping row-hover\">\n<tr class=\"row-2\">\n\t<td class=\"column-1\">Pas de pixel<\/td><td class=\"column-2\">3,3 mm<\/td><td class=\"column-3\">4 mm<\/td><td class=\"column-4\">5 mm<\/td>\n<\/tr>\n<tr class=\"row-3\">\n\t<td class=\"column-1\">Briller<\/td><td class=\"column-2\">5000-6000 nits<\/td><td class=\"column-3\">6000 nits<\/td><td class=\"column-4\">6000 nits<\/td>\n<\/tr>\n<tr class=\"row-4\">\n\t<td class=\"column-1\">Configuration des pixels<\/td><td class=\"column-2\">CMS<\/td><td class=\"column-3\">CMS<\/td><td class=\"column-4\">CMS<\/td>\n<\/tr>\n<tr class=\"row-5\">\n\t<td class=\"column-1\">Niveaux de gris<\/td><td class=\"column-2\">65536<\/td><td class=\"column-3\">65536<\/td><td class=\"column-4\">65536<\/td>\n<\/tr>\n<tr class=\"row-6\">\n\t<td class=\"column-1\">Taux de mise \u00e0 jour<\/td><td class=\"column-2\">\u2265 1920 Hz<\/td><td class=\"column-3\">21920 Hz<\/td><td class=\"column-4\">21920 Hz<\/td>\n<\/tr>\n<tr class=\"row-7\">\n\t<td class=\"column-1\">Matrice de pixels par M\u00b2<\/td><td class=\"column-2\">90.000<\/td><td class=\"column-3\">90.000<\/td><td class=\"column-4\">40.000<\/td>\n<\/tr>\n<tr class=\"row-8\">\n\t<td class=\"column-1\">Angle de vision (H\/V)<\/td><td class=\"column-2\">140\/140 degr\u00e9s<\/td><td class=\"column-3\">140\/140 degr\u00e9s<\/td><td class=\"column-4\">140\/140 degr\u00e9s<\/td>\n<\/tr>\n<tr class=\"row-9\">\n\t<td class=\"column-1\">Consommation \u00e9lectrique (max.\/moy.)<\/td><td class=\"column-2\">800\/300<\/td><td class=\"column-3\">800\/300<\/td><td class=\"column-4\">800\/300<\/td>\n<\/tr>\n<tr class=\"row-10\">\n\t<td class=\"column-1\">Taux IP<\/td><td class=\"column-2\">IP65<\/td><td class=\"column-3\">IP65<\/td><td class=\"column-4\">IP65<\/td>\n<\/tr>\n<tr class=\"row-11\">\n\t<td class=\"column-1\">Tension d&#039;entr\u00e9e (CA)<\/td><td class=\"column-2\">100\uff5e240<\/td><td class=\"column-3\">100\uff5e240<\/td><td class=\"column-4\">100\uff5e240<\/td>\n<\/tr>\n<tr class=\"row-12\">\n\t<td class=\"column-1\">Temp\u00e9rature de fonctionnement<\/td><td class=\"column-2\">20\uff5e+60\u00b0C<\/td><td class=\"column-3\">20\uff5e+60\u00b0C<\/td><td class=\"column-4\">20\uff5e+60\u00b0C<\/td>\n<\/tr>\n<\/tbody>\n<\/table>\n\n\t\t<\/div>\n\t\t\t\t\t<\/div>\n\n\t\n<\/div>\n\t\t<\/div>\n\t\t\t\t\t<\/div>\n\n\t\n<\/div>","protected":false},"excerpt":{"rendered":"<div><strong>\u00c9cran LED sur poteau s\u00e9rie TWB \u2013 Solution publicitaire urbaine intelligente et haute luminosit\u00e9<\/strong><\/div>\n<div><\/div>\n<div>Toi <strong><em>\u00c9cran LED sur poteau s\u00e9rie TWB<\/em><\/strong> Ils allient la puissance de la publicit\u00e9 num\u00e9rique \u00e0 la praticit\u00e9 de l&#039;\u00e9clairage public. Con\u00e7us pour les villes, les places commerciales et <span data-sheets-root=\"1\"><a class=\"in-cell-link\" href=\"https:\/\/www.telaled.com\/fr\/telao-de-led-para-eventos\/\" target=\"_blank\" rel=\"noopener\">\u00e9v\u00e9nements<\/a><\/span> Dans les environnements sportifs, ces \u00e9crans offrent des visuels percutants, des performances fiables et un contr\u00f4le intelligent pour l&#039;affichage publicitaire et d&#039;informations dans les environnements ext\u00e9rieurs modernes.<\/div>\n<div><\/div>\n<div><strong>Caract\u00e9ristiques principales :<\/strong><\/div>\n<ul>\n<li><strong>Visibilit\u00e9 cristalline sous n&#039;importe quelle lumi\u00e8re<\/strong>:Avec jusqu&#039;\u00e0 6 500 nits de luminosit\u00e9 et un r\u00e9glage automatique de la luminosit\u00e9, le contenu reste clair et visible m\u00eame en plein soleil.<\/li>\n<li><strong>Conception durable et r\u00e9sistante aux intemp\u00e9ries :<\/strong> Construit avec des mat\u00e9riaux \u00e9tanches IP65, anti-poussi\u00e8re et anti-corrosion, ainsi qu&#039;un contr\u00f4le intelligent de la temp\u00e9rature, garantissant des performances durables dans les environnements ext\u00e9rieurs difficiles.<\/li>\n<li><strong>Options de contr\u00f4le intelligentes et flexibles :<\/strong> G\u00e9rez les moniteurs \u00e0 distance via PC, Wi-Fi, 4G\/5G ou disque U avec prise en charge du contr\u00f4le synchrone et asynchrone, rendant les mises \u00e0 jour rapides et pratiques.<\/li>\n<\/ul>\n<div>Plusieurs m\u00e9thodes d&#039;installation (lat\u00e9rale, arri\u00e8re ou sur socle) et tailles personnalisables. B\u00e9n\u00e9ficiez d&#039;une assistance \u00e0 distance fiable 24h\/24 et 7j\/7 et de la tranquillit\u00e9 d&#039;esprit d&#039;une garantie de 3 ans. Contactez-nous d\u00e8s maintenant pour un devis gratuit et personnalis\u00e9.<\/div>","protected":false},"featured_media":3580,"template":"","meta":[],"product_brand":[],"product_cat":[50,48,40,43],"product_tag":[],"class_list":{"0":"post-3573","1":"product","2":"type-product","3":"status-publish","4":"has-post-thumbnail","6":"product_cat-aluguel-de-painel-de-led","7":"product_cat-paineis-personalizados","8":"product_cat-painel-de-led","9":"product_cat-totem-de-led","11":"first","12":"instock","13":"shipping-taxable","14":"product-type-simple"},"yoast_head":"<!-- This site is optimized with the Yoast SEO plugin v27.5 - https:\/\/yoast.com\/product\/yoast-seo-wordpress\/ -->\n<title>Pole LED Display S\u00e9rie TWB | Tela Telas LED para Publicidade Externa para Postes de Ru | TELALED<\/title>\n<meta name=\"description\" content=\"Pole LED Display S\u00e9rie TWB para postes externos e rodovias. Brilhante, dur\u00e1vel e com baixo consumo de energia. Pe\u00e7a hoje mesmo para aumentar sua visibilidade.\" \/>\n<meta name=\"robots\" content=\"index, follow, max-snippet:-1, max-image-preview:large, max-video-preview:-1\" \/>\n<link rel=\"canonical\" href=\"https:\/\/www.telaled.com\/fr\/fabrica\/pole-led-display-serie-twb\/\" \/>\n<meta property=\"og:locale\" content=\"fr_FR\" \/>\n<meta property=\"og:type\" content=\"article\" \/>\n<meta property=\"og:title\" content=\"Pole LED Display S\u00e9rie TWB | Tela Telas LED para Publicidade Externa para Postes de Ru | TELALED\" \/>\n<meta property=\"og:description\" content=\"Pole LED Display S\u00e9rie TWB para postes externos e rodovias. Brilhante, dur\u00e1vel e com baixo consumo de energia. Pe\u00e7a hoje mesmo para aumentar sua visibilidade.\" \/>\n<meta property=\"og:url\" content=\"https:\/\/www.telaled.com\/fr\/fabrica\/pole-led-display-serie-twb\/\" \/>\n<meta property=\"og:site_name\" content=\"TELALED\" \/>\n<meta property=\"article:modified_time\" content=\"2026-01-06T07:04:23+00:00\" \/>\n<meta property=\"og:image\" content=\"https:\/\/www.telaled.com\/wp-content\/uploads\/2025\/09\/Pole-LED-Display.jpg\" \/>\n\t<meta property=\"og:image:width\" content=\"500\" \/>\n\t<meta property=\"og:image:height\" content=\"500\" \/>\n\t<meta property=\"og:image:type\" content=\"image\/jpeg\" \/>\n<meta name=\"twitter:card\" content=\"summary_large_image\" \/>\n<meta name=\"twitter:label1\" content=\"Dur\u00e9e de lecture estim\u00e9e\" \/>\n\t<meta name=\"twitter:data1\" content=\"3 minutes\" \/>\n<script type=\"application\/ld+json\" class=\"yoast-schema-graph\">{\"@context\":\"https:\\\/\\\/schema.org\",\"@graph\":[{\"@type\":\"WebPage\",\"@id\":\"https:\\\/\\\/www.telaled.com\\\/fabrica\\\/pole-led-display-serie-twb\\\/\",\"url\":\"https:\\\/\\\/www.telaled.com\\\/fabrica\\\/pole-led-display-serie-twb\\\/\",\"name\":\"Pole LED Display S\u00e9rie TWB | Tela Telas LED para Publicidade Externa para Postes de Ru | TELALED\",\"isPartOf\":{\"@id\":\"https:\\\/\\\/www.telaled.com\\\/#website\"},\"primaryImageOfPage\":{\"@id\":\"https:\\\/\\\/www.telaled.com\\\/fabrica\\\/pole-led-display-serie-twb\\\/#primaryimage\"},\"image\":{\"@id\":\"https:\\\/\\\/www.telaled.com\\\/fabrica\\\/pole-led-display-serie-twb\\\/#primaryimage\"},\"thumbnailUrl\":\"https:\\\/\\\/www.telaled.com\\\/wp-content\\\/uploads\\\/2025\\\/09\\\/Pole-LED-Display.jpg\",\"datePublished\":\"2025-09-26T00:20:54+00:00\",\"dateModified\":\"2026-01-06T07:04:23+00:00\",\"description\":\"Pole LED Display S\u00e9rie TWB para postes externos e rodovias. Brilhante, dur\u00e1vel e com baixo consumo de energia. Pe\u00e7a hoje mesmo para aumentar sua visibilidade.\",\"breadcrumb\":{\"@id\":\"https:\\\/\\\/www.telaled.com\\\/fabrica\\\/pole-led-display-serie-twb\\\/#breadcrumb\"},\"inLanguage\":\"fr-FR\",\"potentialAction\":[{\"@type\":\"ReadAction\",\"target\":[\"https:\\\/\\\/www.telaled.com\\\/fabrica\\\/pole-led-display-serie-twb\\\/\"]}]},{\"@type\":\"ImageObject\",\"inLanguage\":\"fr-FR\",\"@id\":\"https:\\\/\\\/www.telaled.com\\\/fabrica\\\/pole-led-display-serie-twb\\\/#primaryimage\",\"url\":\"https:\\\/\\\/www.telaled.com\\\/wp-content\\\/uploads\\\/2025\\\/09\\\/Pole-LED-Display.jpg\",\"contentUrl\":\"https:\\\/\\\/www.telaled.com\\\/wp-content\\\/uploads\\\/2025\\\/09\\\/Pole-LED-Display.jpg\",\"width\":500,\"height\":500,\"caption\":\"Pole-LED-Display\"},{\"@type\":\"BreadcrumbList\",\"@id\":\"https:\\\/\\\/www.telaled.com\\\/fabrica\\\/pole-led-display-serie-twb\\\/#breadcrumb\",\"itemListElement\":[{\"@type\":\"ListItem\",\"position\":1,\"name\":\"Home\",\"item\":\"https:\\\/\\\/www.telaled.com\\\/\"},{\"@type\":\"ListItem\",\"position\":2,\"name\":\"Produtos\",\"item\":\"https:\\\/\\\/www.telaled.com\\\/shop\\\/\"},{\"@type\":\"ListItem\",\"position\":3,\"name\":\"Pole LED Display S\u00e9rie TWB\"}]},{\"@type\":\"WebSite\",\"@id\":\"https:\\\/\\\/www.telaled.com\\\/#website\",\"url\":\"https:\\\/\\\/www.telaled.com\\\/\",\"name\":\"TELALED\",\"description\":\"\",\"potentialAction\":[{\"@type\":\"SearchAction\",\"target\":{\"@type\":\"EntryPoint\",\"urlTemplate\":\"https:\\\/\\\/www.telaled.com\\\/?s={search_term_string}\"},\"query-input\":{\"@type\":\"PropertyValueSpecification\",\"valueRequired\":true,\"valueName\":\"search_term_string\"}}],\"inLanguage\":\"fr-FR\"}]}<\/script>\n<!-- \/ Yoast SEO plugin. -->","yoast_head_json":{"title":"\u00c9cran LED pour poteaux, s\u00e9rie TWB | \u00c9crans LED publicitaires ext\u00e9rieurs pour poteaux | TELALED","description":"\u00c9cran LED sur poteau s\u00e9rie TWB pour poteaux ext\u00e9rieurs et autoroutes. Lumineux, durable et \u00e9conome en \u00e9nergie. Commandez d\u00e8s aujourd&#039;hui pour optimiser votre visibilit\u00e9.","robots":{"index":"index","follow":"follow","max-snippet":"max-snippet:-1","max-image-preview":"max-image-preview:large","max-video-preview":"max-video-preview:-1"},"canonical":"https:\/\/www.telaled.com\/fr\/fabrica\/pole-led-display-serie-twb\/","og_locale":"fr_FR","og_type":"article","og_title":"Pole LED Display S\u00e9rie TWB | Tela Telas LED para Publicidade Externa para Postes de Ru | TELALED","og_description":"Pole LED Display S\u00e9rie TWB para postes externos e rodovias. Brilhante, dur\u00e1vel e com baixo consumo de energia. Pe\u00e7a hoje mesmo para aumentar sua visibilidade.","og_url":"https:\/\/www.telaled.com\/fr\/fabrica\/pole-led-display-serie-twb\/","og_site_name":"TELALED","article_modified_time":"2026-01-06T07:04:23+00:00","og_image":[{"width":500,"height":500,"url":"https:\/\/www.telaled.com\/wp-content\/uploads\/2025\/09\/Pole-LED-Display.jpg","type":"image\/jpeg"}],"twitter_card":"summary_large_image","twitter_misc":{"Dur\u00e9e de lecture estim\u00e9e":"3 minutes"},"schema":{"@context":"https:\/\/schema.org","@graph":[{"@type":"WebPage","@id":"https:\/\/www.telaled.com\/fabrica\/pole-led-display-serie-twb\/","url":"https:\/\/www.telaled.com\/fabrica\/pole-led-display-serie-twb\/","name":"\u00c9cran LED pour poteaux, s\u00e9rie TWB | \u00c9crans LED publicitaires ext\u00e9rieurs pour poteaux | TELALED","isPartOf":{"@id":"https:\/\/www.telaled.com\/#website"},"primaryImageOfPage":{"@id":"https:\/\/www.telaled.com\/fabrica\/pole-led-display-serie-twb\/#primaryimage"},"image":{"@id":"https:\/\/www.telaled.com\/fabrica\/pole-led-display-serie-twb\/#primaryimage"},"thumbnailUrl":"https:\/\/www.telaled.com\/wp-content\/uploads\/2025\/09\/Pole-LED-Display.jpg","datePublished":"2025-09-26T00:20:54+00:00","dateModified":"2026-01-06T07:04:23+00:00","description":"\u00c9cran LED sur poteau s\u00e9rie TWB pour poteaux ext\u00e9rieurs et autoroutes. Lumineux, durable et \u00e9conome en \u00e9nergie. Commandez d\u00e8s aujourd&#039;hui pour optimiser votre visibilit\u00e9.","breadcrumb":{"@id":"https:\/\/www.telaled.com\/fabrica\/pole-led-display-serie-twb\/#breadcrumb"},"inLanguage":"fr-FR","potentialAction":[{"@type":"ReadAction","target":["https:\/\/www.telaled.com\/fabrica\/pole-led-display-serie-twb\/"]}]},{"@type":"ImageObject","inLanguage":"fr-FR","@id":"https:\/\/www.telaled.com\/fabrica\/pole-led-display-serie-twb\/#primaryimage","url":"https:\/\/www.telaled.com\/wp-content\/uploads\/2025\/09\/Pole-LED-Display.jpg","contentUrl":"https:\/\/www.telaled.com\/wp-content\/uploads\/2025\/09\/Pole-LED-Display.jpg","width":500,"height":500,"caption":"Pole-LED-Display"},{"@type":"BreadcrumbList","@id":"https:\/\/www.telaled.com\/fabrica\/pole-led-display-serie-twb\/#breadcrumb","itemListElement":[{"@type":"ListItem","position":1,"name":"Home","item":"https:\/\/www.telaled.com\/"},{"@type":"ListItem","position":2,"name":"Produtos","item":"https:\/\/www.telaled.com\/shop\/"},{"@type":"ListItem","position":3,"name":"Pole LED Display S\u00e9rie TWB"}]},{"@type":"WebSite","@id":"https:\/\/www.telaled.com\/#website","url":"https:\/\/www.telaled.com\/","name":"\u00e9cran LED","description":"","potentialAction":[{"@type":"SearchAction","target":{"@type":"EntryPoint","urlTemplate":"https:\/\/www.telaled.com\/?s={search_term_string}"},"query-input":{"@type":"PropertyValueSpecification","valueRequired":true,"valueName":"search_term_string"}}],"inLanguage":"fr-FR"}]}},"_links":{"self":[{"href":"https:\/\/www.telaled.com\/fr\/wp-json\/wp\/v2\/product\/3573","targetHints":{"allow":["GET"]}}],"collection":[{"href":"https:\/\/www.telaled.com\/fr\/wp-json\/wp\/v2\/product"}],"about":[{"href":"https:\/\/www.telaled.com\/fr\/wp-json\/wp\/v2\/types\/product"}],"wp:featuredmedia":[{"embeddable":true,"href":"https:\/\/www.telaled.com\/fr\/wp-json\/wp\/v2\/media\/3580"}],"wp:attachment":[{"href":"https:\/\/www.telaled.com\/fr\/wp-json\/wp\/v2\/media?parent=3573"}],"wp:term":[{"taxonomy":"product_brand","embeddable":true,"href":"https:\/\/www.telaled.com\/fr\/wp-json\/wp\/v2\/product_brand?post=3573"},{"taxonomy":"product_cat","embeddable":true,"href":"https:\/\/www.telaled.com\/fr\/wp-json\/wp\/v2\/product_cat?post=3573"},{"taxonomy":"product_tag","embeddable":true,"href":"https:\/\/www.telaled.com\/fr\/wp-json\/wp\/v2\/product_tag?post=3573"}],"curies":[{"name":"wp","href":"https:\/\/api.w.org\/{rel}","templated":true}]}}