{"id":3277,"date":"2025-09-09T10:03:44","date_gmt":"2025-09-09T10:03:44","guid":{"rendered":"https:\/\/www.telaled.com\/?post_type=product&#038;p=3277"},"modified":"2026-01-06T00:51:09","modified_gmt":"2026-01-06T00:51:09","slug":"painel-de-led-letras-serie-tcg","status":"publish","type":"product","link":"https:\/\/www.telaled.com\/fr\/fabrica\/painel-de-led-letras-serie-tcg\/","title":{"rendered":"Panneau de lettres \u00e0 LED s\u00e9rie TCG"},"content":{"rendered":"<div class=\"row\"  id=\"row-439770251\">\n\n\t<div id=\"col-455235181\" class=\"col small-12 large-12\"  >\n\t\t\t\t<div class=\"col-inner\"  >\n\t\t\t\n\t\t\t\n<h2>Avantages exclusifs du panneau de lettres LED de la s\u00e9rie TCG<\/h2>\n<h3><strong>Durabilit\u00e9 sup\u00e9rieure<\/strong><\/h3>\n<ul>\n<li>Con\u00e7u pour une utilisation int\u00e9rieure et ext\u00e9rieure.<\/li>\n<li>Construit avec des panneaux LED modulaires durables pour des performances durables.<\/li>\n<li>R\u00e9sistant aux intemp\u00e9ries (pluie, vent, soleil) pour maintenir sa fonctionnalit\u00e9.<\/li>\n<li>Id\u00e9al pour les environnements \u00e0 fort trafic tels que les centres commerciaux, les a\u00e9roports et les bars.<\/li>\n<\/ul>\n<h3><strong>Qualit\u00e9 visuelle exceptionnelle<\/strong><\/h3>\n<ul>\n<li>Il offre des couleurs vibrantes et des effets nets et accrocheurs.<\/li>\n<li>Capable de lire la vid\u00e9o directement sur la surface de la lettre ou du logo.<\/li>\n<li>Id\u00e9al pour cr\u00e9er du contenu engageant et accrocheur.<\/li>\n<li>Augmentez la visibilit\u00e9 de votre marque avec des visuels dynamiques.<\/li>\n<\/ul>\n<h3><strong>Adaptabilit\u00e9 compl\u00e8te<\/strong><\/h3>\n<ul>\n<li>Disponible dans une grande vari\u00e9t\u00e9 de tailles et de configurations.<\/li>\n<li>Formats personnalisables et conceptions modulaires.<\/li>\n<li>Il peut \u00eatre adapt\u00e9 pour r\u00e9pondre \u00e0 des besoins et des environnements sp\u00e9cifiques.<\/li>\n<li>Offre la flexibilit\u00e9 n\u00e9cessaire pour cr\u00e9er des affichages uniques pour n&#039;importe quelle marque ou emplacement.<\/li>\n<\/ul>\n<h3><strong>Assistance compl\u00e8te<\/strong><\/h3>\n<ul>\n<li>Assistance technique \u00e0 distance 24h\/24 et 7j\/7 : acc\u00e9dez \u00e0 l&#039;assistance d&#039;experts \u00e0 tout moment et en tout lieu.<\/li>\n<li>5% de pi\u00e8ces de rechange incluses : Chaque commande comprend des composants suppl\u00e9mentaires pour augmenter la fiabilit\u00e9 et assurer la tranquillit\u00e9 d&#039;esprit.<\/li>\n<li>Garantie prolong\u00e9e de 3 ans : profitez d&#039;une convergence \u00e0 long terme pour de meilleures performances et un service fiable.<\/li>\n<\/ul>\n<h2>D\u00e9tails du produit<\/h2>\n<div class=\"row\"  id=\"row-139032139\">\n\n\t<div id=\"col-507967520\" class=\"col medium-10 small-12 large-10\"  >\n\t\t\t\t<div class=\"col-inner text-left\"  >\n\t\t\t\n\t\t\t\n<ul>\n<li>Vous permet de concevoir des \u00e9crans LED parfaitement adapt\u00e9s \u00e0 vos besoins. Des graphismes personnalis\u00e9s aux assemblages autonomes, en passant par des logos uniques, nous vous offrons la possibilit\u00e9 de cr\u00e9er des \u00e9crans uniques. Gr\u00e2ce au contr\u00f4le mobile et aux fonctionnalit\u00e9s intelligentes, vous avez la flexibilit\u00e9 n\u00e9cessaire pour donner vie \u00e0 votre vision avec simplicit\u00e9 et pr\u00e9cision.<\/li>\n<\/ul>\n\t<div class=\"img has-hover x md-x lg-x y md-y lg-y\" id=\"image_502830597\">\n\t\t\t\t\t\t\t\t<div class=\"img-inner dark\" >\n\t\t\t<img loading=\"lazy\" decoding=\"async\" width=\"600\" height=\"400\" src=\"https:\/\/www.telaled.com\/wp-content\/uploads\/2025\/09\/Personalizacao-Criativa-DIY.webp\" class=\"attachment-original size-original\" alt=\"Cr\u00e9atif-DIY-Personnalisation\" srcset=\"https:\/\/www.telaled.com\/wp-content\/uploads\/2025\/09\/Personalizacao-Criativa-DIY.webp 600w, https:\/\/www.telaled.com\/wp-content\/uploads\/2025\/09\/Personalizacao-Criativa-DIY-300x200.webp 300w, https:\/\/www.telaled.com\/wp-content\/uploads\/2025\/09\/Personalizacao-Criativa-DIY-18x12.webp 18w\" sizes=\"auto, (max-width: 600px) 100vw, 600px\" \/>\t\t\t\t\t\t\n\t\t\t\t\t<\/div>\n\t\t\t\t\t\t\t\t\n<style>\n#image_502830597 {\n  width: 95%;\n}\n<\/style>\n\t<\/div>\n\t\n<ul>\n<li>Dot\u00e9s de coutures sans coutures, ils offrent un design simple et \u00e9l\u00e9gant, \u00e0 la fois stable et durable. Gr\u00e2ce \u00e0 leur luminosit\u00e9 et leur uniformit\u00e9 \u00e9lev\u00e9es, ces moniteurs offrent une exp\u00e9rience visuelle haut de gamme qui se d\u00e9marque dans tous les environnements.<\/li>\n<\/ul>\n\t\t<\/div>\n\t\t\t\t\t<\/div>\n\n\t\n\n\t<div id=\"col-1067363331\" class=\"col medium-10 small-12 large-10\"  >\n\t\t\t\t<div class=\"col-inner text-left\"  >\n\t\t\t\n\t\t\t\n\t<div class=\"img has-hover x md-x lg-x y md-y lg-y\" id=\"image_602206067\">\n\t\t\t\t\t\t\t\t<div class=\"img-inner dark\" >\n\t\t\t<img loading=\"lazy\" decoding=\"async\" width=\"600\" height=\"400\" src=\"https:\/\/www.telaled.com\/wp-content\/uploads\/2025\/09\/Visor-integrado.webp\" class=\"attachment-large size-large\" alt=\"Affichage int\u00e9gr\u00e9\" srcset=\"https:\/\/www.telaled.com\/wp-content\/uploads\/2025\/09\/Visor-integrado.webp 600w, https:\/\/www.telaled.com\/wp-content\/uploads\/2025\/09\/Visor-integrado-300x200.webp 300w, https:\/\/www.telaled.com\/wp-content\/uploads\/2025\/09\/Visor-integrado-18x12.webp 18w\" sizes=\"auto, (max-width: 600px) 100vw, 600px\" \/>\t\t\t\t\t\t\n\t\t\t\t\t<\/div>\n\t\t\t\t\t\t\t\t\n<style>\n#image_602206067 {\n  width: 95%;\n}\n<\/style>\n\t<\/div>\n\t\n<ul>\n<li>Notre panneau de lettres LED de la s\u00e9rie TCG est livr\u00e9 avec des instructions d&#039;installation claires et des options de montage polyvalentes. Con\u00e7u pour <a href=\"https:\/\/www.telaled.com\/fr\/painel-de-led-para-eventos\/\" data-wplink-edit=\"true\">\u00e9v\u00e9nements<\/a> Que ce soit \u00e0 l&#039;int\u00e9rieur ou \u00e0 l&#039;ext\u00e9rieur, vous pouvez installer votre stand rapidement et facilement, pour une exp\u00e9rience sans accroc du d\u00e9but \u00e0 la fin.<\/li>\n<\/ul>\n\t<div class=\"img has-hover x md-x lg-x y md-y lg-y\" id=\"image_687105213\">\n\t\t\t\t\t\t\t\t<div class=\"img-inner dark\" >\n\t\t\t<img loading=\"lazy\" decoding=\"async\" width=\"677\" height=\"413\" src=\"https:\/\/www.telaled.com\/wp-content\/uploads\/2025\/09\/Facil-instalacao.webp\" class=\"attachment-large size-large\" alt=\"Installation facile\" srcset=\"https:\/\/www.telaled.com\/wp-content\/uploads\/2025\/09\/Facil-instalacao.webp 677w, https:\/\/www.telaled.com\/wp-content\/uploads\/2025\/09\/Facil-instalacao-300x183.webp 300w, https:\/\/www.telaled.com\/wp-content\/uploads\/2025\/09\/Facil-instalacao-18x12.webp 18w, https:\/\/www.telaled.com\/wp-content\/uploads\/2025\/09\/Facil-instalacao-600x366.webp 600w\" sizes=\"auto, (max-width: 677px) 100vw, 677px\" \/>\t\t\t\t\t\t\n\t\t\t\t\t<\/div>\n\t\t\t\t\t\t\t\t\n<style>\n#image_687105213 {\n  width: 95%;\n}\n<\/style>\n\t<\/div>\n\t\n\t\t<\/div>\n\t\t\t\t\t<\/div>\n\n\t\n\n\t<div id=\"col-1546428483\" class=\"col medium-10 small-12 large-10\"  >\n\t\t\t\t<div class=\"col-inner text-left\"  >\n\t\t\t\n\t\t\t\n<ul>\n<li>Nos panneaux lumineux LED de la s\u00e9rie TCG sont conditionn\u00e9s dans des caisses en bois renforc\u00e9es afin de les prot\u00e9ger durant le transport. Chaque unit\u00e9 est emball\u00e9e avec soin pour \u00e9viter tout dommage caus\u00e9 par les insectes, les chocs et autres al\u00e9as. Ceci garantit leur durabilit\u00e9 et une livraison en toute s\u00e9curit\u00e9.<\/li>\n<\/ul>\n\t<div class=\"img has-hover x md-x lg-x y md-y lg-y\" id=\"image_288445586\">\n\t\t\t\t\t\t\t\t<div class=\"img-inner dark\" >\n\t\t\t<img loading=\"lazy\" decoding=\"async\" width=\"760\" height=\"1024\" src=\"https:\/\/www.telaled.com\/wp-content\/uploads\/2025\/08\/36123f2c-de60-488d-af81-255cd4aee54a-760x1024.webp\" class=\"attachment-large size-large\" alt=\"\" srcset=\"https:\/\/www.telaled.com\/wp-content\/uploads\/2025\/08\/36123f2c-de60-488d-af81-255cd4aee54a-760x1024.webp 760w, https:\/\/www.telaled.com\/wp-content\/uploads\/2025\/08\/36123f2c-de60-488d-af81-255cd4aee54a-223x300.webp 223w, https:\/\/www.telaled.com\/wp-content\/uploads\/2025\/08\/36123f2c-de60-488d-af81-255cd4aee54a-768x1035.webp 768w, https:\/\/www.telaled.com\/wp-content\/uploads\/2025\/08\/36123f2c-de60-488d-af81-255cd4aee54a-9x12.webp 9w, https:\/\/www.telaled.com\/wp-content\/uploads\/2025\/08\/36123f2c-de60-488d-af81-255cd4aee54a-600x808.webp 600w, https:\/\/www.telaled.com\/wp-content\/uploads\/2025\/08\/36123f2c-de60-488d-af81-255cd4aee54a.webp 795w\" sizes=\"auto, (max-width: 760px) 100vw, 760px\" \/>\t\t\t\t\t\t\n\t\t\t\t\t<\/div>\n\t\t\t\t\t\t\t\t\n<style>\n#image_288445586 {\n  width: 95%;\n}\n<\/style>\n\t<\/div>\n\t\n\n<table id=\"tablepress-39\" class=\"tablepress tablepress-id-39\">\n<thead>\n<tr class=\"row-1\">\n\t<th class=\"column-1\">Application <\/th><th class=\"column-2\">Interne et externe<\/th>\n<\/tr>\n<\/thead>\n<tbody class=\"row-striping row-hover\">\n<tr class=\"row-2\">\n\t<td class=\"column-1\">Type d&#039;\u00e9cran :<\/td><td class=\"column-2\"> \u00c9cran vid\u00e9o LED<\/td>\n<\/tr>\n<tr class=\"row-3\">\n\t<td class=\"column-1\">Taux de mise \u00e0 jour : <\/td><td class=\"column-2\">1920 Hz\/3840 Hz<\/td>\n<\/tr>\n<tr class=\"row-4\">\n\t<td class=\"column-1\">Mat\u00e9riau du bo\u00eetier : <\/td><td class=\"column-2\">Fer\/Aluminium<\/td>\n<\/tr>\n<tr class=\"row-5\">\n\t<td class=\"column-1\">Entretien: <\/td><td class=\"column-2\">Service avant\/Service arri\u00e8re<\/td>\n<\/tr>\n<tr class=\"row-6\">\n\t<td class=\"column-1\">Origine: <\/td><td class=\"column-2\">Shenzhen, Chine<\/td>\n<\/tr>\n<tr class=\"row-7\">\n\t<td class=\"column-1\">Type de fournisseur : <\/td><td class=\"column-2\">Fabricant d&#039;origine, ODM, OEM<\/td>\n<\/tr>\n<tr class=\"row-8\">\n\t<td class=\"column-1\">Pas de pixel (mm) <\/td><td class=\"column-2\">P2.5, P3, P4 PS, P10<\/td>\n<\/tr>\n<tr class=\"row-9\">\n\t<td class=\"column-1\">Composition des pixels : <\/td><td class=\"column-2\">1R1G1B<\/td>\n<\/tr>\n<tr class=\"row-10\">\n\t<td class=\"column-1\">Type de LED : <\/td><td class=\"column-2\">SMD2121<\/td>\n<\/tr>\n<tr class=\"row-11\">\n\t<td class=\"column-1\">Mode de num\u00e9risation\u00a0: <\/td><td class=\"column-2\">32\/16\/8<\/td>\n<\/tr>\n<tr class=\"row-12\">\n\t<td class=\"column-1\">Luminosit\u00e9 (cd\/m\u00b2) <\/td><td class=\"column-2\">1000-1500<\/td>\n<\/tr>\n<tr class=\"row-13\">\n\t<td class=\"column-1\">Emballage pour le transport : <\/td><td class=\"column-2\">Flight-case ou bo\u00eete en bois<\/td>\n<\/tr>\n<tr class=\"row-14\">\n\t<td class=\"column-1\">R\u00e9glage de la luminosit\u00e9 :<\/td><td class=\"column-2\"> 256 niveaux<\/td>\n<\/tr>\n<tr class=\"row-15\">\n\t<td class=\"column-1\">Certification: <\/td><td class=\"column-2\">CE, ROHS, ETL<\/td>\n<\/tr>\n<tr class=\"row-16\">\n\t<td class=\"column-1\">Exp\u00e9dition <\/td><td class=\"column-2\">par Express, Air, Mer<\/td>\n<\/tr>\n<tr class=\"row-17\">\n\t<td class=\"column-1\">Angle de vue : <\/td><td class=\"column-2\">140 degr\u00e9s<\/td>\n<\/tr>\n<tr class=\"row-18\">\n\t<td class=\"column-1\">Dur\u00e9e de vie: <\/td><td class=\"column-2\">50 000 heures<\/td>\n<\/tr>\n<tr class=\"row-19\">\n\t<td class=\"column-1\">Temp\u00e9rature de fonctionnement (\u00b0C)<\/td><td class=\"column-2\"> Entre -40\u00b0C et 80\u00b0C<\/td>\n<\/tr>\n<\/tbody>\n<\/table>\n\n\t\t<\/div>\n\t\t\t\t\t<\/div>\n\n\t\n<\/div>\n\t\t<\/div>\n\t\t\t\t\t<\/div>\n\n\t\n<\/div>","protected":false},"excerpt":{"rendered":"<p><strong>Transformez votre marque avec le panneau de lettres LED de la s\u00e9rie TCG \u2013 Vibrant, dynamique et percutant<\/strong><\/p>\n<p>Valorisez votre marque et vos \u00e9v\u00e9nements avec... <strong><em>Panneau de lettres \u00e0 LED s\u00e9rie TCG<\/em><\/strong> Personnalisables, ces \u00e9crans dynamiques combinent lettres, textes et \u00e9l\u00e9ments graphiques pour cr\u00e9er des visuels \u00e9clatants et attrayants. Id\u00e9aux pour une utilisation int\u00e9rieure et ext\u00e9rieure, ils offrent des animations color\u00e9es et une grande facilit\u00e9 d&#039;utilisation.<\/p>\n<p><strong>Caract\u00e9ristiques principales :<\/strong><\/p>\n<ul>\n<li><strong>\u00c9crans personnalisables\u00a0:<\/strong> Cr\u00e9ez des polices de caract\u00e8res, des animations et des graphismes dynamiques pour tout \u00e9v\u00e9nement ou campagne.<\/li>\n<li><strong>Des visuels de haute qualit\u00e9 :<\/strong> Profitez d&#039;\u00e9crans lumineux et nets m\u00eame en faible luminosit\u00e9 ou en ext\u00e9rieur.<\/li>\n<li><strong>R\u00e9sistant et durable :<\/strong> Con\u00e7u pour durer 50 000 heures et r\u00e9sistant aux hautes temp\u00e9ratures.<\/li>\n<li><strong>Installation et maintenance faciles\u00a0:<\/strong> options d&#039;installation flexibles avec <a href=\"https:\/\/www.telaled.com\/fr\/fabrica\/painel-de-led-para-manutencao-frontal-serie-tib\/\">service de r\u00e9ception<\/a> et un arri\u00e8re simple.<\/li>\n<\/ul>\n<p>Notre \u00e9quipe offre une assistance \u00e0 distance 24h\/24 et 7j\/7 et une garantie de 3 ans. Contactez-nous d\u00e8s aujourd&#039;hui pour un devis personnalis\u00e9.<\/p>","protected":false},"featured_media":3278,"template":"","meta":[],"product_brand":[],"product_cat":[48,40,46],"product_tag":[],"class_list":{"0":"post-3277","1":"product","2":"type-product","3":"status-publish","4":"has-post-thumbnail","6":"product_cat-paineis-personalizados","7":"product_cat-painel-de-led","8":"product_cat-painel-de-video","10":"first","11":"instock","12":"shipping-taxable","13":"product-type-simple"},"yoast_head":"<!-- This site is optimized with the Yoast SEO plugin v27.5 - https:\/\/yoast.com\/product\/yoast-seo-wordpress\/ -->\n<title>Painel de LED Letras S\u00e9rie TCG | Tela LED com Letras Criativas para Eventos e Branding | TELALED<\/title>\n<meta name=\"description\" content=\"As Painel de LED Letras S\u00e9rie TCG s\u00e3o letras personaliz\u00e1veis \u200b\u200bpara exibi\u00e7\u00f5es vibrantes e expressivas em ambientes internos e externos. Explore nossas Telas de LED para Letras de alta qualidade com diferentes densidades de pixels e sistemas de controle flex\u00edveis.\" \/>\n<meta name=\"robots\" content=\"index, follow, max-snippet:-1, max-image-preview:large, max-video-preview:-1\" \/>\n<link rel=\"canonical\" href=\"https:\/\/www.telaled.com\/fr\/fabrica\/painel-de-led-letras-serie-tcg\/\" \/>\n<meta property=\"og:locale\" content=\"fr_FR\" \/>\n<meta property=\"og:type\" content=\"article\" \/>\n<meta property=\"og:title\" content=\"Painel de LED Letras S\u00e9rie TCG | Tela LED com Letras Criativas para Eventos e Branding | TELALED\" \/>\n<meta property=\"og:description\" content=\"As Painel de LED Letras S\u00e9rie TCG s\u00e3o letras personaliz\u00e1veis \u200b\u200bpara exibi\u00e7\u00f5es vibrantes e expressivas em ambientes internos e externos. Explore nossas Telas de LED para Letras de alta qualidade com diferentes densidades de pixels e sistemas de controle flex\u00edveis.\" \/>\n<meta property=\"og:url\" content=\"https:\/\/www.telaled.com\/fr\/fabrica\/painel-de-led-letras-serie-tcg\/\" \/>\n<meta property=\"og:site_name\" content=\"TELALED\" \/>\n<meta property=\"article:modified_time\" content=\"2026-01-06T00:51:09+00:00\" \/>\n<meta property=\"og:image\" content=\"https:\/\/www.telaled.com\/wp-content\/uploads\/2025\/09\/Painel-de-LED-Letras-Serie-TCG.webp\" \/>\n\t<meta property=\"og:image:width\" content=\"500\" \/>\n\t<meta property=\"og:image:height\" content=\"500\" \/>\n\t<meta property=\"og:image:type\" content=\"image\/webp\" \/>\n<meta name=\"twitter:card\" content=\"summary_large_image\" \/>\n<meta name=\"twitter:label1\" content=\"Dur\u00e9e de lecture estim\u00e9e\" \/>\n\t<meta name=\"twitter:data1\" content=\"3 minutes\" \/>\n<script type=\"application\/ld+json\" class=\"yoast-schema-graph\">{\"@context\":\"https:\\\/\\\/schema.org\",\"@graph\":[{\"@type\":\"WebPage\",\"@id\":\"https:\\\/\\\/www.telaled.com\\\/fabrica\\\/painel-de-led-letras-serie-tcg\\\/\",\"url\":\"https:\\\/\\\/www.telaled.com\\\/fabrica\\\/painel-de-led-letras-serie-tcg\\\/\",\"name\":\"Painel de LED Letras S\u00e9rie TCG | Tela LED com Letras Criativas para Eventos e Branding | TELALED\",\"isPartOf\":{\"@id\":\"https:\\\/\\\/www.telaled.com\\\/#website\"},\"primaryImageOfPage\":{\"@id\":\"https:\\\/\\\/www.telaled.com\\\/fabrica\\\/painel-de-led-letras-serie-tcg\\\/#primaryimage\"},\"image\":{\"@id\":\"https:\\\/\\\/www.telaled.com\\\/fabrica\\\/painel-de-led-letras-serie-tcg\\\/#primaryimage\"},\"thumbnailUrl\":\"https:\\\/\\\/www.telaled.com\\\/wp-content\\\/uploads\\\/2025\\\/09\\\/Painel-de-LED-Letras-Serie-TCG.webp\",\"datePublished\":\"2025-09-09T10:03:44+00:00\",\"dateModified\":\"2026-01-06T00:51:09+00:00\",\"description\":\"As Painel de LED Letras S\u00e9rie TCG s\u00e3o letras personaliz\u00e1veis \u200b\u200bpara exibi\u00e7\u00f5es vibrantes e expressivas em ambientes internos e externos. Explore nossas Telas de LED para Letras de alta qualidade com diferentes densidades de pixels e sistemas de controle flex\u00edveis.\",\"breadcrumb\":{\"@id\":\"https:\\\/\\\/www.telaled.com\\\/fabrica\\\/painel-de-led-letras-serie-tcg\\\/#breadcrumb\"},\"inLanguage\":\"fr-FR\",\"potentialAction\":[{\"@type\":\"ReadAction\",\"target\":[\"https:\\\/\\\/www.telaled.com\\\/fabrica\\\/painel-de-led-letras-serie-tcg\\\/\"]}]},{\"@type\":\"ImageObject\",\"inLanguage\":\"fr-FR\",\"@id\":\"https:\\\/\\\/www.telaled.com\\\/fabrica\\\/painel-de-led-letras-serie-tcg\\\/#primaryimage\",\"url\":\"https:\\\/\\\/www.telaled.com\\\/wp-content\\\/uploads\\\/2025\\\/09\\\/Painel-de-LED-Letras-Serie-TCG.webp\",\"contentUrl\":\"https:\\\/\\\/www.telaled.com\\\/wp-content\\\/uploads\\\/2025\\\/09\\\/Painel-de-LED-Letras-Serie-TCG.webp\",\"width\":500,\"height\":500,\"caption\":\"Painel-de-LED-Letras-S\u00e9rie-TCG\"},{\"@type\":\"BreadcrumbList\",\"@id\":\"https:\\\/\\\/www.telaled.com\\\/fabrica\\\/painel-de-led-letras-serie-tcg\\\/#breadcrumb\",\"itemListElement\":[{\"@type\":\"ListItem\",\"position\":1,\"name\":\"Home\",\"item\":\"https:\\\/\\\/www.telaled.com\\\/\"},{\"@type\":\"ListItem\",\"position\":2,\"name\":\"Produtos\",\"item\":\"https:\\\/\\\/www.telaled.com\\\/shop\\\/\"},{\"@type\":\"ListItem\",\"position\":3,\"name\":\"Painel de LED Letras S\u00e9rie TCG\"}]},{\"@type\":\"WebSite\",\"@id\":\"https:\\\/\\\/www.telaled.com\\\/#website\",\"url\":\"https:\\\/\\\/www.telaled.com\\\/\",\"name\":\"TELALED\",\"description\":\"\",\"potentialAction\":[{\"@type\":\"SearchAction\",\"target\":{\"@type\":\"EntryPoint\",\"urlTemplate\":\"https:\\\/\\\/www.telaled.com\\\/?s={search_term_string}\"},\"query-input\":{\"@type\":\"PropertyValueSpecification\",\"valueRequired\":true,\"valueName\":\"search_term_string\"}}],\"inLanguage\":\"fr-FR\"}]}<\/script>\n<!-- \/ Yoast SEO plugin. -->","yoast_head_json":{"title":"Panneau LED \u00e0 lettres s\u00e9rie TCG | \u00c9cran LED avec lettres cr\u00e9atives pour \u00e9v\u00e9nements et branding | TELALED","description":"Les lettres LED de la s\u00e9rie TCG sont personnalisables pour des affichages dynamiques et expressifs, en int\u00e9rieur comme en ext\u00e9rieur. D\u00e9couvrez nos lettres LED de haute qualit\u00e9, avec diff\u00e9rents pas de pixel et des syst\u00e8mes de contr\u00f4le flexibles.","robots":{"index":"index","follow":"follow","max-snippet":"max-snippet:-1","max-image-preview":"max-image-preview:large","max-video-preview":"max-video-preview:-1"},"canonical":"https:\/\/www.telaled.com\/fr\/fabrica\/painel-de-led-letras-serie-tcg\/","og_locale":"fr_FR","og_type":"article","og_title":"Painel de LED Letras S\u00e9rie TCG | Tela LED com Letras Criativas para Eventos e Branding | TELALED","og_description":"As Painel de LED Letras S\u00e9rie TCG s\u00e3o letras personaliz\u00e1veis \u200b\u200bpara exibi\u00e7\u00f5es vibrantes e expressivas em ambientes internos e externos. Explore nossas Telas de LED para Letras de alta qualidade com diferentes densidades de pixels e sistemas de controle flex\u00edveis.","og_url":"https:\/\/www.telaled.com\/fr\/fabrica\/painel-de-led-letras-serie-tcg\/","og_site_name":"TELALED","article_modified_time":"2026-01-06T00:51:09+00:00","og_image":[{"width":500,"height":500,"url":"https:\/\/www.telaled.com\/wp-content\/uploads\/2025\/09\/Painel-de-LED-Letras-Serie-TCG.webp","type":"image\/webp"}],"twitter_card":"summary_large_image","twitter_misc":{"Dur\u00e9e de lecture estim\u00e9e":"3 minutes"},"schema":{"@context":"https:\/\/schema.org","@graph":[{"@type":"WebPage","@id":"https:\/\/www.telaled.com\/fabrica\/painel-de-led-letras-serie-tcg\/","url":"https:\/\/www.telaled.com\/fabrica\/painel-de-led-letras-serie-tcg\/","name":"Panneau LED \u00e0 lettres s\u00e9rie TCG | \u00c9cran LED avec lettres cr\u00e9atives pour \u00e9v\u00e9nements et branding | TELALED","isPartOf":{"@id":"https:\/\/www.telaled.com\/#website"},"primaryImageOfPage":{"@id":"https:\/\/www.telaled.com\/fabrica\/painel-de-led-letras-serie-tcg\/#primaryimage"},"image":{"@id":"https:\/\/www.telaled.com\/fabrica\/painel-de-led-letras-serie-tcg\/#primaryimage"},"thumbnailUrl":"https:\/\/www.telaled.com\/wp-content\/uploads\/2025\/09\/Painel-de-LED-Letras-Serie-TCG.webp","datePublished":"2025-09-09T10:03:44+00:00","dateModified":"2026-01-06T00:51:09+00:00","description":"Les lettres LED de la s\u00e9rie TCG sont personnalisables pour des affichages dynamiques et expressifs, en int\u00e9rieur comme en ext\u00e9rieur. D\u00e9couvrez nos lettres LED de haute qualit\u00e9, avec diff\u00e9rents pas de pixel et des syst\u00e8mes de contr\u00f4le flexibles.","breadcrumb":{"@id":"https:\/\/www.telaled.com\/fabrica\/painel-de-led-letras-serie-tcg\/#breadcrumb"},"inLanguage":"fr-FR","potentialAction":[{"@type":"ReadAction","target":["https:\/\/www.telaled.com\/fabrica\/painel-de-led-letras-serie-tcg\/"]}]},{"@type":"ImageObject","inLanguage":"fr-FR","@id":"https:\/\/www.telaled.com\/fabrica\/painel-de-led-letras-serie-tcg\/#primaryimage","url":"https:\/\/www.telaled.com\/wp-content\/uploads\/2025\/09\/Painel-de-LED-Letras-Serie-TCG.webp","contentUrl":"https:\/\/www.telaled.com\/wp-content\/uploads\/2025\/09\/Painel-de-LED-Letras-Serie-TCG.webp","width":500,"height":500,"caption":"Painel-de-LED-Letras-S\u00e9rie-TCG"},{"@type":"BreadcrumbList","@id":"https:\/\/www.telaled.com\/fabrica\/painel-de-led-letras-serie-tcg\/#breadcrumb","itemListElement":[{"@type":"ListItem","position":1,"name":"Home","item":"https:\/\/www.telaled.com\/"},{"@type":"ListItem","position":2,"name":"Produtos","item":"https:\/\/www.telaled.com\/shop\/"},{"@type":"ListItem","position":3,"name":"Painel de LED Letras S\u00e9rie TCG"}]},{"@type":"WebSite","@id":"https:\/\/www.telaled.com\/#website","url":"https:\/\/www.telaled.com\/","name":"\u00e9cran LED","description":"","potentialAction":[{"@type":"SearchAction","target":{"@type":"EntryPoint","urlTemplate":"https:\/\/www.telaled.com\/?s={search_term_string}"},"query-input":{"@type":"PropertyValueSpecification","valueRequired":true,"valueName":"search_term_string"}}],"inLanguage":"fr-FR"}]}},"_links":{"self":[{"href":"https:\/\/www.telaled.com\/fr\/wp-json\/wp\/v2\/product\/3277","targetHints":{"allow":["GET"]}}],"collection":[{"href":"https:\/\/www.telaled.com\/fr\/wp-json\/wp\/v2\/product"}],"about":[{"href":"https:\/\/www.telaled.com\/fr\/wp-json\/wp\/v2\/types\/product"}],"wp:featuredmedia":[{"embeddable":true,"href":"https:\/\/www.telaled.com\/fr\/wp-json\/wp\/v2\/media\/3278"}],"wp:attachment":[{"href":"https:\/\/www.telaled.com\/fr\/wp-json\/wp\/v2\/media?parent=3277"}],"wp:term":[{"taxonomy":"product_brand","embeddable":true,"href":"https:\/\/www.telaled.com\/fr\/wp-json\/wp\/v2\/product_brand?post=3277"},{"taxonomy":"product_cat","embeddable":true,"href":"https:\/\/www.telaled.com\/fr\/wp-json\/wp\/v2\/product_cat?post=3277"},{"taxonomy":"product_tag","embeddable":true,"href":"https:\/\/www.telaled.com\/fr\/wp-json\/wp\/v2\/product_tag?post=3277"}],"curies":[{"name":"wp","href":"https:\/\/api.w.org\/{rel}","templated":true}]}}