{"id":2902,"date":"2025-08-08T01:45:40","date_gmt":"2025-08-08T01:45:40","guid":{"rendered":"https:\/\/www.telaled.com\/?post_type=product&#038;p=2902"},"modified":"2026-01-05T04:05:22","modified_gmt":"2026-01-05T04:05:22","slug":"painel-de-led-hd-serie-tho","status":"publish","type":"product","link":"https:\/\/www.telaled.com\/fr\/fabrica\/painel-de-led-hd-serie-tho\/","title":{"rendered":"Panneau LED HD s\u00e9rie THO"},"content":{"rendered":"<div class=\"row\"  id=\"row-2038610741\">\n\n\t<div id=\"col-760428186\" class=\"col small-12 large-12\"  >\n\t\t\t\t<div class=\"col-inner\"  >\n\t\t\t\n\t\t\t\n<h2>Avantages exclusifs du panneau LED HD de la s\u00e9rie THO<\/h2>\n<h3><strong>Durabilit\u00e9 sup\u00e9rieure<\/strong><\/h3>\n<ul>\n<li>Fabriqu\u00e9 \u00e0 partir de mat\u00e9riaux \u00e0 haute r\u00e9sistance et r\u00e9sistants \u00e0 la corrosion, le bo\u00eetier mince de 38 mm reste rigide et stable, emp\u00eachant la d\u00e9formation et maintenant un alignement pr\u00e9cis au fil du temps.<\/li>\n<li>Un design <a href=\"https:\/\/www.telaled.com\/fr\/fabrica\/painel-de-led-cob-serie-tha\/\">\u00c9PI<\/a> Le rev\u00eatement en r\u00e9sine prot\u00e8ge les LED de la poussi\u00e8re, de l&#039;humidit\u00e9 et des chocs, r\u00e9duisant ainsi les dommages aux pixels et maintenant une qualit\u00e9 d&#039;image constante avec un minimum d&#039;entretien.<\/li>\n<\/ul>\n<h3><strong>Qualit\u00e9 visuelle exceptionnelle<\/strong><\/h3>\n<ul>\n<li>Bien <a href=\"https:\/\/www.telaled.com\/fr\/pixel-pitch\/\">Pas de pixel<\/a> Les options 1,25 mm et 1,56 mm offrent des d\u00e9tails nets et un texte clair pour une visualisation de haute pr\u00e9cision.<\/li>\n<li>Couleurs r\u00e9alistes : la technologie COB am\u00e9liore la pr\u00e9cision des couleurs et la coh\u00e9rence de la luminosit\u00e9 sur l&#039;\u00e9cran.<\/li>\n<li>Contraste \u00e9lev\u00e9 : r\u00e9duit l&#039;\u00e9blouissement et augmente la profondeur, ce qui rend les visuels plus faciles \u00e0 lire sous n&#039;importe quel \u00e9clairage.<\/li>\n<\/ul>\n<h3><strong>Adaptabilit\u00e9 compl\u00e8te<\/strong><\/h3>\n<ul>\n<li>Applications polyvalentes : id\u00e9al pour les salles de contr\u00f4le, les centres de commandement, les salles de conf\u00e9rence et les configurations d&#039;affichage de haute pr\u00e9cision.<\/li>\n<li>Int\u00e9gration flexible : la conception mince et multifonctionnelle s&#039;adapte \u00e0 une vari\u00e9t\u00e9 de configurations, rempla\u00e7ant les configurations multi-\u00e9crans sans n\u00e9cessiter de mat\u00e9riel suppl\u00e9mentaire.<\/li>\n<li>Fiable dans les environnements exigeants : la double alimentation et la sauvegarde des donn\u00e9es permettent un fonctionnement continu dans les situations critiques.<\/li>\n<\/ul>\n<h3><strong>Assistance compl\u00e8te<\/strong><\/h3>\n<ul>\n<li>Assistance technique \u00e0 distance 24h\/24 et 7j\/7 : obtenez de l&#039;aide quand vous en avez besoin, o\u00f9 que vous soyez.<\/li>\n<li>5% de pi\u00e8ces de rechange fournies : Chaque exp\u00e9dition comprend des composants suppl\u00e9mentaires pour plus de fiabilit\u00e9 et de tranquillit\u00e9 d&#039;esprit.<\/li>\n<li>Garantie \u00e9tendue de 3 ans : b\u00e9n\u00e9ficiez d&#039;une protection \u00e0 long terme pour de meilleures performances et un support fiable.<\/li>\n<\/ul>\n<h2>D\u00e9tails du produit<\/h2>\n<div class=\"row\"  id=\"row-1177362755\">\n\n\t<div id=\"col-1016271931\" class=\"col medium-10 small-12 large-10\"  >\n\t\t\t\t<div class=\"col-inner text-left\"  >\n\t\t\t\n\t\t\t\n<ul>\n<li>Con\u00e7us pour un acc\u00e8s frontal, les modules LED 100% utilisent une fixation magn\u00e9tique pour un entretien rapide. Le cadre du panneau peut \u00eatre fix\u00e9 directement au mur en contreplaqu\u00e9 \u00e0 l&#039;aide de vis. Des barres de fixation sont fournies pour un positionnement pr\u00e9cis et une installation s\u00e9curis\u00e9e.<\/li>\n<\/ul>\n\t<div class=\"img has-hover x md-x lg-x y md-y lg-y\" id=\"image_974892832\">\n\t\t\t\t\t\t\t\t<div class=\"img-inner dark\" >\n\t\t\t<img loading=\"lazy\" decoding=\"async\" width=\"1000\" height=\"560\" src=\"https:\/\/www.telaled.com\/wp-content\/uploads\/2025\/08\/Montagem-direta-na-parede.webp\" class=\"attachment-original size-original\" alt=\"Montage mural direct\" srcset=\"https:\/\/www.telaled.com\/wp-content\/uploads\/2025\/08\/Montagem-direta-na-parede.webp 1000w, https:\/\/www.telaled.com\/wp-content\/uploads\/2025\/08\/Montagem-direta-na-parede-300x168.webp 300w, https:\/\/www.telaled.com\/wp-content\/uploads\/2025\/08\/Montagem-direta-na-parede-768x430.webp 768w, https:\/\/www.telaled.com\/wp-content\/uploads\/2025\/08\/Montagem-direta-na-parede-18x10.webp 18w, https:\/\/www.telaled.com\/wp-content\/uploads\/2025\/08\/Montagem-direta-na-parede-600x336.webp 600w\" sizes=\"auto, (max-width: 1000px) 100vw, 1000px\" \/>\t\t\t\t\t\t\n\t\t\t\t\t<\/div>\n\t\t\t\t\t\t\t\t\n<style>\n#image_974892832 {\n  width: 95%;\n}\n<\/style>\n\t<\/div>\n\t\n\t\t<\/div>\n\t\t\t\t\t<\/div>\n\n\t\n\n\t<div id=\"col-221027300\" class=\"col medium-10 small-12 large-10\"  >\n\t\t\t\t<div class=\"col-inner text-left\"  >\n\t\t\t\n\t\t\t\n<ul>\n<li>L&#039;\u00e9cran 21:9 offre plus d&#039;espace horizontal pour le multit\u00e2che, la cr\u00e9ation, les jeux et les films. Il offre un affichage plus large sans bandes noires et peut remplacer les configurations \u00e0 deux \u00e9crans.<\/li>\n<\/ul>\n\t<div class=\"img has-hover x md-x lg-x y md-y lg-y\" id=\"image_125065343\">\n\t\t\t\t\t\t\t\t<div class=\"img-inner dark\" >\n\t\t\t<img loading=\"lazy\" decoding=\"async\" width=\"640\" height=\"430\" src=\"https:\/\/www.telaled.com\/wp-content\/uploads\/2025\/08\/Proporcao-de-aspecto-ultra-amplo.webp\" class=\"attachment-large size-large\" alt=\"Format d&#039;image ultra-large\" srcset=\"https:\/\/www.telaled.com\/wp-content\/uploads\/2025\/08\/Proporcao-de-aspecto-ultra-amplo.webp 640w, https:\/\/www.telaled.com\/wp-content\/uploads\/2025\/08\/Proporcao-de-aspecto-ultra-amplo-300x202.webp 300w, https:\/\/www.telaled.com\/wp-content\/uploads\/2025\/08\/Proporcao-de-aspecto-ultra-amplo-18x12.webp 18w, https:\/\/www.telaled.com\/wp-content\/uploads\/2025\/08\/Proporcao-de-aspecto-ultra-amplo-600x403.webp 600w\" sizes=\"auto, (max-width: 640px) 100vw, 640px\" \/>\t\t\t\t\t\t\n\t\t\t\t\t<\/div>\n\t\t\t\t\t\t\t\t\n<style>\n#image_125065343 {\n  width: 95%;\n}\n<\/style>\n\t<\/div>\n\t\n<ul>\n<li>Les doubles sauvegardes d&#039;alimentation et de donn\u00e9es maintiennent des performances stables et fiables, id\u00e9ales pour les salles de contr\u00f4le et autres environnements \u00e0 forte demande o\u00f9 les temps d&#039;arr\u00eat ne sont pas une option.<\/li>\n<\/ul>\n\t<div class=\"img has-hover x md-x lg-x y md-y lg-y\" id=\"image_1878810230\">\n\t\t\t\t\t\t\t\t<div class=\"img-inner dark\" >\n\t\t\t<img loading=\"lazy\" decoding=\"async\" width=\"1020\" height=\"434\" src=\"https:\/\/www.telaled.com\/wp-content\/uploads\/2025\/08\/Backup-duplo-e-redundancia-1024x436.jpg\" class=\"attachment-large size-large\" alt=\"Double sauvegarde et redondance\" srcset=\"https:\/\/www.telaled.com\/wp-content\/uploads\/2025\/08\/Backup-duplo-e-redundancia-1024x436.jpg 1024w, https:\/\/www.telaled.com\/wp-content\/uploads\/2025\/08\/Backup-duplo-e-redundancia-300x128.jpg 300w, https:\/\/www.telaled.com\/wp-content\/uploads\/2025\/08\/Backup-duplo-e-redundancia-768x327.jpg 768w, https:\/\/www.telaled.com\/wp-content\/uploads\/2025\/08\/Backup-duplo-e-redundancia-18x8.jpg 18w, https:\/\/www.telaled.com\/wp-content\/uploads\/2025\/08\/Backup-duplo-e-redundancia-600x256.jpg 600w, https:\/\/www.telaled.com\/wp-content\/uploads\/2025\/08\/Backup-duplo-e-redundancia.jpg 1099w\" sizes=\"auto, (max-width: 1020px) 100vw, 1020px\" \/>\t\t\t\t\t\t\n\t\t\t\t\t<\/div>\n\t\t\t\t\t\t\t\t\n<style>\n#image_1878810230 {\n  width: 95%;\n}\n<\/style>\n\t<\/div>\n\t\n\t\t<\/div>\n\t\t\t\t\t<\/div>\n\n\t\n\n\t<div id=\"col-1597662030\" class=\"col medium-10 small-12 large-10\"  >\n\t\t\t\t<div class=\"col-inner text-left\"  >\n\t\t\t\n\t\t\t\n<ul>\n<li>Les \u00e9crans LED sont conditionn\u00e9s en fonction de leur type et de leur application. Les unit\u00e9s d&#039;affichage compl\u00e8tes sont emball\u00e9es dans des caisses en bois pour une stabilit\u00e9 maximale, tandis que les modules LED sont exp\u00e9di\u00e9s dans des cartons. Les \u00e9crans Renmtal b\u00e9n\u00e9ficient d&#039;un traitement sp\u00e9cial, g\u00e9n\u00e9ralement emball\u00e9s dans des caisses pour transport a\u00e9rien ou de simples bo\u00eetes renforc\u00e9es par des cadres en bois pour une protection accrue.<\/li>\n<\/ul>\n\t<div class=\"img has-hover x md-x lg-x y md-y lg-y\" id=\"image_116379785\">\n\t\t\t\t\t\t\t\t<div class=\"img-inner dark\" >\n\t\t\t<img loading=\"lazy\" decoding=\"async\" width=\"760\" height=\"1024\" src=\"https:\/\/www.telaled.com\/wp-content\/uploads\/2025\/06\/Embalagem-760x1024.webp\" class=\"attachment-large size-large\" alt=\"Conditionnement\" srcset=\"https:\/\/www.telaled.com\/wp-content\/uploads\/2025\/06\/Embalagem-760x1024.webp 760w, https:\/\/www.telaled.com\/wp-content\/uploads\/2025\/06\/Embalagem-223x300.webp 223w, https:\/\/www.telaled.com\/wp-content\/uploads\/2025\/06\/Embalagem-768x1035.webp 768w, https:\/\/www.telaled.com\/wp-content\/uploads\/2025\/06\/Embalagem-9x12.webp 9w, https:\/\/www.telaled.com\/wp-content\/uploads\/2025\/06\/Embalagem-600x808.webp 600w, https:\/\/www.telaled.com\/wp-content\/uploads\/2025\/06\/Embalagem.webp 795w\" sizes=\"auto, (max-width: 760px) 100vw, 760px\" \/>\t\t\t\t\t\t\n\t\t\t\t\t<\/div>\n\t\t\t\t\t\t\t\t\n<style>\n#image_116379785 {\n  width: 95%;\n}\n<\/style>\n\t<\/div>\n\t\n\t\t<\/div>\n\t\t\t\t\t<\/div>\n\n\t\n<\/div>\n\t\t<\/div>\n\t\t\t\t\t<\/div>\n\n\t\n\n\t<div id=\"col-1939754295\" class=\"col small-12 large-12\"  >\n\t\t\t\t<div class=\"col-inner\"  >\n\t\t\t\n\t\t\t\n<div class=\"row\"  id=\"row-1767596247\">\n\n\t<div id=\"col-1436080939\" class=\"col medium-10 small-12 large-10\"  >\n\t\t\t\t<div class=\"col-inner\"  >\n\t\t\t\n\t\t\t\n\n<table id=\"tablepress-56\" class=\"tablepress tablepress-id-56\">\n<thead>\n<tr class=\"row-1\">\n\t<th class=\"column-1\">Mod\u00e8le<\/th><th class=\"column-2\">THO 1,25<\/th><th class=\"column-3\">THO 1,56<\/th>\n<\/tr>\n<\/thead>\n<tbody class=\"row-striping row-hover\">\n<tr class=\"row-2\">\n\t<td class=\"column-1\">Pas de pixel (mm)<\/td><td class=\"column-2\">1.25<\/td><td class=\"column-3\">1.56<\/td>\n<\/tr>\n<tr class=\"row-3\">\n\t<td class=\"column-1\">R\u00e9solution du Cabinet (L\u00d7A)<\/td><td class=\"column-2\">640\u00d7270<\/td><td class=\"column-3\">512\u00d7216<\/td>\n<\/tr>\n<tr class=\"row-4\">\n\t<td class=\"column-1\">Taille du module (mm) (L \u00d7 H)<\/td><td class=\"column-2\">200\u00d7337,5<\/td><td class=\"column-3\">200\u00d7337,5<\/td>\n<\/tr>\n<tr class=\"row-5\">\n\t<td class=\"column-1\">Dimensions de l&#039;armoire (mm) (L \u00d7 H \u00d7 P)<\/td><td class=\"column-2\">800\u00d7337,5\u00d738<\/td><td class=\"column-3\">800\u00d7337,5\u00d738<\/td>\n<\/tr>\n<tr class=\"row-6\">\n\t<td class=\"column-1\">Luminosit\u00e9 (nits)<\/td><td class=\"column-2\">Luminosit\u00e9 standard \u22641500 Haute luminosit\u00e9 \u22643500<\/td><td class=\"column-3\">Luminosit\u00e9 standard \u22641500 Haute luminosit\u00e9 \u22643500<\/td>\n<\/tr>\n<tr class=\"row-7\">\n\t<td class=\"column-1\">Niveaux de gris (bits)<\/td><td class=\"column-2\">14~16<\/td><td class=\"column-3\">14~16<\/td>\n<\/tr>\n<tr class=\"row-8\">\n\t<td class=\"column-1\">Calibrage des pixels<\/td><td class=\"column-2\">Prise en charge de l&#039;\u00e9talonnage de la luminosit\u00e9 et des couleurs<\/td><td class=\"column-3\">Prise en charge de l&#039;\u00e9talonnage de la luminosit\u00e9 et des couleurs<\/td>\n<\/tr>\n<tr class=\"row-9\">\n\t<td class=\"column-1\">Temp\u00e9rature de couleur (K)<\/td><td class=\"column-2\">2000~12000 (r\u00e9glable)<\/td><td class=\"column-3\">2000~12000 (r\u00e9glable)<\/td>\n<\/tr>\n<tr class=\"row-10\">\n\t<td class=\"column-1\">Syst\u00e8me de contr\u00f4le<\/td><td class=\"column-2\">Contr\u00f4le synchrone<\/td><td class=\"column-3\">Contr\u00f4le synchrone<\/td>\n<\/tr>\n<tr class=\"row-11\">\n\t<td class=\"column-1\">Mode de conduite<\/td><td class=\"column-2\">Variateur \u00e0 courant constant (compatible)<\/td><td class=\"column-3\">Variateur \u00e0 courant constant (compatible)<\/td>\n<\/tr>\n<tr class=\"row-12\">\n\t<td class=\"column-1\">Fr\u00e9quence d&#039;images (Hz)<\/td><td class=\"column-2\">50\/60<\/td><td class=\"column-3\">50\/60<\/td>\n<\/tr>\n<tr class=\"row-13\">\n\t<td class=\"column-1\">Taux de rafra\u00eechissement (Hz)<\/td><td class=\"column-2\">\u22653840<\/td><td class=\"column-3\">\u22653840<\/td>\n<\/tr>\n<tr class=\"row-14\">\n\t<td class=\"column-1\">Tension de fonctionnement (V)<\/td><td class=\"column-2\">CA 100~240 V (50~60 Hz)<\/td><td class=\"column-3\">CA 100~240 V (50~60 Hz)<\/td>\n<\/tr>\n<tr class=\"row-15\">\n\t<td class=\"column-1\">Consommation \u00e9nerg\u00e9tique maximale (W\/m\u00b2)<\/td><td class=\"column-2\">\u2264450<\/td><td class=\"column-3\">\u2264450<\/td>\n<\/tr>\n<tr class=\"row-16\">\n\t<td class=\"column-1\">Consommation \u00e9nerg\u00e9tique moyenne (W\/m\u00b2)<\/td><td class=\"column-2\">\u2264180<\/td><td class=\"column-3\">\u2264180<\/td>\n<\/tr>\n<tr class=\"row-17\">\n\t<td class=\"column-1\">Dur\u00e9e de vie utile (H)<\/td><td class=\"column-2\">\u2264 100 000<\/td><td class=\"column-3\">\u2264 100 000<\/td>\n<\/tr>\n<tr class=\"row-18\">\n\t<td class=\"column-1\">Temp\u00e9rature de fonctionnement (\u00b0C \/ \u00b0F)<\/td><td class=\"column-2\">-10~+40 \/ +14~+104<\/td><td class=\"column-3\">-10~+40 \/ +14~+104<\/td>\n<\/tr>\n<tr class=\"row-19\">\n\t<td class=\"column-1\">Temp\u00e9rature de stockage (\u00b0C \/ \u00b0F)<\/td><td class=\"column-2\">-20~+60 \/ -4~+140<\/td><td class=\"column-3\">-20~+60 \/ -4~+140<\/td>\n<\/tr>\n<tr class=\"row-20\">\n\t<td class=\"column-1\">Humidit\u00e9 de fonctionnement<\/td><td class=\"column-2\">10%~80%<\/td><td class=\"column-3\">10%~80%<\/td>\n<\/tr>\n<tr class=\"row-21\">\n\t<td class=\"column-1\">Poids de l&#039;armoire (kg\/lb)<\/td><td class=\"column-2\">6.8 \/ 15<\/td><td class=\"column-3\">6.8 \/ 15<\/td>\n<\/tr>\n<\/tbody>\n<\/table>\n<!-- #tablepress-56 from cache -->\n\t\t<\/div>\n\t\t\t\t\t<\/div>\n\n\t\n<\/div>\n\t\t<\/div>\n\t\t\t\t\t<\/div>\n\n\t\n<\/div>","protected":false},"excerpt":{"rendered":"<p><strong>\u00c9cran LED HD s\u00e9rie THO : \u00e9cran LED tout-en-un, grand format, performances de pr\u00e9cision.<\/strong><\/p>\n<p>Dot\u00e9 d&#039;un format d&#039;image ultra-large de 21:9, il constitue une alternative id\u00e9ale aux configurations \u00e0 deux \u00e9crans dans les salles de contr\u00f4le, les centres de commandement et les environnements exigeants. Gr\u00e2ce \u00e0 ses pixels fins, il offre des images nettes et d\u00e9taill\u00e9es.<\/p>\n<p><strong>Caract\u00e9ristiques principales :<\/strong><\/p>\n<ul>\n<li><strong>Visuels haute d\u00e9finition\u00a0:<\/strong> pixels fins de <a href=\"https:\/\/www.telaled.com\/fr\/fabrica\/modulo-painel-de-led-p1-25\/\">1,25 mm<\/a> et <a href=\"https:\/\/www.telaled.com\/fr\/fabrica\/modulo-painel-de-led-p1-56\/\">1,56 mm<\/a> Ils garantissent des images nettes et un texte clair pour les applications comportant de nombreux d\u00e9tails.<\/li>\n<li><strong>Conception compacte :<\/strong> Sa structure compl\u00e8te simplifie l&#039;installation et \u00e9limine le besoin de plusieurs \u00e9crans.<\/li>\n<li><strong>Ing\u00e9nierie de pr\u00e9cision :<\/strong> La taille compacte du module (200 x 337,5 mm) et la faible profondeur du bo\u00eetier (38 mm) cr\u00e9ent une configuration \u00e9l\u00e9gante et professionnelle.<\/li>\n<\/ul>\n<p>Nous offrons une assistance \u00e0 distance 24h\/24 et 7j\/7 et une garantie de 3 ans. Contactez-nous d\u00e8s aujourd&#039;hui pour un devis personnalis\u00e9.<\/p>","protected":false},"featured_media":2903,"template":"","meta":[],"product_brand":[],"product_cat":[40,46],"product_tag":[],"class_list":{"0":"post-2902","1":"product","2":"type-product","3":"status-publish","4":"has-post-thumbnail","6":"product_cat-painel-de-led","7":"product_cat-painel-de-video","9":"first","10":"instock","11":"shipping-taxable","12":"product-type-simple"},"yoast_head":"<!-- This site is optimized with the Yoast SEO plugin v27.5 - https:\/\/yoast.com\/product\/yoast-seo-wordpress\/ -->\n<title>Painel de LED HD S\u00e9rie THO | Tela de Alta Resolu\u00e7\u00e3o para Imagens N\u00edtidas |TELALED<\/title>\n<meta name=\"description\" content=\"Aprimore seus recursos visuais com o painel LED HD da s\u00e9rie THO. Projetado para uso interno, ele oferece alta resolu\u00e7\u00e3o, cores vibrantes e desempenho suave para eventos, salas de controle e displays publicit\u00e1rios.\" \/>\n<meta name=\"robots\" content=\"index, follow, max-snippet:-1, max-image-preview:large, max-video-preview:-1\" \/>\n<link rel=\"canonical\" href=\"https:\/\/www.telaled.com\/fr\/fabrica\/painel-de-led-hd-serie-tho\/\" \/>\n<meta property=\"og:locale\" content=\"fr_FR\" \/>\n<meta property=\"og:type\" content=\"article\" \/>\n<meta property=\"og:title\" content=\"Painel de LED HD S\u00e9rie THO | Tela de Alta Resolu\u00e7\u00e3o para Imagens N\u00edtidas |TELALED\" \/>\n<meta property=\"og:description\" content=\"Aprimore seus recursos visuais com o painel LED HD da s\u00e9rie THO. Projetado para uso interno, ele oferece alta resolu\u00e7\u00e3o, cores vibrantes e desempenho suave para eventos, salas de controle e displays publicit\u00e1rios.\" \/>\n<meta property=\"og:url\" content=\"https:\/\/www.telaled.com\/fr\/fabrica\/painel-de-led-hd-serie-tho\/\" \/>\n<meta property=\"og:site_name\" content=\"TELALED\" \/>\n<meta property=\"article:modified_time\" content=\"2026-01-05T04:05:22+00:00\" \/>\n<meta property=\"og:image\" content=\"https:\/\/www.telaled.com\/wp-content\/uploads\/2025\/08\/Painel-de-LED-HD-Serie-THO.webp\" \/>\n\t<meta property=\"og:image:width\" content=\"500\" \/>\n\t<meta property=\"og:image:height\" content=\"500\" \/>\n\t<meta property=\"og:image:type\" content=\"image\/webp\" \/>\n<meta name=\"twitter:card\" content=\"summary_large_image\" \/>\n<meta name=\"twitter:label1\" content=\"Dur\u00e9e de lecture estim\u00e9e\" \/>\n\t<meta name=\"twitter:data1\" content=\"3 minutes\" \/>\n<script type=\"application\/ld+json\" class=\"yoast-schema-graph\">{\"@context\":\"https:\\\/\\\/schema.org\",\"@graph\":[{\"@type\":\"WebPage\",\"@id\":\"https:\\\/\\\/www.telaled.com\\\/fabrica\\\/painel-de-led-hd-serie-tho\\\/\",\"url\":\"https:\\\/\\\/www.telaled.com\\\/fabrica\\\/painel-de-led-hd-serie-tho\\\/\",\"name\":\"Painel de LED HD S\u00e9rie THO | Tela de Alta Resolu\u00e7\u00e3o para Imagens N\u00edtidas |TELALED\",\"isPartOf\":{\"@id\":\"https:\\\/\\\/www.telaled.com\\\/#website\"},\"primaryImageOfPage\":{\"@id\":\"https:\\\/\\\/www.telaled.com\\\/fabrica\\\/painel-de-led-hd-serie-tho\\\/#primaryimage\"},\"image\":{\"@id\":\"https:\\\/\\\/www.telaled.com\\\/fabrica\\\/painel-de-led-hd-serie-tho\\\/#primaryimage\"},\"thumbnailUrl\":\"https:\\\/\\\/www.telaled.com\\\/wp-content\\\/uploads\\\/2025\\\/08\\\/Painel-de-LED-HD-Serie-THO.webp\",\"datePublished\":\"2025-08-08T01:45:40+00:00\",\"dateModified\":\"2026-01-05T04:05:22+00:00\",\"description\":\"Aprimore seus recursos visuais com o painel LED HD da s\u00e9rie THO. Projetado para uso interno, ele oferece alta resolu\u00e7\u00e3o, cores vibrantes e desempenho suave para eventos, salas de controle e displays publicit\u00e1rios.\",\"breadcrumb\":{\"@id\":\"https:\\\/\\\/www.telaled.com\\\/fabrica\\\/painel-de-led-hd-serie-tho\\\/#breadcrumb\"},\"inLanguage\":\"fr-FR\",\"potentialAction\":[{\"@type\":\"ReadAction\",\"target\":[\"https:\\\/\\\/www.telaled.com\\\/fabrica\\\/painel-de-led-hd-serie-tho\\\/\"]}]},{\"@type\":\"ImageObject\",\"inLanguage\":\"fr-FR\",\"@id\":\"https:\\\/\\\/www.telaled.com\\\/fabrica\\\/painel-de-led-hd-serie-tho\\\/#primaryimage\",\"url\":\"https:\\\/\\\/www.telaled.com\\\/wp-content\\\/uploads\\\/2025\\\/08\\\/Painel-de-LED-HD-Serie-THO.webp\",\"contentUrl\":\"https:\\\/\\\/www.telaled.com\\\/wp-content\\\/uploads\\\/2025\\\/08\\\/Painel-de-LED-HD-Serie-THO.webp\",\"width\":500,\"height\":500,\"caption\":\"Painel-de-LED-HD-S\u00e9rie-THO\"},{\"@type\":\"BreadcrumbList\",\"@id\":\"https:\\\/\\\/www.telaled.com\\\/fabrica\\\/painel-de-led-hd-serie-tho\\\/#breadcrumb\",\"itemListElement\":[{\"@type\":\"ListItem\",\"position\":1,\"name\":\"Home\",\"item\":\"https:\\\/\\\/www.telaled.com\\\/\"},{\"@type\":\"ListItem\",\"position\":2,\"name\":\"Produtos\",\"item\":\"https:\\\/\\\/www.telaled.com\\\/shop\\\/\"},{\"@type\":\"ListItem\",\"position\":3,\"name\":\"Painel de LED HD S\u00e9rie THO\"}]},{\"@type\":\"WebSite\",\"@id\":\"https:\\\/\\\/www.telaled.com\\\/#website\",\"url\":\"https:\\\/\\\/www.telaled.com\\\/\",\"name\":\"TELALED\",\"description\":\"\",\"potentialAction\":[{\"@type\":\"SearchAction\",\"target\":{\"@type\":\"EntryPoint\",\"urlTemplate\":\"https:\\\/\\\/www.telaled.com\\\/?s={search_term_string}\"},\"query-input\":{\"@type\":\"PropertyValueSpecification\",\"valueRequired\":true,\"valueName\":\"search_term_string\"}}],\"inLanguage\":\"fr-FR\"}]}<\/script>\n<!-- \/ Yoast SEO plugin. -->","yoast_head_json":{"title":"Panneau LED HD s\u00e9rie THO | \u00c9cran haute r\u00e9solution pour des images nettes | TELALED","description":"Am\u00e9liorez vos visuels avec l&#039;\u00e9cran LED HD de la s\u00e9rie THO. Con\u00e7u pour une utilisation en int\u00e9rieur, il offre une haute r\u00e9solution, des couleurs \u00e9clatantes et des performances fluides pour les \u00e9v\u00e9nements, les salles de contr\u00f4le et les affichages publicitaires.","robots":{"index":"index","follow":"follow","max-snippet":"max-snippet:-1","max-image-preview":"max-image-preview:large","max-video-preview":"max-video-preview:-1"},"canonical":"https:\/\/www.telaled.com\/fr\/fabrica\/painel-de-led-hd-serie-tho\/","og_locale":"fr_FR","og_type":"article","og_title":"Painel de LED HD S\u00e9rie THO | Tela de Alta Resolu\u00e7\u00e3o para Imagens N\u00edtidas |TELALED","og_description":"Aprimore seus recursos visuais com o painel LED HD da s\u00e9rie THO. Projetado para uso interno, ele oferece alta resolu\u00e7\u00e3o, cores vibrantes e desempenho suave para eventos, salas de controle e displays publicit\u00e1rios.","og_url":"https:\/\/www.telaled.com\/fr\/fabrica\/painel-de-led-hd-serie-tho\/","og_site_name":"TELALED","article_modified_time":"2026-01-05T04:05:22+00:00","og_image":[{"width":500,"height":500,"url":"https:\/\/www.telaled.com\/wp-content\/uploads\/2025\/08\/Painel-de-LED-HD-Serie-THO.webp","type":"image\/webp"}],"twitter_card":"summary_large_image","twitter_misc":{"Dur\u00e9e de lecture estim\u00e9e":"3 minutes"},"schema":{"@context":"https:\/\/schema.org","@graph":[{"@type":"WebPage","@id":"https:\/\/www.telaled.com\/fabrica\/painel-de-led-hd-serie-tho\/","url":"https:\/\/www.telaled.com\/fabrica\/painel-de-led-hd-serie-tho\/","name":"Panneau LED HD s\u00e9rie THO | \u00c9cran haute r\u00e9solution pour des images nettes | TELALED","isPartOf":{"@id":"https:\/\/www.telaled.com\/#website"},"primaryImageOfPage":{"@id":"https:\/\/www.telaled.com\/fabrica\/painel-de-led-hd-serie-tho\/#primaryimage"},"image":{"@id":"https:\/\/www.telaled.com\/fabrica\/painel-de-led-hd-serie-tho\/#primaryimage"},"thumbnailUrl":"https:\/\/www.telaled.com\/wp-content\/uploads\/2025\/08\/Painel-de-LED-HD-Serie-THO.webp","datePublished":"2025-08-08T01:45:40+00:00","dateModified":"2026-01-05T04:05:22+00:00","description":"Am\u00e9liorez vos visuels avec l&#039;\u00e9cran LED HD de la s\u00e9rie THO. Con\u00e7u pour une utilisation en int\u00e9rieur, il offre une haute r\u00e9solution, des couleurs \u00e9clatantes et des performances fluides pour les \u00e9v\u00e9nements, les salles de contr\u00f4le et les affichages publicitaires.","breadcrumb":{"@id":"https:\/\/www.telaled.com\/fabrica\/painel-de-led-hd-serie-tho\/#breadcrumb"},"inLanguage":"fr-FR","potentialAction":[{"@type":"ReadAction","target":["https:\/\/www.telaled.com\/fabrica\/painel-de-led-hd-serie-tho\/"]}]},{"@type":"ImageObject","inLanguage":"fr-FR","@id":"https:\/\/www.telaled.com\/fabrica\/painel-de-led-hd-serie-tho\/#primaryimage","url":"https:\/\/www.telaled.com\/wp-content\/uploads\/2025\/08\/Painel-de-LED-HD-Serie-THO.webp","contentUrl":"https:\/\/www.telaled.com\/wp-content\/uploads\/2025\/08\/Painel-de-LED-HD-Serie-THO.webp","width":500,"height":500,"caption":"Painel-de-LED-HD-S\u00e9rie-THO"},{"@type":"BreadcrumbList","@id":"https:\/\/www.telaled.com\/fabrica\/painel-de-led-hd-serie-tho\/#breadcrumb","itemListElement":[{"@type":"ListItem","position":1,"name":"Home","item":"https:\/\/www.telaled.com\/"},{"@type":"ListItem","position":2,"name":"Produtos","item":"https:\/\/www.telaled.com\/shop\/"},{"@type":"ListItem","position":3,"name":"Painel de LED HD S\u00e9rie THO"}]},{"@type":"WebSite","@id":"https:\/\/www.telaled.com\/#website","url":"https:\/\/www.telaled.com\/","name":"\u00e9cran LED","description":"","potentialAction":[{"@type":"SearchAction","target":{"@type":"EntryPoint","urlTemplate":"https:\/\/www.telaled.com\/?s={search_term_string}"},"query-input":{"@type":"PropertyValueSpecification","valueRequired":true,"valueName":"search_term_string"}}],"inLanguage":"fr-FR"}]}},"_links":{"self":[{"href":"https:\/\/www.telaled.com\/fr\/wp-json\/wp\/v2\/product\/2902","targetHints":{"allow":["GET"]}}],"collection":[{"href":"https:\/\/www.telaled.com\/fr\/wp-json\/wp\/v2\/product"}],"about":[{"href":"https:\/\/www.telaled.com\/fr\/wp-json\/wp\/v2\/types\/product"}],"wp:featuredmedia":[{"embeddable":true,"href":"https:\/\/www.telaled.com\/fr\/wp-json\/wp\/v2\/media\/2903"}],"wp:attachment":[{"href":"https:\/\/www.telaled.com\/fr\/wp-json\/wp\/v2\/media?parent=2902"}],"wp:term":[{"taxonomy":"product_brand","embeddable":true,"href":"https:\/\/www.telaled.com\/fr\/wp-json\/wp\/v2\/product_brand?post=2902"},{"taxonomy":"product_cat","embeddable":true,"href":"https:\/\/www.telaled.com\/fr\/wp-json\/wp\/v2\/product_cat?post=2902"},{"taxonomy":"product_tag","embeddable":true,"href":"https:\/\/www.telaled.com\/fr\/wp-json\/wp\/v2\/product_tag?post=2902"}],"curies":[{"name":"wp","href":"https:\/\/api.w.org\/{rel}","templated":true}]}}