{"id":2877,"date":"2025-08-06T02:44:14","date_gmt":"2025-08-06T02:44:14","guid":{"rendered":"https:\/\/www.telaled.com\/?post_type=product&#038;p=2877"},"modified":"2026-01-05T03:21:25","modified_gmt":"2026-01-05T03:21:25","slug":"painel-de-led-para-sala-de-conferencia-serie-tid","status":"publish","type":"product","link":"https:\/\/www.telaled.com\/fr\/fabrica\/painel-de-led-para-sala-de-conferencia-serie-tid\/","title":{"rendered":"Panneau LED pour salle de conf\u00e9rence de la s\u00e9rie TID"},"content":{"rendered":"<div class=\"row\"  id=\"row-830714267\">\n\n\t<div id=\"col-519345986\" class=\"col small-12 large-12\"  >\n\t\t\t\t<div class=\"col-inner\"  >\n\t\t\t\n\t\t\t\n<h2>Avantages exclusifs de l&#039;\u00e9cran LED de salle de conf\u00e9rence de la s\u00e9rie TID<\/h2>\n<h3><strong>Durabilit\u00e9 sup\u00e9rieure<\/strong><\/h3>\n<ul>\n<li>Bo\u00eetier en alliage de magn\u00e9sium avec dos enti\u00e8rement scell\u00e9 pour une r\u00e9sistance \u00e0 la poussi\u00e8re et une fiabilit\u00e9 \u00e0 long terme.<\/li>\n<li>Les modules LED de haute qualit\u00e9 avec une conception de connexion rigide et stable garantissent des performances constantes et des besoins de maintenance r\u00e9duits.<\/li>\n<\/ul>\n<h3><strong>Qualit\u00e9 visuelle exceptionnelle<\/strong><\/h3>\n<ul>\n<li>Le taux de rafra\u00eechissement de 3840 Hz et le rapport de contraste de 6000:1 offrent une lecture fluide et sans scintillement avec des noirs profonds et des couleurs vives pour une exp\u00e9rience visuelle professionnelle.<\/li>\n<li>Les angles de vision larges de 160\u00b0 horizontaux et de 140\u00b0 verticaux garantissent des images claires et pr\u00e9cises depuis pratiquement n&#039;importe quelle position de la pi\u00e8ce.<\/li>\n<\/ul>\n<h3><strong>Adaptabilit\u00e9 compl\u00e8te<\/strong><\/h3>\n<ul>\n<li>Le rapport hauteur\/largeur de l&#039;\u00e9cran 4:3 prend en charge les configurations d&#039;\u00e9cran 4:3 et 16:9 pour diff\u00e9rentes configurations de pi\u00e8ces.<\/li>\n<li>Plusieurs options de pas de pixel (P1.23-P4.0) pour r\u00e9pondre aux besoins de distance de visualisation et de r\u00e9solution.<\/li>\n<\/ul>\n<h3><strong>Assistance compl\u00e8te<\/strong><\/h3>\n<ul>\n<li>Assistance technique \u00e0 distance 24h\/24 et 7j\/7 : obtenez de l&#039;aide quand vous en avez besoin, o\u00f9 que vous soyez.<\/li>\n<li>5% de pi\u00e8ces de rechange fournies : Chaque exp\u00e9dition comprend des composants suppl\u00e9mentaires pour plus de fiabilit\u00e9 et de tranquillit\u00e9 d&#039;esprit.<\/li>\n<li>Garantie \u00e9tendue de 3 ans : b\u00e9n\u00e9ficiez d&#039;une protection \u00e0 long terme pour de meilleures performances et un support fiable.<\/li>\n<\/ul>\n<h2>D\u00e9tails du produit<\/h2>\n<div class=\"row\"  id=\"row-813703402\">\n\n\t<div id=\"col-2125475080\" class=\"col medium-10 small-12 large-10\"  >\n\t\t\t\t<div class=\"col-inner text-left\"  >\n\t\t\t\n\t\t\t\n<ul>\n<li>Le bo\u00eetier en alliage de magn\u00e9sium de 640 x 480 mm est l\u00e9ger (7,5 kg) et d&#039;une \u00e9paisseur de seulement 48 mm. Son m\u00e9canisme de verrouillage rapide et pr\u00e9cis garantit un alignement parfait, tandis que ses poign\u00e9es ergonomiques facilitent et s\u00e9curisent l&#039;installation et le transport.<\/li>\n<\/ul>\n\t<div class=\"img has-hover x md-x lg-x y md-y lg-y\" id=\"image_2101738042\">\n\t\t\t\t\t\t\t\t<div class=\"img-inner dark\" >\n\t\t\t<img loading=\"lazy\" decoding=\"async\" width=\"800\" height=\"404\" src=\"https:\/\/www.telaled.com\/wp-content\/uploads\/2025\/08\/Design-de-gabinete-ideal.webp\" class=\"attachment-original size-original\" alt=\"Conception d&#039;armoire id\u00e9ale\" srcset=\"https:\/\/www.telaled.com\/wp-content\/uploads\/2025\/08\/Design-de-gabinete-ideal.webp 800w, https:\/\/www.telaled.com\/wp-content\/uploads\/2025\/08\/Design-de-gabinete-ideal-300x152.webp 300w, https:\/\/www.telaled.com\/wp-content\/uploads\/2025\/08\/Design-de-gabinete-ideal-768x388.webp 768w, https:\/\/www.telaled.com\/wp-content\/uploads\/2025\/08\/Design-de-gabinete-ideal-18x9.webp 18w, https:\/\/www.telaled.com\/wp-content\/uploads\/2025\/08\/Design-de-gabinete-ideal-600x303.webp 600w\" sizes=\"auto, (max-width: 800px) 100vw, 800px\" \/>\t\t\t\t\t\t\n\t\t\t\t\t<\/div>\n\t\t\t\t\t\t\t\t\n<style>\n#image_2101738042 {\n  width: 95%;\n}\n<\/style>\n\t<\/div>\n\t\n\t\t<\/div>\n\t\t\t\t\t<\/div>\n\n\t\n\n\t<div id=\"col-823649919\" class=\"col medium-10 small-12 large-10\"  >\n\t\t\t\t<div class=\"col-inner text-left\"  >\n\t\t\t\n\t\t\t\n<ul>\n<li>Les modules LED magn\u00e9tiques se d\u00e9tachent en moins de 5 secondes pour un acc\u00e8s frontal rapide \u00e0 tous les composants, ce qui permet de gagner du temps et d&#039;\u00e9liminer le besoin d&#039;acc\u00e8s arri\u00e8re.<\/li>\n<\/ul>\n\t<div class=\"img has-hover x md-x lg-x y md-y lg-y\" id=\"image_867204185\">\n\t\t\t\t\t\t\t\t<div class=\"img-inner dark\" >\n\t\t\t<img loading=\"lazy\" decoding=\"async\" width=\"800\" height=\"500\" src=\"https:\/\/www.telaled.com\/wp-content\/uploads\/2025\/08\/Manutencao-Frontal-Completa-2.webp\" class=\"attachment-large size-large\" alt=\"Entretien complet de la fa\u00e7ade\" srcset=\"https:\/\/www.telaled.com\/wp-content\/uploads\/2025\/08\/Manutencao-Frontal-Completa-2.webp 800w, https:\/\/www.telaled.com\/wp-content\/uploads\/2025\/08\/Manutencao-Frontal-Completa-2-300x188.webp 300w, https:\/\/www.telaled.com\/wp-content\/uploads\/2025\/08\/Manutencao-Frontal-Completa-2-768x480.webp 768w, https:\/\/www.telaled.com\/wp-content\/uploads\/2025\/08\/Manutencao-Frontal-Completa-2-18x12.webp 18w, https:\/\/www.telaled.com\/wp-content\/uploads\/2025\/08\/Manutencao-Frontal-Completa-2-600x375.webp 600w\" sizes=\"auto, (max-width: 800px) 100vw, 800px\" \/>\t\t\t\t\t\t\n\t\t\t\t\t<\/div>\n\t\t\t\t\t\t\t\t\n<style>\n#image_867204185 {\n  width: 95%;\n}\n<\/style>\n\t<\/div>\n\t\n<ul>\n<li>Il utilise des loquets de pr\u00e9cision \u00e0 d\u00e9montage rapide et un c\u00e2blage interne pour un alignement parfait. Les bo\u00eetiers se connectent en douceur, offrant une surface ultra-plate et une exp\u00e9rience visuelle impeccable.<\/li>\n<\/ul>\n\t<div class=\"img has-hover x md-x lg-x y md-y lg-y\" id=\"image_1285702026\">\n\t\t\t\t\t\t\t\t<div class=\"img-inner dark\" >\n\t\t\t<img loading=\"lazy\" decoding=\"async\" width=\"660\" height=\"440\" src=\"https:\/\/www.telaled.com\/wp-content\/uploads\/2025\/08\/Emenda-perfeita-para-uma-exibicao-excepcional.webp\" class=\"attachment-large size-large\" alt=\"\" srcset=\"https:\/\/www.telaled.com\/wp-content\/uploads\/2025\/08\/Emenda-perfeita-para-uma-exibicao-excepcional.webp 660w, https:\/\/www.telaled.com\/wp-content\/uploads\/2025\/08\/Emenda-perfeita-para-uma-exibicao-excepcional-300x200.webp 300w, https:\/\/www.telaled.com\/wp-content\/uploads\/2025\/08\/Emenda-perfeita-para-uma-exibicao-excepcional-18x12.webp 18w, https:\/\/www.telaled.com\/wp-content\/uploads\/2025\/08\/Emenda-perfeita-para-uma-exibicao-excepcional-600x400.webp 600w\" sizes=\"auto, (max-width: 660px) 100vw, 660px\" \/>\t\t\t\t\t\t\n\t\t\t\t\t<\/div>\n\t\t\t\t\t\t\t\t\n<style>\n#image_1285702026 {\n  width: 95%;\n}\n<\/style>\n\t<\/div>\n\t\n\t\t<\/div>\n\t\t\t\t\t<\/div>\n\n\t\n\n\t<div id=\"col-523763018\" class=\"col medium-10 small-12 large-10\"  >\n\t\t\t\t<div class=\"col-inner text-left\"  >\n\t\t\t\n\t\t\t\n<ul>\n<li>Les \u00e9crans LED sont conditionn\u00e9s en fonction de leur type et de leur application. Les unit\u00e9s d&#039;affichage compl\u00e8tes sont emball\u00e9es dans des caisses en bois pour une stabilit\u00e9 maximale, tandis que les modules LED sont exp\u00e9di\u00e9s dans des cartons. Les \u00e9crans Renmtal b\u00e9n\u00e9ficient d&#039;un traitement sp\u00e9cial, g\u00e9n\u00e9ralement emball\u00e9s dans des caisses pour transport a\u00e9rien ou de simples bo\u00eetes renforc\u00e9es par des cadres en bois pour une protection accrue.<\/li>\n<\/ul>\n\t<div class=\"img has-hover x md-x lg-x y md-y lg-y\" id=\"image_993383569\">\n\t\t\t\t\t\t\t\t<div class=\"img-inner dark\" >\n\t\t\t<img loading=\"lazy\" decoding=\"async\" width=\"760\" height=\"1024\" src=\"https:\/\/www.telaled.com\/wp-content\/uploads\/2025\/06\/Embalagem-760x1024.webp\" class=\"attachment-large size-large\" alt=\"Conditionnement\" srcset=\"https:\/\/www.telaled.com\/wp-content\/uploads\/2025\/06\/Embalagem-760x1024.webp 760w, https:\/\/www.telaled.com\/wp-content\/uploads\/2025\/06\/Embalagem-223x300.webp 223w, https:\/\/www.telaled.com\/wp-content\/uploads\/2025\/06\/Embalagem-768x1035.webp 768w, https:\/\/www.telaled.com\/wp-content\/uploads\/2025\/06\/Embalagem-9x12.webp 9w, https:\/\/www.telaled.com\/wp-content\/uploads\/2025\/06\/Embalagem-600x808.webp 600w, https:\/\/www.telaled.com\/wp-content\/uploads\/2025\/06\/Embalagem.webp 795w\" sizes=\"auto, (max-width: 760px) 100vw, 760px\" \/>\t\t\t\t\t\t\n\t\t\t\t\t<\/div>\n\t\t\t\t\t\t\t\t\n<style>\n#image_993383569 {\n  width: 95%;\n}\n<\/style>\n\t<\/div>\n\t\n\t\t<\/div>\n\t\t\t\t\t<\/div>\n\n\t\n<\/div>\n\t\t<\/div>\n\t\t\t\t\t<\/div>\n\n\t\n\n\t<div id=\"col-692109161\" class=\"col small-12 large-12\"  >\n\t\t\t\t<div class=\"col-inner\"  >\n\t\t\t\n\t\t\t\n<div class=\"row\"  id=\"row-1807844747\">\n\n\t<div id=\"col-2048588806\" class=\"col medium-10 small-12 large-10\"  >\n\t\t\t\t<div class=\"col-inner\"  >\n\t\t\t\n\t\t\t\n\n<table id=\"tablepress-54\" class=\"tablepress tablepress-id-54\">\n<thead>\n<tr class=\"row-1\">\n\t<th class=\"column-1\">Article<\/th><th class=\"column-2\">TID 1,25<\/th><th class=\"column-3\">TID 1,53<\/th><th class=\"column-4\">TID 1,86<\/th><th class=\"column-5\">TID 2.5<\/th>\n<\/tr>\n<\/thead>\n<tbody class=\"row-striping row-hover\">\n<tr class=\"row-2\">\n\t<td class=\"column-1\">Pas de pixel (mm)<\/td><td class=\"column-2\">P1,25 mm<\/td><td class=\"column-3\">P1,53 mm<\/td><td class=\"column-4\">P1,86 mm<\/td><td class=\"column-5\">P2,5 mm<\/td>\n<\/tr>\n<tr class=\"row-3\">\n\t<td class=\"column-1\">DIRIG\u00c9<\/td><td class=\"column-2\">SMD1010<\/td><td class=\"column-3\">SMD1212<\/td><td class=\"column-4\">SMD1515<\/td><td class=\"column-5\">SMD2020<\/td>\n<\/tr>\n<tr class=\"row-4\">\n\t<td class=\"column-1\">R\u00e9solution du module (points)<\/td><td class=\"column-2\">256*128<\/td><td class=\"column-3\">208*104<\/td><td class=\"column-4\">172*86<\/td><td class=\"column-5\">128*64<\/td>\n<\/tr>\n<tr class=\"row-5\">\n\t<td class=\"column-1\">Taille du module (mm)<\/td><td class=\"column-2\">320*160<\/td><td class=\"column-3\">320*160<\/td><td class=\"column-4\">320*160<\/td><td class=\"column-5\">320*160<\/td>\n<\/tr>\n<tr class=\"row-6\">\n\t<td class=\"column-1\">R\u00e9solution du Cabinet (points)<\/td><td class=\"column-2\">512*384<\/td><td class=\"column-3\">416*312<\/td><td class=\"column-4\">344*258<\/td><td class=\"column-5\">256*192<\/td>\n<\/tr>\n<tr class=\"row-7\">\n\t<td class=\"column-1\">Taille de l&#039;armoire (mm)<\/td><td class=\"column-2\">640 mm x 480 mm (l x H)<\/td><td class=\"column-3\">640 mm x 480 mm (l x H)<\/td><td class=\"column-4\">640 mm x 480 mm (l x H)<\/td><td class=\"column-5\">640 mm x 480 mm (l x H)<\/td>\n<\/tr>\n<tr class=\"row-8\">\n\t<td class=\"column-1\">Densit\u00e9 de pixels (points\/pc)<\/td><td class=\"column-2\">196608<\/td><td class=\"column-3\">129792<\/td><td class=\"column-4\">88752<\/td><td class=\"column-5\">49152<\/td>\n<\/tr>\n<tr class=\"row-9\">\n\t<td class=\"column-1\">Facilit\u00e9 d&#039;entretien<\/td><td class=\"column-2\">Service complet en amont<\/td><td class=\"column-3\">Service complet en amont<\/td><td class=\"column-4\">Service complet en amont<\/td><td class=\"column-5\">Service complet en amont<\/td>\n<\/tr>\n<tr class=\"row-10\">\n\t<td class=\"column-1\">Niveau de protection (avant\/arri\u00e8re)<\/td><td class=\"column-2\">IP50<\/td><td class=\"column-3\">IP50<\/td><td class=\"column-4\">IP50<\/td><td class=\"column-5\">IP50<\/td>\n<\/tr>\n<tr class=\"row-11\">\n\t<td class=\"column-1\">Poids<\/td><td class=\"column-2\">7,5 kg<\/td><td class=\"column-3\">7,5 kg<\/td><td class=\"column-4\">7,5 kg<\/td><td class=\"column-5\">7,5 kg<\/td>\n<\/tr>\n<tr class=\"row-12\">\n\t<td class=\"column-1\">Niveau de gris (bit)<\/td><td class=\"column-2\">14<\/td><td class=\"column-3\">14<\/td><td class=\"column-4\">14<\/td><td class=\"column-5\">14<\/td>\n<\/tr>\n<tr class=\"row-13\">\n\t<td class=\"column-1\">Luminosit\u00e9 (cd\/\u33a1)<\/td><td class=\"column-2\">650<\/td><td class=\"column-3\">650<\/td><td class=\"column-4\">750<\/td><td class=\"column-5\">800<\/td>\n<\/tr>\n<tr class=\"row-14\">\n\t<td class=\"column-1\">Contraste<\/td><td class=\"column-2\">6000:1<\/td><td class=\"column-3\">6000:1<\/td><td class=\"column-4\">6000:1<\/td><td class=\"column-5\">6000:1<\/td>\n<\/tr>\n<tr class=\"row-15\">\n\t<td class=\"column-1\">Gamme de couleurs<\/td><td class=\"column-2\">\u226590% NTSC<\/td><td class=\"column-3\">\u226590% NTSC<\/td><td class=\"column-4\">\u226590% NTSC<\/td><td class=\"column-5\">\u226590% NTSC<\/td>\n<\/tr>\n<tr class=\"row-16\">\n\t<td class=\"column-1\">Taux de rafra\u00eechissement (Hz)<\/td><td class=\"column-2\">3840<\/td><td class=\"column-3\">3840<\/td><td class=\"column-4\">3840<\/td><td class=\"column-5\">3840<\/td>\n<\/tr>\n<tr class=\"row-17\">\n\t<td class=\"column-1\">Angle de vision vertical<\/td><td class=\"column-2\">140\u00b0<\/td><td class=\"column-3\">140\u00b0<\/td><td class=\"column-4\">140\u00b0<\/td><td class=\"column-5\">140\u00b0<\/td>\n<\/tr>\n<tr class=\"row-18\">\n\t<td class=\"column-1\">Uniformit\u00e9 de la luminosit\u00e9<\/td><td class=\"column-2\">\u226595%<\/td><td class=\"column-3\">\u226595%<\/td><td class=\"column-4\">\u226595%<\/td><td class=\"column-5\">\u226595%<\/td>\n<\/tr>\n<\/tbody>\n<\/table>\n<!-- #tablepress-54 from cache -->\n\t\t<\/div>\n\t\t\t\t\t<\/div>\n\n\t\n<\/div>\n\t\t<\/div>\n\t\t\t\t\t<\/div>\n\n\t\n<\/div>","protected":false},"excerpt":{"rendered":"<p><strong>\u00c9cran LED pour salle de conf\u00e9rence de la s\u00e9rie TID\u00a0: solutions d&#039;affichage int\u00e9rieur haute d\u00e9finition<\/strong><\/p>\n<p>LE <strong><em>Panneau LED pour salle de conf\u00e9rence de la s\u00e9rie TID<\/em><\/strong> Il offre des images nettes et \u00e9clatantes, ainsi qu&#039;un entretien facile gr\u00e2ce \u00e0 sa conception mince, ses coutures invisibles et son acc\u00e8s rapide pour la maintenance frontale.<\/p>\n<p><strong>Caract\u00e9ristiques principales :<\/strong><\/p>\n<ul>\n<li><strong>Images nettes et haute r\u00e9solution\u00a0:<\/strong> Un espacement des pixels de 1,35 \u00e0 4,0 mm offre un texte net et des images \u00e9clatantes, id\u00e9al pour les pr\u00e9sentations et les vid\u00e9oconf\u00e9rences.<\/li>\n<li><strong>Amendement parfait :<\/strong> Bo\u00eetiers 640\u00d7480 mm avec verrous \u00e0 d\u00e9gagement rapide de pr\u00e9cision assurant un alignement parfait et une uniformit\u00e9 de luminosit\u00e9 \u226595%.<\/li>\n<li><strong>Formats d&#039;\u00e9cran flexibles\u00a0:<\/strong> Le format d&#039;image 4:3 prend en charge les configurations 4:3 et 16:9, permettant des configurations \u00e9volutives pour n&#039;importe quelle salle de conf\u00e9rence.<\/li>\n<\/ul>\n<p>Assistance \u00e0 distance en ligne 24h\/24 et 7j\/7 et garantie de 3 ans incluse. Contactez-nous d\u00e8s maintenant pour obtenir un devis personnalis\u00e9.<\/p>","protected":false},"featured_media":2878,"template":"","meta":[],"product_brand":[],"product_cat":[40,46],"product_tag":[],"class_list":{"0":"post-2877","1":"product","2":"type-product","3":"status-publish","4":"has-post-thumbnail","6":"product_cat-painel-de-led","7":"product_cat-painel-de-video","9":"first","10":"instock","11":"shipping-taxable","12":"product-type-simple"},"yoast_head":"<!-- This site is optimized with the Yoast SEO plugin v27.5 - https:\/\/yoast.com\/product\/yoast-seo-wordpress\/ -->\n<title>Painel de LED Para Sala de Confer\u00eancia S\u00e9rie TID | Telas de Alta Resolu\u00e7\u00e3o para Reuni\u00f5e | TELALED<\/title>\n<meta name=\"description\" content=\"Atualize sua sala de confer\u00eancias com os Painel de LED Para Sala de Confer\u00eancia S\u00e9rie TID. Ofere\u00e7a visuais n\u00edtidos e apresenta\u00e7\u00f5es claras para reuni\u00f5es produtivas. Entre em contato conosco hoje mesmo para um or\u00e7amento.\" \/>\n<meta name=\"robots\" content=\"index, follow, max-snippet:-1, max-image-preview:large, max-video-preview:-1\" \/>\n<link rel=\"canonical\" href=\"https:\/\/www.telaled.com\/fr\/fabrica\/painel-de-led-para-sala-de-conferencia-serie-tid\/\" \/>\n<meta property=\"og:locale\" content=\"fr_FR\" \/>\n<meta property=\"og:type\" content=\"article\" \/>\n<meta property=\"og:title\" content=\"Painel de LED Para Sala de Confer\u00eancia S\u00e9rie TID | Telas de Alta Resolu\u00e7\u00e3o para Reuni\u00f5e | TELALED\" \/>\n<meta property=\"og:description\" content=\"Atualize sua sala de confer\u00eancias com os Painel de LED Para Sala de Confer\u00eancia S\u00e9rie TID. Ofere\u00e7a visuais n\u00edtidos e apresenta\u00e7\u00f5es claras para reuni\u00f5es produtivas. Entre em contato conosco hoje mesmo para um or\u00e7amento.\" \/>\n<meta property=\"og:url\" content=\"https:\/\/www.telaled.com\/fr\/fabrica\/painel-de-led-para-sala-de-conferencia-serie-tid\/\" \/>\n<meta property=\"og:site_name\" content=\"TELALED\" \/>\n<meta property=\"article:modified_time\" content=\"2026-01-05T03:21:25+00:00\" \/>\n<meta property=\"og:image\" content=\"https:\/\/www.telaled.com\/wp-content\/uploads\/2025\/08\/Painel-de-LED-Para-Sala-de-Conferencia.webp\" \/>\n\t<meta property=\"og:image:width\" content=\"500\" \/>\n\t<meta property=\"og:image:height\" content=\"500\" \/>\n\t<meta property=\"og:image:type\" content=\"image\/webp\" \/>\n<meta name=\"twitter:card\" content=\"summary_large_image\" \/>\n<meta name=\"twitter:label1\" content=\"Dur\u00e9e de lecture estim\u00e9e\" \/>\n\t<meta name=\"twitter:data1\" content=\"3 minutes\" \/>\n<script type=\"application\/ld+json\" class=\"yoast-schema-graph\">{\"@context\":\"https:\\\/\\\/schema.org\",\"@graph\":[{\"@type\":\"WebPage\",\"@id\":\"https:\\\/\\\/www.telaled.com\\\/fabrica\\\/painel-de-led-para-sala-de-conferencia-serie-tid\\\/\",\"url\":\"https:\\\/\\\/www.telaled.com\\\/fabrica\\\/painel-de-led-para-sala-de-conferencia-serie-tid\\\/\",\"name\":\"Painel de LED Para Sala de Confer\u00eancia S\u00e9rie TID | Telas de Alta Resolu\u00e7\u00e3o para Reuni\u00f5e | TELALED\",\"isPartOf\":{\"@id\":\"https:\\\/\\\/www.telaled.com\\\/#website\"},\"primaryImageOfPage\":{\"@id\":\"https:\\\/\\\/www.telaled.com\\\/fabrica\\\/painel-de-led-para-sala-de-conferencia-serie-tid\\\/#primaryimage\"},\"image\":{\"@id\":\"https:\\\/\\\/www.telaled.com\\\/fabrica\\\/painel-de-led-para-sala-de-conferencia-serie-tid\\\/#primaryimage\"},\"thumbnailUrl\":\"https:\\\/\\\/www.telaled.com\\\/wp-content\\\/uploads\\\/2025\\\/08\\\/Painel-de-LED-Para-Sala-de-Conferencia.webp\",\"datePublished\":\"2025-08-06T02:44:14+00:00\",\"dateModified\":\"2026-01-05T03:21:25+00:00\",\"description\":\"Atualize sua sala de confer\u00eancias com os Painel de LED Para Sala de Confer\u00eancia S\u00e9rie TID. Ofere\u00e7a visuais n\u00edtidos e apresenta\u00e7\u00f5es claras para reuni\u00f5es produtivas. Entre em contato conosco hoje mesmo para um or\u00e7amento.\",\"breadcrumb\":{\"@id\":\"https:\\\/\\\/www.telaled.com\\\/fabrica\\\/painel-de-led-para-sala-de-conferencia-serie-tid\\\/#breadcrumb\"},\"inLanguage\":\"fr-FR\",\"potentialAction\":[{\"@type\":\"ReadAction\",\"target\":[\"https:\\\/\\\/www.telaled.com\\\/fabrica\\\/painel-de-led-para-sala-de-conferencia-serie-tid\\\/\"]}]},{\"@type\":\"ImageObject\",\"inLanguage\":\"fr-FR\",\"@id\":\"https:\\\/\\\/www.telaled.com\\\/fabrica\\\/painel-de-led-para-sala-de-conferencia-serie-tid\\\/#primaryimage\",\"url\":\"https:\\\/\\\/www.telaled.com\\\/wp-content\\\/uploads\\\/2025\\\/08\\\/Painel-de-LED-Para-Sala-de-Conferencia.webp\",\"contentUrl\":\"https:\\\/\\\/www.telaled.com\\\/wp-content\\\/uploads\\\/2025\\\/08\\\/Painel-de-LED-Para-Sala-de-Conferencia.webp\",\"width\":500,\"height\":500,\"caption\":\"Painel-de-LED-Para-Sala-de-Confer\u00eancia\"},{\"@type\":\"BreadcrumbList\",\"@id\":\"https:\\\/\\\/www.telaled.com\\\/fabrica\\\/painel-de-led-para-sala-de-conferencia-serie-tid\\\/#breadcrumb\",\"itemListElement\":[{\"@type\":\"ListItem\",\"position\":1,\"name\":\"Home\",\"item\":\"https:\\\/\\\/www.telaled.com\\\/\"},{\"@type\":\"ListItem\",\"position\":2,\"name\":\"Produtos\",\"item\":\"https:\\\/\\\/www.telaled.com\\\/shop\\\/\"},{\"@type\":\"ListItem\",\"position\":3,\"name\":\"Painel de LED Para Sala de Confer\u00eancia S\u00e9rie TID\"}]},{\"@type\":\"WebSite\",\"@id\":\"https:\\\/\\\/www.telaled.com\\\/#website\",\"url\":\"https:\\\/\\\/www.telaled.com\\\/\",\"name\":\"TELALED\",\"description\":\"\",\"potentialAction\":[{\"@type\":\"SearchAction\",\"target\":{\"@type\":\"EntryPoint\",\"urlTemplate\":\"https:\\\/\\\/www.telaled.com\\\/?s={search_term_string}\"},\"query-input\":{\"@type\":\"PropertyValueSpecification\",\"valueRequired\":true,\"valueName\":\"search_term_string\"}}],\"inLanguage\":\"fr-FR\"}]}<\/script>\n<!-- \/ Yoast SEO plugin. -->","yoast_head_json":{"title":"\u00c9cran LED pour salle de conf\u00e9rence s\u00e9rie TID | \u00c9crans de r\u00e9union haute r\u00e9solution | TELALED","description":"Am\u00e9liorez votre salle de conf\u00e9rence avec l&#039;\u00e9cran LED de la s\u00e9rie TID. Offrez des visuels nets et des pr\u00e9sentations claires pour des r\u00e9unions productives. Contactez-nous d\u00e8s aujourd&#039;hui pour un devis.","robots":{"index":"index","follow":"follow","max-snippet":"max-snippet:-1","max-image-preview":"max-image-preview:large","max-video-preview":"max-video-preview:-1"},"canonical":"https:\/\/www.telaled.com\/fr\/fabrica\/painel-de-led-para-sala-de-conferencia-serie-tid\/","og_locale":"fr_FR","og_type":"article","og_title":"Painel de LED Para Sala de Confer\u00eancia S\u00e9rie TID | Telas de Alta Resolu\u00e7\u00e3o para Reuni\u00f5e | TELALED","og_description":"Atualize sua sala de confer\u00eancias com os Painel de LED Para Sala de Confer\u00eancia S\u00e9rie TID. Ofere\u00e7a visuais n\u00edtidos e apresenta\u00e7\u00f5es claras para reuni\u00f5es produtivas. Entre em contato conosco hoje mesmo para um or\u00e7amento.","og_url":"https:\/\/www.telaled.com\/fr\/fabrica\/painel-de-led-para-sala-de-conferencia-serie-tid\/","og_site_name":"TELALED","article_modified_time":"2026-01-05T03:21:25+00:00","og_image":[{"width":500,"height":500,"url":"https:\/\/www.telaled.com\/wp-content\/uploads\/2025\/08\/Painel-de-LED-Para-Sala-de-Conferencia.webp","type":"image\/webp"}],"twitter_card":"summary_large_image","twitter_misc":{"Dur\u00e9e de lecture estim\u00e9e":"3 minutes"},"schema":{"@context":"https:\/\/schema.org","@graph":[{"@type":"WebPage","@id":"https:\/\/www.telaled.com\/fabrica\/painel-de-led-para-sala-de-conferencia-serie-tid\/","url":"https:\/\/www.telaled.com\/fabrica\/painel-de-led-para-sala-de-conferencia-serie-tid\/","name":"\u00c9cran LED pour salle de conf\u00e9rence s\u00e9rie TID | \u00c9crans de r\u00e9union haute r\u00e9solution | TELALED","isPartOf":{"@id":"https:\/\/www.telaled.com\/#website"},"primaryImageOfPage":{"@id":"https:\/\/www.telaled.com\/fabrica\/painel-de-led-para-sala-de-conferencia-serie-tid\/#primaryimage"},"image":{"@id":"https:\/\/www.telaled.com\/fabrica\/painel-de-led-para-sala-de-conferencia-serie-tid\/#primaryimage"},"thumbnailUrl":"https:\/\/www.telaled.com\/wp-content\/uploads\/2025\/08\/Painel-de-LED-Para-Sala-de-Conferencia.webp","datePublished":"2025-08-06T02:44:14+00:00","dateModified":"2026-01-05T03:21:25+00:00","description":"Am\u00e9liorez votre salle de conf\u00e9rence avec l&#039;\u00e9cran LED de la s\u00e9rie TID. Offrez des visuels nets et des pr\u00e9sentations claires pour des r\u00e9unions productives. Contactez-nous d\u00e8s aujourd&#039;hui pour un devis.","breadcrumb":{"@id":"https:\/\/www.telaled.com\/fabrica\/painel-de-led-para-sala-de-conferencia-serie-tid\/#breadcrumb"},"inLanguage":"fr-FR","potentialAction":[{"@type":"ReadAction","target":["https:\/\/www.telaled.com\/fabrica\/painel-de-led-para-sala-de-conferencia-serie-tid\/"]}]},{"@type":"ImageObject","inLanguage":"fr-FR","@id":"https:\/\/www.telaled.com\/fabrica\/painel-de-led-para-sala-de-conferencia-serie-tid\/#primaryimage","url":"https:\/\/www.telaled.com\/wp-content\/uploads\/2025\/08\/Painel-de-LED-Para-Sala-de-Conferencia.webp","contentUrl":"https:\/\/www.telaled.com\/wp-content\/uploads\/2025\/08\/Painel-de-LED-Para-Sala-de-Conferencia.webp","width":500,"height":500,"caption":"Painel-de-LED-Para-Sala-de-Confer\u00eancia"},{"@type":"BreadcrumbList","@id":"https:\/\/www.telaled.com\/fabrica\/painel-de-led-para-sala-de-conferencia-serie-tid\/#breadcrumb","itemListElement":[{"@type":"ListItem","position":1,"name":"Home","item":"https:\/\/www.telaled.com\/"},{"@type":"ListItem","position":2,"name":"Produtos","item":"https:\/\/www.telaled.com\/shop\/"},{"@type":"ListItem","position":3,"name":"Painel de LED Para Sala de Confer\u00eancia S\u00e9rie TID"}]},{"@type":"WebSite","@id":"https:\/\/www.telaled.com\/#website","url":"https:\/\/www.telaled.com\/","name":"\u00e9cran LED","description":"","potentialAction":[{"@type":"SearchAction","target":{"@type":"EntryPoint","urlTemplate":"https:\/\/www.telaled.com\/?s={search_term_string}"},"query-input":{"@type":"PropertyValueSpecification","valueRequired":true,"valueName":"search_term_string"}}],"inLanguage":"fr-FR"}]}},"_links":{"self":[{"href":"https:\/\/www.telaled.com\/fr\/wp-json\/wp\/v2\/product\/2877","targetHints":{"allow":["GET"]}}],"collection":[{"href":"https:\/\/www.telaled.com\/fr\/wp-json\/wp\/v2\/product"}],"about":[{"href":"https:\/\/www.telaled.com\/fr\/wp-json\/wp\/v2\/types\/product"}],"wp:featuredmedia":[{"embeddable":true,"href":"https:\/\/www.telaled.com\/fr\/wp-json\/wp\/v2\/media\/2878"}],"wp:attachment":[{"href":"https:\/\/www.telaled.com\/fr\/wp-json\/wp\/v2\/media?parent=2877"}],"wp:term":[{"taxonomy":"product_brand","embeddable":true,"href":"https:\/\/www.telaled.com\/fr\/wp-json\/wp\/v2\/product_brand?post=2877"},{"taxonomy":"product_cat","embeddable":true,"href":"https:\/\/www.telaled.com\/fr\/wp-json\/wp\/v2\/product_cat?post=2877"},{"taxonomy":"product_tag","embeddable":true,"href":"https:\/\/www.telaled.com\/fr\/wp-json\/wp\/v2\/product_tag?post=2877"}],"curies":[{"name":"wp","href":"https:\/\/api.w.org\/{rel}","templated":true}]}}