{"id":2792,"date":"2025-07-29T08:46:16","date_gmt":"2025-07-29T08:46:16","guid":{"rendered":"https:\/\/www.telaled.com\/?post_type=product&#038;p=2792"},"modified":"2026-01-05T01:57:39","modified_gmt":"2026-01-05T01:57:39","slug":"paineis-de-led-outdoor-serie-tod","status":"publish","type":"product","link":"https:\/\/www.telaled.com\/fr\/fabrica\/paineis-de-led-outdoor-serie-tod\/","title":{"rendered":"Panneaux LED ext\u00e9rieurs de la s\u00e9rie TOD"},"content":{"rendered":"<div class=\"row\"  id=\"row-1974020089\">\n\n\t<div id=\"col-1916984567\" class=\"col small-12 large-12\"  >\n\t\t\t\t<div class=\"col-inner\"  >\n\t\t\t\n\t\t\t\n<h2>Avantages exclusifs des panneaux LED ext\u00e9rieurs de la s\u00e9rie TOD<\/h2>\n<h3><strong>Durabilit\u00e9 sup\u00e9rieure<\/strong><\/h3>\n<ul>\n<li>Construit avec un cadre arri\u00e8re en aluminium moul\u00e9, con\u00e7u pour r\u00e9sister aux temp\u00e9ratures \u00e9lev\u00e9es et pr\u00e9venir l&#039;inflammation, assurant une dissipation rapide de la chaleur. Le cadre est fabriqu\u00e9 dans un mat\u00e9riau ignifuge standard, capable de fonctionner \u00e0 haute temp\u00e9rature sans risque d&#039;inflammation spontan\u00e9e.<\/li>\n<li>Utilisez des alimentations s\u00e9par\u00e9es, r\u00e9duisant ainsi le <a href=\"https:\/\/www.telaled.com\/fr\/entendendo-o-consumo-de-energia-painel-de-led-quao-eficientes-sao-os-displays-de-led-modernos\/\">consommation d&#039;\u00e9nergie<\/a> et la g\u00e9n\u00e9ration de chaleur. Les modules en aluminium assurent une excellente dissipation thermique, permettant des \u00e9conomies d&#039;\u00e9nergie jusqu&#039;\u00e0 751 TP3T et une r\u00e9duction des co\u00fbts.<\/li>\n<\/ul>\n<h3><strong>Qualit\u00e9 visuelle exceptionnelle<\/strong><\/h3>\n<ul>\n<li>Taux de rafra\u00eechissement \u00e9lev\u00e9 jusqu&#039;\u00e0 1920\/3840 Hz<\/li>\n<li>Grand angle de vision de 160\u00b0\/140\u00b0<\/li>\n<\/ul>\n<h3><strong>Adaptabilit\u00e9 compl\u00e8te<\/strong><\/h3>\n<ul>\n<li>100 000 ans de dur\u00e9e de vie.<\/li>\n<li>Luminosit\u00e9 jusqu&#039;\u00e0 6 000~10 000 cd\/m2<\/li>\n<\/ul>\n<h3><strong>Assistance compl\u00e8te<\/strong><\/h3>\n<ul>\n<li>Assistance technique \u00e0 distance 24h\/24 et 7j\/7 \u2013 Disponible \u00e0 chaque fois que vous avez besoin d\u2019aide.<\/li>\n<li>5% de pi\u00e8ces de rechange incluses \u2013 Profitez d\u2019une plus grande tranquillit\u00e9 d\u2019esprit.<\/li>\n<li>Garantie prolong\u00e9e de 3 ans \u2013 B\u00e9n\u00e9ficiez d\u2019une fiabilit\u00e9 \u00e0 long terme et d\u2019une assistance compl\u00e8te.<\/li>\n<\/ul>\n<h2>D\u00e9tails du produit<\/h2>\n<div class=\"row\"  id=\"row-1784795570\">\n\n\t<div id=\"col-1040579530\" class=\"col medium-10 small-12 large-10\"  >\n\t\t\t\t<div class=\"col-inner text-left\"  >\n\t\t\t\n\t\t\t\n<ul>\n<li>La protection de niveau IP65 garantit un fonctionnement stable de l&#039;\u00e9cran m\u00eame dans des conditions m\u00e9t\u00e9orologiques extr\u00eames telles que : temp\u00e9rature \u00e9lev\u00e9e, basse temp\u00e9rature et humidit\u00e9 \u00e9lev\u00e9e.<\/li>\n<\/ul>\n\t<div class=\"img has-hover x md-x lg-x y md-y lg-y\" id=\"image_930633751\">\n\t\t\t\t\t\t\t\t<div class=\"img-inner dark\" >\n\t\t\t<img loading=\"lazy\" decoding=\"async\" width=\"1440\" height=\"500\" src=\"https:\/\/www.telaled.com\/wp-content\/uploads\/2025\/07\/Nivel-de-protecao-IP65.webp\" class=\"attachment-original size-original\" alt=\"Niveau de protection IP65\" srcset=\"https:\/\/www.telaled.com\/wp-content\/uploads\/2025\/07\/Nivel-de-protecao-IP65.webp 1440w, https:\/\/www.telaled.com\/wp-content\/uploads\/2025\/07\/Nivel-de-protecao-IP65-300x104.webp 300w, https:\/\/www.telaled.com\/wp-content\/uploads\/2025\/07\/Nivel-de-protecao-IP65-1024x356.webp 1024w, https:\/\/www.telaled.com\/wp-content\/uploads\/2025\/07\/Nivel-de-protecao-IP65-768x267.webp 768w, https:\/\/www.telaled.com\/wp-content\/uploads\/2025\/07\/Nivel-de-protecao-IP65-18x6.webp 18w, https:\/\/www.telaled.com\/wp-content\/uploads\/2025\/07\/Nivel-de-protecao-IP65-600x208.webp 600w\" sizes=\"auto, (max-width: 1440px) 100vw, 1440px\" \/>\t\t\t\t\t\t\n\t\t\t\t\t<\/div>\n\t\t\t\t\t\t\t\t\n<style>\n#image_930633751 {\n  width: 95%;\n}\n<\/style>\n\t<\/div>\n\t\n\t\t<\/div>\n\t\t\t\t\t<\/div>\n\n\t\n\n\t<div id=\"col-1822264775\" class=\"col medium-10 small-12 large-10\"  >\n\t\t\t\t<div class=\"col-inner text-left\"  >\n\t\t\t\n\t\t\t\n<ul>\n<li>Pieds de lampe remplis de double colle liquide, assurant une protection et une durabilit\u00e9 sup\u00e9rieures<\/li>\n<\/ul>\n\t<div class=\"img has-hover x md-x lg-x y md-y lg-y\" id=\"image_2002305248\">\n\t\t\t\t\t\t\t\t<div class=\"img-inner dark\" >\n\t\t\t<img loading=\"lazy\" decoding=\"async\" width=\"640\" height=\"430\" src=\"https:\/\/www.telaled.com\/wp-content\/uploads\/2025\/07\/Base-para-lampada-com-dupla-cola-liquida.webp\" class=\"attachment-large size-large\" alt=\"\" srcset=\"https:\/\/www.telaled.com\/wp-content\/uploads\/2025\/07\/Base-para-lampada-com-dupla-cola-liquida.webp 640w, https:\/\/www.telaled.com\/wp-content\/uploads\/2025\/07\/Base-para-lampada-com-dupla-cola-liquida-300x202.webp 300w, https:\/\/www.telaled.com\/wp-content\/uploads\/2025\/07\/Base-para-lampada-com-dupla-cola-liquida-18x12.webp 18w, https:\/\/www.telaled.com\/wp-content\/uploads\/2025\/07\/Base-para-lampada-com-dupla-cola-liquida-600x403.webp 600w\" sizes=\"auto, (max-width: 640px) 100vw, 640px\" \/>\t\t\t\t\t\t\n\t\t\t\t\t<\/div>\n\t\t\t\t\t\t\t\t\n<style>\n#image_2002305248 {\n  width: 95%;\n}\n<\/style>\n\t<\/div>\n\t\n<ul>\n<li>Tailles durables et polyvalentes<\/li>\n<\/ul>\n\t<div class=\"img has-hover x md-x lg-x y md-y lg-y\" id=\"image_798996997\">\n\t\t\t\t\t\t\t\t<div class=\"img-inner dark\" >\n\t\t\t<img loading=\"lazy\" decoding=\"async\" width=\"1020\" height=\"283\" src=\"https:\/\/www.telaled.com\/wp-content\/uploads\/2025\/07\/Tamanhos-duraveis-e-versateis-1024x284.webp\" class=\"attachment-large size-large\" alt=\"Tailles durables et polyvalentes\" srcset=\"https:\/\/www.telaled.com\/wp-content\/uploads\/2025\/07\/Tamanhos-duraveis-e-versateis-1024x284.webp 1024w, https:\/\/www.telaled.com\/wp-content\/uploads\/2025\/07\/Tamanhos-duraveis-e-versateis-300x83.webp 300w, https:\/\/www.telaled.com\/wp-content\/uploads\/2025\/07\/Tamanhos-duraveis-e-versateis-768x213.webp 768w, https:\/\/www.telaled.com\/wp-content\/uploads\/2025\/07\/Tamanhos-duraveis-e-versateis-18x5.webp 18w, https:\/\/www.telaled.com\/wp-content\/uploads\/2025\/07\/Tamanhos-duraveis-e-versateis-600x167.webp 600w, https:\/\/www.telaled.com\/wp-content\/uploads\/2025\/07\/Tamanhos-duraveis-e-versateis.webp 1440w\" sizes=\"auto, (max-width: 1020px) 100vw, 1020px\" \/>\t\t\t\t\t\t\n\t\t\t\t\t<\/div>\n\t\t\t\t\t\t\t\t\n<style>\n#image_798996997 {\n  width: 95%;\n}\n<\/style>\n\t<\/div>\n\t\n\t\t<\/div>\n\t\t\t\t\t<\/div>\n\n\t\n\n\t<div id=\"col-182526698\" class=\"col medium-10 small-12 large-10\"  >\n\t\t\t\t<div class=\"col-inner text-left\"  >\n\t\t\t\n\t\t\t\n<ul>\n<li>Les \u00e9crans LED sont emball\u00e9s en fonction de leur type et de leur utilisation pr\u00e9vue, garantissant ainsi un transport en toute s\u00e9curit\u00e9. Les syst\u00e8mes complets sont emball\u00e9s dans des caisses en bois pour une meilleure stabilit\u00e9, tandis que les modules LED individuels sont conditionn\u00e9s dans des cartons robustes. Les \u00e9crans de location sont exp\u00e9di\u00e9s dans des cartons sp\u00e9ciaux pour le fret a\u00e9rien, pour une protection accrue. Certains articles sont \u00e9galement emball\u00e9s dans des bo\u00eetes simples, mais avec des caisses en bois pour plus de s\u00e9curit\u00e9.<\/li>\n<\/ul>\n\t<div class=\"img has-hover x md-x lg-x y md-y lg-y\" id=\"image_186151129\">\n\t\t\t\t\t\t\t\t<div class=\"img-inner dark\" >\n\t\t\t<img loading=\"lazy\" decoding=\"async\" width=\"760\" height=\"1024\" src=\"https:\/\/www.telaled.com\/wp-content\/uploads\/2025\/06\/Embalagem-760x1024.webp\" class=\"attachment-large size-large\" alt=\"Conditionnement\" srcset=\"https:\/\/www.telaled.com\/wp-content\/uploads\/2025\/06\/Embalagem-760x1024.webp 760w, https:\/\/www.telaled.com\/wp-content\/uploads\/2025\/06\/Embalagem-223x300.webp 223w, https:\/\/www.telaled.com\/wp-content\/uploads\/2025\/06\/Embalagem-768x1035.webp 768w, https:\/\/www.telaled.com\/wp-content\/uploads\/2025\/06\/Embalagem-9x12.webp 9w, https:\/\/www.telaled.com\/wp-content\/uploads\/2025\/06\/Embalagem-600x808.webp 600w, https:\/\/www.telaled.com\/wp-content\/uploads\/2025\/06\/Embalagem.webp 795w\" sizes=\"auto, (max-width: 760px) 100vw, 760px\" \/>\t\t\t\t\t\t\n\t\t\t\t\t<\/div>\n\t\t\t\t\t\t\t\t\n<style>\n#image_186151129 {\n  width: 95%;\n}\n<\/style>\n\t<\/div>\n\t\n\t\t<\/div>\n\t\t\t\t\t<\/div>\n\n\t\n<\/div>\n\t\t<\/div>\n\t\t\t\t\t<\/div>\n\n\t\n\n\t<div id=\"col-1441435809\" class=\"col small-12 large-12\"  >\n\t\t\t\t<div class=\"col-inner\"  >\n\t\t\t\n\t\t\t\n<div class=\"row\"  id=\"row-1336414479\">\n\n\t<div id=\"col-541764850\" class=\"col medium-10 small-12 large-10\"  >\n\t\t\t\t<div class=\"col-inner\"  >\n\t\t\t\n\t\t\t\n\n<table id=\"tablepress-49\" class=\"tablepress tablepress-id-49\">\n<thead>\n<tr class=\"row-1\">\n\t<th class=\"column-1\">Mod\u00e8le<\/th><th class=\"column-2\">TOD - 3,8<\/th><th class=\"column-3\">TOD - 5.3<\/th><th class=\"column-4\">TOD - 6,67<\/th><th class=\"column-5\">TOD - 8<\/th><th class=\"column-6\">TOD - 10<\/th>\n<\/tr>\n<\/thead>\n<tbody class=\"row-striping row-hover\">\n<tr class=\"row-2\">\n\t<td class=\"column-1\">Pas de pixel (mm)<\/td><td class=\"column-2\">3.8<\/td><td class=\"column-3\">5.33<\/td><td class=\"column-4\">6.67<\/td><td class=\"column-5\">8<\/td><td class=\"column-6\">10<\/td>\n<\/tr>\n<tr class=\"row-3\">\n\t<td class=\"column-1\">Taille du module (mm)<\/td><td class=\"column-2\">320\u00d7320<\/td><td class=\"column-3\">320\u00d7320<\/td><td class=\"column-4\">320\u00d7320<\/td><td class=\"column-5\">320\u00d7320<\/td><td class=\"column-6\">320\u00d7320<\/td>\n<\/tr>\n<tr class=\"row-4\">\n\t<td class=\"column-1\">R\u00e9solution du module (points)<\/td><td class=\"column-2\">84\u00d784<\/td><td class=\"column-3\">60\u00d760<br \/>\n<\/td><td class=\"column-4\">48\u00d748<\/td><td class=\"column-5\">40\u00d740<\/td><td class=\"column-6\">32\u00d732<\/td>\n<\/tr>\n<tr class=\"row-5\">\n\t<td class=\"column-1\">Taille de l&#039;armoire (mm)<\/td><td class=\"column-2\">960\u00d7960<\/td><td class=\"column-3\">960\u00d7960<\/td><td class=\"column-4\">960\u00d7960<\/td><td class=\"column-5\">960\u00d7960<\/td><td class=\"column-6\">960\u00d7960<\/td>\n<\/tr>\n<tr class=\"row-6\">\n\t<td class=\"column-1\">R\u00e9solution du Cabinet (points)<\/td><td class=\"column-2\">252\u00d7252<\/td><td class=\"column-3\">180\u00d7180<\/td><td class=\"column-4\">144\u00d7144<\/td><td class=\"column-5\">120\u00d7120<\/td><td class=\"column-6\">96\u00d796<\/td>\n<\/tr>\n<tr class=\"row-7\">\n\t<td class=\"column-1\">Poids de l&#039;armoire (kg)<\/td><td class=\"column-2\">32<\/td><td class=\"column-3\">32<\/td><td class=\"column-4\">32<\/td><td class=\"column-5\">32<\/td><td class=\"column-6\">32<\/td>\n<\/tr>\n<tr class=\"row-8\">\n\t<td class=\"column-1\">Densit\u00e9 de pixels (pixels\/\u33a1)<\/td><td class=\"column-2\">69,696<\/td><td class=\"column-3\">35,344<\/td><td class=\"column-4\">22,500<\/td><td class=\"column-5\">15,625<\/td><td class=\"column-6\">10,000<\/td>\n<\/tr>\n<tr class=\"row-9\">\n\t<td class=\"column-1\">Brillance (lentes)<\/td><td class=\"column-2\">6,000~ 10,000<\/td><td class=\"column-3\">6,000~ 10,000<\/td><td class=\"column-4\">6,000~ 10,000<\/td><td class=\"column-5\">6,000~ 10,000<\/td><td class=\"column-6\">6,000~ 10,000<\/td>\n<\/tr>\n<tr class=\"row-10\">\n\t<td class=\"column-1\">Temp\u00e9rature de couleur (K)<\/td><td class=\"column-2\">3,000~ 10,000<\/td><td class=\"column-3\">3,000~ 10,000<\/td><td class=\"column-4\">3,000~ 10,000<\/td><td class=\"column-5\">3,000~ 10,000<\/td><td class=\"column-6\">3,000~ 10,000<\/td>\n<\/tr>\n<tr class=\"row-11\">\n\t<td class=\"column-1\">Angle de vision (L\/H)<\/td><td class=\"column-2\">160\/140<\/td><td class=\"column-3\">160\/140<\/td><td class=\"column-4\">160\/140<\/td><td class=\"column-5\">160\/140<\/td><td class=\"column-6\">160\/140<\/td>\n<\/tr>\n<tr class=\"row-12\">\n\t<td class=\"column-1\">Rapport de contraste<\/td><td class=\"column-2\">5000:1<\/td><td class=\"column-3\">5000:1<\/td><td class=\"column-4\">5000:1<\/td><td class=\"column-5\">5000:1<\/td><td class=\"column-6\">5000:1<\/td>\n<\/tr>\n<tr class=\"row-13\">\n\t<td class=\"column-1\">Taux de rafra\u00eechissement (Hz)<\/td><td class=\"column-2\">1920\/3840<\/td><td class=\"column-3\">1920\/3840<\/td><td class=\"column-4\">1920\/3840<\/td><td class=\"column-5\">1920\/3840<\/td><td class=\"column-6\">1920\/3840<\/td>\n<\/tr>\n<tr class=\"row-14\">\n\t<td class=\"column-1\">Fr\u00e9quence d&#039;images<\/td><td class=\"column-2\">50\/60 Hz<\/td><td class=\"column-3\">50\/60 Hz<\/td><td class=\"column-4\">50\/60 Hz<\/td><td class=\"column-5\">50\/60 Hz<\/td><td class=\"column-6\">50\/60 Hz<\/td>\n<\/tr>\n<tr class=\"row-15\">\n\t<td class=\"column-1\">Consommation \u00e9lectrique (W\/\u33a1)<\/td><td class=\"column-2\">Max\u00a0: 600\u00a0; Moyenne\u00a0: 200<\/td><td class=\"column-3\">Max\u00a0: 600\u00a0; Moyenne\u00a0: 200<\/td><td class=\"column-4\">Max\u00a0: 600\u00a0; Moyenne\u00a0: 200<\/td><td class=\"column-5\">Max\u00a0: 600\u00a0; Moyenne\u00a0: 200<\/td><td class=\"column-6\">Max\u00a0: 600\u00a0; Moyenne\u00a0: 200<\/td>\n<\/tr>\n<tr class=\"row-16\">\n\t<td class=\"column-1\">Acc\u00e8s au service<\/td><td class=\"column-2\">Avant Arri\u00e8re<\/td><td class=\"column-3\">Avant Arri\u00e8re<\/td><td class=\"column-4\">Avant Arri\u00e8re<\/td><td class=\"column-5\">Avant Arri\u00e8re<\/td><td class=\"column-6\">Avant Arri\u00e8re<\/td>\n<\/tr>\n<tr class=\"row-17\">\n\t<td class=\"column-1\">Dur\u00e9e de vie (heures)<\/td><td class=\"column-2\">100,000<\/td><td class=\"column-3\">100,000<\/td><td class=\"column-4\">100,000<\/td><td class=\"column-5\">100,000<\/td><td class=\"column-6\">100,000<\/td>\n<\/tr>\n<tr class=\"row-18\">\n\t<td class=\"column-1\">Temp\u00e9rature de fonctionnement (\u2103)<\/td><td class=\"column-2\"><br \/>\n-40~70<\/td><td class=\"column-3\"><br \/>\n-40~70<\/td><td class=\"column-4\"><br \/>\n-40~70<\/td><td class=\"column-5\"><br \/>\n-40~70<\/td><td class=\"column-6\"><br \/>\n-40~70<\/td>\n<\/tr>\n<tr class=\"row-19\">\n\t<td class=\"column-1\">Humidit\u00e9 de travail (%)<\/td><td class=\"column-2\">0~90<\/td><td class=\"column-3\">0~90<\/td><td class=\"column-4\">0~90<\/td><td class=\"column-5\">0~90<\/td><td class=\"column-6\">0~90<\/td>\n<\/tr>\n<\/tbody>\n<\/table>\n<!-- #tablepress-49 from cache -->\n\t\t<\/div>\n\t\t\t\t\t<\/div>\n\n\t\n<\/div>\n\t\t<\/div>\n\t\t\t\t\t<\/div>\n\n\t\n<\/div>","protected":false},"excerpt":{"rendered":"<p><strong>Panneaux LED ext\u00e9rieurs de la s\u00e9rie TOD\u00a0: con\u00e7us pour des conditions difficiles, pr\u00eats \u00e0 faire sensation<\/strong><\/p>\n<p>LE <em><strong>Panneau LED ext\u00e9rieur s\u00e9rie TOD<\/strong><\/em> Con\u00e7u pour les environnements difficiles, il offre une haute r\u00e9sistance aux intemp\u00e9ries et une qualit\u00e9 d&#039;image stable. Disponible en diff\u00e9rentes tailles et r\u00e9solutions pour une installation flexible.<\/p>\n<p><strong>Caract\u00e9ristiques principales :<\/strong><\/p>\n<ul>\n<li><strong>Diff\u00e9rentes tailles d&#039;armoires\u00a0:<\/strong> Les options incluent 960 x 960, 640 x 960, 640 x 640 et 960 x 640 mm pour des configurations flexibles.<\/li>\n<li><strong>Dissipation thermique rapide<\/strong>R\u00e9sistance aux hautes temp\u00e9ratures et dissipation thermique efficace, pr\u00e9venant les pannes.<\/li>\n<li><strong>R\u00e9sultat visuel coh\u00e9rent\u00a0:<\/strong> Elle conserve sa luminosit\u00e9 et sa nettet\u00e9 m\u00eame en plein soleil et dans des conditions m\u00e9t\u00e9orologiques variables.<\/li>\n<\/ul>\n<p>Installation et remplacement rapides, les modules standardis\u00e9s de 320 x 320 mm permettent un assemblage facile et une maintenance rapide sur site.<\/p>\n<p>Nous offrons une assistance \u00e0 distance 24h\/24 et 7j\/7 et une garantie standard de 3 ans. Contactez-nous d\u00e8s maintenant pour un devis personnalis\u00e9.<\/p>","protected":false},"featured_media":2793,"template":"","meta":[],"product_brand":[],"product_cat":[40,46],"product_tag":[],"class_list":{"0":"post-2792","1":"product","2":"type-product","3":"status-publish","4":"has-post-thumbnail","6":"product_cat-painel-de-led","7":"product_cat-painel-de-video","9":"first","10":"instock","11":"shipping-taxable","12":"product-type-simple"},"yoast_head":"<!-- This site is optimized with the Yoast SEO plugin v27.5 - https:\/\/yoast.com\/product\/yoast-seo-wordpress\/ -->\n<title>Pain\u00e9is de LED Outdoor de Alta Qualidade para Displays Claros e de Alta Visibilidade em Todas as Condi\u00e7\u00f5es Clim\u00e1ticas | TELALED<\/title>\n<meta name=\"description\" content=\"Obtenha visuais n\u00edtidos e vibrantes com nossos Pain\u00e9is de LED Outdoor, resistentes \u00e0s intemp\u00e9ries. Perfeitos para publicidade e exibi\u00e7\u00f5es p\u00fablicas. Compre agora solu\u00e7\u00f5es confi\u00e1veis e com efici\u00eancia energ\u00e9tica.\" \/>\n<meta name=\"robots\" content=\"index, follow, max-snippet:-1, max-image-preview:large, max-video-preview:-1\" \/>\n<link rel=\"canonical\" href=\"https:\/\/www.telaled.com\/fr\/fabrica\/paineis-de-led-outdoor-serie-tod\/\" \/>\n<meta property=\"og:locale\" content=\"fr_FR\" \/>\n<meta property=\"og:type\" content=\"article\" \/>\n<meta property=\"og:title\" content=\"Pain\u00e9is de LED Outdoor de Alta Qualidade para Displays Claros e de Alta Visibilidade em Todas as Condi\u00e7\u00f5es Clim\u00e1ticas | TELALED\" \/>\n<meta property=\"og:description\" content=\"Obtenha visuais n\u00edtidos e vibrantes com nossos Pain\u00e9is de LED Outdoor, resistentes \u00e0s intemp\u00e9ries. Perfeitos para publicidade e exibi\u00e7\u00f5es p\u00fablicas. Compre agora solu\u00e7\u00f5es confi\u00e1veis e com efici\u00eancia energ\u00e9tica.\" \/>\n<meta property=\"og:url\" content=\"https:\/\/www.telaled.com\/fr\/fabrica\/paineis-de-led-outdoor-serie-tod\/\" \/>\n<meta property=\"og:site_name\" content=\"TELALED\" \/>\n<meta property=\"article:modified_time\" content=\"2026-01-05T01:57:39+00:00\" \/>\n<meta property=\"og:image\" content=\"https:\/\/www.telaled.com\/wp-content\/uploads\/2025\/07\/Paineis-de-LED-Outdoor-Serie-TOD.webp\" \/>\n\t<meta property=\"og:image:width\" content=\"500\" \/>\n\t<meta property=\"og:image:height\" content=\"500\" \/>\n\t<meta property=\"og:image:type\" content=\"image\/webp\" \/>\n<meta name=\"twitter:card\" content=\"summary_large_image\" \/>\n<meta name=\"twitter:label1\" content=\"Dur\u00e9e de lecture estim\u00e9e\" \/>\n\t<meta name=\"twitter:data1\" content=\"2 minutes\" \/>\n<script type=\"application\/ld+json\" class=\"yoast-schema-graph\">{\"@context\":\"https:\\\/\\\/schema.org\",\"@graph\":[{\"@type\":\"WebPage\",\"@id\":\"https:\\\/\\\/www.telaled.com\\\/fabrica\\\/paineis-de-led-outdoor-serie-tod\\\/\",\"url\":\"https:\\\/\\\/www.telaled.com\\\/fabrica\\\/paineis-de-led-outdoor-serie-tod\\\/\",\"name\":\"Pain\u00e9is de LED Outdoor de Alta Qualidade para Displays Claros e de Alta Visibilidade em Todas as Condi\u00e7\u00f5es Clim\u00e1ticas | TELALED\",\"isPartOf\":{\"@id\":\"https:\\\/\\\/www.telaled.com\\\/#website\"},\"primaryImageOfPage\":{\"@id\":\"https:\\\/\\\/www.telaled.com\\\/fabrica\\\/paineis-de-led-outdoor-serie-tod\\\/#primaryimage\"},\"image\":{\"@id\":\"https:\\\/\\\/www.telaled.com\\\/fabrica\\\/paineis-de-led-outdoor-serie-tod\\\/#primaryimage\"},\"thumbnailUrl\":\"https:\\\/\\\/www.telaled.com\\\/wp-content\\\/uploads\\\/2025\\\/07\\\/Paineis-de-LED-Outdoor-Serie-TOD.webp\",\"datePublished\":\"2025-07-29T08:46:16+00:00\",\"dateModified\":\"2026-01-05T01:57:39+00:00\",\"description\":\"Obtenha visuais n\u00edtidos e vibrantes com nossos Pain\u00e9is de LED Outdoor, resistentes \u00e0s intemp\u00e9ries. Perfeitos para publicidade e exibi\u00e7\u00f5es p\u00fablicas. Compre agora solu\u00e7\u00f5es confi\u00e1veis e com efici\u00eancia energ\u00e9tica.\",\"breadcrumb\":{\"@id\":\"https:\\\/\\\/www.telaled.com\\\/fabrica\\\/paineis-de-led-outdoor-serie-tod\\\/#breadcrumb\"},\"inLanguage\":\"fr-FR\",\"potentialAction\":[{\"@type\":\"ReadAction\",\"target\":[\"https:\\\/\\\/www.telaled.com\\\/fabrica\\\/paineis-de-led-outdoor-serie-tod\\\/\"]}]},{\"@type\":\"ImageObject\",\"inLanguage\":\"fr-FR\",\"@id\":\"https:\\\/\\\/www.telaled.com\\\/fabrica\\\/paineis-de-led-outdoor-serie-tod\\\/#primaryimage\",\"url\":\"https:\\\/\\\/www.telaled.com\\\/wp-content\\\/uploads\\\/2025\\\/07\\\/Paineis-de-LED-Outdoor-Serie-TOD.webp\",\"contentUrl\":\"https:\\\/\\\/www.telaled.com\\\/wp-content\\\/uploads\\\/2025\\\/07\\\/Paineis-de-LED-Outdoor-Serie-TOD.webp\",\"width\":500,\"height\":500,\"caption\":\"Pain\u00e9is-de-LED-Outdoor-S\u00e9rie-TOD\"},{\"@type\":\"BreadcrumbList\",\"@id\":\"https:\\\/\\\/www.telaled.com\\\/fabrica\\\/paineis-de-led-outdoor-serie-tod\\\/#breadcrumb\",\"itemListElement\":[{\"@type\":\"ListItem\",\"position\":1,\"name\":\"Home\",\"item\":\"https:\\\/\\\/www.telaled.com\\\/\"},{\"@type\":\"ListItem\",\"position\":2,\"name\":\"Produtos\",\"item\":\"https:\\\/\\\/www.telaled.com\\\/shop\\\/\"},{\"@type\":\"ListItem\",\"position\":3,\"name\":\"Pain\u00e9is de LED Outdoor S\u00e9rie TOD\"}]},{\"@type\":\"WebSite\",\"@id\":\"https:\\\/\\\/www.telaled.com\\\/#website\",\"url\":\"https:\\\/\\\/www.telaled.com\\\/\",\"name\":\"TELALED\",\"description\":\"\",\"potentialAction\":[{\"@type\":\"SearchAction\",\"target\":{\"@type\":\"EntryPoint\",\"urlTemplate\":\"https:\\\/\\\/www.telaled.com\\\/?s={search_term_string}\"},\"query-input\":{\"@type\":\"PropertyValueSpecification\",\"valueRequired\":true,\"valueName\":\"search_term_string\"}}],\"inLanguage\":\"fr-FR\"}]}<\/script>\n<!-- \/ Yoast SEO plugin. -->","yoast_head_json":{"title":"Panneaux LED ext\u00e9rieurs de haute qualit\u00e9 pour un affichage clair et visible par tous les temps | TELALED","description":"Obtenez des visuels nets et \u00e9clatants gr\u00e2ce \u00e0 nos panneaux LED ext\u00e9rieurs r\u00e9sistants aux intemp\u00e9ries. Parfaits pour la publicit\u00e9 et l&#039;affichage public. Achetez d\u00e8s maintenant des solutions fiables et \u00e9co\u00e9nerg\u00e9tiques.","robots":{"index":"index","follow":"follow","max-snippet":"max-snippet:-1","max-image-preview":"max-image-preview:large","max-video-preview":"max-video-preview:-1"},"canonical":"https:\/\/www.telaled.com\/fr\/fabrica\/paineis-de-led-outdoor-serie-tod\/","og_locale":"fr_FR","og_type":"article","og_title":"Pain\u00e9is de LED Outdoor de Alta Qualidade para Displays Claros e de Alta Visibilidade em Todas as Condi\u00e7\u00f5es Clim\u00e1ticas | TELALED","og_description":"Obtenha visuais n\u00edtidos e vibrantes com nossos Pain\u00e9is de LED Outdoor, resistentes \u00e0s intemp\u00e9ries. Perfeitos para publicidade e exibi\u00e7\u00f5es p\u00fablicas. Compre agora solu\u00e7\u00f5es confi\u00e1veis e com efici\u00eancia energ\u00e9tica.","og_url":"https:\/\/www.telaled.com\/fr\/fabrica\/paineis-de-led-outdoor-serie-tod\/","og_site_name":"TELALED","article_modified_time":"2026-01-05T01:57:39+00:00","og_image":[{"width":500,"height":500,"url":"https:\/\/www.telaled.com\/wp-content\/uploads\/2025\/07\/Paineis-de-LED-Outdoor-Serie-TOD.webp","type":"image\/webp"}],"twitter_card":"summary_large_image","twitter_misc":{"Dur\u00e9e de lecture estim\u00e9e":"2 minutes"},"schema":{"@context":"https:\/\/schema.org","@graph":[{"@type":"WebPage","@id":"https:\/\/www.telaled.com\/fabrica\/paineis-de-led-outdoor-serie-tod\/","url":"https:\/\/www.telaled.com\/fabrica\/paineis-de-led-outdoor-serie-tod\/","name":"Panneaux LED ext\u00e9rieurs de haute qualit\u00e9 pour un affichage clair et visible par tous les temps | TELALED","isPartOf":{"@id":"https:\/\/www.telaled.com\/#website"},"primaryImageOfPage":{"@id":"https:\/\/www.telaled.com\/fabrica\/paineis-de-led-outdoor-serie-tod\/#primaryimage"},"image":{"@id":"https:\/\/www.telaled.com\/fabrica\/paineis-de-led-outdoor-serie-tod\/#primaryimage"},"thumbnailUrl":"https:\/\/www.telaled.com\/wp-content\/uploads\/2025\/07\/Paineis-de-LED-Outdoor-Serie-TOD.webp","datePublished":"2025-07-29T08:46:16+00:00","dateModified":"2026-01-05T01:57:39+00:00","description":"Obtenez des visuels nets et \u00e9clatants gr\u00e2ce \u00e0 nos panneaux LED ext\u00e9rieurs r\u00e9sistants aux intemp\u00e9ries. Parfaits pour la publicit\u00e9 et l&#039;affichage public. Achetez d\u00e8s maintenant des solutions fiables et \u00e9co\u00e9nerg\u00e9tiques.","breadcrumb":{"@id":"https:\/\/www.telaled.com\/fabrica\/paineis-de-led-outdoor-serie-tod\/#breadcrumb"},"inLanguage":"fr-FR","potentialAction":[{"@type":"ReadAction","target":["https:\/\/www.telaled.com\/fabrica\/paineis-de-led-outdoor-serie-tod\/"]}]},{"@type":"ImageObject","inLanguage":"fr-FR","@id":"https:\/\/www.telaled.com\/fabrica\/paineis-de-led-outdoor-serie-tod\/#primaryimage","url":"https:\/\/www.telaled.com\/wp-content\/uploads\/2025\/07\/Paineis-de-LED-Outdoor-Serie-TOD.webp","contentUrl":"https:\/\/www.telaled.com\/wp-content\/uploads\/2025\/07\/Paineis-de-LED-Outdoor-Serie-TOD.webp","width":500,"height":500,"caption":"Pain\u00e9is-de-LED-Outdoor-S\u00e9rie-TOD"},{"@type":"BreadcrumbList","@id":"https:\/\/www.telaled.com\/fabrica\/paineis-de-led-outdoor-serie-tod\/#breadcrumb","itemListElement":[{"@type":"ListItem","position":1,"name":"Home","item":"https:\/\/www.telaled.com\/"},{"@type":"ListItem","position":2,"name":"Produtos","item":"https:\/\/www.telaled.com\/shop\/"},{"@type":"ListItem","position":3,"name":"Pain\u00e9is de LED Outdoor S\u00e9rie TOD"}]},{"@type":"WebSite","@id":"https:\/\/www.telaled.com\/#website","url":"https:\/\/www.telaled.com\/","name":"\u00e9cran LED","description":"","potentialAction":[{"@type":"SearchAction","target":{"@type":"EntryPoint","urlTemplate":"https:\/\/www.telaled.com\/?s={search_term_string}"},"query-input":{"@type":"PropertyValueSpecification","valueRequired":true,"valueName":"search_term_string"}}],"inLanguage":"fr-FR"}]}},"_links":{"self":[{"href":"https:\/\/www.telaled.com\/fr\/wp-json\/wp\/v2\/product\/2792","targetHints":{"allow":["GET"]}}],"collection":[{"href":"https:\/\/www.telaled.com\/fr\/wp-json\/wp\/v2\/product"}],"about":[{"href":"https:\/\/www.telaled.com\/fr\/wp-json\/wp\/v2\/types\/product"}],"wp:featuredmedia":[{"embeddable":true,"href":"https:\/\/www.telaled.com\/fr\/wp-json\/wp\/v2\/media\/2793"}],"wp:attachment":[{"href":"https:\/\/www.telaled.com\/fr\/wp-json\/wp\/v2\/media?parent=2792"}],"wp:term":[{"taxonomy":"product_brand","embeddable":true,"href":"https:\/\/www.telaled.com\/fr\/wp-json\/wp\/v2\/product_brand?post=2792"},{"taxonomy":"product_cat","embeddable":true,"href":"https:\/\/www.telaled.com\/fr\/wp-json\/wp\/v2\/product_cat?post=2792"},{"taxonomy":"product_tag","embeddable":true,"href":"https:\/\/www.telaled.com\/fr\/wp-json\/wp\/v2\/product_tag?post=2792"}],"curies":[{"name":"wp","href":"https:\/\/api.w.org\/{rel}","templated":true}]}}