{"id":2777,"date":"2025-07-29T01:56:28","date_gmt":"2025-07-29T01:56:28","guid":{"rendered":"https:\/\/www.telaled.com\/?post_type=product&#038;p=2777"},"modified":"2026-01-05T01:49:24","modified_gmt":"2026-01-05T01:49:24","slug":"painel-led-economizador-de-energia-serie-toc","status":"publish","type":"product","link":"https:\/\/www.telaled.com\/fr\/fabrica\/painel-led-economizador-de-energia-serie-toc\/","title":{"rendered":"Panneau LED \u00e0 \u00e9conomie d&#039;\u00e9nergie de la s\u00e9rie TOC"},"content":{"rendered":"<div class=\"row\"  id=\"row-1794512011\">\n\n\t<div id=\"col-2030219065\" class=\"col small-12 large-12\"  >\n\t\t\t\t<div class=\"col-inner\"  >\n\t\t\t\n\t\t\t\n<h2>Avantages exclusifs du panneau LED \u00e0 \u00e9conomie d&#039;\u00e9nergie de la s\u00e9rie TOC<\/h2>\n<h3><strong>Durabilit\u00e9 sup\u00e9rieure<\/strong><\/h3>\n<ul>\n<li>La conception modulaire de l&#039;armoire de 960 mm x 960 mm et du panneau de 480 mm x 320 mm, ne pesant que \u2264 26,5 kg par armoire, permet une installation rapide, un d\u00e9montage et un transport facile.<\/li>\n<li>Elle utilise une encapsulation LED avanc\u00e9e. <a href=\"https:\/\/www.telaled.com\/fr\/led-smd\/\">CMS<\/a> 3 en 1, int\u00e9grant des LED rouges, vertes et bleues pour une pr\u00e9cision des couleurs et une luminosit\u00e9 sup\u00e9rieures.<\/li>\n<\/ul>\n<h3><strong>Qualit\u00e9 visuelle exceptionnelle<\/strong><\/h3>\n<ul>\n<li>Taux de rafra\u00eechissement \u00e9lev\u00e9 jusqu&#039;\u00e0 \u2265 3840 Hz<\/li>\n<li>Grand angle de vision 140\u00b0\/140\u00b0<\/li>\n<\/ul>\n<h3><strong>Adaptabilit\u00e9 compl\u00e8te<\/strong><\/h3>\n<ul>\n<li>Protection \u00e9tanche IP65 et ch\u00e2ssis en aluminium moul\u00e9 sous pression pour une utilisation en ext\u00e9rieur.<\/li>\n<li>Luminosit\u00e9 jusqu&#039;\u00e0 6000 cd\/m2<\/li>\n<\/ul>\n<h3><strong>Assistance compl\u00e8te<\/strong><\/h3>\n<ul>\n<li>Assistance technique \u00e0 distance 24h\/24 et 7j\/7 \u2013 Disponible \u00e0 chaque fois que vous avez besoin d\u2019aide.<\/li>\n<li>5% de pi\u00e8ces de rechange incluses \u2013 Profitez d\u2019une plus grande tranquillit\u00e9 d\u2019esprit.<\/li>\n<li>Garantie prolong\u00e9e de 3 ans \u2013 B\u00e9n\u00e9ficiez d\u2019une fiabilit\u00e9 \u00e0 long terme et d\u2019une assistance compl\u00e8te.<\/li>\n<\/ul>\n<h2>D\u00e9tails du produit<\/h2>\n<div class=\"row\"  id=\"row-1095733579\">\n\n\t<div id=\"col-1098330964\" class=\"col medium-10 small-12 large-10\"  >\n\t\t\t\t<div class=\"col-inner text-left\"  >\n\t\t\t\n\t\t\t\n<ul>\n<li>Excellente conception avec goupille de positionnement, poign\u00e9e de module, cordon de s\u00e9curit\u00e9, verrouillage de cadre, rainure de c\u00e2ble cach\u00e9e et plus encore.<\/li>\n<\/ul>\n\t<div class=\"img has-hover x md-x lg-x y md-y lg-y\" id=\"image_121008091\">\n\t\t\t\t\t\t\t\t<div class=\"img-inner dark\" >\n\t\t\t<img loading=\"lazy\" decoding=\"async\" width=\"753\" height=\"533\" src=\"https:\/\/www.telaled.com\/wp-content\/uploads\/2025\/07\/Excelente-design-de-gabinete.webp\" class=\"attachment-original size-original\" alt=\"Excellente conception d&#039;armoire\" srcset=\"https:\/\/www.telaled.com\/wp-content\/uploads\/2025\/07\/Excelente-design-de-gabinete.webp 753w, https:\/\/www.telaled.com\/wp-content\/uploads\/2025\/07\/Excelente-design-de-gabinete-300x212.webp 300w, https:\/\/www.telaled.com\/wp-content\/uploads\/2025\/07\/Excelente-design-de-gabinete-18x12.webp 18w, https:\/\/www.telaled.com\/wp-content\/uploads\/2025\/07\/Excelente-design-de-gabinete-600x425.webp 600w\" sizes=\"auto, (max-width: 753px) 100vw, 753px\" \/>\t\t\t\t\t\t\n\t\t\t\t\t<\/div>\n\t\t\t\t\t\t\t\t\n<style>\n#image_121008091 {\n  width: 95%;\n}\n<\/style>\n\t<\/div>\n\t\n\t\t<\/div>\n\t\t\t\t\t<\/div>\n\n\t\n\n\t<div id=\"col-2043229187\" class=\"col medium-10 small-12 large-10\"  >\n\t\t\t\t<div class=\"col-inner text-left\"  >\n\t\t\t\n\t\t\t\n<ul>\n<li>Excellente dissipation thermique. Luminosit\u00e9 \u00e9lev\u00e9e de 10\u00a0000 nits. Dur\u00e9e de vie sup\u00e9rieure \u00e0 celle des \u00e9crans LED traditionnels.<\/li>\n<\/ul>\n\t<div class=\"img has-hover x md-x lg-x y md-y lg-y\" id=\"image_2034778556\">\n\t\t\t\t\t\t\t\t<div class=\"img-inner dark\" >\n\t\t\t<img loading=\"lazy\" decoding=\"async\" width=\"640\" height=\"430\" src=\"https:\/\/www.telaled.com\/wp-content\/uploads\/2025\/07\/Resfriamento-de-alta-eficiencia.webp\" class=\"attachment-large size-large\" alt=\"Refroidissement \u00e0 haute efficacit\u00e9\" srcset=\"https:\/\/www.telaled.com\/wp-content\/uploads\/2025\/07\/Resfriamento-de-alta-eficiencia.webp 640w, https:\/\/www.telaled.com\/wp-content\/uploads\/2025\/07\/Resfriamento-de-alta-eficiencia-300x202.webp 300w, https:\/\/www.telaled.com\/wp-content\/uploads\/2025\/07\/Resfriamento-de-alta-eficiencia-18x12.webp 18w, https:\/\/www.telaled.com\/wp-content\/uploads\/2025\/07\/Resfriamento-de-alta-eficiencia-600x403.webp 600w\" sizes=\"auto, (max-width: 640px) 100vw, 640px\" \/>\t\t\t\t\t\t\n\t\t\t\t\t<\/div>\n\t\t\t\t\t\t\t\t\n<style>\n#image_2034778556 {\n  width: 95%;\n}\n<\/style>\n\t<\/div>\n\t\n<ul>\n<li>Cet \u00e9cran LED prend en charge <a href=\"https:\/\/www.telaled.com\/fr\/fabrica\/painel-de-led-para-manutencao-frontal-serie-tib\/\">maintenance avant<\/a> et \u00e0 l&#039;arri\u00e8re, offrant une plus grande flexibilit\u00e9 pour diff\u00e9rents environnements d&#039;installation.<\/li>\n<\/ul>\n\t<div class=\"img has-hover x md-x lg-x y md-y lg-y\" id=\"image_892660192\">\n\t\t\t\t\t\t\t\t<div class=\"img-inner dark\" >\n\t\t\t<img loading=\"lazy\" decoding=\"async\" width=\"640\" height=\"430\" src=\"https:\/\/www.telaled.com\/wp-content\/uploads\/2025\/07\/Manutencao-Frontal-e-Traseira.webp\" class=\"attachment-large size-large\" alt=\"Entretien avant et arri\u00e8re\" srcset=\"https:\/\/www.telaled.com\/wp-content\/uploads\/2025\/07\/Manutencao-Frontal-e-Traseira.webp 640w, https:\/\/www.telaled.com\/wp-content\/uploads\/2025\/07\/Manutencao-Frontal-e-Traseira-300x202.webp 300w, https:\/\/www.telaled.com\/wp-content\/uploads\/2025\/07\/Manutencao-Frontal-e-Traseira-18x12.webp 18w, https:\/\/www.telaled.com\/wp-content\/uploads\/2025\/07\/Manutencao-Frontal-e-Traseira-600x403.webp 600w\" sizes=\"auto, (max-width: 640px) 100vw, 640px\" \/>\t\t\t\t\t\t\n\t\t\t\t\t<\/div>\n\t\t\t\t\t\t\t\t\n<style>\n#image_892660192 {\n  width: 95%;\n}\n<\/style>\n\t<\/div>\n\t\n\t\t<\/div>\n\t\t\t\t\t<\/div>\n\n\t\n\n\t<div id=\"col-748808355\" class=\"col medium-10 small-12 large-10\"  >\n\t\t\t\t<div class=\"col-inner text-left\"  >\n\t\t\t\n\t\t\t\n<ul>\n<li>Les \u00e9crans LED sont conditionn\u00e9s en fonction de leur type et de leur utilisation. Les \u00e9crans complets sont plac\u00e9s dans des caisses en bois pour un meilleur maintien. Les modules LED sont exp\u00e9di\u00e9s dans des cartons. Les \u00e9crans de location sont trait\u00e9s diff\u00e9remment\u00a0: ils sont emball\u00e9s dans des caisses pour fret a\u00e9rien. Certains articles sont plac\u00e9s dans des caisses simples, renforc\u00e9es par des cadres en bois pour une protection accrue.<\/li>\n<\/ul>\n\t<div class=\"img has-hover x md-x lg-x y md-y lg-y\" id=\"image_572773042\">\n\t\t\t\t\t\t\t\t<div class=\"img-inner dark\" >\n\t\t\t<img loading=\"lazy\" decoding=\"async\" width=\"760\" height=\"1024\" src=\"https:\/\/www.telaled.com\/wp-content\/uploads\/2025\/06\/Embalagem-760x1024.webp\" class=\"attachment-large size-large\" alt=\"Conditionnement\" srcset=\"https:\/\/www.telaled.com\/wp-content\/uploads\/2025\/06\/Embalagem-760x1024.webp 760w, https:\/\/www.telaled.com\/wp-content\/uploads\/2025\/06\/Embalagem-223x300.webp 223w, https:\/\/www.telaled.com\/wp-content\/uploads\/2025\/06\/Embalagem-768x1035.webp 768w, https:\/\/www.telaled.com\/wp-content\/uploads\/2025\/06\/Embalagem-9x12.webp 9w, https:\/\/www.telaled.com\/wp-content\/uploads\/2025\/06\/Embalagem-600x808.webp 600w, https:\/\/www.telaled.com\/wp-content\/uploads\/2025\/06\/Embalagem.webp 795w\" sizes=\"auto, (max-width: 760px) 100vw, 760px\" \/>\t\t\t\t\t\t\n\t\t\t\t\t<\/div>\n\t\t\t\t\t\t\t\t\n<style>\n#image_572773042 {\n  width: 95%;\n}\n<\/style>\n\t<\/div>\n\t\n\t\t<\/div>\n\t\t\t\t\t<\/div>\n\n\t\n<\/div>\n\t\t<\/div>\n\t\t\t\t\t<\/div>\n\n\t\n\n\t<div id=\"col-1013059499\" class=\"col small-12 large-12\"  >\n\t\t\t\t<div class=\"col-inner\"  >\n\t\t\t\n\t\t\t\n<div class=\"row\"  id=\"row-1536481692\">\n\n\t<div id=\"col-535138537\" class=\"col medium-10 small-12 large-10\"  >\n\t\t\t\t<div class=\"col-inner\"  >\n\t\t\t\n\t\t\t\n\n<table id=\"tablepress-47\" class=\"tablepress tablepress-id-47\">\n<thead>\n<tr class=\"row-1\">\n\t<th class=\"column-1\">Mod\u00e8le<\/th><th class=\"column-2\">TOB - 3,91<\/th><th class=\"column-3\">TOB - 4,81<\/th><th class=\"column-4\">TOB - 6,25<\/th><th class=\"column-5\">TOB - 7,81<\/th><th class=\"column-6\">TOB - 10.42<\/th>\n<\/tr>\n<\/thead>\n<tbody class=\"row-striping row-hover\">\n<tr class=\"row-2\">\n\t<td class=\"column-1\">Pas de pixel<\/td><td class=\"column-2\">3,91 mm<\/td><td class=\"column-3\">4,81 mm<\/td><td class=\"column-4\">6,25 mm<\/td><td class=\"column-5\">7,81 mm<\/td><td class=\"column-6\">10,42 mm<\/td>\n<\/tr>\n<tr class=\"row-3\">\n\t<td class=\"column-1\">Type CMS<\/td><td class=\"column-2\">SMD1921<\/td><td class=\"column-3\">SMD1921<\/td><td class=\"column-4\">SMD2727<\/td><td class=\"column-5\">SMD2727<\/td><td class=\"column-6\">SMD2727<\/td>\n<\/tr>\n<tr class=\"row-4\">\n\t<td class=\"column-1\">Densit\u00e9 physique (points\/m\u00b2)<\/td><td class=\"column-2\"><br \/>\n65536<\/td><td class=\"column-3\"><br \/>\n43264<\/td><td class=\"column-4\"><br \/>\n25600<\/td><td class=\"column-5\"><br \/>\n16384<\/td><td class=\"column-6\"><br \/>\n9216<\/td>\n<\/tr>\n<tr class=\"row-5\">\n\t<td class=\"column-1\">R\u00e9solution du module<\/td><td class=\"column-2\">128x64<\/td><td class=\"column-3\">104x52<\/td><td class=\"column-4\">80x40<\/td><td class=\"column-5\">64x32<\/td><td class=\"column-6\">48x24<\/td>\n<\/tr>\n<tr class=\"row-6\">\n\t<td class=\"column-1\">Dimensions du panneau (LxH\/mm)<\/td><td class=\"column-2\"><br \/>\n500x250<\/td><td class=\"column-3\"><br \/>\n500x250<\/td><td class=\"column-4\"><br \/>\n500x250<\/td><td class=\"column-5\"><br \/>\n500x250<\/td><td class=\"column-6\"><br \/>\n500x250<\/td>\n<\/tr>\n<tr class=\"row-7\">\n\t<td class=\"column-1\">Taille du module (mm)<\/td><td class=\"column-2\">1000x1000x83<\/td><td class=\"column-3\">1000x1000x83<\/td><td class=\"column-4\">1000x1000x83<\/td><td class=\"column-5\">1000x1000x83<\/td><td class=\"column-6\">1000x1000x83<\/td>\n<\/tr>\n<tr class=\"row-8\">\n\t<td class=\"column-1\">R\u00e9solution du panneau<\/td><td class=\"column-2\">256x256<\/td><td class=\"column-3\">208x208<\/td><td class=\"column-4\">160x160<\/td><td class=\"column-5\">128x128<\/td><td class=\"column-6\">96x96<\/td>\n<\/tr>\n<tr class=\"row-9\">\n\t<td class=\"column-1\">Nombre de modules (LxH)<\/td><td class=\"column-2\"><br \/>\n2x4<\/td><td class=\"column-3\"><br \/>\n2x4<\/td><td class=\"column-4\"><br \/>\n2x4<\/td><td class=\"column-5\"><br \/>\n2x4<\/td><td class=\"column-6\"><br \/>\n2x4<\/td>\n<\/tr>\n<tr class=\"row-10\">\n\t<td class=\"column-1\">Poids du panneau (kg)<\/td><td class=\"column-2\">22.5<\/td><td class=\"column-3\">22.5<\/td><td class=\"column-4\">22.5<\/td><td class=\"column-5\">22.5<\/td><td class=\"column-6\">22.5<\/td>\n<\/tr>\n<tr class=\"row-11\">\n\t<td class=\"column-1\">Mode de maintenance<\/td><td class=\"column-2\">Avant et arri\u00e8re<\/td><td class=\"column-3\">Avant et arri\u00e8re<\/td><td class=\"column-4\">Avant et arri\u00e8re<\/td><td class=\"column-5\">Avant et arri\u00e8re<\/td><td class=\"column-6\">Avant et arri\u00e8re<\/td>\n<\/tr>\n<tr class=\"row-12\">\n\t<td class=\"column-1\">Brillance (lentes)<\/td><td class=\"column-2\">6000<\/td><td class=\"column-3\">6000<\/td><td class=\"column-4\">6000<\/td><td class=\"column-5\">6000<\/td><td class=\"column-6\">6000<\/td>\n<\/tr>\n<tr class=\"row-13\">\n\t<td class=\"column-1\">Temp\u00e9rature de couleur (K)<\/td><td class=\"column-2\">1000-18500 r\u00e9glable<\/td><td class=\"column-3\">1000-18500 r\u00e9glable<\/td><td class=\"column-4\">1000-18500 r\u00e9glable<\/td><td class=\"column-5\">1000-18500 r\u00e9glable<\/td><td class=\"column-6\">1000-18500 r\u00e9glable<\/td>\n<\/tr>\n<tr class=\"row-14\">\n\t<td class=\"column-1\">Angle de vision (H\/V)<\/td><td class=\"column-2\">140\u00b0\/160\u00b0<\/td><td class=\"column-3\">140\u00b0\/160\u00b0<\/td><td class=\"column-4\">140\u00b0\/160\u00b0<\/td><td class=\"column-5\">140\u00b0\/160\u00b0<\/td><td class=\"column-6\">140\u00b0\/160\u00b0<\/td>\n<\/tr>\n<tr class=\"row-15\">\n\t<td class=\"column-1\">Meilleure distance de visualisation<\/td><td class=\"column-2\"><br \/>\n4-100 m<\/td><td class=\"column-3\"><br \/>\n4-100 m<\/td><td class=\"column-4\"><br \/>\n6-150 m<\/td><td class=\"column-5\"><br \/>\n8-150 m<\/td><td class=\"column-6\"><br \/>\n10-200 m<\/td>\n<\/tr>\n<tr class=\"row-16\">\n\t<td class=\"column-1\">Rapport de contraste<\/td><td class=\"column-2\">10000:1<\/td><td class=\"column-3\">10000:1<\/td><td class=\"column-4\">10000:1<\/td><td class=\"column-5\">10000:1<\/td><td class=\"column-6\">10000:1<\/td>\n<\/tr>\n<tr class=\"row-17\">\n\t<td class=\"column-1\">Fr\u00e9quence de changement de trame (Hz)<\/td><td class=\"column-2\">50\/60<\/td><td class=\"column-3\">50\/60<\/td><td class=\"column-4\">50\/60<\/td><td class=\"column-5\">50\/60<\/td><td class=\"column-6\">50\/60<\/td>\n<\/tr>\n<tr class=\"row-18\">\n\t<td class=\"column-1\">Mode de conduite<\/td><td class=\"column-2\">Courant constant 1\/16<\/td><td class=\"column-3\">Courant constant 1\/13<\/td><td class=\"column-4\">Courant constant 1\/8<\/td><td class=\"column-5\">Courant constant 1\/8<\/td><td class=\"column-6\">Courant constant 1\/8<\/td>\n<\/tr>\n<tr class=\"row-19\">\n\t<td class=\"column-1\">Niveau de gris<\/td><td class=\"column-2\">16 bits<\/td><td class=\"column-3\">16 bits<\/td><td class=\"column-4\">16 bits<\/td><td class=\"column-5\">16 bits<\/td><td class=\"column-6\">16 bits<\/td>\n<\/tr>\n<tr class=\"row-20\">\n\t<td class=\"column-1\">Taux de rafra\u00eechissement (Hz)<\/td><td class=\"column-2\">3840<\/td><td class=\"column-3\">3840<\/td><td class=\"column-4\">3840<\/td><td class=\"column-5\">3840<\/td><td class=\"column-6\">3840<\/td>\n<\/tr>\n<tr class=\"row-21\">\n\t<td class=\"column-1\">Temp\u00e9rature\/humidit\u00e9 de fonctionnement (\u00b0C\/RH)<\/td><td class=\"column-2\"><br \/>\n-20~60\u00b0C\/10%~85%<\/td><td class=\"column-3\"><br \/>\n-20~60\u00b0C\/10%~85%<\/td><td class=\"column-4\"><br \/>\n-20~60\u00b0C\/10%~85%<\/td><td class=\"column-5\"><br \/>\n-20~60\u00b0C\/10%~85%<\/td><td class=\"column-6\"><br \/>\n-20~60\u00b0C\/10%~85%<\/td>\n<\/tr>\n<\/tbody>\n<\/table>\n<!-- #tablepress-47 from cache -->\n\t\t<\/div>\n\t\t\t\t\t<\/div>\n\n\t\n<\/div>\n\t\t<\/div>\n\t\t\t\t\t<\/div>\n\n\t\n<\/div>","protected":false},"excerpt":{"rendered":"<p><strong>\u00c9cran LED \u00e0 \u00e9conomie d&#039;\u00e9nergie de la s\u00e9rie TOC\u00a0: \u00e9cran LED \u00e0 \u00e9conomie d&#039;\u00e9nergie avec une protection \u00e9lev\u00e9e et une installation facile<\/strong><\/p>\n<p>Notre <em><strong>Panneau LED \u00e0 \u00e9conomie d&#039;\u00e9nergie s\u00e9rie TOC<\/strong><\/em> propose des \u00e9crans LED \u00e0 haute efficacit\u00e9 \u00e9nerg\u00e9tique et \u00e0 tr\u00e8s faible consommation. <a href=\"https:\/\/www.telaled.com\/fr\/entendendo-o-consumo-de-energia-painel-de-led-quao-eficientes-sao-os-displays-de-led-modernos\/\">consommation d&#039;\u00e9nergie<\/a> et une protection IP65. Sa conception modulaire, associ\u00e9e \u00e0 une facilit\u00e9 d&#039;installation et de maintenance, en fait le choix id\u00e9al pour les solutions publicitaires dynamiques.<\/p>\n<p><strong>Caract\u00e9ristiques principales :<\/strong><\/p>\n<ul>\n<li><strong>Efficacit\u00e9 \u00e9nerg\u00e9tique :<\/strong> La technologie \u00e0 cathode commune r\u00e9duit consid\u00e9rablement la consommation d&#039;\u00e9nergie et la production de chaleur.<\/li>\n<li><strong>Maintenance flexible :<\/strong> La conception avec acc\u00e8s par l&#039;avant et par l&#039;arri\u00e8re facilite et acc\u00e9l\u00e8re la maintenance, r\u00e9duisant ainsi les temps d&#039;arr\u00eat.<\/li>\n<li><strong>Tailles personnalisables\u00a0:<\/strong> Disponible en diff\u00e9rentes tailles de pixels (P4.44, P5.7, P6.66, P8, P10) pour s&#039;adapter \u00e0 diff\u00e9rentes distances de vision et applications.<\/li>\n<\/ul>\n<p>La conception modulaire de l&#039;armoire de 960 mm x 960 mm et du panneau de 480 mm x 320 mm, pesant seulement 25 kg par armoire, permet une installation et un d\u00e9montage rapides et un transport facile.<\/p>\n<p>Assistance \u00e0 distance 24h\/24 et 7j\/7 et garantie de 3 ans incluses. Contactez-nous d\u00e8s aujourd&#039;hui pour un devis personnalis\u00e9.<\/p>","protected":false},"featured_media":2779,"template":"","meta":[],"product_brand":[],"product_cat":[40,46],"product_tag":[],"class_list":{"0":"post-2777","1":"product","2":"type-product","3":"status-publish","4":"has-post-thumbnail","6":"product_cat-painel-de-led","7":"product_cat-painel-de-video","9":"first","10":"instock","11":"shipping-taxable","12":"product-type-simple"},"yoast_head":"<!-- This site is optimized with the Yoast SEO plugin v27.5 - https:\/\/yoast.com\/product\/yoast-seo-wordpress\/ -->\n<title>Painel LED Economizador de Energia S\u00e9rie TOC | Para Uma Solu\u00e7\u00e3o de Exibi\u00e7\u00e3o Eficiente | TELALED<\/title>\n<meta name=\"description\" content=\"Aumente a efici\u00eancia com os nossos pain\u00e9is LED energeticamente eficientes, concebidos para reduzir4 os custos de energia e proporcionar um ecr\u00e3 brilhante e consistente. Pe\u00e7a um or\u00e7amento agora mesmo!\" \/>\n<meta name=\"robots\" content=\"index, follow, max-snippet:-1, max-image-preview:large, max-video-preview:-1\" \/>\n<link rel=\"canonical\" href=\"https:\/\/www.telaled.com\/fr\/fabrica\/painel-led-economizador-de-energia-serie-toc\/\" \/>\n<meta property=\"og:locale\" content=\"fr_FR\" \/>\n<meta property=\"og:type\" content=\"article\" \/>\n<meta property=\"og:title\" content=\"Painel LED Economizador de Energia S\u00e9rie TOC | Para Uma Solu\u00e7\u00e3o de Exibi\u00e7\u00e3o Eficiente | TELALED\" \/>\n<meta property=\"og:description\" content=\"Aumente a efici\u00eancia com os nossos pain\u00e9is LED energeticamente eficientes, concebidos para reduzir4 os custos de energia e proporcionar um ecr\u00e3 brilhante e consistente. Pe\u00e7a um or\u00e7amento agora mesmo!\" \/>\n<meta property=\"og:url\" content=\"https:\/\/www.telaled.com\/fr\/fabrica\/painel-led-economizador-de-energia-serie-toc\/\" \/>\n<meta property=\"og:site_name\" content=\"TELALED\" \/>\n<meta property=\"article:modified_time\" content=\"2026-01-05T01:49:24+00:00\" \/>\n<meta property=\"og:image\" content=\"https:\/\/www.telaled.com\/wp-content\/uploads\/2025\/07\/Painel-LED-Economizador-de-Energia-Serie-TOC.jpg\" \/>\n\t<meta property=\"og:image:width\" content=\"500\" \/>\n\t<meta property=\"og:image:height\" content=\"500\" \/>\n\t<meta property=\"og:image:type\" content=\"image\/jpeg\" \/>\n<meta name=\"twitter:card\" content=\"summary_large_image\" \/>\n<meta name=\"twitter:label1\" content=\"Dur\u00e9e de lecture estim\u00e9e\" \/>\n\t<meta name=\"twitter:data1\" content=\"2 minutes\" \/>\n<script type=\"application\/ld+json\" class=\"yoast-schema-graph\">{\"@context\":\"https:\\\/\\\/schema.org\",\"@graph\":[{\"@type\":\"WebPage\",\"@id\":\"https:\\\/\\\/www.telaled.com\\\/fabrica\\\/painel-led-economizador-de-energia-serie-toc\\\/\",\"url\":\"https:\\\/\\\/www.telaled.com\\\/fabrica\\\/painel-led-economizador-de-energia-serie-toc\\\/\",\"name\":\"Painel LED Economizador de Energia S\u00e9rie TOC | Para Uma Solu\u00e7\u00e3o de Exibi\u00e7\u00e3o Eficiente | TELALED\",\"isPartOf\":{\"@id\":\"https:\\\/\\\/www.telaled.com\\\/#website\"},\"primaryImageOfPage\":{\"@id\":\"https:\\\/\\\/www.telaled.com\\\/fabrica\\\/painel-led-economizador-de-energia-serie-toc\\\/#primaryimage\"},\"image\":{\"@id\":\"https:\\\/\\\/www.telaled.com\\\/fabrica\\\/painel-led-economizador-de-energia-serie-toc\\\/#primaryimage\"},\"thumbnailUrl\":\"https:\\\/\\\/www.telaled.com\\\/wp-content\\\/uploads\\\/2025\\\/07\\\/Painel-LED-Economizador-de-Energia-Serie-TOC.jpg\",\"datePublished\":\"2025-07-29T01:56:28+00:00\",\"dateModified\":\"2026-01-05T01:49:24+00:00\",\"description\":\"Aumente a efici\u00eancia com os nossos pain\u00e9is LED energeticamente eficientes, concebidos para reduzir4 os custos de energia e proporcionar um ecr\u00e3 brilhante e consistente. Pe\u00e7a um or\u00e7amento agora mesmo!\",\"breadcrumb\":{\"@id\":\"https:\\\/\\\/www.telaled.com\\\/fabrica\\\/painel-led-economizador-de-energia-serie-toc\\\/#breadcrumb\"},\"inLanguage\":\"fr-FR\",\"potentialAction\":[{\"@type\":\"ReadAction\",\"target\":[\"https:\\\/\\\/www.telaled.com\\\/fabrica\\\/painel-led-economizador-de-energia-serie-toc\\\/\"]}]},{\"@type\":\"ImageObject\",\"inLanguage\":\"fr-FR\",\"@id\":\"https:\\\/\\\/www.telaled.com\\\/fabrica\\\/painel-led-economizador-de-energia-serie-toc\\\/#primaryimage\",\"url\":\"https:\\\/\\\/www.telaled.com\\\/wp-content\\\/uploads\\\/2025\\\/07\\\/Painel-LED-Economizador-de-Energia-Serie-TOC.jpg\",\"contentUrl\":\"https:\\\/\\\/www.telaled.com\\\/wp-content\\\/uploads\\\/2025\\\/07\\\/Painel-LED-Economizador-de-Energia-Serie-TOC.jpg\",\"width\":500,\"height\":500},{\"@type\":\"BreadcrumbList\",\"@id\":\"https:\\\/\\\/www.telaled.com\\\/fabrica\\\/painel-led-economizador-de-energia-serie-toc\\\/#breadcrumb\",\"itemListElement\":[{\"@type\":\"ListItem\",\"position\":1,\"name\":\"Home\",\"item\":\"https:\\\/\\\/www.telaled.com\\\/\"},{\"@type\":\"ListItem\",\"position\":2,\"name\":\"Produtos\",\"item\":\"https:\\\/\\\/www.telaled.com\\\/shop\\\/\"},{\"@type\":\"ListItem\",\"position\":3,\"name\":\"Painel LED Economizador de Energia S\u00e9rie TOC\"}]},{\"@type\":\"WebSite\",\"@id\":\"https:\\\/\\\/www.telaled.com\\\/#website\",\"url\":\"https:\\\/\\\/www.telaled.com\\\/\",\"name\":\"TELALED\",\"description\":\"\",\"potentialAction\":[{\"@type\":\"SearchAction\",\"target\":{\"@type\":\"EntryPoint\",\"urlTemplate\":\"https:\\\/\\\/www.telaled.com\\\/?s={search_term_string}\"},\"query-input\":{\"@type\":\"PropertyValueSpecification\",\"valueRequired\":true,\"valueName\":\"search_term_string\"}}],\"inLanguage\":\"fr-FR\"}]}<\/script>\n<!-- \/ Yoast SEO plugin. -->","yoast_head_json":{"title":"Panneau LED \u00e9co\u00e9nerg\u00e9tique s\u00e9rie TOC | Solution d&#039;affichage performante | TELALED","description":"Am\u00e9liorez votre efficacit\u00e9 gr\u00e2ce \u00e0 nos panneaux LED \u00e9co\u00e9nerg\u00e9tiques, con\u00e7us pour r\u00e9duire vos co\u00fbts \u00e9nerg\u00e9tiques et offrir un affichage lumineux et homog\u00e8ne. Demandez un devis d\u00e8s maintenant\u00a0!","robots":{"index":"index","follow":"follow","max-snippet":"max-snippet:-1","max-image-preview":"max-image-preview:large","max-video-preview":"max-video-preview:-1"},"canonical":"https:\/\/www.telaled.com\/fr\/fabrica\/painel-led-economizador-de-energia-serie-toc\/","og_locale":"fr_FR","og_type":"article","og_title":"Painel LED Economizador de Energia S\u00e9rie TOC | Para Uma Solu\u00e7\u00e3o de Exibi\u00e7\u00e3o Eficiente | TELALED","og_description":"Aumente a efici\u00eancia com os nossos pain\u00e9is LED energeticamente eficientes, concebidos para reduzir4 os custos de energia e proporcionar um ecr\u00e3 brilhante e consistente. Pe\u00e7a um or\u00e7amento agora mesmo!","og_url":"https:\/\/www.telaled.com\/fr\/fabrica\/painel-led-economizador-de-energia-serie-toc\/","og_site_name":"TELALED","article_modified_time":"2026-01-05T01:49:24+00:00","og_image":[{"width":500,"height":500,"url":"https:\/\/www.telaled.com\/wp-content\/uploads\/2025\/07\/Painel-LED-Economizador-de-Energia-Serie-TOC.jpg","type":"image\/jpeg"}],"twitter_card":"summary_large_image","twitter_misc":{"Dur\u00e9e de lecture estim\u00e9e":"2 minutes"},"schema":{"@context":"https:\/\/schema.org","@graph":[{"@type":"WebPage","@id":"https:\/\/www.telaled.com\/fabrica\/painel-led-economizador-de-energia-serie-toc\/","url":"https:\/\/www.telaled.com\/fabrica\/painel-led-economizador-de-energia-serie-toc\/","name":"Panneau LED \u00e9co\u00e9nerg\u00e9tique s\u00e9rie TOC | Solution d&#039;affichage performante | TELALED","isPartOf":{"@id":"https:\/\/www.telaled.com\/#website"},"primaryImageOfPage":{"@id":"https:\/\/www.telaled.com\/fabrica\/painel-led-economizador-de-energia-serie-toc\/#primaryimage"},"image":{"@id":"https:\/\/www.telaled.com\/fabrica\/painel-led-economizador-de-energia-serie-toc\/#primaryimage"},"thumbnailUrl":"https:\/\/www.telaled.com\/wp-content\/uploads\/2025\/07\/Painel-LED-Economizador-de-Energia-Serie-TOC.jpg","datePublished":"2025-07-29T01:56:28+00:00","dateModified":"2026-01-05T01:49:24+00:00","description":"Am\u00e9liorez votre efficacit\u00e9 gr\u00e2ce \u00e0 nos panneaux LED \u00e9co\u00e9nerg\u00e9tiques, con\u00e7us pour r\u00e9duire vos co\u00fbts \u00e9nerg\u00e9tiques et offrir un affichage lumineux et homog\u00e8ne. Demandez un devis d\u00e8s maintenant\u00a0!","breadcrumb":{"@id":"https:\/\/www.telaled.com\/fabrica\/painel-led-economizador-de-energia-serie-toc\/#breadcrumb"},"inLanguage":"fr-FR","potentialAction":[{"@type":"ReadAction","target":["https:\/\/www.telaled.com\/fabrica\/painel-led-economizador-de-energia-serie-toc\/"]}]},{"@type":"ImageObject","inLanguage":"fr-FR","@id":"https:\/\/www.telaled.com\/fabrica\/painel-led-economizador-de-energia-serie-toc\/#primaryimage","url":"https:\/\/www.telaled.com\/wp-content\/uploads\/2025\/07\/Painel-LED-Economizador-de-Energia-Serie-TOC.jpg","contentUrl":"https:\/\/www.telaled.com\/wp-content\/uploads\/2025\/07\/Painel-LED-Economizador-de-Energia-Serie-TOC.jpg","width":500,"height":500},{"@type":"BreadcrumbList","@id":"https:\/\/www.telaled.com\/fabrica\/painel-led-economizador-de-energia-serie-toc\/#breadcrumb","itemListElement":[{"@type":"ListItem","position":1,"name":"Home","item":"https:\/\/www.telaled.com\/"},{"@type":"ListItem","position":2,"name":"Produtos","item":"https:\/\/www.telaled.com\/shop\/"},{"@type":"ListItem","position":3,"name":"Painel LED Economizador de Energia S\u00e9rie TOC"}]},{"@type":"WebSite","@id":"https:\/\/www.telaled.com\/#website","url":"https:\/\/www.telaled.com\/","name":"\u00e9cran LED","description":"","potentialAction":[{"@type":"SearchAction","target":{"@type":"EntryPoint","urlTemplate":"https:\/\/www.telaled.com\/?s={search_term_string}"},"query-input":{"@type":"PropertyValueSpecification","valueRequired":true,"valueName":"search_term_string"}}],"inLanguage":"fr-FR"}]}},"_links":{"self":[{"href":"https:\/\/www.telaled.com\/fr\/wp-json\/wp\/v2\/product\/2777","targetHints":{"allow":["GET"]}}],"collection":[{"href":"https:\/\/www.telaled.com\/fr\/wp-json\/wp\/v2\/product"}],"about":[{"href":"https:\/\/www.telaled.com\/fr\/wp-json\/wp\/v2\/types\/product"}],"wp:featuredmedia":[{"embeddable":true,"href":"https:\/\/www.telaled.com\/fr\/wp-json\/wp\/v2\/media\/2779"}],"wp:attachment":[{"href":"https:\/\/www.telaled.com\/fr\/wp-json\/wp\/v2\/media?parent=2777"}],"wp:term":[{"taxonomy":"product_brand","embeddable":true,"href":"https:\/\/www.telaled.com\/fr\/wp-json\/wp\/v2\/product_brand?post=2777"},{"taxonomy":"product_cat","embeddable":true,"href":"https:\/\/www.telaled.com\/fr\/wp-json\/wp\/v2\/product_cat?post=2777"},{"taxonomy":"product_tag","embeddable":true,"href":"https:\/\/www.telaled.com\/fr\/wp-json\/wp\/v2\/product_tag?post=2777"}],"curies":[{"name":"wp","href":"https:\/\/api.w.org\/{rel}","templated":true}]}}