{"id":2588,"date":"2025-07-16T09:39:44","date_gmt":"2025-07-16T09:39:44","guid":{"rendered":"https:\/\/www.telaled.com\/?post_type=product&#038;p=2588"},"modified":"2026-01-02T09:32:42","modified_gmt":"2026-01-02T09:32:42","slug":"modulo-painel-de-led-p5-exteriores","status":"publish","type":"product","link":"https:\/\/www.telaled.com\/fr\/fabrica\/modulo-painel-de-led-p5-exteriores\/","title":{"rendered":"Module de panneau LED ext\u00e9rieur P5"},"content":{"rendered":"<div id=\"featurebullets_feature_div\" class=\"celwidget\" data-feature-name=\"featurebullets\" data-csa-c-type=\"widget\" data-csa-c-content-id=\"featurebullets\" data-csa-c-slot-id=\"featurebullets_feature_div\" data-csa-c-asin=\"B07DF32D6Q\" data-csa-c-is-in-initial-active-row=\"false\" data-csa-c-id=\"3j0pnl-7cjnp-9t8psx-tspeog\">\n<div id=\"feature-bullets\" class=\"a-section a-spacing-medium a-spacing-top-small\">\n<div data-zone-id=\"0\" data-line-index=\"0\" data-line=\"true\">\n<p><strong>Principales applications :<\/strong><\/p>\n<ul>\n<li><strong>Publicit\u00e9 ext\u00e9rieure :<\/strong> Id\u00e9al pour les panneaux d&#039;affichage et l&#039;affichage num\u00e9rique dans les zones \u00e0 fort trafic comme les rues, les autoroutes et les centres commerciaux. Prend en charge les contenus statiques et dynamiques pour des publicit\u00e9s attrayantes.<\/li>\n<li><strong>Affichages d&#039;\u00e9v\u00e9nements\u00a0:<\/strong> Id\u00e9al pour les concerts, festivals, \u00e9v\u00e9nements sportifs et salons professionnels, offrant une excellente visibilit\u00e9 et des images de haute qualit\u00e9 sous plusieurs angles.<\/li>\n<li><strong>Affichages d&#039;information publique :<\/strong> Utilis\u00e9 dans les a\u00e9roports, les gares et les centres commerciaux pour des informations en temps r\u00e9el, des alertes d&#039;urgence et des cartes num\u00e9riques.<\/li>\n<li><strong>Pr\u00e9sentoirs commerciaux et de d\u00e9tail<\/strong>: Am\u00e9liore l&#039;exp\u00e9rience en magasin en affichant les d\u00e9tails des produits, les promotions et les publicit\u00e9s num\u00e9riques dans les environnements de vente au d\u00e9tail \u00e0 fort trafic.<\/li>\n<\/ul>\n<p><strong>Technologie \u00e9prouv\u00e9e :<\/strong><\/p>\n<ul>\n<li>IP65 \u2013 R\u00e9sistance \u00e0 la poussi\u00e8re et \u00e0 l\u2019humidit\u00e9.<\/li>\n<li>D\u00e9grad\u00e9 16 bits (281 trillions de couleurs). \u2013 Photor\u00e9aliste.<\/li>\n<li>Certification CE\/RoHS\/ISO9001 \u2013 Qualit\u00e9 industrielle garantie.<\/li>\n<\/ul>\n<p><img loading=\"lazy\" decoding=\"async\" class=\"alignnone wp-image-2017 size-full\" src=\"https:\/\/www.telaled.com\/wp-content\/uploads\/2023\/06\/quality-led-module-materials-1.webp\" alt=\"mat\u00e9riaux de module LED de qualit\u00e9\" width=\"768\" height=\"555\" srcset=\"https:\/\/www.telaled.com\/wp-content\/uploads\/2023\/06\/quality-led-module-materials-1.webp 768w, https:\/\/www.telaled.com\/wp-content\/uploads\/2023\/06\/quality-led-module-materials-1-300x217.webp 300w, https:\/\/www.telaled.com\/wp-content\/uploads\/2023\/06\/quality-led-module-materials-1-18x12.webp 18w, https:\/\/www.telaled.com\/wp-content\/uploads\/2023\/06\/quality-led-module-materials-1-600x434.webp 600w\" sizes=\"auto, (max-width: 768px) 100vw, 768px\" \/><\/p>\n<\/div>\n<\/div>\n<\/div>\n<div data-feature-name=\"acf-carousel\" data-csa-c-type=\"widget\" data-csa-c-content-id=\"acf-carousel\" data-csa-c-slot-id=\"acf-carousel_feature_div\" data-csa-c-asin=\"B07DF32D6Q\" data-csa-c-is-in-initial-active-row=\"false\" data-csa-c-id=\"oqpgyr-mh4egp-nntzd2-kyiiqq\">\n<table id=\"tablepress-37\" class=\"tablepress tablepress-id-37\">\n<thead>\n<tr class=\"row-1\">\n\t<th colspan=\"4\" class=\"column-1\">D\u00e9tails techniques<\/th>\n<\/tr>\n<\/thead>\n<tbody class=\"row-striping row-hover\">\n<tr class=\"row-2\">\n\t<td class=\"column-1\">Num\u00e9ro de mod\u00e8le<\/td><td class=\"column-2\">Module de panneau LED ext\u00e9rieur TL \u2013 P5<\/td><td class=\"column-3\"><\/td><td class=\"column-4\"><\/td>\n<\/tr>\n<tr class=\"row-3\">\n\t<td class=\"column-1\">Nom de marque<\/td><td class=\"column-2\">Fabricant TELALED<\/td><td class=\"column-3\">Plan\u00e9it\u00e9 de l&#039;\u00e9cran<\/td><td class=\"column-4\">&lt;\u00b11 mm<\/td>\n<\/tr>\n<tr class=\"row-4\">\n\t<td class=\"column-1\">Lieu d&#039;origine<\/td><td class=\"column-2\">Guangdong, Chine<\/td><td class=\"column-3\">Temps moyen entre pannes (MTBF)<\/td><td class=\"column-4\">10 000 heures<\/td>\n<\/tr>\n<tr class=\"row-5\">\n\t<td class=\"column-1\">Distance des pixels<\/td><td class=\"column-2\">P5<\/td><td class=\"column-3\">Dur\u00e9e de vie utile<\/td><td class=\"column-4\">100 000 heures<\/td>\n<\/tr>\n<tr class=\"row-6\">\n\t<td class=\"column-1\">Distance minimale de visualisation<\/td><td class=\"column-2\">5 m<\/td><td class=\"column-3\">Afficher la tension de fonctionnement<\/td><td class=\"column-4\">CA 46 ~ 54 Hz, 220 V \u00b1 151 TP3T\/110 V \u00b1 151 TP3T<\/td>\n<\/tr>\n<tr class=\"row-7\">\n\t<td class=\"column-1\">Configuration des LED<\/td><td class=\"column-2\">SMD2727<\/td><td class=\"column-3\">Att\u00e9nuation de la lumi\u00e8re<\/td><td class=\"column-4\">\uff1c3%<\/td>\n<\/tr>\n<tr class=\"row-8\">\n\t<td class=\"column-1\">R\u00e9solution du module<\/td><td class=\"column-2\">64\u00d732 pixels<\/td><td class=\"column-3\">Courant de fuite<\/td><td class=\"column-4\">\uff1c3mA<\/td>\n<\/tr>\n<tr class=\"row-9\">\n\t<td class=\"column-1\">Pixels du module<\/td><td class=\"column-2\">2048 pixels<\/td><td class=\"column-3\">5408 pixels<\/td><td class=\"column-4\">IP65<\/td>\n<\/tr>\n<tr class=\"row-10\">\n\t<td class=\"column-1\">Taille du module<\/td><td class=\"column-2\">\tL320 mm x H160 mm x T17<\/td><td class=\"column-3\">Temp\u00e9rature et humidit\u00e9 de l&#039;environnement de travail<\/td><td class=\"column-4\">Temp\u00e9rature : -20\u00b0C~+60\u00b0C \/ Humidit\u00e9 : 10%~90% HR<\/td>\n<\/tr>\n<tr class=\"row-11\">\n\t<td class=\"column-1\">Taille de l&#039;armoire<\/td><td class=\"column-2\">640 mm * 640 mm<\/td><td class=\"column-3\">M\u00e9dias pris en charge<\/td><td class=\"column-4\">Donn\u00e9es techniques, photos, mod\u00e8les CAO, vid\u00e9o<\/td>\n<\/tr>\n<tr class=\"row-12\">\n\t<td class=\"column-1\">Configuration des pixels<\/td><td class=\"column-2\">SMD3en1, couleur R\/V\/B 1:1:1<\/td><td class=\"column-3\">Fonction<\/td><td class=\"column-4\">SDK<\/td>\n<\/tr>\n<tr class=\"row-13\">\n\t<td class=\"column-1\">Brillance \u00e9quilibr\u00e9e<\/td><td class=\"column-2\">7000 cd\/m\u00b2 (int\u00e9rieur)<\/td><td class=\"column-3\">Mode de contr\u00f4le<\/td><td class=\"column-4\">Synchronisation via DVI avec PC de contr\u00f4le<\/td>\n<\/tr>\n<tr class=\"row-14\">\n\t<td class=\"column-1\">M\u00e9thode d&#039;entra\u00eenement<\/td><td class=\"column-2\">1\/8 de num\u00e9risation<\/td><td class=\"column-3\">Logiciels pris en charge<\/td><td class=\"column-4\">Windows XP\/W7\/Vista<\/td>\n<\/tr>\n<tr class=\"row-15\">\n\t<td class=\"column-1\">Taux de mise \u00e0 jour<\/td><td class=\"column-2\">\u2265 1920 Hz<\/td><td class=\"column-3\">Syst\u00e8me de contr\u00f4le<\/td><td class=\"column-4\">Carte DVI + contr\u00f4leur couleur + fibre optique (en option)<\/td>\n<\/tr>\n<tr class=\"row-16\">\n\t<td class=\"column-1\">Fr\u00e9quence de d\u00e9tection des changements<\/td><td class=\"column-2\">50-60 Hz<\/td><td class=\"column-3\">Marque du syst\u00e8me de contr\u00f4le principal<\/td><td class=\"column-4\">Novastar, Linsn, Huidu, lumi\u00e8re color\u00e9e<\/td>\n<\/tr>\n<tr class=\"row-17\">\n\t<td class=\"column-1\">Angle de vision<\/td><td class=\"column-2\">H140\u00b0 V120\u00b0<\/td><td class=\"column-3\">Interface<\/td><td class=\"column-4\">Ethernet standard<\/td>\n<\/tr>\n<tr class=\"row-18\">\n\t<td class=\"column-1\">Taux de lumi\u00e8re inactive<\/td><td class=\"column-2\">\u22641%<\/td><td class=\"column-3\">Distance de transmission<\/td><td class=\"column-4\">Fibre multimode <500m >\n<\/tr>\n<tr class=\"row-19\">\n\t<td class=\"column-1\">Gaspillage d&#039;\u00e9nergie<\/td><td class=\"column-2\">700*1000 W\/M2<\/td><td class=\"column-3\">Garantie<\/td><td class=\"column-4\">5 ans<\/td>\n<\/tr>\n<tr class=\"row-20\">\n\t<td class=\"column-1\">Consommation moyenne d&#039;\u00e9nergie<\/td><td class=\"column-2\">550 W\/M2<\/td><td class=\"column-3\">Type de fournisseur<\/td><td class=\"column-4\">Fabricant d&#039;origine\/ODM\/OEM<\/td>\n<\/tr>\n<tr class=\"row-21\">\n\t<td class=\"column-1\">Niveau de gris<\/td><td class=\"column-2\">16 bits (281\u00a0000 milliards de couleurs) \/ 65\u00a0536 nuances par couleur primaire<\/td><td class=\"column-3\">D\u00e9lai de livraison<\/td><td class=\"column-4\">25 (ou n\u00e9gociable)<\/td>\n<\/tr>\n<tr class=\"row-22\">\n\t<td class=\"column-1\">Couleur d&#039;affichage<\/td><td class=\"column-2\">16 mois<\/td><td class=\"column-3\">Application<\/td><td class=\"column-4\">Publicit\u00e9\/Int\u00e9rieur\/Ext\u00e9rieur<\/td>\n<\/tr>\n<tr class=\"row-23\">\n\t<td class=\"column-1\">Heures de travail ininterrompues<\/td><td class=\"column-2\">\u2265 72 heures<\/td><td class=\"column-3\">Utiliser<\/td><td class=\"column-4\">Publicit\u00e9 num\u00e9rique, centres commerciaux, affichages de bienvenue, halls d&#039;exposition, a\u00e9roports, \u00e9glises, sports, \u00e9v\u00e9nements, r\u00e9unions, locations, sc\u00e8nes, automobile, vente au d\u00e9tail, mariages<\/td>\n<\/tr>\n<tr class=\"row-24\">\n\t<td class=\"column-1\">Taux d&#039;angle mort discret<\/td><td class=\"column-2\"><1><td class=\"column-3\">D\u00e9tails de l&#039;emballage<\/td><td class=\"column-4\">Bo\u00eete en carton renforc\u00e9 + bois<\/td>\n<\/tr>\n<tr class=\"row-25\">\n\t<td class=\"column-1\">Taux d&#039;angle mort continu<\/td><td class=\"column-2\">Aucun<\/td><td class=\"column-3\">Capacit\u00e9 d&#039;approvisionnement<\/td><td class=\"column-4\">5 000 unit\u00e9s\/mois<\/td>\n<\/tr>\n<tr class=\"row-26\">\n\t<td class=\"column-1\">Taux d&#039;angle mort<\/td><td class=\"column-2\"><1><td class=\"column-3\">Port<\/td><td class=\"column-4\">Shenzhen<\/td>\n<\/tr>\n<\/tbody>\n<\/table>\n<\/div>\n<div id=\"provenanceCertifications_feature_div\" class=\"celwidget\" data-feature-name=\"provenanceCertifications\" data-csa-c-type=\"widget\" data-csa-c-content-id=\"provenanceCertifications\" data-csa-c-slot-id=\"provenanceCertifications_feature_div\" data-csa-c-asin=\"B07DF32D6Q\" data-csa-c-is-in-initial-active-row=\"false\" data-csa-c-id=\"6t8ho-xbknmj-nqaso5-ne24gd\">\n<div id=\"provenance-certifications\" class=\"a-section a-spacing-medium a-spacing-top-micro\">\u00a0<\/div>\n<\/div>","protected":false},"excerpt":{"rendered":"<p><strong>Module de panneau LED ext\u00e9rieur P5\u00a0: \u00e9cran ext\u00e9rieur durable et haute r\u00e9solution<\/strong><\/p>\n<p>LE <strong>Module de panneau LED ext\u00e9rieur P5<\/strong> Il offre des visuels \u00e9clatants avec un espacement de pixels de 5 mm, id\u00e9al pour la publicit\u00e9 ext\u00e9rieure et... <a href=\"https:\/\/www.telaled.com\/fr\/painel-de-led-para-eventos\/\">\u00e9v\u00e9nements<\/a>. Elle est dot\u00e9e d&#039;une conception r\u00e9sistante aux intemp\u00e9ries avec une protection IP65, assurant sa durabilit\u00e9 dans des conditions difficiles. Avec une faible <a href=\"https:\/\/www.telaled.com\/fr\/entendendo-o-consumo-de-energia-painel-de-led-quao-eficientes-sao-os-displays-de-led-modernos\/\">consommation d&#039;\u00e9nergie<\/a> Facile \u00e0 installer, ce module offre des images nettes et lumineuses m\u00eame en plein soleil.<\/p>\n<p><strong>Principaux avantages :<\/strong><br \/>\n<strong><br \/>\n\u2714 \u00c9cran haute r\u00e9solution :<\/strong> Pas de pixel de 5 mm pour des images nettes et d\u00e9taill\u00e9es. Lecture vid\u00e9o HD, 720p, 1080p, 2K et 4K pour un contenu dynamique.<strong><br \/>\n<\/strong><\/p>\n<p><strong>\u2714 Robuste r\u00e9sistance aux intemp\u00e9ries : <\/strong>L&#039;indice IP65 assure une protection compl\u00e8te contre la poussi\u00e8re et les jets d&#039;eau, ce qui le rend id\u00e9al pour tous les environnements ext\u00e9rieurs.<strong><br \/>\n<\/strong><\/p>\n<p><strong>\u2714 <a href=\"https:\/\/www.telaled.com\/fr\/fabrica\/painel-led-economizador-de-energia-serie-toc\/\">Efficacit\u00e9 \u00e9nerg\u00e9tique<\/a>: <\/strong>Consommation \u00e9lectrique moyenne de 550 W\/m2, optimisant l&#039;utilisation de l&#039;\u00e9nergie sans sacrifier les performances.<strong><br \/>\n<\/strong><\/p>\n<p><strong>\u2714 Grand angle de vision :<\/strong> Angles de vision horizontaux et verticaux de 120 et 140, assurant une excellente visibilit\u00e9 sous plusieurs perspectives dans les grands espaces ext\u00e9rieurs.<\/p>","protected":false},"featured_media":2706,"template":"","meta":[],"product_brand":[],"product_cat":[41],"product_tag":[],"class_list":{"0":"post-2588","1":"product","2":"type-product","3":"status-publish","4":"has-post-thumbnail","6":"product_cat-modulo-painel-de-led","8":"first","9":"instock","10":"shipping-taxable","11":"product-type-simple"},"yoast_head":"<!-- This site is optimized with the Yoast SEO plugin v27.5 - https:\/\/yoast.com\/product\/yoast-seo-wordpress\/ -->\n<title>Modulo Painel de LED P5 Exteriores | Tela de Alta Qualidade para Publicidade Externa |TELALED<\/title>\n<meta name=\"description\" content=\"Compre o Modulo Painel de LED P5 Exteriores para ambientes externos P5 para obter telas externas impressionantes e de alta resolu\u00e7\u00e3o. Dur\u00e1vel e eficiente em termos de energia para todas as suas necessidades de publicidade. Fa\u00e7a uma cota\u00e7\u00e3o agora!\" \/>\n<meta name=\"robots\" content=\"index, follow, max-snippet:-1, max-image-preview:large, max-video-preview:-1\" \/>\n<link rel=\"canonical\" href=\"https:\/\/www.telaled.com\/fr\/fabrica\/modulo-painel-de-led-p5-exteriores\/\" \/>\n<meta property=\"og:locale\" content=\"fr_FR\" \/>\n<meta property=\"og:type\" content=\"article\" \/>\n<meta property=\"og:title\" content=\"Modulo Painel de LED P5 Exteriores | Tela de Alta Qualidade para Publicidade Externa |TELALED\" \/>\n<meta property=\"og:description\" content=\"Compre o Modulo Painel de LED P5 Exteriores para ambientes externos P5 para obter telas externas impressionantes e de alta resolu\u00e7\u00e3o. Dur\u00e1vel e eficiente em termos de energia para todas as suas necessidades de publicidade. Fa\u00e7a uma cota\u00e7\u00e3o agora!\" \/>\n<meta property=\"og:url\" content=\"https:\/\/www.telaled.com\/fr\/fabrica\/modulo-painel-de-led-p5-exteriores\/\" \/>\n<meta property=\"og:site_name\" content=\"TELALED\" \/>\n<meta property=\"article:modified_time\" content=\"2026-01-02T09:32:42+00:00\" \/>\n<meta property=\"og:image\" content=\"https:\/\/www.telaled.com\/wp-content\/uploads\/2025\/07\/Modulo-Painel-de-LED-P5-Exteriores-1-1.webp\" \/>\n\t<meta property=\"og:image:width\" content=\"500\" \/>\n\t<meta property=\"og:image:height\" content=\"500\" \/>\n\t<meta property=\"og:image:type\" content=\"image\/webp\" \/>\n<meta name=\"twitter:card\" content=\"summary_large_image\" \/>\n<meta name=\"twitter:label1\" content=\"Dur\u00e9e de lecture estim\u00e9e\" \/>\n\t<meta name=\"twitter:data1\" content=\"2 minutes\" \/>\n<script type=\"application\/ld+json\" class=\"yoast-schema-graph\">{\"@context\":\"https:\\\/\\\/schema.org\",\"@graph\":[{\"@type\":\"WebPage\",\"@id\":\"https:\\\/\\\/www.telaled.com\\\/fabrica\\\/modulo-painel-de-led-p5-exteriores\\\/\",\"url\":\"https:\\\/\\\/www.telaled.com\\\/fabrica\\\/modulo-painel-de-led-p5-exteriores\\\/\",\"name\":\"Modulo Painel de LED P5 Exteriores | Tela de Alta Qualidade para Publicidade Externa |TELALED\",\"isPartOf\":{\"@id\":\"https:\\\/\\\/www.telaled.com\\\/#website\"},\"primaryImageOfPage\":{\"@id\":\"https:\\\/\\\/www.telaled.com\\\/fabrica\\\/modulo-painel-de-led-p5-exteriores\\\/#primaryimage\"},\"image\":{\"@id\":\"https:\\\/\\\/www.telaled.com\\\/fabrica\\\/modulo-painel-de-led-p5-exteriores\\\/#primaryimage\"},\"thumbnailUrl\":\"https:\\\/\\\/www.telaled.com\\\/wp-content\\\/uploads\\\/2025\\\/07\\\/Modulo-Painel-de-LED-P5-Exteriores-1-1.webp\",\"datePublished\":\"2025-07-16T09:39:44+00:00\",\"dateModified\":\"2026-01-02T09:32:42+00:00\",\"description\":\"Compre o Modulo Painel de LED P5 Exteriores para ambientes externos P5 para obter telas externas impressionantes e de alta resolu\u00e7\u00e3o. Dur\u00e1vel e eficiente em termos de energia para todas as suas necessidades de publicidade. Fa\u00e7a uma cota\u00e7\u00e3o agora!\",\"breadcrumb\":{\"@id\":\"https:\\\/\\\/www.telaled.com\\\/fabrica\\\/modulo-painel-de-led-p5-exteriores\\\/#breadcrumb\"},\"inLanguage\":\"fr-FR\",\"potentialAction\":[{\"@type\":\"ReadAction\",\"target\":[\"https:\\\/\\\/www.telaled.com\\\/fabrica\\\/modulo-painel-de-led-p5-exteriores\\\/\"]}]},{\"@type\":\"ImageObject\",\"inLanguage\":\"fr-FR\",\"@id\":\"https:\\\/\\\/www.telaled.com\\\/fabrica\\\/modulo-painel-de-led-p5-exteriores\\\/#primaryimage\",\"url\":\"https:\\\/\\\/www.telaled.com\\\/wp-content\\\/uploads\\\/2025\\\/07\\\/Modulo-Painel-de-LED-P5-Exteriores-1-1.webp\",\"contentUrl\":\"https:\\\/\\\/www.telaled.com\\\/wp-content\\\/uploads\\\/2025\\\/07\\\/Modulo-Painel-de-LED-P5-Exteriores-1-1.webp\",\"width\":500,\"height\":500,\"caption\":\"Modulo-Painel-de-LED-P5-Exteriores (1)\"},{\"@type\":\"BreadcrumbList\",\"@id\":\"https:\\\/\\\/www.telaled.com\\\/fabrica\\\/modulo-painel-de-led-p5-exteriores\\\/#breadcrumb\",\"itemListElement\":[{\"@type\":\"ListItem\",\"position\":1,\"name\":\"Home\",\"item\":\"https:\\\/\\\/www.telaled.com\\\/\"},{\"@type\":\"ListItem\",\"position\":2,\"name\":\"Produtos\",\"item\":\"https:\\\/\\\/www.telaled.com\\\/shop\\\/\"},{\"@type\":\"ListItem\",\"position\":3,\"name\":\"Modulo Painel de LED P5 Exteriores\"}]},{\"@type\":\"WebSite\",\"@id\":\"https:\\\/\\\/www.telaled.com\\\/#website\",\"url\":\"https:\\\/\\\/www.telaled.com\\\/\",\"name\":\"TELALED\",\"description\":\"\",\"potentialAction\":[{\"@type\":\"SearchAction\",\"target\":{\"@type\":\"EntryPoint\",\"urlTemplate\":\"https:\\\/\\\/www.telaled.com\\\/?s={search_term_string}\"},\"query-input\":{\"@type\":\"PropertyValueSpecification\",\"valueRequired\":true,\"valueName\":\"search_term_string\"}}],\"inLanguage\":\"fr-FR\"}]}<\/script>\n<!-- \/ Yoast SEO plugin. -->","yoast_head_json":{"title":"Module de panneau LED ext\u00e9rieur P5 | \u00c9cran haute qualit\u00e9 pour la publicit\u00e9 ext\u00e9rieure | TELALED","description":"Achetez le module LED ext\u00e9rieur P5 pour des affichages ext\u00e9rieurs haute r\u00e9solution \u00e9poustouflants. Durable et \u00e9conome en \u00e9nergie, il r\u00e9pond \u00e0 tous vos besoins publicitaires. Demandez un devis d\u00e8s maintenant\u00a0!","robots":{"index":"index","follow":"follow","max-snippet":"max-snippet:-1","max-image-preview":"max-image-preview:large","max-video-preview":"max-video-preview:-1"},"canonical":"https:\/\/www.telaled.com\/fr\/fabrica\/modulo-painel-de-led-p5-exteriores\/","og_locale":"fr_FR","og_type":"article","og_title":"Modulo Painel de LED P5 Exteriores | Tela de Alta Qualidade para Publicidade Externa |TELALED","og_description":"Compre o Modulo Painel de LED P5 Exteriores para ambientes externos P5 para obter telas externas impressionantes e de alta resolu\u00e7\u00e3o. Dur\u00e1vel e eficiente em termos de energia para todas as suas necessidades de publicidade. Fa\u00e7a uma cota\u00e7\u00e3o agora!","og_url":"https:\/\/www.telaled.com\/fr\/fabrica\/modulo-painel-de-led-p5-exteriores\/","og_site_name":"TELALED","article_modified_time":"2026-01-02T09:32:42+00:00","og_image":[{"width":500,"height":500,"url":"https:\/\/www.telaled.com\/wp-content\/uploads\/2025\/07\/Modulo-Painel-de-LED-P5-Exteriores-1-1.webp","type":"image\/webp"}],"twitter_card":"summary_large_image","twitter_misc":{"Dur\u00e9e de lecture estim\u00e9e":"2 minutes"},"schema":{"@context":"https:\/\/schema.org","@graph":[{"@type":"WebPage","@id":"https:\/\/www.telaled.com\/fabrica\/modulo-painel-de-led-p5-exteriores\/","url":"https:\/\/www.telaled.com\/fabrica\/modulo-painel-de-led-p5-exteriores\/","name":"Module de panneau LED ext\u00e9rieur P5 | \u00c9cran haute qualit\u00e9 pour la publicit\u00e9 ext\u00e9rieure | TELALED","isPartOf":{"@id":"https:\/\/www.telaled.com\/#website"},"primaryImageOfPage":{"@id":"https:\/\/www.telaled.com\/fabrica\/modulo-painel-de-led-p5-exteriores\/#primaryimage"},"image":{"@id":"https:\/\/www.telaled.com\/fabrica\/modulo-painel-de-led-p5-exteriores\/#primaryimage"},"thumbnailUrl":"https:\/\/www.telaled.com\/wp-content\/uploads\/2025\/07\/Modulo-Painel-de-LED-P5-Exteriores-1-1.webp","datePublished":"2025-07-16T09:39:44+00:00","dateModified":"2026-01-02T09:32:42+00:00","description":"Achetez le module LED ext\u00e9rieur P5 pour des affichages ext\u00e9rieurs haute r\u00e9solution \u00e9poustouflants. Durable et \u00e9conome en \u00e9nergie, il r\u00e9pond \u00e0 tous vos besoins publicitaires. Demandez un devis d\u00e8s maintenant\u00a0!","breadcrumb":{"@id":"https:\/\/www.telaled.com\/fabrica\/modulo-painel-de-led-p5-exteriores\/#breadcrumb"},"inLanguage":"fr-FR","potentialAction":[{"@type":"ReadAction","target":["https:\/\/www.telaled.com\/fabrica\/modulo-painel-de-led-p5-exteriores\/"]}]},{"@type":"ImageObject","inLanguage":"fr-FR","@id":"https:\/\/www.telaled.com\/fabrica\/modulo-painel-de-led-p5-exteriores\/#primaryimage","url":"https:\/\/www.telaled.com\/wp-content\/uploads\/2025\/07\/Modulo-Painel-de-LED-P5-Exteriores-1-1.webp","contentUrl":"https:\/\/www.telaled.com\/wp-content\/uploads\/2025\/07\/Modulo-Painel-de-LED-P5-Exteriores-1-1.webp","width":500,"height":500,"caption":"Modulo-Painel-de-LED-P5-Exteriores (1)"},{"@type":"BreadcrumbList","@id":"https:\/\/www.telaled.com\/fabrica\/modulo-painel-de-led-p5-exteriores\/#breadcrumb","itemListElement":[{"@type":"ListItem","position":1,"name":"Home","item":"https:\/\/www.telaled.com\/"},{"@type":"ListItem","position":2,"name":"Produtos","item":"https:\/\/www.telaled.com\/shop\/"},{"@type":"ListItem","position":3,"name":"Modulo Painel de LED P5 Exteriores"}]},{"@type":"WebSite","@id":"https:\/\/www.telaled.com\/#website","url":"https:\/\/www.telaled.com\/","name":"\u00e9cran LED","description":"","potentialAction":[{"@type":"SearchAction","target":{"@type":"EntryPoint","urlTemplate":"https:\/\/www.telaled.com\/?s={search_term_string}"},"query-input":{"@type":"PropertyValueSpecification","valueRequired":true,"valueName":"search_term_string"}}],"inLanguage":"fr-FR"}]}},"_links":{"self":[{"href":"https:\/\/www.telaled.com\/fr\/wp-json\/wp\/v2\/product\/2588","targetHints":{"allow":["GET"]}}],"collection":[{"href":"https:\/\/www.telaled.com\/fr\/wp-json\/wp\/v2\/product"}],"about":[{"href":"https:\/\/www.telaled.com\/fr\/wp-json\/wp\/v2\/types\/product"}],"wp:featuredmedia":[{"embeddable":true,"href":"https:\/\/www.telaled.com\/fr\/wp-json\/wp\/v2\/media\/2706"}],"wp:attachment":[{"href":"https:\/\/www.telaled.com\/fr\/wp-json\/wp\/v2\/media?parent=2588"}],"wp:term":[{"taxonomy":"product_brand","embeddable":true,"href":"https:\/\/www.telaled.com\/fr\/wp-json\/wp\/v2\/product_brand?post=2588"},{"taxonomy":"product_cat","embeddable":true,"href":"https:\/\/www.telaled.com\/fr\/wp-json\/wp\/v2\/product_cat?post=2588"},{"taxonomy":"product_tag","embeddable":true,"href":"https:\/\/www.telaled.com\/fr\/wp-json\/wp\/v2\/product_tag?post=2588"}],"curies":[{"name":"wp","href":"https:\/\/api.w.org\/{rel}","templated":true}]}}