{"id":2542,"date":"2025-07-14T03:51:55","date_gmt":"2025-07-14T03:51:55","guid":{"rendered":"https:\/\/www.telaled.com\/?post_type=product&#038;p=2542"},"modified":"2026-01-02T08:46:54","modified_gmt":"2026-01-02T08:46:54","slug":"modulo-painel-de-led-p4-exteriores","status":"publish","type":"product","link":"https:\/\/www.telaled.com\/fr\/fabrica\/modulo-painel-de-led-p4-exteriores\/","title":{"rendered":"Module de panneau LED ext\u00e9rieur P4"},"content":{"rendered":"<div id=\"featurebullets_feature_div\" class=\"celwidget\" data-feature-name=\"featurebullets\" data-csa-c-type=\"widget\" data-csa-c-content-id=\"featurebullets\" data-csa-c-slot-id=\"featurebullets_feature_div\" data-csa-c-asin=\"B07DF32D6Q\" data-csa-c-is-in-initial-active-row=\"false\" data-csa-c-id=\"3j0pnl-7cjnp-9t8psx-tspeog\">\n<div id=\"feature-bullets\" class=\"a-section a-spacing-medium a-spacing-top-small\">\n<div data-zone-id=\"0\" data-line-index=\"0\" data-line=\"true\">\n<p><strong>Principales applications :<\/strong><\/p>\n<ul>\n<li><strong>Panneaux ext\u00e9rieurs :<\/strong> Id\u00e9al pour les panneaux d&#039;affichage num\u00e9riques plac\u00e9s le long des routes, des autoroutes et des zones commerciales.<\/li>\n<li><strong><a href=\"https:\/\/www.telaled.com\/fr\/painel-de-led-para-eventos\/\">\u00c9crans pour les \u00e9v\u00e9nements<\/a> et les d\u00e9cors de sc\u00e8ne :<\/strong> Souvent utilis\u00e9 dans les concerts, les festivals et les \u00e9v\u00e9nements en plein air qui n\u00e9cessitent un \u00e9cran lumineux de milieu de gamme.<\/li>\n<li><strong>P\u00f4les de transport :<\/strong> Efficace pour les panneaux d&#039;information en temps r\u00e9el dans les a\u00e9roports, les gares routi\u00e8res et les quais ferroviaires.<\/li>\n<li><strong>Vitrines de commerces et de centres commerciaux :<\/strong> Utilis\u00e9 pour la publicit\u00e9 \u00e0 fort impact sur les fa\u00e7ades des b\u00e2timents et la signalisation des devantures de magasins.<\/li>\n<\/ul>\n<p><strong>Technologie \u00e9prouv\u00e9e :<\/strong><\/p>\n<ul>\n<li>IP40\/IP50 \u2013 R\u00e9sistance \u00e0 la poussi\u00e8re et \u00e0 l\u2019humidit\u00e9.<\/li>\n<li>D\u00e9grad\u00e9 16 bits (281 trillions de couleurs). \u2013 Photor\u00e9aliste.<\/li>\n<li>Certification CE\/RoHS\/ISO9001 \u2013 Qualit\u00e9 industrielle garantie.<\/li>\n<\/ul>\n<p><img loading=\"lazy\" decoding=\"async\" class=\"alignnone wp-image-2017 size-full\" src=\"https:\/\/www.telaled.com\/wp-content\/uploads\/2023\/06\/quality-led-module-materials-1.webp\" alt=\"mat\u00e9riaux de module LED de qualit\u00e9\" width=\"768\" height=\"555\" srcset=\"https:\/\/www.telaled.com\/wp-content\/uploads\/2023\/06\/quality-led-module-materials-1.webp 768w, https:\/\/www.telaled.com\/wp-content\/uploads\/2023\/06\/quality-led-module-materials-1-300x217.webp 300w, https:\/\/www.telaled.com\/wp-content\/uploads\/2023\/06\/quality-led-module-materials-1-18x12.webp 18w, https:\/\/www.telaled.com\/wp-content\/uploads\/2023\/06\/quality-led-module-materials-1-600x434.webp 600w\" sizes=\"auto, (max-width: 768px) 100vw, 768px\" \/><\/p>\n<\/div>\n<\/div>\n<\/div>\n<div data-feature-name=\"acf-carousel\" data-csa-c-type=\"widget\" data-csa-c-content-id=\"acf-carousel\" data-csa-c-slot-id=\"acf-carousel_feature_div\" data-csa-c-asin=\"B07DF32D6Q\" data-csa-c-is-in-initial-active-row=\"false\" data-csa-c-id=\"oqpgyr-mh4egp-nntzd2-kyiiqq\">\n<table id=\"tablepress-31\" class=\"tablepress tablepress-id-31\">\n<thead>\n<tr class=\"row-1\">\n\t<th class=\"column-1\">Caract\u00e9ristiques:<\/th><th class=\"column-2\">TCF-P2.5-S840<\/th>\n<\/tr>\n<\/thead>\n<tbody class=\"row-striping row-hover\">\n<tr class=\"row-2\">\n\t<td class=\"column-1\">Composition des pixels :<\/td><td class=\"column-2\">2121 (3 en 1)<\/td>\n<\/tr>\n<tr class=\"row-3\">\n\t<td class=\"column-1\">Densit\u00e9 d&#039;affichage\u00a0: (points)<\/td><td class=\"column-2\">160 000\u33a1<\/td>\n<\/tr>\n<tr class=\"row-4\">\n\t<td class=\"column-1\">Distance de visualisation id\u00e9ale : (m)<\/td><td class=\"column-2\">2,5-100 m<\/td>\n<\/tr>\n<tr class=\"row-5\">\n\t<td class=\"column-1\">Consommation \u00e9lectrique maximale :<\/td><td class=\"column-2\">800 W\/\u33a1<\/td>\n<\/tr>\n<tr class=\"row-6\">\n\t<td class=\"column-1\">Mode de num\u00e9risation :<\/td><td class=\"column-2\">32 scans<\/td>\n<\/tr>\n<tr class=\"row-7\">\n\t<td class=\"column-1\">Luminosit\u00e9 : (CD\/\u33a1)<\/td><td class=\"column-2\">1200<\/td>\n<\/tr>\n<tr class=\"row-8\">\n\t<td class=\"column-1\">Angle de vision : (m)<\/td><td class=\"column-2\">H 120\u00b0 V 120\u00b0 (cadre enveloppant de 50 mm) \/ H 360\u00b0 V 360\u00b0 (sans bord)<\/td>\n<\/tr>\n<tr class=\"row-9\">\n\t<td class=\"column-1\">Tension de fonctionnement :<\/td><td class=\"column-2\">CA 220 V\/100 V \u00b1 151 TP3T 47 ~ 64 Hz<\/td>\n<\/tr>\n<tr class=\"row-10\">\n\t<td class=\"column-1\">Tension d&#039;alimentation:<\/td><td class=\"column-2\">5 V<\/td>\n<\/tr>\n<tr class=\"row-11\">\n\t<td class=\"column-1\">Temp\u00e9rature ambiante de fonctionnement du syst\u00e8me :<\/td><td class=\"column-2\">-20~60\u00b0C<\/td>\n<\/tr>\n<tr class=\"row-12\">\n\t<td class=\"column-1\">Le syst\u00e8me fonctionne dans un environnement mod\u00e9r\u00e9 :<\/td><td class=\"column-2\">10%~90% UR<\/td>\n<\/tr>\n<tr class=\"row-13\">\n\t<td class=\"column-1\">Couleur de l&#039;\u00e9cran :<\/td><td class=\"column-2\">16,7 millions<\/td>\n<\/tr>\n<tr class=\"row-14\">\n\t<td class=\"column-1\">Niveau de gris :<\/td><td class=\"column-2\">16384<\/td>\n<\/tr>\n<tr class=\"row-15\">\n\t<td class=\"column-1\">M\u00e9thode de communication :<\/td><td class=\"column-2\">Synchronisation \/ Asynchronisation<\/td>\n<\/tr>\n<\/tbody>\n<\/table>\n<\/div>\n<div id=\"provenanceCertifications_feature_div\" class=\"celwidget\" data-feature-name=\"provenanceCertifications\" data-csa-c-type=\"widget\" data-csa-c-content-id=\"provenanceCertifications\" data-csa-c-slot-id=\"provenanceCertifications_feature_div\" data-csa-c-asin=\"B07DF32D6Q\" data-csa-c-is-in-initial-active-row=\"false\" data-csa-c-id=\"6t8ho-xbknmj-nqaso5-ne24gd\">\n<div id=\"provenance-certifications\" class=\"a-section a-spacing-medium a-spacing-top-micro\">\u00a0<\/div>\n<\/div>","protected":false},"excerpt":{"rendered":"<p><strong>Module de panneau LED ext\u00e9rieur P4 \u2013 Affichage fiable avec pas de pixel de 4 mm pour une visualisation claire en ext\u00e9rieur<\/strong><\/p>\n<p>LE <strong>Module de panneau LED ext\u00e9rieur P4<\/strong> Con\u00e7u pour une visualisation en ext\u00e9rieur \u00e0 moyenne et courte port\u00e9e, il offre une r\u00e9solution nette et des images fluides, m\u00eame en plein jour. Ce module allie clart\u00e9 d&#039;image et rentabilit\u00e9.<\/p>\n<p><strong>Principaux avantages :<\/strong><br \/>\n<strong><br \/>\n\u2714 \u00c9cran visible \u00e0 la lumi\u00e8re du jour :<\/strong> Haute luminosit\u00e9 (7000cd\/\u33a1) pour des images claires m\u00eame en plein soleil.<strong><br \/>\n<\/strong><\/p>\n<p><strong>\u2714 Taille flexible :<\/strong> La conception modulaire permet des tailles d&#039;\u00e9cran personnalis\u00e9es avec des joints sans couture.<strong><br \/>\n<\/strong><\/p>\n<p><strong>\u2714 R\u00e9sistant aux intemp\u00e9ries :<\/strong> Class\u00e9 IP65 pour des performances fiables sous la pluie, la poussi\u00e8re et l&#039;humidit\u00e9.<strong><br \/>\n<\/strong><\/p>\n<p><strong>\u2714 Efficace et fluide : <\/strong>Faible <a href=\"https:\/\/www.telaled.com\/fr\/entendendo-o-consumo-de-energia-painel-de-led-quao-eficientes-sao-os-displays-de-led-modernos\/\">consommation d&#039;\u00e9nergie<\/a> avec des taux de rafra\u00eechissement stables pour une lecture sans scintillement.<\/p>","protected":false},"featured_media":2700,"template":"","meta":[],"product_brand":[],"product_cat":[41],"product_tag":[],"class_list":{"0":"post-2542","1":"product","2":"type-product","3":"status-publish","4":"has-post-thumbnail","6":"product_cat-modulo-painel-de-led","8":"first","9":"instock","10":"shipping-taxable","11":"product-type-simple"},"yoast_head":"<!-- This site is optimized with the Yoast SEO plugin v27.5 - https:\/\/yoast.com\/product\/yoast-seo-wordpress\/ -->\n<title>Modulo Painel de LED P4 Exteriores | Tela de Ata Resolu\u00e7\u00e3o para Publicidade Externa |TELALED<\/title>\n<meta name=\"description\" content=\"Atualize sua sinaliza\u00e7\u00e3o externa com nosso Modulo Painel de LED P4 Exteriores. Com uma densidade de pixels de 4 mm, ele oferece imagens n\u00edtidas mesmo \u00e0 luz do dia. Criado para durabilidade e desempenho de longo prazo. Fa\u00e7a uma cota\u00e7\u00e3o agora!\" \/>\n<meta name=\"robots\" content=\"index, follow, max-snippet:-1, max-image-preview:large, max-video-preview:-1\" \/>\n<link rel=\"canonical\" href=\"https:\/\/www.telaled.com\/fr\/fabrica\/modulo-painel-de-led-p4-exteriores\/\" \/>\n<meta property=\"og:locale\" content=\"fr_FR\" \/>\n<meta property=\"og:type\" content=\"article\" \/>\n<meta property=\"og:title\" content=\"Modulo Painel de LED P4 Exteriores | Tela de Ata Resolu\u00e7\u00e3o para Publicidade Externa |TELALED\" \/>\n<meta property=\"og:description\" content=\"Atualize sua sinaliza\u00e7\u00e3o externa com nosso Modulo Painel de LED P4 Exteriores. Com uma densidade de pixels de 4 mm, ele oferece imagens n\u00edtidas mesmo \u00e0 luz do dia. Criado para durabilidade e desempenho de longo prazo. Fa\u00e7a uma cota\u00e7\u00e3o agora!\" \/>\n<meta property=\"og:url\" content=\"https:\/\/www.telaled.com\/fr\/fabrica\/modulo-painel-de-led-p4-exteriores\/\" \/>\n<meta property=\"og:site_name\" content=\"TELALED\" \/>\n<meta property=\"article:modified_time\" content=\"2026-01-02T08:46:54+00:00\" \/>\n<meta property=\"og:image\" content=\"https:\/\/www.telaled.com\/wp-content\/uploads\/2025\/07\/modulo-painel-de-led-p4-exteriores-1-1.webp\" \/>\n\t<meta property=\"og:image:width\" content=\"500\" \/>\n\t<meta property=\"og:image:height\" content=\"500\" \/>\n\t<meta property=\"og:image:type\" content=\"image\/webp\" \/>\n<meta name=\"twitter:card\" content=\"summary_large_image\" \/>\n<meta name=\"twitter:label1\" content=\"Dur\u00e9e de lecture estim\u00e9e\" \/>\n\t<meta name=\"twitter:data1\" content=\"2 minutes\" \/>\n<script type=\"application\/ld+json\" class=\"yoast-schema-graph\">{\"@context\":\"https:\\\/\\\/schema.org\",\"@graph\":[{\"@type\":\"WebPage\",\"@id\":\"https:\\\/\\\/www.telaled.com\\\/fabrica\\\/modulo-painel-de-led-p4-exteriores\\\/\",\"url\":\"https:\\\/\\\/www.telaled.com\\\/fabrica\\\/modulo-painel-de-led-p4-exteriores\\\/\",\"name\":\"Modulo Painel de LED P4 Exteriores | Tela de Ata Resolu\u00e7\u00e3o para Publicidade Externa |TELALED\",\"isPartOf\":{\"@id\":\"https:\\\/\\\/www.telaled.com\\\/#website\"},\"primaryImageOfPage\":{\"@id\":\"https:\\\/\\\/www.telaled.com\\\/fabrica\\\/modulo-painel-de-led-p4-exteriores\\\/#primaryimage\"},\"image\":{\"@id\":\"https:\\\/\\\/www.telaled.com\\\/fabrica\\\/modulo-painel-de-led-p4-exteriores\\\/#primaryimage\"},\"thumbnailUrl\":\"https:\\\/\\\/www.telaled.com\\\/wp-content\\\/uploads\\\/2025\\\/07\\\/modulo-painel-de-led-p4-exteriores-1-1.webp\",\"datePublished\":\"2025-07-14T03:51:55+00:00\",\"dateModified\":\"2026-01-02T08:46:54+00:00\",\"description\":\"Atualize sua sinaliza\u00e7\u00e3o externa com nosso Modulo Painel de LED P4 Exteriores. Com uma densidade de pixels de 4 mm, ele oferece imagens n\u00edtidas mesmo \u00e0 luz do dia. Criado para durabilidade e desempenho de longo prazo. Fa\u00e7a uma cota\u00e7\u00e3o agora!\",\"breadcrumb\":{\"@id\":\"https:\\\/\\\/www.telaled.com\\\/fabrica\\\/modulo-painel-de-led-p4-exteriores\\\/#breadcrumb\"},\"inLanguage\":\"fr-FR\",\"potentialAction\":[{\"@type\":\"ReadAction\",\"target\":[\"https:\\\/\\\/www.telaled.com\\\/fabrica\\\/modulo-painel-de-led-p4-exteriores\\\/\"]}]},{\"@type\":\"ImageObject\",\"inLanguage\":\"fr-FR\",\"@id\":\"https:\\\/\\\/www.telaled.com\\\/fabrica\\\/modulo-painel-de-led-p4-exteriores\\\/#primaryimage\",\"url\":\"https:\\\/\\\/www.telaled.com\\\/wp-content\\\/uploads\\\/2025\\\/07\\\/modulo-painel-de-led-p4-exteriores-1-1.webp\",\"contentUrl\":\"https:\\\/\\\/www.telaled.com\\\/wp-content\\\/uploads\\\/2025\\\/07\\\/modulo-painel-de-led-p4-exteriores-1-1.webp\",\"width\":500,\"height\":500,\"caption\":\"modulo-painel-de-led-p4-exteriores (1)\"},{\"@type\":\"BreadcrumbList\",\"@id\":\"https:\\\/\\\/www.telaled.com\\\/fabrica\\\/modulo-painel-de-led-p4-exteriores\\\/#breadcrumb\",\"itemListElement\":[{\"@type\":\"ListItem\",\"position\":1,\"name\":\"Home\",\"item\":\"https:\\\/\\\/www.telaled.com\\\/\"},{\"@type\":\"ListItem\",\"position\":2,\"name\":\"Produtos\",\"item\":\"https:\\\/\\\/www.telaled.com\\\/shop\\\/\"},{\"@type\":\"ListItem\",\"position\":3,\"name\":\"Modulo Painel de LED P4 Exteriores\"}]},{\"@type\":\"WebSite\",\"@id\":\"https:\\\/\\\/www.telaled.com\\\/#website\",\"url\":\"https:\\\/\\\/www.telaled.com\\\/\",\"name\":\"TELALED\",\"description\":\"\",\"potentialAction\":[{\"@type\":\"SearchAction\",\"target\":{\"@type\":\"EntryPoint\",\"urlTemplate\":\"https:\\\/\\\/www.telaled.com\\\/?s={search_term_string}\"},\"query-input\":{\"@type\":\"PropertyValueSpecification\",\"valueRequired\":true,\"valueName\":\"search_term_string\"}}],\"inLanguage\":\"fr-FR\"}]}<\/script>\n<!-- \/ Yoast SEO plugin. -->","yoast_head_json":{"title":"Module de panneau LED ext\u00e9rieur P4 | \u00c9cran haute r\u00e9solution pour la publicit\u00e9 ext\u00e9rieure | TELALED","description":"Am\u00e9liorez votre affichage ext\u00e9rieur avec notre module LED ext\u00e9rieur P4. Avec un pas de pixel de 4 mm, il offre des images nettes, m\u00eame en plein jour. Con\u00e7u pour une durabilit\u00e9 et des performances \u00e0 long terme. Demandez un devis d\u00e8s maintenant\u00a0!","robots":{"index":"index","follow":"follow","max-snippet":"max-snippet:-1","max-image-preview":"max-image-preview:large","max-video-preview":"max-video-preview:-1"},"canonical":"https:\/\/www.telaled.com\/fr\/fabrica\/modulo-painel-de-led-p4-exteriores\/","og_locale":"fr_FR","og_type":"article","og_title":"Modulo Painel de LED P4 Exteriores | Tela de Ata Resolu\u00e7\u00e3o para Publicidade Externa |TELALED","og_description":"Atualize sua sinaliza\u00e7\u00e3o externa com nosso Modulo Painel de LED P4 Exteriores. Com uma densidade de pixels de 4 mm, ele oferece imagens n\u00edtidas mesmo \u00e0 luz do dia. Criado para durabilidade e desempenho de longo prazo. Fa\u00e7a uma cota\u00e7\u00e3o agora!","og_url":"https:\/\/www.telaled.com\/fr\/fabrica\/modulo-painel-de-led-p4-exteriores\/","og_site_name":"TELALED","article_modified_time":"2026-01-02T08:46:54+00:00","og_image":[{"width":500,"height":500,"url":"https:\/\/www.telaled.com\/wp-content\/uploads\/2025\/07\/modulo-painel-de-led-p4-exteriores-1-1.webp","type":"image\/webp"}],"twitter_card":"summary_large_image","twitter_misc":{"Dur\u00e9e de lecture estim\u00e9e":"2 minutes"},"schema":{"@context":"https:\/\/schema.org","@graph":[{"@type":"WebPage","@id":"https:\/\/www.telaled.com\/fabrica\/modulo-painel-de-led-p4-exteriores\/","url":"https:\/\/www.telaled.com\/fabrica\/modulo-painel-de-led-p4-exteriores\/","name":"Module de panneau LED ext\u00e9rieur P4 | \u00c9cran haute r\u00e9solution pour la publicit\u00e9 ext\u00e9rieure | TELALED","isPartOf":{"@id":"https:\/\/www.telaled.com\/#website"},"primaryImageOfPage":{"@id":"https:\/\/www.telaled.com\/fabrica\/modulo-painel-de-led-p4-exteriores\/#primaryimage"},"image":{"@id":"https:\/\/www.telaled.com\/fabrica\/modulo-painel-de-led-p4-exteriores\/#primaryimage"},"thumbnailUrl":"https:\/\/www.telaled.com\/wp-content\/uploads\/2025\/07\/modulo-painel-de-led-p4-exteriores-1-1.webp","datePublished":"2025-07-14T03:51:55+00:00","dateModified":"2026-01-02T08:46:54+00:00","description":"Am\u00e9liorez votre affichage ext\u00e9rieur avec notre module LED ext\u00e9rieur P4. Avec un pas de pixel de 4 mm, il offre des images nettes, m\u00eame en plein jour. Con\u00e7u pour une durabilit\u00e9 et des performances \u00e0 long terme. Demandez un devis d\u00e8s maintenant\u00a0!","breadcrumb":{"@id":"https:\/\/www.telaled.com\/fabrica\/modulo-painel-de-led-p4-exteriores\/#breadcrumb"},"inLanguage":"fr-FR","potentialAction":[{"@type":"ReadAction","target":["https:\/\/www.telaled.com\/fabrica\/modulo-painel-de-led-p4-exteriores\/"]}]},{"@type":"ImageObject","inLanguage":"fr-FR","@id":"https:\/\/www.telaled.com\/fabrica\/modulo-painel-de-led-p4-exteriores\/#primaryimage","url":"https:\/\/www.telaled.com\/wp-content\/uploads\/2025\/07\/modulo-painel-de-led-p4-exteriores-1-1.webp","contentUrl":"https:\/\/www.telaled.com\/wp-content\/uploads\/2025\/07\/modulo-painel-de-led-p4-exteriores-1-1.webp","width":500,"height":500,"caption":"modulo-painel-de-led-p4-exteriores (1)"},{"@type":"BreadcrumbList","@id":"https:\/\/www.telaled.com\/fabrica\/modulo-painel-de-led-p4-exteriores\/#breadcrumb","itemListElement":[{"@type":"ListItem","position":1,"name":"Home","item":"https:\/\/www.telaled.com\/"},{"@type":"ListItem","position":2,"name":"Produtos","item":"https:\/\/www.telaled.com\/shop\/"},{"@type":"ListItem","position":3,"name":"Modulo Painel de LED P4 Exteriores"}]},{"@type":"WebSite","@id":"https:\/\/www.telaled.com\/#website","url":"https:\/\/www.telaled.com\/","name":"\u00e9cran LED","description":"","potentialAction":[{"@type":"SearchAction","target":{"@type":"EntryPoint","urlTemplate":"https:\/\/www.telaled.com\/?s={search_term_string}"},"query-input":{"@type":"PropertyValueSpecification","valueRequired":true,"valueName":"search_term_string"}}],"inLanguage":"fr-FR"}]}},"_links":{"self":[{"href":"https:\/\/www.telaled.com\/fr\/wp-json\/wp\/v2\/product\/2542","targetHints":{"allow":["GET"]}}],"collection":[{"href":"https:\/\/www.telaled.com\/fr\/wp-json\/wp\/v2\/product"}],"about":[{"href":"https:\/\/www.telaled.com\/fr\/wp-json\/wp\/v2\/types\/product"}],"wp:featuredmedia":[{"embeddable":true,"href":"https:\/\/www.telaled.com\/fr\/wp-json\/wp\/v2\/media\/2700"}],"wp:attachment":[{"href":"https:\/\/www.telaled.com\/fr\/wp-json\/wp\/v2\/media?parent=2542"}],"wp:term":[{"taxonomy":"product_brand","embeddable":true,"href":"https:\/\/www.telaled.com\/fr\/wp-json\/wp\/v2\/product_brand?post=2542"},{"taxonomy":"product_cat","embeddable":true,"href":"https:\/\/www.telaled.com\/fr\/wp-json\/wp\/v2\/product_cat?post=2542"},{"taxonomy":"product_tag","embeddable":true,"href":"https:\/\/www.telaled.com\/fr\/wp-json\/wp\/v2\/product_tag?post=2542"}],"curies":[{"name":"wp","href":"https:\/\/api.w.org\/{rel}","templated":true}]}}