{"id":2522,"date":"2025-07-11T06:40:15","date_gmt":"2025-07-11T06:40:15","guid":{"rendered":"https:\/\/www.telaled.com\/?post_type=product&#038;p=2522"},"modified":"2026-01-02T08:30:29","modified_gmt":"2026-01-02T08:30:29","slug":"modulo-painel-de-led-p3-91","status":"publish","type":"product","link":"https:\/\/www.telaled.com\/fr\/fabrica\/modulo-painel-de-led-p3-91\/","title":{"rendered":"Module de panneau LED P3.91"},"content":{"rendered":"<div id=\"featurebullets_feature_div\" class=\"celwidget\" data-feature-name=\"featurebullets\" data-csa-c-type=\"widget\" data-csa-c-content-id=\"featurebullets\" data-csa-c-slot-id=\"featurebullets_feature_div\" data-csa-c-asin=\"B07DF32D6Q\" data-csa-c-is-in-initial-active-row=\"false\" data-csa-c-id=\"3j0pnl-7cjnp-9t8psx-tspeog\">\n<div id=\"feature-bullets\" class=\"a-section a-spacing-medium a-spacing-top-small\">\n<div data-zone-id=\"0\" data-line-index=\"0\" data-line=\"true\">\n<p><strong>Principales applications :<\/strong><\/p>\n<ul>\n<li><strong>Concerts et \u00e9v\u00e9nements en direct :<\/strong> Utilis\u00e9 comme toile de fond de sc\u00e8ne pour des visuels nets et sans scintillement.<\/li>\n<li><strong>Publicit\u00e9 au d\u00e9tail et int\u00e9rieure :<\/strong> Id\u00e9al pour les affichages \u00e0 courte port\u00e9e dans les centres commerciaux et <a href=\"https:\/\/www.telaled.com\/fr\/painel-de-led-para-loja\/\">magasins<\/a>.<\/li>\n<li><strong>\u00c9v\u00e9nements d&#039;entreprise et \u00e9glises :<\/strong> Des visuels clairs pour les pr\u00e9sentations, les paroles de chansons et la lecture vid\u00e9o.<\/li>\n<li><strong>Salons et locations :<\/strong> L\u00e9ger et rapide \u00e0 monter pour stands et expositions temporaires.<\/li>\n<li><strong>Signal\u00e9tique ext\u00e9rieure :<\/strong> La version r\u00e9sistante aux intemp\u00e9ries convient aux devantures de magasins et aux panneaux d&#039;affichage num\u00e9riques.<\/li>\n<\/ul>\n<p><strong>Technologie \u00e9prouv\u00e9e :<\/strong><\/p>\n<ul>\n<li>IP40\/IP50 \u2013 R\u00e9sistance \u00e0 la poussi\u00e8re et \u00e0 l\u2019humidit\u00e9.<\/li>\n<li>D\u00e9grad\u00e9 16 bits (281 trillions de couleurs). \u2013 Photor\u00e9aliste.<\/li>\n<li>Certification CE\/RoHS\/ISO9001 \u2013 Qualit\u00e9 industrielle garantie.<\/li>\n<\/ul>\n<p><img loading=\"lazy\" decoding=\"async\" class=\"alignnone wp-image-2017 size-full\" src=\"https:\/\/www.telaled.com\/wp-content\/uploads\/2023\/06\/quality-led-module-materials-1.webp\" alt=\"mat\u00e9riaux de module LED de qualit\u00e9\" width=\"768\" height=\"555\" srcset=\"https:\/\/www.telaled.com\/wp-content\/uploads\/2023\/06\/quality-led-module-materials-1.webp 768w, https:\/\/www.telaled.com\/wp-content\/uploads\/2023\/06\/quality-led-module-materials-1-300x217.webp 300w, https:\/\/www.telaled.com\/wp-content\/uploads\/2023\/06\/quality-led-module-materials-1-18x12.webp 18w, https:\/\/www.telaled.com\/wp-content\/uploads\/2023\/06\/quality-led-module-materials-1-600x434.webp 600w\" sizes=\"auto, (max-width: 768px) 100vw, 768px\" \/><\/p>\n<\/div>\n<\/div>\n<\/div>\n<div data-feature-name=\"acf-carousel\" data-csa-c-type=\"widget\" data-csa-c-content-id=\"acf-carousel\" data-csa-c-slot-id=\"acf-carousel_feature_div\" data-csa-c-asin=\"B07DF32D6Q\" data-csa-c-is-in-initial-active-row=\"false\" data-csa-c-id=\"oqpgyr-mh4egp-nntzd2-kyiiqq\">\n<table id=\"tablepress-26\" class=\"tablepress tablepress-id-26\">\n<thead>\n<tr class=\"row-1\">\n\t<th colspan=\"4\" class=\"column-1\">D\u00e9tails techniques<\/th>\n<\/tr>\n<\/thead>\n<tbody class=\"row-striping row-hover\">\n<tr class=\"row-2\">\n\t<td class=\"column-1\">Num\u00e9ro de mod\u00e8le<\/td><td class=\"column-2\">Module de panneau LED TL \u2013 P3.91<\/td><td class=\"column-3\"><\/td><td class=\"column-4\"><\/td>\n<\/tr>\n<tr class=\"row-3\">\n\t<td class=\"column-1\">Nom de marque<\/td><td class=\"column-2\">Fabricant TELALED<\/td><td class=\"column-3\">Plan\u00e9it\u00e9 de l&#039;\u00e9cran<\/td><td class=\"column-4\">&lt;\u00b11 mm<\/td>\n<\/tr>\n<tr class=\"row-4\">\n\t<td class=\"column-1\">Lieu d&#039;origine<\/td><td class=\"column-2\">Guangdong, Chine<\/td><td class=\"column-3\">Temps moyen entre pannes (MTBF)<\/td><td class=\"column-4\">10 000 heures<\/td>\n<\/tr>\n<tr class=\"row-5\">\n\t<td class=\"column-1\">Distance des pixels<\/td><td class=\"column-2\">P3.91<\/td><td class=\"column-3\">Dur\u00e9e de vie utile<\/td><td class=\"column-4\">100 000 heures<\/td>\n<\/tr>\n<tr class=\"row-6\">\n\t<td class=\"column-1\">Distance minimale de visualisation<\/td><td class=\"column-2\">3,9 m<\/td><td class=\"column-3\">Afficher la tension de fonctionnement<\/td><td class=\"column-4\">CA 46 ~ 54 Hz, 220 V \u00b1 151 TP3T\/110 V \u00b1 151 TP3T<\/td>\n<\/tr>\n<tr class=\"row-7\">\n\t<td class=\"column-1\">Configuration des LED<\/td><td class=\"column-2\">SMD2121<\/td><td class=\"column-3\">Att\u00e9nuation de la lumi\u00e8re<\/td><td class=\"column-4\">\uff1c3%<\/td>\n<\/tr>\n<tr class=\"row-8\">\n\t<td class=\"column-1\">R\u00e9solution du module<\/td><td class=\"column-2\">64\u00d764 pixels<\/td><td class=\"column-3\">Courant de fuite<\/td><td class=\"column-4\">\uff1c3mA<\/td>\n<\/tr>\n<tr class=\"row-9\">\n\t<td class=\"column-1\">Pixels du module<\/td><td class=\"column-2\">4096 pixels<\/td><td class=\"column-3\">5408 pixels<\/td><td class=\"column-4\">Arri\u00e8re : IP40 \/ Avant : IP50<\/td>\n<\/tr>\n<tr class=\"row-10\">\n\t<td class=\"column-1\">Taille du module<\/td><td class=\"column-2\">\tL250 mm x H250 mm x T14<\/td><td class=\"column-3\">Temp\u00e9rature et humidit\u00e9 de l&#039;environnement de travail<\/td><td class=\"column-4\">Temp\u00e9rature : -20\u00b0C~+60\u00b0C \/ Humidit\u00e9 : 10%~90% HR<\/td>\n<\/tr>\n<tr class=\"row-11\">\n\t<td class=\"column-1\">Taille de l&#039;armoire<\/td><td class=\"column-2\">500 mm * 500 mm<\/td><td class=\"column-3\">M\u00e9dias pris en charge<\/td><td class=\"column-4\">Donn\u00e9es techniques, photos, mod\u00e8les CAO, vid\u00e9o<\/td>\n<\/tr>\n<tr class=\"row-12\">\n\t<td class=\"column-1\">Configuration des pixels<\/td><td class=\"column-2\">SMD3en1, couleur R\/V\/B 1:1:1<\/td><td class=\"column-3\">Fonction<\/td><td class=\"column-4\">SDK<\/td>\n<\/tr>\n<tr class=\"row-13\">\n\t<td class=\"column-1\">Brillance \u00e9quilibr\u00e9e<\/td><td class=\"column-2\">1000 cd\/m\u00b2 (int\u00e9rieur)<\/td><td class=\"column-3\">Mode de contr\u00f4le<\/td><td class=\"column-4\">Synchronisation via DVI avec PC de contr\u00f4le<\/td>\n<\/tr>\n<tr class=\"row-14\">\n\t<td class=\"column-1\">M\u00e9thode d&#039;entra\u00eenement<\/td><td class=\"column-2\">Scan 1\/16<\/td><td class=\"column-3\">Logiciels pris en charge<\/td><td class=\"column-4\">Windows XP\/W7\/Vista<\/td>\n<\/tr>\n<tr class=\"row-15\">\n\t<td class=\"column-1\">Taux de mise \u00e0 jour<\/td><td class=\"column-2\">\u2265 1920 Hz<\/td><td class=\"column-3\">Syst\u00e8me de contr\u00f4le<\/td><td class=\"column-4\">Carte DVI + contr\u00f4leur couleur + fibre optique (en option)<\/td>\n<\/tr>\n<tr class=\"row-16\">\n\t<td class=\"column-1\">Fr\u00e9quence de d\u00e9tection des changements<\/td><td class=\"column-2\">50-60 Hz<\/td><td class=\"column-3\">Marque du syst\u00e8me de contr\u00f4le principal<\/td><td class=\"column-4\">Novastar, Linsn, Huidu, lumi\u00e8re color\u00e9e<\/td>\n<\/tr>\n<tr class=\"row-17\">\n\t<td class=\"column-1\">Angle de vision<\/td><td class=\"column-2\">H140\u00b0 V120\u00b0<\/td><td class=\"column-3\">Interface<\/td><td class=\"column-4\">Ethernet standard<\/td>\n<\/tr>\n<tr class=\"row-18\">\n\t<td class=\"column-1\">Taux de lumi\u00e8re inactive<\/td><td class=\"column-2\">\u22641%<\/td><td class=\"column-3\">Distance de transmission<\/td><td class=\"column-4\">Fibre multimode <500m >\n<\/tr>\n<tr class=\"row-19\">\n\t<td class=\"column-1\">Gaspillage d&#039;\u00e9nergie<\/td><td class=\"column-2\">700*1000 W\/M2<\/td><td class=\"column-3\">Garantie<\/td><td class=\"column-4\">5 ans<\/td>\n<\/tr>\n<tr class=\"row-20\">\n\t<td class=\"column-1\">Consommation moyenne d&#039;\u00e9nergie<\/td><td class=\"column-2\">450 W\/M2<\/td><td class=\"column-3\">Type de fournisseur<\/td><td class=\"column-4\">Fabricant d&#039;origine\/ODM\/OEM<\/td>\n<\/tr>\n<tr class=\"row-21\">\n\t<td class=\"column-1\">Niveau de gris<\/td><td class=\"column-2\">16 bits (281\u00a0000 milliards de couleurs) \/ 65\u00a0536 nuances par couleur primaire<\/td><td class=\"column-3\">D\u00e9lai de livraison<\/td><td class=\"column-4\">25 (ou n\u00e9gociable)<\/td>\n<\/tr>\n<tr class=\"row-22\">\n\t<td class=\"column-1\">Couleur d&#039;affichage<\/td><td class=\"column-2\">16 mois<\/td><td class=\"column-3\">Application<\/td><td class=\"column-4\">Publicit\u00e9\/Int\u00e9rieur\/Ext\u00e9rieur<\/td>\n<\/tr>\n<tr class=\"row-23\">\n\t<td class=\"column-1\">Heures de travail ininterrompues<\/td><td class=\"column-2\">\u2265 72 heures<\/td><td class=\"column-3\">Utiliser<\/td><td class=\"column-4\">Publicit\u00e9 num\u00e9rique, centres commerciaux, affichages de bienvenue, halls d&#039;exposition, a\u00e9roports, \u00e9glises, sports, \u00e9v\u00e9nements, r\u00e9unions, locations, sc\u00e8nes, automobile, vente au d\u00e9tail, mariages<\/td>\n<\/tr>\n<tr class=\"row-24\">\n\t<td class=\"column-1\">Taux d&#039;angle mort discret<\/td><td class=\"column-2\"><1><td class=\"column-3\">D\u00e9tails de l&#039;emballage<\/td><td class=\"column-4\">Bo\u00eete en carton renforc\u00e9 + bois<\/td>\n<\/tr>\n<tr class=\"row-25\">\n\t<td class=\"column-1\">Taux d&#039;angle mort continu<\/td><td class=\"column-2\">Aucun<\/td><td class=\"column-3\">Capacit\u00e9 d&#039;approvisionnement<\/td><td class=\"column-4\">5 000 unit\u00e9s\/mois<\/td>\n<\/tr>\n<tr class=\"row-26\">\n\t<td class=\"column-1\">Taux d&#039;angle mort<\/td><td class=\"column-2\"><1><td class=\"column-3\">Port<\/td><td class=\"column-4\">Shenzhen<\/td>\n<\/tr>\n<\/tbody>\n<\/table>\n<\/div>\n<div id=\"provenanceCertifications_feature_div\" class=\"celwidget\" data-feature-name=\"provenanceCertifications\" data-csa-c-type=\"widget\" data-csa-c-content-id=\"provenanceCertifications\" data-csa-c-slot-id=\"provenanceCertifications_feature_div\" data-csa-c-asin=\"B07DF32D6Q\" data-csa-c-is-in-initial-active-row=\"false\" data-csa-c-id=\"6t8ho-xbknmj-nqaso5-ne24gd\">\n<div id=\"provenance-certifications\" class=\"a-section a-spacing-medium a-spacing-top-micro\">\u00a0<\/div>\n<\/div>","protected":false},"excerpt":{"rendered":"<p><strong>Module de panneau LED P3.91<\/strong> pour un affichage clair et fiable<\/p>\n<p>LE <strong>Module de panneau LED P3.91<\/strong> Il offre des images nettes et des performances constantes pour les \u00e9crans LED int\u00e9rieurs et ext\u00e9rieurs. Avec un pas de pixel de 3,91 mm, il constitue un excellent choix pour les \u00e9crans de location, les fonds de sc\u00e8ne, l&#039;affichage dynamique et les installations fixes n\u00e9cessitant une installation rapide, une lecture fluide et une fiabilit\u00e9 \u00e0 long terme.<\/p>\n<p><strong>Principaux avantages :<\/strong><br \/>\n<strong><br \/>\n\u2714 Transparent \u00e0 courte distance de vision : <\/strong>Avec un espacement de pixels de 3,91 mm, l&#039;image reste nette \u00e0 une distance de 3 \u00e0 5 m\u00e8tres. Id\u00e9al pour une utilisation \u00e0 courte port\u00e9e.<strong><br \/>\n<\/strong><\/p>\n<p><strong>\u2714 Lecture vid\u00e9o sans scintillement : <\/strong>Des taux de rafra\u00eechissement \u00e9lev\u00e9s (\u22651920 Hz) emp\u00eachent le scintillement pendant <a href=\"https:\/\/www.telaled.com\/fr\/painel-de-led-para-eventos\/\">\u00e9v\u00e9nements<\/a> Enregistrements en direct et par cam\u00e9ra.<strong><br \/>\n<\/strong><\/p>\n<p><strong>\u2714 Installation rapide et panneaux l\u00e9gers : <\/strong>Les armoires modulaires en aluminium de 500 mm x 500 mm sont faciles \u00e0 installer, \u00e0 transporter et \u00e0 entretenir.<strong><br \/>\n<\/strong><\/p>\n<p><strong>\u2714 Options disponibles pour les environnements int\u00e9rieurs et ext\u00e9rieurs : <\/strong>Les panneaux internes offrent une luminosit\u00e9 de 1\u00a0000 nits. Les versions externes sont certifi\u00e9es IP40 \u00e0 l&#039;arri\u00e8re et IP50 \u00e0 l&#039;avant, atteignant 4\u00a0500 nits.<strong><br \/>\n<\/strong><\/p>","protected":false},"featured_media":2697,"template":"","meta":[],"product_brand":[],"product_cat":[41],"product_tag":[],"class_list":{"0":"post-2522","1":"product","2":"type-product","3":"status-publish","4":"has-post-thumbnail","6":"product_cat-modulo-painel-de-led","8":"first","9":"instock","10":"shipping-taxable","11":"product-type-simple"},"yoast_head":"<!-- This site is optimized with the Yoast SEO plugin v27.5 - https:\/\/yoast.com\/product\/yoast-seo-wordpress\/ -->\n<title>Modulo Painel de LED P3.91 Dur\u00e1vel | Atualiza\u00e7\u00e3o R\u00e1pida, Sa\u00edda Clara |TELALED<\/title>\n<meta name=\"description\" content=\"Modulo Painel de LED P3.91 vers\u00e1teis para visuais n\u00edtidos e desempenho est\u00e1vel. Funciona bem em qualquer configura\u00e7\u00e3o interna ou externa. Obtenha uma cota\u00e7\u00e3o gratuita agora!\" \/>\n<meta name=\"robots\" content=\"index, follow, max-snippet:-1, max-image-preview:large, max-video-preview:-1\" \/>\n<link rel=\"canonical\" href=\"https:\/\/www.telaled.com\/fr\/fabrica\/modulo-painel-de-led-p3-91\/\" \/>\n<meta property=\"og:locale\" content=\"fr_FR\" \/>\n<meta property=\"og:type\" content=\"article\" \/>\n<meta property=\"og:title\" content=\"Modulo Painel de LED P3.91 Dur\u00e1vel | Atualiza\u00e7\u00e3o R\u00e1pida, Sa\u00edda Clara |TELALED\" \/>\n<meta property=\"og:description\" content=\"Modulo Painel de LED P3.91 vers\u00e1teis para visuais n\u00edtidos e desempenho est\u00e1vel. Funciona bem em qualquer configura\u00e7\u00e3o interna ou externa. Obtenha uma cota\u00e7\u00e3o gratuita agora!\" \/>\n<meta property=\"og:url\" content=\"https:\/\/www.telaled.com\/fr\/fabrica\/modulo-painel-de-led-p3-91\/\" \/>\n<meta property=\"og:site_name\" content=\"TELALED\" \/>\n<meta property=\"article:modified_time\" content=\"2026-01-02T08:30:29+00:00\" \/>\n<meta property=\"og:image\" content=\"https:\/\/www.telaled.com\/wp-content\/uploads\/2025\/07\/modulo-painel-de-led-p3.91-1-1.webp\" \/>\n\t<meta property=\"og:image:width\" content=\"500\" \/>\n\t<meta property=\"og:image:height\" content=\"500\" \/>\n\t<meta property=\"og:image:type\" content=\"image\/webp\" \/>\n<meta name=\"twitter:card\" content=\"summary_large_image\" \/>\n<meta name=\"twitter:label1\" content=\"Dur\u00e9e de lecture estim\u00e9e\" \/>\n\t<meta name=\"twitter:data1\" content=\"1 minute\" \/>\n<script type=\"application\/ld+json\" class=\"yoast-schema-graph\">{\"@context\":\"https:\\\/\\\/schema.org\",\"@graph\":[{\"@type\":\"WebPage\",\"@id\":\"https:\\\/\\\/www.telaled.com\\\/fabrica\\\/modulo-painel-de-led-p3-91\\\/\",\"url\":\"https:\\\/\\\/www.telaled.com\\\/fabrica\\\/modulo-painel-de-led-p3-91\\\/\",\"name\":\"Modulo Painel de LED P3.91 Dur\u00e1vel | Atualiza\u00e7\u00e3o R\u00e1pida, Sa\u00edda Clara |TELALED\",\"isPartOf\":{\"@id\":\"https:\\\/\\\/www.telaled.com\\\/#website\"},\"primaryImageOfPage\":{\"@id\":\"https:\\\/\\\/www.telaled.com\\\/fabrica\\\/modulo-painel-de-led-p3-91\\\/#primaryimage\"},\"image\":{\"@id\":\"https:\\\/\\\/www.telaled.com\\\/fabrica\\\/modulo-painel-de-led-p3-91\\\/#primaryimage\"},\"thumbnailUrl\":\"https:\\\/\\\/www.telaled.com\\\/wp-content\\\/uploads\\\/2025\\\/07\\\/modulo-painel-de-led-p3.91-1-1.webp\",\"datePublished\":\"2025-07-11T06:40:15+00:00\",\"dateModified\":\"2026-01-02T08:30:29+00:00\",\"description\":\"Modulo Painel de LED P3.91 vers\u00e1teis para visuais n\u00edtidos e desempenho est\u00e1vel. Funciona bem em qualquer configura\u00e7\u00e3o interna ou externa. Obtenha uma cota\u00e7\u00e3o gratuita agora!\",\"breadcrumb\":{\"@id\":\"https:\\\/\\\/www.telaled.com\\\/fabrica\\\/modulo-painel-de-led-p3-91\\\/#breadcrumb\"},\"inLanguage\":\"fr-FR\",\"potentialAction\":[{\"@type\":\"ReadAction\",\"target\":[\"https:\\\/\\\/www.telaled.com\\\/fabrica\\\/modulo-painel-de-led-p3-91\\\/\"]}]},{\"@type\":\"ImageObject\",\"inLanguage\":\"fr-FR\",\"@id\":\"https:\\\/\\\/www.telaled.com\\\/fabrica\\\/modulo-painel-de-led-p3-91\\\/#primaryimage\",\"url\":\"https:\\\/\\\/www.telaled.com\\\/wp-content\\\/uploads\\\/2025\\\/07\\\/modulo-painel-de-led-p3.91-1-1.webp\",\"contentUrl\":\"https:\\\/\\\/www.telaled.com\\\/wp-content\\\/uploads\\\/2025\\\/07\\\/modulo-painel-de-led-p3.91-1-1.webp\",\"width\":500,\"height\":500,\"caption\":\"modulo-painel-de-led-p3.91 (1)\"},{\"@type\":\"BreadcrumbList\",\"@id\":\"https:\\\/\\\/www.telaled.com\\\/fabrica\\\/modulo-painel-de-led-p3-91\\\/#breadcrumb\",\"itemListElement\":[{\"@type\":\"ListItem\",\"position\":1,\"name\":\"Home\",\"item\":\"https:\\\/\\\/www.telaled.com\\\/\"},{\"@type\":\"ListItem\",\"position\":2,\"name\":\"Produtos\",\"item\":\"https:\\\/\\\/www.telaled.com\\\/shop\\\/\"},{\"@type\":\"ListItem\",\"position\":3,\"name\":\"Modulo Painel de LED P3.91\"}]},{\"@type\":\"WebSite\",\"@id\":\"https:\\\/\\\/www.telaled.com\\\/#website\",\"url\":\"https:\\\/\\\/www.telaled.com\\\/\",\"name\":\"TELALED\",\"description\":\"\",\"potentialAction\":[{\"@type\":\"SearchAction\",\"target\":{\"@type\":\"EntryPoint\",\"urlTemplate\":\"https:\\\/\\\/www.telaled.com\\\/?s={search_term_string}\"},\"query-input\":{\"@type\":\"PropertyValueSpecification\",\"valueRequired\":true,\"valueName\":\"search_term_string\"}}],\"inLanguage\":\"fr-FR\"}]}<\/script>\n<!-- \/ Yoast SEO plugin. -->","yoast_head_json":{"title":"Module de panneau LED P3.91 durable | Mise \u00e0 jour rapide, affichage clair | \u00c9cran LED","description":"Modules de panneaux LED P3.91 polyvalents pour des images nettes et des performances stables. Parfaits pour un usage int\u00e9rieur ou ext\u00e9rieur. Demandez un devis gratuit d\u00e8s maintenant\u00a0!","robots":{"index":"index","follow":"follow","max-snippet":"max-snippet:-1","max-image-preview":"max-image-preview:large","max-video-preview":"max-video-preview:-1"},"canonical":"https:\/\/www.telaled.com\/fr\/fabrica\/modulo-painel-de-led-p3-91\/","og_locale":"fr_FR","og_type":"article","og_title":"Modulo Painel de LED P3.91 Dur\u00e1vel | Atualiza\u00e7\u00e3o R\u00e1pida, Sa\u00edda Clara |TELALED","og_description":"Modulo Painel de LED P3.91 vers\u00e1teis para visuais n\u00edtidos e desempenho est\u00e1vel. Funciona bem em qualquer configura\u00e7\u00e3o interna ou externa. Obtenha uma cota\u00e7\u00e3o gratuita agora!","og_url":"https:\/\/www.telaled.com\/fr\/fabrica\/modulo-painel-de-led-p3-91\/","og_site_name":"TELALED","article_modified_time":"2026-01-02T08:30:29+00:00","og_image":[{"width":500,"height":500,"url":"https:\/\/www.telaled.com\/wp-content\/uploads\/2025\/07\/modulo-painel-de-led-p3.91-1-1.webp","type":"image\/webp"}],"twitter_card":"summary_large_image","twitter_misc":{"Dur\u00e9e de lecture estim\u00e9e":"1 minute"},"schema":{"@context":"https:\/\/schema.org","@graph":[{"@type":"WebPage","@id":"https:\/\/www.telaled.com\/fabrica\/modulo-painel-de-led-p3-91\/","url":"https:\/\/www.telaled.com\/fabrica\/modulo-painel-de-led-p3-91\/","name":"Module de panneau LED P3.91 durable | Mise \u00e0 jour rapide, affichage clair | \u00c9cran LED","isPartOf":{"@id":"https:\/\/www.telaled.com\/#website"},"primaryImageOfPage":{"@id":"https:\/\/www.telaled.com\/fabrica\/modulo-painel-de-led-p3-91\/#primaryimage"},"image":{"@id":"https:\/\/www.telaled.com\/fabrica\/modulo-painel-de-led-p3-91\/#primaryimage"},"thumbnailUrl":"https:\/\/www.telaled.com\/wp-content\/uploads\/2025\/07\/modulo-painel-de-led-p3.91-1-1.webp","datePublished":"2025-07-11T06:40:15+00:00","dateModified":"2026-01-02T08:30:29+00:00","description":"Modules de panneaux LED P3.91 polyvalents pour des images nettes et des performances stables. Parfaits pour un usage int\u00e9rieur ou ext\u00e9rieur. Demandez un devis gratuit d\u00e8s maintenant\u00a0!","breadcrumb":{"@id":"https:\/\/www.telaled.com\/fabrica\/modulo-painel-de-led-p3-91\/#breadcrumb"},"inLanguage":"fr-FR","potentialAction":[{"@type":"ReadAction","target":["https:\/\/www.telaled.com\/fabrica\/modulo-painel-de-led-p3-91\/"]}]},{"@type":"ImageObject","inLanguage":"fr-FR","@id":"https:\/\/www.telaled.com\/fabrica\/modulo-painel-de-led-p3-91\/#primaryimage","url":"https:\/\/www.telaled.com\/wp-content\/uploads\/2025\/07\/modulo-painel-de-led-p3.91-1-1.webp","contentUrl":"https:\/\/www.telaled.com\/wp-content\/uploads\/2025\/07\/modulo-painel-de-led-p3.91-1-1.webp","width":500,"height":500,"caption":"modulo-painel-de-led-p3.91 (1)"},{"@type":"BreadcrumbList","@id":"https:\/\/www.telaled.com\/fabrica\/modulo-painel-de-led-p3-91\/#breadcrumb","itemListElement":[{"@type":"ListItem","position":1,"name":"Home","item":"https:\/\/www.telaled.com\/"},{"@type":"ListItem","position":2,"name":"Produtos","item":"https:\/\/www.telaled.com\/shop\/"},{"@type":"ListItem","position":3,"name":"Modulo Painel de LED P3.91"}]},{"@type":"WebSite","@id":"https:\/\/www.telaled.com\/#website","url":"https:\/\/www.telaled.com\/","name":"\u00e9cran LED","description":"","potentialAction":[{"@type":"SearchAction","target":{"@type":"EntryPoint","urlTemplate":"https:\/\/www.telaled.com\/?s={search_term_string}"},"query-input":{"@type":"PropertyValueSpecification","valueRequired":true,"valueName":"search_term_string"}}],"inLanguage":"fr-FR"}]}},"_links":{"self":[{"href":"https:\/\/www.telaled.com\/fr\/wp-json\/wp\/v2\/product\/2522","targetHints":{"allow":["GET"]}}],"collection":[{"href":"https:\/\/www.telaled.com\/fr\/wp-json\/wp\/v2\/product"}],"about":[{"href":"https:\/\/www.telaled.com\/fr\/wp-json\/wp\/v2\/types\/product"}],"wp:featuredmedia":[{"embeddable":true,"href":"https:\/\/www.telaled.com\/fr\/wp-json\/wp\/v2\/media\/2697"}],"wp:attachment":[{"href":"https:\/\/www.telaled.com\/fr\/wp-json\/wp\/v2\/media?parent=2522"}],"wp:term":[{"taxonomy":"product_brand","embeddable":true,"href":"https:\/\/www.telaled.com\/fr\/wp-json\/wp\/v2\/product_brand?post=2522"},{"taxonomy":"product_cat","embeddable":true,"href":"https:\/\/www.telaled.com\/fr\/wp-json\/wp\/v2\/product_cat?post=2522"},{"taxonomy":"product_tag","embeddable":true,"href":"https:\/\/www.telaled.com\/fr\/wp-json\/wp\/v2\/product_tag?post=2522"}],"curies":[{"name":"wp","href":"https:\/\/api.w.org\/{rel}","templated":true}]}}