{"id":2403,"date":"2025-07-07T06:06:21","date_gmt":"2025-07-07T06:06:21","guid":{"rendered":"https:\/\/www.telaled.com\/?post_type=product&#038;p=2403"},"modified":"2026-01-02T07:18:26","modified_gmt":"2026-01-02T07:18:26","slug":"modulo-painel-de-led-p2","status":"publish","type":"product","link":"https:\/\/www.telaled.com\/fr\/fabrica\/modulo-painel-de-led-p2\/","title":{"rendered":"Module de panneau LED P2"},"content":{"rendered":"<div id=\"featurebullets_feature_div\" class=\"celwidget\" data-feature-name=\"featurebullets\" data-csa-c-type=\"widget\" data-csa-c-content-id=\"featurebullets\" data-csa-c-slot-id=\"featurebullets_feature_div\" data-csa-c-asin=\"B07DF32D6Q\" data-csa-c-is-in-initial-active-row=\"false\" data-csa-c-id=\"3j0pnl-7cjnp-9t8psx-tspeog\">\n<div id=\"feature-bullets\" class=\"a-section a-spacing-medium a-spacing-top-small\">\n<div data-zone-id=\"0\" data-line-index=\"0\" data-line=\"true\">\n<p><strong>Principales applications :<\/strong><\/p>\n<ul>\n<li><strong>Salles de contr\u00f4le et centre de commandement :<\/strong> Lorsque des d\u00e9tails pr\u00e9cis sont n\u00e9cessaires pour surveiller les tableaux de bord, les cartes et les flux de donn\u00e9es en direct.<\/li>\n<li><strong>Magasins de d\u00e9tail et centres commerciaux :<\/strong> Pour la publicit\u00e9 de pr\u00e8s, les affichages de produits et les panneaux de prix num\u00e9riques.<\/li>\n<li><strong>Studios de diffusion :<\/strong> En tant qu&#039;arri\u00e8re-plans de haute qualit\u00e9 pour les actualit\u00e9s, les sports et les talk-shows avec une vid\u00e9o fluide et sans scintillement.<\/li>\n<li><strong>Halls d&#039;entr\u00e9e et salles de r\u00e9union d&#039;entreprise :<\/strong> Pour les pr\u00e9sentations, les diffusions en direct et les panneaux d&#039;accueil num\u00e9riques.<\/li>\n<\/ul>\n<p><strong>Technologie \u00e9prouv\u00e9e :<\/strong><\/p>\n<ul>\n<li>IP40\/IP50 \u2013 R\u00e9sistance \u00e0 la poussi\u00e8re et \u00e0 l\u2019humidit\u00e9.<\/li>\n<li>D\u00e9grad\u00e9 16 bits (281 trillions de couleurs). \u2013 Photor\u00e9aliste.<\/li>\n<li>Certification CE\/RoHS\/ISO9001 \u2013 Qualit\u00e9 industrielle garantie.<\/li>\n<\/ul>\n<p><img loading=\"lazy\" decoding=\"async\" class=\"alignnone wp-image-2017 size-full\" src=\"https:\/\/www.telaled.com\/wp-content\/uploads\/2023\/06\/quality-led-module-materials-1.webp\" alt=\"mat\u00e9riaux de module LED de qualit\u00e9\" width=\"768\" height=\"555\" srcset=\"https:\/\/www.telaled.com\/wp-content\/uploads\/2023\/06\/quality-led-module-materials-1.webp 768w, https:\/\/www.telaled.com\/wp-content\/uploads\/2023\/06\/quality-led-module-materials-1-300x217.webp 300w, https:\/\/www.telaled.com\/wp-content\/uploads\/2023\/06\/quality-led-module-materials-1-18x12.webp 18w, https:\/\/www.telaled.com\/wp-content\/uploads\/2023\/06\/quality-led-module-materials-1-600x434.webp 600w\" sizes=\"auto, (max-width: 768px) 100vw, 768px\" \/><\/p>\n<\/div>\n<\/div>\n<\/div>\n<div data-feature-name=\"acf-carousel\" data-csa-c-type=\"widget\" data-csa-c-content-id=\"acf-carousel\" data-csa-c-slot-id=\"acf-carousel_feature_div\" data-csa-c-asin=\"B07DF32D6Q\" data-csa-c-is-in-initial-active-row=\"false\" data-csa-c-id=\"oqpgyr-mh4egp-nntzd2-kyiiqq\">\n<table id=\"tablepress-17\" class=\"tablepress tablepress-id-17\">\n<thead>\n<tr class=\"row-1\">\n\t<th colspan=\"4\" class=\"column-1\">D\u00e9tails techniques<\/th>\n<\/tr>\n<\/thead>\n<tbody class=\"row-striping row-hover\">\n<tr class=\"row-2\">\n\t<td class=\"column-1\">Num\u00e9ro de mod\u00e8le<\/td><td class=\"column-2\">Module de panneau LED TL \u2013 P2<\/td><td class=\"column-3\"><\/td><td class=\"column-4\"><\/td>\n<\/tr>\n<tr class=\"row-3\">\n\t<td class=\"column-1\">Nom de marque<\/td><td class=\"column-2\">Fabricant TELALED<\/td><td class=\"column-3\">Plan\u00e9it\u00e9 de l&#039;\u00e9cran<\/td><td class=\"column-4\">&lt;\u00b11 mm<\/td>\n<\/tr>\n<tr class=\"row-4\">\n\t<td class=\"column-1\">Lieu d&#039;origine<\/td><td class=\"column-2\">Guangdong, Chine<\/td><td class=\"column-3\">Temps moyen entre pannes (MTBF)<\/td><td class=\"column-4\">10 000 heures<\/td>\n<\/tr>\n<tr class=\"row-5\">\n\t<td class=\"column-1\">Distance des pixels<\/td><td class=\"column-2\">P2<\/td><td class=\"column-3\">Dur\u00e9e de vie utile<\/td><td class=\"column-4\">100 000 heures<\/td>\n<\/tr>\n<tr class=\"row-6\">\n\t<td class=\"column-1\">Distance minimale de visualisation<\/td><td class=\"column-2\">2 m<\/td><td class=\"column-3\">Afficher la tension de fonctionnement<\/td><td class=\"column-4\">CA 46 ~ 54 Hz, 220 V \u00b1 151 TP3T\/110 V \u00b1 151 TP3T<\/td>\n<\/tr>\n<tr class=\"row-7\">\n\t<td class=\"column-1\">Configuration des LED<\/td><td class=\"column-2\">SMD1515<\/td><td class=\"column-3\">Att\u00e9nuation de la lumi\u00e8re<\/td><td class=\"column-4\">\uff1c3%<\/td>\n<\/tr>\n<tr class=\"row-8\">\n\t<td class=\"column-1\">R\u00e9solution du module<\/td><td class=\"column-2\">128 \u00d7 64 pixels<\/td><td class=\"column-3\">Courant de fuite<\/td><td class=\"column-4\">\uff1c3mA<\/td>\n<\/tr>\n<tr class=\"row-9\">\n\t<td class=\"column-1\">Pixels du module<\/td><td class=\"column-2\">8192 pixels<\/td><td class=\"column-3\">Indice de protection IP<\/td><td class=\"column-4\">Arri\u00e8re : IP40 \/ Avant : IP50<\/td>\n<\/tr>\n<tr class=\"row-10\">\n\t<td class=\"column-1\">Taille du module<\/td><td class=\"column-2\">L320 mm x H160 mm x T13<\/td><td class=\"column-3\">Temp\u00e9rature et humidit\u00e9 de l&#039;environnement de travail<\/td><td class=\"column-4\">Temp\u00e9rature : -20\u00b0C~+60\u00b0C \/ Humidit\u00e9 : 10%~90% HR<\/td>\n<\/tr>\n<tr class=\"row-11\">\n\t<td class=\"column-1\">Taille de l&#039;armoire<\/td><td class=\"column-2\">512 mm * 512 mm<\/td><td class=\"column-3\">M\u00e9dias pris en charge<\/td><td class=\"column-4\">Donn\u00e9es techniques, photos, mod\u00e8les CAO, vid\u00e9o<\/td>\n<\/tr>\n<tr class=\"row-12\">\n\t<td class=\"column-1\">Configuration des pixels<\/td><td class=\"column-2\">SMD3en1, couleur R\/V\/B 1:1:1<\/td><td class=\"column-3\">Fonction<\/td><td class=\"column-4\">SDK<\/td>\n<\/tr>\n<tr class=\"row-13\">\n\t<td class=\"column-1\">Brillance \u00e9quilibr\u00e9e<\/td><td class=\"column-2\">1000 cd\/m\u00b2 (int\u00e9rieur)<\/td><td class=\"column-3\">Mode de contr\u00f4le<\/td><td class=\"column-4\">Synchronisation via DVI avec PC de contr\u00f4le<\/td>\n<\/tr>\n<tr class=\"row-14\">\n\t<td class=\"column-1\">M\u00e9thode d&#039;entra\u00eenement<\/td><td class=\"column-2\">Scan 1\/32<\/td><td class=\"column-3\">Logiciels pris en charge<\/td><td class=\"column-4\">Windows XP\/W7\/Vista<\/td>\n<\/tr>\n<tr class=\"row-15\">\n\t<td class=\"column-1\">Taux de mise \u00e0 jour<\/td><td class=\"column-2\">\u2265 1920 Hz<\/td><td class=\"column-3\">Syst\u00e8me de contr\u00f4le<\/td><td class=\"column-4\">Carte DVI + contr\u00f4leur couleur + fibre optique (en option)<\/td>\n<\/tr>\n<tr class=\"row-16\">\n\t<td class=\"column-1\">Fr\u00e9quence de d\u00e9tection des changements<\/td><td class=\"column-2\">50-60 Hz<\/td><td class=\"column-3\">Marque du syst\u00e8me de contr\u00f4le principal<\/td><td class=\"column-4\">Novastar, Linsn, Huidu, lumi\u00e8re color\u00e9e<\/td>\n<\/tr>\n<tr class=\"row-17\">\n\t<td class=\"column-1\">Angle de vision<\/td><td class=\"column-2\">H140\u00b0 V120\u00b0<\/td><td class=\"column-3\">Interface<\/td><td class=\"column-4\">Ethernet standard<\/td>\n<\/tr>\n<tr class=\"row-18\">\n\t<td class=\"column-1\">Taux de lumi\u00e8re inactive<\/td><td class=\"column-2\">\u22641%<\/td><td class=\"column-3\">Distance de transmission<\/td><td class=\"column-4\">Fibre multimode <500m >\n<\/tr>\n<tr class=\"row-19\">\n\t<td class=\"column-1\">Gaspillage d&#039;\u00e9nergie<\/td><td class=\"column-2\">700*1000 W\/M2<\/td><td class=\"column-3\">Garantie<\/td><td class=\"column-4\">5 ans<\/td>\n<\/tr>\n<tr class=\"row-20\">\n\t<td class=\"column-1\">Consommation moyenne d&#039;\u00e9nergie<\/td><td class=\"column-2\">480 W\/M2<\/td><td class=\"column-3\">Type de fournisseur<\/td><td class=\"column-4\">Fabricant d&#039;origine\/ODM\/OEM<\/td>\n<\/tr>\n<tr class=\"row-21\">\n\t<td class=\"column-1\">Niveau de gris<\/td><td class=\"column-2\">16 bits (4096 niveaux)(212)<\/td><td class=\"column-3\">D\u00e9lai de livraison<\/td><td class=\"column-4\">25 (ou n\u00e9gociable)<\/td>\n<\/tr>\n<tr class=\"row-22\">\n\t<td class=\"column-1\">Couleur d&#039;affichage<\/td><td class=\"column-2\">16 mois<\/td><td class=\"column-3\">Application<\/td><td class=\"column-4\">Publicit\u00e9\/Int\u00e9rieur\/Ext\u00e9rieur<\/td>\n<\/tr>\n<tr class=\"row-23\">\n\t<td class=\"column-1\">Heures de travail ininterrompues<\/td><td class=\"column-2\">\u2265 72 heures<\/td><td class=\"column-3\">Utiliser<\/td><td class=\"column-4\">Publicit\u00e9 num\u00e9rique, centres commerciaux, affichages de bienvenue, halls d&#039;exposition, a\u00e9roports, \u00e9glises, sports, \u00e9v\u00e9nements, r\u00e9unions, locations, sc\u00e8nes, automobile, vente au d\u00e9tail, mariages<\/td>\n<\/tr>\n<tr class=\"row-24\">\n\t<td class=\"column-1\">Taux d&#039;angle mort discret<\/td><td class=\"column-2\"><1><td class=\"column-3\">D\u00e9tails de l&#039;emballage<\/td><td class=\"column-4\">Bo\u00eete en carton renforc\u00e9 + bois<\/td>\n<\/tr>\n<tr class=\"row-25\">\n\t<td class=\"column-1\">Taux d&#039;angle mort continu<\/td><td class=\"column-2\">Aucun<\/td><td class=\"column-3\">Capacit\u00e9 d&#039;approvisionnement<\/td><td class=\"column-4\">5 000 unit\u00e9s\/mois<\/td>\n<\/tr>\n<tr class=\"row-26\">\n\t<td class=\"column-1\">Taux d&#039;angle mort<\/td><td class=\"column-2\"><1><td class=\"column-3\">Port<\/td><td class=\"column-4\">Shenzhen<\/td>\n<\/tr>\n<\/tbody>\n<\/table>\n<\/div>\n<div id=\"provenanceCertifications_feature_div\" class=\"celwidget\" data-feature-name=\"provenanceCertifications\" data-csa-c-type=\"widget\" data-csa-c-content-id=\"provenanceCertifications\" data-csa-c-slot-id=\"provenanceCertifications_feature_div\" data-csa-c-asin=\"B07DF32D6Q\" data-csa-c-is-in-initial-active-row=\"false\" data-csa-c-id=\"6t8ho-xbknmj-nqaso5-ne24gd\">\n<div id=\"provenance-certifications\" class=\"a-section a-spacing-medium a-spacing-top-micro\"><\/div>\n<\/div>","protected":false},"excerpt":{"rendered":"<p><strong>Module LED d&#039;int\u00e9rieur P2\u00a0: solution d&#039;affichage num\u00e9rique haute r\u00e9solution<\/strong><\/p>\n<p>LE <strong>Module de panneau LED P2<\/strong> Il a \u00e9t\u00e9 con\u00e7u pour une utilisation en int\u00e9rieur, o\u00f9 des images nettes et d\u00e9taill\u00e9es sont essentielles. <a href=\"https:\/\/www.telaled.com\/fr\/densidade-de-pixels-em-telas-de-led-e-lcd\/\">densit\u00e9 de pixels<\/a> Avec une \u00e9paisseur de 2,0 mm, ce panneau offre une r\u00e9solution fine adapt\u00e9e \u00e0 la visualisation rapproch\u00e9e, ce qui en fait un excellent choix pour l&#039;affichage num\u00e9rique haut de gamme, les salles de contr\u00f4le et les configurations de diffusion.<\/p>\n<p><strong>Principaux avantages :<\/strong><br \/>\n<strong><br \/>\n\u2714 Haute r\u00e9solution : <\/strong>Espacement des pixels de 2,0 mm pour des images rapproch\u00e9es nettes et pr\u00e9cises.<\/p>\n<p><strong>\u2714 Circuit int\u00e9gr\u00e9 de pilote haute stabilit\u00e9 :<\/strong> Tous les mat\u00e9riaux proviennent de partenaires commerciaux reconnus tels que Nationstar, Kinglight, Nichia, Cree et Epistar LED. Ils offrent des performances constantes et fiables.<strong><br \/>\n<\/strong><\/p>\n<p><strong>\u2714 Installation facile : <\/strong>La conception l\u00e9g\u00e8re et l&#039;ajustement pr\u00e9cis du module simplifient la configuration.<strong><br \/>\n<\/strong><\/p>\n<p><strong>\u2714 Affichage fluide : <\/strong>Le taux de rafra\u00eechissement \u00e9lev\u00e9 garantit des images stables et sans scintillement.<\/p>","protected":false},"featured_media":2690,"template":"","meta":[],"product_brand":[],"product_cat":[41],"product_tag":[],"class_list":{"0":"post-2403","1":"product","2":"type-product","3":"status-publish","4":"has-post-thumbnail","6":"product_cat-modulo-painel-de-led","8":"first","9":"instock","10":"shipping-taxable","11":"product-type-simple"},"yoast_head":"<!-- This site is optimized with the Yoast SEO plugin v27.5 - https:\/\/yoast.com\/product\/yoast-seo-wordpress\/ -->\n<title>M\u00f3dulo de Painel de LED P2 | Tel\u00e3o de LED Interno de Passo Fino |TELALED<\/title>\n<meta name=\"description\" content=\"Obtenha imagens n\u00edtidas e claras com nosso m\u00f3dulo de painel de LED P2. Ideal para telas de LED internas e paredes de v\u00eddeo. Compre agora para obter desempenho e entrega confi\u00e1veis.\" \/>\n<meta name=\"robots\" content=\"index, follow, max-snippet:-1, max-image-preview:large, max-video-preview:-1\" \/>\n<link rel=\"canonical\" href=\"https:\/\/www.telaled.com\/fr\/fabrica\/modulo-painel-de-led-p2\/\" \/>\n<meta property=\"og:locale\" content=\"fr_FR\" \/>\n<meta property=\"og:type\" content=\"article\" \/>\n<meta property=\"og:title\" content=\"M\u00f3dulo de Painel de LED P2 | Tel\u00e3o de LED Interno de Passo Fino |TELALED\" \/>\n<meta property=\"og:description\" content=\"Obtenha imagens n\u00edtidas e claras com nosso m\u00f3dulo de painel de LED P2. Ideal para telas de LED internas e paredes de v\u00eddeo. Compre agora para obter desempenho e entrega confi\u00e1veis.\" \/>\n<meta property=\"og:url\" content=\"https:\/\/www.telaled.com\/fr\/fabrica\/modulo-painel-de-led-p2\/\" \/>\n<meta property=\"og:site_name\" content=\"TELALED\" \/>\n<meta property=\"article:modified_time\" content=\"2026-01-02T07:18:26+00:00\" \/>\n<meta property=\"og:image\" content=\"https:\/\/www.telaled.com\/wp-content\/uploads\/2025\/07\/modulo-painel-de-led-p2.webp\" \/>\n\t<meta property=\"og:image:width\" content=\"500\" \/>\n\t<meta property=\"og:image:height\" content=\"500\" \/>\n\t<meta property=\"og:image:type\" content=\"image\/webp\" \/>\n<meta name=\"twitter:card\" content=\"summary_large_image\" \/>\n<meta name=\"twitter:label1\" content=\"Dur\u00e9e de lecture estim\u00e9e\" \/>\n\t<meta name=\"twitter:data1\" content=\"1 minute\" \/>\n<script type=\"application\/ld+json\" class=\"yoast-schema-graph\">{\"@context\":\"https:\\\/\\\/schema.org\",\"@graph\":[{\"@type\":\"WebPage\",\"@id\":\"https:\\\/\\\/www.telaled.com\\\/fabrica\\\/modulo-painel-de-led-p2\\\/\",\"url\":\"https:\\\/\\\/www.telaled.com\\\/fabrica\\\/modulo-painel-de-led-p2\\\/\",\"name\":\"M\u00f3dulo de Painel de LED P2 | Tel\u00e3o de LED Interno de Passo Fino |TELALED\",\"isPartOf\":{\"@id\":\"https:\\\/\\\/www.telaled.com\\\/#website\"},\"primaryImageOfPage\":{\"@id\":\"https:\\\/\\\/www.telaled.com\\\/fabrica\\\/modulo-painel-de-led-p2\\\/#primaryimage\"},\"image\":{\"@id\":\"https:\\\/\\\/www.telaled.com\\\/fabrica\\\/modulo-painel-de-led-p2\\\/#primaryimage\"},\"thumbnailUrl\":\"https:\\\/\\\/www.telaled.com\\\/wp-content\\\/uploads\\\/2025\\\/07\\\/modulo-painel-de-led-p2.webp\",\"datePublished\":\"2025-07-07T06:06:21+00:00\",\"dateModified\":\"2026-01-02T07:18:26+00:00\",\"description\":\"Obtenha imagens n\u00edtidas e claras com nosso m\u00f3dulo de painel de LED P2. Ideal para telas de LED internas e paredes de v\u00eddeo. Compre agora para obter desempenho e entrega confi\u00e1veis.\",\"breadcrumb\":{\"@id\":\"https:\\\/\\\/www.telaled.com\\\/fabrica\\\/modulo-painel-de-led-p2\\\/#breadcrumb\"},\"inLanguage\":\"fr-FR\",\"potentialAction\":[{\"@type\":\"ReadAction\",\"target\":[\"https:\\\/\\\/www.telaled.com\\\/fabrica\\\/modulo-painel-de-led-p2\\\/\"]}]},{\"@type\":\"ImageObject\",\"inLanguage\":\"fr-FR\",\"@id\":\"https:\\\/\\\/www.telaled.com\\\/fabrica\\\/modulo-painel-de-led-p2\\\/#primaryimage\",\"url\":\"https:\\\/\\\/www.telaled.com\\\/wp-content\\\/uploads\\\/2025\\\/07\\\/modulo-painel-de-led-p2.webp\",\"contentUrl\":\"https:\\\/\\\/www.telaled.com\\\/wp-content\\\/uploads\\\/2025\\\/07\\\/modulo-painel-de-led-p2.webp\",\"width\":500,\"height\":500,\"caption\":\"modulo-painel-de-led-p2\"},{\"@type\":\"BreadcrumbList\",\"@id\":\"https:\\\/\\\/www.telaled.com\\\/fabrica\\\/modulo-painel-de-led-p2\\\/#breadcrumb\",\"itemListElement\":[{\"@type\":\"ListItem\",\"position\":1,\"name\":\"Home\",\"item\":\"https:\\\/\\\/www.telaled.com\\\/\"},{\"@type\":\"ListItem\",\"position\":2,\"name\":\"Produtos\",\"item\":\"https:\\\/\\\/www.telaled.com\\\/shop\\\/\"},{\"@type\":\"ListItem\",\"position\":3,\"name\":\"Modulo Painel de LED P2\"}]},{\"@type\":\"WebSite\",\"@id\":\"https:\\\/\\\/www.telaled.com\\\/#website\",\"url\":\"https:\\\/\\\/www.telaled.com\\\/\",\"name\":\"TELALED\",\"description\":\"\",\"potentialAction\":[{\"@type\":\"SearchAction\",\"target\":{\"@type\":\"EntryPoint\",\"urlTemplate\":\"https:\\\/\\\/www.telaled.com\\\/?s={search_term_string}\"},\"query-input\":{\"@type\":\"PropertyValueSpecification\",\"valueRequired\":true,\"valueName\":\"search_term_string\"}}],\"inLanguage\":\"fr-FR\"}]}<\/script>\n<!-- \/ Yoast SEO plugin. -->","yoast_head_json":{"title":"Module de panneau LED P2 | \u00c9cran LED d&#039;int\u00e9rieur \u00e0 pas fin | TELALED","description":"Obtenez des images nettes et claires avec notre module LED P2. Id\u00e9al pour les \u00e9crans LED d&#039;int\u00e9rieur et les murs vid\u00e9o. Achetez d\u00e8s maintenant pour des performances et une livraison fiables.","robots":{"index":"index","follow":"follow","max-snippet":"max-snippet:-1","max-image-preview":"max-image-preview:large","max-video-preview":"max-video-preview:-1"},"canonical":"https:\/\/www.telaled.com\/fr\/fabrica\/modulo-painel-de-led-p2\/","og_locale":"fr_FR","og_type":"article","og_title":"M\u00f3dulo de Painel de LED P2 | Tel\u00e3o de LED Interno de Passo Fino |TELALED","og_description":"Obtenha imagens n\u00edtidas e claras com nosso m\u00f3dulo de painel de LED P2. Ideal para telas de LED internas e paredes de v\u00eddeo. Compre agora para obter desempenho e entrega confi\u00e1veis.","og_url":"https:\/\/www.telaled.com\/fr\/fabrica\/modulo-painel-de-led-p2\/","og_site_name":"TELALED","article_modified_time":"2026-01-02T07:18:26+00:00","og_image":[{"width":500,"height":500,"url":"https:\/\/www.telaled.com\/wp-content\/uploads\/2025\/07\/modulo-painel-de-led-p2.webp","type":"image\/webp"}],"twitter_card":"summary_large_image","twitter_misc":{"Dur\u00e9e de lecture estim\u00e9e":"1 minute"},"schema":{"@context":"https:\/\/schema.org","@graph":[{"@type":"WebPage","@id":"https:\/\/www.telaled.com\/fabrica\/modulo-painel-de-led-p2\/","url":"https:\/\/www.telaled.com\/fabrica\/modulo-painel-de-led-p2\/","name":"Module de panneau LED P2 | \u00c9cran LED d&#039;int\u00e9rieur \u00e0 pas fin | TELALED","isPartOf":{"@id":"https:\/\/www.telaled.com\/#website"},"primaryImageOfPage":{"@id":"https:\/\/www.telaled.com\/fabrica\/modulo-painel-de-led-p2\/#primaryimage"},"image":{"@id":"https:\/\/www.telaled.com\/fabrica\/modulo-painel-de-led-p2\/#primaryimage"},"thumbnailUrl":"https:\/\/www.telaled.com\/wp-content\/uploads\/2025\/07\/modulo-painel-de-led-p2.webp","datePublished":"2025-07-07T06:06:21+00:00","dateModified":"2026-01-02T07:18:26+00:00","description":"Obtenez des images nettes et claires avec notre module LED P2. Id\u00e9al pour les \u00e9crans LED d&#039;int\u00e9rieur et les murs vid\u00e9o. Achetez d\u00e8s maintenant pour des performances et une livraison fiables.","breadcrumb":{"@id":"https:\/\/www.telaled.com\/fabrica\/modulo-painel-de-led-p2\/#breadcrumb"},"inLanguage":"fr-FR","potentialAction":[{"@type":"ReadAction","target":["https:\/\/www.telaled.com\/fabrica\/modulo-painel-de-led-p2\/"]}]},{"@type":"ImageObject","inLanguage":"fr-FR","@id":"https:\/\/www.telaled.com\/fabrica\/modulo-painel-de-led-p2\/#primaryimage","url":"https:\/\/www.telaled.com\/wp-content\/uploads\/2025\/07\/modulo-painel-de-led-p2.webp","contentUrl":"https:\/\/www.telaled.com\/wp-content\/uploads\/2025\/07\/modulo-painel-de-led-p2.webp","width":500,"height":500,"caption":"modulo-painel-de-led-p2"},{"@type":"BreadcrumbList","@id":"https:\/\/www.telaled.com\/fabrica\/modulo-painel-de-led-p2\/#breadcrumb","itemListElement":[{"@type":"ListItem","position":1,"name":"Home","item":"https:\/\/www.telaled.com\/"},{"@type":"ListItem","position":2,"name":"Produtos","item":"https:\/\/www.telaled.com\/shop\/"},{"@type":"ListItem","position":3,"name":"Modulo Painel de LED P2"}]},{"@type":"WebSite","@id":"https:\/\/www.telaled.com\/#website","url":"https:\/\/www.telaled.com\/","name":"\u00e9cran LED","description":"","potentialAction":[{"@type":"SearchAction","target":{"@type":"EntryPoint","urlTemplate":"https:\/\/www.telaled.com\/?s={search_term_string}"},"query-input":{"@type":"PropertyValueSpecification","valueRequired":true,"valueName":"search_term_string"}}],"inLanguage":"fr-FR"}]}},"_links":{"self":[{"href":"https:\/\/www.telaled.com\/fr\/wp-json\/wp\/v2\/product\/2403","targetHints":{"allow":["GET"]}}],"collection":[{"href":"https:\/\/www.telaled.com\/fr\/wp-json\/wp\/v2\/product"}],"about":[{"href":"https:\/\/www.telaled.com\/fr\/wp-json\/wp\/v2\/types\/product"}],"wp:featuredmedia":[{"embeddable":true,"href":"https:\/\/www.telaled.com\/fr\/wp-json\/wp\/v2\/media\/2690"}],"wp:attachment":[{"href":"https:\/\/www.telaled.com\/fr\/wp-json\/wp\/v2\/media?parent=2403"}],"wp:term":[{"taxonomy":"product_brand","embeddable":true,"href":"https:\/\/www.telaled.com\/fr\/wp-json\/wp\/v2\/product_brand?post=2403"},{"taxonomy":"product_cat","embeddable":true,"href":"https:\/\/www.telaled.com\/fr\/wp-json\/wp\/v2\/product_cat?post=2403"},{"taxonomy":"product_tag","embeddable":true,"href":"https:\/\/www.telaled.com\/fr\/wp-json\/wp\/v2\/product_tag?post=2403"}],"curies":[{"name":"wp","href":"https:\/\/api.w.org\/{rel}","templated":true}]}}