{"id":3928,"date":"2025-10-09T02:28:13","date_gmt":"2025-10-09T02:28:13","guid":{"rendered":"https:\/\/www.telaled.com\/?post_type=product&#038;p=3928"},"modified":"2026-01-07T01:14:05","modified_gmt":"2026-01-07T01:14:05","slug":"electronic-gym-scoreboard-serie-tei","status":"publish","type":"product","link":"https:\/\/www.telaled.com\/es\/fabrica\/electronic-gym-scoreboard-serie-tei\/","title":{"rendered":"Marcador electr\u00f3nico de gimnasio Serie TEI"},"content":{"rendered":"<div class=\"row\"  id=\"row-1128634035\">\n\n\t<div id=\"col-1874964915\" class=\"col small-12 large-12\"  >\n\t\t\t\t<div class=\"col-inner\"  >\n\t\t\t\n\t\t\t\n<h2>Marcador electr\u00f3nico de gimnasio Serie TEI<\/h2>\n<h3><strong>Durabilidad superior<\/strong><\/h3>\n<ul>\n<li>Carcasa de hierro con clasificaci\u00f3n IP65 resistente al polvo, la lluvia y el calor.<\/li>\n<li>Estructura de 960\u00d7960 mm y 40 kg garantiza estabilidad para escalones m\u00f3viles.<\/li>\n<li>LED <a href=\"https:\/\/www.telaled.com\/es\/led-smd\/\">SMD<\/a> Las bater\u00edas 1G1R1B duran m\u00e1s de 100.000 horas.<\/li>\n<li>Piezas resistentes a la corrosi\u00f3n con refrigeraci\u00f3n eficiente.<\/li>\n<\/ul>\n<h3><strong>Calidad visual excepcional<\/strong><\/h3>\n<ul>\n<li>Paso de p\u00edxeles de 4 mm y densidad de p\u00edxeles de 62.500 puntos\/m\u00b2 para obtener detalles n\u00edtidos.<\/li>\n<li>Brillo de 5.000 a 7.000 nits para visibilidad a la luz del sol.<\/li>\n<li>Relaci\u00f3n de contraste de 10.000:1 con 68,7 mil millones de colores.<\/li>\n<li>Frecuencia de actualizaci\u00f3n de 1920-3840 Hz para un v\u00eddeo fluido.<\/li>\n<\/ul>\n<h3><strong>Adaptabilidad completa<\/strong><\/h3>\n<ul>\n<li>Soporte de SDK para actualizaciones y control remotos.<\/li>\n<li>Los amplios \u00e1ngulos de visi\u00f3n de 140\u00b0 mantienen la claridad.<\/li>\n<li>Paneles modulares de 250\u00d7250 mm de f\u00e1cil instalaci\u00f3n.<\/li>\n<li>Ideal para camiones, centros comerciales, aeropuertos y eventos.<\/li>\n<\/ul>\n<h3><strong>Soporte integral<\/strong><\/h3>\n<ul>\n<li>Soporte t\u00e9cnico experto 24 horas al d\u00eda, 7 d\u00edas a la semana. Obtenga asistencia confiable en cualquier momento y en cualquier lugar con nuestro equipo de soporte remoto 24 horas al d\u00eda, 7 d\u00edas a la semana.<\/li>\n<li>Repuestos adicionales 5%, cada pedido viene con componentes de reemplazo adicionales, lo que garantiza una mayor confiabilidad y le brinda mayor tranquilidad.<\/li>\n<li>Garant\u00eda extendida de 3 a\u00f1os Disfrute de un rendimiento duradero y un servicio confiable respaldado por una garant\u00eda extendida de 3 a\u00f1os para m\u00e1xima protecci\u00f3n.<\/li>\n<\/ul>\n<h2>Detalles del producto<\/h2>\n<div class=\"row\"  id=\"row-1007081639\">\n\n\t<div id=\"col-1813049195\" class=\"col medium-10 small-12 large-10\"  >\n\t\t\t\t<div class=\"col-inner text-left\"  >\n\t\t\t\n\t\t\t\n<ul>\n<li>Realiza un seguimiento de cada repetici\u00f3n y ronda con el <em><strong>Marcador electr\u00f3nico de gimnasio<\/strong><\/em>Con una barra de progreso verde brillante y una pantalla LED de cuenta regresiva, funciona como tu entrenador personal, ayud\u00e1ndote a controlar intervalos, periodos de descanso y tiempo total de entrenamiento. Este temporizador inteligente te permite monitorear tu progreso de un vistazo, manteniendo cada sesi\u00f3n organizada y eficiente.<\/li>\n<\/ul>\n\t<div class=\"img has-hover x md-x lg-x y md-y lg-y\" id=\"image_752905592\">\n\t\t\t\t\t\t\t\t<div class=\"img-inner dark\" >\n\t\t\t<img loading=\"lazy\" decoding=\"async\" width=\"970\" height=\"600\" src=\"https:\/\/www.telaled.com\/wp-content\/uploads\/2025\/10\/Electronic-gym-scoreboard7.jpg\" class=\"attachment-original size-original\" alt=\"Marcador electr\u00f3nico de gimnasio7\" srcset=\"https:\/\/www.telaled.com\/wp-content\/uploads\/2025\/10\/Electronic-gym-scoreboard7.jpg 970w, https:\/\/www.telaled.com\/wp-content\/uploads\/2025\/10\/Electronic-gym-scoreboard7-300x186.jpg 300w, https:\/\/www.telaled.com\/wp-content\/uploads\/2025\/10\/Electronic-gym-scoreboard7-768x475.jpg 768w, https:\/\/www.telaled.com\/wp-content\/uploads\/2025\/10\/Electronic-gym-scoreboard7-18x12.jpg 18w, https:\/\/www.telaled.com\/wp-content\/uploads\/2025\/10\/Electronic-gym-scoreboard7-600x371.jpg 600w\" sizes=\"auto, (max-width: 970px) 100vw, 970px\" \/>\t\t\t\t\t\t\n\t\t\t\t\t<\/div>\n\t\t\t\t\t\t\t\t\n<style>\n#image_752905592 {\n  width: 80%;\n}\n<\/style>\n\t<\/div>\n\t\n<ul>\n<li>Uno <em><strong>Marcador electr\u00f3nico de gimnasio<\/strong><\/em> Mejora la seguridad y la eficiencia del entrenamiento al mostrar temporizadores LED claros e indicadores de progreso. Ayuda a los usuarios a monitorear el tiempo de ejercicio, los per\u00edodos de descanso y el rendimiento en tiempo real. Los entrenadores pueden monitorear f\u00e1cilmente el progreso y ajustar las rutinas. Perfecto para <a href=\"https:\/\/www.telaled.com\/es\/cronometro-academia\/\">gimnasios<\/a> En sus estudios garantiza sesiones de entrenamiento organizadas, consistentes y efectivas para todos los niveles de condici\u00f3n f\u00edsica.<\/li>\n<\/ul>\n\t<div class=\"img has-hover x md-x lg-x y md-y lg-y\" id=\"image_657042692\">\n\t\t\t\t\t\t\t\t<div class=\"img-inner dark\" >\n\t\t\t<img loading=\"lazy\" decoding=\"async\" width=\"568\" height=\"438\" src=\"https:\/\/www.telaled.com\/wp-content\/uploads\/2025\/10\/Electronic-gym-scoreboard8.webp\" class=\"attachment-large size-large\" alt=\"\" srcset=\"https:\/\/www.telaled.com\/wp-content\/uploads\/2025\/10\/Electronic-gym-scoreboard8.webp 568w, https:\/\/www.telaled.com\/wp-content\/uploads\/2025\/10\/Electronic-gym-scoreboard8-300x231.webp 300w, https:\/\/www.telaled.com\/wp-content\/uploads\/2025\/10\/Electronic-gym-scoreboard8-16x12.webp 16w\" sizes=\"auto, (max-width: 568px) 100vw, 568px\" \/>\t\t\t\t\t\t\n\t\t\t\t\t<\/div>\n\t\t\t\t\t\t\t\t\n<style>\n#image_657042692 {\n  width: 80%;\n}\n<\/style>\n\t<\/div>\n\t\n<ul>\n<li><strong><em>Marcador electr\u00f3nico de gimnasio<\/em> Serie TEI<\/strong>\u00a0 Se embalan en cajas de madera reforzadas para protegerlas durante el env\u00edo. Cada unidad se empaqueta de forma segura para evitar da\u00f1os causados \u200b\u200bpor plagas, impactos y otros peligros. Esto garantiza su durabilidad y una entrega segura.<\/li>\n<\/ul>\n\t<div class=\"img has-hover x md-x lg-x y md-y lg-y\" id=\"image_2064819985\">\n\t\t\t\t\t\t\t\t<div class=\"img-inner dark\" >\n\t\t\t<img loading=\"lazy\" decoding=\"async\" width=\"760\" height=\"1024\" src=\"https:\/\/www.telaled.com\/wp-content\/uploads\/2025\/08\/36123f2c-de60-488d-af81-255cd4aee54a-760x1024.webp\" class=\"attachment-large size-large\" alt=\"\" srcset=\"https:\/\/www.telaled.com\/wp-content\/uploads\/2025\/08\/36123f2c-de60-488d-af81-255cd4aee54a-760x1024.webp 760w, https:\/\/www.telaled.com\/wp-content\/uploads\/2025\/08\/36123f2c-de60-488d-af81-255cd4aee54a-223x300.webp 223w, https:\/\/www.telaled.com\/wp-content\/uploads\/2025\/08\/36123f2c-de60-488d-af81-255cd4aee54a-768x1035.webp 768w, https:\/\/www.telaled.com\/wp-content\/uploads\/2025\/08\/36123f2c-de60-488d-af81-255cd4aee54a-9x12.webp 9w, https:\/\/www.telaled.com\/wp-content\/uploads\/2025\/08\/36123f2c-de60-488d-af81-255cd4aee54a-600x808.webp 600w, https:\/\/www.telaled.com\/wp-content\/uploads\/2025\/08\/36123f2c-de60-488d-af81-255cd4aee54a.webp 795w\" sizes=\"auto, (max-width: 760px) 100vw, 760px\" \/>\t\t\t\t\t\t\n\t\t\t\t\t<\/div>\n\t\t\t\t\t\t\t\t\n<style>\n#image_2064819985 {\n  width: 80%;\n}\n<\/style>\n\t<\/div>\n\t\n\n<table id=\"tablepress-102\" class=\"tablepress tablepress-id-102\">\n<thead>\n<tr class=\"row-1\">\n\t<th class=\"column-1\">Tiempo m\u00e1ximo de preparaci\u00f3n<\/th><th class=\"column-2\">24 horas<\/th><th class=\"column-3\">Tiempo m\u00ednimo de preparaci\u00f3n<\/th><th class=\"column-4\">10 segundos<\/th>\n<\/tr>\n<\/thead>\n<tbody class=\"row-striping row-hover\">\n<tr class=\"row-2\">\n\t<td class=\"column-1\">Voltaje nominal<\/td><td class=\"column-2\">220 V<\/td><td class=\"column-3\">N\u00famero de modelo<\/td><td class=\"column-4\">Serie TEI<\/td>\n<\/tr>\n<tr class=\"row-3\">\n\t<td class=\"column-1\">Marca<\/td><td class=\"column-2\">Pantalla LED<\/td><td class=\"column-3\">Lugar de origen<\/td><td class=\"column-4\">Shenzhen, China<\/td>\n<\/tr>\n<tr class=\"row-4\">\n\t<td class=\"column-1\">Control<\/td><td class=\"column-2\">Mando a distancia<\/td><td class=\"column-3\">Apelar<\/td><td class=\"column-4\">Port\u00e1til<\/td>\n<\/tr>\n<tr class=\"row-5\">\n\t<td class=\"column-1\">Frecuencia<\/td><td class=\"column-2\">50 Hz<\/td><td class=\"column-3\">Material<\/td><td class=\"column-4\">Aleaci\u00f3n de aluminio<\/td>\n<\/tr>\n<tr class=\"row-6\">\n\t<td class=\"column-1\">Teor\u00eda<\/td><td class=\"column-2\">Digital<\/td><td class=\"column-3\">Tipo<\/td><td class=\"column-4\">Temporizador de cuenta regresiva<\/td>\n<\/tr>\n<tr class=\"row-7\">\n\t<td class=\"column-1\">Solicitud<\/td><td class=\"column-2\">Multifuncional<\/td><td class=\"column-3\">Operaci\u00f3n<\/td><td class=\"column-4\">Mando a distancia<\/td>\n<\/tr>\n<tr class=\"row-8\">\n\t<td class=\"column-1\">Altura del personaje<\/td><td class=\"column-2\">4 pulgadas<\/td><td class=\"column-3\">Estructura<\/td><td class=\"column-4\">aleaci\u00f3n de aluminio<\/td>\n<\/tr>\n<tr class=\"row-9\">\n\t<td class=\"column-1\">Nombre del producto<\/td><td class=\"column-2\">reloj, cuenta atr\u00e1s\/arriba, cron\u00f3metro, entrenamiento\/descanso a intervalos<\/td><td class=\"column-3\">Proceso de dar un t\u00edtulo<\/td><td class=\"column-4\">CE, RoHS<\/td>\n<\/tr>\n<\/tbody>\n<\/table>\n<!-- #tablepress-102 from cache -->\n\t\t<\/div>\n\t\t\t\t\t<\/div>\n\n\t\n<\/div>\n\t\t<\/div>\n\t\t\t\t\t<\/div>\n\n\t\n<\/div>","protected":false},"excerpt":{"rendered":"<p><em><strong>Marcador electr\u00f3nico de gimnasio Serie TEI<\/strong><\/em> \u2013 Temporizador y cron\u00f3metro LED multifuncional.<\/p>\n<p>EL <em><strong>Marcador electr\u00f3nico de gimnasio Serie TEI<\/strong><\/em>\u00a0Es un temporizador digital de 220 V con pantalla LED de 4 pulgadas y carcasa de aleaci\u00f3n de aluminio. Admite modos de conteo progresivo, conteo regresivo, cron\u00f3metro e intervalos, todos controlados por control remoto.<\/p>\n<p><strong>Caracter\u00edsticas principales:<\/strong><\/p>\n<ul>\n<li><strong>Rango de tiempo preciso:<\/strong> Ajustable desde 10 segundos hasta 24 horas para entrenamientos., <a href=\"https:\/\/www.telaled.com\/es\/telao-de-led-para-eventos\/\">eventos<\/a> o para uso industrial.<\/li>\n<li><strong>Pantalla LED n\u00edtida de 4\u2033:<\/strong> Los d\u00edgitos brillantes garantizan visibilidad incluso en \u00e1reas bien iluminadas.<\/li>\n<li><strong>Durable y conveniente:<\/strong> Cuerpo de aluminio con operaci\u00f3n remota y confiabilidad certificada CE\/RoHS.<\/li>\n<\/ul>\n<p>Nuestros expertos est\u00e1n disponibles 24\/7, d\u00eda y noche, con soporte remoto y una garant\u00eda de producto de 3 a\u00f1os. Solicite su presupuesto personalizado hoy mismo.<\/p>","protected":false},"featured_media":3944,"template":"","meta":[],"product_brand":[],"product_cat":[48,40],"product_tag":[],"class_list":{"0":"post-3928","1":"product","2":"type-product","3":"status-publish","4":"has-post-thumbnail","6":"product_cat-paineis-personalizados","7":"product_cat-painel-de-led","9":"first","10":"instock","11":"shipping-taxable","12":"product-type-simple"},"yoast_head":"<!-- This site is optimized with the Yoast SEO plugin v27.4 - https:\/\/yoast.com\/product\/yoast-seo-wordpress\/ -->\n<title>Electronic Gym Scoreboard S\u00e9rie TEI | Temporizador digital LED para esportes e fitness | TELALED<\/title>\n<meta name=\"description\" content=\"Obtenha o Electronic Gym Scoreboard S\u00e9rie TEI com cron\u00f4metro, contagem regressiva e controle remoto sem fio; ideal para treinos e sess\u00f5es de treino.\" \/>\n<meta name=\"robots\" content=\"index, follow, max-snippet:-1, max-image-preview:large, max-video-preview:-1\" \/>\n<link rel=\"canonical\" href=\"https:\/\/www.telaled.com\/es\/fabrica\/electronic-gym-scoreboard-serie-tei\/\" \/>\n<meta property=\"og:locale\" content=\"es_ES\" \/>\n<meta property=\"og:type\" content=\"article\" \/>\n<meta property=\"og:title\" content=\"Electronic Gym Scoreboard S\u00e9rie TEI | Temporizador digital LED para esportes e fitness | TELALED\" \/>\n<meta property=\"og:description\" content=\"Obtenha o Electronic Gym Scoreboard S\u00e9rie TEI com cron\u00f4metro, contagem regressiva e controle remoto sem fio; ideal para treinos e sess\u00f5es de treino.\" \/>\n<meta property=\"og:url\" content=\"https:\/\/www.telaled.com\/es\/fabrica\/electronic-gym-scoreboard-serie-tei\/\" \/>\n<meta property=\"og:site_name\" content=\"TELALED\" \/>\n<meta property=\"article:modified_time\" content=\"2026-01-07T01:14:05+00:00\" \/>\n<meta property=\"og:image\" content=\"https:\/\/www.telaled.com\/wp-content\/uploads\/2025\/10\/Electronic-gym-scoreboard.webp\" \/>\n\t<meta property=\"og:image:width\" content=\"500\" \/>\n\t<meta property=\"og:image:height\" content=\"500\" \/>\n\t<meta property=\"og:image:type\" content=\"image\/webp\" \/>\n<meta name=\"twitter:card\" content=\"summary_large_image\" \/>\n<meta name=\"twitter:label1\" content=\"Tiempo de lectura\" \/>\n\t<meta name=\"twitter:data1\" content=\"3 minutos\" \/>\n<script type=\"application\/ld+json\" class=\"yoast-schema-graph\">{\"@context\":\"https:\\\/\\\/schema.org\",\"@graph\":[{\"@type\":\"WebPage\",\"@id\":\"https:\\\/\\\/www.telaled.com\\\/fabrica\\\/electronic-gym-scoreboard-serie-tei\\\/\",\"url\":\"https:\\\/\\\/www.telaled.com\\\/fabrica\\\/electronic-gym-scoreboard-serie-tei\\\/\",\"name\":\"Electronic Gym Scoreboard S\u00e9rie TEI | Temporizador digital LED para esportes e fitness | TELALED\",\"isPartOf\":{\"@id\":\"https:\\\/\\\/www.telaled.com\\\/#website\"},\"primaryImageOfPage\":{\"@id\":\"https:\\\/\\\/www.telaled.com\\\/fabrica\\\/electronic-gym-scoreboard-serie-tei\\\/#primaryimage\"},\"image\":{\"@id\":\"https:\\\/\\\/www.telaled.com\\\/fabrica\\\/electronic-gym-scoreboard-serie-tei\\\/#primaryimage\"},\"thumbnailUrl\":\"https:\\\/\\\/www.telaled.com\\\/wp-content\\\/uploads\\\/2025\\\/10\\\/Electronic-gym-scoreboard.webp\",\"datePublished\":\"2025-10-09T02:28:13+00:00\",\"dateModified\":\"2026-01-07T01:14:05+00:00\",\"description\":\"Obtenha o Electronic Gym Scoreboard S\u00e9rie TEI com cron\u00f4metro, contagem regressiva e controle remoto sem fio; ideal para treinos e sess\u00f5es de treino.\",\"breadcrumb\":{\"@id\":\"https:\\\/\\\/www.telaled.com\\\/fabrica\\\/electronic-gym-scoreboard-serie-tei\\\/#breadcrumb\"},\"inLanguage\":\"es\",\"potentialAction\":[{\"@type\":\"ReadAction\",\"target\":[\"https:\\\/\\\/www.telaled.com\\\/fabrica\\\/electronic-gym-scoreboard-serie-tei\\\/\"]}]},{\"@type\":\"ImageObject\",\"inLanguage\":\"es\",\"@id\":\"https:\\\/\\\/www.telaled.com\\\/fabrica\\\/electronic-gym-scoreboard-serie-tei\\\/#primaryimage\",\"url\":\"https:\\\/\\\/www.telaled.com\\\/wp-content\\\/uploads\\\/2025\\\/10\\\/Electronic-gym-scoreboard.webp\",\"contentUrl\":\"https:\\\/\\\/www.telaled.com\\\/wp-content\\\/uploads\\\/2025\\\/10\\\/Electronic-gym-scoreboard.webp\",\"width\":500,\"height\":500,\"caption\":\"Electronic-gym-scoreboard\"},{\"@type\":\"BreadcrumbList\",\"@id\":\"https:\\\/\\\/www.telaled.com\\\/fabrica\\\/electronic-gym-scoreboard-serie-tei\\\/#breadcrumb\",\"itemListElement\":[{\"@type\":\"ListItem\",\"position\":1,\"name\":\"Home\",\"item\":\"https:\\\/\\\/www.telaled.com\\\/\"},{\"@type\":\"ListItem\",\"position\":2,\"name\":\"Produtos\",\"item\":\"https:\\\/\\\/www.telaled.com\\\/shop\\\/\"},{\"@type\":\"ListItem\",\"position\":3,\"name\":\"Electronic Gym Scoreboard S\u00e9rie TEI\"}]},{\"@type\":\"WebSite\",\"@id\":\"https:\\\/\\\/www.telaled.com\\\/#website\",\"url\":\"https:\\\/\\\/www.telaled.com\\\/\",\"name\":\"TELALED\",\"description\":\"\",\"potentialAction\":[{\"@type\":\"SearchAction\",\"target\":{\"@type\":\"EntryPoint\",\"urlTemplate\":\"https:\\\/\\\/www.telaled.com\\\/?s={search_term_string}\"},\"query-input\":{\"@type\":\"PropertyValueSpecification\",\"valueRequired\":true,\"valueName\":\"search_term_string\"}}],\"inLanguage\":\"es\"}]}<\/script>\n<!-- \/ Yoast SEO plugin. -->","yoast_head_json":{"title":"Marcador electr\u00f3nico para gimnasio serie TEI | Temporizador digital LED para deportes y fitness | Pantalla LED","description":"Obtenga el marcador electr\u00f3nico de gimnasio de la serie TEI con cron\u00f3metro, temporizador de cuenta regresiva y control remoto inal\u00e1mbrico; ideal para entrenamientos y sesiones de entrenamiento.","robots":{"index":"index","follow":"follow","max-snippet":"max-snippet:-1","max-image-preview":"max-image-preview:large","max-video-preview":"max-video-preview:-1"},"canonical":"https:\/\/www.telaled.com\/es\/fabrica\/electronic-gym-scoreboard-serie-tei\/","og_locale":"es_ES","og_type":"article","og_title":"Electronic Gym Scoreboard S\u00e9rie TEI | Temporizador digital LED para esportes e fitness | TELALED","og_description":"Obtenha o Electronic Gym Scoreboard S\u00e9rie TEI com cron\u00f4metro, contagem regressiva e controle remoto sem fio; ideal para treinos e sess\u00f5es de treino.","og_url":"https:\/\/www.telaled.com\/es\/fabrica\/electronic-gym-scoreboard-serie-tei\/","og_site_name":"TELALED","article_modified_time":"2026-01-07T01:14:05+00:00","og_image":[{"width":500,"height":500,"url":"https:\/\/www.telaled.com\/wp-content\/uploads\/2025\/10\/Electronic-gym-scoreboard.webp","type":"image\/webp"}],"twitter_card":"summary_large_image","twitter_misc":{"Tiempo de lectura":"3 minutos"},"schema":{"@context":"https:\/\/schema.org","@graph":[{"@type":"WebPage","@id":"https:\/\/www.telaled.com\/fabrica\/electronic-gym-scoreboard-serie-tei\/","url":"https:\/\/www.telaled.com\/fabrica\/electronic-gym-scoreboard-serie-tei\/","name":"Marcador electr\u00f3nico para gimnasio serie TEI | Temporizador digital LED para deportes y fitness | Pantalla LED","isPartOf":{"@id":"https:\/\/www.telaled.com\/#website"},"primaryImageOfPage":{"@id":"https:\/\/www.telaled.com\/fabrica\/electronic-gym-scoreboard-serie-tei\/#primaryimage"},"image":{"@id":"https:\/\/www.telaled.com\/fabrica\/electronic-gym-scoreboard-serie-tei\/#primaryimage"},"thumbnailUrl":"https:\/\/www.telaled.com\/wp-content\/uploads\/2025\/10\/Electronic-gym-scoreboard.webp","datePublished":"2025-10-09T02:28:13+00:00","dateModified":"2026-01-07T01:14:05+00:00","description":"Obtenga el marcador electr\u00f3nico de gimnasio de la serie TEI con cron\u00f3metro, temporizador de cuenta regresiva y control remoto inal\u00e1mbrico; ideal para entrenamientos y sesiones de entrenamiento.","breadcrumb":{"@id":"https:\/\/www.telaled.com\/fabrica\/electronic-gym-scoreboard-serie-tei\/#breadcrumb"},"inLanguage":"es","potentialAction":[{"@type":"ReadAction","target":["https:\/\/www.telaled.com\/fabrica\/electronic-gym-scoreboard-serie-tei\/"]}]},{"@type":"ImageObject","inLanguage":"es","@id":"https:\/\/www.telaled.com\/fabrica\/electronic-gym-scoreboard-serie-tei\/#primaryimage","url":"https:\/\/www.telaled.com\/wp-content\/uploads\/2025\/10\/Electronic-gym-scoreboard.webp","contentUrl":"https:\/\/www.telaled.com\/wp-content\/uploads\/2025\/10\/Electronic-gym-scoreboard.webp","width":500,"height":500,"caption":"Electronic-gym-scoreboard"},{"@type":"BreadcrumbList","@id":"https:\/\/www.telaled.com\/fabrica\/electronic-gym-scoreboard-serie-tei\/#breadcrumb","itemListElement":[{"@type":"ListItem","position":1,"name":"Home","item":"https:\/\/www.telaled.com\/"},{"@type":"ListItem","position":2,"name":"Produtos","item":"https:\/\/www.telaled.com\/shop\/"},{"@type":"ListItem","position":3,"name":"Electronic Gym Scoreboard S\u00e9rie TEI"}]},{"@type":"WebSite","@id":"https:\/\/www.telaled.com\/#website","url":"https:\/\/www.telaled.com\/","name":"Pantalla LED","description":"","potentialAction":[{"@type":"SearchAction","target":{"@type":"EntryPoint","urlTemplate":"https:\/\/www.telaled.com\/?s={search_term_string}"},"query-input":{"@type":"PropertyValueSpecification","valueRequired":true,"valueName":"search_term_string"}}],"inLanguage":"es"}]}},"_links":{"self":[{"href":"https:\/\/www.telaled.com\/es\/wp-json\/wp\/v2\/product\/3928","targetHints":{"allow":["GET"]}}],"collection":[{"href":"https:\/\/www.telaled.com\/es\/wp-json\/wp\/v2\/product"}],"about":[{"href":"https:\/\/www.telaled.com\/es\/wp-json\/wp\/v2\/types\/product"}],"wp:featuredmedia":[{"embeddable":true,"href":"https:\/\/www.telaled.com\/es\/wp-json\/wp\/v2\/media\/3944"}],"wp:attachment":[{"href":"https:\/\/www.telaled.com\/es\/wp-json\/wp\/v2\/media?parent=3928"}],"wp:term":[{"taxonomy":"product_brand","embeddable":true,"href":"https:\/\/www.telaled.com\/es\/wp-json\/wp\/v2\/product_brand?post=3928"},{"taxonomy":"product_cat","embeddable":true,"href":"https:\/\/www.telaled.com\/es\/wp-json\/wp\/v2\/product_cat?post=3928"},{"taxonomy":"product_tag","embeddable":true,"href":"https:\/\/www.telaled.com\/es\/wp-json\/wp\/v2\/product_tag?post=3928"}],"curies":[{"name":"gracias","href":"https:\/\/api.w.org\/{rel}","templated":true}]}}