{"id":3856,"date":"2025-10-08T02:12:15","date_gmt":"2025-10-08T02:12:15","guid":{"rendered":"https:\/\/www.telaled.com\/?post_type=product&#038;p=3856"},"modified":"2026-01-07T01:00:48","modified_gmt":"2026-01-07T01:00:48","slug":"cronometro-academia-serie-teh","status":"publish","type":"product","link":"https:\/\/www.telaled.com\/es\/fabrica\/cronometro-academia-serie-teh\/","title":{"rendered":"Cron\u00f3metro Academy Serie TEH"},"content":{"rendered":"<div class=\"row\"  id=\"row-231080310\">\n\n\t<div id=\"col-719105743\" class=\"col small-12 large-12\"  >\n\t\t\t\t<div class=\"col-inner\"  >\n\t\t\t\n\t\t\t\n<h2>Cron\u00f3metro Academy Serie TEH<\/h2>\n<h3><strong><span dir=\"auto\" style=\"vertical-align: inherit;\"><span dir=\"auto\" style=\"vertical-align: inherit;\"><span dir=\"auto\" style=\"vertical-align: inherit;\"><span dir=\"auto\" style=\"vertical-align: inherit;\"><span dir=\"auto\" style=\"vertical-align: inherit;\"><span dir=\"auto\" style=\"vertical-align: inherit;\">Durabilidad superior<\/span><\/span><\/span><\/span><\/span><\/span><\/strong><\/h3>\n<ul>\n<li>Construido con un marco de aluminio de alta calidad que resiste el impacto, la corrosi\u00f3n y el calor.<\/li>\n<li>La carcasa sellada protege los circuitos del polvo y la humedad para una confiabilidad a largo plazo.<\/li>\n<li>Los soportes reforzados mantienen la unidad estable en montajes de pared, techo o tr\u00edpode.<\/li>\n<\/ul>\n<h3><strong><span dir=\"auto\" style=\"vertical-align: inherit;\"><span dir=\"auto\" style=\"vertical-align: inherit;\"><span dir=\"auto\" style=\"vertical-align: inherit;\"><span dir=\"auto\" style=\"vertical-align: inherit;\"><span dir=\"auto\" style=\"vertical-align: inherit;\"><span dir=\"auto\" style=\"vertical-align: inherit;\">Calidad visual excepcional<\/span><\/span><\/span><\/span><\/span><\/span><\/strong><\/h3>\n<ul>\n<li>Utiliza LED rojos y amarillos de alto brillo de 5 pulgadas (12,7 cm) para una visibilidad de hasta 40 m.<\/li>\n<li>La lente acr\u00edlica antirreflejo mejora el contraste y evita el reflejo de la luz.<\/li>\n<li>Mantiene un brillo constante y uniformidad de color incluso bajo iluminaci\u00f3n intensa.<\/li>\n<\/ul>\n<h3><strong><span dir=\"auto\" style=\"vertical-align: inherit;\"><span dir=\"auto\" style=\"vertical-align: inherit;\"><span dir=\"auto\" style=\"vertical-align: inherit;\"><span dir=\"auto\" style=\"vertical-align: inherit;\"><span dir=\"auto\" style=\"vertical-align: inherit;\"><span dir=\"auto\" style=\"vertical-align: inherit;\">Adaptabilidad completa<\/span><\/span><\/span><\/span><\/span><\/span><\/strong><\/h3>\n<ul>\n<li>Funciona con 110-260 V CA o 12 V CC para configuraciones interiores o exteriores.<\/li>\n<li>Controlado por control remoto inal\u00e1mbrico o aplicaci\u00f3n para un ajuste r\u00e1pido.<\/li>\n<li>Se puede montar f\u00e1cilmente en paredes, techos o tr\u00edpodes para un uso flexible en gimnasios o canchas.<\/li>\n<\/ul>\n<h3><strong><span dir=\"auto\" style=\"vertical-align: inherit;\"><span dir=\"auto\" style=\"vertical-align: inherit;\"><span dir=\"auto\" style=\"vertical-align: inherit;\"><span dir=\"auto\" style=\"vertical-align: inherit;\"><span dir=\"auto\" style=\"vertical-align: inherit;\"><span dir=\"auto\" style=\"vertical-align: inherit;\">Soporte integral<\/span><\/span><\/span><\/span><\/span><\/span><\/strong><\/h3>\n<ul>\n<li><em><strong>Soporte t\u00e9cnico remoto 24\/7:<\/strong><\/em> Reciba asistencia profesional siempre que la necesite. Nuestro equipo de soporte dedicado est\u00e1 disponible 24\/7 para garantizar que su temporizador de gimnasio serie TEH funcione a pleno rendimiento, sin interrupciones.<\/li>\n<li><em><strong>5% Piezas de repuesto incluidas:<\/strong><\/em> Cada unidad viene con componentes adicionales para aumentar la confiabilidad y minimizar el tiempo de inactividad por mantenimiento, lo que le ayuda a mantener su gimnasio funcionando sin problemas.<\/li>\n<li><strong><em>Garant\u00eda extendida de 3 a\u00f1os:<\/em><\/strong> Disfrute de protecci\u00f3n a largo plazo y un rendimiento confiable con nuestra garant\u00eda extendida de 3 a\u00f1os, dise\u00f1ada para brindarle total tranquilidad y una calidad de servicio constante.<\/li>\n<\/ul>\n<h2><span dir=\"auto\" style=\"vertical-align: inherit;\"><span dir=\"auto\" style=\"vertical-align: inherit;\"><span dir=\"auto\" style=\"vertical-align: inherit;\"><span dir=\"auto\" style=\"vertical-align: inherit;\"><span dir=\"auto\" style=\"vertical-align: inherit;\"><span dir=\"auto\" style=\"vertical-align: inherit;\">Detalles del producto<\/span><\/span><\/span><\/span><\/span><\/span><\/h2>\n<div class=\"row\"  id=\"row-991281353\">\n\n\t<div id=\"col-885626535\" class=\"col medium-10 small-12 large-10\"  >\n\t\t\t\t<div class=\"col-inner text-left\"  >\n\t\t\t\n\t\t\t\n<ul>\n<li>Uno <em><strong>Cron\u00f3metro de la Academia Serie TEH<\/strong><\/em> Ofrece beneficios a largo plazo al mejorar la seguridad, la constancia y el rendimiento. Ayuda a prevenir lesiones mediante intervalos de descanso adecuados y un ritmo constante durante los entrenamientos. Los entrenadores pueden monitorear f\u00e1cilmente el progreso, ajustar la intensidad y garantizar sesiones eficientes. Motiva a tus clientes a alcanzar sus objetivos m\u00e1s r\u00e1pido, manteniendo la forma y el ritmo adecuados para un \u00e9xito f\u00edsico a largo plazo.<\/li>\n<\/ul>\n\t<div class=\"img has-hover x md-x lg-x y md-y lg-y\" id=\"image_1822852192\">\n\t\t\t\t\t\t\t\t<div class=\"img-inner dark\" >\n\t\t\t<img loading=\"lazy\" decoding=\"async\" width=\"800\" height=\"450\" src=\"https:\/\/www.telaled.com\/wp-content\/uploads\/2025\/10\/cronometro-academia7.webp\" class=\"attachment-large size-large\" alt=\"cron\u00f3metro-gym7\" srcset=\"https:\/\/www.telaled.com\/wp-content\/uploads\/2025\/10\/cronometro-academia7.webp 800w, https:\/\/www.telaled.com\/wp-content\/uploads\/2025\/10\/cronometro-academia7-300x169.webp 300w, https:\/\/www.telaled.com\/wp-content\/uploads\/2025\/10\/cronometro-academia7-768x432.webp 768w, https:\/\/www.telaled.com\/wp-content\/uploads\/2025\/10\/cronometro-academia7-18x10.webp 18w, https:\/\/www.telaled.com\/wp-content\/uploads\/2025\/10\/cronometro-academia7-600x338.webp 600w\" sizes=\"auto, (max-width: 800px) 100vw, 800px\" \/>\t\t\t\t\t\t\n\t\t\t\t\t<\/div>\n\t\t\t\t\t\t\t\t\n<style>\n#image_1822852192 {\n  width: 80%;\n}\n<\/style>\n\t<\/div>\n\t\n<ul>\n<li>Uno <em><strong>Cron\u00f3metro de la Academia Serie TEH<\/strong><\/em> Te ayuda a gestionar con precisi\u00f3n tus intervalos de descanso y ejercicio. Config\u00faralo para que emita se\u00f1ales cada pocos minutos para mantener un ritmo constante durante las sesiones de cardio, fuerza o HIIT. Por ejemplo, alterna velocidades al caminar y correr en una cinta o pedalea entre intervalos r\u00e1pidos y lentos en una bicicleta. Esta estructura aumenta la seguridad, previene la fatiga y te garantiza los mejores resultados en cada entrenamiento.<\/li>\n<\/ul>\n\t<div class=\"img has-hover x md-x lg-x y md-y lg-y\" id=\"image_1319268740\">\n\t\t\t\t\t\t\t\t<div class=\"img-inner dark\" >\n\t\t\t<img loading=\"lazy\" decoding=\"async\" width=\"500\" height=\"430\" src=\"https:\/\/www.telaled.com\/wp-content\/uploads\/2025\/10\/cronometro-academia8.webp\" class=\"attachment-original size-original\" alt=\"\" srcset=\"https:\/\/www.telaled.com\/wp-content\/uploads\/2025\/10\/cronometro-academia8.webp 500w, https:\/\/www.telaled.com\/wp-content\/uploads\/2025\/10\/cronometro-academia8-300x258.webp 300w, https:\/\/www.telaled.com\/wp-content\/uploads\/2025\/10\/cronometro-academia8-14x12.webp 14w\" sizes=\"auto, (max-width: 500px) 100vw, 500px\" \/>\t\t\t\t\t\t\n\t\t\t\t\t<\/div>\n\t\t\t\t\t\t\t\t\n<style>\n#image_1319268740 {\n  width: 80%;\n}\n<\/style>\n\t<\/div>\n\t\n<ul>\n<li>Disfrute de un control sin esfuerzo con la conectividad Bluetooth incorporada. Nuestro <em><strong>Cron\u00f3metro de la Academia Serie TEH<\/strong><\/em> Se conecta a tu smartphone para que puedas iniciar, pausar o personalizar tus entrenamientos directamente desde tu dispositivo. Monitoriza tu rendimiento, guarda tu progreso y gestiona tus sesiones en tiempo real, todo desde tus apps de fitness favoritas para una experiencia de entrenamiento m\u00e1s inteligente y c\u00f3moda.<\/li>\n<\/ul>\n\t<div class=\"img has-hover x md-x lg-x y md-y lg-y\" id=\"image_148276600\">\n\t\t\t\t\t\t\t\t<div class=\"img-inner dark\" >\n\t\t\t<img loading=\"lazy\" decoding=\"async\" width=\"1020\" height=\"421\" src=\"https:\/\/www.telaled.com\/wp-content\/uploads\/2025\/10\/cronometro-academia9.webp\" class=\"attachment-large size-large\" alt=\"\" srcset=\"https:\/\/www.telaled.com\/wp-content\/uploads\/2025\/10\/cronometro-academia9.webp 1024w, https:\/\/www.telaled.com\/wp-content\/uploads\/2025\/10\/cronometro-academia9-300x124.webp 300w, https:\/\/www.telaled.com\/wp-content\/uploads\/2025\/10\/cronometro-academia9-768x317.webp 768w, https:\/\/www.telaled.com\/wp-content\/uploads\/2025\/10\/cronometro-academia9-18x7.webp 18w, https:\/\/www.telaled.com\/wp-content\/uploads\/2025\/10\/cronometro-academia9-600x248.webp 600w\" sizes=\"auto, (max-width: 1020px) 100vw, 1020px\" \/>\t\t\t\t\t\t\n\t\t\t\t\t<\/div>\n\t\t\t\t\t\t\t\t\n<style>\n#image_148276600 {\n  width: 80%;\n}\n<\/style>\n\t<\/div>\n\t\n<ul>\n<li>Nuestro <em><strong>Cron\u00f3metro de la Academia Serie TEH<\/strong><\/em> Se embalan en cajas de madera reforzadas para protegerlas durante el env\u00edo. Cada unidad se empaqueta de forma segura para evitar da\u00f1os causados \u200b\u200bpor plagas, impactos y otros peligros. Esto garantiza su durabilidad y una entrega segura.<\/li>\n<\/ul>\n\t<div class=\"img has-hover x md-x lg-x y md-y lg-y\" id=\"image_1434805609\">\n\t\t\t\t\t\t\t\t<div class=\"img-inner dark\" >\n\t\t\t<img loading=\"lazy\" decoding=\"async\" width=\"760\" height=\"1024\" src=\"https:\/\/www.telaled.com\/wp-content\/uploads\/2025\/08\/36123f2c-de60-488d-af81-255cd4aee54a-760x1024.webp\" class=\"attachment-large size-large\" alt=\"\" srcset=\"https:\/\/www.telaled.com\/wp-content\/uploads\/2025\/08\/36123f2c-de60-488d-af81-255cd4aee54a-760x1024.webp 760w, https:\/\/www.telaled.com\/wp-content\/uploads\/2025\/08\/36123f2c-de60-488d-af81-255cd4aee54a-223x300.webp 223w, https:\/\/www.telaled.com\/wp-content\/uploads\/2025\/08\/36123f2c-de60-488d-af81-255cd4aee54a-768x1035.webp 768w, https:\/\/www.telaled.com\/wp-content\/uploads\/2025\/08\/36123f2c-de60-488d-af81-255cd4aee54a-9x12.webp 9w, https:\/\/www.telaled.com\/wp-content\/uploads\/2025\/08\/36123f2c-de60-488d-af81-255cd4aee54a-600x808.webp 600w, https:\/\/www.telaled.com\/wp-content\/uploads\/2025\/08\/36123f2c-de60-488d-af81-255cd4aee54a.webp 795w\" sizes=\"auto, (max-width: 760px) 100vw, 760px\" \/>\t\t\t\t\t\t\n\t\t\t\t\t<\/div>\n\t\t\t\t\t\t\t\t\n<style>\n#image_1434805609 {\n  width: 80%;\n}\n<\/style>\n\t<\/div>\n\t\n\n<table id=\"tablepress-100\" class=\"tablepress tablepress-id-100\">\n<thead>\n<tr class=\"row-1\">\n\t<th class=\"column-1\">Tiempo m\u00e1ximo de preparaci\u00f3n<\/th><th class=\"column-2\">24 horas<\/th><th class=\"column-3\">Tiempo m\u00ednimo de preparaci\u00f3n<\/th><th class=\"column-4\">10 segundos<\/th>\n<\/tr>\n<\/thead>\n<tbody class=\"row-striping row-hover\">\n<tr class=\"row-2\">\n\t<td class=\"column-1\">Voltaje nominal<\/td><td class=\"column-2\">220 V<\/td><td class=\"column-3\">N\u00famero de modelo<\/td><td class=\"column-4\">Serie TEH<\/td>\n<\/tr>\n<tr class=\"row-3\">\n\t<td class=\"column-1\">Marca<\/td><td class=\"column-2\">Pantalla LED<\/td><td class=\"column-3\">Lugar de origen<\/td><td class=\"column-4\">Shenzhen, China<\/td>\n<\/tr>\n<tr class=\"row-4\">\n\t<td class=\"column-1\">Control<\/td><td class=\"column-2\">Mando a distancia<\/td><td class=\"column-3\">Apelar<\/td><td class=\"column-4\">Port\u00e1til<\/td>\n<\/tr>\n<tr class=\"row-5\">\n\t<td class=\"column-1\">Frecuencia<\/td><td class=\"column-2\">50 Hz<\/td><td class=\"column-3\">Material<\/td><td class=\"column-4\">Aleaci\u00f3n de aluminio<\/td>\n<\/tr>\n<tr class=\"row-6\">\n\t<td class=\"column-1\">Teor\u00eda<\/td><td class=\"column-2\">Digital<\/td><td class=\"column-3\">Tipo<\/td><td class=\"column-4\">Temporizador de cuenta regresiva<\/td>\n<\/tr>\n<tr class=\"row-7\">\n\t<td class=\"column-1\">Solicitud<\/td><td class=\"column-2\">Multifuncional<\/td><td class=\"column-3\">Operaci\u00f3n<\/td><td class=\"column-4\">Mando a distancia<\/td>\n<\/tr>\n<tr class=\"row-8\">\n\t<td class=\"column-1\">Altura del personaje<\/td><td class=\"column-2\">4 pulgadas<\/td><td class=\"column-3\">Estructura<\/td><td class=\"column-4\">aleaci\u00f3n de aluminio<\/td>\n<\/tr>\n<tr class=\"row-9\">\n\t<td class=\"column-1\">Nombre del producto<\/td><td class=\"column-2\">Cron\u00f3metro de gimnasio<\/td><td class=\"column-3\">Proceso de dar un t\u00edtulo<\/td><td class=\"column-4\">CE, RoHS<\/td>\n<\/tr>\n<\/tbody>\n<\/table>\n<!-- #tablepress-100 from cache -->\n\t\t<\/div>\n\t\t\t\t\t<\/div>\n\n\t\n<\/div>\n\t\t<\/div>\n\t\t\t\t\t<\/div>\n\n\t\n<\/div>","protected":false},"excerpt":{"rendered":"<p><em><strong>Serie Cron\u00f3metro Academia TEH se mantiene en la pista Repetici\u00f3n<\/strong><\/em><\/p>\n<p>Este <em><strong>Cron\u00f3metro TEH Serie Academia<\/strong><\/em> Cuenta con un temporizador de cuenta regresiva de 24 segundos y una pantalla con d\u00edgitos LED rojos y amarillos de 5 pulgadas, visibles hasta a 40 m de distancia. Fabricado en aluminio, mide 52 x 34 x 4 cm y funciona con 110-260 V CA o 12 V CC, lo que lo hace ideal tanto para interiores como para exteriores.<\/p>\n<ul>\n<li><strong>Pantalla de alta visibilidad:<\/strong> Los LED rojos y amarillos de 5 pulgadas (12,7 cm) proporcionan una visi\u00f3n clara y sin reflejos a distancias de hasta 40 m.<\/li>\n<li><strong>Control inal\u00e1mbrico confiable:<\/strong> Viene con un control remoto para un control preciso del inicio, parada y reinicio de las funciones de cuenta regresiva o cuenta regresiva.<\/li>\n<li><strong>Instalaci\u00f3n vers\u00e1til:<\/strong> Admite montaje en pared, techo o tr\u00edpode para un uso flexible en gimnasios, centros de entrenamiento y canchas deportivas. <a href=\"https:\/\/www.telaled.com\/es\/fabrica\/placar-eletronico-para-basquete-serie-tee\/\">baloncesto<\/a>.<\/li>\n<\/ul>\n<p>Ofrecemos soporte remoto 24\/7 y una garant\u00eda de 3 a\u00f1os. Cont\u00e1ctenos hoy mismo para obtener un presupuesto personalizado.<\/p>","protected":false},"featured_media":4020,"template":"","meta":[],"product_brand":[],"product_cat":[41,48,44,46],"product_tag":[],"class_list":{"0":"post-3856","1":"product","2":"type-product","3":"status-publish","4":"has-post-thumbnail","6":"product_cat-modulo-painel-de-led","7":"product_cat-paineis-personalizados","8":"product_cat-painel-de-led-flexivel","9":"product_cat-painel-de-video","11":"first","12":"instock","13":"shipping-taxable","14":"product-type-simple"},"yoast_head":"<!-- This site is optimized with the Yoast SEO plugin v27.5 - https:\/\/yoast.com\/product\/yoast-seo-wordpress\/ -->\n<title>Cronometro Academia S\u00e9rie TEH para treinos mais inteligentes | Aumente os resultados do treinamento com cronometragem precisa | TELALED<\/title>\n<meta name=\"description\" content=\"Aprimore sua rotina de exerc\u00edcios. Explore os melhores recursos do Cronometro Academia S\u00e9rie TEH e dicas de especialistas para planejar treinos como um profissional.\" \/>\n<meta name=\"robots\" content=\"index, follow, max-snippet:-1, max-image-preview:large, max-video-preview:-1\" \/>\n<link rel=\"canonical\" href=\"https:\/\/www.telaled.com\/es\/fabrica\/cronometro-academia-serie-teh\/\" \/>\n<meta property=\"og:locale\" content=\"es_ES\" \/>\n<meta property=\"og:type\" content=\"article\" \/>\n<meta property=\"og:title\" content=\"Cronometro Academia S\u00e9rie TEH para treinos mais inteligentes | Aumente os resultados do treinamento com cronometragem precisa | TELALED\" \/>\n<meta property=\"og:description\" content=\"Aprimore sua rotina de exerc\u00edcios. Explore os melhores recursos do Cronometro Academia S\u00e9rie TEH e dicas de especialistas para planejar treinos como um profissional.\" \/>\n<meta property=\"og:url\" content=\"https:\/\/www.telaled.com\/es\/fabrica\/cronometro-academia-serie-teh\/\" \/>\n<meta property=\"og:site_name\" content=\"TELALED\" \/>\n<meta property=\"article:modified_time\" content=\"2026-01-07T01:00:48+00:00\" \/>\n<meta property=\"og:image\" content=\"https:\/\/www.telaled.com\/wp-content\/uploads\/2025\/10\/cronometro-academianew.webp\" \/>\n\t<meta property=\"og:image:width\" content=\"500\" \/>\n\t<meta property=\"og:image:height\" content=\"500\" \/>\n\t<meta property=\"og:image:type\" content=\"image\/webp\" \/>\n<meta name=\"twitter:card\" content=\"summary_large_image\" \/>\n<meta name=\"twitter:label1\" content=\"Tiempo de lectura\" \/>\n\t<meta name=\"twitter:data1\" content=\"4 minutos\" \/>\n<script type=\"application\/ld+json\" class=\"yoast-schema-graph\">{\"@context\":\"https:\\\/\\\/schema.org\",\"@graph\":[{\"@type\":\"WebPage\",\"@id\":\"https:\\\/\\\/www.telaled.com\\\/fabrica\\\/cronometro-academia-serie-teh\\\/\",\"url\":\"https:\\\/\\\/www.telaled.com\\\/fabrica\\\/cronometro-academia-serie-teh\\\/\",\"name\":\"Cronometro Academia S\u00e9rie TEH para treinos mais inteligentes | Aumente os resultados do treinamento com cronometragem precisa | TELALED\",\"isPartOf\":{\"@id\":\"https:\\\/\\\/www.telaled.com\\\/#website\"},\"primaryImageOfPage\":{\"@id\":\"https:\\\/\\\/www.telaled.com\\\/fabrica\\\/cronometro-academia-serie-teh\\\/#primaryimage\"},\"image\":{\"@id\":\"https:\\\/\\\/www.telaled.com\\\/fabrica\\\/cronometro-academia-serie-teh\\\/#primaryimage\"},\"thumbnailUrl\":\"https:\\\/\\\/www.telaled.com\\\/wp-content\\\/uploads\\\/2025\\\/10\\\/cronometro-academianew.webp\",\"datePublished\":\"2025-10-08T02:12:15+00:00\",\"dateModified\":\"2026-01-07T01:00:48+00:00\",\"description\":\"Aprimore sua rotina de exerc\u00edcios. Explore os melhores recursos do Cronometro Academia S\u00e9rie TEH e dicas de especialistas para planejar treinos como um profissional.\",\"breadcrumb\":{\"@id\":\"https:\\\/\\\/www.telaled.com\\\/fabrica\\\/cronometro-academia-serie-teh\\\/#breadcrumb\"},\"inLanguage\":\"es\",\"potentialAction\":[{\"@type\":\"ReadAction\",\"target\":[\"https:\\\/\\\/www.telaled.com\\\/fabrica\\\/cronometro-academia-serie-teh\\\/\"]}]},{\"@type\":\"ImageObject\",\"inLanguage\":\"es\",\"@id\":\"https:\\\/\\\/www.telaled.com\\\/fabrica\\\/cronometro-academia-serie-teh\\\/#primaryimage\",\"url\":\"https:\\\/\\\/www.telaled.com\\\/wp-content\\\/uploads\\\/2025\\\/10\\\/cronometro-academianew.webp\",\"contentUrl\":\"https:\\\/\\\/www.telaled.com\\\/wp-content\\\/uploads\\\/2025\\\/10\\\/cronometro-academianew.webp\",\"width\":500,\"height\":500,\"caption\":\"cronometro-academianew\"},{\"@type\":\"BreadcrumbList\",\"@id\":\"https:\\\/\\\/www.telaled.com\\\/fabrica\\\/cronometro-academia-serie-teh\\\/#breadcrumb\",\"itemListElement\":[{\"@type\":\"ListItem\",\"position\":1,\"name\":\"Home\",\"item\":\"https:\\\/\\\/www.telaled.com\\\/\"},{\"@type\":\"ListItem\",\"position\":2,\"name\":\"Produtos\",\"item\":\"https:\\\/\\\/www.telaled.com\\\/shop\\\/\"},{\"@type\":\"ListItem\",\"position\":3,\"name\":\"Cronometro Academia S\u00e9rie TEH\"}]},{\"@type\":\"WebSite\",\"@id\":\"https:\\\/\\\/www.telaled.com\\\/#website\",\"url\":\"https:\\\/\\\/www.telaled.com\\\/\",\"name\":\"TELALED\",\"description\":\"\",\"potentialAction\":[{\"@type\":\"SearchAction\",\"target\":{\"@type\":\"EntryPoint\",\"urlTemplate\":\"https:\\\/\\\/www.telaled.com\\\/?s={search_term_string}\"},\"query-input\":{\"@type\":\"PropertyValueSpecification\",\"valueRequired\":true,\"valueName\":\"search_term_string\"}}],\"inLanguage\":\"es\"}]}<\/script>\n<!-- \/ Yoast SEO plugin. -->","yoast_head_json":{"title":"Cron\u00f3metro de gimnasio serie TEH para entrenamientos m\u00e1s inteligentes | Optimiza tus resultados con una medici\u00f3n precisa del tiempo | Pantalla LED","description":"Mejora tu rutina de ejercicios. Explora las mejores funciones del temporizador de gimnasio TEH Series y consejos de expertos para planificar tus entrenamientos como un profesional.","robots":{"index":"index","follow":"follow","max-snippet":"max-snippet:-1","max-image-preview":"max-image-preview:large","max-video-preview":"max-video-preview:-1"},"canonical":"https:\/\/www.telaled.com\/es\/fabrica\/cronometro-academia-serie-teh\/","og_locale":"es_ES","og_type":"article","og_title":"Cronometro Academia S\u00e9rie TEH para treinos mais inteligentes | Aumente os resultados do treinamento com cronometragem precisa | TELALED","og_description":"Aprimore sua rotina de exerc\u00edcios. Explore os melhores recursos do Cronometro Academia S\u00e9rie TEH e dicas de especialistas para planejar treinos como um profissional.","og_url":"https:\/\/www.telaled.com\/es\/fabrica\/cronometro-academia-serie-teh\/","og_site_name":"TELALED","article_modified_time":"2026-01-07T01:00:48+00:00","og_image":[{"width":500,"height":500,"url":"https:\/\/www.telaled.com\/wp-content\/uploads\/2025\/10\/cronometro-academianew.webp","type":"image\/webp"}],"twitter_card":"summary_large_image","twitter_misc":{"Tiempo de lectura":"4 minutos"},"schema":{"@context":"https:\/\/schema.org","@graph":[{"@type":"WebPage","@id":"https:\/\/www.telaled.com\/fabrica\/cronometro-academia-serie-teh\/","url":"https:\/\/www.telaled.com\/fabrica\/cronometro-academia-serie-teh\/","name":"Cron\u00f3metro de gimnasio serie TEH para entrenamientos m\u00e1s inteligentes | Optimiza tus resultados con una medici\u00f3n precisa del tiempo | Pantalla LED","isPartOf":{"@id":"https:\/\/www.telaled.com\/#website"},"primaryImageOfPage":{"@id":"https:\/\/www.telaled.com\/fabrica\/cronometro-academia-serie-teh\/#primaryimage"},"image":{"@id":"https:\/\/www.telaled.com\/fabrica\/cronometro-academia-serie-teh\/#primaryimage"},"thumbnailUrl":"https:\/\/www.telaled.com\/wp-content\/uploads\/2025\/10\/cronometro-academianew.webp","datePublished":"2025-10-08T02:12:15+00:00","dateModified":"2026-01-07T01:00:48+00:00","description":"Mejora tu rutina de ejercicios. Explora las mejores funciones del temporizador de gimnasio TEH Series y consejos de expertos para planificar tus entrenamientos como un profesional.","breadcrumb":{"@id":"https:\/\/www.telaled.com\/fabrica\/cronometro-academia-serie-teh\/#breadcrumb"},"inLanguage":"es","potentialAction":[{"@type":"ReadAction","target":["https:\/\/www.telaled.com\/fabrica\/cronometro-academia-serie-teh\/"]}]},{"@type":"ImageObject","inLanguage":"es","@id":"https:\/\/www.telaled.com\/fabrica\/cronometro-academia-serie-teh\/#primaryimage","url":"https:\/\/www.telaled.com\/wp-content\/uploads\/2025\/10\/cronometro-academianew.webp","contentUrl":"https:\/\/www.telaled.com\/wp-content\/uploads\/2025\/10\/cronometro-academianew.webp","width":500,"height":500,"caption":"cronometro-academianew"},{"@type":"BreadcrumbList","@id":"https:\/\/www.telaled.com\/fabrica\/cronometro-academia-serie-teh\/#breadcrumb","itemListElement":[{"@type":"ListItem","position":1,"name":"Home","item":"https:\/\/www.telaled.com\/"},{"@type":"ListItem","position":2,"name":"Produtos","item":"https:\/\/www.telaled.com\/shop\/"},{"@type":"ListItem","position":3,"name":"Cronometro Academia S\u00e9rie TEH"}]},{"@type":"WebSite","@id":"https:\/\/www.telaled.com\/#website","url":"https:\/\/www.telaled.com\/","name":"Pantalla LED","description":"","potentialAction":[{"@type":"SearchAction","target":{"@type":"EntryPoint","urlTemplate":"https:\/\/www.telaled.com\/?s={search_term_string}"},"query-input":{"@type":"PropertyValueSpecification","valueRequired":true,"valueName":"search_term_string"}}],"inLanguage":"es"}]}},"_links":{"self":[{"href":"https:\/\/www.telaled.com\/es\/wp-json\/wp\/v2\/product\/3856","targetHints":{"allow":["GET"]}}],"collection":[{"href":"https:\/\/www.telaled.com\/es\/wp-json\/wp\/v2\/product"}],"about":[{"href":"https:\/\/www.telaled.com\/es\/wp-json\/wp\/v2\/types\/product"}],"wp:featuredmedia":[{"embeddable":true,"href":"https:\/\/www.telaled.com\/es\/wp-json\/wp\/v2\/media\/4020"}],"wp:attachment":[{"href":"https:\/\/www.telaled.com\/es\/wp-json\/wp\/v2\/media?parent=3856"}],"wp:term":[{"taxonomy":"product_brand","embeddable":true,"href":"https:\/\/www.telaled.com\/es\/wp-json\/wp\/v2\/product_brand?post=3856"},{"taxonomy":"product_cat","embeddable":true,"href":"https:\/\/www.telaled.com\/es\/wp-json\/wp\/v2\/product_cat?post=3856"},{"taxonomy":"product_tag","embeddable":true,"href":"https:\/\/www.telaled.com\/es\/wp-json\/wp\/v2\/product_tag?post=3856"}],"curies":[{"name":"gracias","href":"https:\/\/api.w.org\/{rel}","templated":true}]}}