{"id":3786,"date":"2025-10-03T18:46:32","date_gmt":"2025-10-03T18:46:32","guid":{"rendered":"https:\/\/www.telaled.com\/?post_type=product&#038;p=3786"},"modified":"2026-01-07T01:39:05","modified_gmt":"2026-01-07T01:39:05","slug":"led-display-trailer-serie-tcr","status":"publish","type":"product","link":"https:\/\/www.telaled.com\/es\/fabrica\/led-display-trailer-serie-tcr\/","title":{"rendered":"Remolque con pantalla LED Serie TCR"},"content":{"rendered":"<div class=\"row\"  id=\"row-1853335350\">\n\n\t<div id=\"col-1249371818\" class=\"col small-12 large-12\"  >\n\t\t\t\t<div class=\"col-inner\"  >\n\t\t\t\n\t\t\t\n<h2><strong>Ventajas \u00fanicas del remolque con pantalla LED de la serie TCR<\/strong><\/h2>\n<h3><strong>El poder de la publicidad m\u00f3vil<\/strong><\/h3>\n<ul>\n<li>El dise\u00f1o montado en remolque permite un f\u00e1cil transporte a varios lugares.<\/li>\n<li>La r\u00e1pida instalaci\u00f3n y desmontaje ahorra tiempo y esfuerzo.<\/li>\n<li>Perfecto tanto para campa\u00f1as de corto plazo como para eventos recurrentes.<\/li>\n<\/ul>\n<h3><strong>Construcci\u00f3n duradera para entornos exteriores<\/strong><\/h3>\n<ul>\n<li>Paneles LED resistentes a la intemperie dise\u00f1ados para un rendimiento duradero.<\/li>\n<li>Construcci\u00f3n de remolque robusta dise\u00f1ada para soportar viajes frecuentes.<\/li>\n<li>Funcionamiento fiable incluso en condiciones exteriores dif\u00edciles.<\/li>\n<\/ul>\n<h3><strong>Visualizaci\u00f3n de contenido din\u00e1mico<\/strong><\/h3>\n<ul>\n<li>Admite v\u00eddeos, animaciones y transmisi\u00f3n en vivo.<\/li>\n<li>F\u00e1cil actualizaci\u00f3n de contenido en tiempo real para lograr la m\u00e1xima participaci\u00f3n.<\/li>\n<li>La visi\u00f3n multi\u00e1ngulo garantiza visibilidad para grandes multitudes.<\/li>\n<\/ul>\n<h3><strong>Operaci\u00f3n energ\u00e9ticamente eficiente<\/strong><\/h3>\n<ul>\n<li>La tecnolog\u00eda LED mantiene la <a href=\"https:\/\/www.telaled.com\/es\/entendendo-o-consumo-de-energia-painel-de-led-quao-eficientes-sao-os-displays-de-led-modernos\/\">consumo de energ\u00eda<\/a> Bajo pero a\u00fan as\u00ed ofreciendo im\u00e1genes brillantes.<\/li>\n<li>Compatible con un generador o fuente de energ\u00eda externa para un uso flexible.<\/li>\n<li>Costes operativos reducidos en comparaci\u00f3n con el m\u00e9todo de visualizaci\u00f3n tradicional.<\/li>\n<\/ul>\n<h2>Detalles del producto<\/h2>\n<ul>\n<li><strong>Alto brillo con eficiencia energ\u00e9tica<\/strong> Alimentado por un sistema de bajo voltaje de 3,2\/4,2 V, el <strong>Remolque con pantalla LED Serie TCR<\/strong> Utiliza 4535 LED 3 en 1 de alto brillo con un consumo de energ\u00eda \u2265 10\u00a0000 CD\/m\u00b2. El brillo se ajusta autom\u00e1ticamente, garantizando im\u00e1genes n\u00edtidas de d\u00eda y de noche con un bajo consumo de energ\u00eda.<\/li>\n<\/ul>\n<div class=\"row\"  id=\"row-10571212\">\n\n\t<div id=\"col-1381369114\" class=\"col medium-10 small-12 large-10\"  >\n\t\t\t\t<div class=\"col-inner text-left\"  >\n\t\t\t\n\t\t\t\n\t<div class=\"img has-hover x md-x lg-x y md-y lg-y\" id=\"image_146950748\">\n\t\t\t\t\t\t\t\t<div class=\"img-inner dark\" >\n\t\t\t<img loading=\"lazy\" decoding=\"async\" width=\"788\" height=\"1024\" src=\"https:\/\/www.telaled.com\/wp-content\/uploads\/2025\/10\/High-Brightness-with-Energy-Efficiency-788x1024.webp\" class=\"attachment-large size-large\" alt=\"\" srcset=\"https:\/\/www.telaled.com\/wp-content\/uploads\/2025\/10\/High-Brightness-with-Energy-Efficiency-788x1024.webp 788w, https:\/\/www.telaled.com\/wp-content\/uploads\/2025\/10\/High-Brightness-with-Energy-Efficiency-231x300.webp 231w, https:\/\/www.telaled.com\/wp-content\/uploads\/2025\/10\/High-Brightness-with-Energy-Efficiency-768x998.webp 768w, https:\/\/www.telaled.com\/wp-content\/uploads\/2025\/10\/High-Brightness-with-Energy-Efficiency-9x12.webp 9w, https:\/\/www.telaled.com\/wp-content\/uploads\/2025\/10\/High-Brightness-with-Energy-Efficiency-600x780.webp 600w, https:\/\/www.telaled.com\/wp-content\/uploads\/2025\/10\/High-Brightness-with-Energy-Efficiency.webp 1000w\" sizes=\"auto, (max-width: 788px) 100vw, 788px\" \/>\t\t\t\t\t\t\n\t\t\t\t\t<\/div>\n\t\t\t\t\t\t\t\t\n<style>\n#image_146950748 {\n  width: 80%;\n}\n<\/style>\n\t<\/div>\n\t\n<ul>\n<li><strong>Alimentado por energ\u00eda solar con bater\u00eda de gran capacidad.<\/strong> Equipado con carga solar y una bater\u00eda de alta capacidad de 9,6 kWh, el remolque puede mantener la pantalla LED funcionando continuamente durante todo el a\u00f1o, proporcionando un rendimiento confiable durante 365 d\u00edas.<\/li>\n<\/ul>\n\t<div class=\"img has-hover x md-x lg-x y md-y lg-y\" id=\"image_302220611\">\n\t\t\t\t\t\t\t\t<div class=\"img-inner dark\" >\n\t\t\t<img loading=\"lazy\" decoding=\"async\" width=\"1000\" height=\"1300\" src=\"https:\/\/www.telaled.com\/wp-content\/uploads\/2025\/10\/Solar-with-Large-Battery.webp\" class=\"attachment-original size-original\" alt=\"\" srcset=\"https:\/\/www.telaled.com\/wp-content\/uploads\/2025\/10\/Solar-with-Large-Battery.webp 1000w, https:\/\/www.telaled.com\/wp-content\/uploads\/2025\/10\/Solar-with-Large-Battery-231x300.webp 231w, https:\/\/www.telaled.com\/wp-content\/uploads\/2025\/10\/Solar-with-Large-Battery-788x1024.webp 788w, https:\/\/www.telaled.com\/wp-content\/uploads\/2025\/10\/Solar-with-Large-Battery-768x998.webp 768w, https:\/\/www.telaled.com\/wp-content\/uploads\/2025\/10\/Solar-with-Large-Battery-9x12.webp 9w, https:\/\/www.telaled.com\/wp-content\/uploads\/2025\/10\/Solar-with-Large-Battery-600x780.webp 600w\" sizes=\"auto, (max-width: 1000px) 100vw, 1000px\" \/>\t\t\t\t\t\t\n\t\t\t\t\t<\/div>\n\t\t\t\t\t\t\t\t\n<style>\n#image_302220611 {\n  width: 80%;\n}\n<\/style>\n\t<\/div>\n\t\n<ul>\n<li><strong>Disipaci\u00f3n de calor avanzada<\/strong> Dise\u00f1ado con refrigeraci\u00f3n por presi\u00f3n negativa de alto flujo dentro de la caja, el sistema garantiza una disipaci\u00f3n de calor eficiente. Esto mantiene... <strong>Remolque con pantalla LED Serie TCR<\/strong> Funciona sin problemas y prolonga la vida \u00fatil de los componentes.<\/li>\n<\/ul>\n\t<div class=\"img has-hover x md-x lg-x y md-y lg-y\" id=\"image_867132650\">\n\t\t\t\t\t\t\t\t<div class=\"img-inner dark\" >\n\t\t\t<img loading=\"lazy\" decoding=\"async\" width=\"788\" height=\"1024\" src=\"https:\/\/www.telaled.com\/wp-content\/uploads\/2025\/10\/Heat-Dissipation-788x1024.webp\" class=\"attachment-large size-large\" alt=\"Disipaci\u00f3n de calor\" srcset=\"https:\/\/www.telaled.com\/wp-content\/uploads\/2025\/10\/Heat-Dissipation-788x1024.webp 788w, https:\/\/www.telaled.com\/wp-content\/uploads\/2025\/10\/Heat-Dissipation-231x300.webp 231w, https:\/\/www.telaled.com\/wp-content\/uploads\/2025\/10\/Heat-Dissipation-768x998.webp 768w, https:\/\/www.telaled.com\/wp-content\/uploads\/2025\/10\/Heat-Dissipation-9x12.webp 9w, https:\/\/www.telaled.com\/wp-content\/uploads\/2025\/10\/Heat-Dissipation-600x780.webp 600w, https:\/\/www.telaled.com\/wp-content\/uploads\/2025\/10\/Heat-Dissipation.webp 1000w\" sizes=\"auto, (max-width: 788px) 100vw, 788px\" \/>\t\t\t\t\t\t\n\t\t\t\t\t<\/div>\n\t\t\t\t\t\t\t\t\n<style>\n#image_867132650 {\n  width: 80%;\n}\n<\/style>\n\t<\/div>\n\t\n<ul>\n<li><strong>Elevaci\u00f3n hidr\u00e1ulica y rotaci\u00f3n de 360\u00b0<\/strong> \u2013 La pantalla se puede elevar hasta 1 metro y girar 360 grados, lo que permite mostrar mensajes a cualquier altura y \u00e1ngulo para alcanzar el m\u00e1ximo alcance de audiencia.<\/li>\n<\/ul>\n\t<div class=\"img has-hover x md-x lg-x y md-y lg-y\" id=\"image_235477693\">\n\t\t\t\t\t\t\t\t<div class=\"img-inner dark\" >\n\t\t\t<img loading=\"lazy\" decoding=\"async\" width=\"788\" height=\"1024\" src=\"https:\/\/www.telaled.com\/wp-content\/uploads\/2025\/10\/Hydraulic-Lift-788x1024.webp\" class=\"attachment-large size-large\" alt=\"\" srcset=\"https:\/\/www.telaled.com\/wp-content\/uploads\/2025\/10\/Hydraulic-Lift-788x1024.webp 788w, https:\/\/www.telaled.com\/wp-content\/uploads\/2025\/10\/Hydraulic-Lift-231x300.webp 231w, https:\/\/www.telaled.com\/wp-content\/uploads\/2025\/10\/Hydraulic-Lift-768x998.webp 768w, https:\/\/www.telaled.com\/wp-content\/uploads\/2025\/10\/Hydraulic-Lift-9x12.webp 9w, https:\/\/www.telaled.com\/wp-content\/uploads\/2025\/10\/Hydraulic-Lift-600x780.webp 600w, https:\/\/www.telaled.com\/wp-content\/uploads\/2025\/10\/Hydraulic-Lift.webp 1000w\" sizes=\"auto, (max-width: 788px) 100vw, 788px\" \/>\t\t\t\t\t\t\n\t\t\t\t\t<\/div>\n\t\t\t\t\t\t\t\t\n<style>\n#image_235477693 {\n  width: 80%;\n}\n<\/style>\n\t<\/div>\n\t\n<ul>\n<li>EL <strong>Remolque con pantalla LED Serie TCR<\/strong> Se empaqueta en cajas de madera resistentes, reforzadas para soportar el transporte a larga distancia. Cada unidad est\u00e1 firmemente sujeta para evitar da\u00f1os por impactos o plagas, garantizando as\u00ed su perfecta condici\u00f3n de funcionamiento.<\/li>\n<\/ul>\n\t<div class=\"img has-hover x md-x lg-x y md-y lg-y\" id=\"image_1056738520\">\n\t\t\t\t\t\t\t\t<div class=\"img-inner dark\" >\n\t\t\t<img loading=\"lazy\" decoding=\"async\" width=\"760\" height=\"1024\" src=\"https:\/\/www.telaled.com\/wp-content\/uploads\/2025\/08\/36123f2c-de60-488d-af81-255cd4aee54a-760x1024.webp\" class=\"attachment-large size-large\" alt=\"\" srcset=\"https:\/\/www.telaled.com\/wp-content\/uploads\/2025\/08\/36123f2c-de60-488d-af81-255cd4aee54a-760x1024.webp 760w, https:\/\/www.telaled.com\/wp-content\/uploads\/2025\/08\/36123f2c-de60-488d-af81-255cd4aee54a-223x300.webp 223w, https:\/\/www.telaled.com\/wp-content\/uploads\/2025\/08\/36123f2c-de60-488d-af81-255cd4aee54a-768x1035.webp 768w, https:\/\/www.telaled.com\/wp-content\/uploads\/2025\/08\/36123f2c-de60-488d-af81-255cd4aee54a-9x12.webp 9w, https:\/\/www.telaled.com\/wp-content\/uploads\/2025\/08\/36123f2c-de60-488d-af81-255cd4aee54a-600x808.webp 600w, https:\/\/www.telaled.com\/wp-content\/uploads\/2025\/08\/36123f2c-de60-488d-af81-255cd4aee54a.webp 795w\" sizes=\"auto, (max-width: 760px) 100vw, 760px\" \/>\t\t\t\t\t\t\n\t\t\t\t\t<\/div>\n\t\t\t\t\t\t\t\t\n<style>\n#image_1056738520 {\n  width: 80%;\n}\n<\/style>\n\t<\/div>\n\t\n\n<table id=\"tablepress-97\" class=\"tablepress tablepress-id-97\">\n<thead>\n<tr class=\"row-1\">\n\t<th colspan=\"4\" class=\"column-1\">Par\u00e1metros del producto<\/th>\n<\/tr>\n<\/thead>\n<tbody class=\"row-striping row-hover\">\n<tr class=\"row-2\">\n\t<td class=\"column-1\">Paso de p\u00edxeles (mm)<\/td><td class=\"column-2\">6,67<\/td><td class=\"column-3\"><\/td><td class=\"column-4\"><\/td>\n<\/tr>\n<tr class=\"row-3\">\n\t<td class=\"column-1\">Densidad de p\u00edxeles (puntos\/m\u00b2)<\/td><td class=\"column-2\">22478<\/td><td class=\"column-3\"><\/td><td class=\"column-4\"><\/td>\n<\/tr>\n<tr class=\"row-4\">\n\t<td class=\"column-1\">Encapsulaci\u00f3n de LED<\/td><td class=\"column-2\">SMD 4535<\/td><td class=\"column-3\"><\/td><td class=\"column-4\"><\/td>\n<\/tr>\n<tr class=\"row-5\">\n\t<td class=\"column-1\">M\u00e9todo de conducci\u00f3n<\/td><td class=\"column-2\">1\/8<\/td><td class=\"column-3\"><\/td><td class=\"column-4\"><\/td>\n<\/tr>\n<tr class=\"row-6\">\n\t<td class=\"column-1\">Resoluci\u00f3n del m\u00f3dulo (punto)<\/td><td class=\"column-2\">48*28<\/td><td class=\"column-3\"><\/td><td class=\"column-4\"><\/td>\n<\/tr>\n<tr class=\"row-7\">\n\t<td class=\"column-1\">Tama\u00f1o del m\u00f3dulo (mm)<\/td><td class=\"column-2\">320*160<\/td><td class=\"column-3\"><\/td><td class=\"column-4\"><\/td>\n<\/tr>\n<tr class=\"row-8\">\n\t<td class=\"column-1\">Consumo del m\u00f3dulo (W)<\/td><td class=\"column-2\">\u226418<\/td><td class=\"column-3\"><\/td><td class=\"column-4\"><\/td>\n<\/tr>\n<tr class=\"row-9\">\n\t<td class=\"column-1\">Voltaje de trabajo (V)<\/td><td class=\"column-2\">CC 3.2\/4.2<\/td><td class=\"column-3\"><\/td><td class=\"column-4\"><\/td>\n<\/tr>\n<tr class=\"row-10\">\n\t<td class=\"column-1\">Consumo m\u00e1ximo (W\/m\u00b2)<\/td><td class=\"column-2\"><350<\/td><td class=\"column-3\"><\/td><td class=\"column-4\"><\/td>\n<\/tr>\n<tr class=\"row-11\">\n\t<td class=\"column-1\">Consumo medio (W\/m\u00b2)<\/td><td class=\"column-2\"><120<\/td><td class=\"column-3\"><\/td><td class=\"column-4\"><\/td>\n<\/tr>\n<tr class=\"row-12\">\n\t<td class=\"column-1\">Brillo (CD\/m\u00b2)<\/td><td class=\"column-2\">10000<\/td><td class=\"column-3\"><\/td><td class=\"column-4\"><\/td>\n<\/tr>\n<tr class=\"row-13\">\n\t<td class=\"column-1\">Temperatura de color (K)<\/td><td class=\"column-2\">6000~8000<\/td><td class=\"column-3\"><\/td><td class=\"column-4\"><\/td>\n<\/tr>\n<tr class=\"row-14\">\n\t<td class=\"column-1\">Ver \u00c1ngel (H\/V)<\/td><td class=\"column-2\">120\u00b0<\/td><td class=\"column-3\"><\/td><td class=\"column-4\"><\/td>\n<\/tr>\n<tr class=\"row-15\">\n\t<td class=\"column-1\">Frecuencia de actualizaci\u00f3n (Hz)<\/td><td class=\"column-2\">3840<\/td><td class=\"column-3\"><\/td><td class=\"column-4\"><\/td>\n<\/tr>\n<tr class=\"row-16\">\n\t<td class=\"column-1\">Temperatura de trabajo (\u00b0C)<\/td><td class=\"column-2\">-20~50<\/td><td class=\"column-3\"><\/td><td class=\"column-4\"><\/td>\n<\/tr>\n<tr class=\"row-17\">\n\t<td class=\"column-1\">Grado de protecci\u00f3n (F\/B)<\/td><td class=\"column-2\">IP65|IP54<\/td><td class=\"column-3\"><\/td><td class=\"column-4\"><\/td>\n<\/tr>\n<tr class=\"row-18\">\n\t<td class=\"column-1\">Escala de grises (bit)<\/td><td class=\"column-2\">13<\/td><td class=\"column-3\"><\/td><td class=\"column-4\"><\/td>\n<\/tr>\n<\/tbody>\n<\/table>\n<!-- #tablepress-97 from cache -->\n\t\t<\/div>\n\t\t\t\t\t<\/div>\n\n\t\n<\/div>\n\t\t<\/div>\n\t\t\t\t\t<\/div>\n\n\t\n<\/div>","protected":false},"excerpt":{"rendered":"<p><strong>Tr\u00e1iler con pantalla LED: publicidad m\u00f3vil f\u00e1cil de usar<\/strong><\/p>\n<p><em><strong>Remolque con pantalla LED Serie TCR<\/strong><\/em> Combina movilidad y potentes efectos visuales en una \u00fanica soluci\u00f3n. Construida con paneles LED de alta calidad montados sobre un remolque, le permite llevar su mensaje a cualquier lugar y llegar a su audiencia en tiempo real.<\/p>\n<p><strong>4 beneficios principales:<\/strong><\/p>\n<ul>\n<li><strong>Movilidad<\/strong> \u2013 Rem\u00f3ldelo a cualquier lugar y config\u00farelo r\u00e1pidamente para lograr un alcance publicitario instant\u00e1neo.<\/li>\n<li><strong>Alta visibilidad<\/strong> \u2013 Las pantallas LED brillantes garantizan que su contenido se destaque de d\u00eda y de noche.<\/li>\n<li><strong>Uso flexible<\/strong> Ideal para <a href=\"https:\/\/www.telaled.com\/es\/painel-de-led-para-eventos\/\">eventos<\/a> Exteriores, promociones, campa\u00f1as pol\u00edticas y activaciones de marca.<\/li>\n<li><strong>Econ\u00f3mico<\/strong> \u2013 Proporciona exposici\u00f3n a gran escala sin los altos costos de las vallas publicitarias fijas.<\/li>\n<\/ul>\n<p><span style=\"font-weight: 400;\">Nuestro equipo ofrece soporte remoto 24\/7 y una garant\u00eda de 3 a\u00f1os. Cont\u00e1ctenos hoy mismo para obtener un presupuesto personalizado.<\/span><\/p>","protected":false},"featured_media":3817,"template":"","meta":[],"product_brand":[],"product_cat":[48,40,44,46],"product_tag":[],"class_list":{"0":"post-3786","1":"product","2":"type-product","3":"status-publish","4":"has-post-thumbnail","6":"product_cat-paineis-personalizados","7":"product_cat-painel-de-led","8":"product_cat-painel-de-led-flexivel","9":"product_cat-painel-de-video","11":"first","12":"instock","13":"shipping-taxable","14":"product-type-simple"},"yoast_head":"<!-- This site is optimized with the Yoast SEO plugin v27.5 - https:\/\/yoast.com\/product\/yoast-seo-wordpress\/ -->\n<title>LED Display Trailer S\u00e9rie TCR | TELALED<\/title>\n<meta name=\"description\" content=\"LED Display Trailer S\u00e9rie TCR - um outdoor digital m\u00f3vel com telas de LED brilhantes, configura\u00e7\u00e3o flex\u00edvel e alta visibilidade para eventos ao ar livre.\" \/>\n<meta name=\"robots\" content=\"index, follow, max-snippet:-1, max-image-preview:large, max-video-preview:-1\" \/>\n<link rel=\"canonical\" href=\"https:\/\/www.telaled.com\/es\/fabrica\/led-display-trailer-serie-tcr\/\" \/>\n<meta property=\"og:locale\" content=\"es_ES\" \/>\n<meta property=\"og:type\" content=\"article\" \/>\n<meta property=\"og:title\" content=\"LED Display Trailer S\u00e9rie TCR | TELALED\" \/>\n<meta property=\"og:description\" content=\"LED Display Trailer S\u00e9rie TCR - um outdoor digital m\u00f3vel com telas de LED brilhantes, configura\u00e7\u00e3o flex\u00edvel e alta visibilidade para eventos ao ar livre.\" \/>\n<meta property=\"og:url\" content=\"https:\/\/www.telaled.com\/es\/fabrica\/led-display-trailer-serie-tcr\/\" \/>\n<meta property=\"og:site_name\" content=\"TELALED\" \/>\n<meta property=\"article:modified_time\" content=\"2026-01-07T01:39:05+00:00\" \/>\n<meta property=\"og:image\" content=\"https:\/\/www.telaled.com\/wp-content\/uploads\/2025\/10\/LED-Display-Trailer-5.webp\" \/>\n\t<meta property=\"og:image:width\" content=\"500\" \/>\n\t<meta property=\"og:image:height\" content=\"500\" \/>\n\t<meta property=\"og:image:type\" content=\"image\/webp\" \/>\n<meta name=\"twitter:card\" content=\"summary_large_image\" \/>\n<meta name=\"twitter:label1\" content=\"Tiempo de lectura\" \/>\n\t<meta name=\"twitter:data1\" content=\"3 minutos\" \/>\n<script type=\"application\/ld+json\" class=\"yoast-schema-graph\">{\"@context\":\"https:\\\/\\\/schema.org\",\"@graph\":[{\"@type\":\"WebPage\",\"@id\":\"https:\\\/\\\/www.telaled.com\\\/fabrica\\\/led-display-trailer-serie-tcr\\\/\",\"url\":\"https:\\\/\\\/www.telaled.com\\\/fabrica\\\/led-display-trailer-serie-tcr\\\/\",\"name\":\"LED Display Trailer S\u00e9rie TCR | TELALED\",\"isPartOf\":{\"@id\":\"https:\\\/\\\/www.telaled.com\\\/#website\"},\"primaryImageOfPage\":{\"@id\":\"https:\\\/\\\/www.telaled.com\\\/fabrica\\\/led-display-trailer-serie-tcr\\\/#primaryimage\"},\"image\":{\"@id\":\"https:\\\/\\\/www.telaled.com\\\/fabrica\\\/led-display-trailer-serie-tcr\\\/#primaryimage\"},\"thumbnailUrl\":\"https:\\\/\\\/www.telaled.com\\\/wp-content\\\/uploads\\\/2025\\\/10\\\/LED-Display-Trailer-5.webp\",\"datePublished\":\"2025-10-03T18:46:32+00:00\",\"dateModified\":\"2026-01-07T01:39:05+00:00\",\"description\":\"LED Display Trailer S\u00e9rie TCR - um outdoor digital m\u00f3vel com telas de LED brilhantes, configura\u00e7\u00e3o flex\u00edvel e alta visibilidade para eventos ao ar livre.\",\"breadcrumb\":{\"@id\":\"https:\\\/\\\/www.telaled.com\\\/fabrica\\\/led-display-trailer-serie-tcr\\\/#breadcrumb\"},\"inLanguage\":\"es\",\"potentialAction\":[{\"@type\":\"ReadAction\",\"target\":[\"https:\\\/\\\/www.telaled.com\\\/fabrica\\\/led-display-trailer-serie-tcr\\\/\"]}]},{\"@type\":\"ImageObject\",\"inLanguage\":\"es\",\"@id\":\"https:\\\/\\\/www.telaled.com\\\/fabrica\\\/led-display-trailer-serie-tcr\\\/#primaryimage\",\"url\":\"https:\\\/\\\/www.telaled.com\\\/wp-content\\\/uploads\\\/2025\\\/10\\\/LED-Display-Trailer-5.webp\",\"contentUrl\":\"https:\\\/\\\/www.telaled.com\\\/wp-content\\\/uploads\\\/2025\\\/10\\\/LED-Display-Trailer-5.webp\",\"width\":500,\"height\":500,\"caption\":\"LED Display Trailer 5\"},{\"@type\":\"BreadcrumbList\",\"@id\":\"https:\\\/\\\/www.telaled.com\\\/fabrica\\\/led-display-trailer-serie-tcr\\\/#breadcrumb\",\"itemListElement\":[{\"@type\":\"ListItem\",\"position\":1,\"name\":\"Home\",\"item\":\"https:\\\/\\\/www.telaled.com\\\/\"},{\"@type\":\"ListItem\",\"position\":2,\"name\":\"Produtos\",\"item\":\"https:\\\/\\\/www.telaled.com\\\/shop\\\/\"},{\"@type\":\"ListItem\",\"position\":3,\"name\":\"LED Display Trailer S\u00e9rie TCR\"}]},{\"@type\":\"WebSite\",\"@id\":\"https:\\\/\\\/www.telaled.com\\\/#website\",\"url\":\"https:\\\/\\\/www.telaled.com\\\/\",\"name\":\"TELALED\",\"description\":\"\",\"potentialAction\":[{\"@type\":\"SearchAction\",\"target\":{\"@type\":\"EntryPoint\",\"urlTemplate\":\"https:\\\/\\\/www.telaled.com\\\/?s={search_term_string}\"},\"query-input\":{\"@type\":\"PropertyValueSpecification\",\"valueRequired\":true,\"valueName\":\"search_term_string\"}}],\"inLanguage\":\"es\"}]}<\/script>\n<!-- \/ Yoast SEO plugin. -->","yoast_head_json":{"title":"Remolque con pantalla LED Serie TCR | PANTALLA LED","description":"Remolque con pantalla LED Serie TCR: una cartelera digital m\u00f3vil con pantallas LED brillantes, configuraci\u00f3n flexible y alta visibilidad para eventos al aire libre.","robots":{"index":"index","follow":"follow","max-snippet":"max-snippet:-1","max-image-preview":"max-image-preview:large","max-video-preview":"max-video-preview:-1"},"canonical":"https:\/\/www.telaled.com\/es\/fabrica\/led-display-trailer-serie-tcr\/","og_locale":"es_ES","og_type":"article","og_title":"LED Display Trailer S\u00e9rie TCR | TELALED","og_description":"LED Display Trailer S\u00e9rie TCR - um outdoor digital m\u00f3vel com telas de LED brilhantes, configura\u00e7\u00e3o flex\u00edvel e alta visibilidade para eventos ao ar livre.","og_url":"https:\/\/www.telaled.com\/es\/fabrica\/led-display-trailer-serie-tcr\/","og_site_name":"TELALED","article_modified_time":"2026-01-07T01:39:05+00:00","og_image":[{"width":500,"height":500,"url":"https:\/\/www.telaled.com\/wp-content\/uploads\/2025\/10\/LED-Display-Trailer-5.webp","type":"image\/webp"}],"twitter_card":"summary_large_image","twitter_misc":{"Tiempo de lectura":"3 minutos"},"schema":{"@context":"https:\/\/schema.org","@graph":[{"@type":"WebPage","@id":"https:\/\/www.telaled.com\/fabrica\/led-display-trailer-serie-tcr\/","url":"https:\/\/www.telaled.com\/fabrica\/led-display-trailer-serie-tcr\/","name":"Remolque con pantalla LED Serie TCR | PANTALLA LED","isPartOf":{"@id":"https:\/\/www.telaled.com\/#website"},"primaryImageOfPage":{"@id":"https:\/\/www.telaled.com\/fabrica\/led-display-trailer-serie-tcr\/#primaryimage"},"image":{"@id":"https:\/\/www.telaled.com\/fabrica\/led-display-trailer-serie-tcr\/#primaryimage"},"thumbnailUrl":"https:\/\/www.telaled.com\/wp-content\/uploads\/2025\/10\/LED-Display-Trailer-5.webp","datePublished":"2025-10-03T18:46:32+00:00","dateModified":"2026-01-07T01:39:05+00:00","description":"Remolque con pantalla LED Serie TCR: una cartelera digital m\u00f3vil con pantallas LED brillantes, configuraci\u00f3n flexible y alta visibilidad para eventos al aire libre.","breadcrumb":{"@id":"https:\/\/www.telaled.com\/fabrica\/led-display-trailer-serie-tcr\/#breadcrumb"},"inLanguage":"es","potentialAction":[{"@type":"ReadAction","target":["https:\/\/www.telaled.com\/fabrica\/led-display-trailer-serie-tcr\/"]}]},{"@type":"ImageObject","inLanguage":"es","@id":"https:\/\/www.telaled.com\/fabrica\/led-display-trailer-serie-tcr\/#primaryimage","url":"https:\/\/www.telaled.com\/wp-content\/uploads\/2025\/10\/LED-Display-Trailer-5.webp","contentUrl":"https:\/\/www.telaled.com\/wp-content\/uploads\/2025\/10\/LED-Display-Trailer-5.webp","width":500,"height":500,"caption":"LED Display Trailer 5"},{"@type":"BreadcrumbList","@id":"https:\/\/www.telaled.com\/fabrica\/led-display-trailer-serie-tcr\/#breadcrumb","itemListElement":[{"@type":"ListItem","position":1,"name":"Home","item":"https:\/\/www.telaled.com\/"},{"@type":"ListItem","position":2,"name":"Produtos","item":"https:\/\/www.telaled.com\/shop\/"},{"@type":"ListItem","position":3,"name":"LED Display Trailer S\u00e9rie TCR"}]},{"@type":"WebSite","@id":"https:\/\/www.telaled.com\/#website","url":"https:\/\/www.telaled.com\/","name":"Pantalla LED","description":"","potentialAction":[{"@type":"SearchAction","target":{"@type":"EntryPoint","urlTemplate":"https:\/\/www.telaled.com\/?s={search_term_string}"},"query-input":{"@type":"PropertyValueSpecification","valueRequired":true,"valueName":"search_term_string"}}],"inLanguage":"es"}]}},"_links":{"self":[{"href":"https:\/\/www.telaled.com\/es\/wp-json\/wp\/v2\/product\/3786","targetHints":{"allow":["GET"]}}],"collection":[{"href":"https:\/\/www.telaled.com\/es\/wp-json\/wp\/v2\/product"}],"about":[{"href":"https:\/\/www.telaled.com\/es\/wp-json\/wp\/v2\/types\/product"}],"wp:featuredmedia":[{"embeddable":true,"href":"https:\/\/www.telaled.com\/es\/wp-json\/wp\/v2\/media\/3817"}],"wp:attachment":[{"href":"https:\/\/www.telaled.com\/es\/wp-json\/wp\/v2\/media?parent=3786"}],"wp:term":[{"taxonomy":"product_brand","embeddable":true,"href":"https:\/\/www.telaled.com\/es\/wp-json\/wp\/v2\/product_brand?post=3786"},{"taxonomy":"product_cat","embeddable":true,"href":"https:\/\/www.telaled.com\/es\/wp-json\/wp\/v2\/product_cat?post=3786"},{"taxonomy":"product_tag","embeddable":true,"href":"https:\/\/www.telaled.com\/es\/wp-json\/wp\/v2\/product_tag?post=3786"}],"curies":[{"name":"gracias","href":"https:\/\/api.w.org\/{rel}","templated":true}]}}