{"id":3692,"date":"2025-10-02T00:42:47","date_gmt":"2025-10-02T00:42:47","guid":{"rendered":"https:\/\/www.telaled.com\/?post_type=product&#038;p=3692"},"modified":"2026-01-06T09:20:04","modified_gmt":"2026-01-06T09:20:04","slug":"placar-eletronico-para-volei-serie-teb","status":"publish","type":"product","link":"https:\/\/www.telaled.com\/es\/fabrica\/placar-eletronico-para-volei-serie-teb\/","title":{"rendered":"Marcador electr\u00f3nico para voleibol Serie TEB"},"content":{"rendered":"<div class=\"row\"  id=\"row-1719213158\">\n\n\t<div id=\"col-2139501823\" class=\"col small-12 large-12\"  >\n\t\t\t\t<div class=\"col-inner\"  >\n\t\t\t\n\t\t\t\n<h2><strong>Ventajas \u00fanicas del marcador electr\u00f3nico de voleibol de la serie TEB<\/strong><\/h2>\n<h3><strong>Placa base profesional<\/strong><\/h3>\n<ul>\n<li>El dise\u00f1o multicapa garantiza un rendimiento estable.<\/li>\n<li>El dise\u00f1o m\u00e1s grande reduce el calor y la tensi\u00f3n en los componentes.<\/li>\n<li>Dise\u00f1ado para una larga vida \u00fatil con una baja tasa de fallas.<\/li>\n<\/ul>\n<h3><strong>Control remoto inal\u00e1mbrico<\/strong><\/h3>\n<ul>\n<li>Controles sencillos o funciones de puntuaci\u00f3n y cronometraje.<\/li>\n<li>Funciona sin problemas en un rango de 30 a 30 metros.<\/li>\n<li>N\u00fameros libremente editables para una gesti\u00f3n flexible de los partidos.<\/li>\n<\/ul>\n<h3><strong>Estructura de aleaci\u00f3n de aluminio<\/strong><\/h3>\n<ul>\n<li>Construcci\u00f3n patentada para mayor resistencia y durabilidad.<\/li>\n<li>La estructura ligera hace que sea f\u00e1cil de instalar y transportar.<\/li>\n<li>Resistente al desgaste, lo que garantiza a\u00f1os de uso confiable.<\/li>\n<\/ul>\n<h3><strong>Pantalla LED de alta definici\u00f3n<\/strong><\/h3>\n<ul>\n<li>Los tubos digitales brillantes mantienen las puntuaciones n\u00edtidas desde cualquier \u00e1ngulo.<\/li>\n<li>Registro de tiempo preciso para cada set y peloteo.<\/li>\n<li>F\u00e1cil de leer tanto para jugadores como para espectadores.<\/li>\n<\/ul>\n<h2>Detalles del producto<\/h2>\n<div class=\"row\"  id=\"row-1712074372\">\n\n\t<div id=\"col-2007174661\" class=\"col medium-10 small-12 large-10\"  >\n\t\t\t\t<div class=\"col-inner text-left\"  >\n\t\t\t\n\t\t\t\n<ul>\n<li><strong>Dimensiones compactas<\/strong> \u2013 <span style=\"font-weight: 400;\">Marcador electr\u00f3nico para voleibol Serie TEB<\/span> Mide 22,83\u201d (58 cm) de ancho x 13,78\u201d (35 cm) de alto, con d\u00edgitos LED de 4 pulgadas para una visibilidad clara.<\/li>\n<\/ul>\n\t<div class=\"img has-hover x md-x lg-x y md-y lg-y\" id=\"image_971411249\">\n\t\t\t\t\t\t\t\t<div class=\"img-inner dark\" >\n\t\t\t<img loading=\"lazy\" decoding=\"async\" width=\"800\" height=\"813\" src=\"https:\/\/www.telaled.com\/wp-content\/uploads\/2025\/10\/Dimensions.webp\" class=\"attachment-large size-large\" alt=\"Marcador electr\u00f3nico para voleibol Serie TEB Dimensiones\" srcset=\"https:\/\/www.telaled.com\/wp-content\/uploads\/2025\/10\/Dimensions.webp 800w, https:\/\/www.telaled.com\/wp-content\/uploads\/2025\/10\/Dimensions-295x300.webp 295w, https:\/\/www.telaled.com\/wp-content\/uploads\/2025\/10\/Dimensions-768x780.webp 768w, https:\/\/www.telaled.com\/wp-content\/uploads\/2025\/10\/Dimensions-12x12.webp 12w, https:\/\/www.telaled.com\/wp-content\/uploads\/2025\/10\/Dimensions-600x610.webp 600w\" sizes=\"auto, (max-width: 800px) 100vw, 800px\" \/>\t\t\t\t\t\t\n\t\t\t\t\t<\/div>\n\t\t\t\t\t\t\t\t\n<style>\n#image_971411249 {\n  width: 80%;\n}\n<\/style>\n\t<\/div>\n\t\n<ul>\n<li><strong>Instalaci\u00f3n flexible<\/strong> \u2013 Se puede colocar sobre una mesa, colgar en una hamaca, montar en un tr\u00edpode o fijar a la pared.<\/li>\n<\/ul>\n\t<div class=\"img has-hover x md-x lg-x y md-y lg-y\" id=\"image_1755650046\">\n\t\t\t\t\t\t\t\t<div class=\"img-inner dark\" >\n\t\t\t<img loading=\"lazy\" decoding=\"async\" width=\"788\" height=\"739\" src=\"https:\/\/www.telaled.com\/wp-content\/uploads\/2025\/10\/Installation-Method.webp\" class=\"attachment-original size-original\" alt=\"\" srcset=\"https:\/\/www.telaled.com\/wp-content\/uploads\/2025\/10\/Installation-Method.webp 788w, https:\/\/www.telaled.com\/wp-content\/uploads\/2025\/10\/Installation-Method-300x281.webp 300w, https:\/\/www.telaled.com\/wp-content\/uploads\/2025\/10\/Installation-Method-768x720.webp 768w, https:\/\/www.telaled.com\/wp-content\/uploads\/2025\/10\/Installation-Method-13x12.webp 13w, https:\/\/www.telaled.com\/wp-content\/uploads\/2025\/10\/Installation-Method-600x563.webp 600w\" sizes=\"auto, (max-width: 788px) 100vw, 788px\" \/>\t\t\t\t\t\t\n\t\t\t\t\t<\/div>\n\t\t\t\t\t\t\t\t\n<style>\n#image_1755650046 {\n  width: 80%;\n}\n<\/style>\n\t<\/div>\n\t\n<ul>\n<li><strong>Caracter\u00edsticas pr\u00e1cticas en la parte posterior<\/strong> \u2013 Equipado con un interruptor de encendido, compartimento de bater\u00eda (admite de 1 a 3 bater\u00edas 18650), un zumbador de 90 dB y una interfaz tipo C para un uso conveniente.<\/li>\n<\/ul>\n\t<div class=\"img has-hover x md-x lg-x y md-y lg-y\" id=\"image_2080966199\">\n\t\t\t\t\t\t\t\t<div class=\"img-inner dark\" >\n\t\t\t<img loading=\"lazy\" decoding=\"async\" width=\"788\" height=\"739\" src=\"https:\/\/www.telaled.com\/wp-content\/uploads\/2025\/10\/Back-Features.webp\" class=\"attachment-large size-large\" alt=\"Caracter\u00edsticas traseras Marcador electr\u00f3nico para voleibol Serie TEB\" srcset=\"https:\/\/www.telaled.com\/wp-content\/uploads\/2025\/10\/Back-Features.webp 788w, https:\/\/www.telaled.com\/wp-content\/uploads\/2025\/10\/Back-Features-300x281.webp 300w, https:\/\/www.telaled.com\/wp-content\/uploads\/2025\/10\/Back-Features-768x720.webp 768w, https:\/\/www.telaled.com\/wp-content\/uploads\/2025\/10\/Back-Features-13x12.webp 13w, https:\/\/www.telaled.com\/wp-content\/uploads\/2025\/10\/Back-Features-600x563.webp 600w\" sizes=\"auto, (max-width: 788px) 100vw, 788px\" \/>\t\t\t\t\t\t\n\t\t\t\t\t<\/div>\n\t\t\t\t\t\t\t\t\n<style>\n#image_2080966199 {\n  width: 80%;\n}\n<\/style>\n\t<\/div>\n\t\n<ul>\n<li><strong>Funciones de inicio claras<\/strong> \u2013 Muestra los puntajes de los equipos local y visitante, resalta al equipo ganador y muestra la cantidad de rondas ganadas para un seguimiento preciso del juego.<\/li>\n<\/ul>\n\t<div class=\"img has-hover x md-x lg-x y md-y lg-y\" id=\"image_1011203642\">\n\t\t\t\t\t\t\t\t<div class=\"img-inner dark\" >\n\t\t\t<img loading=\"lazy\" decoding=\"async\" width=\"790\" height=\"908\" src=\"https:\/\/www.telaled.com\/wp-content\/uploads\/2025\/10\/Product-Function.webp\" class=\"attachment-large size-large\" alt=\"\" srcset=\"https:\/\/www.telaled.com\/wp-content\/uploads\/2025\/10\/Product-Function.webp 790w, https:\/\/www.telaled.com\/wp-content\/uploads\/2025\/10\/Product-Function-261x300.webp 261w, https:\/\/www.telaled.com\/wp-content\/uploads\/2025\/10\/Product-Function-768x883.webp 768w, https:\/\/www.telaled.com\/wp-content\/uploads\/2025\/10\/Product-Function-10x12.webp 10w, https:\/\/www.telaled.com\/wp-content\/uploads\/2025\/10\/Product-Function-600x690.webp 600w\" sizes=\"auto, (max-width: 790px) 100vw, 790px\" \/>\t\t\t\t\t\t\n\t\t\t\t\t<\/div>\n\t\t\t\t\t\t\t\t\n<style>\n#image_1011203642 {\n  width: 80%;\n}\n<\/style>\n\t<\/div>\n\t\n<ul>\n<li>Cada <strong><em>Marcador electr\u00f3nico para voleibol Serie TEB<\/em><\/strong> La unidad se env\u00eda en cajas de madera resistentes para m\u00e1xima protecci\u00f3n. El embalaje seguro protege cada unidad de impactos, plagas y otros peligros, garantizando que llegue segura y lista para usar.<\/li>\n<\/ul>\n\t<div class=\"img has-hover x md-x lg-x y md-y lg-y\" id=\"image_249517872\">\n\t\t\t\t\t\t\t\t<div class=\"img-inner dark\" >\n\t\t\t<img loading=\"lazy\" decoding=\"async\" width=\"760\" height=\"1024\" src=\"https:\/\/www.telaled.com\/wp-content\/uploads\/2025\/08\/36123f2c-de60-488d-af81-255cd4aee54a-760x1024.webp\" class=\"attachment-large size-large\" alt=\"\" srcset=\"https:\/\/www.telaled.com\/wp-content\/uploads\/2025\/08\/36123f2c-de60-488d-af81-255cd4aee54a-760x1024.webp 760w, https:\/\/www.telaled.com\/wp-content\/uploads\/2025\/08\/36123f2c-de60-488d-af81-255cd4aee54a-223x300.webp 223w, https:\/\/www.telaled.com\/wp-content\/uploads\/2025\/08\/36123f2c-de60-488d-af81-255cd4aee54a-768x1035.webp 768w, https:\/\/www.telaled.com\/wp-content\/uploads\/2025\/08\/36123f2c-de60-488d-af81-255cd4aee54a-9x12.webp 9w, https:\/\/www.telaled.com\/wp-content\/uploads\/2025\/08\/36123f2c-de60-488d-af81-255cd4aee54a-600x808.webp 600w, https:\/\/www.telaled.com\/wp-content\/uploads\/2025\/08\/36123f2c-de60-488d-af81-255cd4aee54a.webp 795w\" sizes=\"auto, (max-width: 760px) 100vw, 760px\" \/>\t\t\t\t\t\t\n\t\t\t\t\t<\/div>\n\t\t\t\t\t\t\t\t\n<style>\n#image_249517872 {\n  width: 80%;\n}\n<\/style>\n\t<\/div>\n\t\n\n<table id=\"tablepress-92\" class=\"tablepress tablepress-id-92\">\n<thead>\n<tr class=\"row-1\">\n\t<th colspan=\"4\" class=\"column-1\">Presentaci\u00f3n del producto<\/th>\n<\/tr>\n<\/thead>\n<tbody class=\"row-striping row-hover\">\n<tr class=\"row-2\">\n\t<td class=\"column-1\">Material<\/td><td class=\"column-2\">abdominales<\/td><td class=\"column-3\"><\/td><td class=\"column-4\"><\/td>\n<\/tr>\n<tr class=\"row-3\">\n\t<td class=\"column-1\">Tama\u00f1o del marcador<\/td><td class=\"column-2\">58*35*2,3 cm (22,83*13,78*0,9 pulgadas)<\/td><td class=\"column-3\"><\/td><td class=\"column-4\"><\/td>\n<\/tr>\n<tr class=\"row-4\">\n\t<td class=\"column-1\">Funci\u00f3n del producto<\/td><td class=\"column-2\">Visualizaci\u00f3n de puntuaci\u00f3n, modo Normal y Voleibol, el sonido se puede activar\/desactivar.<\/td><td class=\"column-3\"><\/td><td class=\"column-4\"><\/td>\n<\/tr>\n<tr class=\"row-5\">\n\t<td class=\"column-1\">Fuente de energ\u00eda<\/td><td class=\"column-2\">Adaptador DC5V\/2A, cargador tipo C (compatible con diferentes pa\u00edses)<\/td><td class=\"column-3\"><\/td><td class=\"column-4\"><\/td>\n<\/tr>\n<tr class=\"row-6\">\n\t<td class=\"column-1\">Alimentado por bater\u00eda<\/td><td class=\"column-2\">1-3 bater\u00edas de litio 18650 recargables (bater\u00eda no incluida)<\/td><td class=\"column-3\"><\/td><td class=\"column-4\"><\/td>\n<\/tr>\n<tr class=\"row-7\">\n\t<td class=\"column-1\">M\u00e9todo de instalaci\u00f3n<\/td><td class=\"column-2\">De sobremesa, de pared, colgante, tr\u00edpode.<br \/>\n(Accesorio para colgar y tr\u00edpode no incluidos. Comun\u00edquese con nosotros para comprar).<\/td><td class=\"column-3\"><\/td><td class=\"column-4\"><\/td>\n<\/tr>\n<tr class=\"row-8\">\n\t<td class=\"column-1\">Caracter\u00edsticas<\/td><td class=\"column-2\">Uso en interiores y exteriores, port\u00e1til, f\u00e1cil de operar.<\/td><td class=\"column-3\"><\/td><td class=\"column-4\"><\/td>\n<\/tr>\n<tr class=\"row-9\">\n\t<td class=\"column-1\">El paquete incluye<\/td><td class=\"column-2\">Marcador de 10 d\u00edgitos, Control de pulso (CASA+VISITANTE), Control remoto 2.4G,<br \/>\nAdaptador y cargador, Accesorios de instalaci\u00f3n, Manual de usuario<\/td><td class=\"column-3\"><\/td><td class=\"column-4\"><\/td>\n<\/tr>\n<\/tbody>\n<\/table>\n<!-- #tablepress-92 from cache -->\n\t\t<\/div>\n\t\t\t\t\t<\/div>\n\n\t\n<\/div>\n\t\t<\/div>\n\t\t\t\t\t<\/div>\n\n\t\n<\/div>","protected":false},"excerpt":{"rendered":"<p><strong>Marcador electr\u00f3nico para voleibol Serie TEB: puntuaci\u00f3n simplificada en tiempo real<\/strong><\/p>\n<p>EL <em><strong>Marcador electr\u00f3nico para voleibol Serie TEB <\/strong><\/em>Dise\u00f1ado para que jugadores y espectadores puedan ver cada jugada, set y partido con claridad. Con d\u00edgitos LED brillantes, controles f\u00e1ciles de usar y una construcci\u00f3n duradera, garantiza una puntuaci\u00f3n precisa y un juego fluido, tanto en interiores como en exteriores.<\/p>\n<p><strong>4 beneficios principales:<\/strong><\/p>\n<ul>\n<li><strong>Actualizaciones instant\u00e1neas de la puntuaci\u00f3n<\/strong> \u2013 La pantalla LED clara mantiene a los jugadores, \u00e1rbitros y fan\u00e1ticos en la misma p\u00e1gina.<\/li>\n<li><strong>Construcci\u00f3n duradera<\/strong> \u2013 Dise\u00f1ado para soportar entornos de juego intensos con un rendimiento duradero.<\/li>\n<li><strong>Controles f\u00e1ciles de usar<\/strong> \u2013 La interfaz sencilla hace que la operaci\u00f3n sea r\u00e1pida y eficiente para los \u00e1rbitros.<\/li>\n<li><strong>Dise\u00f1o personalizable<\/strong> \u2013 Opciones de tama\u00f1o, brillo y funciones para adaptarse a sus necesidades. <a href=\"https:\/\/www.telaled.com\/es\/cronometro-academia\/\">gimnasios<\/a>, escuelas o \u00e1mbitos profesionales.<\/li>\n<\/ul>\n<p>Nuestro equipo ofrece soporte remoto 24\/7 y una garant\u00eda de 3 a\u00f1os. Cont\u00e1ctenos hoy mismo para obtener un presupuesto personalizado.<\/p>","protected":false},"featured_media":3703,"template":"","meta":[],"product_brand":[],"product_cat":[48,40,44,46],"product_tag":[],"class_list":{"0":"post-3692","1":"product","2":"type-product","3":"status-publish","4":"has-post-thumbnail","6":"product_cat-paineis-personalizados","7":"product_cat-painel-de-led","8":"product_cat-painel-de-led-flexivel","9":"product_cat-painel-de-video","11":"first","12":"instock","13":"shipping-taxable","14":"product-type-simple"},"yoast_head":"<!-- This site is optimized with the Yoast SEO plugin v27.5 - https:\/\/yoast.com\/product\/yoast-seo-wordpress\/ -->\n<title>Placar Eletronico Para Volei S\u00e9rie TEB | TELALED<\/title>\n<meta name=\"description\" content=\"Placar Eletronico Para Volei S\u00e9rie TEB oferece resultados claros e em tempo real para todas as partidas. Dur\u00e1vel e f\u00e1cil de usar. Adquira o seu agora!\" \/>\n<meta name=\"robots\" content=\"index, follow, max-snippet:-1, max-image-preview:large, max-video-preview:-1\" \/>\n<link rel=\"canonical\" href=\"https:\/\/www.telaled.com\/es\/fabrica\/placar-eletronico-para-volei-serie-teb\/\" \/>\n<meta property=\"og:locale\" content=\"es_ES\" \/>\n<meta property=\"og:type\" content=\"article\" \/>\n<meta property=\"og:title\" content=\"Placar Eletronico Para Volei S\u00e9rie TEB | TELALED\" \/>\n<meta property=\"og:description\" content=\"Placar Eletronico Para Volei S\u00e9rie TEB oferece resultados claros e em tempo real para todas as partidas. Dur\u00e1vel e f\u00e1cil de usar. Adquira o seu agora!\" \/>\n<meta property=\"og:url\" content=\"https:\/\/www.telaled.com\/es\/fabrica\/placar-eletronico-para-volei-serie-teb\/\" \/>\n<meta property=\"og:site_name\" content=\"TELALED\" \/>\n<meta property=\"article:modified_time\" content=\"2026-01-06T09:20:04+00:00\" \/>\n<meta property=\"og:image\" content=\"https:\/\/www.telaled.com\/wp-content\/uploads\/2025\/10\/Electronic-Volleyball-Scoreboard.webp\" \/>\n\t<meta property=\"og:image:width\" content=\"500\" \/>\n\t<meta property=\"og:image:height\" content=\"500\" \/>\n\t<meta property=\"og:image:type\" content=\"image\/webp\" \/>\n<meta name=\"twitter:card\" content=\"summary_large_image\" \/>\n<meta name=\"twitter:label1\" content=\"Tiempo de lectura\" \/>\n\t<meta name=\"twitter:data1\" content=\"2 minutos\" \/>\n<script type=\"application\/ld+json\" class=\"yoast-schema-graph\">{\"@context\":\"https:\\\/\\\/schema.org\",\"@graph\":[{\"@type\":\"WebPage\",\"@id\":\"https:\\\/\\\/www.telaled.com\\\/fabrica\\\/placar-eletronico-para-volei-serie-teb\\\/\",\"url\":\"https:\\\/\\\/www.telaled.com\\\/fabrica\\\/placar-eletronico-para-volei-serie-teb\\\/\",\"name\":\"Placar Eletronico Para Volei S\u00e9rie TEB | TELALED\",\"isPartOf\":{\"@id\":\"https:\\\/\\\/www.telaled.com\\\/#website\"},\"primaryImageOfPage\":{\"@id\":\"https:\\\/\\\/www.telaled.com\\\/fabrica\\\/placar-eletronico-para-volei-serie-teb\\\/#primaryimage\"},\"image\":{\"@id\":\"https:\\\/\\\/www.telaled.com\\\/fabrica\\\/placar-eletronico-para-volei-serie-teb\\\/#primaryimage\"},\"thumbnailUrl\":\"https:\\\/\\\/www.telaled.com\\\/wp-content\\\/uploads\\\/2025\\\/10\\\/Electronic-Volleyball-Scoreboard.webp\",\"datePublished\":\"2025-10-02T00:42:47+00:00\",\"dateModified\":\"2026-01-06T09:20:04+00:00\",\"description\":\"Placar Eletronico Para Volei S\u00e9rie TEB oferece resultados claros e em tempo real para todas as partidas. Dur\u00e1vel e f\u00e1cil de usar. Adquira o seu agora!\",\"breadcrumb\":{\"@id\":\"https:\\\/\\\/www.telaled.com\\\/fabrica\\\/placar-eletronico-para-volei-serie-teb\\\/#breadcrumb\"},\"inLanguage\":\"es\",\"potentialAction\":[{\"@type\":\"ReadAction\",\"target\":[\"https:\\\/\\\/www.telaled.com\\\/fabrica\\\/placar-eletronico-para-volei-serie-teb\\\/\"]}]},{\"@type\":\"ImageObject\",\"inLanguage\":\"es\",\"@id\":\"https:\\\/\\\/www.telaled.com\\\/fabrica\\\/placar-eletronico-para-volei-serie-teb\\\/#primaryimage\",\"url\":\"https:\\\/\\\/www.telaled.com\\\/wp-content\\\/uploads\\\/2025\\\/10\\\/Electronic-Volleyball-Scoreboard.webp\",\"contentUrl\":\"https:\\\/\\\/www.telaled.com\\\/wp-content\\\/uploads\\\/2025\\\/10\\\/Electronic-Volleyball-Scoreboard.webp\",\"width\":500,\"height\":500,\"caption\":\"Placar Eletronico Para Volei S\u00e9rie TEB\"},{\"@type\":\"BreadcrumbList\",\"@id\":\"https:\\\/\\\/www.telaled.com\\\/fabrica\\\/placar-eletronico-para-volei-serie-teb\\\/#breadcrumb\",\"itemListElement\":[{\"@type\":\"ListItem\",\"position\":1,\"name\":\"Home\",\"item\":\"https:\\\/\\\/www.telaled.com\\\/\"},{\"@type\":\"ListItem\",\"position\":2,\"name\":\"Produtos\",\"item\":\"https:\\\/\\\/www.telaled.com\\\/shop\\\/\"},{\"@type\":\"ListItem\",\"position\":3,\"name\":\"Placar Eletronico Para Volei S\u00e9rie TEB\"}]},{\"@type\":\"WebSite\",\"@id\":\"https:\\\/\\\/www.telaled.com\\\/#website\",\"url\":\"https:\\\/\\\/www.telaled.com\\\/\",\"name\":\"TELALED\",\"description\":\"\",\"potentialAction\":[{\"@type\":\"SearchAction\",\"target\":{\"@type\":\"EntryPoint\",\"urlTemplate\":\"https:\\\/\\\/www.telaled.com\\\/?s={search_term_string}\"},\"query-input\":{\"@type\":\"PropertyValueSpecification\",\"valueRequired\":true,\"valueName\":\"search_term_string\"}}],\"inLanguage\":\"es\"}]}<\/script>\n<!-- \/ Yoast SEO plugin. -->","yoast_head_json":{"title":"Marcador electr\u00f3nico para voleibol Serie TEB | TELALED","description":"El marcador electr\u00f3nico de voleibol de la serie TEB ofrece resultados claros y en tiempo real para cada partido. Resistente y f\u00e1cil de usar. \u00a1Cons\u00edguelo ya!","robots":{"index":"index","follow":"follow","max-snippet":"max-snippet:-1","max-image-preview":"max-image-preview:large","max-video-preview":"max-video-preview:-1"},"canonical":"https:\/\/www.telaled.com\/es\/fabrica\/placar-eletronico-para-volei-serie-teb\/","og_locale":"es_ES","og_type":"article","og_title":"Placar Eletronico Para Volei S\u00e9rie TEB | TELALED","og_description":"Placar Eletronico Para Volei S\u00e9rie TEB oferece resultados claros e em tempo real para todas as partidas. Dur\u00e1vel e f\u00e1cil de usar. Adquira o seu agora!","og_url":"https:\/\/www.telaled.com\/es\/fabrica\/placar-eletronico-para-volei-serie-teb\/","og_site_name":"TELALED","article_modified_time":"2026-01-06T09:20:04+00:00","og_image":[{"width":500,"height":500,"url":"https:\/\/www.telaled.com\/wp-content\/uploads\/2025\/10\/Electronic-Volleyball-Scoreboard.webp","type":"image\/webp"}],"twitter_card":"summary_large_image","twitter_misc":{"Tiempo de lectura":"2 minutos"},"schema":{"@context":"https:\/\/schema.org","@graph":[{"@type":"WebPage","@id":"https:\/\/www.telaled.com\/fabrica\/placar-eletronico-para-volei-serie-teb\/","url":"https:\/\/www.telaled.com\/fabrica\/placar-eletronico-para-volei-serie-teb\/","name":"Marcador electr\u00f3nico para voleibol Serie TEB | TELALED","isPartOf":{"@id":"https:\/\/www.telaled.com\/#website"},"primaryImageOfPage":{"@id":"https:\/\/www.telaled.com\/fabrica\/placar-eletronico-para-volei-serie-teb\/#primaryimage"},"image":{"@id":"https:\/\/www.telaled.com\/fabrica\/placar-eletronico-para-volei-serie-teb\/#primaryimage"},"thumbnailUrl":"https:\/\/www.telaled.com\/wp-content\/uploads\/2025\/10\/Electronic-Volleyball-Scoreboard.webp","datePublished":"2025-10-02T00:42:47+00:00","dateModified":"2026-01-06T09:20:04+00:00","description":"El marcador electr\u00f3nico de voleibol de la serie TEB ofrece resultados claros y en tiempo real para cada partido. Resistente y f\u00e1cil de usar. \u00a1Cons\u00edguelo ya!","breadcrumb":{"@id":"https:\/\/www.telaled.com\/fabrica\/placar-eletronico-para-volei-serie-teb\/#breadcrumb"},"inLanguage":"es","potentialAction":[{"@type":"ReadAction","target":["https:\/\/www.telaled.com\/fabrica\/placar-eletronico-para-volei-serie-teb\/"]}]},{"@type":"ImageObject","inLanguage":"es","@id":"https:\/\/www.telaled.com\/fabrica\/placar-eletronico-para-volei-serie-teb\/#primaryimage","url":"https:\/\/www.telaled.com\/wp-content\/uploads\/2025\/10\/Electronic-Volleyball-Scoreboard.webp","contentUrl":"https:\/\/www.telaled.com\/wp-content\/uploads\/2025\/10\/Electronic-Volleyball-Scoreboard.webp","width":500,"height":500,"caption":"Placar Eletronico Para Volei S\u00e9rie TEB"},{"@type":"BreadcrumbList","@id":"https:\/\/www.telaled.com\/fabrica\/placar-eletronico-para-volei-serie-teb\/#breadcrumb","itemListElement":[{"@type":"ListItem","position":1,"name":"Home","item":"https:\/\/www.telaled.com\/"},{"@type":"ListItem","position":2,"name":"Produtos","item":"https:\/\/www.telaled.com\/shop\/"},{"@type":"ListItem","position":3,"name":"Placar Eletronico Para Volei S\u00e9rie TEB"}]},{"@type":"WebSite","@id":"https:\/\/www.telaled.com\/#website","url":"https:\/\/www.telaled.com\/","name":"Pantalla LED","description":"","potentialAction":[{"@type":"SearchAction","target":{"@type":"EntryPoint","urlTemplate":"https:\/\/www.telaled.com\/?s={search_term_string}"},"query-input":{"@type":"PropertyValueSpecification","valueRequired":true,"valueName":"search_term_string"}}],"inLanguage":"es"}]}},"_links":{"self":[{"href":"https:\/\/www.telaled.com\/es\/wp-json\/wp\/v2\/product\/3692","targetHints":{"allow":["GET"]}}],"collection":[{"href":"https:\/\/www.telaled.com\/es\/wp-json\/wp\/v2\/product"}],"about":[{"href":"https:\/\/www.telaled.com\/es\/wp-json\/wp\/v2\/types\/product"}],"wp:featuredmedia":[{"embeddable":true,"href":"https:\/\/www.telaled.com\/es\/wp-json\/wp\/v2\/media\/3703"}],"wp:attachment":[{"href":"https:\/\/www.telaled.com\/es\/wp-json\/wp\/v2\/media?parent=3692"}],"wp:term":[{"taxonomy":"product_brand","embeddable":true,"href":"https:\/\/www.telaled.com\/es\/wp-json\/wp\/v2\/product_brand?post=3692"},{"taxonomy":"product_cat","embeddable":true,"href":"https:\/\/www.telaled.com\/es\/wp-json\/wp\/v2\/product_cat?post=3692"},{"taxonomy":"product_tag","embeddable":true,"href":"https:\/\/www.telaled.com\/es\/wp-json\/wp\/v2\/product_tag?post=3692"}],"curies":[{"name":"gracias","href":"https:\/\/api.w.org\/{rel}","templated":true}]}}