{"id":3661,"date":"2025-09-30T03:19:49","date_gmt":"2025-09-30T03:19:49","guid":{"rendered":"https:\/\/www.telaled.com\/?post_type=product&#038;p=3661"},"modified":"2026-01-06T09:11:26","modified_gmt":"2026-01-06T09:11:26","slug":"placar-eletronico-esportivo-serie-tea","status":"publish","type":"product","link":"https:\/\/www.telaled.com\/es\/fabrica\/placar-eletronico-esportivo-serie-tea\/","title":{"rendered":"Marcador deportivo electr\u00f3nico Serie TEA"},"content":{"rendered":"<div class=\"row\"  id=\"row-1379093136\">\n\n\t<div id=\"col-758565794\" class=\"col small-12 large-12\"  >\n\t\t\t\t<div class=\"col-inner\"  >\n\t\t\t\n\t\t\t\n<h2><span data-sheets-root=\"1\">Marcador deportivo electr\u00f3nico<\/span> Serie TEA<\/h2>\n<h3><strong>Durabilidad superior<\/strong><\/h3>\n<ul>\n<li>Construido con carcasa de aluminio o hierro y m\u00f3dulos LED de 7 segmentos sellados con clasificaci\u00f3n IP65 para protecci\u00f3n exterior.<\/li>\n<li>Funciona de forma fiable desde -40 \u00b0C hasta 75 \u00b0C con una vida \u00fatil de m\u00e1s de 100 000 horas.<\/li>\n<li>El controlador LED de corriente constante garantiza un rendimiento estable y evita que se queme con el tiempo.<\/li>\n<\/ul>\n<h3><strong>Calidad visual excepcional<\/strong><\/h3>\n<ul>\n<li>El sistema de atenuaci\u00f3n autom\u00e1tica de 8 niveles ajusta el brillo para uso diurno o nocturno.<\/li>\n<li>Los chips LED de alto brillo de hasta 12.000 mcd proporcionan una visibilidad clara incluso bajo la luz solar directa.<\/li>\n<li>Los amplios \u00e1ngulos de visi\u00f3n de 60\u00b0 a 120\u00b0 mantienen una legibilidad clara en todo el campo.<\/li>\n<\/ul>\n<h3><strong>Adaptabilidad completa<\/strong><\/h3>\n<ul>\n<li>Admite pantalla de una o dos caras con acceso frontal o posterior.<\/li>\n<li>M\u00faltiples opciones de montaje: montado en la pared, colgado o independiente.<\/li>\n<li>Compatible con sistemas de control remoto RF, RS232\/485 y TCP\/IP para una operaci\u00f3n flexible.<\/li>\n<\/ul>\n<h3><strong>Soporte integral<\/strong><\/h3>\n<ul>\n<li><strong>Ayuda experta 24\/7:<\/strong> Acceda a soporte profesional las 24 horas, los 7 d\u00edas de la semana para mantener su sistema funcionando al m\u00e1ximo rendimiento.<\/li>\n<li><strong>Repuestos integrados:<\/strong> Cada pedido incluye 5% de piezas adicionales para garantizar un uso suave e ininterrumpido.<\/li>\n<li><strong>M\u00e1xima fiabilidad:<\/strong> Los componentes agregados reducen los retrasos en el mantenimiento y prolongan la vida \u00fatil de su equipo.<\/li>\n<li><strong>Garant\u00eda sin preocupaciones:<\/strong> Benef\u00edciese de una garant\u00eda de 3 a\u00f1os que protege su inversi\u00f3n con una cobertura confiable.<\/li>\n<\/ul>\n<h2>Detalles del producto<\/h2>\n<div class=\"row\"  id=\"row-2084549518\">\n\n\t<div id=\"col-954456734\" class=\"col medium-10 small-12 large-10\"  >\n\t\t\t\t<div class=\"col-inner text-left\"  >\n\t\t\t\n\t\t\t\n<ul>\n<li>Nuestro <strong><em>Marcador deportivo electr\u00f3nico Serie TEA<\/em>\u00a0<\/strong> Proporciona marcadores y cronometraje en tiempo real, manteniendo a jugadores y aficionados al tanto de cada momento del partido. Totalmente personalizables para cualquier deporte o recinto, estos duraderos marcadores deportivos electr\u00f3nicos est\u00e1n dise\u00f1ados para uso en interiores y exteriores. Con pantallas n\u00edtidas y un rendimiento fiable, son la soluci\u00f3n perfecta para escuelas, estadios e instalaciones deportivas.<\/li>\n<\/ul>\n\t<div class=\"img has-hover x md-x lg-x y md-y lg-y\" id=\"image_2116956825\">\n\t\t\t\t\t\t\t\t<div class=\"img-inner dark\" >\n\t\t\t<img loading=\"lazy\" decoding=\"async\" width=\"1536\" height=\"1152\" src=\"https:\/\/www.telaled.com\/wp-content\/uploads\/2025\/10\/Placar-Eeletronico-Esportivo-Serie-TEA6-1.webp\" class=\"attachment-original size-original\" alt=\"Serie de marcadores deportivos electr\u00f3nicos TEA6 (1)\" srcset=\"https:\/\/www.telaled.com\/wp-content\/uploads\/2025\/10\/Placar-Eeletronico-Esportivo-Serie-TEA6-1.webp 1536w, https:\/\/www.telaled.com\/wp-content\/uploads\/2025\/10\/Placar-Eeletronico-Esportivo-Serie-TEA6-1-300x225.webp 300w, https:\/\/www.telaled.com\/wp-content\/uploads\/2025\/10\/Placar-Eeletronico-Esportivo-Serie-TEA6-1-1024x768.webp 1024w, https:\/\/www.telaled.com\/wp-content\/uploads\/2025\/10\/Placar-Eeletronico-Esportivo-Serie-TEA6-1-768x576.webp 768w, https:\/\/www.telaled.com\/wp-content\/uploads\/2025\/10\/Placar-Eeletronico-Esportivo-Serie-TEA6-1-16x12.webp 16w, https:\/\/www.telaled.com\/wp-content\/uploads\/2025\/10\/Placar-Eeletronico-Esportivo-Serie-TEA6-1-600x450.webp 600w\" sizes=\"auto, (max-width: 1536px) 100vw, 1536px\" \/>\t\t\t\t\t\t\n\t\t\t\t\t<\/div>\n\t\t\t\t\t\t\t\t\n<style>\n#image_2116956825 {\n  width: 80%;\n}\n<\/style>\n\t<\/div>\n\t\n<ul>\n<li>Nuestro <em><strong>Marcadores deportivos electr\u00f3nicos<\/strong> <strong>Serie TEA<\/strong><\/em>\u00a0Est\u00e1n dise\u00f1ados para una m\u00e1xima durabilidad, construidos para soportar la lluvia, el viento, la nieve y la luz solar directa sin comprometer su rendimiento. Gracias a su dise\u00f1o robusto, duran m\u00e1s que los marcadores deportivos electr\u00f3nicos y soportan un uso intensivo con facilidad, ofreciendo un rendimiento confiable y un valor duradero para instalaciones deportivas y estadios.<\/li>\n<\/ul>\n\t<div class=\"img has-hover x md-x lg-x y md-y lg-y\" id=\"image_318008256\">\n\t\t\t\t\t\t\t\t<div class=\"img-inner dark\" >\n\t\t\t<img loading=\"lazy\" decoding=\"async\" width=\"1020\" height=\"938\" src=\"https:\/\/www.telaled.com\/wp-content\/uploads\/2025\/10\/Placar-Eeletronico-Esportivo-Serie-TEA7-1024x942.webp\" class=\"attachment-large size-large\" alt=\"\" srcset=\"https:\/\/www.telaled.com\/wp-content\/uploads\/2025\/10\/Placar-Eeletronico-Esportivo-Serie-TEA7-1024x942.webp 1024w, https:\/\/www.telaled.com\/wp-content\/uploads\/2025\/10\/Placar-Eeletronico-Esportivo-Serie-TEA7-300x276.webp 300w, https:\/\/www.telaled.com\/wp-content\/uploads\/2025\/10\/Placar-Eeletronico-Esportivo-Serie-TEA7-768x706.webp 768w, https:\/\/www.telaled.com\/wp-content\/uploads\/2025\/10\/Placar-Eeletronico-Esportivo-Serie-TEA7-1536x1413.webp 1536w, https:\/\/www.telaled.com\/wp-content\/uploads\/2025\/10\/Placar-Eeletronico-Esportivo-Serie-TEA7-13x12.webp 13w, https:\/\/www.telaled.com\/wp-content\/uploads\/2025\/10\/Placar-Eeletronico-Esportivo-Serie-TEA7-600x552.webp 600w, https:\/\/www.telaled.com\/wp-content\/uploads\/2025\/10\/Placar-Eeletronico-Esportivo-Serie-TEA7.webp 1920w\" sizes=\"auto, (max-width: 1020px) 100vw, 1020px\" \/>\t\t\t\t\t\t\n\t\t\t\t\t<\/div>\n\t\t\t\t\t\t\t\t\n<style>\n#image_318008256 {\n  width: 80%;\n}\n<\/style>\n\t<\/div>\n\t\n<ul>\n<li>Elige el <em><strong>Marcador deportivo electr\u00f3nico Serie TEA<\/strong><\/em> Una puntuaci\u00f3n correcta es esencial en cualquier gimnasio, escuela o estadio. Nuestros marcadores deportivos electr\u00f3nicos est\u00e1n dise\u00f1ados para escuelas primarias, secundarias, universidades y recintos profesionales. Desde marcadores hasta marcadores digitales, ofrecemos soluciones de puntuaci\u00f3n completas y personalizables. Consiga un marcador deportivo electr\u00f3nico duradero y de alta calidad, dise\u00f1ado para ofrecer precisi\u00f3n, visibilidad y rendimiento a largo plazo.<\/li>\n<\/ul>\n\t<div class=\"img has-hover x md-x lg-x y md-y lg-y\" id=\"image_1034413989\">\n\t\t\t\t\t\t\t\t<div class=\"img-inner dark\" >\n\t\t\t<img loading=\"lazy\" decoding=\"async\" width=\"1020\" height=\"790\" src=\"https:\/\/www.telaled.com\/wp-content\/uploads\/2025\/10\/Placar-Eeletronico-Esportivo-Serie-TEA8-1024x793.webp\" class=\"attachment-large size-large\" alt=\"\" srcset=\"https:\/\/www.telaled.com\/wp-content\/uploads\/2025\/10\/Placar-Eeletronico-Esportivo-Serie-TEA8-1024x793.webp 1024w, https:\/\/www.telaled.com\/wp-content\/uploads\/2025\/10\/Placar-Eeletronico-Esportivo-Serie-TEA8-300x232.webp 300w, https:\/\/www.telaled.com\/wp-content\/uploads\/2025\/10\/Placar-Eeletronico-Esportivo-Serie-TEA8-768x595.webp 768w, https:\/\/www.telaled.com\/wp-content\/uploads\/2025\/10\/Placar-Eeletronico-Esportivo-Serie-TEA8-1536x1190.webp 1536w, https:\/\/www.telaled.com\/wp-content\/uploads\/2025\/10\/Placar-Eeletronico-Esportivo-Serie-TEA8-15x12.webp 15w, https:\/\/www.telaled.com\/wp-content\/uploads\/2025\/10\/Placar-Eeletronico-Esportivo-Serie-TEA8-600x465.webp 600w, https:\/\/www.telaled.com\/wp-content\/uploads\/2025\/10\/Placar-Eeletronico-Esportivo-Serie-TEA8.webp 1590w\" sizes=\"auto, (max-width: 1020px) 100vw, 1020px\" \/>\t\t\t\t\t\t\n\t\t\t\t\t<\/div>\n\t\t\t\t\t\t\t\t\n<style>\n#image_1034413989 {\n  width: 80%;\n}\n<\/style>\n\t<\/div>\n\t\n<ul>\n<li><strong>Marcador deportivo electr\u00f3nico Serie TEA<\/strong> Se embalan en cajas de madera reforzadas para protegerlas durante el env\u00edo. Cada unidad se empaqueta de forma segura para evitar da\u00f1os causados \u200b\u200bpor plagas, impactos y otros peligros. Esto garantiza su durabilidad y una entrega segura.<\/li>\n<\/ul>\n\t<div class=\"img has-hover x md-x lg-x y md-y lg-y\" id=\"image_221948441\">\n\t\t\t\t\t\t\t\t<div class=\"img-inner dark\" >\n\t\t\t<img loading=\"lazy\" decoding=\"async\" width=\"760\" height=\"1024\" src=\"https:\/\/www.telaled.com\/wp-content\/uploads\/2025\/08\/36123f2c-de60-488d-af81-255cd4aee54a-760x1024.webp\" class=\"attachment-large size-large\" alt=\"\" srcset=\"https:\/\/www.telaled.com\/wp-content\/uploads\/2025\/08\/36123f2c-de60-488d-af81-255cd4aee54a-760x1024.webp 760w, https:\/\/www.telaled.com\/wp-content\/uploads\/2025\/08\/36123f2c-de60-488d-af81-255cd4aee54a-223x300.webp 223w, https:\/\/www.telaled.com\/wp-content\/uploads\/2025\/08\/36123f2c-de60-488d-af81-255cd4aee54a-768x1035.webp 768w, https:\/\/www.telaled.com\/wp-content\/uploads\/2025\/08\/36123f2c-de60-488d-af81-255cd4aee54a-9x12.webp 9w, https:\/\/www.telaled.com\/wp-content\/uploads\/2025\/08\/36123f2c-de60-488d-af81-255cd4aee54a-600x808.webp 600w, https:\/\/www.telaled.com\/wp-content\/uploads\/2025\/08\/36123f2c-de60-488d-af81-255cd4aee54a.webp 795w\" sizes=\"auto, (max-width: 760px) 100vw, 760px\" \/>\t\t\t\t\t\t\n\t\t\t\t\t<\/div>\n\t\t\t\t\t\t\t\t\n<style>\n#image_221948441 {\n  width: 80%;\n}\n<\/style>\n\t<\/div>\n\t\n\n<table id=\"tablepress-90\" class=\"tablepress tablepress-id-90\">\n<thead>\n<tr class=\"row-1\">\n\t<th class=\"column-1\">Art\u00edculo<\/th><th class=\"column-2\">Par\u00e1metros t\u00e9cnicos<\/th>\n<\/tr>\n<\/thead>\n<tbody class=\"row-striping row-hover\">\n<tr class=\"row-2\">\n\t<td class=\"column-1\">Color:<\/td><td class=\"column-2\">Rojo, \u00c1mbar, Verde, Azul, Blanco<\/td>\n<\/tr>\n<tr class=\"row-3\">\n\t<td class=\"column-1\">Altura del d\u00edgito:<\/td><td class=\"column-2\">6'', 8'', 10'', 12'', 15'', 18'', 20'', 22'', 24'', 32'', 64'', 72''<\/td>\n<\/tr>\n<tr class=\"row-4\">\n\t<td class=\"column-1\">Dise\u00f1o de d\u00edgitos:<\/td><td class=\"column-2\">Los m\u00f3dulos de 7 segmentos est\u00e1n sellados con pegamento, logran un grado de impermeabilidad IP67, con protecci\u00f3n contra el polvo que hace que los LED funcionen normalmente todo el tiempo.<\/td>\n<\/tr>\n<tr class=\"row-5\">\n\t<td class=\"column-1\">Control de brillo:<\/td><td class=\"column-2\">Atenuaci\u00f3n autom\u00e1tica mediante sensor de luminosidad<\/td>\n<\/tr>\n<tr class=\"row-6\">\n\t<td class=\"column-1\">Atenuaci\u00f3n de la pantalla:<\/td><td class=\"column-2\">M\u00e1s de 8 niveles de ajuste autom\u00e1tico de intensidad.<\/td>\n<\/tr>\n<tr class=\"row-7\">\n\t<td class=\"column-1\">\u00c1ngulo de visi\u00f3n:<\/td><td class=\"column-2\">Horizontal: 60\u00b0-120\u00b0, Vertical: 60\u00b0-120\u00b0 o personalizado<\/td>\n<\/tr>\n<tr class=\"row-8\">\n\t<td class=\"column-1\">Acceso al servicio:<\/td><td class=\"column-2\">Apertura delantera o trasera<\/td>\n<\/tr>\n<tr class=\"row-9\">\n\t<td class=\"column-1\">Maestro\/esclavo:<\/td><td class=\"column-2\">De una o dos caras, maestro\/esclavo disponible<\/td>\n<\/tr>\n<tr class=\"row-10\">\n\t<td class=\"column-1\">Material del gabinete:<\/td><td class=\"column-2\">Gabinete de hierro o marco de aleaci\u00f3n de aluminio<\/td>\n<\/tr>\n<tr class=\"row-11\">\n\t<td class=\"column-1\">Nivel de impermeabilidad:<\/td><td class=\"column-2\">IP53 con marco de aleaci\u00f3n de aluminio, IP65 con carcasa de hierro<\/td>\n<\/tr>\n<tr class=\"row-12\">\n\t<td class=\"column-1\">Modo de conducci\u00f3n LED:<\/td><td class=\"column-2\">Corriente constante<\/td>\n<\/tr>\n<tr class=\"row-13\">\n\t<td class=\"column-1\">Entrada de potencia:<\/td><td class=\"column-2\">110\/220 V CA, 50-60 Hz<\/td>\n<\/tr>\n<tr class=\"row-14\">\n\t<td class=\"column-1\">Comunicaci\u00f3n con PC:<\/td><td class=\"column-2\">RS232\/485; LAN (TCP\/IP) cableada o inal\u00e1mbrica, el cliente puede elegir<\/td>\n<\/tr>\n<tr class=\"row-15\">\n\t<td class=\"column-1\">Tipo de control remoto:<\/td><td class=\"column-2\">Control remoto RF (control remoto normal de 6 botones o LCD)<\/td>\n<\/tr>\n<tr class=\"row-16\">\n\t<td class=\"column-1\">Tiempo de trabajo continuo:<\/td><td class=\"column-2\">Ilimitado<\/td>\n<\/tr>\n<tr class=\"row-17\">\n\t<td class=\"column-1\">Vida \u00fatil del LED:<\/td><td class=\"column-2\">&gt;100.000 horas<\/td>\n<\/tr>\n<tr class=\"row-18\">\n\t<td class=\"column-1\">M\u00e9todo de instalaci\u00f3n:<\/td><td class=\"column-2\">Suspendido, montado o seg\u00fan dise\u00f1o personalizado.<\/td>\n<\/tr>\n<tr class=\"row-19\">\n\t<td class=\"column-1\">Temperatura de trabajo:<\/td><td class=\"column-2\">-40\u2103~75\u2103<\/td>\n<\/tr>\n<\/tbody>\n<\/table>\n\n\t\t<\/div>\n\t\t\t\t\t<\/div>\n\n\t\n<\/div>\n\t\t<\/div>\n\t\t\t\t\t<\/div>\n\n\t\n<\/div>","protected":false},"excerpt":{"rendered":"<p><strong><span data-sheets-root=\"1\">Marcador deportivo electr\u00f3nico<\/span> Serie TEA: Pantalla LED para todos los juegos<\/strong><\/p>\n<p>Este <strong><span data-sheets-root=\"1\">Marcador deportivo electr\u00f3nico<\/span> Serie TEA <\/strong>TELALED ofrece d\u00edgitos LED n\u00edtidos y de alto brillo para exteriores. Fabricado con tecnolog\u00eda de pantalla infrarroja, marco de aluminio o hierro y control autom\u00e1tico de brillo, ofrece una puntuaci\u00f3n precisa en tiempo real y fiabilidad a largo plazo en cualquier condici\u00f3n clim\u00e1tica.<\/p>\n<p><strong>Caracter\u00edsticas principales:<\/strong><\/p>\n<ul>\n<li><strong>Estructura duradera:<\/strong> Carcasa resistente al agua y al polvo IP65 con m\u00f3dulos LED sellados con capacidad para m\u00e1s de 100 000 horas de uso en temperaturas de -40 \u00b0C a 75 \u00b0C.<\/li>\n<li><strong>Visibilidad clara:<\/strong> Los chips LED de alta intensidad de hasta 12 000 mcd y un amplio \u00e1ngulo de visi\u00f3n de 60\u00b0 a 120\u00b0 garantizan que las puntuaciones permanezcan legibles bajo la luz del sol o bajo focos.<\/li>\n<li><strong>Control flexible:<\/strong> Admite control remoto RF, RS232\/485 y TCP\/IP, con m\u00faltiples opciones de instalaci\u00f3n; montaje en pared, colgado o independiente para diferentes aplicaciones deportivas.<\/li>\n<\/ul>\n<p>Disfrute de soporte remoto confiable 24\/7 con una garant\u00eda integral de 3 a\u00f1os. Cont\u00e1ctenos hoy mismo para obtener un presupuesto gratuito y personalizado, adaptado a las necesidades espec\u00edficas de su negocio.<\/p>","protected":false},"featured_media":3662,"template":"","meta":[],"product_brand":[],"product_cat":[50,48,40,15],"product_tag":[],"class_list":{"0":"post-3661","1":"product","2":"type-product","3":"status-publish","4":"has-post-thumbnail","6":"product_cat-aluguel-de-painel-de-led","7":"product_cat-paineis-personalizados","8":"product_cat-painel-de-led","9":"product_cat-sem-categoria","11":"first","12":"instock","13":"shipping-taxable","14":"product-type-simple"},"yoast_head":"<!-- This site is optimized with the Yoast SEO plugin v27.5 - https:\/\/yoast.com\/product\/yoast-seo-wordpress\/ -->\n<title>Placar Esportivo Eletr\u00f4nico S\u00e9rie TEA | Placares de LED para ambientes internos e externos. | TELALED<\/title>\n<meta name=\"description\" content=\"Placar Esportivo Eletr\u00f4nicos S\u00e9rie TEA com displays de LED coloridos. Melhore a experi\u00eancia dos f\u00e3s, exiba an\u00fancios e mantenha os placares claros em qualquer condi\u00e7\u00e3o clim\u00e1tica.\" \/>\n<meta name=\"robots\" content=\"index, follow, max-snippet:-1, max-image-preview:large, max-video-preview:-1\" \/>\n<link rel=\"canonical\" href=\"https:\/\/www.telaled.com\/es\/fabrica\/placar-eletronico-esportivo-serie-tea\/\" \/>\n<meta property=\"og:locale\" content=\"es_ES\" \/>\n<meta property=\"og:type\" content=\"article\" \/>\n<meta property=\"og:title\" content=\"Placar Esportivo Eletr\u00f4nico S\u00e9rie TEA | Placares de LED para ambientes internos e externos. | TELALED\" \/>\n<meta property=\"og:description\" content=\"Placar Esportivo Eletr\u00f4nicos S\u00e9rie TEA com displays de LED coloridos. Melhore a experi\u00eancia dos f\u00e3s, exiba an\u00fancios e mantenha os placares claros em qualquer condi\u00e7\u00e3o clim\u00e1tica.\" \/>\n<meta property=\"og:url\" content=\"https:\/\/www.telaled.com\/es\/fabrica\/placar-eletronico-esportivo-serie-tea\/\" \/>\n<meta property=\"og:site_name\" content=\"TELALED\" \/>\n<meta property=\"article:modified_time\" content=\"2026-01-06T09:11:26+00:00\" \/>\n<meta property=\"og:image\" content=\"https:\/\/www.telaled.com\/wp-content\/uploads\/2025\/09\/Placar-Eeletronico-Esportivo-Serie-TEA.jpg\" \/>\n\t<meta property=\"og:image:width\" content=\"500\" \/>\n\t<meta property=\"og:image:height\" content=\"500\" \/>\n\t<meta property=\"og:image:type\" content=\"image\/jpeg\" \/>\n<meta name=\"twitter:card\" content=\"summary_large_image\" \/>\n<meta name=\"twitter:label1\" content=\"Tiempo de lectura\" \/>\n\t<meta name=\"twitter:data1\" content=\"3 minutos\" \/>\n<script type=\"application\/ld+json\" class=\"yoast-schema-graph\">{\"@context\":\"https:\\\/\\\/schema.org\",\"@graph\":[{\"@type\":\"WebPage\",\"@id\":\"https:\\\/\\\/www.telaled.com\\\/fabrica\\\/placar-eletronico-esportivo-serie-tea\\\/\",\"url\":\"https:\\\/\\\/www.telaled.com\\\/fabrica\\\/placar-eletronico-esportivo-serie-tea\\\/\",\"name\":\"Placar Esportivo Eletr\u00f4nico S\u00e9rie TEA | Placares de LED para ambientes internos e externos. | TELALED\",\"isPartOf\":{\"@id\":\"https:\\\/\\\/www.telaled.com\\\/#website\"},\"primaryImageOfPage\":{\"@id\":\"https:\\\/\\\/www.telaled.com\\\/fabrica\\\/placar-eletronico-esportivo-serie-tea\\\/#primaryimage\"},\"image\":{\"@id\":\"https:\\\/\\\/www.telaled.com\\\/fabrica\\\/placar-eletronico-esportivo-serie-tea\\\/#primaryimage\"},\"thumbnailUrl\":\"https:\\\/\\\/www.telaled.com\\\/wp-content\\\/uploads\\\/2025\\\/09\\\/Placar-Eeletronico-Esportivo-Serie-TEA.jpg\",\"datePublished\":\"2025-09-30T03:19:49+00:00\",\"dateModified\":\"2026-01-06T09:11:26+00:00\",\"description\":\"Placar Esportivo Eletr\u00f4nicos S\u00e9rie TEA com displays de LED coloridos. Melhore a experi\u00eancia dos f\u00e3s, exiba an\u00fancios e mantenha os placares claros em qualquer condi\u00e7\u00e3o clim\u00e1tica.\",\"breadcrumb\":{\"@id\":\"https:\\\/\\\/www.telaled.com\\\/fabrica\\\/placar-eletronico-esportivo-serie-tea\\\/#breadcrumb\"},\"inLanguage\":\"es\",\"potentialAction\":[{\"@type\":\"ReadAction\",\"target\":[\"https:\\\/\\\/www.telaled.com\\\/fabrica\\\/placar-eletronico-esportivo-serie-tea\\\/\"]}]},{\"@type\":\"ImageObject\",\"inLanguage\":\"es\",\"@id\":\"https:\\\/\\\/www.telaled.com\\\/fabrica\\\/placar-eletronico-esportivo-serie-tea\\\/#primaryimage\",\"url\":\"https:\\\/\\\/www.telaled.com\\\/wp-content\\\/uploads\\\/2025\\\/09\\\/Placar-Eeletronico-Esportivo-Serie-TEA.jpg\",\"contentUrl\":\"https:\\\/\\\/www.telaled.com\\\/wp-content\\\/uploads\\\/2025\\\/09\\\/Placar-Eeletronico-Esportivo-Serie-TEA.jpg\",\"width\":500,\"height\":500,\"caption\":\"Placar-Eeletr\u00f4nico-Esportivo-S\u00e9rie-TEA\"},{\"@type\":\"BreadcrumbList\",\"@id\":\"https:\\\/\\\/www.telaled.com\\\/fabrica\\\/placar-eletronico-esportivo-serie-tea\\\/#breadcrumb\",\"itemListElement\":[{\"@type\":\"ListItem\",\"position\":1,\"name\":\"Home\",\"item\":\"https:\\\/\\\/www.telaled.com\\\/\"},{\"@type\":\"ListItem\",\"position\":2,\"name\":\"Produtos\",\"item\":\"https:\\\/\\\/www.telaled.com\\\/shop\\\/\"},{\"@type\":\"ListItem\",\"position\":3,\"name\":\"Placar Eletr\u00f4nico Esportivo S\u00e9rie TEA\"}]},{\"@type\":\"WebSite\",\"@id\":\"https:\\\/\\\/www.telaled.com\\\/#website\",\"url\":\"https:\\\/\\\/www.telaled.com\\\/\",\"name\":\"TELALED\",\"description\":\"\",\"potentialAction\":[{\"@type\":\"SearchAction\",\"target\":{\"@type\":\"EntryPoint\",\"urlTemplate\":\"https:\\\/\\\/www.telaled.com\\\/?s={search_term_string}\"},\"query-input\":{\"@type\":\"PropertyValueSpecification\",\"valueRequired\":true,\"valueName\":\"search_term_string\"}}],\"inLanguage\":\"es\"}]}<\/script>\n<!-- \/ Yoast SEO plugin. -->","yoast_head_json":{"title":"Marcador deportivo electr\u00f3nico serie TEA | Marcadores LED para interiores y exteriores | TELALED","description":"Marcadores deportivos electr\u00f3nicos serie TEA con pantallas LED a todo color. Mejore la experiencia de los aficionados, muestre anuncios y mantenga los marcadores despejados en cualquier condici\u00f3n clim\u00e1tica.","robots":{"index":"index","follow":"follow","max-snippet":"max-snippet:-1","max-image-preview":"max-image-preview:large","max-video-preview":"max-video-preview:-1"},"canonical":"https:\/\/www.telaled.com\/es\/fabrica\/placar-eletronico-esportivo-serie-tea\/","og_locale":"es_ES","og_type":"article","og_title":"Placar Esportivo Eletr\u00f4nico S\u00e9rie TEA | Placares de LED para ambientes internos e externos. | TELALED","og_description":"Placar Esportivo Eletr\u00f4nicos S\u00e9rie TEA com displays de LED coloridos. Melhore a experi\u00eancia dos f\u00e3s, exiba an\u00fancios e mantenha os placares claros em qualquer condi\u00e7\u00e3o clim\u00e1tica.","og_url":"https:\/\/www.telaled.com\/es\/fabrica\/placar-eletronico-esportivo-serie-tea\/","og_site_name":"TELALED","article_modified_time":"2026-01-06T09:11:26+00:00","og_image":[{"width":500,"height":500,"url":"https:\/\/www.telaled.com\/wp-content\/uploads\/2025\/09\/Placar-Eeletronico-Esportivo-Serie-TEA.jpg","type":"image\/jpeg"}],"twitter_card":"summary_large_image","twitter_misc":{"Tiempo de lectura":"3 minutos"},"schema":{"@context":"https:\/\/schema.org","@graph":[{"@type":"WebPage","@id":"https:\/\/www.telaled.com\/fabrica\/placar-eletronico-esportivo-serie-tea\/","url":"https:\/\/www.telaled.com\/fabrica\/placar-eletronico-esportivo-serie-tea\/","name":"Marcador deportivo electr\u00f3nico serie TEA | Marcadores LED para interiores y exteriores | TELALED","isPartOf":{"@id":"https:\/\/www.telaled.com\/#website"},"primaryImageOfPage":{"@id":"https:\/\/www.telaled.com\/fabrica\/placar-eletronico-esportivo-serie-tea\/#primaryimage"},"image":{"@id":"https:\/\/www.telaled.com\/fabrica\/placar-eletronico-esportivo-serie-tea\/#primaryimage"},"thumbnailUrl":"https:\/\/www.telaled.com\/wp-content\/uploads\/2025\/09\/Placar-Eeletronico-Esportivo-Serie-TEA.jpg","datePublished":"2025-09-30T03:19:49+00:00","dateModified":"2026-01-06T09:11:26+00:00","description":"Marcadores deportivos electr\u00f3nicos serie TEA con pantallas LED a todo color. Mejore la experiencia de los aficionados, muestre anuncios y mantenga los marcadores despejados en cualquier condici\u00f3n clim\u00e1tica.","breadcrumb":{"@id":"https:\/\/www.telaled.com\/fabrica\/placar-eletronico-esportivo-serie-tea\/#breadcrumb"},"inLanguage":"es","potentialAction":[{"@type":"ReadAction","target":["https:\/\/www.telaled.com\/fabrica\/placar-eletronico-esportivo-serie-tea\/"]}]},{"@type":"ImageObject","inLanguage":"es","@id":"https:\/\/www.telaled.com\/fabrica\/placar-eletronico-esportivo-serie-tea\/#primaryimage","url":"https:\/\/www.telaled.com\/wp-content\/uploads\/2025\/09\/Placar-Eeletronico-Esportivo-Serie-TEA.jpg","contentUrl":"https:\/\/www.telaled.com\/wp-content\/uploads\/2025\/09\/Placar-Eeletronico-Esportivo-Serie-TEA.jpg","width":500,"height":500,"caption":"Placar-Eeletr\u00f4nico-Esportivo-S\u00e9rie-TEA"},{"@type":"BreadcrumbList","@id":"https:\/\/www.telaled.com\/fabrica\/placar-eletronico-esportivo-serie-tea\/#breadcrumb","itemListElement":[{"@type":"ListItem","position":1,"name":"Home","item":"https:\/\/www.telaled.com\/"},{"@type":"ListItem","position":2,"name":"Produtos","item":"https:\/\/www.telaled.com\/shop\/"},{"@type":"ListItem","position":3,"name":"Placar Eletr\u00f4nico Esportivo S\u00e9rie TEA"}]},{"@type":"WebSite","@id":"https:\/\/www.telaled.com\/#website","url":"https:\/\/www.telaled.com\/","name":"Pantalla LED","description":"","potentialAction":[{"@type":"SearchAction","target":{"@type":"EntryPoint","urlTemplate":"https:\/\/www.telaled.com\/?s={search_term_string}"},"query-input":{"@type":"PropertyValueSpecification","valueRequired":true,"valueName":"search_term_string"}}],"inLanguage":"es"}]}},"_links":{"self":[{"href":"https:\/\/www.telaled.com\/es\/wp-json\/wp\/v2\/product\/3661","targetHints":{"allow":["GET"]}}],"collection":[{"href":"https:\/\/www.telaled.com\/es\/wp-json\/wp\/v2\/product"}],"about":[{"href":"https:\/\/www.telaled.com\/es\/wp-json\/wp\/v2\/types\/product"}],"wp:featuredmedia":[{"embeddable":true,"href":"https:\/\/www.telaled.com\/es\/wp-json\/wp\/v2\/media\/3662"}],"wp:attachment":[{"href":"https:\/\/www.telaled.com\/es\/wp-json\/wp\/v2\/media?parent=3661"}],"wp:term":[{"taxonomy":"product_brand","embeddable":true,"href":"https:\/\/www.telaled.com\/es\/wp-json\/wp\/v2\/product_brand?post=3661"},{"taxonomy":"product_cat","embeddable":true,"href":"https:\/\/www.telaled.com\/es\/wp-json\/wp\/v2\/product_cat?post=3661"},{"taxonomy":"product_tag","embeddable":true,"href":"https:\/\/www.telaled.com\/es\/wp-json\/wp\/v2\/product_tag?post=3661"}],"curies":[{"name":"gracias","href":"https:\/\/api.w.org\/{rel}","templated":true}]}}