{"id":3573,"date":"2025-09-26T00:20:54","date_gmt":"2025-09-26T00:20:54","guid":{"rendered":"https:\/\/www.telaled.com\/?post_type=product&#038;p=3573"},"modified":"2026-01-06T07:04:23","modified_gmt":"2026-01-06T07:04:23","slug":"pole-led-display-serie-twb","status":"publish","type":"product","link":"https:\/\/www.telaled.com\/es\/fabrica\/pole-led-display-serie-twb\/","title":{"rendered":"Pantalla LED de poste Serie TWB"},"content":{"rendered":"<div class=\"row\"  id=\"row-1441594714\">\n\n\t<div id=\"col-1038839141\" class=\"col small-12 large-12\"  >\n\t\t\t\t<div class=\"col-inner\"  >\n\t\t\t\n\t\t\t\n<h2>Ventajas \u00fanicas de la pantalla LED de poste de la serie TWC<\/h2>\n<h3><strong>Durabilidad superior<\/strong><\/h3>\n<ul>\n<li>Protecci\u00f3n IP65 a prueba de agua y polvo.<\/li>\n<li>Materiales resistentes a la corrosi\u00f3n y a la intemperie.<\/li>\n<li>Disipador de calor inteligente para refrigeraci\u00f3n y mayor vida \u00fatil.<\/li>\n<li>Funcionamiento estable de -20\u00b0C a +60\u00b0C.<\/li>\n<\/ul>\n<h3><strong>Calidad visual excepcional<\/strong><\/h3>\n<ul>\n<li>Brillo ultra alto hasta 6500 nits.<\/li>\n<li>tecnolog\u00eda LED <a href=\"https:\/\/www.telaled.com\/es\/led-smd\/\">SMD<\/a> Para obtener im\u00e1genes y v\u00eddeos n\u00edtidos...<\/li>\n<li>Amplio \u00e1ngulo de visi\u00f3n de 140\u00b0 para m\u00e1xima visibilidad.<\/li>\n<li>65.536 niveles de escala de grises para detalles realistas.<\/li>\n<\/ul>\n<h3><strong>Adaptabilidad completa<\/strong><\/h3>\n<ul>\n<li>M\u00faltiples opciones de control: PC, Wi-Fi, 4G\/5G, U-disk.<\/li>\n<li>Contenido remoto actualizado y programado.<\/li>\n<li>Instalaci\u00f3n flexible: montaje lateral, trasero o sobre soporte.<\/li>\n<li>Disponible en tama\u00f1os de p\u00edxeles P3,3, P4, <a href=\"https:\/\/www.telaled.com\/es\/fabrica\/modulo-painel-de-led-p5\/\">P5<\/a>.<\/li>\n<li>Tama\u00f1os y dise\u00f1os personalizados para diferentes proyectos.<\/li>\n<\/ul>\n<h3><strong>Soporte integral<\/strong><\/h3>\n<ul>\n<li>Obtenga ayuda experta en cualquier momento y lugar. Nuestro equipo de soporte dedicado garantiza que su sistema funcione a la perfecci\u00f3n, sin interrupciones.<\/li>\n<li>Cada pedido incluye 5% de repuestos. Se suministran componentes adicionales para aumentar la fiabilidad y reducir las interrupciones del servicio.<\/li>\n<li>Disfrute de la tranquilidad de una garant\u00eda de 3 a\u00f1os. Experimente un rendimiento duradero, un servicio confiable y la seguridad de que su inversi\u00f3n est\u00e1 protegida.<\/li>\n<\/ul>\n<h2>Detalles del producto<\/h2>\n<div class=\"row\"  id=\"row-1797520765\">\n\n\t<div id=\"col-447412819\" class=\"col medium-10 small-12 large-10\"  >\n\t\t\t\t<div class=\"col-inner text-left\"  >\n\t\t\t\n\t\t\t\n<ul>\n<li>Nuestro <em><strong>Pantalla LED de poste Serie TWB<\/strong><\/em> Est\u00e1n dise\u00f1ados para ofrecer durabilidad y rendimiento, con protecci\u00f3n IP65 contra el agua, un amplio \u00e1ngulo de visi\u00f3n de 140\u00b0 y un dise\u00f1o eficiente de enfriamiento r\u00e1pido. F\u00e1ciles de reparar y mantener, garantizan un control estable y... <a href=\"https:\/\/www.telaled.com\/es\/fabrica\/painel-led-economizador-de-energia-serie-toc\/\">ahorro de energ\u00eda<\/a>, lo que los hace ideales para entornos exteriores que exigen un rendimiento visual duradero y de alta calidad.<\/li>\n<\/ul>\n\t<div class=\"img has-hover x md-x lg-x y md-y lg-y\" id=\"image_2050783846\">\n\t\t\t\t\t\t\t\t<div class=\"img-inner dark\" >\n\t\t\t<img loading=\"lazy\" decoding=\"async\" width=\"500\" height=\"500\" src=\"https:\/\/www.telaled.com\/wp-content\/uploads\/2025\/09\/Pole-LED-Display7.webp\" class=\"attachment-original size-original\" alt=\"Pantalla LED de poste 7\" srcset=\"https:\/\/www.telaled.com\/wp-content\/uploads\/2025\/09\/Pole-LED-Display7.webp 500w, https:\/\/www.telaled.com\/wp-content\/uploads\/2025\/09\/Pole-LED-Display7-300x300.webp 300w, https:\/\/www.telaled.com\/wp-content\/uploads\/2025\/09\/Pole-LED-Display7-150x150.webp 150w, https:\/\/www.telaled.com\/wp-content\/uploads\/2025\/09\/Pole-LED-Display7-12x12.webp 12w, https:\/\/www.telaled.com\/wp-content\/uploads\/2025\/09\/Pole-LED-Display7-100x100.webp 100w\" sizes=\"auto, (max-width: 500px) 100vw, 500px\" \/>\t\t\t\t\t\t\n\t\t\t\t\t<\/div>\n\t\t\t\t\t\t\t\t\n<style>\n#image_2050783846 {\n  width: 80%;\n}\n<\/style>\n\t<\/div>\n\t\n<ul>\n<li>Nuestro <em><strong>Pantalla LED de poste Serie TWB<\/strong><\/em> Admite control inteligente mediante PC, memoria USB, Wi-Fi y 4G\/5G para una gesti\u00f3n centralizada o remota. Incluye reproducci\u00f3n en bucle, altavoces integrados, ajuste autom\u00e1tico de brillo y funcionamiento multifunci\u00f3n. Con actualizaciones con un solo clic, la liberaci\u00f3n, sincronizaci\u00f3n e inserci\u00f3n de contenido es r\u00e1pida, sencilla y fiable, lo que garantiza un rendimiento impecable en m\u00faltiples pantallas.<\/li>\n<\/ul>\n\t<div class=\"img has-hover x md-x lg-x y md-y lg-y\" id=\"image_1646736775\">\n\t\t\t\t\t\t\t\t<div class=\"img-inner dark\" >\n\t\t\t<img loading=\"lazy\" decoding=\"async\" width=\"500\" height=\"500\" src=\"https:\/\/www.telaled.com\/wp-content\/uploads\/2025\/09\/Pole-LED-Display8.webp\" class=\"attachment-large size-large\" alt=\"\" srcset=\"https:\/\/www.telaled.com\/wp-content\/uploads\/2025\/09\/Pole-LED-Display8.webp 500w, https:\/\/www.telaled.com\/wp-content\/uploads\/2025\/09\/Pole-LED-Display8-300x300.webp 300w, https:\/\/www.telaled.com\/wp-content\/uploads\/2025\/09\/Pole-LED-Display8-150x150.webp 150w, https:\/\/www.telaled.com\/wp-content\/uploads\/2025\/09\/Pole-LED-Display8-12x12.webp 12w, https:\/\/www.telaled.com\/wp-content\/uploads\/2025\/09\/Pole-LED-Display8-100x100.webp 100w\" sizes=\"auto, (max-width: 500px) 100vw, 500px\" \/>\t\t\t\t\t\t\n\t\t\t\t\t<\/div>\n\t\t\t\t\t\t\t\t\n<style>\n#image_1646736775 {\n  width: 80%;\n}\n<\/style>\n\t<\/div>\n\t\n<ul>\n<li>Nuestro <em><strong>Pantalla LED de poste Serie TWB<\/strong><\/em> Cuenta con un disipador de calor integrado para una refrigeraci\u00f3n eficiente y una mayor vida \u00fatil. Equipado con 8 cierres de seguridad, incluye sensores fotosensibles que ajustan autom\u00e1ticamente el brillo a las condiciones externas. Este dise\u00f1o inteligente reduce el riesgo de quemaduras accidentales. <a href=\"https:\/\/www.telaled.com\/es\/entendendo-o-consumo-de-energia-painel-de-led-quao-eficientes-sao-os-displays-de-led-modernos\/\" data-wplink-edit=\"true\">consumo de energ\u00eda<\/a>, Garantiza durabilidad y mantiene la pantalla funcionando perfectamente en cualquier entorno.<\/li>\n<\/ul>\n\t<div class=\"img has-hover x md-x lg-x y md-y lg-y\" id=\"image_104621055\">\n\t\t\t\t\t\t\t\t<div class=\"img-inner dark\" >\n\t\t\t<img loading=\"lazy\" decoding=\"async\" width=\"570\" height=\"360\" src=\"https:\/\/www.telaled.com\/wp-content\/uploads\/2025\/09\/Pole-LED-Display9.webp\" class=\"attachment-large size-large\" alt=\"\" srcset=\"https:\/\/www.telaled.com\/wp-content\/uploads\/2025\/09\/Pole-LED-Display9.webp 570w, https:\/\/www.telaled.com\/wp-content\/uploads\/2025\/09\/Pole-LED-Display9-300x189.webp 300w, https:\/\/www.telaled.com\/wp-content\/uploads\/2025\/09\/Pole-LED-Display9-18x12.webp 18w\" sizes=\"auto, (max-width: 570px) 100vw, 570px\" \/>\t\t\t\t\t\t\n\t\t\t\t\t<\/div>\n\t\t\t\t\t\t\t\t\n<style>\n#image_104621055 {\n  width: 80%;\n}\n<\/style>\n\t<\/div>\n\t\n<ul>\n<li>Ofrecemos soluciones personalizables <strong><em>Pantalla LED de poste Serie TWB<\/em><\/strong> Con opciones de instalaci\u00f3n flexibles. Ideal para centros comerciales, calles comerciales y uso gubernamental, como indicaciones de tr\u00e1fico o avisos p\u00fablicos. Tambi\u00e9n es ideal para atracciones tur\u00edsticas, mostrando mapas, detalles de eventos y actualizaciones de servicios, garantizando una comunicaci\u00f3n clara en cualquier entorno.<\/li>\n<\/ul>\n\t<div class=\"img has-hover x md-x lg-x y md-y lg-y\" id=\"image_482498671\">\n\t\t\t\t\t\t\t\t<div class=\"img-inner dark\" >\n\t\t\t<img loading=\"lazy\" decoding=\"async\" width=\"570\" height=\"360\" src=\"https:\/\/www.telaled.com\/wp-content\/uploads\/2025\/09\/Pole-LED-Display10.webp\" class=\"attachment-large size-large\" alt=\"Pantalla LED de poste 10\" srcset=\"https:\/\/www.telaled.com\/wp-content\/uploads\/2025\/09\/Pole-LED-Display10.webp 570w, https:\/\/www.telaled.com\/wp-content\/uploads\/2025\/09\/Pole-LED-Display10-300x189.webp 300w, https:\/\/www.telaled.com\/wp-content\/uploads\/2025\/09\/Pole-LED-Display10-18x12.webp 18w\" sizes=\"auto, (max-width: 570px) 100vw, 570px\" \/>\t\t\t\t\t\t\n\t\t\t\t\t<\/div>\n\t\t\t\t\t\t\t\t\n<style>\n#image_482498671 {\n  width: 80%;\n}\n<\/style>\n\t<\/div>\n\t\n<ul>\n<li>Nuestro <em><strong>Pantalla LED de poste Serie TWB<\/strong><\/em> Se embalan en cajas de madera reforzadas para protegerlas durante el env\u00edo. Cada unidad se empaqueta de forma segura para evitar da\u00f1os causados \u200b\u200bpor plagas, impactos y otros peligros. Esto garantiza su durabilidad y una entrega segura.<\/li>\n<\/ul>\n\t<div class=\"img has-hover x md-x lg-x y md-y lg-y\" id=\"image_876494194\">\n\t\t\t\t\t\t\t\t<div class=\"img-inner dark\" >\n\t\t\t<img loading=\"lazy\" decoding=\"async\" width=\"760\" height=\"1024\" src=\"https:\/\/www.telaled.com\/wp-content\/uploads\/2025\/08\/36123f2c-de60-488d-af81-255cd4aee54a-760x1024.webp\" class=\"attachment-large size-large\" alt=\"\" srcset=\"https:\/\/www.telaled.com\/wp-content\/uploads\/2025\/08\/36123f2c-de60-488d-af81-255cd4aee54a-760x1024.webp 760w, https:\/\/www.telaled.com\/wp-content\/uploads\/2025\/08\/36123f2c-de60-488d-af81-255cd4aee54a-223x300.webp 223w, https:\/\/www.telaled.com\/wp-content\/uploads\/2025\/08\/36123f2c-de60-488d-af81-255cd4aee54a-768x1035.webp 768w, https:\/\/www.telaled.com\/wp-content\/uploads\/2025\/08\/36123f2c-de60-488d-af81-255cd4aee54a-9x12.webp 9w, https:\/\/www.telaled.com\/wp-content\/uploads\/2025\/08\/36123f2c-de60-488d-af81-255cd4aee54a-600x808.webp 600w, https:\/\/www.telaled.com\/wp-content\/uploads\/2025\/08\/36123f2c-de60-488d-af81-255cd4aee54a.webp 795w\" sizes=\"auto, (max-width: 760px) 100vw, 760px\" \/>\t\t\t\t\t\t\n\t\t\t\t\t<\/div>\n\t\t\t\t\t\t\t\t\n<style>\n#image_876494194 {\n  width: 80%;\n}\n<\/style>\n\t<\/div>\n\t\n\n<table id=\"tablepress-87\" class=\"tablepress tablepress-id-87\">\n<thead>\n<tr class=\"row-1\">\n\t<th class=\"column-1\">Valor<\/th><th class=\"column-2\">TWB3.3<\/th><th class=\"column-3\">TWB4<\/th><th class=\"column-4\">TWB5<\/th>\n<\/tr>\n<\/thead>\n<tbody class=\"row-striping row-hover\">\n<tr class=\"row-2\">\n\t<td class=\"column-1\">Paso de p\u00edxeles<\/td><td class=\"column-2\">3,3 mil\u00edmetros<\/td><td class=\"column-3\">4 mil\u00edmetros<\/td><td class=\"column-4\">5 mil\u00edmetros<\/td>\n<\/tr>\n<tr class=\"row-3\">\n\t<td class=\"column-1\">Brillar<\/td><td class=\"column-2\">5000-6000 nits<\/td><td class=\"column-3\">6000 nits<\/td><td class=\"column-4\">6000 nits<\/td>\n<\/tr>\n<tr class=\"row-4\">\n\t<td class=\"column-1\">Configuraci\u00f3n de p\u00edxeles<\/td><td class=\"column-2\">SMD<\/td><td class=\"column-3\">SMD<\/td><td class=\"column-4\">SMD<\/td>\n<\/tr>\n<tr class=\"row-5\">\n\t<td class=\"column-1\">Escala de grises<\/td><td class=\"column-2\">65536<\/td><td class=\"column-3\">65536<\/td><td class=\"column-4\">65536<\/td>\n<\/tr>\n<tr class=\"row-6\">\n\t<td class=\"column-1\">Tasa de actualizaci\u00f3n<\/td><td class=\"column-2\">\u22651920 Hz<\/td><td class=\"column-3\">21920 Hz<\/td><td class=\"column-4\">21920 Hz<\/td>\n<\/tr>\n<tr class=\"row-7\">\n\t<td class=\"column-1\">Matriz de p\u00edxeles por m\u00b2<\/td><td class=\"column-2\">90.000<\/td><td class=\"column-3\">90.000<\/td><td class=\"column-4\">40.000<\/td>\n<\/tr>\n<tr class=\"row-8\">\n\t<td class=\"column-1\">\u00c1ngulo de visi\u00f3n (H\/V)<\/td><td class=\"column-2\">140\/140 grados<\/td><td class=\"column-3\">140\/140 grados<\/td><td class=\"column-4\">140\/140 grados<\/td>\n<\/tr>\n<tr class=\"row-9\">\n\t<td class=\"column-1\">Consumo de energ\u00eda (m\u00e1x.\/promedio)<\/td><td class=\"column-2\">800\/300<\/td><td class=\"column-3\">800\/300<\/td><td class=\"column-4\">800\/300<\/td>\n<\/tr>\n<tr class=\"row-10\">\n\t<td class=\"column-1\">tasa de IP<\/td><td class=\"column-2\">IP65<\/td><td class=\"column-3\">IP65<\/td><td class=\"column-4\">IP65<\/td>\n<\/tr>\n<tr class=\"row-11\">\n\t<td class=\"column-1\">Voltaje de entrada (CA)<\/td><td class=\"column-2\">100\uff5e240<\/td><td class=\"column-3\">100\uff5e240<\/td><td class=\"column-4\">100\uff5e240<\/td>\n<\/tr>\n<tr class=\"row-12\">\n\t<td class=\"column-1\">Temperatura de funcionamiento<\/td><td class=\"column-2\">20\uff5e+60\u00b0C<\/td><td class=\"column-3\">20\uff5e+60\u00b0C<\/td><td class=\"column-4\">20\uff5e+60\u00b0C<\/td>\n<\/tr>\n<\/tbody>\n<\/table>\n\n\t\t<\/div>\n\t\t\t\t\t<\/div>\n\n\t\n<\/div>\n\t\t<\/div>\n\t\t\t\t\t<\/div>\n\n\t\n<\/div>","protected":false},"excerpt":{"rendered":"<div><strong>Pantalla LED para postes Serie TWB: soluci\u00f3n inteligente y de alto brillo para publicidad callejera<\/strong><\/div>\n<div><\/div>\n<div>T\u00fa <strong><em>Pantalla LED de poste Serie TWB<\/em><\/strong> Combinan el poder de la publicidad digital con la practicidad del alumbrado p\u00fablico. Dise\u00f1ados para ciudades, plazas comerciales y... <span data-sheets-root=\"1\"><a class=\"in-cell-link\" href=\"https:\/\/www.telaled.com\/es\/telao-de-led-para-eventos\/\" target=\"_blank\" rel=\"noopener\">eventos<\/a><\/span> En entornos deportivos, estas pantallas ofrecen im\u00e1genes de alto impacto, un rendimiento confiable y un control inteligente para la visualizaci\u00f3n de publicidad e informaci\u00f3n en entornos exteriores modernos.<\/div>\n<div><\/div>\n<div><strong>Caracter\u00edsticas principales:<\/strong><\/div>\n<ul>\n<li><strong>Visibilidad n\u00edtida con cualquier luz<\/strong>Con hasta 6500 nits de brillo y ajuste autom\u00e1tico del brillo, el contenido permanece claro y visible incluso bajo la luz solar directa.<\/li>\n<li><strong>Dise\u00f1o duradero y resistente a la intemperie:<\/strong> Construido con materiales a prueba de agua, polvo y anticorrosi\u00f3n IP65, adem\u00e1s de control de temperatura inteligente, lo que garantiza un rendimiento duradero en entornos exteriores hostiles.<\/li>\n<li><strong>Opciones de control inteligentes y flexibles:<\/strong> Administre monitores de forma remota a trav\u00e9s de PC, Wi-Fi, 4G\/5G o U-disk con soporte para control sincr\u00f3nico y asincr\u00f3nico, lo que hace que las actualizaciones sean r\u00e1pidas y convenientes.<\/li>\n<\/ul>\n<div>M\u00faltiples m\u00e9todos de instalaci\u00f3n (montaje lateral, montaje trasero o montaje en pedestal) y tama\u00f1os personalizables. Obtenga soporte remoto confiable 24\/7 y disfrute de la tranquilidad de una garant\u00eda de 3 a\u00f1os. Cont\u00e1ctenos ahora para obtener un presupuesto personalizado y gratuito.<\/div>","protected":false},"featured_media":3580,"template":"","meta":[],"product_brand":[],"product_cat":[50,48,40,43],"product_tag":[],"class_list":{"0":"post-3573","1":"product","2":"type-product","3":"status-publish","4":"has-post-thumbnail","6":"product_cat-aluguel-de-painel-de-led","7":"product_cat-paineis-personalizados","8":"product_cat-painel-de-led","9":"product_cat-totem-de-led","11":"first","12":"instock","13":"shipping-taxable","14":"product-type-simple"},"yoast_head":"<!-- This site is optimized with the Yoast SEO plugin v27.5 - https:\/\/yoast.com\/product\/yoast-seo-wordpress\/ -->\n<title>Pole LED Display S\u00e9rie TWB | Tela Telas LED para Publicidade Externa para Postes de Ru | TELALED<\/title>\n<meta name=\"description\" content=\"Pole LED Display S\u00e9rie TWB para postes externos e rodovias. Brilhante, dur\u00e1vel e com baixo consumo de energia. Pe\u00e7a hoje mesmo para aumentar sua visibilidade.\" \/>\n<meta name=\"robots\" content=\"index, follow, max-snippet:-1, max-image-preview:large, max-video-preview:-1\" \/>\n<link rel=\"canonical\" href=\"https:\/\/www.telaled.com\/es\/fabrica\/pole-led-display-serie-twb\/\" \/>\n<meta property=\"og:locale\" content=\"es_ES\" \/>\n<meta property=\"og:type\" content=\"article\" \/>\n<meta property=\"og:title\" content=\"Pole LED Display S\u00e9rie TWB | Tela Telas LED para Publicidade Externa para Postes de Ru | TELALED\" \/>\n<meta property=\"og:description\" content=\"Pole LED Display S\u00e9rie TWB para postes externos e rodovias. Brilhante, dur\u00e1vel e com baixo consumo de energia. Pe\u00e7a hoje mesmo para aumentar sua visibilidade.\" \/>\n<meta property=\"og:url\" content=\"https:\/\/www.telaled.com\/es\/fabrica\/pole-led-display-serie-twb\/\" \/>\n<meta property=\"og:site_name\" content=\"TELALED\" \/>\n<meta property=\"article:modified_time\" content=\"2026-01-06T07:04:23+00:00\" \/>\n<meta property=\"og:image\" content=\"https:\/\/www.telaled.com\/wp-content\/uploads\/2025\/09\/Pole-LED-Display.jpg\" \/>\n\t<meta property=\"og:image:width\" content=\"500\" \/>\n\t<meta property=\"og:image:height\" content=\"500\" \/>\n\t<meta property=\"og:image:type\" content=\"image\/jpeg\" \/>\n<meta name=\"twitter:card\" content=\"summary_large_image\" \/>\n<meta name=\"twitter:label1\" content=\"Tiempo de lectura\" \/>\n\t<meta name=\"twitter:data1\" content=\"3 minutos\" \/>\n<script type=\"application\/ld+json\" class=\"yoast-schema-graph\">{\"@context\":\"https:\\\/\\\/schema.org\",\"@graph\":[{\"@type\":\"WebPage\",\"@id\":\"https:\\\/\\\/www.telaled.com\\\/fabrica\\\/pole-led-display-serie-twb\\\/\",\"url\":\"https:\\\/\\\/www.telaled.com\\\/fabrica\\\/pole-led-display-serie-twb\\\/\",\"name\":\"Pole LED Display S\u00e9rie TWB | Tela Telas LED para Publicidade Externa para Postes de Ru | TELALED\",\"isPartOf\":{\"@id\":\"https:\\\/\\\/www.telaled.com\\\/#website\"},\"primaryImageOfPage\":{\"@id\":\"https:\\\/\\\/www.telaled.com\\\/fabrica\\\/pole-led-display-serie-twb\\\/#primaryimage\"},\"image\":{\"@id\":\"https:\\\/\\\/www.telaled.com\\\/fabrica\\\/pole-led-display-serie-twb\\\/#primaryimage\"},\"thumbnailUrl\":\"https:\\\/\\\/www.telaled.com\\\/wp-content\\\/uploads\\\/2025\\\/09\\\/Pole-LED-Display.jpg\",\"datePublished\":\"2025-09-26T00:20:54+00:00\",\"dateModified\":\"2026-01-06T07:04:23+00:00\",\"description\":\"Pole LED Display S\u00e9rie TWB para postes externos e rodovias. Brilhante, dur\u00e1vel e com baixo consumo de energia. Pe\u00e7a hoje mesmo para aumentar sua visibilidade.\",\"breadcrumb\":{\"@id\":\"https:\\\/\\\/www.telaled.com\\\/fabrica\\\/pole-led-display-serie-twb\\\/#breadcrumb\"},\"inLanguage\":\"es\",\"potentialAction\":[{\"@type\":\"ReadAction\",\"target\":[\"https:\\\/\\\/www.telaled.com\\\/fabrica\\\/pole-led-display-serie-twb\\\/\"]}]},{\"@type\":\"ImageObject\",\"inLanguage\":\"es\",\"@id\":\"https:\\\/\\\/www.telaled.com\\\/fabrica\\\/pole-led-display-serie-twb\\\/#primaryimage\",\"url\":\"https:\\\/\\\/www.telaled.com\\\/wp-content\\\/uploads\\\/2025\\\/09\\\/Pole-LED-Display.jpg\",\"contentUrl\":\"https:\\\/\\\/www.telaled.com\\\/wp-content\\\/uploads\\\/2025\\\/09\\\/Pole-LED-Display.jpg\",\"width\":500,\"height\":500,\"caption\":\"Pole-LED-Display\"},{\"@type\":\"BreadcrumbList\",\"@id\":\"https:\\\/\\\/www.telaled.com\\\/fabrica\\\/pole-led-display-serie-twb\\\/#breadcrumb\",\"itemListElement\":[{\"@type\":\"ListItem\",\"position\":1,\"name\":\"Home\",\"item\":\"https:\\\/\\\/www.telaled.com\\\/\"},{\"@type\":\"ListItem\",\"position\":2,\"name\":\"Produtos\",\"item\":\"https:\\\/\\\/www.telaled.com\\\/shop\\\/\"},{\"@type\":\"ListItem\",\"position\":3,\"name\":\"Pole LED Display S\u00e9rie TWB\"}]},{\"@type\":\"WebSite\",\"@id\":\"https:\\\/\\\/www.telaled.com\\\/#website\",\"url\":\"https:\\\/\\\/www.telaled.com\\\/\",\"name\":\"TELALED\",\"description\":\"\",\"potentialAction\":[{\"@type\":\"SearchAction\",\"target\":{\"@type\":\"EntryPoint\",\"urlTemplate\":\"https:\\\/\\\/www.telaled.com\\\/?s={search_term_string}\"},\"query-input\":{\"@type\":\"PropertyValueSpecification\",\"valueRequired\":true,\"valueName\":\"search_term_string\"}}],\"inLanguage\":\"es\"}]}<\/script>\n<!-- \/ Yoast SEO plugin. -->","yoast_head_json":{"title":"Pantalla LED para postes Serie TWB | Pantallas LED para publicidad exterior para postes de calle | TELADE","description":"Pantalla LED para postes de la serie TWB para exteriores y carreteras. Brillante, duradera y de bajo consumo. \u00a1P\u00eddala hoy mismo para aumentar su visibilidad!","robots":{"index":"index","follow":"follow","max-snippet":"max-snippet:-1","max-image-preview":"max-image-preview:large","max-video-preview":"max-video-preview:-1"},"canonical":"https:\/\/www.telaled.com\/es\/fabrica\/pole-led-display-serie-twb\/","og_locale":"es_ES","og_type":"article","og_title":"Pole LED Display S\u00e9rie TWB | Tela Telas LED para Publicidade Externa para Postes de Ru | TELALED","og_description":"Pole LED Display S\u00e9rie TWB para postes externos e rodovias. Brilhante, dur\u00e1vel e com baixo consumo de energia. Pe\u00e7a hoje mesmo para aumentar sua visibilidade.","og_url":"https:\/\/www.telaled.com\/es\/fabrica\/pole-led-display-serie-twb\/","og_site_name":"TELALED","article_modified_time":"2026-01-06T07:04:23+00:00","og_image":[{"width":500,"height":500,"url":"https:\/\/www.telaled.com\/wp-content\/uploads\/2025\/09\/Pole-LED-Display.jpg","type":"image\/jpeg"}],"twitter_card":"summary_large_image","twitter_misc":{"Tiempo de lectura":"3 minutos"},"schema":{"@context":"https:\/\/schema.org","@graph":[{"@type":"WebPage","@id":"https:\/\/www.telaled.com\/fabrica\/pole-led-display-serie-twb\/","url":"https:\/\/www.telaled.com\/fabrica\/pole-led-display-serie-twb\/","name":"Pantalla LED para postes Serie TWB | Pantallas LED para publicidad exterior para postes de calle | TELADE","isPartOf":{"@id":"https:\/\/www.telaled.com\/#website"},"primaryImageOfPage":{"@id":"https:\/\/www.telaled.com\/fabrica\/pole-led-display-serie-twb\/#primaryimage"},"image":{"@id":"https:\/\/www.telaled.com\/fabrica\/pole-led-display-serie-twb\/#primaryimage"},"thumbnailUrl":"https:\/\/www.telaled.com\/wp-content\/uploads\/2025\/09\/Pole-LED-Display.jpg","datePublished":"2025-09-26T00:20:54+00:00","dateModified":"2026-01-06T07:04:23+00:00","description":"Pantalla LED para postes de la serie TWB para exteriores y carreteras. Brillante, duradera y de bajo consumo. \u00a1P\u00eddala hoy mismo para aumentar su visibilidad!","breadcrumb":{"@id":"https:\/\/www.telaled.com\/fabrica\/pole-led-display-serie-twb\/#breadcrumb"},"inLanguage":"es","potentialAction":[{"@type":"ReadAction","target":["https:\/\/www.telaled.com\/fabrica\/pole-led-display-serie-twb\/"]}]},{"@type":"ImageObject","inLanguage":"es","@id":"https:\/\/www.telaled.com\/fabrica\/pole-led-display-serie-twb\/#primaryimage","url":"https:\/\/www.telaled.com\/wp-content\/uploads\/2025\/09\/Pole-LED-Display.jpg","contentUrl":"https:\/\/www.telaled.com\/wp-content\/uploads\/2025\/09\/Pole-LED-Display.jpg","width":500,"height":500,"caption":"Pole-LED-Display"},{"@type":"BreadcrumbList","@id":"https:\/\/www.telaled.com\/fabrica\/pole-led-display-serie-twb\/#breadcrumb","itemListElement":[{"@type":"ListItem","position":1,"name":"Home","item":"https:\/\/www.telaled.com\/"},{"@type":"ListItem","position":2,"name":"Produtos","item":"https:\/\/www.telaled.com\/shop\/"},{"@type":"ListItem","position":3,"name":"Pole LED Display S\u00e9rie TWB"}]},{"@type":"WebSite","@id":"https:\/\/www.telaled.com\/#website","url":"https:\/\/www.telaled.com\/","name":"Pantalla LED","description":"","potentialAction":[{"@type":"SearchAction","target":{"@type":"EntryPoint","urlTemplate":"https:\/\/www.telaled.com\/?s={search_term_string}"},"query-input":{"@type":"PropertyValueSpecification","valueRequired":true,"valueName":"search_term_string"}}],"inLanguage":"es"}]}},"_links":{"self":[{"href":"https:\/\/www.telaled.com\/es\/wp-json\/wp\/v2\/product\/3573","targetHints":{"allow":["GET"]}}],"collection":[{"href":"https:\/\/www.telaled.com\/es\/wp-json\/wp\/v2\/product"}],"about":[{"href":"https:\/\/www.telaled.com\/es\/wp-json\/wp\/v2\/types\/product"}],"wp:featuredmedia":[{"embeddable":true,"href":"https:\/\/www.telaled.com\/es\/wp-json\/wp\/v2\/media\/3580"}],"wp:attachment":[{"href":"https:\/\/www.telaled.com\/es\/wp-json\/wp\/v2\/media?parent=3573"}],"wp:term":[{"taxonomy":"product_brand","embeddable":true,"href":"https:\/\/www.telaled.com\/es\/wp-json\/wp\/v2\/product_brand?post=3573"},{"taxonomy":"product_cat","embeddable":true,"href":"https:\/\/www.telaled.com\/es\/wp-json\/wp\/v2\/product_cat?post=3573"},{"taxonomy":"product_tag","embeddable":true,"href":"https:\/\/www.telaled.com\/es\/wp-json\/wp\/v2\/product_tag?post=3573"}],"curies":[{"name":"gracias","href":"https:\/\/api.w.org\/{rel}","templated":true}]}}