{"id":3315,"date":"2025-09-15T06:11:40","date_gmt":"2025-09-15T06:11:40","guid":{"rendered":"https:\/\/www.telaled.com\/?post_type=product&#038;p=3315"},"modified":"2026-01-06T01:49:24","modified_gmt":"2026-01-06T01:49:24","slug":"cola-can-led-display-serie-tcj","status":"publish","type":"product","link":"https:\/\/www.telaled.com\/es\/fabrica\/cola-can-led-display-serie-tcj\/","title":{"rendered":"Pantalla LED con lata de pegamento, serie TCJ"},"content":{"rendered":"<div class=\"row\"  id=\"row-1603531705\">\n\n\t<div id=\"col-484139463\" class=\"col small-12 large-12\"  >\n\t\t\t\t<div class=\"col-inner\"  >\n\t\t\t\n\t\t\t\n<h2>Ventajas \u00fanicas de la pantalla LED para latas de cola de la serie TCJ<\/h2>\n<h3><strong>Durabilidad superior<\/strong><\/h3>\n<ul>\n<li>Construido con estructura de gabinete de alta precisi\u00f3n.<\/li>\n<li>Proporciona excelente resistencia y estabilidad.<\/li>\n<li>Dise\u00f1ado con disipaci\u00f3n de calor efectiva para una confiabilidad a largo plazo.<\/li>\n<\/ul>\n<h3><strong>Calidad visual excepcional<\/strong><\/h3>\n<ul>\n<li>Densidad de 112 x 560 p\u00edxeles para im\u00e1genes n\u00edtidas.<\/li>\n<li>Pantalla grande (713 mm de di\u00e1metro x 1270 mm de altura).<\/li>\n<li>Proporciona una presentaci\u00f3n de producci\u00f3n v\u00edvida, clara y realista.<\/li>\n<\/ul>\n<h3><strong>Adaptabilidad completa<\/strong><\/h3>\n<ul>\n<li>Dise\u00f1o creativo en forma de lata para una identidad visual \u00fanica.<\/li>\n<li>Uso flexible en promociones de restaurantes, bebidas y vinos.<\/li>\n<li>Se adapta f\u00e1cilmente a diferentes entornos y aplicaciones.<\/li>\n<\/ul>\n<h3><strong>Soporte integral<\/strong><\/h3>\n<ul>\n<li>Soporte t\u00e9cnico remoto 24 horas al d\u00eda, 7 d\u00edas a la semana: acceda a asistencia experta en cualquier momento y en cualquier lugar.<\/li>\n<li>5% de repuestos incluidos: Cada pedido incluye componentes adicionales para aumentar la confiabilidad y brindar tranquilidad.<\/li>\n<li>Garant\u00eda extendida de 3 a\u00f1os: disfrute de una convergencia a largo plazo para un mejor rendimiento y un servicio confiable.<\/li>\n<\/ul>\n<h2>Detalles del producto<\/h2>\n<div class=\"row\"  id=\"row-1468381478\">\n\n\t<div id=\"col-408537661\" class=\"col medium-10 small-12 large-10\"  >\n\t\t\t\t<div class=\"col-inner text-left\"  >\n\t\t\t\n\t\t\t\n<ul>\n<li>Nuestra pantalla LED para latas de cola serie TCJ llama la atenci\u00f3n con su audaz dise\u00f1o cil\u00edndrico. A diferencia de las pantallas planas, es f\u00e1cilmente reconocible e inconfundible, lo que hace que su mensaje destaque. <a href=\"https:\/\/www.telaled.com\/es\/telao-de-led-para-eventos\/\">eventos<\/a>, tiendas y recintos deportivos.<\/li>\n<\/ul>\n\t<div class=\"img has-hover x md-x lg-x y md-y lg-y\" id=\"image_1087415366\">\n\t\t\t\t\t\t\t\t<div class=\"img-inner dark\" >\n\t\t\t<img loading=\"lazy\" decoding=\"async\" width=\"640\" height=\"430\" src=\"https:\/\/www.telaled.com\/wp-content\/uploads\/2025\/09\/Aparencia-unica-e-criativa.webp\" class=\"attachment-original size-original\" alt=\"Apariencia \u00fanica y creativa.\" srcset=\"https:\/\/www.telaled.com\/wp-content\/uploads\/2025\/09\/Aparencia-unica-e-criativa.webp 640w, https:\/\/www.telaled.com\/wp-content\/uploads\/2025\/09\/Aparencia-unica-e-criativa-300x202.webp 300w, https:\/\/www.telaled.com\/wp-content\/uploads\/2025\/09\/Aparencia-unica-e-criativa-18x12.webp 18w, https:\/\/www.telaled.com\/wp-content\/uploads\/2025\/09\/Aparencia-unica-e-criativa-600x403.webp 600w\" sizes=\"auto, (max-width: 640px) 100vw, 640px\" \/>\t\t\t\t\t\t\n\t\t\t\t\t<\/div>\n\t\t\t\t\t\t\t\t\n<style>\n#image_1087415366 {\n  width: 95%;\n}\n<\/style>\n\t<\/div>\n\t\n<ul>\n<li>La pantalla LED con lata de pegamento de la serie TCJ est\u00e1 dise\u00f1ada para ofrecer flexibilidad. Su dise\u00f1o modular permite empalmes y moldeos para adaptarse a cualquier espacio o entorno. La instalaci\u00f3n y el mantenimiento son r\u00e1pidos, con cambios r\u00e1pidos de m\u00f3dulo, lo que reduce costos y tiempos de inactividad. Esta adaptabilidad la convierte en una opci\u00f3n inteligente para diversas aplicaciones.<\/li>\n<\/ul>\n\t\t<\/div>\n\t\t\t\t\t<\/div>\n\n\t\n\n\t<div id=\"col-1682089970\" class=\"col medium-10 small-12 large-10\"  >\n\t\t\t\t<div class=\"col-inner text-left\"  >\n\t\t\t\n\t\t\t\n\t<div class=\"img has-hover x md-x lg-x y md-y lg-y\" id=\"image_248500249\">\n\t\t\t\t\t\t\t\t<div class=\"img-inner dark\" >\n\t\t\t<img loading=\"lazy\" decoding=\"async\" width=\"640\" height=\"430\" src=\"https:\/\/www.telaled.com\/wp-content\/uploads\/2025\/09\/Flexibilidade-personalizada-e-instalacao-simples.webp\" class=\"attachment-large size-large\" alt=\"\" srcset=\"https:\/\/www.telaled.com\/wp-content\/uploads\/2025\/09\/Flexibilidade-personalizada-e-instalacao-simples.webp 640w, https:\/\/www.telaled.com\/wp-content\/uploads\/2025\/09\/Flexibilidade-personalizada-e-instalacao-simples-300x202.webp 300w, https:\/\/www.telaled.com\/wp-content\/uploads\/2025\/09\/Flexibilidade-personalizada-e-instalacao-simples-18x12.webp 18w, https:\/\/www.telaled.com\/wp-content\/uploads\/2025\/09\/Flexibilidade-personalizada-e-instalacao-simples-600x403.webp 600w\" sizes=\"auto, (max-width: 640px) 100vw, 640px\" \/>\t\t\t\t\t\t\n\t\t\t\t\t<\/div>\n\t\t\t\t\t\t\t\t\n<style>\n#image_248500249 {\n  width: 95%;\n}\n<\/style>\n\t<\/div>\n\t\n<ul>\n<li>La pantalla LED para latas de cola de la serie TCJ ofrece estabilidad y fiabilidad gracias a su avanzada tecnolog\u00eda de accionamiento y m\u00f3dulos LED de alta calidad. Funciona a la perfecci\u00f3n en condiciones de uso intensivo y adversas, mientras que su alta eficiencia fotoel\u00e9ctrica mantiene la... <a href=\"https:\/\/www.telaled.com\/es\/entendendo-o-consumo-de-energia-painel-de-led-quao-eficientes-sao-os-displays-de-led-modernos\/\">consumo de energ\u00eda<\/a> El resultado es una actualizaci\u00f3n duradera y rentable en comparaci\u00f3n con las pantallas tradicionales.<\/li>\n<\/ul>\n\t<div class=\"img has-hover x md-x lg-x y md-y lg-y\" id=\"image_2091634113\">\n\t\t\t\t\t\t\t\t<div class=\"img-inner dark\" >\n\t\t\t<img loading=\"lazy\" decoding=\"async\" width=\"640\" height=\"430\" src=\"https:\/\/www.telaled.com\/wp-content\/uploads\/2025\/09\/Confiavel-e-com-baixo-consumo-de-energia.webp\" class=\"attachment-large size-large\" alt=\"\" srcset=\"https:\/\/www.telaled.com\/wp-content\/uploads\/2025\/09\/Confiavel-e-com-baixo-consumo-de-energia.webp 640w, https:\/\/www.telaled.com\/wp-content\/uploads\/2025\/09\/Confiavel-e-com-baixo-consumo-de-energia-300x202.webp 300w, https:\/\/www.telaled.com\/wp-content\/uploads\/2025\/09\/Confiavel-e-com-baixo-consumo-de-energia-18x12.webp 18w, https:\/\/www.telaled.com\/wp-content\/uploads\/2025\/09\/Confiavel-e-com-baixo-consumo-de-energia-600x403.webp 600w\" sizes=\"auto, (max-width: 640px) 100vw, 640px\" \/>\t\t\t\t\t\t\n\t\t\t\t\t<\/div>\n\t\t\t\t\t\t\t\t\n<style>\n#image_2091634113 {\n  width: 95%;\n}\n<\/style>\n\t<\/div>\n\t\n\t\t<\/div>\n\t\t\t\t\t<\/div>\n\n\t\n\n\t<div id=\"col-840174174\" class=\"col medium-10 small-12 large-10\"  >\n\t\t\t\t<div class=\"col-inner text-left\"  >\n\t\t\t\n\t\t\t\n<ul>\n<li>Nuestras pantallas LED con lata de pegamento de la serie TCJ se embalan en cajas de madera reforzadas para protegerlas durante el env\u00edo. Cada unidad se empaqueta de forma segura para evitar da\u00f1os causados \u200b\u200bpor plagas, impactos y otros peligros. Esto garantiza su durabilidad y una entrega segura.<\/li>\n<\/ul>\n\t<div class=\"img has-hover x md-x lg-x y md-y lg-y\" id=\"image_722383475\">\n\t\t\t\t\t\t\t\t<div class=\"img-inner dark\" >\n\t\t\t<img loading=\"lazy\" decoding=\"async\" width=\"760\" height=\"1024\" src=\"https:\/\/www.telaled.com\/wp-content\/uploads\/2025\/08\/36123f2c-de60-488d-af81-255cd4aee54a-760x1024.webp\" class=\"attachment-large size-large\" alt=\"\" srcset=\"https:\/\/www.telaled.com\/wp-content\/uploads\/2025\/08\/36123f2c-de60-488d-af81-255cd4aee54a-760x1024.webp 760w, https:\/\/www.telaled.com\/wp-content\/uploads\/2025\/08\/36123f2c-de60-488d-af81-255cd4aee54a-223x300.webp 223w, https:\/\/www.telaled.com\/wp-content\/uploads\/2025\/08\/36123f2c-de60-488d-af81-255cd4aee54a-768x1035.webp 768w, https:\/\/www.telaled.com\/wp-content\/uploads\/2025\/08\/36123f2c-de60-488d-af81-255cd4aee54a-9x12.webp 9w, https:\/\/www.telaled.com\/wp-content\/uploads\/2025\/08\/36123f2c-de60-488d-af81-255cd4aee54a-600x808.webp 600w, https:\/\/www.telaled.com\/wp-content\/uploads\/2025\/08\/36123f2c-de60-488d-af81-255cd4aee54a.webp 795w\" sizes=\"auto, (max-width: 760px) 100vw, 760px\" \/>\t\t\t\t\t\t\n\t\t\t\t\t<\/div>\n\t\t\t\t\t\t\t\t\n<style>\n#image_722383475 {\n  width: 95%;\n}\n<\/style>\n\t<\/div>\n\t\n\n<table id=\"tablepress-77\" class=\"tablepress tablepress-id-77\">\n<thead>\n<tr class=\"row-1\">\n\t<th class=\"column-1\">Especificaciones y modo<\/th><th class=\"column-2\">TCI-P2LED<\/th>\n<\/tr>\n<\/thead>\n<tbody class=\"row-striping row-hover\">\n<tr class=\"row-2\">\n\t<td class=\"column-1\">P\u00edxel<\/td><td class=\"column-2\">1120 puntos x 560 puntos<\/td>\n<\/tr>\n<tr class=\"row-3\">\n\t<td class=\"column-1\">Actualizar<\/td><td class=\"column-2\">3840 Hz<\/td>\n<\/tr>\n<tr class=\"row-4\">\n\t<td class=\"column-1\">Tama\u00f1o<\/td><td class=\"column-2\">Di\u00e1metro 713 mm x altura 1270 mm<\/td>\n<\/tr>\n<tr class=\"row-5\">\n\t<td class=\"column-1\">Sistema de control: <\/td><td class=\"column-2\">Caja de reproducci\u00f3n MB2<\/td>\n<\/tr>\n<tr class=\"row-6\">\n\t<td class=\"column-1\"><\/td><td class=\"column-2\">Procesador: CPU de cuatro n\u00facleos + GPU<\/td>\n<\/tr>\n<tr class=\"row-7\">\n\t<td class=\"column-1\"><\/td><td class=\"column-2\">Memoria: 1 GB DDR3 de alta velocidad<\/td>\n<\/tr>\n<tr class=\"row-8\">\n\t<td class=\"column-1\"><\/td><td class=\"column-2\">Almacenamiento flash: EMMC de alta velocidad de 8 GB<\/td>\n<\/tr>\n<tr class=\"row-9\">\n\t<td class=\"column-1\"><\/td><td class=\"column-2\">Resoluci\u00f3n de almacenamiento: Admite decodificaci\u00f3n y reproducci\u00f3n de 1080 PHD<\/td>\n<\/tr>\n<tr class=\"row-10\">\n\t<td class=\"column-1\">Comunicaci\u00f3n de red: Partici\u00f3n de programa de red LAN\/WiFi\/4G. Compatible con cualquier partici\u00f3n de programa y capa de Windows. Formatos de v\u00eddeo: MPG, MOV, MP4, MKV y otros formatos de v\u00eddeo comunes. Audio: MPEG-1 Layer III, AAC y otros formatos de imagen, compatible con JPG, PNG, GIF, etc.<\/td><td class=\"column-2\"><\/td>\n<\/tr>\n<tr class=\"row-11\">\n\t<td class=\"column-1\">Modo de alimentaci\u00f3n: <\/td><td class=\"column-2\">110-220 V<\/td>\n<\/tr>\n<tr class=\"row-12\">\n\t<td class=\"column-1\">Potencia m\u00e1xima: <\/td><td class=\"column-2\">1200 vatios<\/td>\n<\/tr>\n<tr class=\"row-13\">\n\t<td class=\"column-1\">Potencia media: <\/td><td class=\"column-2\">600 vatios<\/td>\n<\/tr>\n<tr class=\"row-14\">\n\t<td class=\"column-1\">Peso neto: <\/td><td class=\"column-2\">75 kg\/pieza<\/td>\n<\/tr>\n<tr class=\"row-15\">\n\t<td class=\"column-1\">Peso bruto Peso<\/td><td class=\"column-2\">120 kg\/pieza<\/td>\n<\/tr>\n<tr class=\"row-16\">\n\t<td class=\"column-1\">Dimensiones del embalaje de caja de madera<\/td><td class=\"column-2\">820 mm x 820 mm x 1500 mm<\/td>\n<\/tr>\n<\/tbody>\n<\/table>\n\n\t\t<\/div>\n\t\t\t\t\t<\/div>\n\n\t\n<\/div>\n\t\t<\/div>\n\t\t\t\t\t<\/div>\n\n\t\n<\/div>","protected":false},"excerpt":{"rendered":"<p><strong>Pantalla LED con lata de pegamento Serie TCJ: moldeo de pantalla LED cil\u00edndrica<\/strong><\/p>\n<p>Dise\u00f1ado para producir su producto en un formato de lata realista, lo que lo convierte en una soluci\u00f3n atractiva para restaurantes, <a href=\"https:\/\/www.telaled.com\/es\/painel-de-led-para-loja\/\">v\u00edveres<\/a> de bebidas, marcas y <a href=\"https:\/\/www.telaled.com\/es\/painel-de-led-para-eventos\/\">eventos<\/a> Expositores promocionales. Con 713 mm de di\u00e1metro y 1270 mm de altura, este expositor combina creatividad, flexibilidad y alta resoluci\u00f3n.<\/p>\n<p><strong>Caracter\u00edsticas principales:<\/strong><\/p>\n<ul>\n<li><strong>Dise\u00f1o realista en forma de lata:<\/strong> Replica con precisi\u00f3n el producto para un fuerte impacto de marca.<\/li>\n<li><strong>Pantalla de alta resoluci\u00f3n:<\/strong> EL <a href=\"https:\/\/www.telaled.com\/es\/densidade-de-pixels-em-telas-de-led-e-lcd\/\">densidad de p\u00edxeles<\/a> La resoluci\u00f3n de 1120 x 560 garantiza im\u00e1genes n\u00edtidas y v\u00edvidas.<\/li>\n<li><strong>Uso creativo y flexible:<\/strong> Se adapta a una amplia variedad de aplicaciones, desde restaurantes hasta promociones de bebidas.<\/li>\n<li><strong>Dimensiones que llaman la atenci\u00f3n:<\/strong> El gran formato (713 mm de di\u00e1metro x 1270 mm de altura) atrae la atenci\u00f3n de los clientes.<\/li>\n<\/ul>\n<p>Nuestro equipo ofrece soporte remoto 24\/7 y una garant\u00eda de 3 a\u00f1os. Cont\u00e1ctenos hoy mismo para obtener un presupuesto personalizado.<\/p>","protected":false},"featured_media":3316,"template":"","meta":[],"product_brand":[],"product_cat":[48,40,46],"product_tag":[],"class_list":{"0":"post-3315","1":"product","2":"type-product","3":"status-publish","4":"has-post-thumbnail","6":"product_cat-paineis-personalizados","7":"product_cat-painel-de-led","8":"product_cat-painel-de-video","10":"first","11":"instock","12":"shipping-taxable","13":"product-type-simple"},"yoast_head":"<!-- This site is optimized with the Yoast SEO plugin v27.5 - https:\/\/yoast.com\/product\/yoast-seo-wordpress\/ -->\n<title>Cola Can LED Display S\u00e9rie TCJ | Tela LED Criativa em Formato de Lata 3D TELALED<\/title>\n<meta name=\"description\" content=\"Cola Can LED Display S\u00e9rie TCJ - A tela de LED 3D em formato de lata proporciona visuais v\u00edvidos, ideal para restaurantes, marcas de bebidas e promo\u00e7\u00f5es de varejo. Tamanhos personalizados e instala\u00e7\u00e3o flex\u00edvel dispon\u00edveis.\" \/>\n<meta name=\"robots\" content=\"index, follow, max-snippet:-1, max-image-preview:large, max-video-preview:-1\" \/>\n<link rel=\"canonical\" href=\"https:\/\/www.telaled.com\/es\/fabrica\/cola-can-led-display-serie-tcj\/\" \/>\n<meta property=\"og:locale\" content=\"es_ES\" \/>\n<meta property=\"og:type\" content=\"article\" \/>\n<meta property=\"og:title\" content=\"Cola Can LED Display S\u00e9rie TCJ | Tela LED Criativa em Formato de Lata 3D TELALED\" \/>\n<meta property=\"og:description\" content=\"Cola Can LED Display S\u00e9rie TCJ - A tela de LED 3D em formato de lata proporciona visuais v\u00edvidos, ideal para restaurantes, marcas de bebidas e promo\u00e7\u00f5es de varejo. Tamanhos personalizados e instala\u00e7\u00e3o flex\u00edvel dispon\u00edveis.\" \/>\n<meta property=\"og:url\" content=\"https:\/\/www.telaled.com\/es\/fabrica\/cola-can-led-display-serie-tcj\/\" \/>\n<meta property=\"og:site_name\" content=\"TELALED\" \/>\n<meta property=\"article:modified_time\" content=\"2026-01-06T01:49:24+00:00\" \/>\n<meta property=\"og:image\" content=\"https:\/\/www.telaled.com\/wp-content\/uploads\/2025\/09\/Cola-Can-LED-Display-1.webp\" \/>\n\t<meta property=\"og:image:width\" content=\"500\" \/>\n\t<meta property=\"og:image:height\" content=\"500\" \/>\n\t<meta property=\"og:image:type\" content=\"image\/webp\" \/>\n<meta name=\"twitter:card\" content=\"summary_large_image\" \/>\n<meta name=\"twitter:label1\" content=\"Tiempo de lectura\" \/>\n\t<meta name=\"twitter:data1\" content=\"3 minutos\" \/>\n<script type=\"application\/ld+json\" class=\"yoast-schema-graph\">{\"@context\":\"https:\\\/\\\/schema.org\",\"@graph\":[{\"@type\":\"WebPage\",\"@id\":\"https:\\\/\\\/www.telaled.com\\\/fabrica\\\/cola-can-led-display-serie-tcj\\\/\",\"url\":\"https:\\\/\\\/www.telaled.com\\\/fabrica\\\/cola-can-led-display-serie-tcj\\\/\",\"name\":\"Cola Can LED Display S\u00e9rie TCJ | Tela LED Criativa em Formato de Lata 3D TELALED\",\"isPartOf\":{\"@id\":\"https:\\\/\\\/www.telaled.com\\\/#website\"},\"primaryImageOfPage\":{\"@id\":\"https:\\\/\\\/www.telaled.com\\\/fabrica\\\/cola-can-led-display-serie-tcj\\\/#primaryimage\"},\"image\":{\"@id\":\"https:\\\/\\\/www.telaled.com\\\/fabrica\\\/cola-can-led-display-serie-tcj\\\/#primaryimage\"},\"thumbnailUrl\":\"https:\\\/\\\/www.telaled.com\\\/wp-content\\\/uploads\\\/2025\\\/09\\\/Cola-Can-LED-Display-1.webp\",\"datePublished\":\"2025-09-15T06:11:40+00:00\",\"dateModified\":\"2026-01-06T01:49:24+00:00\",\"description\":\"Cola Can LED Display S\u00e9rie TCJ - A tela de LED 3D em formato de lata proporciona visuais v\u00edvidos, ideal para restaurantes, marcas de bebidas e promo\u00e7\u00f5es de varejo. Tamanhos personalizados e instala\u00e7\u00e3o flex\u00edvel dispon\u00edveis.\",\"breadcrumb\":{\"@id\":\"https:\\\/\\\/www.telaled.com\\\/fabrica\\\/cola-can-led-display-serie-tcj\\\/#breadcrumb\"},\"inLanguage\":\"es\",\"potentialAction\":[{\"@type\":\"ReadAction\",\"target\":[\"https:\\\/\\\/www.telaled.com\\\/fabrica\\\/cola-can-led-display-serie-tcj\\\/\"]}]},{\"@type\":\"ImageObject\",\"inLanguage\":\"es\",\"@id\":\"https:\\\/\\\/www.telaled.com\\\/fabrica\\\/cola-can-led-display-serie-tcj\\\/#primaryimage\",\"url\":\"https:\\\/\\\/www.telaled.com\\\/wp-content\\\/uploads\\\/2025\\\/09\\\/Cola-Can-LED-Display-1.webp\",\"contentUrl\":\"https:\\\/\\\/www.telaled.com\\\/wp-content\\\/uploads\\\/2025\\\/09\\\/Cola-Can-LED-Display-1.webp\",\"width\":500,\"height\":500,\"caption\":\"Cola-Can-LED-Display (1)\"},{\"@type\":\"BreadcrumbList\",\"@id\":\"https:\\\/\\\/www.telaled.com\\\/fabrica\\\/cola-can-led-display-serie-tcj\\\/#breadcrumb\",\"itemListElement\":[{\"@type\":\"ListItem\",\"position\":1,\"name\":\"Home\",\"item\":\"https:\\\/\\\/www.telaled.com\\\/\"},{\"@type\":\"ListItem\",\"position\":2,\"name\":\"Produtos\",\"item\":\"https:\\\/\\\/www.telaled.com\\\/shop\\\/\"},{\"@type\":\"ListItem\",\"position\":3,\"name\":\"Cola Can LED Display S\u00e9rie TCJ\"}]},{\"@type\":\"WebSite\",\"@id\":\"https:\\\/\\\/www.telaled.com\\\/#website\",\"url\":\"https:\\\/\\\/www.telaled.com\\\/\",\"name\":\"TELALED\",\"description\":\"\",\"potentialAction\":[{\"@type\":\"SearchAction\",\"target\":{\"@type\":\"EntryPoint\",\"urlTemplate\":\"https:\\\/\\\/www.telaled.com\\\/?s={search_term_string}\"},\"query-input\":{\"@type\":\"PropertyValueSpecification\",\"valueRequired\":true,\"valueName\":\"search_term_string\"}}],\"inLanguage\":\"es\"}]}<\/script>\n<!-- \/ Yoast SEO plugin. -->","yoast_head_json":{"title":"Pantalla LED para latas de cola Serie TCJ | Pantalla LED 3D creativa con forma de lata TELALED","description":"Pantalla LED para latas de cola Serie TCJ: La pantalla LED 3D con forma de lata ofrece im\u00e1genes v\u00edvidas, ideal para restaurantes, marcas de bebidas y promociones minoristas. Disponible en tama\u00f1os personalizados y opciones de instalaci\u00f3n flexibles.","robots":{"index":"index","follow":"follow","max-snippet":"max-snippet:-1","max-image-preview":"max-image-preview:large","max-video-preview":"max-video-preview:-1"},"canonical":"https:\/\/www.telaled.com\/es\/fabrica\/cola-can-led-display-serie-tcj\/","og_locale":"es_ES","og_type":"article","og_title":"Cola Can LED Display S\u00e9rie TCJ | Tela LED Criativa em Formato de Lata 3D TELALED","og_description":"Cola Can LED Display S\u00e9rie TCJ - A tela de LED 3D em formato de lata proporciona visuais v\u00edvidos, ideal para restaurantes, marcas de bebidas e promo\u00e7\u00f5es de varejo. Tamanhos personalizados e instala\u00e7\u00e3o flex\u00edvel dispon\u00edveis.","og_url":"https:\/\/www.telaled.com\/es\/fabrica\/cola-can-led-display-serie-tcj\/","og_site_name":"TELALED","article_modified_time":"2026-01-06T01:49:24+00:00","og_image":[{"width":500,"height":500,"url":"https:\/\/www.telaled.com\/wp-content\/uploads\/2025\/09\/Cola-Can-LED-Display-1.webp","type":"image\/webp"}],"twitter_card":"summary_large_image","twitter_misc":{"Tiempo de lectura":"3 minutos"},"schema":{"@context":"https:\/\/schema.org","@graph":[{"@type":"WebPage","@id":"https:\/\/www.telaled.com\/fabrica\/cola-can-led-display-serie-tcj\/","url":"https:\/\/www.telaled.com\/fabrica\/cola-can-led-display-serie-tcj\/","name":"Pantalla LED para latas de cola Serie TCJ | Pantalla LED 3D creativa con forma de lata TELALED","isPartOf":{"@id":"https:\/\/www.telaled.com\/#website"},"primaryImageOfPage":{"@id":"https:\/\/www.telaled.com\/fabrica\/cola-can-led-display-serie-tcj\/#primaryimage"},"image":{"@id":"https:\/\/www.telaled.com\/fabrica\/cola-can-led-display-serie-tcj\/#primaryimage"},"thumbnailUrl":"https:\/\/www.telaled.com\/wp-content\/uploads\/2025\/09\/Cola-Can-LED-Display-1.webp","datePublished":"2025-09-15T06:11:40+00:00","dateModified":"2026-01-06T01:49:24+00:00","description":"Pantalla LED para latas de cola Serie TCJ: La pantalla LED 3D con forma de lata ofrece im\u00e1genes v\u00edvidas, ideal para restaurantes, marcas de bebidas y promociones minoristas. Disponible en tama\u00f1os personalizados y opciones de instalaci\u00f3n flexibles.","breadcrumb":{"@id":"https:\/\/www.telaled.com\/fabrica\/cola-can-led-display-serie-tcj\/#breadcrumb"},"inLanguage":"es","potentialAction":[{"@type":"ReadAction","target":["https:\/\/www.telaled.com\/fabrica\/cola-can-led-display-serie-tcj\/"]}]},{"@type":"ImageObject","inLanguage":"es","@id":"https:\/\/www.telaled.com\/fabrica\/cola-can-led-display-serie-tcj\/#primaryimage","url":"https:\/\/www.telaled.com\/wp-content\/uploads\/2025\/09\/Cola-Can-LED-Display-1.webp","contentUrl":"https:\/\/www.telaled.com\/wp-content\/uploads\/2025\/09\/Cola-Can-LED-Display-1.webp","width":500,"height":500,"caption":"Cola-Can-LED-Display (1)"},{"@type":"BreadcrumbList","@id":"https:\/\/www.telaled.com\/fabrica\/cola-can-led-display-serie-tcj\/#breadcrumb","itemListElement":[{"@type":"ListItem","position":1,"name":"Home","item":"https:\/\/www.telaled.com\/"},{"@type":"ListItem","position":2,"name":"Produtos","item":"https:\/\/www.telaled.com\/shop\/"},{"@type":"ListItem","position":3,"name":"Cola Can LED Display S\u00e9rie TCJ"}]},{"@type":"WebSite","@id":"https:\/\/www.telaled.com\/#website","url":"https:\/\/www.telaled.com\/","name":"Pantalla LED","description":"","potentialAction":[{"@type":"SearchAction","target":{"@type":"EntryPoint","urlTemplate":"https:\/\/www.telaled.com\/?s={search_term_string}"},"query-input":{"@type":"PropertyValueSpecification","valueRequired":true,"valueName":"search_term_string"}}],"inLanguage":"es"}]}},"_links":{"self":[{"href":"https:\/\/www.telaled.com\/es\/wp-json\/wp\/v2\/product\/3315","targetHints":{"allow":["GET"]}}],"collection":[{"href":"https:\/\/www.telaled.com\/es\/wp-json\/wp\/v2\/product"}],"about":[{"href":"https:\/\/www.telaled.com\/es\/wp-json\/wp\/v2\/types\/product"}],"wp:featuredmedia":[{"embeddable":true,"href":"https:\/\/www.telaled.com\/es\/wp-json\/wp\/v2\/media\/3316"}],"wp:attachment":[{"href":"https:\/\/www.telaled.com\/es\/wp-json\/wp\/v2\/media?parent=3315"}],"wp:term":[{"taxonomy":"product_brand","embeddable":true,"href":"https:\/\/www.telaled.com\/es\/wp-json\/wp\/v2\/product_brand?post=3315"},{"taxonomy":"product_cat","embeddable":true,"href":"https:\/\/www.telaled.com\/es\/wp-json\/wp\/v2\/product_cat?post=3315"},{"taxonomy":"product_tag","embeddable":true,"href":"https:\/\/www.telaled.com\/es\/wp-json\/wp\/v2\/product_tag?post=3315"}],"curies":[{"name":"gracias","href":"https:\/\/api.w.org\/{rel}","templated":true}]}}