{"id":3262,"date":"2025-09-08T08:40:22","date_gmt":"2025-09-08T08:40:22","guid":{"rendered":"https:\/\/www.telaled.com\/?post_type=product&#038;p=3262"},"modified":"2026-01-06T00:37:31","modified_gmt":"2026-01-06T00:37:31","slug":"circular-led-display-serie-tcf","status":"publish","type":"product","link":"https:\/\/www.telaled.com\/es\/fabrica\/circular-led-display-serie-tcf\/","title":{"rendered":"Pantalla LED circular serie TCF"},"content":{"rendered":"<div class=\"row\"  id=\"row-2022178423\">\n\n\t<div id=\"col-107497505\" class=\"col small-12 large-12\"  >\n\t\t\t\t<div class=\"col-inner\"  >\n\t\t\t\n\t\t\t\n<h2>Ventajas \u00fanicas de la pantalla LED circular serie TCF<\/h2>\n<h3><strong>Durabilidad superior<\/strong><\/h3>\n<ul>\n<li>Marco de aluminio remachado de alta precisi\u00f3n para mayor resistencia y estabilidad.<\/li>\n<li>Ligero y robusto, garantiza un rendimiento duradero.<\/li>\n<li>Resistente a la intemperie, capaz de soportar duras condiciones ambientales.<\/li>\n<li>Dise\u00f1o para uso interior y exterior.<\/li>\n<\/ul>\n<h3><strong>Calidad visual excepcional<\/strong><\/h3>\n<ul>\n<li>Alta frecuencia de actualizaci\u00f3n (hasta 3849 Hz) para im\u00e1genes fluidas y sin parpadeos.<\/li>\n<li>Paso de p\u00edxeles personalizable para una resoluci\u00f3n n\u00edtida.<\/li>\n<li>Alto brillo (1200 cd\/m\u00b2) para pantallas n\u00edtidas y atractivas.<\/li>\n<li>Excelente contraste de color y escala de grises para im\u00e1genes realistas.<\/li>\n<\/ul>\n<h3><strong>Adaptabilidad completa<\/strong><\/h3>\n<ul>\n<li>Opciones de tama\u00f1o personalizables: 1 m, 1,3 m, 1,5 m, 1,6 m, 2 m, 2,5 m y 3 m de di\u00e1metro.<\/li>\n<li>Disponible en configuraciones de una o dos caras.<\/li>\n<li>M\u00faltiples m\u00e9todos de control: Wi-Fi, USB, 4G y m\u00e1s.<\/li>\n<li>Integraci\u00f3n perfecta en diversos entornos, desde comercios minoristas hasta entornos organizacionales. <a href=\"https:\/\/www.telaled.com\/es\/telao-de-led-para-eventos\/\">eventos<\/a>.<\/li>\n<\/ul>\n<h3><strong>Soporte integral<\/strong><\/h3>\n<ul>\n<li>Soporte t\u00e9cnico remoto 24 horas al d\u00eda, 7 d\u00edas a la semana: acceda a asistencia experta en cualquier momento y en cualquier lugar.<\/li>\n<li>5% de repuestos incluidos: Cada pedido incluye componentes adicionales para aumentar la confiabilidad y brindar tranquilidad.<\/li>\n<li>Garant\u00eda extendida de 3 a\u00f1os: disfrute de una convergencia a largo plazo para un mejor rendimiento y un servicio confiable.<\/li>\n<\/ul>\n<h2>Detalles del producto<\/h2>\n<div class=\"row\"  id=\"row-622356490\">\n\n\t<div id=\"col-1673447714\" class=\"col medium-10 small-12 large-10\"  >\n\t\t\t\t<div class=\"col-inner text-left\"  >\n\t\t\t\n\t\t\t\n<ul>\n<li>Dise\u00f1ado para impacto y flexibilidad. Ofrecemos opciones de tama\u00f1o individual o doble, con di\u00e1metros que van desde 1 m hasta 3 m, ideales para cualquier espacio. Estas pantallas admiten m\u00faltiples m\u00e9todos de control, como LAN, Wi-Fi, 4G y USB, con un funcionamiento plug-and-play sencillo.<\/li>\n<\/ul>\n\t<div class=\"img has-hover x md-x lg-x y md-y lg-y\" id=\"image_1009628129\">\n\t\t\t\t\t\t\t\t<div class=\"img-inner dark\" >\n\t\t\t<img loading=\"lazy\" decoding=\"async\" width=\"1000\" height=\"720\" src=\"https:\/\/www.telaled.com\/wp-content\/uploads\/2025\/09\/Vista-Estrutural-Simples-e-Dupla-Face.webp\" class=\"attachment-original size-original\" alt=\"Vista estructural de una y dos caras\" srcset=\"https:\/\/www.telaled.com\/wp-content\/uploads\/2025\/09\/Vista-Estrutural-Simples-e-Dupla-Face.webp 1000w, https:\/\/www.telaled.com\/wp-content\/uploads\/2025\/09\/Vista-Estrutural-Simples-e-Dupla-Face-300x216.webp 300w, https:\/\/www.telaled.com\/wp-content\/uploads\/2025\/09\/Vista-Estrutural-Simples-e-Dupla-Face-768x553.webp 768w, https:\/\/www.telaled.com\/wp-content\/uploads\/2025\/09\/Vista-Estrutural-Simples-e-Dupla-Face-18x12.webp 18w, https:\/\/www.telaled.com\/wp-content\/uploads\/2025\/09\/Vista-Estrutural-Simples-e-Dupla-Face-600x432.webp 600w\" sizes=\"auto, (max-width: 1000px) 100vw, 1000px\" \/>\t\t\t\t\t\t\n\t\t\t\t\t<\/div>\n\t\t\t\t\t\t\t\t\n<style>\n#image_1009628129 {\n  width: 95%;\n}\n<\/style>\n\t<\/div>\n\t\n<ul>\n<li>Nuestro sistema admite conectividad RJ45 y control remoto mediante Wi-Fi o 4G. Ya sea desde un dispositivo m\u00f3vil, port\u00e1til o PC, puede cargar contenido de forma r\u00e1pida y sencilla, ofreciendo una soluci\u00f3n altamente flexible y eficiente para las necesidades de su negocio.<\/li>\n<\/ul>\n\t\t<\/div>\n\t\t\t\t\t<\/div>\n\n\t\n\n\t<div id=\"col-1853953799\" class=\"col medium-10 small-12 large-10\"  >\n\t\t\t\t<div class=\"col-inner text-left\"  >\n\t\t\t\n\t\t\t\n\t<div class=\"img has-hover x md-x lg-x y md-y lg-y\" id=\"image_1425218623\">\n\t\t\t\t\t\t\t\t<div class=\"img-inner dark\" >\n\t\t\t<img loading=\"lazy\" decoding=\"async\" width=\"838\" height=\"499\" src=\"https:\/\/www.telaled.com\/wp-content\/uploads\/2025\/09\/Controle-remoto-de-rede.webp\" class=\"attachment-large size-large\" alt=\"\" srcset=\"https:\/\/www.telaled.com\/wp-content\/uploads\/2025\/09\/Controle-remoto-de-rede.webp 838w, https:\/\/www.telaled.com\/wp-content\/uploads\/2025\/09\/Controle-remoto-de-rede-300x179.webp 300w, https:\/\/www.telaled.com\/wp-content\/uploads\/2025\/09\/Controle-remoto-de-rede-768x457.webp 768w, https:\/\/www.telaled.com\/wp-content\/uploads\/2025\/09\/Controle-remoto-de-rede-18x12.webp 18w, https:\/\/www.telaled.com\/wp-content\/uploads\/2025\/09\/Controle-remoto-de-rede-600x357.webp 600w\" sizes=\"auto, (max-width: 838px) 100vw, 838px\" \/>\t\t\t\t\t\t\n\t\t\t\t\t<\/div>\n\t\t\t\t\t\t\t\t\n<style>\n#image_1425218623 {\n  width: 95%;\n}\n<\/style>\n\t<\/div>\n\t\n<ul>\n<li>Las pantallas LED circulares se pueden instalar de diversas maneras para adaptarse a diferentes espacios. Se montan en <a href=\"https:\/\/www.telaled.com\/es\/painel-led-parede\/\">muro<\/a> a<a href=\"https:\/\/www.telaled.com\/es\/painel-de-led-para-loja\/\"> v\u00edveres<\/a> y oficinas, colgados de ganchos o cables para vest\u00edbulos y eventos, fijados al techo boca abajo en espacios comerciales, montados sobre un soporte para ajuste de altura y \u00e1ngulo en entornos minoristas y fijados al suelo para \u00e1reas abiertas como plazas y patios.<\/li>\n<\/ul>\n\t<div class=\"img has-hover x md-x lg-x y md-y lg-y\" id=\"image_261956464\">\n\t\t\t\t\t\t\t\t<div class=\"img-inner dark\" >\n\t\t\t<img loading=\"lazy\" decoding=\"async\" width=\"838\" height=\"499\" src=\"https:\/\/www.telaled.com\/wp-content\/uploads\/2025\/09\/Formas-de-instalacao-do-display-LED-circular.webp\" class=\"attachment-large size-large\" alt=\"M\u00e9todos de instalaci\u00f3n de pantallas LED circulares\" srcset=\"https:\/\/www.telaled.com\/wp-content\/uploads\/2025\/09\/Formas-de-instalacao-do-display-LED-circular.webp 838w, https:\/\/www.telaled.com\/wp-content\/uploads\/2025\/09\/Formas-de-instalacao-do-display-LED-circular-300x179.webp 300w, https:\/\/www.telaled.com\/wp-content\/uploads\/2025\/09\/Formas-de-instalacao-do-display-LED-circular-768x457.webp 768w, https:\/\/www.telaled.com\/wp-content\/uploads\/2025\/09\/Formas-de-instalacao-do-display-LED-circular-18x12.webp 18w, https:\/\/www.telaled.com\/wp-content\/uploads\/2025\/09\/Formas-de-instalacao-do-display-LED-circular-600x357.webp 600w\" sizes=\"auto, (max-width: 838px) 100vw, 838px\" \/>\t\t\t\t\t\t\n\t\t\t\t\t<\/div>\n\t\t\t\t\t\t\t\t\n<style>\n#image_261956464 {\n  width: 95%;\n}\n<\/style>\n\t<\/div>\n\t\n\t\t<\/div>\n\t\t\t\t\t<\/div>\n\n\t\n\n\t<div id=\"col-480746973\" class=\"col medium-10 small-12 large-10\"  >\n\t\t\t\t<div class=\"col-inner text-left\"  >\n\t\t\t\n\t\t\t\n<ul>\n<li>Nuestras pantallas LED circulares se embalan en cajas de madera reforzadas para protegerlas durante el env\u00edo. Cada unidad se empaqueta de forma segura para evitar da\u00f1os causados \u200b\u200bpor plagas, impactos y otros peligros. Esto garantiza su durabilidad y una entrega segura.<\/li>\n<\/ul>\n\t<div class=\"img has-hover x md-x lg-x y md-y lg-y\" id=\"image_966843470\">\n\t\t\t\t\t\t\t\t<div class=\"img-inner dark\" >\n\t\t\t<img loading=\"lazy\" decoding=\"async\" width=\"760\" height=\"1024\" src=\"https:\/\/www.telaled.com\/wp-content\/uploads\/2025\/08\/36123f2c-de60-488d-af81-255cd4aee54a-760x1024.webp\" class=\"attachment-large size-large\" alt=\"\" srcset=\"https:\/\/www.telaled.com\/wp-content\/uploads\/2025\/08\/36123f2c-de60-488d-af81-255cd4aee54a-760x1024.webp 760w, https:\/\/www.telaled.com\/wp-content\/uploads\/2025\/08\/36123f2c-de60-488d-af81-255cd4aee54a-223x300.webp 223w, https:\/\/www.telaled.com\/wp-content\/uploads\/2025\/08\/36123f2c-de60-488d-af81-255cd4aee54a-768x1035.webp 768w, https:\/\/www.telaled.com\/wp-content\/uploads\/2025\/08\/36123f2c-de60-488d-af81-255cd4aee54a-9x12.webp 9w, https:\/\/www.telaled.com\/wp-content\/uploads\/2025\/08\/36123f2c-de60-488d-af81-255cd4aee54a-600x808.webp 600w, https:\/\/www.telaled.com\/wp-content\/uploads\/2025\/08\/36123f2c-de60-488d-af81-255cd4aee54a.webp 795w\" sizes=\"auto, (max-width: 760px) 100vw, 760px\" \/>\t\t\t\t\t\t\n\t\t\t\t\t<\/div>\n\t\t\t\t\t\t\t\t\n<style>\n#image_966843470 {\n  width: 95%;\n}\n<\/style>\n\t<\/div>\n\t\n\n<table id=\"tablepress-31\" class=\"tablepress tablepress-id-31\">\n<thead>\n<tr class=\"row-1\">\n\t<th class=\"column-1\">Presupuesto:<\/th><th class=\"column-2\">TCF-P2.5-S840<\/th>\n<\/tr>\n<\/thead>\n<tbody class=\"row-striping row-hover\">\n<tr class=\"row-2\">\n\t<td class=\"column-1\">Composici\u00f3n de p\u00edxeles:<\/td><td class=\"column-2\">2121 (3 en 1)<\/td>\n<\/tr>\n<tr class=\"row-3\">\n\t<td class=\"column-1\">Densidad de visualizaci\u00f3n: (puntos)<\/td><td class=\"column-2\">160000\u33a1<\/td>\n<\/tr>\n<tr class=\"row-4\">\n\t<td class=\"column-1\">Distancia de visualizaci\u00f3n ideal: (m)<\/td><td class=\"column-2\">2,5-100 m<\/td>\n<\/tr>\n<tr class=\"row-5\">\n\t<td class=\"column-1\">Consumo m\u00e1ximo de energ\u00eda:<\/td><td class=\"column-2\">800w\/m\u00b2<\/td>\n<\/tr>\n<tr class=\"row-6\">\n\t<td class=\"column-1\">Modo de escaneo:<\/td><td class=\"column-2\">32 escaneos<\/td>\n<\/tr>\n<tr class=\"row-7\">\n\t<td class=\"column-1\">Brillo: (CD\/\u33a1)<\/td><td class=\"column-2\">1200<\/td>\n<\/tr>\n<tr class=\"row-8\">\n\t<td class=\"column-1\">\u00c1ngulo de visi\u00f3n: (m)<\/td><td class=\"column-2\">H 120\u00b0 V 120\u00b0 (marco envolvente de 50 mm) \/ H 360\u00b0 V 360\u00b0 (sin bordes)<\/td>\n<\/tr>\n<tr class=\"row-9\">\n\t<td class=\"column-1\">Voltaje de funcionamiento:<\/td><td class=\"column-2\">CA 220 V\/100 V \u00b1 151 TP3T 47 ~ 64 Hz<\/td>\n<\/tr>\n<tr class=\"row-10\">\n\t<td class=\"column-1\">Tensi\u00f3n de alimentaci\u00f3n:<\/td><td class=\"column-2\">5 V<\/td>\n<\/tr>\n<tr class=\"row-11\">\n\t<td class=\"column-1\">Temperatura ambiente de funcionamiento del sistema:<\/td><td class=\"column-2\">-20~60\u00b0C<\/td>\n<\/tr>\n<tr class=\"row-12\">\n\t<td class=\"column-1\">El sistema funciona en un entorno moderado:<\/td><td class=\"column-2\">10%~90% UR<\/td>\n<\/tr>\n<tr class=\"row-13\">\n\t<td class=\"column-1\">Color de la pantalla:<\/td><td class=\"column-2\">16,7 millones<\/td>\n<\/tr>\n<tr class=\"row-14\">\n\t<td class=\"column-1\">Nivel de escala de grises:<\/td><td class=\"column-2\">16384<\/td>\n<\/tr>\n<tr class=\"row-15\">\n\t<td class=\"column-1\">M\u00e9todo de comunicaci\u00f3n:<\/td><td class=\"column-2\">Sincronizaci\u00f3n \/ Asincronizaci\u00f3n<\/td>\n<\/tr>\n<\/tbody>\n<\/table>\n<!-- #tablepress-31 from cache -->\n\t\t<\/div>\n\t\t\t\t\t<\/div>\n\n\t\n<\/div>\n\t\t<\/div>\n\t\t\t\t\t<\/div>\n\n\t\n<\/div>","protected":false},"excerpt":{"rendered":"<p><strong>Pantalla LED circular personalizada serie TCF: soluciones visuales innovadoras<\/strong><\/p>\n<p>EL <em><strong>Pantalla LED circular serie TCF<\/strong><\/em> Ofrecemos pantallas LED circulares, brillantes y llamativas, dise\u00f1adas a medida. Estas pantallas brindan un efecto visual \u00fanico y distintivo, aportando una nueva dimensi\u00f3n a su espacio. <a href=\"https:\/\/www.telaled.com\/es\/densidade-de-pixels-em-telas-de-led-e-lcd\/\">densidad de p\u00edxeles<\/a> Con di\u00e1metros personalizables, puedes crear una soluci\u00f3n que se adapte perfectamente a tus necesidades.<\/p>\n<p><strong>Caracter\u00edsticas principales:<\/strong><\/p>\n<ul>\n<li><strong>Dise\u00f1o personalizable:<\/strong> Elija entre configuraciones con marco o sin marco para adaptarse a su estilo y espacio.<\/li>\n<li><strong>Espaciado y di\u00e1metro de p\u00edxeles flexibles:<\/strong> Ajuste el paso y el di\u00e1metro de los p\u00edxeles seg\u00fan las necesidades espec\u00edficas de su monitor, garantizando im\u00e1genes \u00f3ptimas.<\/li>\n<li><strong>Efectos visuales creativos:<\/strong> Disfrute de una experiencia visual realista y on\u00edrica con pantallas LED circulares, dise\u00f1adas para cautivar a la audiencia.<\/li>\n<li><strong>Configuraciones vers\u00e1tiles<\/strong>Disponible en configuraciones de una o dos caras para adaptarse a una amplia variedad de configuraciones.<\/li>\n<\/ul>\n<p>Nuestro equipo ofrece soporte remoto 24\/7 y una garant\u00eda de 3 a\u00f1os. Cont\u00e1ctenos hoy mismo para obtener un presupuesto personalizado.<\/p>","protected":false},"featured_media":3263,"template":"","meta":[],"product_brand":[],"product_cat":[48,40,46],"product_tag":[],"class_list":{"0":"post-3262","1":"product","2":"type-product","3":"status-publish","4":"has-post-thumbnail","6":"product_cat-paineis-personalizados","7":"product_cat-painel-de-led","8":"product_cat-painel-de-video","10":"first","11":"instock","12":"shipping-taxable","13":"product-type-simple"},"yoast_head":"<!-- This site is optimized with the Yoast SEO plugin v27.5 - https:\/\/yoast.com\/product\/yoast-seo-wordpress\/ -->\n<title>Circular LED Display S\u00e9rie TCF | Experi\u00eancias Visuais \u00danicas | TELALED<\/title>\n<meta name=\"description\" content=\"Explore nossa Circular LED Display S\u00e9rie TCF, perfeita para esta\u00e7\u00f5es, aeroportos, shoppings e muito mais. Com configura\u00e7\u00f5es flex\u00edveis e visuais de alta qualidade, ela oferece uma solu\u00e7\u00e3o de display diferenciada e cativante. Entre em contato conosco hoje mesmo!\" \/>\n<meta name=\"robots\" content=\"index, follow, max-snippet:-1, max-image-preview:large, max-video-preview:-1\" \/>\n<link rel=\"canonical\" href=\"https:\/\/www.telaled.com\/es\/fabrica\/circular-led-display-serie-tcf\/\" \/>\n<meta property=\"og:locale\" content=\"es_ES\" \/>\n<meta property=\"og:type\" content=\"article\" \/>\n<meta property=\"og:title\" content=\"Circular LED Display S\u00e9rie TCF | Experi\u00eancias Visuais \u00danicas | TELALED\" \/>\n<meta property=\"og:description\" content=\"Explore nossa Circular LED Display S\u00e9rie TCF, perfeita para esta\u00e7\u00f5es, aeroportos, shoppings e muito mais. Com configura\u00e7\u00f5es flex\u00edveis e visuais de alta qualidade, ela oferece uma solu\u00e7\u00e3o de display diferenciada e cativante. Entre em contato conosco hoje mesmo!\" \/>\n<meta property=\"og:url\" content=\"https:\/\/www.telaled.com\/es\/fabrica\/circular-led-display-serie-tcf\/\" \/>\n<meta property=\"og:site_name\" content=\"TELALED\" \/>\n<meta property=\"article:modified_time\" content=\"2026-01-06T00:37:31+00:00\" \/>\n<meta property=\"og:image\" content=\"https:\/\/www.telaled.com\/wp-content\/uploads\/2025\/09\/circular-led-display.webp\" \/>\n\t<meta property=\"og:image:width\" content=\"500\" \/>\n\t<meta property=\"og:image:height\" content=\"500\" \/>\n\t<meta property=\"og:image:type\" content=\"image\/webp\" \/>\n<meta name=\"twitter:card\" content=\"summary_large_image\" \/>\n<meta name=\"twitter:label1\" content=\"Tiempo de lectura\" \/>\n\t<meta name=\"twitter:data1\" content=\"3 minutos\" \/>\n<script type=\"application\/ld+json\" class=\"yoast-schema-graph\">{\"@context\":\"https:\\\/\\\/schema.org\",\"@graph\":[{\"@type\":\"WebPage\",\"@id\":\"https:\\\/\\\/www.telaled.com\\\/fabrica\\\/circular-led-display-serie-tcf\\\/\",\"url\":\"https:\\\/\\\/www.telaled.com\\\/fabrica\\\/circular-led-display-serie-tcf\\\/\",\"name\":\"Circular LED Display S\u00e9rie TCF | Experi\u00eancias Visuais \u00danicas | TELALED\",\"isPartOf\":{\"@id\":\"https:\\\/\\\/www.telaled.com\\\/#website\"},\"primaryImageOfPage\":{\"@id\":\"https:\\\/\\\/www.telaled.com\\\/fabrica\\\/circular-led-display-serie-tcf\\\/#primaryimage\"},\"image\":{\"@id\":\"https:\\\/\\\/www.telaled.com\\\/fabrica\\\/circular-led-display-serie-tcf\\\/#primaryimage\"},\"thumbnailUrl\":\"https:\\\/\\\/www.telaled.com\\\/wp-content\\\/uploads\\\/2025\\\/09\\\/circular-led-display.webp\",\"datePublished\":\"2025-09-08T08:40:22+00:00\",\"dateModified\":\"2026-01-06T00:37:31+00:00\",\"description\":\"Explore nossa Circular LED Display S\u00e9rie TCF, perfeita para esta\u00e7\u00f5es, aeroportos, shoppings e muito mais. Com configura\u00e7\u00f5es flex\u00edveis e visuais de alta qualidade, ela oferece uma solu\u00e7\u00e3o de display diferenciada e cativante. Entre em contato conosco hoje mesmo!\",\"breadcrumb\":{\"@id\":\"https:\\\/\\\/www.telaled.com\\\/fabrica\\\/circular-led-display-serie-tcf\\\/#breadcrumb\"},\"inLanguage\":\"es\",\"potentialAction\":[{\"@type\":\"ReadAction\",\"target\":[\"https:\\\/\\\/www.telaled.com\\\/fabrica\\\/circular-led-display-serie-tcf\\\/\"]}]},{\"@type\":\"ImageObject\",\"inLanguage\":\"es\",\"@id\":\"https:\\\/\\\/www.telaled.com\\\/fabrica\\\/circular-led-display-serie-tcf\\\/#primaryimage\",\"url\":\"https:\\\/\\\/www.telaled.com\\\/wp-content\\\/uploads\\\/2025\\\/09\\\/circular-led-display.webp\",\"contentUrl\":\"https:\\\/\\\/www.telaled.com\\\/wp-content\\\/uploads\\\/2025\\\/09\\\/circular-led-display.webp\",\"width\":500,\"height\":500,\"caption\":\"circular-led-display\"},{\"@type\":\"BreadcrumbList\",\"@id\":\"https:\\\/\\\/www.telaled.com\\\/fabrica\\\/circular-led-display-serie-tcf\\\/#breadcrumb\",\"itemListElement\":[{\"@type\":\"ListItem\",\"position\":1,\"name\":\"Home\",\"item\":\"https:\\\/\\\/www.telaled.com\\\/\"},{\"@type\":\"ListItem\",\"position\":2,\"name\":\"Produtos\",\"item\":\"https:\\\/\\\/www.telaled.com\\\/shop\\\/\"},{\"@type\":\"ListItem\",\"position\":3,\"name\":\"Circular LED Display S\u00e9rie TCF\"}]},{\"@type\":\"WebSite\",\"@id\":\"https:\\\/\\\/www.telaled.com\\\/#website\",\"url\":\"https:\\\/\\\/www.telaled.com\\\/\",\"name\":\"TELALED\",\"description\":\"\",\"potentialAction\":[{\"@type\":\"SearchAction\",\"target\":{\"@type\":\"EntryPoint\",\"urlTemplate\":\"https:\\\/\\\/www.telaled.com\\\/?s={search_term_string}\"},\"query-input\":{\"@type\":\"PropertyValueSpecification\",\"valueRequired\":true,\"valueName\":\"search_term_string\"}}],\"inLanguage\":\"es\"}]}<\/script>\n<!-- \/ Yoast SEO plugin. -->","yoast_head_json":{"title":"Pantalla LED circular Serie TCF | Experiencias visuales \u00fanicas | TALALED","description":"Descubra nuestra pantalla LED circular Serie TCF, ideal para estaciones, aeropuertos, centros comerciales y m\u00e1s. Con configuraciones flexibles y una imagen de alta calidad, ofrece una soluci\u00f3n de visualizaci\u00f3n distintiva y atractiva. \u00a1Cont\u00e1ctenos hoy mismo!","robots":{"index":"index","follow":"follow","max-snippet":"max-snippet:-1","max-image-preview":"max-image-preview:large","max-video-preview":"max-video-preview:-1"},"canonical":"https:\/\/www.telaled.com\/es\/fabrica\/circular-led-display-serie-tcf\/","og_locale":"es_ES","og_type":"article","og_title":"Circular LED Display S\u00e9rie TCF | Experi\u00eancias Visuais \u00danicas | TELALED","og_description":"Explore nossa Circular LED Display S\u00e9rie TCF, perfeita para esta\u00e7\u00f5es, aeroportos, shoppings e muito mais. Com configura\u00e7\u00f5es flex\u00edveis e visuais de alta qualidade, ela oferece uma solu\u00e7\u00e3o de display diferenciada e cativante. Entre em contato conosco hoje mesmo!","og_url":"https:\/\/www.telaled.com\/es\/fabrica\/circular-led-display-serie-tcf\/","og_site_name":"TELALED","article_modified_time":"2026-01-06T00:37:31+00:00","og_image":[{"width":500,"height":500,"url":"https:\/\/www.telaled.com\/wp-content\/uploads\/2025\/09\/circular-led-display.webp","type":"image\/webp"}],"twitter_card":"summary_large_image","twitter_misc":{"Tiempo de lectura":"3 minutos"},"schema":{"@context":"https:\/\/schema.org","@graph":[{"@type":"WebPage","@id":"https:\/\/www.telaled.com\/fabrica\/circular-led-display-serie-tcf\/","url":"https:\/\/www.telaled.com\/fabrica\/circular-led-display-serie-tcf\/","name":"Pantalla LED circular Serie TCF | Experiencias visuales \u00fanicas | TALALED","isPartOf":{"@id":"https:\/\/www.telaled.com\/#website"},"primaryImageOfPage":{"@id":"https:\/\/www.telaled.com\/fabrica\/circular-led-display-serie-tcf\/#primaryimage"},"image":{"@id":"https:\/\/www.telaled.com\/fabrica\/circular-led-display-serie-tcf\/#primaryimage"},"thumbnailUrl":"https:\/\/www.telaled.com\/wp-content\/uploads\/2025\/09\/circular-led-display.webp","datePublished":"2025-09-08T08:40:22+00:00","dateModified":"2026-01-06T00:37:31+00:00","description":"Descubra nuestra pantalla LED circular Serie TCF, ideal para estaciones, aeropuertos, centros comerciales y m\u00e1s. Con configuraciones flexibles y una imagen de alta calidad, ofrece una soluci\u00f3n de visualizaci\u00f3n distintiva y atractiva. \u00a1Cont\u00e1ctenos hoy mismo!","breadcrumb":{"@id":"https:\/\/www.telaled.com\/fabrica\/circular-led-display-serie-tcf\/#breadcrumb"},"inLanguage":"es","potentialAction":[{"@type":"ReadAction","target":["https:\/\/www.telaled.com\/fabrica\/circular-led-display-serie-tcf\/"]}]},{"@type":"ImageObject","inLanguage":"es","@id":"https:\/\/www.telaled.com\/fabrica\/circular-led-display-serie-tcf\/#primaryimage","url":"https:\/\/www.telaled.com\/wp-content\/uploads\/2025\/09\/circular-led-display.webp","contentUrl":"https:\/\/www.telaled.com\/wp-content\/uploads\/2025\/09\/circular-led-display.webp","width":500,"height":500,"caption":"circular-led-display"},{"@type":"BreadcrumbList","@id":"https:\/\/www.telaled.com\/fabrica\/circular-led-display-serie-tcf\/#breadcrumb","itemListElement":[{"@type":"ListItem","position":1,"name":"Home","item":"https:\/\/www.telaled.com\/"},{"@type":"ListItem","position":2,"name":"Produtos","item":"https:\/\/www.telaled.com\/shop\/"},{"@type":"ListItem","position":3,"name":"Circular LED Display S\u00e9rie TCF"}]},{"@type":"WebSite","@id":"https:\/\/www.telaled.com\/#website","url":"https:\/\/www.telaled.com\/","name":"Pantalla LED","description":"","potentialAction":[{"@type":"SearchAction","target":{"@type":"EntryPoint","urlTemplate":"https:\/\/www.telaled.com\/?s={search_term_string}"},"query-input":{"@type":"PropertyValueSpecification","valueRequired":true,"valueName":"search_term_string"}}],"inLanguage":"es"}]}},"_links":{"self":[{"href":"https:\/\/www.telaled.com\/es\/wp-json\/wp\/v2\/product\/3262","targetHints":{"allow":["GET"]}}],"collection":[{"href":"https:\/\/www.telaled.com\/es\/wp-json\/wp\/v2\/product"}],"about":[{"href":"https:\/\/www.telaled.com\/es\/wp-json\/wp\/v2\/types\/product"}],"wp:featuredmedia":[{"embeddable":true,"href":"https:\/\/www.telaled.com\/es\/wp-json\/wp\/v2\/media\/3263"}],"wp:attachment":[{"href":"https:\/\/www.telaled.com\/es\/wp-json\/wp\/v2\/media?parent=3262"}],"wp:term":[{"taxonomy":"product_brand","embeddable":true,"href":"https:\/\/www.telaled.com\/es\/wp-json\/wp\/v2\/product_brand?post=3262"},{"taxonomy":"product_cat","embeddable":true,"href":"https:\/\/www.telaled.com\/es\/wp-json\/wp\/v2\/product_cat?post=3262"},{"taxonomy":"product_tag","embeddable":true,"href":"https:\/\/www.telaled.com\/es\/wp-json\/wp\/v2\/product_tag?post=3262"}],"curies":[{"name":"gracias","href":"https:\/\/api.w.org\/{rel}","templated":true}]}}