{"id":3034,"date":"2025-08-20T01:33:46","date_gmt":"2025-08-20T01:33:46","guid":{"rendered":"https:\/\/www.telaled.com\/?post_type=product&#038;p=3034"},"modified":"2026-01-05T07:20:02","modified_gmt":"2026-01-05T07:20:02","slug":"painel-de-led-translucido-serie-ttg","status":"publish","type":"product","link":"https:\/\/www.telaled.com\/es\/fabrica\/painel-de-led-translucido-serie-ttg\/","title":{"rendered":"Panel LED transl\u00facido serie TTG"},"content":{"rendered":"<div class=\"row\"  id=\"row-1820295624\">\n\n\t<div id=\"col-1815004642\" class=\"col small-12 large-12\"  >\n\t\t\t\t<div class=\"col-inner\"  >\n\t\t\t\n\t\t\t\n<h2>Ventajas exclusivas del panel LED transl\u00facido de la serie TTG<\/h2>\n<h3><strong>Durabilidad superior<\/strong><\/h3>\n<ul>\n<li>Dise\u00f1o estructural robusto: construcci\u00f3n sin marco pero reforzada que soporta tensi\u00f3n continua.<\/li>\n<li>Chips LED de larga duraci\u00f3n: con una capacidad de funcionamiento de m\u00e1s de 100 000 horas y un brillo estable, lo que reduce la frecuencia de reemplazo y disminuye los costos de mantenimiento.<\/li>\n<li>Recubrimiento protector y m\u00f3dulos sellados: protecci\u00f3n adicional contra el polvo, la humedad y el contacto accidental, haciendo que la pantalla sea m\u00e1s resistente para su instalaci\u00f3n en exteriores.<\/li>\n<\/ul>\n<h3><strong>Calidad visual excepcional<\/strong><\/h3>\n<ul>\n<li>Brillo ultra alto (hasta 5500 nits): mantiene la imagen clara y n\u00edtida incluso bajo luz solar intensa o en ambientes interiores muy iluminados.<\/li>\n<li>Opciones de ajuste fino de p\u00edxeles (P1.98 \u2013 P15.6): le permite ajustar la resoluci\u00f3n a la distancia de visualizaci\u00f3n.<\/li>\n<li>Alta frecuencia de actualizaci\u00f3n (\u22653840 Hz): ofrece una reproducci\u00f3n fluida y sin parpadeos para gr\u00e1ficos de movimiento r\u00e1pido, transmisiones en vivo y contenido de video de alta calidad.<\/li>\n<\/ul>\n<h3><strong>Adaptabilidad completa<\/strong><\/h3>\n<ul>\n<li>Los di\u00e1metros personalizables a partir de 640 mm le brindan la libertad de dise\u00f1ar todo, desde espacios minoristas compactos hasta instalaciones a gran escala.<\/li>\n<li>El rango de paso de p\u00edxeles de 1,9 mm a 16,5 mm permite ajustes precisos para la distancia de visualizaci\u00f3n y las necesidades de rendimiento visual.<\/li>\n<li>La compatibilidad con aplicaciones tanto interiores como exteriores hace que la pantalla sea vers\u00e1til para centros comerciales, exposiciones, aeropuertos y otros lugares. <a href=\"https:\/\/www.telaled.com\/es\/telao-de-led-para-eventos\/\" data-wplink-edit=\"true\">eventos<\/a>.<\/li>\n<\/ul>\n<h3><strong>Soporte integral<\/strong><\/h3>\n<ul>\n<li>Soporte t\u00e9cnico remoto 24 horas al d\u00eda, 7 d\u00edas a la semana: acceda a asistencia experta en cualquier momento y en cualquier lugar.<\/li>\n<li>5% de repuestos incluidos: Cada pedido incluye componentes adicionales para aumentar la confiabilidad y brindar tranquilidad.<\/li>\n<li>Garant\u00eda extendida de 3 a\u00f1os: disfrute de una convergencia a largo plazo para un mejor rendimiento y un servicio confiable.<\/li>\n<\/ul>\n<h2>Detalles del producto<\/h2>\n<div class=\"row\"  id=\"row-1799346627\">\n\n\t<div id=\"col-562483565\" class=\"col medium-10 small-12 large-10\"  >\n\t\t\t\t<div class=\"col-inner text-left\"  >\n\t\t\t\n\t\t\t\n<ul>\n<li>El dise\u00f1o es simplificado y eficiente, ocupando un espacio m\u00ednimo y garantizando una f\u00e1cil instalaci\u00f3n, permitiendo la sustituci\u00f3n r\u00e1pida de los paneles de iluminaci\u00f3n, reduciendo significativamente los costes de mantenimiento.<\/li>\n<\/ul>\n\t<div class=\"img has-hover x md-x lg-x y md-y lg-y\" id=\"image_1822142993\">\n\t\t\t\t\t\t\t\t<div class=\"img-inner dark\" >\n\t\t\t<img loading=\"lazy\" decoding=\"async\" width=\"749\" height=\"575\" src=\"https:\/\/www.telaled.com\/wp-content\/uploads\/2025\/08\/Dupla-manutencao-dianteira-e-traseira-design-exclusivo.webp\" class=\"attachment-original size-original\" alt=\"Dise\u00f1o exclusivo de doble mantenimiento delantero y trasero\" srcset=\"https:\/\/www.telaled.com\/wp-content\/uploads\/2025\/08\/Dupla-manutencao-dianteira-e-traseira-design-exclusivo.webp 749w, https:\/\/www.telaled.com\/wp-content\/uploads\/2025\/08\/Dupla-manutencao-dianteira-e-traseira-design-exclusivo-300x230.webp 300w, https:\/\/www.telaled.com\/wp-content\/uploads\/2025\/08\/Dupla-manutencao-dianteira-e-traseira-design-exclusivo-16x12.webp 16w, https:\/\/www.telaled.com\/wp-content\/uploads\/2025\/08\/Dupla-manutencao-dianteira-e-traseira-design-exclusivo-600x461.webp 600w\" sizes=\"auto, (max-width: 749px) 100vw, 749px\" \/>\t\t\t\t\t\t\n\t\t\t\t\t<\/div>\n\t\t\t\t\t\t\t\t\n<style>\n#image_1822142993 {\n  width: 95%;\n}\n<\/style>\n\t<\/div>\n\t\n\t\t<\/div>\n\t\t\t\t\t<\/div>\n\n\t\n\n\t<div id=\"col-1157383132\" class=\"col medium-10 small-12 large-10\"  >\n\t\t\t\t<div class=\"col-inner text-left\"  >\n\t\t\t\n\t\t\t\n<ul>\n<li>Presenta un dise\u00f1o modular flexible que admite diversos m\u00e9todos de instalaci\u00f3n, incluyendo configuraciones de montaje en superficie. Sus opciones de conexi\u00f3n personalizables permiten satisfacer requisitos espec\u00edficos, como la instalaci\u00f3n curva, lo que permite su adaptaci\u00f3n a dise\u00f1os complejos y configuraciones \u00fanicas.<\/li>\n<\/ul>\n\t<div class=\"img has-hover x md-x lg-x y md-y lg-y\" id=\"image_234673479\">\n\t\t\t\t\t\t\t\t<div class=\"img-inner dark\" >\n\t\t\t<img loading=\"lazy\" decoding=\"async\" width=\"640\" height=\"430\" src=\"https:\/\/www.telaled.com\/wp-content\/uploads\/2025\/08\/Instalacao-Flexivel.webp\" class=\"attachment-large size-large\" alt=\"\" srcset=\"https:\/\/www.telaled.com\/wp-content\/uploads\/2025\/08\/Instalacao-Flexivel.webp 640w, https:\/\/www.telaled.com\/wp-content\/uploads\/2025\/08\/Instalacao-Flexivel-300x202.webp 300w, https:\/\/www.telaled.com\/wp-content\/uploads\/2025\/08\/Instalacao-Flexivel-18x12.webp 18w, https:\/\/www.telaled.com\/wp-content\/uploads\/2025\/08\/Instalacao-Flexivel-600x403.webp 600w\" sizes=\"auto, (max-width: 640px) 100vw, 640px\" \/>\t\t\t\t\t\t\n\t\t\t\t\t<\/div>\n\t\t\t\t\t\t\t\t\n<style>\n#image_234673479 {\n  width: 95%;\n}\n<\/style>\n\t<\/div>\n\t\n<ul>\n<li>Ofrece im\u00e1genes n\u00edtidas y v\u00edvidas. Con alta resoluci\u00f3n y brillo intenso, muestra im\u00e1genes y v\u00eddeos con colores intensos y un contraste mejorado. Esto garantiza una experiencia visual clara y din\u00e1mica, tanto de d\u00eda como de noche.<\/li>\n<\/ul>\n\t<div class=\"img has-hover x md-x lg-x y md-y lg-y\" id=\"image_1230739462\">\n\t\t\t\t\t\t\t\t<div class=\"img-inner dark\" >\n\t\t\t<img loading=\"lazy\" decoding=\"async\" width=\"640\" height=\"430\" src=\"https:\/\/www.telaled.com\/wp-content\/uploads\/2025\/08\/Excelente-efeito-visual.webp\" class=\"attachment-large size-large\" alt=\"\" srcset=\"https:\/\/www.telaled.com\/wp-content\/uploads\/2025\/08\/Excelente-efeito-visual.webp 640w, https:\/\/www.telaled.com\/wp-content\/uploads\/2025\/08\/Excelente-efeito-visual-300x202.webp 300w, https:\/\/www.telaled.com\/wp-content\/uploads\/2025\/08\/Excelente-efeito-visual-18x12.webp 18w, https:\/\/www.telaled.com\/wp-content\/uploads\/2025\/08\/Excelente-efeito-visual-600x403.webp 600w\" sizes=\"auto, (max-width: 640px) 100vw, 640px\" \/>\t\t\t\t\t\t\n\t\t\t\t\t<\/div>\n\t\t\t\t\t\t\t\t\n<style>\n#image_1230739462 {\n  width: 95%;\n}\n<\/style>\n\t<\/div>\n\t\n\t\t<\/div>\n\t\t\t\t\t<\/div>\n\n\t\n\n\t<div id=\"col-1885967556\" class=\"col medium-10 small-12 large-10\"  >\n\t\t\t\t<div class=\"col-inner text-left\"  >\n\t\t\t\n\t\t\t\n<ul>\n<li>T\u00fa <a href=\"https:\/\/www.telaled.com\/es\/?attachment_id=3043\">Pantallas LED<\/a> Se embalan seg\u00fan su tipo y finalidad. Las unidades completamente ensambladas suelen enviarse en cajas de madera o de cart\u00f3n reforzado para mantener su estabilidad durante el transporte. Para protegerlas de los \u00e1caros del polvo, los m\u00f3dulos LED suelen embalarse en cajas reforzadas o marcos de madera sellados. Este m\u00e9todo aumenta la durabilidad durante la manipulaci\u00f3n y la seguridad general.<\/li>\n<\/ul>\n\t<div class=\"img has-hover x md-x lg-x y md-y lg-y\" id=\"image_2147330463\">\n\t\t\t\t\t\t\t\t<div class=\"img-inner dark\" >\n\t\t\t<img loading=\"lazy\" decoding=\"async\" width=\"760\" height=\"1024\" src=\"https:\/\/www.telaled.com\/wp-content\/uploads\/2025\/06\/Embalagem-760x1024.webp\" class=\"attachment-large size-large\" alt=\"Embalaje\" srcset=\"https:\/\/www.telaled.com\/wp-content\/uploads\/2025\/06\/Embalagem-760x1024.webp 760w, https:\/\/www.telaled.com\/wp-content\/uploads\/2025\/06\/Embalagem-223x300.webp 223w, https:\/\/www.telaled.com\/wp-content\/uploads\/2025\/06\/Embalagem-768x1035.webp 768w, https:\/\/www.telaled.com\/wp-content\/uploads\/2025\/06\/Embalagem-9x12.webp 9w, https:\/\/www.telaled.com\/wp-content\/uploads\/2025\/06\/Embalagem-600x808.webp 600w, https:\/\/www.telaled.com\/wp-content\/uploads\/2025\/06\/Embalagem.webp 795w\" sizes=\"auto, (max-width: 760px) 100vw, 760px\" \/>\t\t\t\t\t\t\n\t\t\t\t\t<\/div>\n\t\t\t\t\t\t\t\t\n<style>\n#image_2147330463 {\n  width: 95%;\n}\n<\/style>\n\t<\/div>\n\t\n\t\t<\/div>\n\t\t\t\t\t<\/div>\n\n\t\n<\/div>\n\t\t<\/div>\n\t\t\t\t\t<\/div>\n\n\t\n\n\t<div id=\"col-90355464\" class=\"col small-12 large-12\"  >\n\t\t\t\t<div class=\"col-inner\"  >\n\t\t\t\n\t\t\t\n<div class=\"row\"  id=\"row-1355593429\">\n\n\t<div id=\"col-1788068609\" class=\"col medium-10 small-12 large-10\"  >\n\t\t\t\t<div class=\"col-inner\"  >\n\t\t\t\n\t\t\t\n\n<table id=\"tablepress-64\" class=\"tablepress tablepress-id-64\">\n<thead>\n<tr class=\"row-1\">\n\t<th class=\"column-1\">Modelo de producto<\/th><th class=\"column-2\">TTG 1<\/th><th class=\"column-3\">TTG 2<\/th><th class=\"column-4\">TTG 3<\/th><th class=\"column-5\">TTG 5<\/th><th class=\"column-6\">TTG 8<\/th><th class=\"column-7\">TTG 10<\/th><th class=\"column-8\">TTG 15<\/th>\n<\/tr>\n<\/thead>\n<tbody class=\"row-striping row-hover\">\n<tr class=\"row-2\">\n\t<td class=\"column-1\">Paso de p\u00edxeles (mm)<\/td><td class=\"column-2\">1.9*3.9<\/td><td class=\"column-3\">2.8*5.6<\/td><td class=\"column-4\">3.9*7.8<\/td><td class=\"column-5\">5.2*10.4<\/td><td class=\"column-6\">7.8*7.8<\/td><td class=\"column-7\">10.4*10.4<\/td><td class=\"column-8\">15.625*15.625<\/td>\n<\/tr>\n<tr class=\"row-3\">\n\t<td class=\"column-1\">Densidad de p\u00edxeles (puntos\/m\u00b2)<\/td><td class=\"column-2\">129,024<\/td><td class=\"column-3\">61,952<\/td><td class=\"column-4\">32,768<\/td><td class=\"column-5\">18,432<\/td><td class=\"column-6\">16,384<\/td><td class=\"column-7\">9,216<\/td><td class=\"column-8\">4,096<\/td>\n<\/tr>\n<tr class=\"row-4\">\n\t<td class=\"column-1\">Resoluci\u00f3n del m\u00f3dulo (puntos)<\/td><td class=\"column-2\">252*16<\/td><td class=\"column-3\">176*22<\/td><td class=\"column-4\">128*16<\/td><td class=\"column-5\">96*12<\/td><td class=\"column-6\">64*16<\/td><td class=\"column-7\">48*12<\/td><td class=\"column-8\">32*8<\/td>\n<\/tr>\n<tr class=\"row-5\">\n\t<td class=\"column-1\">Resoluci\u00f3n del Gabinete (puntos)<\/td><td class=\"column-2\">504*128<\/td><td class=\"column-3\">352*88<\/td><td class=\"column-4\">256*64<\/td><td class=\"column-5\">192*48<\/td><td class=\"column-6\">128*64<\/td><td class=\"column-7\">96*48<\/td><td class=\"column-8\">64*32<\/td>\n<\/tr>\n<tr class=\"row-6\">\n\t<td class=\"column-1\">Transparencia<\/td><td class=\"column-2\">42%<\/td><td class=\"column-3\">45%<\/td><td class=\"column-4\">65%<\/td><td class=\"column-5\">75%<\/td><td class=\"column-6\">65%<\/td><td class=\"column-7\">75%<\/td><td class=\"column-8\">85%<\/td>\n<\/tr>\n<tr class=\"row-7\">\n\t<td class=\"column-1\">Brillo (nits)<\/td><td class=\"column-2\">800~4,500<\/td><td class=\"column-3\">800~5,500<\/td><td class=\"column-4\">800~5,500<\/td><td class=\"column-5\">800~5,500<\/td><td class=\"column-6\">800~5,500<\/td><td class=\"column-7\">800~6,500<\/td><td class=\"column-8\">800~6,500<\/td>\n<\/tr>\n<tr class=\"row-8\">\n\t<td class=\"column-1\">Requisitos de energ\u00eda<\/td><td class=\"column-2\">CA 220 V \u00b1 101 TP3T; 50 Hz<\/td><td class=\"column-3\">CA 220 V \u00b1 101 TP3T; 50 Hz<\/td><td class=\"column-4\">CA 220 V \u00b1 101 TP3T; 50 Hz<\/td><td class=\"column-5\">CA 220 V \u00b1 101 TP3T; 50 Hz<\/td><td class=\"column-6\">CA 220 V \u00b1 101 TP3T; 50 Hz<\/td><td class=\"column-7\">CA 220 V \u00b1 101 TP3T; 50 Hz<\/td><td class=\"column-8\">CA 220 V \u00b1 101 TP3T; 50 Hz<\/td>\n<\/tr>\n<tr class=\"row-9\">\n\t<td class=\"column-1\">Consumo de energ\u00eda<\/td><td class=\"column-2\">M\u00e1x.: 800 W\/m\u00b2; Promedio: 260 W\/m\u00b2<\/td><td class=\"column-3\">M\u00e1x.: 800 W\/m\u00b2; Promedio: 260 W\/m\u00b2<\/td><td class=\"column-4\">M\u00e1x.: 800 W\/m\u00b2; Promedio: 260 W\/m\u00b2<\/td><td class=\"column-5\">M\u00e1x.: 800 W\/m\u00b2; Promedio: 260 W\/m\u00b2<\/td><td class=\"column-6\">M\u00e1x.: 800 W\/m\u00b2; Promedio: 260 W\/m\u00b2<\/td><td class=\"column-7\">M\u00e1x.: 800 W\/m\u00b2; Promedio: 260 W\/m\u00b2<\/td><td class=\"column-8\">M\u00e1x.: 800 W\/m\u00b2; Promedio: 260 W\/m\u00b2<\/td>\n<\/tr>\n<tr class=\"row-10\">\n\t<td class=\"column-1\">Frecuencia de actualizaci\u00f3n<\/td><td class=\"column-2\">1920\/3840 Hz<\/td><td class=\"column-3\">1920\/3840 Hz<\/td><td class=\"column-4\">1920\/3840 Hz<\/td><td class=\"column-5\">1920\/3840 Hz<\/td><td class=\"column-6\">1920\/3840 Hz<\/td><td class=\"column-7\">1920\/3840 Hz<\/td><td class=\"column-8\">1920\/3840 Hz<\/td>\n<\/tr>\n<tr class=\"row-11\">\n\t<td class=\"column-1\">Temperatura de funcionamiento<\/td><td class=\"column-2\">-10 \u00b0C ~ 45 \u00b0C<\/td><td class=\"column-3\">-10 \u00b0C ~ 45 \u00b0C<\/td><td class=\"column-4\">-10 \u00b0C ~ 45 \u00b0C<\/td><td class=\"column-5\">-10 \u00b0C ~ 45 \u00b0C<\/td><td class=\"column-6\">-10 \u00b0C ~ 45 \u00b0C<\/td><td class=\"column-7\">-10 \u00b0C ~ 45 \u00b0C<\/td><td class=\"column-8\">-10 \u00b0C ~ 45 \u00b0C<\/td>\n<\/tr>\n<tr class=\"row-12\">\n\t<td class=\"column-1\">Peso<\/td><td class=\"column-2\">7 kg\/m\u00b2<\/td><td class=\"column-3\">7 kg\/m\u00b2<\/td><td class=\"column-4\">7 kg\/m\u00b2<\/td><td class=\"column-5\">7 kg\/m\u00b2<\/td><td class=\"column-6\">7 kg\/m\u00b2<\/td><td class=\"column-7\">7 kg\/m\u00b2<\/td><td class=\"column-8\">7 kg\/m\u00b2<\/td>\n<\/tr>\n<tr class=\"row-13\">\n\t<td class=\"column-1\">Tama\u00f1o del gabinete<\/td><td class=\"column-2\">1000*500 mm<\/td><td class=\"column-3\">1000*500 mm<\/td><td class=\"column-4\">1000*500 mm<\/td><td class=\"column-5\">1000*500 mm<\/td><td class=\"column-6\">1000*500 mm<\/td><td class=\"column-7\">1000*500 mm<\/td><td class=\"column-8\">1000*500 mm<\/td>\n<\/tr>\n<\/tbody>\n<\/table>\n\n\t\t<\/div>\n\t\t\t\t\t<\/div>\n\n\t\n<\/div>\n\t\t<\/div>\n\t\t\t\t\t<\/div>\n\n\t\n<\/div>","protected":false},"excerpt":{"rendered":"<p>Mejora tu espacio con el <strong>Panel LED transl\u00facido serie TTG<\/strong> | PANTALLA LED<\/p>\n<p>Nuestro <strong>Panel LED transl\u00facido serie TTG<\/strong> Combina tecnolog\u00eda de vanguardia con una flexibilidad inigualable, lo que lo hace perfecto para espacios comerciales como centros comerciales, exposiciones y m\u00e1s. Con opciones de tama\u00f1o personalizables y <a href=\"https:\/\/www.telaled.com\/es\/densidade-de-pixels-em-telas-de-led-e-lcd\/\">densidad de p\u00edxeles<\/a>, Esta pantalla permite la integraci\u00f3n de im\u00e1genes impactantes manteniendo una est\u00e9tica integrada y abierta.<\/p>\n<p><strong>Caracter\u00edsticas principales:<\/strong><\/p>\n<ul>\n<li>Ofrece de 65% a 95% de transparencia, integr\u00e1ndose perfectamente en su entorno sin bloquear la luz natural.<\/li>\n<li>Elija entre una variedad de tama\u00f1os y densidades de p\u00edxeles para satisfacer las necesidades espec\u00edficas de su espacio.<\/li>\n<li>El dise\u00f1o plegable y sin marco se adapta f\u00e1cilmente a una variedad de instalaciones, brindando infinitas posibilidades creativas.<\/li>\n<\/ul>\n<p>Obtenga soporte remoto 24\/7 y una garant\u00eda de 3 a\u00f1os. \u00a1Cont\u00e1ctenos ahora para obtener un presupuesto personalizado!<\/p>","protected":false},"featured_media":3042,"template":"","meta":[],"product_brand":[],"product_cat":[44,45],"product_tag":[],"class_list":{"0":"post-3034","1":"product","2":"type-product","3":"status-publish","4":"has-post-thumbnail","6":"product_cat-painel-de-led-flexivel","7":"product_cat-painel-de-led-transparente","9":"first","10":"instock","11":"shipping-taxable","12":"product-type-simple"},"yoast_head":"<!-- This site is optimized with the Yoast SEO plugin v27.5 - https:\/\/yoast.com\/product\/yoast-seo-wordpress\/ -->\n<title>Painel de LED Transl\u00facido da S\u00e9rie TTG | Aumente o Impacto Visual | TELALED<\/title>\n<meta name=\"description\" content=\"Renove seu espa\u00e7o com nosso Painel de LED Transl\u00facido da S\u00e9rie TTG, com alto brilho, at\u00e9 95% de transpar\u00eancia e tamanhos personalizados para visuais comerciais impressionantes. Entre em contato conosco hoje mesmo!\" \/>\n<meta name=\"robots\" content=\"index, follow, max-snippet:-1, max-image-preview:large, max-video-preview:-1\" \/>\n<link rel=\"canonical\" href=\"https:\/\/www.telaled.com\/es\/fabrica\/painel-de-led-translucido-serie-ttg\/\" \/>\n<meta property=\"og:locale\" content=\"es_ES\" \/>\n<meta property=\"og:type\" content=\"article\" \/>\n<meta property=\"og:title\" content=\"Painel de LED Transl\u00facido da S\u00e9rie TTG | Aumente o Impacto Visual | TELALED\" \/>\n<meta property=\"og:description\" content=\"Renove seu espa\u00e7o com nosso Painel de LED Transl\u00facido da S\u00e9rie TTG, com alto brilho, at\u00e9 95% de transpar\u00eancia e tamanhos personalizados para visuais comerciais impressionantes. Entre em contato conosco hoje mesmo!\" \/>\n<meta property=\"og:url\" content=\"https:\/\/www.telaled.com\/es\/fabrica\/painel-de-led-translucido-serie-ttg\/\" \/>\n<meta property=\"og:site_name\" content=\"TELALED\" \/>\n<meta property=\"article:modified_time\" content=\"2026-01-05T07:20:02+00:00\" \/>\n<meta property=\"og:image\" content=\"https:\/\/www.telaled.com\/wp-content\/uploads\/2025\/08\/painel-de-led-translucido-1.webp\" \/>\n\t<meta property=\"og:image:width\" content=\"500\" \/>\n\t<meta property=\"og:image:height\" content=\"500\" \/>\n\t<meta property=\"og:image:type\" content=\"image\/webp\" \/>\n<meta name=\"twitter:card\" content=\"summary_large_image\" \/>\n<meta name=\"twitter:label1\" content=\"Tiempo de lectura\" \/>\n\t<meta name=\"twitter:data1\" content=\"3 minutos\" \/>\n<script type=\"application\/ld+json\" class=\"yoast-schema-graph\">{\"@context\":\"https:\\\/\\\/schema.org\",\"@graph\":[{\"@type\":\"WebPage\",\"@id\":\"https:\\\/\\\/www.telaled.com\\\/fabrica\\\/painel-de-led-translucido-serie-ttg\\\/\",\"url\":\"https:\\\/\\\/www.telaled.com\\\/fabrica\\\/painel-de-led-translucido-serie-ttg\\\/\",\"name\":\"Painel de LED Transl\u00facido da S\u00e9rie TTG | Aumente o Impacto Visual | TELALED\",\"isPartOf\":{\"@id\":\"https:\\\/\\\/www.telaled.com\\\/#website\"},\"primaryImageOfPage\":{\"@id\":\"https:\\\/\\\/www.telaled.com\\\/fabrica\\\/painel-de-led-translucido-serie-ttg\\\/#primaryimage\"},\"image\":{\"@id\":\"https:\\\/\\\/www.telaled.com\\\/fabrica\\\/painel-de-led-translucido-serie-ttg\\\/#primaryimage\"},\"thumbnailUrl\":\"https:\\\/\\\/www.telaled.com\\\/wp-content\\\/uploads\\\/2025\\\/08\\\/painel-de-led-translucido-1.webp\",\"datePublished\":\"2025-08-20T01:33:46+00:00\",\"dateModified\":\"2026-01-05T07:20:02+00:00\",\"description\":\"Renove seu espa\u00e7o com nosso Painel de LED Transl\u00facido da S\u00e9rie TTG, com alto brilho, at\u00e9 95% de transpar\u00eancia e tamanhos personalizados para visuais comerciais impressionantes. Entre em contato conosco hoje mesmo!\",\"breadcrumb\":{\"@id\":\"https:\\\/\\\/www.telaled.com\\\/fabrica\\\/painel-de-led-translucido-serie-ttg\\\/#breadcrumb\"},\"inLanguage\":\"es\",\"potentialAction\":[{\"@type\":\"ReadAction\",\"target\":[\"https:\\\/\\\/www.telaled.com\\\/fabrica\\\/painel-de-led-translucido-serie-ttg\\\/\"]}]},{\"@type\":\"ImageObject\",\"inLanguage\":\"es\",\"@id\":\"https:\\\/\\\/www.telaled.com\\\/fabrica\\\/painel-de-led-translucido-serie-ttg\\\/#primaryimage\",\"url\":\"https:\\\/\\\/www.telaled.com\\\/wp-content\\\/uploads\\\/2025\\\/08\\\/painel-de-led-translucido-1.webp\",\"contentUrl\":\"https:\\\/\\\/www.telaled.com\\\/wp-content\\\/uploads\\\/2025\\\/08\\\/painel-de-led-translucido-1.webp\",\"width\":500,\"height\":500,\"caption\":\"painel-de-led-translucido (1)\"},{\"@type\":\"BreadcrumbList\",\"@id\":\"https:\\\/\\\/www.telaled.com\\\/fabrica\\\/painel-de-led-translucido-serie-ttg\\\/#breadcrumb\",\"itemListElement\":[{\"@type\":\"ListItem\",\"position\":1,\"name\":\"Home\",\"item\":\"https:\\\/\\\/www.telaled.com\\\/\"},{\"@type\":\"ListItem\",\"position\":2,\"name\":\"Produtos\",\"item\":\"https:\\\/\\\/www.telaled.com\\\/shop\\\/\"},{\"@type\":\"ListItem\",\"position\":3,\"name\":\"Painel de LED Translucido S\u00e9rie TTG\"}]},{\"@type\":\"WebSite\",\"@id\":\"https:\\\/\\\/www.telaled.com\\\/#website\",\"url\":\"https:\\\/\\\/www.telaled.com\\\/\",\"name\":\"TELALED\",\"description\":\"\",\"potentialAction\":[{\"@type\":\"SearchAction\",\"target\":{\"@type\":\"EntryPoint\",\"urlTemplate\":\"https:\\\/\\\/www.telaled.com\\\/?s={search_term_string}\"},\"query-input\":{\"@type\":\"PropertyValueSpecification\",\"valueRequired\":true,\"valueName\":\"search_term_string\"}}],\"inLanguage\":\"es\"}]}<\/script>\n<!-- \/ Yoast SEO plugin. -->","yoast_head_json":{"title":"Panel LED transl\u00facido serie TTG | Mayor impacto visual | TALALED","description":"Renueve su espacio con nuestras pantallas LED transl\u00facidas de la serie TTG, con alto brillo, transparencia de hasta 95% y tama\u00f1os personalizados para lograr im\u00e1genes comerciales impactantes. \u00a1Cont\u00e1ctenos hoy mismo!","robots":{"index":"index","follow":"follow","max-snippet":"max-snippet:-1","max-image-preview":"max-image-preview:large","max-video-preview":"max-video-preview:-1"},"canonical":"https:\/\/www.telaled.com\/es\/fabrica\/painel-de-led-translucido-serie-ttg\/","og_locale":"es_ES","og_type":"article","og_title":"Painel de LED Transl\u00facido da S\u00e9rie TTG | Aumente o Impacto Visual | TELALED","og_description":"Renove seu espa\u00e7o com nosso Painel de LED Transl\u00facido da S\u00e9rie TTG, com alto brilho, at\u00e9 95% de transpar\u00eancia e tamanhos personalizados para visuais comerciais impressionantes. Entre em contato conosco hoje mesmo!","og_url":"https:\/\/www.telaled.com\/es\/fabrica\/painel-de-led-translucido-serie-ttg\/","og_site_name":"TELALED","article_modified_time":"2026-01-05T07:20:02+00:00","og_image":[{"width":500,"height":500,"url":"https:\/\/www.telaled.com\/wp-content\/uploads\/2025\/08\/painel-de-led-translucido-1.webp","type":"image\/webp"}],"twitter_card":"summary_large_image","twitter_misc":{"Tiempo de lectura":"3 minutos"},"schema":{"@context":"https:\/\/schema.org","@graph":[{"@type":"WebPage","@id":"https:\/\/www.telaled.com\/fabrica\/painel-de-led-translucido-serie-ttg\/","url":"https:\/\/www.telaled.com\/fabrica\/painel-de-led-translucido-serie-ttg\/","name":"Panel LED transl\u00facido serie TTG | Mayor impacto visual | TALALED","isPartOf":{"@id":"https:\/\/www.telaled.com\/#website"},"primaryImageOfPage":{"@id":"https:\/\/www.telaled.com\/fabrica\/painel-de-led-translucido-serie-ttg\/#primaryimage"},"image":{"@id":"https:\/\/www.telaled.com\/fabrica\/painel-de-led-translucido-serie-ttg\/#primaryimage"},"thumbnailUrl":"https:\/\/www.telaled.com\/wp-content\/uploads\/2025\/08\/painel-de-led-translucido-1.webp","datePublished":"2025-08-20T01:33:46+00:00","dateModified":"2026-01-05T07:20:02+00:00","description":"Renueve su espacio con nuestras pantallas LED transl\u00facidas de la serie TTG, con alto brillo, transparencia de hasta 95% y tama\u00f1os personalizados para lograr im\u00e1genes comerciales impactantes. \u00a1Cont\u00e1ctenos hoy mismo!","breadcrumb":{"@id":"https:\/\/www.telaled.com\/fabrica\/painel-de-led-translucido-serie-ttg\/#breadcrumb"},"inLanguage":"es","potentialAction":[{"@type":"ReadAction","target":["https:\/\/www.telaled.com\/fabrica\/painel-de-led-translucido-serie-ttg\/"]}]},{"@type":"ImageObject","inLanguage":"es","@id":"https:\/\/www.telaled.com\/fabrica\/painel-de-led-translucido-serie-ttg\/#primaryimage","url":"https:\/\/www.telaled.com\/wp-content\/uploads\/2025\/08\/painel-de-led-translucido-1.webp","contentUrl":"https:\/\/www.telaled.com\/wp-content\/uploads\/2025\/08\/painel-de-led-translucido-1.webp","width":500,"height":500,"caption":"painel-de-led-translucido (1)"},{"@type":"BreadcrumbList","@id":"https:\/\/www.telaled.com\/fabrica\/painel-de-led-translucido-serie-ttg\/#breadcrumb","itemListElement":[{"@type":"ListItem","position":1,"name":"Home","item":"https:\/\/www.telaled.com\/"},{"@type":"ListItem","position":2,"name":"Produtos","item":"https:\/\/www.telaled.com\/shop\/"},{"@type":"ListItem","position":3,"name":"Painel de LED Translucido S\u00e9rie TTG"}]},{"@type":"WebSite","@id":"https:\/\/www.telaled.com\/#website","url":"https:\/\/www.telaled.com\/","name":"Pantalla LED","description":"","potentialAction":[{"@type":"SearchAction","target":{"@type":"EntryPoint","urlTemplate":"https:\/\/www.telaled.com\/?s={search_term_string}"},"query-input":{"@type":"PropertyValueSpecification","valueRequired":true,"valueName":"search_term_string"}}],"inLanguage":"es"}]}},"_links":{"self":[{"href":"https:\/\/www.telaled.com\/es\/wp-json\/wp\/v2\/product\/3034","targetHints":{"allow":["GET"]}}],"collection":[{"href":"https:\/\/www.telaled.com\/es\/wp-json\/wp\/v2\/product"}],"about":[{"href":"https:\/\/www.telaled.com\/es\/wp-json\/wp\/v2\/types\/product"}],"wp:featuredmedia":[{"embeddable":true,"href":"https:\/\/www.telaled.com\/es\/wp-json\/wp\/v2\/media\/3042"}],"wp:attachment":[{"href":"https:\/\/www.telaled.com\/es\/wp-json\/wp\/v2\/media?parent=3034"}],"wp:term":[{"taxonomy":"product_brand","embeddable":true,"href":"https:\/\/www.telaled.com\/es\/wp-json\/wp\/v2\/product_brand?post=3034"},{"taxonomy":"product_cat","embeddable":true,"href":"https:\/\/www.telaled.com\/es\/wp-json\/wp\/v2\/product_cat?post=3034"},{"taxonomy":"product_tag","embeddable":true,"href":"https:\/\/www.telaled.com\/es\/wp-json\/wp\/v2\/product_tag?post=3034"}],"curies":[{"name":"gracias","href":"https:\/\/api.w.org\/{rel}","templated":true}]}}