{"id":3005,"date":"2025-08-18T02:14:21","date_gmt":"2025-08-18T02:14:21","guid":{"rendered":"https:\/\/www.telaled.com\/?post_type=product&#038;p=3005"},"modified":"2026-01-05T06:56:17","modified_gmt":"2026-01-05T06:56:17","slug":"painel-de-led-cilindrico-transparente-serie-ttf","status":"publish","type":"product","link":"https:\/\/www.telaled.com\/es\/fabrica\/painel-de-led-cilindrico-transparente-serie-ttf\/","title":{"rendered":"Panel LED cil\u00edndrico transparente de la serie TTF"},"content":{"rendered":"<div class=\"row\"  id=\"row-1975336673\">\n\n\t<div id=\"col-1379376039\" class=\"col small-12 large-12\"  >\n\t\t\t\t<div class=\"col-inner\"  >\n\t\t\t\n\t\t\t\n<h2>Ventajas \u00fanicas del panel LED cil\u00edndrico transparente de la serie TTF<\/h2>\n<h3><strong>Durabilidad superior<\/strong><\/h3>\n<ul>\n<li>Estructura cil\u00edndrica reforzada: evita que se doble y mantiene la pantalla estable durante el uso a largo plazo.<\/li>\n<li>M\u00f3dulos LED de alta calidad: mantienen el brillo y la claridad incluso en funcionamiento continuo.<\/li>\n<li>Opciones de dise\u00f1o personalizado: permite flexibilidad de tama\u00f1o preservando la resistencia estructural.<\/li>\n<\/ul>\n<h3><strong>Calidad visual excepcional<\/strong><\/h3>\n<ul>\n<li>Las opciones de paso de p\u00edxeles finos (1,9 mm a 15,6 mm) ofrecen im\u00e1genes n\u00edtidas y detalladas, adecuadas tanto para visualizaci\u00f3n de cerca como para pantallas de gran tama\u00f1o.<\/li>\n<li>Dise\u00f1o omnidireccional de 360\u00b0: garantiza que el p\u00fablico vea im\u00e1genes n\u00edtidas y vibrantes desde todos los \u00e1ngulos.<\/li>\n<li>Altos niveles de transparencia: Permite la integraci\u00f3n de la luz y el fondo, produciendo contenido v\u00edvido sin bloquear las vistas naturales.<\/li>\n<\/ul>\n<h3><strong>Adaptabilidad completa<\/strong><\/h3>\n<ul>\n<li>Los di\u00e1metros personalizables a partir de 640 mm le brindan la libertad de dise\u00f1ar todo, desde espacios minoristas compactos hasta instalaciones a gran escala.<\/li>\n<li>La gama de <a href=\"https:\/\/www.telaled.com\/es\/pixel-pitch\/\">paso de p\u00edxeles<\/a> Desde 1,9 mm hasta 16,5 mm, permite ajustes precisos para la distancia de visualizaci\u00f3n y las necesidades de rendimiento visual.<\/li>\n<li>La compatibilidad con aplicaciones tanto interiores como exteriores hace que la pantalla sea vers\u00e1til para centros comerciales, exposiciones, aeropuertos y otros lugares. <a href=\"https:\/\/www.telaled.com\/es\/painel-de-led-para-eventos\/\">eventos<\/a>.<\/li>\n<\/ul>\n<h3><strong>Soporte integral<\/strong><\/h3>\n<ul>\n<li>Soporte t\u00e9cnico remoto 24 horas al d\u00eda, 7 d\u00edas a la semana: acceda a asistencia experta en cualquier momento y en cualquier lugar.<\/li>\n<li>5% de repuestos incluidos: Cada pedido incluye componentes adicionales para aumentar la confiabilidad y brindar tranquilidad.<\/li>\n<li>Garant\u00eda extendida de 3 a\u00f1os: disfrute de una convergencia a largo plazo para un mejor rendimiento y un servicio confiable.<\/li>\n<\/ul>\n<h2>Detalles del producto<\/h2>\n<div class=\"row\"  id=\"row-1941152848\">\n\n\t<div id=\"col-2140456379\" class=\"col medium-10 small-12 large-10\"  >\n\t\t\t\t<div class=\"col-inner text-left\"  >\n\t\t\t\n\t\t\t\n<ul>\n<li>Incluye un sistema de control avanzado que permite la gesti\u00f3n de video remota y presencial. Gracias a una plataforma intuitiva, puede cargar y gestionar contenido en m\u00faltiples pantallas, programar la reproducci\u00f3n y mantener un rendimiento fiable. Sus funciones de control estables ofrecen tranquilidad, mientras que la visibilidad de 360\u00b0 garantiza una gran interacci\u00f3n con la audiencia.<\/li>\n<\/ul>\n\t<div class=\"img has-hover x md-x lg-x y md-y lg-y\" id=\"image_1049395023\">\n\t\t\t\t\t\t\t\t<div class=\"img-inner dark\" >\n\t\t\t<img loading=\"lazy\" decoding=\"async\" width=\"634\" height=\"332\" src=\"https:\/\/www.telaled.com\/wp-content\/uploads\/2025\/08\/Sistema-de-controle-inteligente.webp\" class=\"attachment-original size-original\" alt=\"Sistema de control inteligente\" srcset=\"https:\/\/www.telaled.com\/wp-content\/uploads\/2025\/08\/Sistema-de-controle-inteligente.webp 634w, https:\/\/www.telaled.com\/wp-content\/uploads\/2025\/08\/Sistema-de-controle-inteligente-300x157.webp 300w, https:\/\/www.telaled.com\/wp-content\/uploads\/2025\/08\/Sistema-de-controle-inteligente-18x9.webp 18w, https:\/\/www.telaled.com\/wp-content\/uploads\/2025\/08\/Sistema-de-controle-inteligente-600x314.webp 600w\" sizes=\"auto, (max-width: 634px) 100vw, 634px\" \/>\t\t\t\t\t\t\n\t\t\t\t\t<\/div>\n\t\t\t\t\t\t\t\t\n<style>\n#image_1049395023 {\n  width: 95%;\n}\n<\/style>\n\t<\/div>\n\t\n\t\t<\/div>\n\t\t\t\t\t<\/div>\n\n\t\n\n\t<div id=\"col-473523710\" class=\"col medium-10 small-12 large-10\"  >\n\t\t\t\t<div class=\"col-inner text-left\"  >\n\t\t\t\n\t\t\t\n<ul>\n<li>Su dise\u00f1o modular flexible lo hace ideal para configuraciones de pantalla circulares creativas. Su estructura flexible y robusta permite formatos de pantalla fluidos que se adaptan a diferentes dise\u00f1os.<\/li>\n<\/ul>\n\t<div class=\"img has-hover x md-x lg-x y md-y lg-y\" id=\"image_970828646\">\n\t\t\t\t\t\t\t\t<div class=\"img-inner dark\" >\n\t\t\t<img loading=\"lazy\" decoding=\"async\" width=\"640\" height=\"430\" src=\"https:\/\/www.telaled.com\/wp-content\/uploads\/2025\/08\/Modulo-de-exibicao-inovador.webp\" class=\"attachment-large size-large\" alt=\"M\u00f3dulo de visualizaci\u00f3n innovador\" srcset=\"https:\/\/www.telaled.com\/wp-content\/uploads\/2025\/08\/Modulo-de-exibicao-inovador.webp 640w, https:\/\/www.telaled.com\/wp-content\/uploads\/2025\/08\/Modulo-de-exibicao-inovador-300x202.webp 300w, https:\/\/www.telaled.com\/wp-content\/uploads\/2025\/08\/Modulo-de-exibicao-inovador-18x12.webp 18w, https:\/\/www.telaled.com\/wp-content\/uploads\/2025\/08\/Modulo-de-exibicao-inovador-600x403.webp 600w\" sizes=\"auto, (max-width: 640px) 100vw, 640px\" \/>\t\t\t\t\t\t\n\t\t\t\t\t<\/div>\n\t\t\t\t\t\t\t\t\n<style>\n#image_970828646 {\n  width: 95%;\n}\n<\/style>\n\t<\/div>\n\t\n<ul>\n<li>Ofrece una pantalla panor\u00e1mica de 360 grados que capta la atenci\u00f3n desde cualquier \u00e1ngulo. Su paso de p\u00edxeles ultrafino de 1,9 mm garantiza im\u00e1genes n\u00edtidas y de alta definici\u00f3n, lo que la hace ideal para crear entornos inmersivos.<\/li>\n<\/ul>\n\t<div class=\"img has-hover x md-x lg-x y md-y lg-y\" id=\"image_1160066837\">\n\t\t\t\t\t\t\t\t<div class=\"img-inner dark\" >\n\t\t\t<img loading=\"lazy\" decoding=\"async\" width=\"638\" height=\"322\" src=\"https:\/\/www.telaled.com\/wp-content\/uploads\/2025\/08\/Tela-de-visualizacao-completa-de-360\u00b0.webp\" class=\"attachment-large size-large\" alt=\"\" srcset=\"https:\/\/www.telaled.com\/wp-content\/uploads\/2025\/08\/Tela-de-visualizacao-completa-de-360\u00b0.webp 638w, https:\/\/www.telaled.com\/wp-content\/uploads\/2025\/08\/Tela-de-visualizacao-completa-de-360\u00b0-300x151.webp 300w, https:\/\/www.telaled.com\/wp-content\/uploads\/2025\/08\/Tela-de-visualizacao-completa-de-360\u00b0-18x9.webp 18w, https:\/\/www.telaled.com\/wp-content\/uploads\/2025\/08\/Tela-de-visualizacao-completa-de-360\u00b0-600x303.webp 600w\" sizes=\"auto, (max-width: 638px) 100vw, 638px\" \/>\t\t\t\t\t\t\n\t\t\t\t\t<\/div>\n\t\t\t\t\t\t\t\t\n<style>\n#image_1160066837 {\n  width: 95%;\n}\n<\/style>\n\t<\/div>\n\t\n\t\t<\/div>\n\t\t\t\t\t<\/div>\n\n\t\n\n\t<div id=\"col-595799085\" class=\"col medium-10 small-12 large-10\"  >\n\t\t\t\t<div class=\"col-inner text-left\"  >\n\t\t\t\n\t\t\t\n<ul>\n<li>T\u00fa <a href=\"https:\/\/www.telaled.com\/es\/?attachment_id=3025\">Pantallas LED<\/a> Se embalan seg\u00fan su tipo y finalidad. Las unidades completamente ensambladas suelen enviarse en cajas de madera o de cart\u00f3n reforzado para mantener su estabilidad durante el transporte. Para protegerlas de los \u00e1caros del polvo, los m\u00f3dulos LED suelen embalarse en cajas reforzadas o marcos de madera sellados. Este m\u00e9todo aumenta la durabilidad durante la manipulaci\u00f3n y la seguridad general.<\/li>\n<\/ul>\n\t<div class=\"img has-hover x md-x lg-x y md-y lg-y\" id=\"image_1777126791\">\n\t\t\t\t\t\t\t\t<div class=\"img-inner dark\" >\n\t\t\t<img loading=\"lazy\" decoding=\"async\" width=\"760\" height=\"1024\" src=\"https:\/\/www.telaled.com\/wp-content\/uploads\/2025\/06\/Embalagem-760x1024.webp\" class=\"attachment-large size-large\" alt=\"Embalaje\" srcset=\"https:\/\/www.telaled.com\/wp-content\/uploads\/2025\/06\/Embalagem-760x1024.webp 760w, https:\/\/www.telaled.com\/wp-content\/uploads\/2025\/06\/Embalagem-223x300.webp 223w, https:\/\/www.telaled.com\/wp-content\/uploads\/2025\/06\/Embalagem-768x1035.webp 768w, https:\/\/www.telaled.com\/wp-content\/uploads\/2025\/06\/Embalagem-9x12.webp 9w, https:\/\/www.telaled.com\/wp-content\/uploads\/2025\/06\/Embalagem-600x808.webp 600w, https:\/\/www.telaled.com\/wp-content\/uploads\/2025\/06\/Embalagem.webp 795w\" sizes=\"auto, (max-width: 760px) 100vw, 760px\" \/>\t\t\t\t\t\t\n\t\t\t\t\t<\/div>\n\t\t\t\t\t\t\t\t\n<style>\n#image_1777126791 {\n  width: 95%;\n}\n<\/style>\n\t<\/div>\n\t\n\t\t<\/div>\n\t\t\t\t\t<\/div>\n\n\t\n<\/div>\n\t\t<\/div>\n\t\t\t\t\t<\/div>\n\n\t\n\n\t<div id=\"col-900806395\" class=\"col small-12 large-12\"  >\n\t\t\t\t<div class=\"col-inner\"  >\n\t\t\t\n\t\t\t\n<div class=\"row\"  id=\"row-1661834066\">\n\n\t<div id=\"col-1790720953\" class=\"col medium-10 small-12 large-10\"  >\n\t\t\t\t<div class=\"col-inner\"  >\n\t\t\t\n\t\t\t\n\n<table id=\"tablepress-63\" class=\"tablepress tablepress-id-63\">\n<thead>\n<tr class=\"row-1\">\n\t<th class=\"column-1\">Modelo de producto<\/th><th class=\"column-2\">TTF 1<\/th><th class=\"column-3\">TTF 2<\/th><th class=\"column-4\">TTF 3<\/th><th class=\"column-5\">TTF 5<\/th><th class=\"column-6\">TTF 8<\/th><th class=\"column-7\">TTF 10<\/th><th class=\"column-8\">TTF 15<\/th>\n<\/tr>\n<\/thead>\n<tbody class=\"row-striping row-hover\">\n<tr class=\"row-2\">\n\t<td class=\"column-1\">Paso de p\u00edxeles (mm)<\/td><td class=\"column-2\">1.9*3.9<\/td><td class=\"column-3\">2.8*5.6<\/td><td class=\"column-4\">3.9*7.8<\/td><td class=\"column-5\">5.2*10.4<\/td><td class=\"column-6\">7.8*7.8<\/td><td class=\"column-7\">10.4*10.4<\/td><td class=\"column-8\">15.625*15.625<\/td>\n<\/tr>\n<tr class=\"row-3\">\n\t<td class=\"column-1\">Densidad de p\u00edxeles (puntos\/m\u00b2)<\/td><td class=\"column-2\">129,024<\/td><td class=\"column-3\">61,952<\/td><td class=\"column-4\">32,768<\/td><td class=\"column-5\">18,432<\/td><td class=\"column-6\">16,384<\/td><td class=\"column-7\">9,216<\/td><td class=\"column-8\">4,096<\/td>\n<\/tr>\n<tr class=\"row-4\">\n\t<td class=\"column-1\">Resoluci\u00f3n del m\u00f3dulo (puntos)<\/td><td class=\"column-2\">252*16<\/td><td class=\"column-3\">176*22<\/td><td class=\"column-4\">128*16<\/td><td class=\"column-5\">96*12<\/td><td class=\"column-6\">64*16<\/td><td class=\"column-7\">48*12<\/td><td class=\"column-8\">32*8<\/td>\n<\/tr>\n<tr class=\"row-5\">\n\t<td class=\"column-1\">Resoluci\u00f3n del Gabinete (puntos)<\/td><td class=\"column-2\">504*128<\/td><td class=\"column-3\">352*88<\/td><td class=\"column-4\">256*64<\/td><td class=\"column-5\">192*48<\/td><td class=\"column-6\">128*64<\/td><td class=\"column-7\">96*48<\/td><td class=\"column-8\">64*32<\/td>\n<\/tr>\n<tr class=\"row-6\">\n\t<td class=\"column-1\">Transparencia<\/td><td class=\"column-2\">42%<\/td><td class=\"column-3\">45%<\/td><td class=\"column-4\">65%<\/td><td class=\"column-5\">75%<\/td><td class=\"column-6\">65%<\/td><td class=\"column-7\">75%<\/td><td class=\"column-8\">85%<\/td>\n<\/tr>\n<tr class=\"row-7\">\n\t<td class=\"column-1\">Brillo (nits)<\/td><td class=\"column-2\">800~4,500<\/td><td class=\"column-3\">800~5,500<\/td><td class=\"column-4\">800~5,500<\/td><td class=\"column-5\">800~5,500<\/td><td class=\"column-6\">800~5,500<\/td><td class=\"column-7\">800~6,500<\/td><td class=\"column-8\">800~6,500<\/td>\n<\/tr>\n<tr class=\"row-8\">\n\t<td class=\"column-1\">Requisitos de energ\u00eda<\/td><td class=\"column-2\">220 V \u00b1 101 TP3T; CA 50 Hz<\/td><td class=\"column-3\">220 V \u00b1 101 TP3T; CA 50 Hz<\/td><td class=\"column-4\">220 V \u00b1 101 TP3T; CA 50 Hz<\/td><td class=\"column-5\">220 V \u00b1 101 TP3T; CA 50 Hz<\/td><td class=\"column-6\">220 V \u00b1 101 TP3T; CA 50 Hz<\/td><td class=\"column-7\">220 V \u00b1 101 TP3T; CA 50 Hz<\/td><td class=\"column-8\">220 V \u00b1 101 TP3T; CA 50 Hz<\/td>\n<\/tr>\n<tr class=\"row-9\">\n\t<td class=\"column-1\">Consumo de energ\u00eda<\/td><td class=\"column-2\">M\u00e1x.: 800 W\/m\u00b2<\/td><td class=\"column-3\">M\u00e1x.: 800 W\/m\u00b2<\/td><td class=\"column-4\">M\u00e1x.: 800 W\/m\u00b2<\/td><td class=\"column-5\">M\u00e1x.: 800 W\/m\u00b2<\/td><td class=\"column-6\">M\u00e1x.: 800 W\/m\u00b2<\/td><td class=\"column-7\">M\u00e1x.: 800 W\/m\u00b2<\/td><td class=\"column-8\">M\u00e1x.: 800 W\/m\u00b2<\/td>\n<\/tr>\n<tr class=\"row-10\">\n\t<td class=\"column-1\">Frecuencia de actualizaci\u00f3n<\/td><td class=\"column-2\">1920\/3840 Hz<\/td><td class=\"column-3\">1920\/3840 Hz<\/td><td class=\"column-4\">1920\/3840 Hz<\/td><td class=\"column-5\">1920\/3840 Hz<\/td><td class=\"column-6\">1920\/3840 Hz<\/td><td class=\"column-7\">1920\/3840 Hz<\/td><td class=\"column-8\">1920\/3840 Hz<\/td>\n<\/tr>\n<tr class=\"row-11\">\n\t<td class=\"column-1\">Temperatura de funcionamiento<\/td><td class=\"column-2\">-10 \u00b0C ~ 45 \u00b0C<\/td><td class=\"column-3\">-10 \u00b0C ~ 45 \u00b0C<\/td><td class=\"column-4\">-10 \u00b0C ~ 45 \u00b0C<\/td><td class=\"column-5\">-10 \u00b0C ~ 45 \u00b0C<\/td><td class=\"column-6\">-10 \u00b0C ~ 45 \u00b0C<\/td><td class=\"column-7\">-10 \u00b0C ~ 45 \u00b0C<\/td><td class=\"column-8\">-10 \u00b0C ~ 45 \u00b0C<\/td>\n<\/tr>\n<tr class=\"row-12\">\n\t<td class=\"column-1\">Peso<\/td><td class=\"column-2\">7 kg\/m\u00b2<\/td><td class=\"column-3\">7 kg\/m\u00b2<\/td><td class=\"column-4\">7 kg\/m\u00b2<\/td><td class=\"column-5\">7 kg\/m\u00b2<\/td><td class=\"column-6\">7 kg\/m\u00b2<\/td><td class=\"column-7\">7 kg\/m\u00b2<\/td><td class=\"column-8\">7 kg\/m\u00b2<\/td>\n<\/tr>\n<tr class=\"row-13\">\n\t<td class=\"column-1\">Di\u00e1metro<\/td><td class=\"column-2\">M\u00ednimo: 640 mm<\/td><td class=\"column-3\">M\u00ednimo: 640 mm<\/td><td class=\"column-4\">M\u00ednimo: 640 mm<\/td><td class=\"column-5\">M\u00ednimo: 640 mm<\/td><td class=\"column-6\">M\u00ednimo: 640 mm<\/td><td class=\"column-7\">M\u00ednimo: 640 mm<\/td><td class=\"column-8\">M\u00ednimo: 640 mm<\/td>\n<\/tr>\n<\/tbody>\n<\/table>\n<!-- #tablepress-63 from cache -->\n\t\t<\/div>\n\t\t\t\t\t<\/div>\n\n\t\n<\/div>\n\t\t<\/div>\n\t\t\t\t\t<\/div>\n\n\t\n<\/div>","protected":false},"excerpt":{"rendered":"<p><strong>Panel LED cil\u00edndrico transparente personalizado de la serie TTF<\/strong><\/p>\n<p>Proporciona visibilidad de 360 grados con pasos de p\u00edxeles flexibles. Dise\u00f1ado con<strong><a href=\"https:\/\/www.telaled.com\/es\/painel-de-led-transparente-2\/\"> panel LED transparente<\/a> personalizado<\/strong>Este panel es ideal para proyectos interiores y exteriores, con opciones para <strong>panel tubular LED transparente<\/strong>Fue desarrollado con dimensionamiento y compatibilidad tanto para uso interior como exterior, siendo parte de nuestra serie de pantallas LED tubulares transparentes personalizadas y adaptables.<\/p>\n<p><strong>Caracter\u00edsticas principales:<\/strong><\/p>\n<ul>\n<li><strong>Visibilidad culinaria de 360\u00b0:<\/strong> Visible desde todas las direcciones, ideal para atrios, exposiciones e instalaciones esc\u00e9nicas.<\/li>\n<li><strong>Distancias de p\u00edxeles flexibles:<\/strong> Admite pantallas de alta resoluci\u00f3n con distancias de visualizaci\u00f3n estrechas para visualizaci\u00f3n de cerca y distancias de visualizaci\u00f3n m\u00e1s largas para espacios grandes.<\/li>\n<li><strong>Estructura tubular ligera y transparente:<\/strong> Simplifica la instalaci\u00f3n manteniendo un alto brillo y estabilidad en ambientes interiores o exteriores.<\/li>\n<\/ul>\n<p>Ofrecemos soporte remoto 24\/7 y una garant\u00eda de 3 a\u00f1os. Cont\u00e1ctenos hoy mismo para obtener un presupuesto personalizado.<\/p>","protected":false},"featured_media":3019,"template":"","meta":[],"product_brand":[],"product_cat":[48,44,45],"product_tag":[],"class_list":{"0":"post-3005","1":"product","2":"type-product","3":"status-publish","4":"has-post-thumbnail","6":"product_cat-paineis-personalizados","7":"product_cat-painel-de-led-flexivel","8":"product_cat-painel-de-led-transparente","10":"first","11":"instock","12":"shipping-taxable","13":"product-type-simple"},"yoast_head":"<!-- This site is optimized with the Yoast SEO plugin v27.5 - https:\/\/yoast.com\/product\/yoast-seo-wordpress\/ -->\n<title>Painel de LED Cil\u00edndrico Transparente S\u00e9rie TTF | Tela de LED 360\u00b0 para Exibi\u00e7\u00e3o Interna e Externa |TELALED<\/title>\n<meta name=\"description\" content=\"Explore nosso Painel de LED Cil\u00edndrico Transparente S\u00e9rie TTF - uma tela de LED cil\u00edndrica personaliz\u00e1vel com visibilidade de 360\u00b0, molduras flex\u00edveis e diferentes dist\u00e2ncias entre pixels. Solicite um or\u00e7amento agora mesmo!\" \/>\n<meta name=\"robots\" content=\"index, follow, max-snippet:-1, max-image-preview:large, max-video-preview:-1\" \/>\n<link rel=\"canonical\" href=\"https:\/\/www.telaled.com\/es\/fabrica\/painel-de-led-cilindrico-transparente-serie-ttf\/\" \/>\n<meta property=\"og:locale\" content=\"es_ES\" \/>\n<meta property=\"og:type\" content=\"article\" \/>\n<meta property=\"og:title\" content=\"Painel de LED Cil\u00edndrico Transparente S\u00e9rie TTF | Tela de LED 360\u00b0 para Exibi\u00e7\u00e3o Interna e Externa |TELALED\" \/>\n<meta property=\"og:description\" content=\"Explore nosso Painel de LED Cil\u00edndrico Transparente S\u00e9rie TTF - uma tela de LED cil\u00edndrica personaliz\u00e1vel com visibilidade de 360\u00b0, molduras flex\u00edveis e diferentes dist\u00e2ncias entre pixels. Solicite um or\u00e7amento agora mesmo!\" \/>\n<meta property=\"og:url\" content=\"https:\/\/www.telaled.com\/es\/fabrica\/painel-de-led-cilindrico-transparente-serie-ttf\/\" \/>\n<meta property=\"og:site_name\" content=\"TELALED\" \/>\n<meta property=\"article:modified_time\" content=\"2026-01-05T06:56:17+00:00\" \/>\n<meta property=\"og:image\" content=\"https:\/\/www.telaled.com\/wp-content\/uploads\/2025\/08\/painel-de-led-cilindrico-transparente.webp\" \/>\n\t<meta property=\"og:image:width\" content=\"500\" \/>\n\t<meta property=\"og:image:height\" content=\"500\" \/>\n\t<meta property=\"og:image:type\" content=\"image\/webp\" \/>\n<meta name=\"twitter:card\" content=\"summary_large_image\" \/>\n<meta name=\"twitter:label1\" content=\"Tiempo de lectura\" \/>\n\t<meta name=\"twitter:data1\" content=\"3 minutos\" \/>\n<script type=\"application\/ld+json\" class=\"yoast-schema-graph\">{\"@context\":\"https:\\\/\\\/schema.org\",\"@graph\":[{\"@type\":\"WebPage\",\"@id\":\"https:\\\/\\\/www.telaled.com\\\/fabrica\\\/painel-de-led-cilindrico-transparente-serie-ttf\\\/\",\"url\":\"https:\\\/\\\/www.telaled.com\\\/fabrica\\\/painel-de-led-cilindrico-transparente-serie-ttf\\\/\",\"name\":\"Painel de LED Cil\u00edndrico Transparente S\u00e9rie TTF | Tela de LED 360\u00b0 para Exibi\u00e7\u00e3o Interna e Externa |TELALED\",\"isPartOf\":{\"@id\":\"https:\\\/\\\/www.telaled.com\\\/#website\"},\"primaryImageOfPage\":{\"@id\":\"https:\\\/\\\/www.telaled.com\\\/fabrica\\\/painel-de-led-cilindrico-transparente-serie-ttf\\\/#primaryimage\"},\"image\":{\"@id\":\"https:\\\/\\\/www.telaled.com\\\/fabrica\\\/painel-de-led-cilindrico-transparente-serie-ttf\\\/#primaryimage\"},\"thumbnailUrl\":\"https:\\\/\\\/www.telaled.com\\\/wp-content\\\/uploads\\\/2025\\\/08\\\/painel-de-led-cilindrico-transparente.webp\",\"datePublished\":\"2025-08-18T02:14:21+00:00\",\"dateModified\":\"2026-01-05T06:56:17+00:00\",\"description\":\"Explore nosso Painel de LED Cil\u00edndrico Transparente S\u00e9rie TTF - uma tela de LED cil\u00edndrica personaliz\u00e1vel com visibilidade de 360\u00b0, molduras flex\u00edveis e diferentes dist\u00e2ncias entre pixels. Solicite um or\u00e7amento agora mesmo!\",\"breadcrumb\":{\"@id\":\"https:\\\/\\\/www.telaled.com\\\/fabrica\\\/painel-de-led-cilindrico-transparente-serie-ttf\\\/#breadcrumb\"},\"inLanguage\":\"es\",\"potentialAction\":[{\"@type\":\"ReadAction\",\"target\":[\"https:\\\/\\\/www.telaled.com\\\/fabrica\\\/painel-de-led-cilindrico-transparente-serie-ttf\\\/\"]}]},{\"@type\":\"ImageObject\",\"inLanguage\":\"es\",\"@id\":\"https:\\\/\\\/www.telaled.com\\\/fabrica\\\/painel-de-led-cilindrico-transparente-serie-ttf\\\/#primaryimage\",\"url\":\"https:\\\/\\\/www.telaled.com\\\/wp-content\\\/uploads\\\/2025\\\/08\\\/painel-de-led-cilindrico-transparente.webp\",\"contentUrl\":\"https:\\\/\\\/www.telaled.com\\\/wp-content\\\/uploads\\\/2025\\\/08\\\/painel-de-led-cilindrico-transparente.webp\",\"width\":500,\"height\":500,\"caption\":\"painel-de-led-cil\u00edndrico-transparente\"},{\"@type\":\"BreadcrumbList\",\"@id\":\"https:\\\/\\\/www.telaled.com\\\/fabrica\\\/painel-de-led-cilindrico-transparente-serie-ttf\\\/#breadcrumb\",\"itemListElement\":[{\"@type\":\"ListItem\",\"position\":1,\"name\":\"Home\",\"item\":\"https:\\\/\\\/www.telaled.com\\\/\"},{\"@type\":\"ListItem\",\"position\":2,\"name\":\"Produtos\",\"item\":\"https:\\\/\\\/www.telaled.com\\\/shop\\\/\"},{\"@type\":\"ListItem\",\"position\":3,\"name\":\"Painel de LED Cil\u00edndrico Transparente S\u00e9rie TTF\"}]},{\"@type\":\"WebSite\",\"@id\":\"https:\\\/\\\/www.telaled.com\\\/#website\",\"url\":\"https:\\\/\\\/www.telaled.com\\\/\",\"name\":\"TELALED\",\"description\":\"\",\"potentialAction\":[{\"@type\":\"SearchAction\",\"target\":{\"@type\":\"EntryPoint\",\"urlTemplate\":\"https:\\\/\\\/www.telaled.com\\\/?s={search_term_string}\"},\"query-input\":{\"@type\":\"PropertyValueSpecification\",\"valueRequired\":true,\"valueName\":\"search_term_string\"}}],\"inLanguage\":\"es\"}]}<\/script>\n<!-- \/ Yoast SEO plugin. -->","yoast_head_json":{"title":"Panel LED cil\u00edndrico transparente serie TTF | Pantalla LED de 360\u00b0 para interiores y exteriores | TELALED","description":"Descubra nuestra pantalla LED cil\u00edndrica transparente de la serie TTF: una pantalla LED cil\u00edndrica personalizable con visibilidad de 360\u00b0, biseles flexibles y diferentes distancias entre p\u00edxeles. \u00a1Solicite un presupuesto ahora!","robots":{"index":"index","follow":"follow","max-snippet":"max-snippet:-1","max-image-preview":"max-image-preview:large","max-video-preview":"max-video-preview:-1"},"canonical":"https:\/\/www.telaled.com\/es\/fabrica\/painel-de-led-cilindrico-transparente-serie-ttf\/","og_locale":"es_ES","og_type":"article","og_title":"Painel de LED Cil\u00edndrico Transparente S\u00e9rie TTF | Tela de LED 360\u00b0 para Exibi\u00e7\u00e3o Interna e Externa |TELALED","og_description":"Explore nosso Painel de LED Cil\u00edndrico Transparente S\u00e9rie TTF - uma tela de LED cil\u00edndrica personaliz\u00e1vel com visibilidade de 360\u00b0, molduras flex\u00edveis e diferentes dist\u00e2ncias entre pixels. Solicite um or\u00e7amento agora mesmo!","og_url":"https:\/\/www.telaled.com\/es\/fabrica\/painel-de-led-cilindrico-transparente-serie-ttf\/","og_site_name":"TELALED","article_modified_time":"2026-01-05T06:56:17+00:00","og_image":[{"width":500,"height":500,"url":"https:\/\/www.telaled.com\/wp-content\/uploads\/2025\/08\/painel-de-led-cilindrico-transparente.webp","type":"image\/webp"}],"twitter_card":"summary_large_image","twitter_misc":{"Tiempo de lectura":"3 minutos"},"schema":{"@context":"https:\/\/schema.org","@graph":[{"@type":"WebPage","@id":"https:\/\/www.telaled.com\/fabrica\/painel-de-led-cilindrico-transparente-serie-ttf\/","url":"https:\/\/www.telaled.com\/fabrica\/painel-de-led-cilindrico-transparente-serie-ttf\/","name":"Panel LED cil\u00edndrico transparente serie TTF | Pantalla LED de 360\u00b0 para interiores y exteriores | TELALED","isPartOf":{"@id":"https:\/\/www.telaled.com\/#website"},"primaryImageOfPage":{"@id":"https:\/\/www.telaled.com\/fabrica\/painel-de-led-cilindrico-transparente-serie-ttf\/#primaryimage"},"image":{"@id":"https:\/\/www.telaled.com\/fabrica\/painel-de-led-cilindrico-transparente-serie-ttf\/#primaryimage"},"thumbnailUrl":"https:\/\/www.telaled.com\/wp-content\/uploads\/2025\/08\/painel-de-led-cilindrico-transparente.webp","datePublished":"2025-08-18T02:14:21+00:00","dateModified":"2026-01-05T06:56:17+00:00","description":"Descubra nuestra pantalla LED cil\u00edndrica transparente de la serie TTF: una pantalla LED cil\u00edndrica personalizable con visibilidad de 360\u00b0, biseles flexibles y diferentes distancias entre p\u00edxeles. \u00a1Solicite un presupuesto ahora!","breadcrumb":{"@id":"https:\/\/www.telaled.com\/fabrica\/painel-de-led-cilindrico-transparente-serie-ttf\/#breadcrumb"},"inLanguage":"es","potentialAction":[{"@type":"ReadAction","target":["https:\/\/www.telaled.com\/fabrica\/painel-de-led-cilindrico-transparente-serie-ttf\/"]}]},{"@type":"ImageObject","inLanguage":"es","@id":"https:\/\/www.telaled.com\/fabrica\/painel-de-led-cilindrico-transparente-serie-ttf\/#primaryimage","url":"https:\/\/www.telaled.com\/wp-content\/uploads\/2025\/08\/painel-de-led-cilindrico-transparente.webp","contentUrl":"https:\/\/www.telaled.com\/wp-content\/uploads\/2025\/08\/painel-de-led-cilindrico-transparente.webp","width":500,"height":500,"caption":"painel-de-led-cil\u00edndrico-transparente"},{"@type":"BreadcrumbList","@id":"https:\/\/www.telaled.com\/fabrica\/painel-de-led-cilindrico-transparente-serie-ttf\/#breadcrumb","itemListElement":[{"@type":"ListItem","position":1,"name":"Home","item":"https:\/\/www.telaled.com\/"},{"@type":"ListItem","position":2,"name":"Produtos","item":"https:\/\/www.telaled.com\/shop\/"},{"@type":"ListItem","position":3,"name":"Painel de LED Cil\u00edndrico Transparente S\u00e9rie TTF"}]},{"@type":"WebSite","@id":"https:\/\/www.telaled.com\/#website","url":"https:\/\/www.telaled.com\/","name":"Pantalla LED","description":"","potentialAction":[{"@type":"SearchAction","target":{"@type":"EntryPoint","urlTemplate":"https:\/\/www.telaled.com\/?s={search_term_string}"},"query-input":{"@type":"PropertyValueSpecification","valueRequired":true,"valueName":"search_term_string"}}],"inLanguage":"es"}]}},"_links":{"self":[{"href":"https:\/\/www.telaled.com\/es\/wp-json\/wp\/v2\/product\/3005","targetHints":{"allow":["GET"]}}],"collection":[{"href":"https:\/\/www.telaled.com\/es\/wp-json\/wp\/v2\/product"}],"about":[{"href":"https:\/\/www.telaled.com\/es\/wp-json\/wp\/v2\/types\/product"}],"wp:featuredmedia":[{"embeddable":true,"href":"https:\/\/www.telaled.com\/es\/wp-json\/wp\/v2\/media\/3019"}],"wp:attachment":[{"href":"https:\/\/www.telaled.com\/es\/wp-json\/wp\/v2\/media?parent=3005"}],"wp:term":[{"taxonomy":"product_brand","embeddable":true,"href":"https:\/\/www.telaled.com\/es\/wp-json\/wp\/v2\/product_brand?post=3005"},{"taxonomy":"product_cat","embeddable":true,"href":"https:\/\/www.telaled.com\/es\/wp-json\/wp\/v2\/product_cat?post=3005"},{"taxonomy":"product_tag","embeddable":true,"href":"https:\/\/www.telaled.com\/es\/wp-json\/wp\/v2\/product_tag?post=3005"}],"curies":[{"name":"gracias","href":"https:\/\/api.w.org\/{rel}","templated":true}]}}