{"id":2924,"date":"2025-08-11T09:00:34","date_gmt":"2025-08-11T09:00:34","guid":{"rendered":"https:\/\/www.telaled.com\/?post_type=product&#038;p=2924"},"modified":"2025-12-26T03:44:21","modified_gmt":"2025-12-26T03:44:21","slug":"painel-de-led-transparente-serie-tta","status":"publish","type":"product","link":"https:\/\/www.telaled.com\/es\/fabrica\/painel-de-led-transparente-serie-tta\/","title":{"rendered":"Panel LED transparente serie TTA"},"content":{"rendered":"<div class=\"row\"  id=\"row-1107953714\">\n\n\t<div id=\"col-587596607\" class=\"col small-12 large-12\"  >\n\t\t\t\t<div class=\"col-inner\"  >\n\t\t\t\n\t\t\t\n<h2>Ventajas exclusivas del panel LED transparente de la serie TTA<\/h2>\n<h3><strong>Durabilidad superior<\/strong><\/h3>\n<ul>\n<li>Marco de aluminio resistente: cuenta con un marco de aluminio liviano y duradero que garantiza la integridad estructural y es f\u00e1cil de manipular e instalar.<\/li>\n<li>M\u00f3dulos LED modulares (500 \u00d7 125 mm): cada m\u00f3dulo est\u00e1 dise\u00f1ado para una integraci\u00f3n perfecta, ofreciendo una distancia entre p\u00edxeles de 3,91 mm para im\u00e1genes consistentes y de alta calidad, con capacidades de reemplazo r\u00e1pido para minimizar el tiempo de inactividad.<\/li>\n<\/ul>\n<h3><strong>Calidad visual excepcional<\/strong><\/h3>\n<ul>\n<li>Alto brillo de 4000-4500 cd\/\u33a1: garantiza im\u00e1genes claras y v\u00edvidas incluso en \u00e1reas brillantes o de mucho tr\u00e1fico, lo que lo hace adecuado para uso tanto en interiores como en exteriores.<\/li>\n<li>\u00c1ngulo de visi\u00f3n amplio de 140\u00b0: proporciona im\u00e1genes n\u00edtidas y claras desde m\u00faltiples \u00e1ngulos sin distorsi\u00f3n, lo que garantiza una experiencia de visualizaci\u00f3n consistente desde todos los \u00e1ngulos.<\/li>\n<li>Reproducci\u00f3n precisa del color: la tecnolog\u00eda de calibraci\u00f3n avanzada garantiza una precisi\u00f3n de color realista, con brillo uniforme y consistencia de color en toda la pantalla.<\/li>\n<\/ul>\n<h3><strong>Adaptabilidad completa<\/strong><\/h3>\n<ul>\n<li>Tama\u00f1o personalizable: el dise\u00f1o modular permite ajustes f\u00e1ciles para satisfacer los requisitos de espacio espec\u00edficos para una soluci\u00f3n de exhibici\u00f3n personalizada.<\/li>\n<li>Integraci\u00f3n perfecta con la arquitectura: el dise\u00f1o transparente garantiza una f\u00e1cil combinaci\u00f3n con elementos arquitect\u00f3nicos modernos sin obstruir la vista.<\/li>\n<li>Compatibilidad con interiores y exteriores: adaptable para entornos interiores y exteriores, perfecto para una variedad de entornos, como centros comerciales, eventos y m\u00e1s.<\/li>\n<\/ul>\n<h3><strong>Soporte integral<\/strong><\/h3>\n<ul>\n<li>Soporte t\u00e9cnico remoto 24 horas al d\u00eda, 7 d\u00edas a la semana: obtenga asistencia cuando la necesite, dondequiera que est\u00e9.<\/li>\n<li>5% de piezas de repuesto suministradas: cada env\u00edo incluye componentes adicionales para mayor confiabilidad y tranquilidad.<\/li>\n<li>Garant\u00eda extendida de 3 a\u00f1os: Benef\u00edciese de la protecci\u00f3n a largo plazo para un mejor rendimiento y un soporte confiable.<\/li>\n<\/ul>\n<h2>Detalles del producto<\/h2>\n<div class=\"row\"  id=\"row-896976701\">\n\n\t<div id=\"col-1179928722\" class=\"col medium-10 small-12 large-10\"  >\n\t\t\t\t<div class=\"col-inner text-left\"  >\n\t\t\t\n\t\t\t\n<ul>\n<li>La caja de alimentaci\u00f3n modular y la placa de circuito impreso permiten reparaciones r\u00e1pidas y sencillas, as\u00ed como la sustituci\u00f3n de piezas a bajo coste. La placa de circuito impreso modular tambi\u00e9n mantiene la planitud de la pantalla con mayor eficacia que las tiras LED de iluminaci\u00f3n lateral.<\/li>\n<\/ul>\n\t<div class=\"img has-hover x md-x lg-x y md-y lg-y\" id=\"image_1886911788\">\n\t\t\t\t\t\t\t\t<div class=\"img-inner dark\" >\n\t\t\t<img loading=\"lazy\" decoding=\"async\" width=\"744\" height=\"719\" src=\"https:\/\/www.telaled.com\/wp-content\/uploads\/2025\/08\/Design-modular.webp\" class=\"attachment-original size-original\" alt=\"Dise\u00f1o modular\" srcset=\"https:\/\/www.telaled.com\/wp-content\/uploads\/2025\/08\/Design-modular.webp 744w, https:\/\/www.telaled.com\/wp-content\/uploads\/2025\/08\/Design-modular-300x290.webp 300w, https:\/\/www.telaled.com\/wp-content\/uploads\/2025\/08\/Design-modular-12x12.webp 12w, https:\/\/www.telaled.com\/wp-content\/uploads\/2025\/08\/Design-modular-600x580.webp 600w\" sizes=\"auto, (max-width: 744px) 100vw, 744px\" \/>\t\t\t\t\t\t\n\t\t\t\t\t<\/div>\n\t\t\t\t\t\t\t\t\n<style>\n#image_1886911788 {\n  width: 95%;\n}\n<\/style>\n\t<\/div>\n\t\n\t\t<\/div>\n\t\t\t\t\t<\/div>\n\n\t\n\n\t<div id=\"col-1013620740\" class=\"col medium-10 small-12 large-10\"  >\n\t\t\t\t<div class=\"col-inner text-left\"  >\n\t\t\t\n\t\t\t\n<ul>\n<li>Dise\u00f1ado para una instalaci\u00f3n sencilla, lo que permite su instalaci\u00f3n por una sola persona. Esta caracter\u00edstica optimiza las instalaciones permanentes y temporales, reduciendo el tiempo y los costos de mano de obra.<\/li>\n<\/ul>\n\t<div class=\"img has-hover x md-x lg-x y md-y lg-y\" id=\"image_2035409176\">\n\t\t\t\t\t\t\t\t<div class=\"img-inner dark\" >\n\t\t\t<img loading=\"lazy\" decoding=\"async\" width=\"1020\" height=\"623\" src=\"https:\/\/www.telaled.com\/wp-content\/uploads\/2025\/08\/Instalacao-rapida-e-simples-1024x625.webp\" class=\"attachment-large size-large\" alt=\"\" srcset=\"https:\/\/www.telaled.com\/wp-content\/uploads\/2025\/08\/Instalacao-rapida-e-simples-1024x625.webp 1024w, https:\/\/www.telaled.com\/wp-content\/uploads\/2025\/08\/Instalacao-rapida-e-simples-300x183.webp 300w, https:\/\/www.telaled.com\/wp-content\/uploads\/2025\/08\/Instalacao-rapida-e-simples-768x469.webp 768w, https:\/\/www.telaled.com\/wp-content\/uploads\/2025\/08\/Instalacao-rapida-e-simples-18x12.webp 18w, https:\/\/www.telaled.com\/wp-content\/uploads\/2025\/08\/Instalacao-rapida-e-simples-600x366.webp 600w, https:\/\/www.telaled.com\/wp-content\/uploads\/2025\/08\/Instalacao-rapida-e-simples.webp 1385w\" sizes=\"auto, (max-width: 1020px) 100vw, 1020px\" \/>\t\t\t\t\t\t\n\t\t\t\t\t<\/div>\n\t\t\t\t\t\t\t\t\n<style>\n#image_2035409176 {\n  width: 95%;\n}\n<\/style>\n\t<\/div>\n\t\n<ul>\n<li>Prioriza la sostenibilidad al operar con un bajo consumo promedio de energ\u00eda de tan solo 180 W\/\u00b2. Este dise\u00f1o de bajo consumo energ\u00e9tico no solo minimiza el impacto ambiental, sino que tambi\u00e9n reduce los costos de energ\u00eda.<\/li>\n<\/ul>\n\t<div class=\"img has-hover x md-x lg-x y md-y lg-y\" id=\"image_1064100102\">\n\t\t\t\t\t\t\t\t<div class=\"img-inner dark\" >\n\t\t\t<img loading=\"lazy\" decoding=\"async\" width=\"640\" height=\"430\" src=\"https:\/\/www.telaled.com\/wp-content\/uploads\/2025\/08\/Eficiencia-energetica-ecologica.webp\" class=\"attachment-large size-large\" alt=\"\" srcset=\"https:\/\/www.telaled.com\/wp-content\/uploads\/2025\/08\/Eficiencia-energetica-ecologica.webp 640w, https:\/\/www.telaled.com\/wp-content\/uploads\/2025\/08\/Eficiencia-energetica-ecologica-300x202.webp 300w, https:\/\/www.telaled.com\/wp-content\/uploads\/2025\/08\/Eficiencia-energetica-ecologica-18x12.webp 18w, https:\/\/www.telaled.com\/wp-content\/uploads\/2025\/08\/Eficiencia-energetica-ecologica-600x403.webp 600w\" sizes=\"auto, (max-width: 640px) 100vw, 640px\" \/>\t\t\t\t\t\t\n\t\t\t\t\t<\/div>\n\t\t\t\t\t\t\t\t\n<style>\n#image_1064100102 {\n  width: 95%;\n}\n<\/style>\n\t<\/div>\n\t\n\t\t<\/div>\n\t\t\t\t\t<\/div>\n\n\t\n\n\t<div id=\"col-1302482151\" class=\"col medium-10 small-12 large-10\"  >\n\t\t\t\t<div class=\"col-inner text-left\"  >\n\t\t\t\n\t\t\t\n<ul>\n<li>Nuestras pantallas LED se embalan seg\u00fan su tipo y uso previsto. Las unidades correctamente ensambladas se embalan en cajas de madera o cart\u00f3n reforzado para mantener su estabilidad durante el transporte. Los m\u00f3dulos LED reciben un cuidado especial, ya que suelen embalarse en cajas de cart\u00f3n reforzado o cajas herm\u00e9ticas con marco de madera adicional para mayor protecci\u00f3n.<\/li>\n<\/ul>\n\t<div class=\"img has-hover x md-x lg-x y md-y lg-y\" id=\"image_1828446050\">\n\t\t\t\t\t\t\t\t<div class=\"img-inner dark\" >\n\t\t\t<img loading=\"lazy\" decoding=\"async\" width=\"760\" height=\"1024\" src=\"https:\/\/www.telaled.com\/wp-content\/uploads\/2025\/06\/Embalagem-760x1024.webp\" class=\"attachment-large size-large\" alt=\"Embalaje\" srcset=\"https:\/\/www.telaled.com\/wp-content\/uploads\/2025\/06\/Embalagem-760x1024.webp 760w, https:\/\/www.telaled.com\/wp-content\/uploads\/2025\/06\/Embalagem-223x300.webp 223w, https:\/\/www.telaled.com\/wp-content\/uploads\/2025\/06\/Embalagem-768x1035.webp 768w, https:\/\/www.telaled.com\/wp-content\/uploads\/2025\/06\/Embalagem-9x12.webp 9w, https:\/\/www.telaled.com\/wp-content\/uploads\/2025\/06\/Embalagem-600x808.webp 600w, https:\/\/www.telaled.com\/wp-content\/uploads\/2025\/06\/Embalagem.webp 795w\" sizes=\"auto, (max-width: 760px) 100vw, 760px\" \/>\t\t\t\t\t\t\n\t\t\t\t\t<\/div>\n\t\t\t\t\t\t\t\t\n<style>\n#image_1828446050 {\n  width: 95%;\n}\n<\/style>\n\t<\/div>\n\t\n\t\t<\/div>\n\t\t\t\t\t<\/div>\n\n\t\n<\/div>\n\t\t<\/div>\n\t\t\t\t\t<\/div>\n\n\t\n\n\t<div id=\"col-855665770\" class=\"col small-12 large-12\"  >\n\t\t\t\t<div class=\"col-inner\"  >\n\t\t\t\n\t\t\t\n<div class=\"row\"  id=\"row-749385172\">\n\n\t<div id=\"col-693686012\" class=\"col medium-10 small-12 large-10\"  >\n\t\t\t\t<div class=\"col-inner\"  >\n\t\t\t\n\t\t\t\n\n<table id=\"tablepress-58\" class=\"tablepress tablepress-id-58\">\n<thead>\n<tr class=\"row-1\">\n\t<th class=\"column-1\">Art\u00edculo<\/th><th class=\"column-2\">Pantalla LED transparente a color TTA3.91<\/th>\n<\/tr>\n<\/thead>\n<tbody class=\"row-striping row-hover\">\n<tr class=\"row-2\">\n\t<td class=\"column-1\">Tama\u00f1o del m\u00f3dulo<\/td><td class=\"column-2\">500 mm x 125 mm x 10 mm<\/td>\n<\/tr>\n<tr class=\"row-3\">\n\t<td class=\"column-1\">Resoluci\u00f3n<\/td><td class=\"column-2\">128X16=2048<\/td>\n<\/tr>\n<tr class=\"row-4\">\n\t<td class=\"column-1\">Paso de p\u00edxeles<\/td><td class=\"column-2\">3,91 mm<\/td>\n<\/tr>\n<tr class=\"row-5\">\n\t<td class=\"column-1\">Densidad f\u00edsica<\/td><td class=\"column-2\">32768 puntos\/\u33a1<\/td>\n<\/tr>\n<tr class=\"row-6\">\n\t<td class=\"column-1\">M\u00f3dulo actual<\/td><td class=\"column-2\">9A \u00b1 0,1A<\/td>\n<\/tr>\n<tr class=\"row-7\">\n\t<td class=\"column-1\">Voltaje de entrada<\/td><td class=\"column-2\">4,8 V-5,2 V<\/td>\n<\/tr>\n<tr class=\"row-8\">\n\t<td class=\"column-1\">Potencia del m\u00f3dulo<\/td><td class=\"column-2\">45 W<\/td>\n<\/tr>\n<tr class=\"row-9\">\n\t<td class=\"column-1\">Peso del m\u00f3dulo<\/td><td class=\"column-2\">310 gramos<\/td>\n<\/tr>\n<tr class=\"row-10\">\n\t<td class=\"column-1\">Resoluci\u00f3n de la caja (An x Al)<\/td><td class=\"column-2\">256 p\u00edxeles \u00d7 128 p\u00edxeles<\/td>\n<\/tr>\n<tr class=\"row-11\">\n\t<td class=\"column-1\">Distribuci\u00f3n del m\u00f3dulo (An x Al)<\/td><td class=\"column-2\">2\u00d78<\/td>\n<\/tr>\n<tr class=\"row-12\">\n\t<td class=\"column-1\">Tama\u00f1o de la caja (ancho x alto x grosor)<\/td><td class=\"column-2\">1000 mm \u00d7 1000 mm \u00d7 80 mm<\/td>\n<\/tr>\n<tr class=\"row-13\">\n\t<td class=\"column-1\">Peso del gabinete<\/td><td class=\"column-2\">7,5 kg\/m\u00b2<\/td>\n<\/tr>\n<tr class=\"row-14\">\n\t<td class=\"column-1\">Modo de instalaci\u00f3n<\/td><td class=\"column-2\">Instalaci\u00f3n del bastidor trasero \/ elevaci\u00f3n \/ instalaci\u00f3n del arco interior<\/td>\n<\/tr>\n<tr class=\"row-15\">\n\t<td class=\"column-1\">Densidad f\u00edsica<\/td><td class=\"column-2\">32768 puntos\/\u33a1<\/td>\n<\/tr>\n<tr class=\"row-16\">\n\t<td class=\"column-1\">Brillar<\/td><td class=\"column-2\">4000-4500 cd\/m\u00b2<\/td>\n<\/tr>\n<tr class=\"row-17\">\n\t<td class=\"column-1\">Vista horizontal \/ vista vertical<\/td><td class=\"column-2\">140\u00b0\/140\u00b0<\/td>\n<\/tr>\n<tr class=\"row-18\">\n\t<td class=\"column-1\">Transmitancia<\/td><td class=\"column-2\">\u226565%<\/td>\n<\/tr>\n<tr class=\"row-19\">\n\t<td class=\"column-1\">Uniformidad de cromaticidad<\/td><td class=\"column-2\">\u00b1 0,003 CX, dentro de CY<\/td>\n<\/tr>\n<tr class=\"row-20\">\n\t<td class=\"column-1\">M\u00e1ximo contraste<\/td><td class=\"column-2\">3000:1<\/td>\n<\/tr>\n<tr class=\"row-21\">\n\t<td class=\"column-1\">Grado de protecci\u00f3n<\/td><td class=\"column-2\">IP22<\/td>\n<\/tr>\n<tr class=\"row-22\">\n\t<td class=\"column-1\">Modo de mantenimiento<\/td><td class=\"column-2\">Mantenimiento delantero y trasero<\/td>\n<\/tr>\n<tr class=\"row-23\">\n\t<td class=\"column-1\">Bits de procesamiento de color de se\u00f1al<\/td><td class=\"column-2\">Rojo, verde y azul \u2265 16 bits cada uno<\/td>\n<\/tr>\n<tr class=\"row-24\">\n\t<td class=\"column-1\">Modo de conducci\u00f3n<\/td><td class=\"column-2\">Accionamiento de corriente constante<\/td>\n<\/tr>\n<tr class=\"row-25\">\n\t<td class=\"column-1\">Frecuencia de cambio de cuadro<\/td><td class=\"column-2\">El pincel de altura de 60 cuadros admite 3D: 120 cuadros<\/td>\n<\/tr>\n<tr class=\"row-26\">\n\t<td class=\"column-1\">Frecuencia de actualizaci\u00f3n<\/td><td class=\"column-2\">Cepillo com\u00fan \u2264 1920 Hz, cepillo alto \u2264 3840 Hz<\/td>\n<\/tr>\n<tr class=\"row-27\">\n\t<td class=\"column-1\">Temperatura del color de la pantalla<\/td><td class=\"column-2\">3200K ~ 9500K ajustable<\/td>\n<\/tr>\n<tr class=\"row-28\">\n\t<td class=\"column-1\">Ajuste de brillo<\/td><td class=\"column-2\">Control manual \/ autom\u00e1tico \/ programado<\/td>\n<\/tr>\n<tr class=\"row-29\">\n\t<td class=\"column-1\">Correcci\u00f3n de p\u00edxeles<\/td><td class=\"column-2\">Equipado con correcci\u00f3n de brillo y croma punto por punto.<\/td>\n<\/tr>\n<tr class=\"row-30\">\n\t<td class=\"column-1\">Modo de control<\/td><td class=\"column-2\">Control s\u00edncrono<\/td>\n<\/tr>\n<tr class=\"row-31\">\n\t<td class=\"column-1\">Distancia de control<\/td><td class=\"column-2\">Cable de red de par trenzado de categor\u00eda 5 superior, de m\u00e1s de 100 metros, que utiliza fibra \u00f3ptica<\/td>\n<\/tr>\n<tr class=\"row-32\">\n\t<td class=\"column-1\">Interfaz de software<\/td><td class=\"column-2\">Windows XP\/7\/8\/10<\/td>\n<\/tr>\n<tr class=\"row-33\">\n\t<td class=\"column-1\">Entrada de se\u00f1al<\/td><td class=\"column-2\">HDMI DVI<\/td>\n<\/tr>\n<tr class=\"row-34\">\n\t<td class=\"column-1\">Voltaje de trabajo<\/td><td class=\"column-2\">CA: 240 V, 50 ~ 60 Hz<\/td>\n<\/tr>\n<tr class=\"row-35\">\n\t<td class=\"column-1\">Consumo m\u00e1ximo de energ\u00eda<\/td><td class=\"column-2\">300 W\/m2<\/td>\n<\/tr>\n<tr class=\"row-36\">\n\t<td class=\"column-1\">Consumo medio de energ\u00eda<\/td><td class=\"column-2\">180 W\/m\u00b2<\/td>\n<\/tr>\n<tr class=\"row-37\">\n\t<td class=\"column-1\">Fuente de energ\u00eda<\/td><td class=\"column-2\">Fuente de alimentaci\u00f3n de 300 W (Nandian \/ Chuanglian \/ Juneng y otras marcas de fuentes de alimentaci\u00f3n)<\/td>\n<\/tr>\n<tr class=\"row-38\">\n\t<td class=\"column-1\">Tiempo de trabajo continuo<\/td><td class=\"column-2\">\u22657\u00d724 horas, compatible con visualizaci\u00f3n continua<\/td>\n<\/tr>\n<tr class=\"row-39\">\n\t<td class=\"column-1\">Tiempo medio entre fallos<\/td><td class=\"column-2\">\u2265 10000 horas<\/td>\n<\/tr>\n<tr class=\"row-40\">\n\t<td class=\"column-1\">Vida te\u00f3rica del tubo LED<\/td><td class=\"column-2\">100000 horas<\/td>\n<\/tr>\n<tr class=\"row-41\">\n\t<td class=\"column-1\">Punto de fuga discreto<\/td><td class=\"column-2\">\u2264 0,0001, 0 al salir de f\u00e1brica<\/td>\n<\/tr>\n<tr class=\"row-42\">\n\t<td class=\"column-1\">Punto de fuga continuo<\/td><td class=\"column-2\">0<\/td>\n<\/tr>\n<tr class=\"row-43\">\n\t<td class=\"column-1\">Tasa de punto ciego<\/td><td class=\"column-2\">\u2264 0,0001, 0 al salir de f\u00e1brica<\/td>\n<\/tr>\n<tr class=\"row-44\">\n\t<td class=\"column-1\">Temperatura ambiente de funcionamiento<\/td><td class=\"column-2\">-10\u2103~60\u2103<\/td>\n<\/tr>\n<tr class=\"row-45\">\n\t<td class=\"column-1\">Humedad ambiente de funcionamiento<\/td><td class=\"column-2\">10%~90% RH, sin condensaci\u00f3n<\/td>\n<\/tr>\n<\/tbody>\n<\/table>\n<!-- #tablepress-58 from cache -->\n\t\t<\/div>\n\t\t\t\t\t<\/div>\n\n\t\n<\/div>\n\t\t<\/div>\n\t\t\t\t\t<\/div>\n\n\t\n<\/div>","protected":false},"excerpt":{"rendered":"<p><strong>Panel LED transparente de la serie TTA para una soluci\u00f3n visual moderna<\/strong><\/p>\n<p>EL <em><strong>Panel LED transparente serie TTA<\/strong><\/em> Ofrece un dise\u00f1o delgado y liviano con im\u00e1genes v\u00edvidas, lo que lo hace ideal para instalaciones continuas y rentables.<\/p>\n<p><strong>Caracter\u00edsticas principales:<\/strong><\/p>\n<ul>\n<li><strong>Alta transparencia 70% \u2013<\/strong> Ofrece im\u00e1genes v\u00edvidas sin bloquear la luz ni la visibilidad.<\/li>\n<li><strong>Espaciado ideal entre p\u00edxeles:<\/strong> Paso de p\u00edxeles de 3,91 mm para una visualizaci\u00f3n de alta resoluci\u00f3n.<\/li>\n<li><strong>Estructura delgada y ligera.<\/strong>: Armario de 1000 x 1000 mm con un peso de tan solo 7,5 kg\/m2 para un f\u00e1cil manejo y montaje.<\/li>\n<\/ul>\n<p>Ofrecemos soporte remoto 24\/7 y una garant\u00eda de 3 a\u00f1os. Cont\u00e1ctenos hoy mismo para obtener un presupuesto personalizado.<\/p>","protected":false},"featured_media":2925,"template":"","meta":[],"product_brand":[],"product_cat":[40,45,46],"product_tag":[],"class_list":{"0":"post-2924","1":"product","2":"type-product","3":"status-publish","4":"has-post-thumbnail","6":"product_cat-painel-de-led","7":"product_cat-painel-de-led-transparente","8":"product_cat-painel-de-video","10":"first","11":"instock","12":"shipping-taxable","13":"product-type-simple"},"yoast_head":"<!-- This site is optimized with the Yoast SEO plugin v27.5 - https:\/\/yoast.com\/product\/yoast-seo-wordpress\/ -->\n<title>Painel LED Transparente S\u00e9rie TTA | Leve, Ultrafino e Econ\u00f4mico |TELALED<\/title>\n<meta name=\"description\" content=\"Tela Painel de LED Transparente S\u00e9rie TTA , leve e ultrafina, com pixel pitch de 3,91-7,82 mm. Ideal para configura\u00e7\u00f5es integradas e econ\u00f4micas. Entre em contato conosco hoje mesmo!\" \/>\n<meta name=\"robots\" content=\"index, follow, max-snippet:-1, max-image-preview:large, max-video-preview:-1\" \/>\n<link rel=\"canonical\" href=\"https:\/\/www.telaled.com\/es\/fabrica\/painel-de-led-transparente-serie-tta\/\" \/>\n<meta property=\"og:locale\" content=\"es_ES\" \/>\n<meta property=\"og:type\" content=\"article\" \/>\n<meta property=\"og:title\" content=\"Painel LED Transparente S\u00e9rie TTA | Leve, Ultrafino e Econ\u00f4mico |TELALED\" \/>\n<meta property=\"og:description\" content=\"Tela Painel de LED Transparente S\u00e9rie TTA , leve e ultrafina, com pixel pitch de 3,91-7,82 mm. Ideal para configura\u00e7\u00f5es integradas e econ\u00f4micas. Entre em contato conosco hoje mesmo!\" \/>\n<meta property=\"og:url\" content=\"https:\/\/www.telaled.com\/es\/fabrica\/painel-de-led-transparente-serie-tta\/\" \/>\n<meta property=\"og:site_name\" content=\"TELALED\" \/>\n<meta property=\"article:modified_time\" content=\"2025-12-26T03:44:21+00:00\" \/>\n<meta property=\"og:image\" content=\"https:\/\/www.telaled.com\/wp-content\/uploads\/2025\/08\/painel-de-led-transparente.jpg\" \/>\n\t<meta property=\"og:image:width\" content=\"500\" \/>\n\t<meta property=\"og:image:height\" content=\"500\" \/>\n\t<meta property=\"og:image:type\" content=\"image\/jpeg\" \/>\n<meta name=\"twitter:card\" content=\"summary_large_image\" \/>\n<meta name=\"twitter:label1\" content=\"Tiempo de lectura\" \/>\n\t<meta name=\"twitter:data1\" content=\"3 minutos\" \/>\n<script type=\"application\/ld+json\" class=\"yoast-schema-graph\">{\"@context\":\"https:\\\/\\\/schema.org\",\"@graph\":[{\"@type\":\"WebPage\",\"@id\":\"https:\\\/\\\/www.telaled.com\\\/fabrica\\\/painel-de-led-transparente-serie-tta\\\/\",\"url\":\"https:\\\/\\\/www.telaled.com\\\/fabrica\\\/painel-de-led-transparente-serie-tta\\\/\",\"name\":\"Painel LED Transparente S\u00e9rie TTA | Leve, Ultrafino e Econ\u00f4mico |TELALED\",\"isPartOf\":{\"@id\":\"https:\\\/\\\/www.telaled.com\\\/#website\"},\"primaryImageOfPage\":{\"@id\":\"https:\\\/\\\/www.telaled.com\\\/fabrica\\\/painel-de-led-transparente-serie-tta\\\/#primaryimage\"},\"image\":{\"@id\":\"https:\\\/\\\/www.telaled.com\\\/fabrica\\\/painel-de-led-transparente-serie-tta\\\/#primaryimage\"},\"thumbnailUrl\":\"https:\\\/\\\/www.telaled.com\\\/wp-content\\\/uploads\\\/2025\\\/08\\\/painel-de-led-transparente.jpg\",\"datePublished\":\"2025-08-11T09:00:34+00:00\",\"dateModified\":\"2025-12-26T03:44:21+00:00\",\"description\":\"Tela Painel de LED Transparente S\u00e9rie TTA , leve e ultrafina, com pixel pitch de 3,91-7,82 mm. Ideal para configura\u00e7\u00f5es integradas e econ\u00f4micas. Entre em contato conosco hoje mesmo!\",\"breadcrumb\":{\"@id\":\"https:\\\/\\\/www.telaled.com\\\/fabrica\\\/painel-de-led-transparente-serie-tta\\\/#breadcrumb\"},\"inLanguage\":\"es\",\"potentialAction\":[{\"@type\":\"ReadAction\",\"target\":[\"https:\\\/\\\/www.telaled.com\\\/fabrica\\\/painel-de-led-transparente-serie-tta\\\/\"]}]},{\"@type\":\"ImageObject\",\"inLanguage\":\"es\",\"@id\":\"https:\\\/\\\/www.telaled.com\\\/fabrica\\\/painel-de-led-transparente-serie-tta\\\/#primaryimage\",\"url\":\"https:\\\/\\\/www.telaled.com\\\/wp-content\\\/uploads\\\/2025\\\/08\\\/painel-de-led-transparente.jpg\",\"contentUrl\":\"https:\\\/\\\/www.telaled.com\\\/wp-content\\\/uploads\\\/2025\\\/08\\\/painel-de-led-transparente.jpg\",\"width\":500,\"height\":500,\"caption\":\"painel-de-led-transparente\"},{\"@type\":\"BreadcrumbList\",\"@id\":\"https:\\\/\\\/www.telaled.com\\\/fabrica\\\/painel-de-led-transparente-serie-tta\\\/#breadcrumb\",\"itemListElement\":[{\"@type\":\"ListItem\",\"position\":1,\"name\":\"Home\",\"item\":\"https:\\\/\\\/www.telaled.com\\\/\"},{\"@type\":\"ListItem\",\"position\":2,\"name\":\"Produtos\",\"item\":\"https:\\\/\\\/www.telaled.com\\\/shop\\\/\"},{\"@type\":\"ListItem\",\"position\":3,\"name\":\"Painel de LED Transparente S\u00e9rie TTA\"}]},{\"@type\":\"WebSite\",\"@id\":\"https:\\\/\\\/www.telaled.com\\\/#website\",\"url\":\"https:\\\/\\\/www.telaled.com\\\/\",\"name\":\"TELALED\",\"description\":\"\",\"potentialAction\":[{\"@type\":\"SearchAction\",\"target\":{\"@type\":\"EntryPoint\",\"urlTemplate\":\"https:\\\/\\\/www.telaled.com\\\/?s={search_term_string}\"},\"query-input\":{\"@type\":\"PropertyValueSpecification\",\"valueRequired\":true,\"valueName\":\"search_term_string\"}}],\"inLanguage\":\"es\"}]}<\/script>\n<!-- \/ Yoast SEO plugin. -->","yoast_head_json":{"title":"Panel LED transparente serie TTA | Ligero, ultrafino y econ\u00f3mico | TELALED","description":"Pantalla LED transparente de la serie TTA, ligera y ultrafina, con una distancia entre p\u00edxeles de 3,91-7,82 mm. Ideal para configuraciones integradas y rentables. \u00a1Cont\u00e1ctenos hoy mismo!","robots":{"index":"index","follow":"follow","max-snippet":"max-snippet:-1","max-image-preview":"max-image-preview:large","max-video-preview":"max-video-preview:-1"},"canonical":"https:\/\/www.telaled.com\/es\/fabrica\/painel-de-led-transparente-serie-tta\/","og_locale":"es_ES","og_type":"article","og_title":"Painel LED Transparente S\u00e9rie TTA | Leve, Ultrafino e Econ\u00f4mico |TELALED","og_description":"Tela Painel de LED Transparente S\u00e9rie TTA , leve e ultrafina, com pixel pitch de 3,91-7,82 mm. Ideal para configura\u00e7\u00f5es integradas e econ\u00f4micas. Entre em contato conosco hoje mesmo!","og_url":"https:\/\/www.telaled.com\/es\/fabrica\/painel-de-led-transparente-serie-tta\/","og_site_name":"TELALED","article_modified_time":"2025-12-26T03:44:21+00:00","og_image":[{"width":500,"height":500,"url":"https:\/\/www.telaled.com\/wp-content\/uploads\/2025\/08\/painel-de-led-transparente.jpg","type":"image\/jpeg"}],"twitter_card":"summary_large_image","twitter_misc":{"Tiempo de lectura":"3 minutos"},"schema":{"@context":"https:\/\/schema.org","@graph":[{"@type":"WebPage","@id":"https:\/\/www.telaled.com\/fabrica\/painel-de-led-transparente-serie-tta\/","url":"https:\/\/www.telaled.com\/fabrica\/painel-de-led-transparente-serie-tta\/","name":"Panel LED transparente serie TTA | Ligero, ultrafino y econ\u00f3mico | TELALED","isPartOf":{"@id":"https:\/\/www.telaled.com\/#website"},"primaryImageOfPage":{"@id":"https:\/\/www.telaled.com\/fabrica\/painel-de-led-transparente-serie-tta\/#primaryimage"},"image":{"@id":"https:\/\/www.telaled.com\/fabrica\/painel-de-led-transparente-serie-tta\/#primaryimage"},"thumbnailUrl":"https:\/\/www.telaled.com\/wp-content\/uploads\/2025\/08\/painel-de-led-transparente.jpg","datePublished":"2025-08-11T09:00:34+00:00","dateModified":"2025-12-26T03:44:21+00:00","description":"Pantalla LED transparente de la serie TTA, ligera y ultrafina, con una distancia entre p\u00edxeles de 3,91-7,82 mm. Ideal para configuraciones integradas y rentables. \u00a1Cont\u00e1ctenos hoy mismo!","breadcrumb":{"@id":"https:\/\/www.telaled.com\/fabrica\/painel-de-led-transparente-serie-tta\/#breadcrumb"},"inLanguage":"es","potentialAction":[{"@type":"ReadAction","target":["https:\/\/www.telaled.com\/fabrica\/painel-de-led-transparente-serie-tta\/"]}]},{"@type":"ImageObject","inLanguage":"es","@id":"https:\/\/www.telaled.com\/fabrica\/painel-de-led-transparente-serie-tta\/#primaryimage","url":"https:\/\/www.telaled.com\/wp-content\/uploads\/2025\/08\/painel-de-led-transparente.jpg","contentUrl":"https:\/\/www.telaled.com\/wp-content\/uploads\/2025\/08\/painel-de-led-transparente.jpg","width":500,"height":500,"caption":"painel-de-led-transparente"},{"@type":"BreadcrumbList","@id":"https:\/\/www.telaled.com\/fabrica\/painel-de-led-transparente-serie-tta\/#breadcrumb","itemListElement":[{"@type":"ListItem","position":1,"name":"Home","item":"https:\/\/www.telaled.com\/"},{"@type":"ListItem","position":2,"name":"Produtos","item":"https:\/\/www.telaled.com\/shop\/"},{"@type":"ListItem","position":3,"name":"Painel de LED Transparente S\u00e9rie TTA"}]},{"@type":"WebSite","@id":"https:\/\/www.telaled.com\/#website","url":"https:\/\/www.telaled.com\/","name":"Pantalla LED","description":"","potentialAction":[{"@type":"SearchAction","target":{"@type":"EntryPoint","urlTemplate":"https:\/\/www.telaled.com\/?s={search_term_string}"},"query-input":{"@type":"PropertyValueSpecification","valueRequired":true,"valueName":"search_term_string"}}],"inLanguage":"es"}]}},"_links":{"self":[{"href":"https:\/\/www.telaled.com\/es\/wp-json\/wp\/v2\/product\/2924","targetHints":{"allow":["GET"]}}],"collection":[{"href":"https:\/\/www.telaled.com\/es\/wp-json\/wp\/v2\/product"}],"about":[{"href":"https:\/\/www.telaled.com\/es\/wp-json\/wp\/v2\/types\/product"}],"wp:featuredmedia":[{"embeddable":true,"href":"https:\/\/www.telaled.com\/es\/wp-json\/wp\/v2\/media\/2925"}],"wp:attachment":[{"href":"https:\/\/www.telaled.com\/es\/wp-json\/wp\/v2\/media?parent=2924"}],"wp:term":[{"taxonomy":"product_brand","embeddable":true,"href":"https:\/\/www.telaled.com\/es\/wp-json\/wp\/v2\/product_brand?post=2924"},{"taxonomy":"product_cat","embeddable":true,"href":"https:\/\/www.telaled.com\/es\/wp-json\/wp\/v2\/product_cat?post=2924"},{"taxonomy":"product_tag","embeddable":true,"href":"https:\/\/www.telaled.com\/es\/wp-json\/wp\/v2\/product_tag?post=2924"}],"curies":[{"name":"gracias","href":"https:\/\/api.w.org\/{rel}","templated":true}]}}