{"id":2877,"date":"2025-08-06T02:44:14","date_gmt":"2025-08-06T02:44:14","guid":{"rendered":"https:\/\/www.telaled.com\/?post_type=product&#038;p=2877"},"modified":"2026-01-05T03:21:25","modified_gmt":"2026-01-05T03:21:25","slug":"painel-de-led-para-sala-de-conferencia-serie-tid","status":"publish","type":"product","link":"https:\/\/www.telaled.com\/es\/fabrica\/painel-de-led-para-sala-de-conferencia-serie-tid\/","title":{"rendered":"Panel LED para salas de conferencias de la serie TID"},"content":{"rendered":"<div class=\"row\"  id=\"row-1625040633\">\n\n\t<div id=\"col-445628371\" class=\"col small-12 large-12\"  >\n\t\t\t\t<div class=\"col-inner\"  >\n\t\t\t\n\t\t\t\n<h2>Ventajas exclusivas de la pantalla LED para salas de conferencias de la serie TID<\/h2>\n<h3><strong>Durabilidad superior<\/strong><\/h3>\n<ul>\n<li>Carcasa de aleaci\u00f3n de magnesio con parte posterior completamente sellada para resistencia al polvo y confiabilidad a largo plazo.<\/li>\n<li>Los m\u00f3dulos LED de alta calidad con un dise\u00f1o de conexi\u00f3n r\u00edgida estable garantizan un rendimiento constante y reducen las necesidades de mantenimiento.<\/li>\n<\/ul>\n<h3><strong>Calidad visual excepcional<\/strong><\/h3>\n<ul>\n<li>La frecuencia de actualizaci\u00f3n de 3840 Hz y la relaci\u00f3n de contraste de 6000:1 brindan una reproducci\u00f3n fluida y sin parpadeos con negros profundos y colores vivos para una experiencia visual profesional.<\/li>\n<li>Los amplios \u00e1ngulos de visi\u00f3n horizontales de 160\u00b0 y verticales de 140\u00b0 mantienen las im\u00e1genes claras y precisas desde pr\u00e1cticamente cualquier posici\u00f3n de la habitaci\u00f3n.<\/li>\n<\/ul>\n<h3><strong>Adaptabilidad completa<\/strong><\/h3>\n<ul>\n<li>La relaci\u00f3n de aspecto de pantalla 4:3 admite configuraciones de pantalla 4:3 y 16:9 para diferentes dise\u00f1os de salas.<\/li>\n<li>Varias opciones de paso de p\u00edxeles (P1.23-P4.0) para satisfacer las necesidades de distancia de visualizaci\u00f3n y resoluci\u00f3n.<\/li>\n<\/ul>\n<h3><strong>Soporte integral<\/strong><\/h3>\n<ul>\n<li>Soporte t\u00e9cnico remoto 24 horas al d\u00eda, 7 d\u00edas a la semana: obtenga asistencia cuando la necesite, dondequiera que est\u00e9.<\/li>\n<li>5% de piezas de repuesto suministradas: cada env\u00edo incluye componentes adicionales para mayor confiabilidad y tranquilidad.<\/li>\n<li>Garant\u00eda extendida de 3 a\u00f1os: Benef\u00edciese de la protecci\u00f3n a largo plazo para un mejor rendimiento y un soporte confiable.<\/li>\n<\/ul>\n<h2>Detalles del producto<\/h2>\n<div class=\"row\"  id=\"row-1466374601\">\n\n\t<div id=\"col-622483916\" class=\"col medium-10 small-12 large-10\"  >\n\t\t\t\t<div class=\"col-inner text-left\"  >\n\t\t\t\n\t\t\t\n<ul>\n<li>La caja de aleaci\u00f3n de magnesio de 640 x 480 mm es ligera, con un peso de 7,5 kg y un grosor de tan solo 48 mm. El mecanismo de bloqueo, r\u00e1pido y preciso, garantiza una alineaci\u00f3n perfecta, mientras que las asas ergon\u00f3micas facilitan la instalaci\u00f3n y el transporte de forma r\u00e1pida y segura.<\/li>\n<\/ul>\n\t<div class=\"img has-hover x md-x lg-x y md-y lg-y\" id=\"image_1830140465\">\n\t\t\t\t\t\t\t\t<div class=\"img-inner dark\" >\n\t\t\t<img loading=\"lazy\" decoding=\"async\" width=\"800\" height=\"404\" src=\"https:\/\/www.telaled.com\/wp-content\/uploads\/2025\/08\/Design-de-gabinete-ideal.webp\" class=\"attachment-original size-original\" alt=\"Dise\u00f1o de gabinete ideal\" srcset=\"https:\/\/www.telaled.com\/wp-content\/uploads\/2025\/08\/Design-de-gabinete-ideal.webp 800w, https:\/\/www.telaled.com\/wp-content\/uploads\/2025\/08\/Design-de-gabinete-ideal-300x152.webp 300w, https:\/\/www.telaled.com\/wp-content\/uploads\/2025\/08\/Design-de-gabinete-ideal-768x388.webp 768w, https:\/\/www.telaled.com\/wp-content\/uploads\/2025\/08\/Design-de-gabinete-ideal-18x9.webp 18w, https:\/\/www.telaled.com\/wp-content\/uploads\/2025\/08\/Design-de-gabinete-ideal-600x303.webp 600w\" sizes=\"auto, (max-width: 800px) 100vw, 800px\" \/>\t\t\t\t\t\t\n\t\t\t\t\t<\/div>\n\t\t\t\t\t\t\t\t\n<style>\n#image_1830140465 {\n  width: 95%;\n}\n<\/style>\n\t<\/div>\n\t\n\t\t<\/div>\n\t\t\t\t\t<\/div>\n\n\t\n\n\t<div id=\"col-779772235\" class=\"col medium-10 small-12 large-10\"  >\n\t\t\t\t<div class=\"col-inner text-left\"  >\n\t\t\t\n\t\t\t\n<ul>\n<li>Los m\u00f3dulos LED magn\u00e9ticos se separan en menos de 5 segundos para un acceso frontal r\u00e1pido a todos los componentes, ahorrando tiempo y eliminando la necesidad de acceso trasero.<\/li>\n<\/ul>\n\t<div class=\"img has-hover x md-x lg-x y md-y lg-y\" id=\"image_788518608\">\n\t\t\t\t\t\t\t\t<div class=\"img-inner dark\" >\n\t\t\t<img loading=\"lazy\" decoding=\"async\" width=\"800\" height=\"500\" src=\"https:\/\/www.telaled.com\/wp-content\/uploads\/2025\/08\/Manutencao-Frontal-Completa-2.webp\" class=\"attachment-large size-large\" alt=\"Mantenimiento frontal completo\" srcset=\"https:\/\/www.telaled.com\/wp-content\/uploads\/2025\/08\/Manutencao-Frontal-Completa-2.webp 800w, https:\/\/www.telaled.com\/wp-content\/uploads\/2025\/08\/Manutencao-Frontal-Completa-2-300x188.webp 300w, https:\/\/www.telaled.com\/wp-content\/uploads\/2025\/08\/Manutencao-Frontal-Completa-2-768x480.webp 768w, https:\/\/www.telaled.com\/wp-content\/uploads\/2025\/08\/Manutencao-Frontal-Completa-2-18x12.webp 18w, https:\/\/www.telaled.com\/wp-content\/uploads\/2025\/08\/Manutencao-Frontal-Completa-2-600x375.webp 600w\" sizes=\"auto, (max-width: 800px) 100vw, 800px\" \/>\t\t\t\t\t\t\n\t\t\t\t\t<\/div>\n\t\t\t\t\t\t\t\t\n<style>\n#image_788518608 {\n  width: 95%;\n}\n<\/style>\n\t<\/div>\n\t\n<ul>\n<li>Utiliza cierres de liberaci\u00f3n r\u00e1pida de precisi\u00f3n y cableado interno para garantizar una alineaci\u00f3n perfecta. Los gabinetes se conectan con suavidad, proporcionando una superficie ultraplana y una experiencia de visualizaci\u00f3n impecable.<\/li>\n<\/ul>\n\t<div class=\"img has-hover x md-x lg-x y md-y lg-y\" id=\"image_798689111\">\n\t\t\t\t\t\t\t\t<div class=\"img-inner dark\" >\n\t\t\t<img loading=\"lazy\" decoding=\"async\" width=\"660\" height=\"440\" src=\"https:\/\/www.telaled.com\/wp-content\/uploads\/2025\/08\/Emenda-perfeita-para-uma-exibicao-excepcional.webp\" class=\"attachment-large size-large\" alt=\"\" srcset=\"https:\/\/www.telaled.com\/wp-content\/uploads\/2025\/08\/Emenda-perfeita-para-uma-exibicao-excepcional.webp 660w, https:\/\/www.telaled.com\/wp-content\/uploads\/2025\/08\/Emenda-perfeita-para-uma-exibicao-excepcional-300x200.webp 300w, https:\/\/www.telaled.com\/wp-content\/uploads\/2025\/08\/Emenda-perfeita-para-uma-exibicao-excepcional-18x12.webp 18w, https:\/\/www.telaled.com\/wp-content\/uploads\/2025\/08\/Emenda-perfeita-para-uma-exibicao-excepcional-600x400.webp 600w\" sizes=\"auto, (max-width: 660px) 100vw, 660px\" \/>\t\t\t\t\t\t\n\t\t\t\t\t<\/div>\n\t\t\t\t\t\t\t\t\n<style>\n#image_798689111 {\n  width: 95%;\n}\n<\/style>\n\t<\/div>\n\t\n\t\t<\/div>\n\t\t\t\t\t<\/div>\n\n\t\n\n\t<div id=\"col-577153592\" class=\"col medium-10 small-12 large-10\"  >\n\t\t\t\t<div class=\"col-inner text-left\"  >\n\t\t\t\n\t\t\t\n<ul>\n<li>Las pantallas LED se embalan seg\u00fan su tipo y aplicaci\u00f3n. Las unidades completas se embalan en cajas de madera para m\u00e1xima estabilidad, mientras que los m\u00f3dulos LED se env\u00edan en cajas de cart\u00f3n. Las pantallas Renmtal reciben un tratamiento especial, generalmente embaladas en cajas de transporte a\u00e9reo o cajas sencillas reforzadas con marcos de madera para mayor protecci\u00f3n.<\/li>\n<\/ul>\n\t<div class=\"img has-hover x md-x lg-x y md-y lg-y\" id=\"image_2094960169\">\n\t\t\t\t\t\t\t\t<div class=\"img-inner dark\" >\n\t\t\t<img loading=\"lazy\" decoding=\"async\" width=\"760\" height=\"1024\" src=\"https:\/\/www.telaled.com\/wp-content\/uploads\/2025\/06\/Embalagem-760x1024.webp\" class=\"attachment-large size-large\" alt=\"Embalaje\" srcset=\"https:\/\/www.telaled.com\/wp-content\/uploads\/2025\/06\/Embalagem-760x1024.webp 760w, https:\/\/www.telaled.com\/wp-content\/uploads\/2025\/06\/Embalagem-223x300.webp 223w, https:\/\/www.telaled.com\/wp-content\/uploads\/2025\/06\/Embalagem-768x1035.webp 768w, https:\/\/www.telaled.com\/wp-content\/uploads\/2025\/06\/Embalagem-9x12.webp 9w, https:\/\/www.telaled.com\/wp-content\/uploads\/2025\/06\/Embalagem-600x808.webp 600w, https:\/\/www.telaled.com\/wp-content\/uploads\/2025\/06\/Embalagem.webp 795w\" sizes=\"auto, (max-width: 760px) 100vw, 760px\" \/>\t\t\t\t\t\t\n\t\t\t\t\t<\/div>\n\t\t\t\t\t\t\t\t\n<style>\n#image_2094960169 {\n  width: 95%;\n}\n<\/style>\n\t<\/div>\n\t\n\t\t<\/div>\n\t\t\t\t\t<\/div>\n\n\t\n<\/div>\n\t\t<\/div>\n\t\t\t\t\t<\/div>\n\n\t\n\n\t<div id=\"col-1986616236\" class=\"col small-12 large-12\"  >\n\t\t\t\t<div class=\"col-inner\"  >\n\t\t\t\n\t\t\t\n<div class=\"row\"  id=\"row-2103366227\">\n\n\t<div id=\"col-870071179\" class=\"col medium-10 small-12 large-10\"  >\n\t\t\t\t<div class=\"col-inner\"  >\n\t\t\t\n\t\t\t\n\n<table id=\"tablepress-54\" class=\"tablepress tablepress-id-54\">\n<thead>\n<tr class=\"row-1\">\n\t<th class=\"column-1\">Art\u00edculo<\/th><th class=\"column-2\">TID 1.25<\/th><th class=\"column-3\">TID 1.53<\/th><th class=\"column-4\">TID 1.86<\/th><th class=\"column-5\">TID 2.5<\/th>\n<\/tr>\n<\/thead>\n<tbody class=\"row-striping row-hover\">\n<tr class=\"row-2\">\n\t<td class=\"column-1\">Paso de p\u00edxeles (mm)<\/td><td class=\"column-2\">P1,25 mm<\/td><td class=\"column-3\">P1,53 mm<\/td><td class=\"column-4\">P1,86 mm<\/td><td class=\"column-5\">P2,5 mm<\/td>\n<\/tr>\n<tr class=\"row-3\">\n\t<td class=\"column-1\">CONDUJO<\/td><td class=\"column-2\">SMD1010<\/td><td class=\"column-3\">SMD1212<\/td><td class=\"column-4\">SMD1515<\/td><td class=\"column-5\">SMD2020<\/td>\n<\/tr>\n<tr class=\"row-4\">\n\t<td class=\"column-1\">Resoluci\u00f3n del m\u00f3dulo (puntos)<\/td><td class=\"column-2\">256*128<\/td><td class=\"column-3\">208*104<\/td><td class=\"column-4\">172*86<\/td><td class=\"column-5\">128*64<\/td>\n<\/tr>\n<tr class=\"row-5\">\n\t<td class=\"column-1\">Tama\u00f1o del m\u00f3dulo (mm)<\/td><td class=\"column-2\">320*160<\/td><td class=\"column-3\">320*160<\/td><td class=\"column-4\">320*160<\/td><td class=\"column-5\">320*160<\/td>\n<\/tr>\n<tr class=\"row-6\">\n\t<td class=\"column-1\">Resoluci\u00f3n del Gabinete (puntos)<\/td><td class=\"column-2\">512*384<\/td><td class=\"column-3\">416*312<\/td><td class=\"column-4\">344*258<\/td><td class=\"column-5\">256*192<\/td>\n<\/tr>\n<tr class=\"row-7\">\n\t<td class=\"column-1\">Tama\u00f1o del gabinete (mm)<\/td><td class=\"column-2\">640 mm x 480 mm (ancho x alto)<\/td><td class=\"column-3\">640 mm x 480 mm (ancho x alto)<\/td><td class=\"column-4\">640 mm x 480 mm (ancho x alto)<\/td><td class=\"column-5\">640 mm x 480 mm (ancho x alto)<\/td>\n<\/tr>\n<tr class=\"row-8\">\n\t<td class=\"column-1\">Densidad de p\u00edxeles (puntos\/pc)<\/td><td class=\"column-2\">196608<\/td><td class=\"column-3\">129792<\/td><td class=\"column-4\">88752<\/td><td class=\"column-5\">49152<\/td>\n<\/tr>\n<tr class=\"row-9\">\n\t<td class=\"column-1\">Facilidad de mantenimiento<\/td><td class=\"column-2\">Servicio front-end completo<\/td><td class=\"column-3\">Servicio front-end completo<\/td><td class=\"column-4\">Servicio front-end completo<\/td><td class=\"column-5\">Servicio front-end completo<\/td>\n<\/tr>\n<tr class=\"row-10\">\n\t<td class=\"column-1\">Nivel de protecci\u00f3n (delantero\/trasero)<\/td><td class=\"column-2\">IP50<\/td><td class=\"column-3\">IP50<\/td><td class=\"column-4\">IP50<\/td><td class=\"column-5\">IP50<\/td>\n<\/tr>\n<tr class=\"row-11\">\n\t<td class=\"column-1\">Peso<\/td><td class=\"column-2\">7,5 kilogramos<\/td><td class=\"column-3\">7,5 kilogramos<\/td><td class=\"column-4\">7,5 kilogramos<\/td><td class=\"column-5\">7,5 kilogramos<\/td>\n<\/tr>\n<tr class=\"row-12\">\n\t<td class=\"column-1\">Nivel de gris (bit)<\/td><td class=\"column-2\">14<\/td><td class=\"column-3\">14<\/td><td class=\"column-4\">14<\/td><td class=\"column-5\">14<\/td>\n<\/tr>\n<tr class=\"row-13\">\n\t<td class=\"column-1\">Brillo (cd\/\u33a1)<\/td><td class=\"column-2\">650<\/td><td class=\"column-3\">650<\/td><td class=\"column-4\">750<\/td><td class=\"column-5\">800<\/td>\n<\/tr>\n<tr class=\"row-14\">\n\t<td class=\"column-1\">Contraste<\/td><td class=\"column-2\">6000:1<\/td><td class=\"column-3\">6000:1<\/td><td class=\"column-4\">6000:1<\/td><td class=\"column-5\">6000:1<\/td>\n<\/tr>\n<tr class=\"row-15\">\n\t<td class=\"column-1\">Gama de colores<\/td><td class=\"column-2\">\u226590% NTSC<\/td><td class=\"column-3\">\u226590% NTSC<\/td><td class=\"column-4\">\u226590% NTSC<\/td><td class=\"column-5\">\u226590% NTSC<\/td>\n<\/tr>\n<tr class=\"row-16\">\n\t<td class=\"column-1\">Frecuencia de actualizaci\u00f3n (Hz)<\/td><td class=\"column-2\">3840<\/td><td class=\"column-3\">3840<\/td><td class=\"column-4\">3840<\/td><td class=\"column-5\">3840<\/td>\n<\/tr>\n<tr class=\"row-17\">\n\t<td class=\"column-1\">\u00c1ngulo de visi\u00f3n vertical<\/td><td class=\"column-2\">140\u00b0<\/td><td class=\"column-3\">140\u00b0<\/td><td class=\"column-4\">140\u00b0<\/td><td class=\"column-5\">140\u00b0<\/td>\n<\/tr>\n<tr class=\"row-18\">\n\t<td class=\"column-1\">Uniformidad de brillo<\/td><td class=\"column-2\">\u226595%<\/td><td class=\"column-3\">\u226595%<\/td><td class=\"column-4\">\u226595%<\/td><td class=\"column-5\">\u226595%<\/td>\n<\/tr>\n<\/tbody>\n<\/table>\n<!-- #tablepress-54 from cache -->\n\t\t<\/div>\n\t\t\t\t\t<\/div>\n\n\t\n<\/div>\n\t\t<\/div>\n\t\t\t\t\t<\/div>\n\n\t\n<\/div>","protected":false},"excerpt":{"rendered":"<p><strong>Pantalla LED para salas de conferencias de la serie TID: soluciones de visualizaci\u00f3n de alta definici\u00f3n para interiores<\/strong><\/p>\n<p>EL <strong><em>Panel LED para salas de conferencias de la serie TID<\/em><\/strong> Ofrece im\u00e1genes n\u00edtidas y v\u00edvidas y un f\u00e1cil mantenimiento con un dise\u00f1o delgado, uniones sin costuras y acceso r\u00e1pido para mantenimiento frontal.<\/p>\n<p><strong>Caracter\u00edsticas principales:<\/strong><\/p>\n<ul>\n<li><strong>Im\u00e1genes n\u00edtidas y de alta resoluci\u00f3n:<\/strong> Los pasos de p\u00edxeles de 1,35 a 4,0 mm ofrecen texto n\u00edtido e im\u00e1genes vibrantes, ideales para presentaciones y videoconferencias.<\/li>\n<li><strong>Enmienda perfecta:<\/strong> Los gabinetes de 640\u00d7480 mm con cerraduras de liberaci\u00f3n r\u00e1pida de precisi\u00f3n garantizan una alineaci\u00f3n perfecta y uniformidad de brillo \u226595%.<\/li>\n<li><strong>Relaciones de pantalla flexibles:<\/strong> La relaci\u00f3n de aspecto 4:3 admite configuraciones 4:3 y 16:9, lo que permite configuraciones escalables para cualquier sala de conferencias.<\/li>\n<\/ul>\n<p>Soporte remoto en l\u00ednea 24\/7 y garant\u00eda de 3 a\u00f1os incluida. Cont\u00e1ctanos ahora para obtener tu presupuesto personalizado.<\/p>","protected":false},"featured_media":2878,"template":"","meta":[],"product_brand":[],"product_cat":[40,46],"product_tag":[],"class_list":{"0":"post-2877","1":"product","2":"type-product","3":"status-publish","4":"has-post-thumbnail","6":"product_cat-painel-de-led","7":"product_cat-painel-de-video","9":"first","10":"instock","11":"shipping-taxable","12":"product-type-simple"},"yoast_head":"<!-- This site is optimized with the Yoast SEO plugin v27.5 - https:\/\/yoast.com\/product\/yoast-seo-wordpress\/ -->\n<title>Painel de LED Para Sala de Confer\u00eancia S\u00e9rie TID | Telas de Alta Resolu\u00e7\u00e3o para Reuni\u00f5e | TELALED<\/title>\n<meta name=\"description\" content=\"Atualize sua sala de confer\u00eancias com os Painel de LED Para Sala de Confer\u00eancia S\u00e9rie TID. Ofere\u00e7a visuais n\u00edtidos e apresenta\u00e7\u00f5es claras para reuni\u00f5es produtivas. Entre em contato conosco hoje mesmo para um or\u00e7amento.\" \/>\n<meta name=\"robots\" content=\"index, follow, max-snippet:-1, max-image-preview:large, max-video-preview:-1\" \/>\n<link rel=\"canonical\" href=\"https:\/\/www.telaled.com\/es\/fabrica\/painel-de-led-para-sala-de-conferencia-serie-tid\/\" \/>\n<meta property=\"og:locale\" content=\"es_ES\" \/>\n<meta property=\"og:type\" content=\"article\" \/>\n<meta property=\"og:title\" content=\"Painel de LED Para Sala de Confer\u00eancia S\u00e9rie TID | Telas de Alta Resolu\u00e7\u00e3o para Reuni\u00f5e | TELALED\" \/>\n<meta property=\"og:description\" content=\"Atualize sua sala de confer\u00eancias com os Painel de LED Para Sala de Confer\u00eancia S\u00e9rie TID. Ofere\u00e7a visuais n\u00edtidos e apresenta\u00e7\u00f5es claras para reuni\u00f5es produtivas. Entre em contato conosco hoje mesmo para um or\u00e7amento.\" \/>\n<meta property=\"og:url\" content=\"https:\/\/www.telaled.com\/es\/fabrica\/painel-de-led-para-sala-de-conferencia-serie-tid\/\" \/>\n<meta property=\"og:site_name\" content=\"TELALED\" \/>\n<meta property=\"article:modified_time\" content=\"2026-01-05T03:21:25+00:00\" \/>\n<meta property=\"og:image\" content=\"https:\/\/www.telaled.com\/wp-content\/uploads\/2025\/08\/Painel-de-LED-Para-Sala-de-Conferencia.webp\" \/>\n\t<meta property=\"og:image:width\" content=\"500\" \/>\n\t<meta property=\"og:image:height\" content=\"500\" \/>\n\t<meta property=\"og:image:type\" content=\"image\/webp\" \/>\n<meta name=\"twitter:card\" content=\"summary_large_image\" \/>\n<meta name=\"twitter:label1\" content=\"Tiempo de lectura\" \/>\n\t<meta name=\"twitter:data1\" content=\"3 minutos\" \/>\n<script type=\"application\/ld+json\" class=\"yoast-schema-graph\">{\"@context\":\"https:\\\/\\\/schema.org\",\"@graph\":[{\"@type\":\"WebPage\",\"@id\":\"https:\\\/\\\/www.telaled.com\\\/fabrica\\\/painel-de-led-para-sala-de-conferencia-serie-tid\\\/\",\"url\":\"https:\\\/\\\/www.telaled.com\\\/fabrica\\\/painel-de-led-para-sala-de-conferencia-serie-tid\\\/\",\"name\":\"Painel de LED Para Sala de Confer\u00eancia S\u00e9rie TID | Telas de Alta Resolu\u00e7\u00e3o para Reuni\u00f5e | TELALED\",\"isPartOf\":{\"@id\":\"https:\\\/\\\/www.telaled.com\\\/#website\"},\"primaryImageOfPage\":{\"@id\":\"https:\\\/\\\/www.telaled.com\\\/fabrica\\\/painel-de-led-para-sala-de-conferencia-serie-tid\\\/#primaryimage\"},\"image\":{\"@id\":\"https:\\\/\\\/www.telaled.com\\\/fabrica\\\/painel-de-led-para-sala-de-conferencia-serie-tid\\\/#primaryimage\"},\"thumbnailUrl\":\"https:\\\/\\\/www.telaled.com\\\/wp-content\\\/uploads\\\/2025\\\/08\\\/Painel-de-LED-Para-Sala-de-Conferencia.webp\",\"datePublished\":\"2025-08-06T02:44:14+00:00\",\"dateModified\":\"2026-01-05T03:21:25+00:00\",\"description\":\"Atualize sua sala de confer\u00eancias com os Painel de LED Para Sala de Confer\u00eancia S\u00e9rie TID. Ofere\u00e7a visuais n\u00edtidos e apresenta\u00e7\u00f5es claras para reuni\u00f5es produtivas. Entre em contato conosco hoje mesmo para um or\u00e7amento.\",\"breadcrumb\":{\"@id\":\"https:\\\/\\\/www.telaled.com\\\/fabrica\\\/painel-de-led-para-sala-de-conferencia-serie-tid\\\/#breadcrumb\"},\"inLanguage\":\"es\",\"potentialAction\":[{\"@type\":\"ReadAction\",\"target\":[\"https:\\\/\\\/www.telaled.com\\\/fabrica\\\/painel-de-led-para-sala-de-conferencia-serie-tid\\\/\"]}]},{\"@type\":\"ImageObject\",\"inLanguage\":\"es\",\"@id\":\"https:\\\/\\\/www.telaled.com\\\/fabrica\\\/painel-de-led-para-sala-de-conferencia-serie-tid\\\/#primaryimage\",\"url\":\"https:\\\/\\\/www.telaled.com\\\/wp-content\\\/uploads\\\/2025\\\/08\\\/Painel-de-LED-Para-Sala-de-Conferencia.webp\",\"contentUrl\":\"https:\\\/\\\/www.telaled.com\\\/wp-content\\\/uploads\\\/2025\\\/08\\\/Painel-de-LED-Para-Sala-de-Conferencia.webp\",\"width\":500,\"height\":500,\"caption\":\"Painel-de-LED-Para-Sala-de-Confer\u00eancia\"},{\"@type\":\"BreadcrumbList\",\"@id\":\"https:\\\/\\\/www.telaled.com\\\/fabrica\\\/painel-de-led-para-sala-de-conferencia-serie-tid\\\/#breadcrumb\",\"itemListElement\":[{\"@type\":\"ListItem\",\"position\":1,\"name\":\"Home\",\"item\":\"https:\\\/\\\/www.telaled.com\\\/\"},{\"@type\":\"ListItem\",\"position\":2,\"name\":\"Produtos\",\"item\":\"https:\\\/\\\/www.telaled.com\\\/shop\\\/\"},{\"@type\":\"ListItem\",\"position\":3,\"name\":\"Painel de LED Para Sala de Confer\u00eancia S\u00e9rie TID\"}]},{\"@type\":\"WebSite\",\"@id\":\"https:\\\/\\\/www.telaled.com\\\/#website\",\"url\":\"https:\\\/\\\/www.telaled.com\\\/\",\"name\":\"TELALED\",\"description\":\"\",\"potentialAction\":[{\"@type\":\"SearchAction\",\"target\":{\"@type\":\"EntryPoint\",\"urlTemplate\":\"https:\\\/\\\/www.telaled.com\\\/?s={search_term_string}\"},\"query-input\":{\"@type\":\"PropertyValueSpecification\",\"valueRequired\":true,\"valueName\":\"search_term_string\"}}],\"inLanguage\":\"es\"}]}<\/script>\n<!-- \/ Yoast SEO plugin. -->","yoast_head_json":{"title":"Pantalla LED para salas de conferencias serie TID | Pantallas de reuniones de alta resoluci\u00f3n | TALALED","description":"Mejore su sala de conferencias con la pantalla LED para salas de conferencias de la serie TID. Ofrezca im\u00e1genes n\u00edtidas y presentaciones claras para reuniones productivas. Cont\u00e1ctenos hoy mismo para solicitar un presupuesto.","robots":{"index":"index","follow":"follow","max-snippet":"max-snippet:-1","max-image-preview":"max-image-preview:large","max-video-preview":"max-video-preview:-1"},"canonical":"https:\/\/www.telaled.com\/es\/fabrica\/painel-de-led-para-sala-de-conferencia-serie-tid\/","og_locale":"es_ES","og_type":"article","og_title":"Painel de LED Para Sala de Confer\u00eancia S\u00e9rie TID | Telas de Alta Resolu\u00e7\u00e3o para Reuni\u00f5e | TELALED","og_description":"Atualize sua sala de confer\u00eancias com os Painel de LED Para Sala de Confer\u00eancia S\u00e9rie TID. Ofere\u00e7a visuais n\u00edtidos e apresenta\u00e7\u00f5es claras para reuni\u00f5es produtivas. Entre em contato conosco hoje mesmo para um or\u00e7amento.","og_url":"https:\/\/www.telaled.com\/es\/fabrica\/painel-de-led-para-sala-de-conferencia-serie-tid\/","og_site_name":"TELALED","article_modified_time":"2026-01-05T03:21:25+00:00","og_image":[{"width":500,"height":500,"url":"https:\/\/www.telaled.com\/wp-content\/uploads\/2025\/08\/Painel-de-LED-Para-Sala-de-Conferencia.webp","type":"image\/webp"}],"twitter_card":"summary_large_image","twitter_misc":{"Tiempo de lectura":"3 minutos"},"schema":{"@context":"https:\/\/schema.org","@graph":[{"@type":"WebPage","@id":"https:\/\/www.telaled.com\/fabrica\/painel-de-led-para-sala-de-conferencia-serie-tid\/","url":"https:\/\/www.telaled.com\/fabrica\/painel-de-led-para-sala-de-conferencia-serie-tid\/","name":"Pantalla LED para salas de conferencias serie TID | Pantallas de reuniones de alta resoluci\u00f3n | TALALED","isPartOf":{"@id":"https:\/\/www.telaled.com\/#website"},"primaryImageOfPage":{"@id":"https:\/\/www.telaled.com\/fabrica\/painel-de-led-para-sala-de-conferencia-serie-tid\/#primaryimage"},"image":{"@id":"https:\/\/www.telaled.com\/fabrica\/painel-de-led-para-sala-de-conferencia-serie-tid\/#primaryimage"},"thumbnailUrl":"https:\/\/www.telaled.com\/wp-content\/uploads\/2025\/08\/Painel-de-LED-Para-Sala-de-Conferencia.webp","datePublished":"2025-08-06T02:44:14+00:00","dateModified":"2026-01-05T03:21:25+00:00","description":"Mejore su sala de conferencias con la pantalla LED para salas de conferencias de la serie TID. Ofrezca im\u00e1genes n\u00edtidas y presentaciones claras para reuniones productivas. Cont\u00e1ctenos hoy mismo para solicitar un presupuesto.","breadcrumb":{"@id":"https:\/\/www.telaled.com\/fabrica\/painel-de-led-para-sala-de-conferencia-serie-tid\/#breadcrumb"},"inLanguage":"es","potentialAction":[{"@type":"ReadAction","target":["https:\/\/www.telaled.com\/fabrica\/painel-de-led-para-sala-de-conferencia-serie-tid\/"]}]},{"@type":"ImageObject","inLanguage":"es","@id":"https:\/\/www.telaled.com\/fabrica\/painel-de-led-para-sala-de-conferencia-serie-tid\/#primaryimage","url":"https:\/\/www.telaled.com\/wp-content\/uploads\/2025\/08\/Painel-de-LED-Para-Sala-de-Conferencia.webp","contentUrl":"https:\/\/www.telaled.com\/wp-content\/uploads\/2025\/08\/Painel-de-LED-Para-Sala-de-Conferencia.webp","width":500,"height":500,"caption":"Painel-de-LED-Para-Sala-de-Confer\u00eancia"},{"@type":"BreadcrumbList","@id":"https:\/\/www.telaled.com\/fabrica\/painel-de-led-para-sala-de-conferencia-serie-tid\/#breadcrumb","itemListElement":[{"@type":"ListItem","position":1,"name":"Home","item":"https:\/\/www.telaled.com\/"},{"@type":"ListItem","position":2,"name":"Produtos","item":"https:\/\/www.telaled.com\/shop\/"},{"@type":"ListItem","position":3,"name":"Painel de LED Para Sala de Confer\u00eancia S\u00e9rie TID"}]},{"@type":"WebSite","@id":"https:\/\/www.telaled.com\/#website","url":"https:\/\/www.telaled.com\/","name":"Pantalla LED","description":"","potentialAction":[{"@type":"SearchAction","target":{"@type":"EntryPoint","urlTemplate":"https:\/\/www.telaled.com\/?s={search_term_string}"},"query-input":{"@type":"PropertyValueSpecification","valueRequired":true,"valueName":"search_term_string"}}],"inLanguage":"es"}]}},"_links":{"self":[{"href":"https:\/\/www.telaled.com\/es\/wp-json\/wp\/v2\/product\/2877","targetHints":{"allow":["GET"]}}],"collection":[{"href":"https:\/\/www.telaled.com\/es\/wp-json\/wp\/v2\/product"}],"about":[{"href":"https:\/\/www.telaled.com\/es\/wp-json\/wp\/v2\/types\/product"}],"wp:featuredmedia":[{"embeddable":true,"href":"https:\/\/www.telaled.com\/es\/wp-json\/wp\/v2\/media\/2878"}],"wp:attachment":[{"href":"https:\/\/www.telaled.com\/es\/wp-json\/wp\/v2\/media?parent=2877"}],"wp:term":[{"taxonomy":"product_brand","embeddable":true,"href":"https:\/\/www.telaled.com\/es\/wp-json\/wp\/v2\/product_brand?post=2877"},{"taxonomy":"product_cat","embeddable":true,"href":"https:\/\/www.telaled.com\/es\/wp-json\/wp\/v2\/product_cat?post=2877"},{"taxonomy":"product_tag","embeddable":true,"href":"https:\/\/www.telaled.com\/es\/wp-json\/wp\/v2\/product_tag?post=2877"}],"curies":[{"name":"gracias","href":"https:\/\/api.w.org\/{rel}","templated":true}]}}