{"id":2843,"date":"2025-08-04T01:34:42","date_gmt":"2025-08-04T01:34:42","guid":{"rendered":"https:\/\/www.telaled.com\/?post_type=product&#038;p=2843"},"modified":"2026-01-05T02:48:37","modified_gmt":"2026-01-05T02:48:37","slug":"painel-de-led-para-manutencao-frontal-serie-tib","status":"publish","type":"product","link":"https:\/\/www.telaled.com\/es\/fabrica\/painel-de-led-para-manutencao-frontal-serie-tib\/","title":{"rendered":"Panel LED de mantenimiento frontal de la serie TIB"},"content":{"rendered":"<div class=\"row\"  id=\"row-1941543911\">\n\n\t<div id=\"col-930078848\" class=\"col small-12 large-12\"  >\n\t\t\t\t<div class=\"col-inner\"  >\n\t\t\t\n\t\t\t\n<h2>Ventajas exclusivas del panel LED de mantenimiento frontal de la serie TIB<\/h2>\n<h3><strong>Durabilidad superior<\/strong><\/h3>\n<ul>\n<li>La estructura de panal mecanizada por CNC en un gabinete de 640 x 480 x 48 proporciona alta resistencia, alineaci\u00f3n precisa y un rendimiento t\u00e9rmicamente eficiente para evitar deformaciones y da\u00f1os t\u00e9rmicos.<\/li>\n<li>Los m\u00f3dulos inal\u00e1mbricos montados directamente reducen el desgaste, mantienen conexiones estables y funcionan con sistemas de energ\u00eda y se\u00f1al redundantes para un funcionamiento ininterrumpido.<\/li>\n<\/ul>\n<h3><strong>Calidad visual excepcional<\/strong><\/h3>\n<ul>\n<li>Alta frecuencia de actualizaci\u00f3n de hasta 3840 Hz<\/li>\n<li>Amplio \u00e1ngulo de visi\u00f3n de 160\u00b0V\/H<\/li>\n<\/ul>\n<h3><strong>Adaptabilidad completa<\/strong><\/h3>\n<ul>\n<li>Aplicaciones vers\u00e1tiles: Adecuado para salas de control, <a href=\"https:\/\/www.telaled.com\/es\/fabrica\/painel-de-led-para-sala-de-conferencia-serie-tid\/\">salas de conferencias<\/a>, entornos minoristas y <a href=\"https:\/\/www.telaled.com\/es\/painel-de-led-para-palco\/\">etapas del evento<\/a>.<\/li>\n<li>Dise\u00f1o de gabinete compacto: el tama\u00f1o de 640 x 480 x 48 mm permite una uni\u00f3n perfecta para configuraciones de pantalla peque\u00f1as y grandes.<\/li>\n<\/ul>\n<h3><strong>Soporte integral<\/strong><\/h3>\n<ul>\n<li>Soporte t\u00e9cnico remoto 24 horas al d\u00eda, 7 d\u00edas a la semana: disponible siempre que necesite ayuda.<\/li>\n<li>5% de repuestos incluidos \u2013 Disfrute de una mayor tranquilidad.<\/li>\n<li>Garant\u00eda extendida de 3 a\u00f1os: benef\u00edciese de la confiabilidad a largo plazo y del soporte integral.<\/li>\n<\/ul>\n<h2>Detalles del producto<\/h2>\n<div class=\"row\"  id=\"row-1257322539\">\n\n\t<div id=\"col-1010743279\" class=\"col medium-10 small-12 large-10\"  >\n\t\t\t\t<div class=\"col-inner text-left\"  >\n\t\t\t\n\t\t\t\n<ul>\n<li>La carcasa est\u00e1 dise\u00f1ada con una estructura intuitiva que simplifica la instalaci\u00f3n y el montaje. Incluye una barra de alineaci\u00f3n para un posicionamiento preciso, cierres de liberaci\u00f3n r\u00e1pida en la parte superior e inferior, y cierres de liberaci\u00f3n r\u00e1pida en ambos lados para un ajuste seguro y estable.<\/li>\n<\/ul>\n\t<div class=\"img has-hover x md-x lg-x y md-y lg-y\" id=\"image_735937143\">\n\t\t\t\t\t\t\t\t<div class=\"img-inner dark\" >\n\t\t\t<img loading=\"lazy\" decoding=\"async\" width=\"1280\" height=\"720\" src=\"https:\/\/www.telaled.com\/wp-content\/uploads\/2025\/08\/Design-de-gabinete-perfeito.jpg\" class=\"attachment-original size-original\" alt=\"Dise\u00f1o de gabinete perfecto\" srcset=\"https:\/\/www.telaled.com\/wp-content\/uploads\/2025\/08\/Design-de-gabinete-perfeito.jpg 1280w, https:\/\/www.telaled.com\/wp-content\/uploads\/2025\/08\/Design-de-gabinete-perfeito-300x169.jpg 300w, https:\/\/www.telaled.com\/wp-content\/uploads\/2025\/08\/Design-de-gabinete-perfeito-1024x576.jpg 1024w, https:\/\/www.telaled.com\/wp-content\/uploads\/2025\/08\/Design-de-gabinete-perfeito-768x432.jpg 768w, https:\/\/www.telaled.com\/wp-content\/uploads\/2025\/08\/Design-de-gabinete-perfeito-18x10.jpg 18w, https:\/\/www.telaled.com\/wp-content\/uploads\/2025\/08\/Design-de-gabinete-perfeito-600x338.jpg 600w\" sizes=\"auto, (max-width: 1280px) 100vw, 1280px\" \/>\t\t\t\t\t\t\n\t\t\t\t\t<\/div>\n\t\t\t\t\t\t\t\t\n<style>\n#image_735937143 {\n  width: 95%;\n}\n<\/style>\n\t<\/div>\n\t\n\t\t<\/div>\n\t\t\t\t\t<\/div>\n\n\t\n\n\t<div id=\"col-1493383054\" class=\"col medium-10 small-12 large-10\"  >\n\t\t\t\t<div class=\"col-inner text-left\"  >\n\t\t\t\n\t\t\t\n<ul>\n<li>Utilizamos tecnolog\u00eda LED. <a href=\"https:\/\/www.telaled.com\/es\/led-smd\/\">SMD<\/a> 3 en 1 para un brillo uniforme y una reproducci\u00f3n precisa del color. La pantalla admite im\u00e1genes 2K, 4K y 8K con una resoluci\u00f3n n\u00edtida, colores uniformes y una calidad de imagen excepcional para una experiencia visual excepcional.<\/li>\n<\/ul>\n\t<div class=\"img has-hover x md-x lg-x y md-y lg-y\" id=\"image_841791927\">\n\t\t\t\t\t\t\t\t<div class=\"img-inner dark\" >\n\t\t\t<img loading=\"lazy\" decoding=\"async\" width=\"1020\" height=\"574\" src=\"https:\/\/www.telaled.com\/wp-content\/uploads\/2025\/08\/Efeito-de-exibicao-soberbo-1024x576.webp\" class=\"attachment-large size-large\" alt=\"\" srcset=\"https:\/\/www.telaled.com\/wp-content\/uploads\/2025\/08\/Efeito-de-exibicao-soberbo-1024x576.webp 1024w, https:\/\/www.telaled.com\/wp-content\/uploads\/2025\/08\/Efeito-de-exibicao-soberbo-300x169.webp 300w, https:\/\/www.telaled.com\/wp-content\/uploads\/2025\/08\/Efeito-de-exibicao-soberbo-768x432.webp 768w, https:\/\/www.telaled.com\/wp-content\/uploads\/2025\/08\/Efeito-de-exibicao-soberbo-18x10.webp 18w, https:\/\/www.telaled.com\/wp-content\/uploads\/2025\/08\/Efeito-de-exibicao-soberbo-600x338.webp 600w, https:\/\/www.telaled.com\/wp-content\/uploads\/2025\/08\/Efeito-de-exibicao-soberbo.webp 1536w\" sizes=\"auto, (max-width: 1020px) 100vw, 1020px\" \/>\t\t\t\t\t\t\n\t\t\t\t\t<\/div>\n\t\t\t\t\t\t\t\t\n<style>\n#image_841791927 {\n  width: 95%;\n}\n<\/style>\n\t<\/div>\n\t\n<ul>\n<li>Con una relaci\u00f3n de aspecto de 4:3 y dimensiones de gabinete de 640 \u00d7 480 mm, esta pantalla LED de servicio frontal para interiores se puede configurar sin problemas en una pantalla de 16:9 para formatos de visualizaci\u00f3n m\u00e1s grandes.<\/li>\n<\/ul>\n\t<div class=\"img has-hover x md-x lg-x y md-y lg-y\" id=\"image_1224756794\">\n\t\t\t\t\t\t\t\t<div class=\"img-inner dark\" >\n\t\t\t<img loading=\"lazy\" decoding=\"async\" width=\"1020\" height=\"370\" src=\"https:\/\/www.telaled.com\/wp-content\/uploads\/2025\/08\/Design-de-tamanho-1024x371.webp\" class=\"attachment-large size-large\" alt=\"Dise\u00f1o de tama\u00f1o\" srcset=\"https:\/\/www.telaled.com\/wp-content\/uploads\/2025\/08\/Design-de-tamanho-1024x371.webp 1024w, https:\/\/www.telaled.com\/wp-content\/uploads\/2025\/08\/Design-de-tamanho-300x109.webp 300w, https:\/\/www.telaled.com\/wp-content\/uploads\/2025\/08\/Design-de-tamanho-768x278.webp 768w, https:\/\/www.telaled.com\/wp-content\/uploads\/2025\/08\/Design-de-tamanho-18x7.webp 18w, https:\/\/www.telaled.com\/wp-content\/uploads\/2025\/08\/Design-de-tamanho-600x218.webp 600w, https:\/\/www.telaled.com\/wp-content\/uploads\/2025\/08\/Design-de-tamanho.webp 1332w\" sizes=\"auto, (max-width: 1020px) 100vw, 1020px\" \/>\t\t\t\t\t\t\n\t\t\t\t\t<\/div>\n\t\t\t\t\t\t\t\t\n<style>\n#image_1224756794 {\n  width: 95%;\n}\n<\/style>\n\t<\/div>\n\t\n<ul>\n<li>Conectividad perfecta con nuestra tecnolog\u00eda de empalme sin cables<\/li>\n<\/ul>\n\t\t<\/div>\n\t\t\t\t\t<\/div>\n\n\t\n\n\t<div id=\"col-1723849717\" class=\"col medium-10 small-12 large-10\"  >\n\t\t\t\t<div class=\"col-inner text-left\"  >\n\t\t\t\n\t\t\t\n\t<div class=\"img has-hover x md-x lg-x y md-y lg-y\" id=\"image_1969226394\">\n\t\t\t\t\t\t\t\t<div class=\"img-inner dark\" >\n\t\t\t<img loading=\"lazy\" decoding=\"async\" width=\"815\" height=\"496\" src=\"https:\/\/www.telaled.com\/wp-content\/uploads\/2025\/08\/conectividade-perfeita-com-nossa-tecnologia-de-emenda-sem-cabos.webp\" class=\"attachment-large size-large\" alt=\"\" srcset=\"https:\/\/www.telaled.com\/wp-content\/uploads\/2025\/08\/conectividade-perfeita-com-nossa-tecnologia-de-emenda-sem-cabos.webp 815w, https:\/\/www.telaled.com\/wp-content\/uploads\/2025\/08\/conectividade-perfeita-com-nossa-tecnologia-de-emenda-sem-cabos-300x183.webp 300w, https:\/\/www.telaled.com\/wp-content\/uploads\/2025\/08\/conectividade-perfeita-com-nossa-tecnologia-de-emenda-sem-cabos-768x467.webp 768w, https:\/\/www.telaled.com\/wp-content\/uploads\/2025\/08\/conectividade-perfeita-com-nossa-tecnologia-de-emenda-sem-cabos-18x12.webp 18w, https:\/\/www.telaled.com\/wp-content\/uploads\/2025\/08\/conectividade-perfeita-com-nossa-tecnologia-de-emenda-sem-cabos-600x365.webp 600w\" sizes=\"auto, (max-width: 815px) 100vw, 815px\" \/>\t\t\t\t\t\t\n\t\t\t\t\t<\/div>\n\t\t\t\t\t\t\t\t\n<style>\n#image_1969226394 {\n  width: 100%;\n}\n<\/style>\n\t<\/div>\n\t\n<ul>\n<li>Empaquetamos nuestras pantallas LED seg\u00fan su tipo y aplicaci\u00f3n para garantizar una entrega segura. Seg\u00fan las necesidades, algunas unidades se env\u00edan en cajas de madera para mayor protecci\u00f3n, otras en cajas de cart\u00f3n resistentes y ciertos m\u00f3dulos en cajas herm\u00e9ticas. Aplicamos medidas de seguridad adicionales, como el uso de cajas sencillas, cuando es necesario.<\/li>\n<\/ul>\n\t<div class=\"img has-hover x md-x lg-x y md-y lg-y\" id=\"image_363756718\">\n\t\t\t\t\t\t\t\t<div class=\"img-inner dark\" >\n\t\t\t<img loading=\"lazy\" decoding=\"async\" width=\"760\" height=\"1024\" src=\"https:\/\/www.telaled.com\/wp-content\/uploads\/2025\/06\/Embalagem-760x1024.webp\" class=\"attachment-large size-large\" alt=\"Embalaje\" srcset=\"https:\/\/www.telaled.com\/wp-content\/uploads\/2025\/06\/Embalagem-760x1024.webp 760w, https:\/\/www.telaled.com\/wp-content\/uploads\/2025\/06\/Embalagem-223x300.webp 223w, https:\/\/www.telaled.com\/wp-content\/uploads\/2025\/06\/Embalagem-768x1035.webp 768w, https:\/\/www.telaled.com\/wp-content\/uploads\/2025\/06\/Embalagem-9x12.webp 9w, https:\/\/www.telaled.com\/wp-content\/uploads\/2025\/06\/Embalagem-600x808.webp 600w, https:\/\/www.telaled.com\/wp-content\/uploads\/2025\/06\/Embalagem.webp 795w\" sizes=\"auto, (max-width: 760px) 100vw, 760px\" \/>\t\t\t\t\t\t\n\t\t\t\t\t<\/div>\n\t\t\t\t\t\t\t\t\n<style>\n#image_363756718 {\n  width: 95%;\n}\n<\/style>\n\t<\/div>\n\t\n\t\t<\/div>\n\t\t\t\t\t<\/div>\n\n\t\n<\/div>\n\t\t<\/div>\n\t\t\t\t\t<\/div>\n\n\t\n\n\t<div id=\"col-1584385441\" class=\"col small-12 large-12\"  >\n\t\t\t\t<div class=\"col-inner\"  >\n\t\t\t\n\t\t\t\n<div class=\"row\"  id=\"row-151057177\">\n\n\t<div id=\"col-1453415996\" class=\"col medium-10 small-12 large-10\"  >\n\t\t\t\t<div class=\"col-inner\"  >\n\t\t\t\n\t\t\t\n\n<table id=\"tablepress-52\" class=\"tablepress tablepress-id-52\">\n<thead>\n<tr class=\"row-1\">\n\t<th class=\"column-1\">Presupuesto:<\/th><th class=\"column-2\">TCH-P4-S118<\/th>\n<\/tr>\n<\/thead>\n<tbody class=\"row-striping row-hover\">\n<tr class=\"row-2\">\n\t<td class=\"column-1\">Composici\u00f3n de puntos de p\u00edxeles:<\/td><td class=\"column-2\">2121 (3 en 1)<\/td>\n<\/tr>\n<tr class=\"row-3\">\n\t<td class=\"column-1\">Resoluci\u00f3n de p\u00edxeles:<\/td><td class=\"column-2\">550*370<\/td>\n<\/tr>\n<tr class=\"row-4\">\n\t<td class=\"column-1\">Tama\u00f1o de pantalla (mm):<\/td><td class=\"column-2\">2200*1480<\/td>\n<\/tr>\n<tr class=\"row-5\">\n\t<td class=\"column-1\">Densidad de visualizaci\u00f3n:<\/td><td class=\"column-2\">62500 puntos\/\u33a1<\/td>\n<\/tr>\n<tr class=\"row-6\">\n\t<td class=\"column-1\">Distancia de visualizaci\u00f3n ideal (m):<\/td><td class=\"column-2\">4-100 m<\/td>\n<\/tr>\n<tr class=\"row-7\">\n\t<td class=\"column-1\">Consumo m\u00e1ximo de energ\u00eda:<\/td><td class=\"column-2\">800w\/m\u00b2<\/td>\n<\/tr>\n<tr class=\"row-8\">\n\t<td class=\"column-1\">M\u00e9todo de escaneo:<\/td><td class=\"column-2\">16 escaneos<\/td>\n<\/tr>\n<tr class=\"row-9\">\n\t<td class=\"column-1\">Brillo: (CD\/\u33a1)<\/td><td class=\"column-2\">1600<\/td>\n<\/tr>\n<tr class=\"row-10\">\n\t<td class=\"column-1\">Perspectiva:<\/td><td class=\"column-2\">H 360\u00b0 V 360\u00b0<\/td>\n<\/tr>\n<tr class=\"row-11\">\n\t<td class=\"column-1\">Voltaje de funcionamiento:<\/td><td class=\"column-2\">CA 220 V\/100 V \u00b1 151 TP3T 47 ~ 64 Hz<\/td>\n<\/tr>\n<tr class=\"row-12\">\n\t<td class=\"column-1\">Tensi\u00f3n de alimentaci\u00f3n:<\/td><td class=\"column-2\">5 V<\/td>\n<\/tr>\n<tr class=\"row-13\">\n\t<td class=\"column-1\">Temperatura ambiente de funcionamiento del sistema:<\/td><td class=\"column-2\">-20~60\u00b0C<\/td>\n<\/tr>\n<tr class=\"row-14\">\n\t<td class=\"column-1\">El sistema funciona en un entorno moderado:<\/td><td class=\"column-2\">10%~90% UR<\/td>\n<\/tr>\n<tr class=\"row-15\">\n\t<td class=\"column-1\">Color de la pantalla:<\/td><td class=\"column-2\">16,7 millones<\/td>\n<\/tr>\n<tr class=\"row-16\">\n\t<td class=\"column-1\">Nivel de escala de grises:<\/td><td class=\"column-2\">16384<\/td>\n<\/tr>\n<tr class=\"row-17\">\n\t<td class=\"column-1\">M\u00e9todo de comunicaci\u00f3n:<\/td><td class=\"column-2\">Sincronizaci\u00f3n<\/td>\n<\/tr>\n<\/tbody>\n<\/table>\n<!-- #tablepress-52 from cache -->\n\t\t<\/div>\n\t\t\t\t\t<\/div>\n\n\t\n<\/div>\n\t\t<\/div>\n\t\t\t\t\t<\/div>\n\n\t\n<\/div>","protected":false},"excerpt":{"rendered":"<p><strong>Pantalla LED de mantenimiento frontal serie TIB: alta tasa de actualizaci\u00f3n y f\u00e1cil mantenimiento frontal<\/strong><\/p>\n<p>EL <strong>Panel LED de mantenimiento frontal de la serie TIB<\/strong> Ofrece un r\u00e1pido mantenimiento frontal, ideal para espacios de instalaci\u00f3n reducidos. Con distancias de p\u00edxeles de <a href=\"https:\/\/www.telaled.com\/es\/fabrica\/modulo-painel-de-led-p1-25\/\">1,25 mil\u00edmetros<\/a> a <a href=\"https:\/\/www.telaled.com\/es\/fabrica\/modulo-painel-de-led-p2-5\/\">2,5 mm<\/a>, Su estructura mecanizada por CNC garantiza im\u00e1genes n\u00edtidas, f\u00e1cil mantenimiento y confiabilidad a largo plazo.<\/p>\n<p><strong>Caracter\u00edsticas principales:<\/strong><\/p>\n<ul>\n<li><strong>Acceso de mantenimiento frontal:<\/strong> Los m\u00f3dulos se pueden quitar desde el frente en menos de dos minutos utilizando una simple herramienta magn\u00e9tica.<\/li>\n<li><strong>Conexi\u00f3n del m\u00f3dulo inal\u00e1mbrico:<\/strong> El dise\u00f1o de conexi\u00f3n directa elimina la necesidad de cables planos.<\/li>\n<li><strong>Potencia y se\u00f1al redundantes:<\/strong> Los sistemas de respaldo dual mantienen la <a href=\"https:\/\/www.telaled.com\/es\/monitor-video-wall\/\">monitor<\/a> funcionando durante interrupciones inesperadas de energ\u00eda o se\u00f1al.<\/li>\n<\/ul>\n<p>Elija 1,25 mm para la nitidez en primeros planos en salas de control, 1,53 mm y <a href=\"https:\/\/www.telaled.com\/es\/fabrica\/modulo-painel-de-led-p1-8605\/\">1,86 mil\u00edmetros<\/a> para conferencias y comercio minorista, o 2,5 mm para pantallas interiores m\u00e1s grandes con mayor distancia de visualizaci\u00f3n.<\/p>","protected":false},"featured_media":2844,"template":"","meta":[],"product_brand":[],"product_cat":[40,46],"product_tag":[],"class_list":{"0":"post-2843","1":"product","2":"type-product","3":"status-publish","4":"has-post-thumbnail","6":"product_cat-painel-de-led","7":"product_cat-painel-de-video","9":"first","10":"instock","11":"shipping-taxable","12":"product-type-simple"},"yoast_head":"<!-- This site is optimized with the Yoast SEO plugin v27.5 - https:\/\/yoast.com\/product\/yoast-seo-wordpress\/ -->\n<title>Painel de LED para Manuten\u00e7\u00e3o Frontal S\u00e9rie TIB | Reparos R\u00e1pidos e Simples | TELALED<\/title>\n<meta name=\"description\" content=\"Economize tempo com Painel de LED para Manuten\u00e7\u00e3o Frontal S\u00e9rie TIB. N\u00e3o \u00e9 necess\u00e1rio espa\u00e7o na parte traseira. Solicite um or\u00e7amento hoje mesmo e agilize a configura\u00e7\u00e3o do seu display.\" \/>\n<meta name=\"robots\" content=\"index, follow, max-snippet:-1, max-image-preview:large, max-video-preview:-1\" \/>\n<link rel=\"canonical\" href=\"https:\/\/www.telaled.com\/es\/fabrica\/painel-de-led-para-manutencao-frontal-serie-tib\/\" \/>\n<meta property=\"og:locale\" content=\"es_ES\" \/>\n<meta property=\"og:type\" content=\"article\" \/>\n<meta property=\"og:title\" content=\"Painel de LED para Manuten\u00e7\u00e3o Frontal S\u00e9rie TIB | Reparos R\u00e1pidos e Simples | TELALED\" \/>\n<meta property=\"og:description\" content=\"Economize tempo com Painel de LED para Manuten\u00e7\u00e3o Frontal S\u00e9rie TIB. N\u00e3o \u00e9 necess\u00e1rio espa\u00e7o na parte traseira. Solicite um or\u00e7amento hoje mesmo e agilize a configura\u00e7\u00e3o do seu display.\" \/>\n<meta property=\"og:url\" content=\"https:\/\/www.telaled.com\/es\/fabrica\/painel-de-led-para-manutencao-frontal-serie-tib\/\" \/>\n<meta property=\"og:site_name\" content=\"TELALED\" \/>\n<meta property=\"article:modified_time\" content=\"2026-01-05T02:48:37+00:00\" \/>\n<meta property=\"og:image\" content=\"https:\/\/www.telaled.com\/wp-content\/uploads\/2025\/08\/painel-de-led-para-manutencao-frontal.webp\" \/>\n\t<meta property=\"og:image:width\" content=\"500\" \/>\n\t<meta property=\"og:image:height\" content=\"500\" \/>\n\t<meta property=\"og:image:type\" content=\"image\/webp\" \/>\n<meta name=\"twitter:card\" content=\"summary_large_image\" \/>\n<meta name=\"twitter:label1\" content=\"Tiempo de lectura\" \/>\n\t<meta name=\"twitter:data1\" content=\"3 minutos\" \/>\n<script type=\"application\/ld+json\" class=\"yoast-schema-graph\">{\"@context\":\"https:\\\/\\\/schema.org\",\"@graph\":[{\"@type\":\"WebPage\",\"@id\":\"https:\\\/\\\/www.telaled.com\\\/fabrica\\\/painel-de-led-para-manutencao-frontal-serie-tib\\\/\",\"url\":\"https:\\\/\\\/www.telaled.com\\\/fabrica\\\/painel-de-led-para-manutencao-frontal-serie-tib\\\/\",\"name\":\"Painel de LED para Manuten\u00e7\u00e3o Frontal S\u00e9rie TIB | Reparos R\u00e1pidos e Simples | TELALED\",\"isPartOf\":{\"@id\":\"https:\\\/\\\/www.telaled.com\\\/#website\"},\"primaryImageOfPage\":{\"@id\":\"https:\\\/\\\/www.telaled.com\\\/fabrica\\\/painel-de-led-para-manutencao-frontal-serie-tib\\\/#primaryimage\"},\"image\":{\"@id\":\"https:\\\/\\\/www.telaled.com\\\/fabrica\\\/painel-de-led-para-manutencao-frontal-serie-tib\\\/#primaryimage\"},\"thumbnailUrl\":\"https:\\\/\\\/www.telaled.com\\\/wp-content\\\/uploads\\\/2025\\\/08\\\/painel-de-led-para-manutencao-frontal.webp\",\"datePublished\":\"2025-08-04T01:34:42+00:00\",\"dateModified\":\"2026-01-05T02:48:37+00:00\",\"description\":\"Economize tempo com Painel de LED para Manuten\u00e7\u00e3o Frontal S\u00e9rie TIB. N\u00e3o \u00e9 necess\u00e1rio espa\u00e7o na parte traseira. Solicite um or\u00e7amento hoje mesmo e agilize a configura\u00e7\u00e3o do seu display.\",\"breadcrumb\":{\"@id\":\"https:\\\/\\\/www.telaled.com\\\/fabrica\\\/painel-de-led-para-manutencao-frontal-serie-tib\\\/#breadcrumb\"},\"inLanguage\":\"es\",\"potentialAction\":[{\"@type\":\"ReadAction\",\"target\":[\"https:\\\/\\\/www.telaled.com\\\/fabrica\\\/painel-de-led-para-manutencao-frontal-serie-tib\\\/\"]}]},{\"@type\":\"ImageObject\",\"inLanguage\":\"es\",\"@id\":\"https:\\\/\\\/www.telaled.com\\\/fabrica\\\/painel-de-led-para-manutencao-frontal-serie-tib\\\/#primaryimage\",\"url\":\"https:\\\/\\\/www.telaled.com\\\/wp-content\\\/uploads\\\/2025\\\/08\\\/painel-de-led-para-manutencao-frontal.webp\",\"contentUrl\":\"https:\\\/\\\/www.telaled.com\\\/wp-content\\\/uploads\\\/2025\\\/08\\\/painel-de-led-para-manutencao-frontal.webp\",\"width\":500,\"height\":500,\"caption\":\"painel-de-led-para-manuten\u00e7\u00e3o-frontal\"},{\"@type\":\"BreadcrumbList\",\"@id\":\"https:\\\/\\\/www.telaled.com\\\/fabrica\\\/painel-de-led-para-manutencao-frontal-serie-tib\\\/#breadcrumb\",\"itemListElement\":[{\"@type\":\"ListItem\",\"position\":1,\"name\":\"Home\",\"item\":\"https:\\\/\\\/www.telaled.com\\\/\"},{\"@type\":\"ListItem\",\"position\":2,\"name\":\"Produtos\",\"item\":\"https:\\\/\\\/www.telaled.com\\\/shop\\\/\"},{\"@type\":\"ListItem\",\"position\":3,\"name\":\"Painel de LED para Manuten\u00e7\u00e3o Frontal S\u00e9rie TIB\"}]},{\"@type\":\"WebSite\",\"@id\":\"https:\\\/\\\/www.telaled.com\\\/#website\",\"url\":\"https:\\\/\\\/www.telaled.com\\\/\",\"name\":\"TELALED\",\"description\":\"\",\"potentialAction\":[{\"@type\":\"SearchAction\",\"target\":{\"@type\":\"EntryPoint\",\"urlTemplate\":\"https:\\\/\\\/www.telaled.com\\\/?s={search_term_string}\"},\"query-input\":{\"@type\":\"PropertyValueSpecification\",\"valueRequired\":true,\"valueName\":\"search_term_string\"}}],\"inLanguage\":\"es\"}]}<\/script>\n<!-- \/ Yoast SEO plugin. -->","yoast_head_json":{"title":"Panel LED de mantenimiento frontal serie TIB | Reparaciones r\u00e1pidas y sencillas | TELALED","description":"Ahorre tiempo con la pantalla LED frontal de la serie TIB. No requiere espacio posterior. Solicite un presupuesto hoy mismo y agilice la instalaci\u00f3n de su pantalla.","robots":{"index":"index","follow":"follow","max-snippet":"max-snippet:-1","max-image-preview":"max-image-preview:large","max-video-preview":"max-video-preview:-1"},"canonical":"https:\/\/www.telaled.com\/es\/fabrica\/painel-de-led-para-manutencao-frontal-serie-tib\/","og_locale":"es_ES","og_type":"article","og_title":"Painel de LED para Manuten\u00e7\u00e3o Frontal S\u00e9rie TIB | Reparos R\u00e1pidos e Simples | TELALED","og_description":"Economize tempo com Painel de LED para Manuten\u00e7\u00e3o Frontal S\u00e9rie TIB. N\u00e3o \u00e9 necess\u00e1rio espa\u00e7o na parte traseira. Solicite um or\u00e7amento hoje mesmo e agilize a configura\u00e7\u00e3o do seu display.","og_url":"https:\/\/www.telaled.com\/es\/fabrica\/painel-de-led-para-manutencao-frontal-serie-tib\/","og_site_name":"TELALED","article_modified_time":"2026-01-05T02:48:37+00:00","og_image":[{"width":500,"height":500,"url":"https:\/\/www.telaled.com\/wp-content\/uploads\/2025\/08\/painel-de-led-para-manutencao-frontal.webp","type":"image\/webp"}],"twitter_card":"summary_large_image","twitter_misc":{"Tiempo de lectura":"3 minutos"},"schema":{"@context":"https:\/\/schema.org","@graph":[{"@type":"WebPage","@id":"https:\/\/www.telaled.com\/fabrica\/painel-de-led-para-manutencao-frontal-serie-tib\/","url":"https:\/\/www.telaled.com\/fabrica\/painel-de-led-para-manutencao-frontal-serie-tib\/","name":"Panel LED de mantenimiento frontal serie TIB | Reparaciones r\u00e1pidas y sencillas | TELALED","isPartOf":{"@id":"https:\/\/www.telaled.com\/#website"},"primaryImageOfPage":{"@id":"https:\/\/www.telaled.com\/fabrica\/painel-de-led-para-manutencao-frontal-serie-tib\/#primaryimage"},"image":{"@id":"https:\/\/www.telaled.com\/fabrica\/painel-de-led-para-manutencao-frontal-serie-tib\/#primaryimage"},"thumbnailUrl":"https:\/\/www.telaled.com\/wp-content\/uploads\/2025\/08\/painel-de-led-para-manutencao-frontal.webp","datePublished":"2025-08-04T01:34:42+00:00","dateModified":"2026-01-05T02:48:37+00:00","description":"Ahorre tiempo con la pantalla LED frontal de la serie TIB. No requiere espacio posterior. Solicite un presupuesto hoy mismo y agilice la instalaci\u00f3n de su pantalla.","breadcrumb":{"@id":"https:\/\/www.telaled.com\/fabrica\/painel-de-led-para-manutencao-frontal-serie-tib\/#breadcrumb"},"inLanguage":"es","potentialAction":[{"@type":"ReadAction","target":["https:\/\/www.telaled.com\/fabrica\/painel-de-led-para-manutencao-frontal-serie-tib\/"]}]},{"@type":"ImageObject","inLanguage":"es","@id":"https:\/\/www.telaled.com\/fabrica\/painel-de-led-para-manutencao-frontal-serie-tib\/#primaryimage","url":"https:\/\/www.telaled.com\/wp-content\/uploads\/2025\/08\/painel-de-led-para-manutencao-frontal.webp","contentUrl":"https:\/\/www.telaled.com\/wp-content\/uploads\/2025\/08\/painel-de-led-para-manutencao-frontal.webp","width":500,"height":500,"caption":"painel-de-led-para-manuten\u00e7\u00e3o-frontal"},{"@type":"BreadcrumbList","@id":"https:\/\/www.telaled.com\/fabrica\/painel-de-led-para-manutencao-frontal-serie-tib\/#breadcrumb","itemListElement":[{"@type":"ListItem","position":1,"name":"Home","item":"https:\/\/www.telaled.com\/"},{"@type":"ListItem","position":2,"name":"Produtos","item":"https:\/\/www.telaled.com\/shop\/"},{"@type":"ListItem","position":3,"name":"Painel de LED para Manuten\u00e7\u00e3o Frontal S\u00e9rie TIB"}]},{"@type":"WebSite","@id":"https:\/\/www.telaled.com\/#website","url":"https:\/\/www.telaled.com\/","name":"Pantalla LED","description":"","potentialAction":[{"@type":"SearchAction","target":{"@type":"EntryPoint","urlTemplate":"https:\/\/www.telaled.com\/?s={search_term_string}"},"query-input":{"@type":"PropertyValueSpecification","valueRequired":true,"valueName":"search_term_string"}}],"inLanguage":"es"}]}},"_links":{"self":[{"href":"https:\/\/www.telaled.com\/es\/wp-json\/wp\/v2\/product\/2843","targetHints":{"allow":["GET"]}}],"collection":[{"href":"https:\/\/www.telaled.com\/es\/wp-json\/wp\/v2\/product"}],"about":[{"href":"https:\/\/www.telaled.com\/es\/wp-json\/wp\/v2\/types\/product"}],"wp:featuredmedia":[{"embeddable":true,"href":"https:\/\/www.telaled.com\/es\/wp-json\/wp\/v2\/media\/2844"}],"wp:attachment":[{"href":"https:\/\/www.telaled.com\/es\/wp-json\/wp\/v2\/media?parent=2843"}],"wp:term":[{"taxonomy":"product_brand","embeddable":true,"href":"https:\/\/www.telaled.com\/es\/wp-json\/wp\/v2\/product_brand?post=2843"},{"taxonomy":"product_cat","embeddable":true,"href":"https:\/\/www.telaled.com\/es\/wp-json\/wp\/v2\/product_cat?post=2843"},{"taxonomy":"product_tag","embeddable":true,"href":"https:\/\/www.telaled.com\/es\/wp-json\/wp\/v2\/product_tag?post=2843"}],"curies":[{"name":"gracias","href":"https:\/\/api.w.org\/{rel}","templated":true}]}}