{"id":2792,"date":"2025-07-29T08:46:16","date_gmt":"2025-07-29T08:46:16","guid":{"rendered":"https:\/\/www.telaled.com\/?post_type=product&#038;p=2792"},"modified":"2026-01-05T01:57:39","modified_gmt":"2026-01-05T01:57:39","slug":"paineis-de-led-outdoor-serie-tod","status":"publish","type":"product","link":"https:\/\/www.telaled.com\/es\/fabrica\/paineis-de-led-outdoor-serie-tod\/","title":{"rendered":"Paneles LED para exteriores de la serie TOD"},"content":{"rendered":"<div class=\"row\"  id=\"row-1291221303\">\n\n\t<div id=\"col-1185308479\" class=\"col small-12 large-12\"  >\n\t\t\t\t<div class=\"col-inner\"  >\n\t\t\t\n\t\t\t\n<h2>Ventajas exclusivas de los paneles LED para exteriores de la serie TOD<\/h2>\n<h3><strong>Durabilidad superior<\/strong><\/h3>\n<ul>\n<li>Fabricado con un marco trasero de aluminio fundido, dise\u00f1ado para soportar altas temperaturas y evitar la ignici\u00f3n, garantizando as\u00ed una r\u00e1pida disipaci\u00f3n del calor. El marco est\u00e1 fabricado con un material ign\u00edfugo est\u00e1ndar, capaz de funcionar a altas temperaturas sin riesgo de combusti\u00f3n espont\u00e1nea.<\/li>\n<li>Utilice fuentes de alimentaci\u00f3n independientes, lo que reduce el <a href=\"https:\/\/www.telaled.com\/es\/entendendo-o-consumo-de-energia-painel-de-led-quao-eficientes-sao-os-displays-de-led-modernos\/\">consumo de energ\u00eda<\/a> y generaci\u00f3n de calor. Los m\u00f3dulos de aluminio proporcionan una excelente disipaci\u00f3n del calor, logrando un ahorro energ\u00e9tico de hasta 75% y reduciendo costes.<\/li>\n<\/ul>\n<h3><strong>Calidad visual excepcional<\/strong><\/h3>\n<ul>\n<li>Alta frecuencia de actualizaci\u00f3n de hasta 1920\/3840 HZ<\/li>\n<li>Amplio \u00e1ngulo de visi\u00f3n de 160\u00b0\/140\u00b0<\/li>\n<\/ul>\n<h3><strong>Adaptabilidad completa<\/strong><\/h3>\n<ul>\n<li>100.000 vidas \u00fatiles.<\/li>\n<li>Brillo de hasta 6.000~10.000 cd\/m2<\/li>\n<\/ul>\n<h3><strong>Soporte integral<\/strong><\/h3>\n<ul>\n<li>Soporte t\u00e9cnico remoto 24 horas al d\u00eda, 7 d\u00edas a la semana: disponible siempre que necesite ayuda.<\/li>\n<li>5% de repuestos incluidos \u2013 Disfrute de una mayor tranquilidad.<\/li>\n<li>Garant\u00eda extendida de 3 a\u00f1os: benef\u00edciese de la confiabilidad a largo plazo y del soporte integral.<\/li>\n<\/ul>\n<h2>Detalles del producto<\/h2>\n<div class=\"row\"  id=\"row-644500660\">\n\n\t<div id=\"col-1316926827\" class=\"col medium-10 small-12 large-10\"  >\n\t\t\t\t<div class=\"col-inner text-left\"  >\n\t\t\t\n\t\t\t\n<ul>\n<li>La protecci\u00f3n de grado IP65 garantiza un funcionamiento estable de la pantalla incluso en condiciones clim\u00e1ticas extremas como las siguientes: alta temperatura, baja temperatura y alta humedad.<\/li>\n<\/ul>\n\t<div class=\"img has-hover x md-x lg-x y md-y lg-y\" id=\"image_1553520616\">\n\t\t\t\t\t\t\t\t<div class=\"img-inner dark\" >\n\t\t\t<img loading=\"lazy\" decoding=\"async\" width=\"1440\" height=\"500\" src=\"https:\/\/www.telaled.com\/wp-content\/uploads\/2025\/07\/Nivel-de-protecao-IP65.webp\" class=\"attachment-original size-original\" alt=\"Nivel de protecci\u00f3n IP65\" srcset=\"https:\/\/www.telaled.com\/wp-content\/uploads\/2025\/07\/Nivel-de-protecao-IP65.webp 1440w, https:\/\/www.telaled.com\/wp-content\/uploads\/2025\/07\/Nivel-de-protecao-IP65-300x104.webp 300w, https:\/\/www.telaled.com\/wp-content\/uploads\/2025\/07\/Nivel-de-protecao-IP65-1024x356.webp 1024w, https:\/\/www.telaled.com\/wp-content\/uploads\/2025\/07\/Nivel-de-protecao-IP65-768x267.webp 768w, https:\/\/www.telaled.com\/wp-content\/uploads\/2025\/07\/Nivel-de-protecao-IP65-18x6.webp 18w, https:\/\/www.telaled.com\/wp-content\/uploads\/2025\/07\/Nivel-de-protecao-IP65-600x208.webp 600w\" sizes=\"auto, (max-width: 1440px) 100vw, 1440px\" \/>\t\t\t\t\t\t\n\t\t\t\t\t<\/div>\n\t\t\t\t\t\t\t\t\n<style>\n#image_1553520616 {\n  width: 95%;\n}\n<\/style>\n\t<\/div>\n\t\n\t\t<\/div>\n\t\t\t\t\t<\/div>\n\n\t\n\n\t<div id=\"col-1705277447\" class=\"col medium-10 small-12 large-10\"  >\n\t\t\t\t<div class=\"col-inner text-left\"  >\n\t\t\t\n\t\t\t\n<ul>\n<li>Pies de l\u00e1mpara rellenos de pegamento l\u00edquido doble, lo que garantiza una protecci\u00f3n y durabilidad superiores.<\/li>\n<\/ul>\n\t<div class=\"img has-hover x md-x lg-x y md-y lg-y\" id=\"image_305054286\">\n\t\t\t\t\t\t\t\t<div class=\"img-inner dark\" >\n\t\t\t<img loading=\"lazy\" decoding=\"async\" width=\"640\" height=\"430\" src=\"https:\/\/www.telaled.com\/wp-content\/uploads\/2025\/07\/Base-para-lampada-com-dupla-cola-liquida.webp\" class=\"attachment-large size-large\" alt=\"\" srcset=\"https:\/\/www.telaled.com\/wp-content\/uploads\/2025\/07\/Base-para-lampada-com-dupla-cola-liquida.webp 640w, https:\/\/www.telaled.com\/wp-content\/uploads\/2025\/07\/Base-para-lampada-com-dupla-cola-liquida-300x202.webp 300w, https:\/\/www.telaled.com\/wp-content\/uploads\/2025\/07\/Base-para-lampada-com-dupla-cola-liquida-18x12.webp 18w, https:\/\/www.telaled.com\/wp-content\/uploads\/2025\/07\/Base-para-lampada-com-dupla-cola-liquida-600x403.webp 600w\" sizes=\"auto, (max-width: 640px) 100vw, 640px\" \/>\t\t\t\t\t\t\n\t\t\t\t\t<\/div>\n\t\t\t\t\t\t\t\t\n<style>\n#image_305054286 {\n  width: 95%;\n}\n<\/style>\n\t<\/div>\n\t\n<ul>\n<li>Tama\u00f1os duraderos y vers\u00e1tiles.<\/li>\n<\/ul>\n\t<div class=\"img has-hover x md-x lg-x y md-y lg-y\" id=\"image_1051412971\">\n\t\t\t\t\t\t\t\t<div class=\"img-inner dark\" >\n\t\t\t<img loading=\"lazy\" decoding=\"async\" width=\"1020\" height=\"283\" src=\"https:\/\/www.telaled.com\/wp-content\/uploads\/2025\/07\/Tamanhos-duraveis-e-versateis-1024x284.webp\" class=\"attachment-large size-large\" alt=\"Tama\u00f1os duraderos y vers\u00e1tiles.\" srcset=\"https:\/\/www.telaled.com\/wp-content\/uploads\/2025\/07\/Tamanhos-duraveis-e-versateis-1024x284.webp 1024w, https:\/\/www.telaled.com\/wp-content\/uploads\/2025\/07\/Tamanhos-duraveis-e-versateis-300x83.webp 300w, https:\/\/www.telaled.com\/wp-content\/uploads\/2025\/07\/Tamanhos-duraveis-e-versateis-768x213.webp 768w, https:\/\/www.telaled.com\/wp-content\/uploads\/2025\/07\/Tamanhos-duraveis-e-versateis-18x5.webp 18w, https:\/\/www.telaled.com\/wp-content\/uploads\/2025\/07\/Tamanhos-duraveis-e-versateis-600x167.webp 600w, https:\/\/www.telaled.com\/wp-content\/uploads\/2025\/07\/Tamanhos-duraveis-e-versateis.webp 1440w\" sizes=\"auto, (max-width: 1020px) 100vw, 1020px\" \/>\t\t\t\t\t\t\n\t\t\t\t\t<\/div>\n\t\t\t\t\t\t\t\t\n<style>\n#image_1051412971 {\n  width: 95%;\n}\n<\/style>\n\t<\/div>\n\t\n\t\t<\/div>\n\t\t\t\t\t<\/div>\n\n\t\n\n\t<div id=\"col-697036106\" class=\"col medium-10 small-12 large-10\"  >\n\t\t\t\t<div class=\"col-inner text-left\"  >\n\t\t\t\n\t\t\t\n<ul>\n<li>Las pantallas LED se embalan seg\u00fan su tipo y uso previsto, lo que garantiza un transporte seguro. Los sistemas completos se embalan en cajas de madera para mayor estabilidad, mientras que los m\u00f3dulos LED individuales se embalan en cajas de cart\u00f3n resistentes. Las pantallas de alquiler se env\u00edan en cajas especiales de transporte a\u00e9reo para mayor protecci\u00f3n. Algunos art\u00edculos tambi\u00e9n se embalan en cajas sencillas, pero incluyen cajas de madera para mayor seguridad.<\/li>\n<\/ul>\n\t<div class=\"img has-hover x md-x lg-x y md-y lg-y\" id=\"image_224048111\">\n\t\t\t\t\t\t\t\t<div class=\"img-inner dark\" >\n\t\t\t<img loading=\"lazy\" decoding=\"async\" width=\"760\" height=\"1024\" src=\"https:\/\/www.telaled.com\/wp-content\/uploads\/2025\/06\/Embalagem-760x1024.webp\" class=\"attachment-large size-large\" alt=\"Embalaje\" srcset=\"https:\/\/www.telaled.com\/wp-content\/uploads\/2025\/06\/Embalagem-760x1024.webp 760w, https:\/\/www.telaled.com\/wp-content\/uploads\/2025\/06\/Embalagem-223x300.webp 223w, https:\/\/www.telaled.com\/wp-content\/uploads\/2025\/06\/Embalagem-768x1035.webp 768w, https:\/\/www.telaled.com\/wp-content\/uploads\/2025\/06\/Embalagem-9x12.webp 9w, https:\/\/www.telaled.com\/wp-content\/uploads\/2025\/06\/Embalagem-600x808.webp 600w, https:\/\/www.telaled.com\/wp-content\/uploads\/2025\/06\/Embalagem.webp 795w\" sizes=\"auto, (max-width: 760px) 100vw, 760px\" \/>\t\t\t\t\t\t\n\t\t\t\t\t<\/div>\n\t\t\t\t\t\t\t\t\n<style>\n#image_224048111 {\n  width: 95%;\n}\n<\/style>\n\t<\/div>\n\t\n\t\t<\/div>\n\t\t\t\t\t<\/div>\n\n\t\n<\/div>\n\t\t<\/div>\n\t\t\t\t\t<\/div>\n\n\t\n\n\t<div id=\"col-1382473088\" class=\"col small-12 large-12\"  >\n\t\t\t\t<div class=\"col-inner\"  >\n\t\t\t\n\t\t\t\n<div class=\"row\"  id=\"row-973900408\">\n\n\t<div id=\"col-680927202\" class=\"col medium-10 small-12 large-10\"  >\n\t\t\t\t<div class=\"col-inner\"  >\n\t\t\t\n\t\t\t\n\n<table id=\"tablepress-49\" class=\"tablepress tablepress-id-49\">\n<thead>\n<tr class=\"row-1\">\n\t<th class=\"column-1\">Modelo<\/th><th class=\"column-2\">TOD - 3.8<\/th><th class=\"column-3\">TOD - 5.3<\/th><th class=\"column-4\">TOD - 6.67<\/th><th class=\"column-5\">TOD - 8<\/th><th class=\"column-6\">TOD - 10<\/th>\n<\/tr>\n<\/thead>\n<tbody class=\"row-striping row-hover\">\n<tr class=\"row-2\">\n\t<td class=\"column-1\">Paso de p\u00edxeles (mm)<\/td><td class=\"column-2\">3.8<\/td><td class=\"column-3\">5.33<\/td><td class=\"column-4\">6.67<\/td><td class=\"column-5\">8<\/td><td class=\"column-6\">10<\/td>\n<\/tr>\n<tr class=\"row-3\">\n\t<td class=\"column-1\">Tama\u00f1o del m\u00f3dulo (mm)<\/td><td class=\"column-2\">320\u00d7320<\/td><td class=\"column-3\">320\u00d7320<\/td><td class=\"column-4\">320\u00d7320<\/td><td class=\"column-5\">320\u00d7320<\/td><td class=\"column-6\">320\u00d7320<\/td>\n<\/tr>\n<tr class=\"row-4\">\n\t<td class=\"column-1\">Resoluci\u00f3n del m\u00f3dulo (puntos)<\/td><td class=\"column-2\">84\u00d784<\/td><td class=\"column-3\">60\u00d760<br \/>\n<\/td><td class=\"column-4\">48\u00d748<\/td><td class=\"column-5\">40\u00d740<\/td><td class=\"column-6\">32\u00d732<\/td>\n<\/tr>\n<tr class=\"row-5\">\n\t<td class=\"column-1\">Tama\u00f1o del gabinete (mm)<\/td><td class=\"column-2\">960\u00d7960<\/td><td class=\"column-3\">960\u00d7960<\/td><td class=\"column-4\">960\u00d7960<\/td><td class=\"column-5\">960\u00d7960<\/td><td class=\"column-6\">960\u00d7960<\/td>\n<\/tr>\n<tr class=\"row-6\">\n\t<td class=\"column-1\">Resoluci\u00f3n del Gabinete (puntos)<\/td><td class=\"column-2\">252\u00d7252<\/td><td class=\"column-3\">180\u00d7180<\/td><td class=\"column-4\">144\u00d7144<\/td><td class=\"column-5\">120\u00d7120<\/td><td class=\"column-6\">96\u00d796<\/td>\n<\/tr>\n<tr class=\"row-7\">\n\t<td class=\"column-1\">Peso del gabinete (kg)<\/td><td class=\"column-2\">32<\/td><td class=\"column-3\">32<\/td><td class=\"column-4\">32<\/td><td class=\"column-5\">32<\/td><td class=\"column-6\">32<\/td>\n<\/tr>\n<tr class=\"row-8\">\n\t<td class=\"column-1\">Densidad de p\u00edxeles (p\u00edxeles\/\u33a1)<\/td><td class=\"column-2\">69,696<\/td><td class=\"column-3\">35,344<\/td><td class=\"column-4\">22,500<\/td><td class=\"column-5\">15,625<\/td><td class=\"column-6\">10,000<\/td>\n<\/tr>\n<tr class=\"row-9\">\n\t<td class=\"column-1\">Brillo (liendres)<\/td><td class=\"column-2\">6,000~ 10,000<\/td><td class=\"column-3\">6,000~ 10,000<\/td><td class=\"column-4\">6,000~ 10,000<\/td><td class=\"column-5\">6,000~ 10,000<\/td><td class=\"column-6\">6,000~ 10,000<\/td>\n<\/tr>\n<tr class=\"row-10\">\n\t<td class=\"column-1\">Temperatura de color (K)<\/td><td class=\"column-2\">3,000~ 10,000<\/td><td class=\"column-3\">3,000~ 10,000<\/td><td class=\"column-4\">3,000~ 10,000<\/td><td class=\"column-5\">3,000~ 10,000<\/td><td class=\"column-6\">3,000~ 10,000<\/td>\n<\/tr>\n<tr class=\"row-11\">\n\t<td class=\"column-1\">\u00c1ngulo de visi\u00f3n (ancho\/alto)<\/td><td class=\"column-2\">160\/140<\/td><td class=\"column-3\">160\/140<\/td><td class=\"column-4\">160\/140<\/td><td class=\"column-5\">160\/140<\/td><td class=\"column-6\">160\/140<\/td>\n<\/tr>\n<tr class=\"row-12\">\n\t<td class=\"column-1\">Relaci\u00f3n de contraste<\/td><td class=\"column-2\">5000:1<\/td><td class=\"column-3\">5000:1<\/td><td class=\"column-4\">5000:1<\/td><td class=\"column-5\">5000:1<\/td><td class=\"column-6\">5000:1<\/td>\n<\/tr>\n<tr class=\"row-13\">\n\t<td class=\"column-1\">Frecuencia de actualizaci\u00f3n (Hz)<\/td><td class=\"column-2\">1920\/3840<\/td><td class=\"column-3\">1920\/3840<\/td><td class=\"column-4\">1920\/3840<\/td><td class=\"column-5\">1920\/3840<\/td><td class=\"column-6\">1920\/3840<\/td>\n<\/tr>\n<tr class=\"row-14\">\n\t<td class=\"column-1\">Velocidad de cuadros<\/td><td class=\"column-2\">50\/60 Hz<\/td><td class=\"column-3\">50\/60 Hz<\/td><td class=\"column-4\">50\/60 Hz<\/td><td class=\"column-5\">50\/60 Hz<\/td><td class=\"column-6\">50\/60 Hz<\/td>\n<\/tr>\n<tr class=\"row-15\">\n\t<td class=\"column-1\">Consumo de energ\u00eda (W\/\u33a1)<\/td><td class=\"column-2\">M\u00e1x.: 600; Promedio: 200<\/td><td class=\"column-3\">M\u00e1x.: 600; Promedio: 200<\/td><td class=\"column-4\">M\u00e1x.: 600; Promedio: 200<\/td><td class=\"column-5\">M\u00e1x.: 600; Promedio: 200<\/td><td class=\"column-6\">M\u00e1x.: 600; Promedio: 200<\/td>\n<\/tr>\n<tr class=\"row-16\">\n\t<td class=\"column-1\">Acceso al servicio<\/td><td class=\"column-2\">Delantero Trasero<\/td><td class=\"column-3\">Delantero Trasero<\/td><td class=\"column-4\">Delantero Trasero<\/td><td class=\"column-5\">Delantero Trasero<\/td><td class=\"column-6\">Delantero Trasero<\/td>\n<\/tr>\n<tr class=\"row-17\">\n\t<td class=\"column-1\">Esperanza de vida (horas)<\/td><td class=\"column-2\">100,000<\/td><td class=\"column-3\">100,000<\/td><td class=\"column-4\">100,000<\/td><td class=\"column-5\">100,000<\/td><td class=\"column-6\">100,000<\/td>\n<\/tr>\n<tr class=\"row-18\">\n\t<td class=\"column-1\">Temperatura de trabajo (\u2103)<\/td><td class=\"column-2\"><br \/>\n-40~70<\/td><td class=\"column-3\"><br \/>\n-40~70<\/td><td class=\"column-4\"><br \/>\n-40~70<\/td><td class=\"column-5\"><br \/>\n-40~70<\/td><td class=\"column-6\"><br \/>\n-40~70<\/td>\n<\/tr>\n<tr class=\"row-19\">\n\t<td class=\"column-1\">Humedad de trabajo (%)<\/td><td class=\"column-2\">0~90<\/td><td class=\"column-3\">0~90<\/td><td class=\"column-4\">0~90<\/td><td class=\"column-5\">0~90<\/td><td class=\"column-6\">0~90<\/td>\n<\/tr>\n<\/tbody>\n<\/table>\n<!-- #tablepress-49 from cache -->\n\t\t<\/div>\n\t\t\t\t\t<\/div>\n\n\t\n<\/div>\n\t\t<\/div>\n\t\t\t\t\t<\/div>\n\n\t\n<\/div>","protected":false},"excerpt":{"rendered":"<p><strong>Se\u00f1ales LED para exteriores de la serie TOD: dise\u00f1adas para condiciones adversas, listas para impactar<\/strong><\/p>\n<p>EL <em><strong>Panel LED para exteriores serie TOD<\/strong><\/em> Dise\u00f1ado para entornos hostiles, ofrece alta resistencia a la intemperie y un rendimiento visual estable. Disponible en varios tama\u00f1os y conteos de p\u00edxeles para una instalaci\u00f3n flexible.<\/p>\n<p><strong>Caracter\u00edsticas principales:<\/strong><\/p>\n<ul>\n<li><strong>Varios tama\u00f1os de gabinetes:<\/strong> Las opciones incluyen 960 x 960, 640 x 960, 640 x 640 y 960 x 640 mm para configuraciones flexibles.<\/li>\n<li><strong>Disipaci\u00f3n r\u00e1pida del calor<\/strong>Resistencia a altas temperaturas con eficiente disipaci\u00f3n de calor, evitando fallas.<\/li>\n<li><strong>Salida visual consistente:<\/strong> Mantiene el brillo y la nitidez incluso bajo la luz solar directa y en condiciones clim\u00e1ticas variables.<\/li>\n<\/ul>\n<p>R\u00e1pida instalaci\u00f3n y sustituci\u00f3n, los m\u00f3dulos estandarizados de 320 x 320 mm permiten un f\u00e1cil montaje y un r\u00e1pido mantenimiento en obra.<\/p>\n<p>Ofrecemos soporte remoto 24\/7 y una garant\u00eda est\u00e1ndar de 3 a\u00f1os. Cont\u00e1ctenos ahora para obtener un presupuesto personalizado.<\/p>","protected":false},"featured_media":2793,"template":"","meta":[],"product_brand":[],"product_cat":[40,46],"product_tag":[],"class_list":{"0":"post-2792","1":"product","2":"type-product","3":"status-publish","4":"has-post-thumbnail","6":"product_cat-painel-de-led","7":"product_cat-painel-de-video","9":"first","10":"instock","11":"shipping-taxable","12":"product-type-simple"},"yoast_head":"<!-- This site is optimized with the Yoast SEO plugin v27.5 - https:\/\/yoast.com\/product\/yoast-seo-wordpress\/ -->\n<title>Pain\u00e9is de LED Outdoor de Alta Qualidade para Displays Claros e de Alta Visibilidade em Todas as Condi\u00e7\u00f5es Clim\u00e1ticas | TELALED<\/title>\n<meta name=\"description\" content=\"Obtenha visuais n\u00edtidos e vibrantes com nossos Pain\u00e9is de LED Outdoor, resistentes \u00e0s intemp\u00e9ries. Perfeitos para publicidade e exibi\u00e7\u00f5es p\u00fablicas. Compre agora solu\u00e7\u00f5es confi\u00e1veis e com efici\u00eancia energ\u00e9tica.\" \/>\n<meta name=\"robots\" content=\"index, follow, max-snippet:-1, max-image-preview:large, max-video-preview:-1\" \/>\n<link rel=\"canonical\" href=\"https:\/\/www.telaled.com\/es\/fabrica\/paineis-de-led-outdoor-serie-tod\/\" \/>\n<meta property=\"og:locale\" content=\"es_ES\" \/>\n<meta property=\"og:type\" content=\"article\" \/>\n<meta property=\"og:title\" content=\"Pain\u00e9is de LED Outdoor de Alta Qualidade para Displays Claros e de Alta Visibilidade em Todas as Condi\u00e7\u00f5es Clim\u00e1ticas | TELALED\" \/>\n<meta property=\"og:description\" content=\"Obtenha visuais n\u00edtidos e vibrantes com nossos Pain\u00e9is de LED Outdoor, resistentes \u00e0s intemp\u00e9ries. Perfeitos para publicidade e exibi\u00e7\u00f5es p\u00fablicas. Compre agora solu\u00e7\u00f5es confi\u00e1veis e com efici\u00eancia energ\u00e9tica.\" \/>\n<meta property=\"og:url\" content=\"https:\/\/www.telaled.com\/es\/fabrica\/paineis-de-led-outdoor-serie-tod\/\" \/>\n<meta property=\"og:site_name\" content=\"TELALED\" \/>\n<meta property=\"article:modified_time\" content=\"2026-01-05T01:57:39+00:00\" \/>\n<meta property=\"og:image\" content=\"https:\/\/www.telaled.com\/wp-content\/uploads\/2025\/07\/Paineis-de-LED-Outdoor-Serie-TOD.webp\" \/>\n\t<meta property=\"og:image:width\" content=\"500\" \/>\n\t<meta property=\"og:image:height\" content=\"500\" \/>\n\t<meta property=\"og:image:type\" content=\"image\/webp\" \/>\n<meta name=\"twitter:card\" content=\"summary_large_image\" \/>\n<meta name=\"twitter:label1\" content=\"Tiempo de lectura\" \/>\n\t<meta name=\"twitter:data1\" content=\"2 minutos\" \/>\n<script type=\"application\/ld+json\" class=\"yoast-schema-graph\">{\"@context\":\"https:\\\/\\\/schema.org\",\"@graph\":[{\"@type\":\"WebPage\",\"@id\":\"https:\\\/\\\/www.telaled.com\\\/fabrica\\\/paineis-de-led-outdoor-serie-tod\\\/\",\"url\":\"https:\\\/\\\/www.telaled.com\\\/fabrica\\\/paineis-de-led-outdoor-serie-tod\\\/\",\"name\":\"Pain\u00e9is de LED Outdoor de Alta Qualidade para Displays Claros e de Alta Visibilidade em Todas as Condi\u00e7\u00f5es Clim\u00e1ticas | TELALED\",\"isPartOf\":{\"@id\":\"https:\\\/\\\/www.telaled.com\\\/#website\"},\"primaryImageOfPage\":{\"@id\":\"https:\\\/\\\/www.telaled.com\\\/fabrica\\\/paineis-de-led-outdoor-serie-tod\\\/#primaryimage\"},\"image\":{\"@id\":\"https:\\\/\\\/www.telaled.com\\\/fabrica\\\/paineis-de-led-outdoor-serie-tod\\\/#primaryimage\"},\"thumbnailUrl\":\"https:\\\/\\\/www.telaled.com\\\/wp-content\\\/uploads\\\/2025\\\/07\\\/Paineis-de-LED-Outdoor-Serie-TOD.webp\",\"datePublished\":\"2025-07-29T08:46:16+00:00\",\"dateModified\":\"2026-01-05T01:57:39+00:00\",\"description\":\"Obtenha visuais n\u00edtidos e vibrantes com nossos Pain\u00e9is de LED Outdoor, resistentes \u00e0s intemp\u00e9ries. Perfeitos para publicidade e exibi\u00e7\u00f5es p\u00fablicas. Compre agora solu\u00e7\u00f5es confi\u00e1veis e com efici\u00eancia energ\u00e9tica.\",\"breadcrumb\":{\"@id\":\"https:\\\/\\\/www.telaled.com\\\/fabrica\\\/paineis-de-led-outdoor-serie-tod\\\/#breadcrumb\"},\"inLanguage\":\"es\",\"potentialAction\":[{\"@type\":\"ReadAction\",\"target\":[\"https:\\\/\\\/www.telaled.com\\\/fabrica\\\/paineis-de-led-outdoor-serie-tod\\\/\"]}]},{\"@type\":\"ImageObject\",\"inLanguage\":\"es\",\"@id\":\"https:\\\/\\\/www.telaled.com\\\/fabrica\\\/paineis-de-led-outdoor-serie-tod\\\/#primaryimage\",\"url\":\"https:\\\/\\\/www.telaled.com\\\/wp-content\\\/uploads\\\/2025\\\/07\\\/Paineis-de-LED-Outdoor-Serie-TOD.webp\",\"contentUrl\":\"https:\\\/\\\/www.telaled.com\\\/wp-content\\\/uploads\\\/2025\\\/07\\\/Paineis-de-LED-Outdoor-Serie-TOD.webp\",\"width\":500,\"height\":500,\"caption\":\"Pain\u00e9is-de-LED-Outdoor-S\u00e9rie-TOD\"},{\"@type\":\"BreadcrumbList\",\"@id\":\"https:\\\/\\\/www.telaled.com\\\/fabrica\\\/paineis-de-led-outdoor-serie-tod\\\/#breadcrumb\",\"itemListElement\":[{\"@type\":\"ListItem\",\"position\":1,\"name\":\"Home\",\"item\":\"https:\\\/\\\/www.telaled.com\\\/\"},{\"@type\":\"ListItem\",\"position\":2,\"name\":\"Produtos\",\"item\":\"https:\\\/\\\/www.telaled.com\\\/shop\\\/\"},{\"@type\":\"ListItem\",\"position\":3,\"name\":\"Pain\u00e9is de LED Outdoor S\u00e9rie TOD\"}]},{\"@type\":\"WebSite\",\"@id\":\"https:\\\/\\\/www.telaled.com\\\/#website\",\"url\":\"https:\\\/\\\/www.telaled.com\\\/\",\"name\":\"TELALED\",\"description\":\"\",\"potentialAction\":[{\"@type\":\"SearchAction\",\"target\":{\"@type\":\"EntryPoint\",\"urlTemplate\":\"https:\\\/\\\/www.telaled.com\\\/?s={search_term_string}\"},\"query-input\":{\"@type\":\"PropertyValueSpecification\",\"valueRequired\":true,\"valueName\":\"search_term_string\"}}],\"inLanguage\":\"es\"}]}<\/script>\n<!-- \/ Yoast SEO plugin. -->","yoast_head_json":{"title":"Letreros LED de exterior de alta calidad para una visualizaci\u00f3n n\u00edtida y de alta visibilidad en cualquier condici\u00f3n clim\u00e1tica | TELALED","description":"Obtenga im\u00e1genes n\u00edtidas y vibrantes con nuestros letreros LED para exteriores resistentes a la intemperie. Perfectos para publicidad y exhibiciones p\u00fablicas. Adquiera ahora soluciones confiables y de bajo consumo.","robots":{"index":"index","follow":"follow","max-snippet":"max-snippet:-1","max-image-preview":"max-image-preview:large","max-video-preview":"max-video-preview:-1"},"canonical":"https:\/\/www.telaled.com\/es\/fabrica\/paineis-de-led-outdoor-serie-tod\/","og_locale":"es_ES","og_type":"article","og_title":"Pain\u00e9is de LED Outdoor de Alta Qualidade para Displays Claros e de Alta Visibilidade em Todas as Condi\u00e7\u00f5es Clim\u00e1ticas | TELALED","og_description":"Obtenha visuais n\u00edtidos e vibrantes com nossos Pain\u00e9is de LED Outdoor, resistentes \u00e0s intemp\u00e9ries. Perfeitos para publicidade e exibi\u00e7\u00f5es p\u00fablicas. Compre agora solu\u00e7\u00f5es confi\u00e1veis e com efici\u00eancia energ\u00e9tica.","og_url":"https:\/\/www.telaled.com\/es\/fabrica\/paineis-de-led-outdoor-serie-tod\/","og_site_name":"TELALED","article_modified_time":"2026-01-05T01:57:39+00:00","og_image":[{"width":500,"height":500,"url":"https:\/\/www.telaled.com\/wp-content\/uploads\/2025\/07\/Paineis-de-LED-Outdoor-Serie-TOD.webp","type":"image\/webp"}],"twitter_card":"summary_large_image","twitter_misc":{"Tiempo de lectura":"2 minutos"},"schema":{"@context":"https:\/\/schema.org","@graph":[{"@type":"WebPage","@id":"https:\/\/www.telaled.com\/fabrica\/paineis-de-led-outdoor-serie-tod\/","url":"https:\/\/www.telaled.com\/fabrica\/paineis-de-led-outdoor-serie-tod\/","name":"Letreros LED de exterior de alta calidad para una visualizaci\u00f3n n\u00edtida y de alta visibilidad en cualquier condici\u00f3n clim\u00e1tica | TELALED","isPartOf":{"@id":"https:\/\/www.telaled.com\/#website"},"primaryImageOfPage":{"@id":"https:\/\/www.telaled.com\/fabrica\/paineis-de-led-outdoor-serie-tod\/#primaryimage"},"image":{"@id":"https:\/\/www.telaled.com\/fabrica\/paineis-de-led-outdoor-serie-tod\/#primaryimage"},"thumbnailUrl":"https:\/\/www.telaled.com\/wp-content\/uploads\/2025\/07\/Paineis-de-LED-Outdoor-Serie-TOD.webp","datePublished":"2025-07-29T08:46:16+00:00","dateModified":"2026-01-05T01:57:39+00:00","description":"Obtenga im\u00e1genes n\u00edtidas y vibrantes con nuestros letreros LED para exteriores resistentes a la intemperie. Perfectos para publicidad y exhibiciones p\u00fablicas. Adquiera ahora soluciones confiables y de bajo consumo.","breadcrumb":{"@id":"https:\/\/www.telaled.com\/fabrica\/paineis-de-led-outdoor-serie-tod\/#breadcrumb"},"inLanguage":"es","potentialAction":[{"@type":"ReadAction","target":["https:\/\/www.telaled.com\/fabrica\/paineis-de-led-outdoor-serie-tod\/"]}]},{"@type":"ImageObject","inLanguage":"es","@id":"https:\/\/www.telaled.com\/fabrica\/paineis-de-led-outdoor-serie-tod\/#primaryimage","url":"https:\/\/www.telaled.com\/wp-content\/uploads\/2025\/07\/Paineis-de-LED-Outdoor-Serie-TOD.webp","contentUrl":"https:\/\/www.telaled.com\/wp-content\/uploads\/2025\/07\/Paineis-de-LED-Outdoor-Serie-TOD.webp","width":500,"height":500,"caption":"Pain\u00e9is-de-LED-Outdoor-S\u00e9rie-TOD"},{"@type":"BreadcrumbList","@id":"https:\/\/www.telaled.com\/fabrica\/paineis-de-led-outdoor-serie-tod\/#breadcrumb","itemListElement":[{"@type":"ListItem","position":1,"name":"Home","item":"https:\/\/www.telaled.com\/"},{"@type":"ListItem","position":2,"name":"Produtos","item":"https:\/\/www.telaled.com\/shop\/"},{"@type":"ListItem","position":3,"name":"Pain\u00e9is de LED Outdoor S\u00e9rie TOD"}]},{"@type":"WebSite","@id":"https:\/\/www.telaled.com\/#website","url":"https:\/\/www.telaled.com\/","name":"Pantalla LED","description":"","potentialAction":[{"@type":"SearchAction","target":{"@type":"EntryPoint","urlTemplate":"https:\/\/www.telaled.com\/?s={search_term_string}"},"query-input":{"@type":"PropertyValueSpecification","valueRequired":true,"valueName":"search_term_string"}}],"inLanguage":"es"}]}},"_links":{"self":[{"href":"https:\/\/www.telaled.com\/es\/wp-json\/wp\/v2\/product\/2792","targetHints":{"allow":["GET"]}}],"collection":[{"href":"https:\/\/www.telaled.com\/es\/wp-json\/wp\/v2\/product"}],"about":[{"href":"https:\/\/www.telaled.com\/es\/wp-json\/wp\/v2\/types\/product"}],"wp:featuredmedia":[{"embeddable":true,"href":"https:\/\/www.telaled.com\/es\/wp-json\/wp\/v2\/media\/2793"}],"wp:attachment":[{"href":"https:\/\/www.telaled.com\/es\/wp-json\/wp\/v2\/media?parent=2792"}],"wp:term":[{"taxonomy":"product_brand","embeddable":true,"href":"https:\/\/www.telaled.com\/es\/wp-json\/wp\/v2\/product_brand?post=2792"},{"taxonomy":"product_cat","embeddable":true,"href":"https:\/\/www.telaled.com\/es\/wp-json\/wp\/v2\/product_cat?post=2792"},{"taxonomy":"product_tag","embeddable":true,"href":"https:\/\/www.telaled.com\/es\/wp-json\/wp\/v2\/product_tag?post=2792"}],"curies":[{"name":"gracias","href":"https:\/\/api.w.org\/{rel}","templated":true}]}}