{"id":2777,"date":"2025-07-29T01:56:28","date_gmt":"2025-07-29T01:56:28","guid":{"rendered":"https:\/\/www.telaled.com\/?post_type=product&#038;p=2777"},"modified":"2026-01-05T01:49:24","modified_gmt":"2026-01-05T01:49:24","slug":"painel-led-economizador-de-energia-serie-toc","status":"publish","type":"product","link":"https:\/\/www.telaled.com\/es\/fabrica\/painel-led-economizador-de-energia-serie-toc\/","title":{"rendered":"Panel LED de ahorro de energ\u00eda serie TOC"},"content":{"rendered":"<div class=\"row\"  id=\"row-1351740910\">\n\n\t<div id=\"col-704765301\" class=\"col small-12 large-12\"  >\n\t\t\t\t<div class=\"col-inner\"  >\n\t\t\t\n\t\t\t\n<h2>Ventajas exclusivas del panel LED de ahorro de energ\u00eda de la serie TOC<\/h2>\n<h3><strong>Durabilidad superior<\/strong><\/h3>\n<ul>\n<li>El dise\u00f1o modular del gabinete de 960 mm x 960 mm y del panel de 480 mm x 320 mm, con un peso de solo \u2264 26,5 kg por gabinete, permite una r\u00e1pida instalaci\u00f3n, desmontaje y f\u00e1cil transporte.<\/li>\n<li>Utiliza encapsulaci\u00f3n LED avanzada. <a href=\"https:\/\/www.telaled.com\/es\/led-smd\/\">SMD<\/a> 3 en 1, integra LED rojos, verdes y azules para una precisi\u00f3n de color y brillo superiores.<\/li>\n<\/ul>\n<h3><strong>Calidad visual excepcional<\/strong><\/h3>\n<ul>\n<li>Alta frecuencia de actualizaci\u00f3n de hasta \u22653840 HZ<\/li>\n<li>Amplio \u00e1ngulo de visi\u00f3n de 140\u00b0\/140\u00b0<\/li>\n<\/ul>\n<h3><strong>Adaptabilidad completa<\/strong><\/h3>\n<ul>\n<li>Protecci\u00f3n impermeable IP65 y chasis de aluminio fundido a presi\u00f3n para uso exterior.<\/li>\n<li>Brillo de hasta 6000 cd\/m2<\/li>\n<\/ul>\n<h3><strong>Soporte integral<\/strong><\/h3>\n<ul>\n<li>Soporte t\u00e9cnico remoto 24 horas al d\u00eda, 7 d\u00edas a la semana: disponible siempre que necesite ayuda.<\/li>\n<li>5% de repuestos incluidos \u2013 Disfrute de una mayor tranquilidad.<\/li>\n<li>Garant\u00eda extendida de 3 a\u00f1os: benef\u00edciese de la confiabilidad a largo plazo y del soporte integral.<\/li>\n<\/ul>\n<h2>Detalles del producto<\/h2>\n<div class=\"row\"  id=\"row-334922876\">\n\n\t<div id=\"col-5485802\" class=\"col medium-10 small-12 large-10\"  >\n\t\t\t\t<div class=\"col-inner text-left\"  >\n\t\t\t\n\t\t\t\n<ul>\n<li>Excelente dise\u00f1o con pasador de posicionamiento, manija del m\u00f3dulo, cord\u00f3n de seguridad, bloqueo del marco, ranura para cable oculta y m\u00e1s.<\/li>\n<\/ul>\n\t<div class=\"img has-hover x md-x lg-x y md-y lg-y\" id=\"image_536326734\">\n\t\t\t\t\t\t\t\t<div class=\"img-inner dark\" >\n\t\t\t<img loading=\"lazy\" decoding=\"async\" width=\"753\" height=\"533\" src=\"https:\/\/www.telaled.com\/wp-content\/uploads\/2025\/07\/Excelente-design-de-gabinete.webp\" class=\"attachment-original size-original\" alt=\"Excelente dise\u00f1o de gabinete\" srcset=\"https:\/\/www.telaled.com\/wp-content\/uploads\/2025\/07\/Excelente-design-de-gabinete.webp 753w, https:\/\/www.telaled.com\/wp-content\/uploads\/2025\/07\/Excelente-design-de-gabinete-300x212.webp 300w, https:\/\/www.telaled.com\/wp-content\/uploads\/2025\/07\/Excelente-design-de-gabinete-18x12.webp 18w, https:\/\/www.telaled.com\/wp-content\/uploads\/2025\/07\/Excelente-design-de-gabinete-600x425.webp 600w\" sizes=\"auto, (max-width: 753px) 100vw, 753px\" \/>\t\t\t\t\t\t\n\t\t\t\t\t<\/div>\n\t\t\t\t\t\t\t\t\n<style>\n#image_536326734 {\n  width: 95%;\n}\n<\/style>\n\t<\/div>\n\t\n\t\t<\/div>\n\t\t\t\t\t<\/div>\n\n\t\n\n\t<div id=\"col-1438269691\" class=\"col medium-10 small-12 large-10\"  >\n\t\t\t\t<div class=\"col-inner text-left\"  >\n\t\t\t\n\t\t\t\n<ul>\n<li>Buena disipaci\u00f3n de calor. Alto brillo de 10\u00a0000 nits. Mayor vida \u00fatil que las pantallas LED tradicionales.<\/li>\n<\/ul>\n\t<div class=\"img has-hover x md-x lg-x y md-y lg-y\" id=\"image_354844154\">\n\t\t\t\t\t\t\t\t<div class=\"img-inner dark\" >\n\t\t\t<img loading=\"lazy\" decoding=\"async\" width=\"640\" height=\"430\" src=\"https:\/\/www.telaled.com\/wp-content\/uploads\/2025\/07\/Resfriamento-de-alta-eficiencia.webp\" class=\"attachment-large size-large\" alt=\"Refrigeraci\u00f3n de alta eficiencia\" srcset=\"https:\/\/www.telaled.com\/wp-content\/uploads\/2025\/07\/Resfriamento-de-alta-eficiencia.webp 640w, https:\/\/www.telaled.com\/wp-content\/uploads\/2025\/07\/Resfriamento-de-alta-eficiencia-300x202.webp 300w, https:\/\/www.telaled.com\/wp-content\/uploads\/2025\/07\/Resfriamento-de-alta-eficiencia-18x12.webp 18w, https:\/\/www.telaled.com\/wp-content\/uploads\/2025\/07\/Resfriamento-de-alta-eficiencia-600x403.webp 600w\" sizes=\"auto, (max-width: 640px) 100vw, 640px\" \/>\t\t\t\t\t\t\n\t\t\t\t\t<\/div>\n\t\t\t\t\t\t\t\t\n<style>\n#image_354844154 {\n  width: 95%;\n}\n<\/style>\n\t<\/div>\n\t\n<ul>\n<li>Esta pantalla LED admite <a href=\"https:\/\/www.telaled.com\/es\/fabrica\/painel-de-led-para-manutencao-frontal-serie-tib\/\">mantenimiento frontal<\/a> y trasera, ofreciendo una mayor flexibilidad para diversos entornos de instalaci\u00f3n.<\/li>\n<\/ul>\n\t<div class=\"img has-hover x md-x lg-x y md-y lg-y\" id=\"image_826197757\">\n\t\t\t\t\t\t\t\t<div class=\"img-inner dark\" >\n\t\t\t<img loading=\"lazy\" decoding=\"async\" width=\"640\" height=\"430\" src=\"https:\/\/www.telaled.com\/wp-content\/uploads\/2025\/07\/Manutencao-Frontal-e-Traseira.webp\" class=\"attachment-large size-large\" alt=\"Mantenimiento delantero y trasero\" srcset=\"https:\/\/www.telaled.com\/wp-content\/uploads\/2025\/07\/Manutencao-Frontal-e-Traseira.webp 640w, https:\/\/www.telaled.com\/wp-content\/uploads\/2025\/07\/Manutencao-Frontal-e-Traseira-300x202.webp 300w, https:\/\/www.telaled.com\/wp-content\/uploads\/2025\/07\/Manutencao-Frontal-e-Traseira-18x12.webp 18w, https:\/\/www.telaled.com\/wp-content\/uploads\/2025\/07\/Manutencao-Frontal-e-Traseira-600x403.webp 600w\" sizes=\"auto, (max-width: 640px) 100vw, 640px\" \/>\t\t\t\t\t\t\n\t\t\t\t\t<\/div>\n\t\t\t\t\t\t\t\t\n<style>\n#image_826197757 {\n  width: 95%;\n}\n<\/style>\n\t<\/div>\n\t\n\t\t<\/div>\n\t\t\t\t\t<\/div>\n\n\t\n\n\t<div id=\"col-1691540249\" class=\"col medium-10 small-12 large-10\"  >\n\t\t\t\t<div class=\"col-inner text-left\"  >\n\t\t\t\n\t\t\t\n<ul>\n<li>Las pantallas LED se embalan seg\u00fan su tipo y uso. Las pantallas completas se colocan en cajas de madera para un mejor soporte. Los m\u00f3dulos LED se env\u00edan en cajas de cart\u00f3n. Las pantallas de alquiler se manipulan de forma diferente; se embalan en cajas de transporte a\u00e9reo. Algunos art\u00edculos se colocan en cajas sencillas, pero reforzadas con marcos de madera para mayor protecci\u00f3n.<\/li>\n<\/ul>\n\t<div class=\"img has-hover x md-x lg-x y md-y lg-y\" id=\"image_1761633482\">\n\t\t\t\t\t\t\t\t<div class=\"img-inner dark\" >\n\t\t\t<img loading=\"lazy\" decoding=\"async\" width=\"760\" height=\"1024\" src=\"https:\/\/www.telaled.com\/wp-content\/uploads\/2025\/06\/Embalagem-760x1024.webp\" class=\"attachment-large size-large\" alt=\"Embalaje\" srcset=\"https:\/\/www.telaled.com\/wp-content\/uploads\/2025\/06\/Embalagem-760x1024.webp 760w, https:\/\/www.telaled.com\/wp-content\/uploads\/2025\/06\/Embalagem-223x300.webp 223w, https:\/\/www.telaled.com\/wp-content\/uploads\/2025\/06\/Embalagem-768x1035.webp 768w, https:\/\/www.telaled.com\/wp-content\/uploads\/2025\/06\/Embalagem-9x12.webp 9w, https:\/\/www.telaled.com\/wp-content\/uploads\/2025\/06\/Embalagem-600x808.webp 600w, https:\/\/www.telaled.com\/wp-content\/uploads\/2025\/06\/Embalagem.webp 795w\" sizes=\"auto, (max-width: 760px) 100vw, 760px\" \/>\t\t\t\t\t\t\n\t\t\t\t\t<\/div>\n\t\t\t\t\t\t\t\t\n<style>\n#image_1761633482 {\n  width: 95%;\n}\n<\/style>\n\t<\/div>\n\t\n\t\t<\/div>\n\t\t\t\t\t<\/div>\n\n\t\n<\/div>\n\t\t<\/div>\n\t\t\t\t\t<\/div>\n\n\t\n\n\t<div id=\"col-512441620\" class=\"col small-12 large-12\"  >\n\t\t\t\t<div class=\"col-inner\"  >\n\t\t\t\n\t\t\t\n<div class=\"row\"  id=\"row-297336642\">\n\n\t<div id=\"col-318395172\" class=\"col medium-10 small-12 large-10\"  >\n\t\t\t\t<div class=\"col-inner\"  >\n\t\t\t\n\t\t\t\n\n<table id=\"tablepress-47\" class=\"tablepress tablepress-id-47\">\n<thead>\n<tr class=\"row-1\">\n\t<th class=\"column-1\">Modelo<\/th><th class=\"column-2\">TOB - 3.91<\/th><th class=\"column-3\">TOB - 4.81<\/th><th class=\"column-4\">TOB - 6.25<\/th><th class=\"column-5\">TOB - 7.81<\/th><th class=\"column-6\">TOB - 10.42<\/th>\n<\/tr>\n<\/thead>\n<tbody class=\"row-striping row-hover\">\n<tr class=\"row-2\">\n\t<td class=\"column-1\">Paso de p\u00edxeles<\/td><td class=\"column-2\">3,91 mm<\/td><td class=\"column-3\">4,81 mm<\/td><td class=\"column-4\">6,25 mm<\/td><td class=\"column-5\">7,81 mm<\/td><td class=\"column-6\">10,42 mm<\/td>\n<\/tr>\n<tr class=\"row-3\">\n\t<td class=\"column-1\">Tipo SMD<\/td><td class=\"column-2\">SMD1921<\/td><td class=\"column-3\">SMD1921<\/td><td class=\"column-4\">SMD2727<\/td><td class=\"column-5\">SMD2727<\/td><td class=\"column-6\">SMD2727<\/td>\n<\/tr>\n<tr class=\"row-4\">\n\t<td class=\"column-1\">Densidad f\u00edsica (puntos\/m\u00b2)<\/td><td class=\"column-2\"><br \/>\n65536<\/td><td class=\"column-3\"><br \/>\n43264<\/td><td class=\"column-4\"><br \/>\n25600<\/td><td class=\"column-5\"><br \/>\n16384<\/td><td class=\"column-6\"><br \/>\n9216<\/td>\n<\/tr>\n<tr class=\"row-5\">\n\t<td class=\"column-1\">Resoluci\u00f3n del m\u00f3dulo<\/td><td class=\"column-2\">128x64<\/td><td class=\"column-3\">104x52<\/td><td class=\"column-4\">80x40<\/td><td class=\"column-5\">64x32<\/td><td class=\"column-6\">48x24<\/td>\n<\/tr>\n<tr class=\"row-6\">\n\t<td class=\"column-1\">Dimensiones del panel (An x Al\/mm)<\/td><td class=\"column-2\"><br \/>\n500x250<\/td><td class=\"column-3\"><br \/>\n500x250<\/td><td class=\"column-4\"><br \/>\n500x250<\/td><td class=\"column-5\"><br \/>\n500x250<\/td><td class=\"column-6\"><br \/>\n500x250<\/td>\n<\/tr>\n<tr class=\"row-7\">\n\t<td class=\"column-1\">Tama\u00f1o del m\u00f3dulo (mm)<\/td><td class=\"column-2\">1000x1000x83<\/td><td class=\"column-3\">1000x1000x83<\/td><td class=\"column-4\">1000x1000x83<\/td><td class=\"column-5\">1000x1000x83<\/td><td class=\"column-6\">1000x1000x83<\/td>\n<\/tr>\n<tr class=\"row-8\">\n\t<td class=\"column-1\">Resoluci\u00f3n del panel<\/td><td class=\"column-2\">256x256<\/td><td class=\"column-3\">208x208<\/td><td class=\"column-4\">160x160<\/td><td class=\"column-5\">128x128<\/td><td class=\"column-6\">96x96<\/td>\n<\/tr>\n<tr class=\"row-9\">\n\t<td class=\"column-1\">N\u00famero de m\u00f3dulos (AnxAl)<\/td><td class=\"column-2\"><br \/>\n2x4<\/td><td class=\"column-3\"><br \/>\n2x4<\/td><td class=\"column-4\"><br \/>\n2x4<\/td><td class=\"column-5\"><br \/>\n2x4<\/td><td class=\"column-6\"><br \/>\n2x4<\/td>\n<\/tr>\n<tr class=\"row-10\">\n\t<td class=\"column-1\">Peso del panel (kg)<\/td><td class=\"column-2\">22.5<\/td><td class=\"column-3\">22.5<\/td><td class=\"column-4\">22.5<\/td><td class=\"column-5\">22.5<\/td><td class=\"column-6\">22.5<\/td>\n<\/tr>\n<tr class=\"row-11\">\n\t<td class=\"column-1\">Modo de mantenimiento<\/td><td class=\"column-2\">Delantero y trasero<\/td><td class=\"column-3\">Delantero y trasero<\/td><td class=\"column-4\">Delantero y trasero<\/td><td class=\"column-5\">Delantero y trasero<\/td><td class=\"column-6\">Delantero y trasero<\/td>\n<\/tr>\n<tr class=\"row-12\">\n\t<td class=\"column-1\">Brillo (liendres)<\/td><td class=\"column-2\">6000<\/td><td class=\"column-3\">6000<\/td><td class=\"column-4\">6000<\/td><td class=\"column-5\">6000<\/td><td class=\"column-6\">6000<\/td>\n<\/tr>\n<tr class=\"row-13\">\n\t<td class=\"column-1\">Temperatura de color (K)<\/td><td class=\"column-2\">1000-18500 Ajustable<\/td><td class=\"column-3\">1000-18500 Ajustable<\/td><td class=\"column-4\">1000-18500 Ajustable<\/td><td class=\"column-5\">1000-18500 Ajustable<\/td><td class=\"column-6\">1000-18500 Ajustable<\/td>\n<\/tr>\n<tr class=\"row-14\">\n\t<td class=\"column-1\">\u00c1ngulo de visi\u00f3n (H\/V)<\/td><td class=\"column-2\">140\u00b0\/160\u00b0<\/td><td class=\"column-3\">140\u00b0\/160\u00b0<\/td><td class=\"column-4\">140\u00b0\/160\u00b0<\/td><td class=\"column-5\">140\u00b0\/160\u00b0<\/td><td class=\"column-6\">140\u00b0\/160\u00b0<\/td>\n<\/tr>\n<tr class=\"row-15\">\n\t<td class=\"column-1\">La mejor distancia de visualizaci\u00f3n<\/td><td class=\"column-2\"><br \/>\n4-100 m<\/td><td class=\"column-3\"><br \/>\n4-100 m<\/td><td class=\"column-4\"><br \/>\n6-150 m<\/td><td class=\"column-5\"><br \/>\n8-150 m<\/td><td class=\"column-6\"><br \/>\n10-200 metros<\/td>\n<\/tr>\n<tr class=\"row-16\">\n\t<td class=\"column-1\">Relaci\u00f3n de contraste<\/td><td class=\"column-2\">10000:1<\/td><td class=\"column-3\">10000:1<\/td><td class=\"column-4\">10000:1<\/td><td class=\"column-5\">10000:1<\/td><td class=\"column-6\">10000:1<\/td>\n<\/tr>\n<tr class=\"row-17\">\n\t<td class=\"column-1\">Frecuencia de cambio de cuadro (Hz)<\/td><td class=\"column-2\">50\/60<\/td><td class=\"column-3\">50\/60<\/td><td class=\"column-4\">50\/60<\/td><td class=\"column-5\">50\/60<\/td><td class=\"column-6\">50\/60<\/td>\n<\/tr>\n<tr class=\"row-18\">\n\t<td class=\"column-1\">Modo de conducci\u00f3n<\/td><td class=\"column-2\">Corriente constante 1\/16<\/td><td class=\"column-3\">Corriente constante 1\/13<\/td><td class=\"column-4\">Corriente constante 1\/8<\/td><td class=\"column-5\">Corriente constante 1\/8<\/td><td class=\"column-6\">Corriente constante 1\/8<\/td>\n<\/tr>\n<tr class=\"row-19\">\n\t<td class=\"column-1\">Nivel de gris<\/td><td class=\"column-2\">16 bits<\/td><td class=\"column-3\">16 bits<\/td><td class=\"column-4\">16 bits<\/td><td class=\"column-5\">16 bits<\/td><td class=\"column-6\">16 bits<\/td>\n<\/tr>\n<tr class=\"row-20\">\n\t<td class=\"column-1\">Frecuencia de actualizaci\u00f3n (Hz)<\/td><td class=\"column-2\">3840<\/td><td class=\"column-3\">3840<\/td><td class=\"column-4\">3840<\/td><td class=\"column-5\">3840<\/td><td class=\"column-6\">3840<\/td>\n<\/tr>\n<tr class=\"row-21\">\n\t<td class=\"column-1\">Temperatura\/humedad de trabajo (\u00b0C\/HR)<\/td><td class=\"column-2\"><br \/>\n-20~60 \u00b0C\/10%~85%<\/td><td class=\"column-3\"><br \/>\n-20~60 \u00b0C\/10%~85%<\/td><td class=\"column-4\"><br \/>\n-20~60 \u00b0C\/10%~85%<\/td><td class=\"column-5\"><br \/>\n-20~60 \u00b0C\/10%~85%<\/td><td class=\"column-6\"><br \/>\n-20~60 \u00b0C\/10%~85%<\/td>\n<\/tr>\n<\/tbody>\n<\/table>\n\n\t\t<\/div>\n\t\t\t\t\t<\/div>\n\n\t\n<\/div>\n\t\t<\/div>\n\t\t\t\t\t<\/div>\n\n\t\n<\/div>","protected":false},"excerpt":{"rendered":"<p><strong>Pantalla LED de ahorro de energ\u00eda serie TOC: Pantalla LED de ahorro de energ\u00eda con alta protecci\u00f3n y f\u00e1cil instalaci\u00f3n<\/strong><\/p>\n<p>Nuestro <em><strong>Panel LED de ahorro de energ\u00eda serie TOC<\/strong><\/em> Ofrece pantallas LED de alta eficiencia energ\u00e9tica con un consumo de energ\u00eda muy bajo. <a href=\"https:\/\/www.telaled.com\/es\/entendendo-o-consumo-de-energia-painel-de-led-quao-eficientes-sao-os-displays-de-led-modernos\/\">consumo de energ\u00eda<\/a> y protecci\u00f3n IP65. Su dise\u00f1o modular, combinado con su f\u00e1cil instalaci\u00f3n y mantenimiento, lo convierte en la mejor opci\u00f3n para soluciones publicitarias din\u00e1micas.<\/p>\n<p><strong>Caracter\u00edsticas principales:<\/strong><\/p>\n<ul>\n<li><strong>Eficiencia energ\u00e9tica:<\/strong> La tecnolog\u00eda de c\u00e1todo com\u00fan reduce significativamente el consumo de energ\u00eda y la generaci\u00f3n de calor.<\/li>\n<li><strong>Mantenimiento flexible:<\/strong> El dise\u00f1o de acceso frontal y trasero hace que el mantenimiento sea r\u00e1pido y f\u00e1cil, reduciendo el tiempo de inactividad.<\/li>\n<li><strong>Tama\u00f1os personalizables:<\/strong> Disponible en varios tama\u00f1os de p\u00edxeles (P4.44, P5.7, P6.66, P8, P10) para adaptarse a diferentes distancias de visualizaci\u00f3n y aplicaciones.<\/li>\n<\/ul>\n<p>El dise\u00f1o modular del gabinete de 960 mm x 960 mm y del panel de 480 mm x 320 mm, con un peso de solo 25 kg por gabinete, permite una r\u00e1pida instalaci\u00f3n, desmontaje y f\u00e1cil transporte.<\/p>\n<p>El soporte remoto 24\/7 y una garant\u00eda de 3 a\u00f1os vienen incluidos de serie. Cont\u00e1ctenos hoy mismo para obtener un presupuesto personalizado.<\/p>","protected":false},"featured_media":2779,"template":"","meta":[],"product_brand":[],"product_cat":[40,46],"product_tag":[],"class_list":{"0":"post-2777","1":"product","2":"type-product","3":"status-publish","4":"has-post-thumbnail","6":"product_cat-painel-de-led","7":"product_cat-painel-de-video","9":"first","10":"instock","11":"shipping-taxable","12":"product-type-simple"},"yoast_head":"<!-- This site is optimized with the Yoast SEO plugin v27.5 - https:\/\/yoast.com\/product\/yoast-seo-wordpress\/ -->\n<title>Painel LED Economizador de Energia S\u00e9rie TOC | Para Uma Solu\u00e7\u00e3o de Exibi\u00e7\u00e3o Eficiente | TELALED<\/title>\n<meta name=\"description\" content=\"Aumente a efici\u00eancia com os nossos pain\u00e9is LED energeticamente eficientes, concebidos para reduzir4 os custos de energia e proporcionar um ecr\u00e3 brilhante e consistente. Pe\u00e7a um or\u00e7amento agora mesmo!\" \/>\n<meta name=\"robots\" content=\"index, follow, max-snippet:-1, max-image-preview:large, max-video-preview:-1\" \/>\n<link rel=\"canonical\" href=\"https:\/\/www.telaled.com\/es\/fabrica\/painel-led-economizador-de-energia-serie-toc\/\" \/>\n<meta property=\"og:locale\" content=\"es_ES\" \/>\n<meta property=\"og:type\" content=\"article\" \/>\n<meta property=\"og:title\" content=\"Painel LED Economizador de Energia S\u00e9rie TOC | Para Uma Solu\u00e7\u00e3o de Exibi\u00e7\u00e3o Eficiente | TELALED\" \/>\n<meta property=\"og:description\" content=\"Aumente a efici\u00eancia com os nossos pain\u00e9is LED energeticamente eficientes, concebidos para reduzir4 os custos de energia e proporcionar um ecr\u00e3 brilhante e consistente. Pe\u00e7a um or\u00e7amento agora mesmo!\" \/>\n<meta property=\"og:url\" content=\"https:\/\/www.telaled.com\/es\/fabrica\/painel-led-economizador-de-energia-serie-toc\/\" \/>\n<meta property=\"og:site_name\" content=\"TELALED\" \/>\n<meta property=\"article:modified_time\" content=\"2026-01-05T01:49:24+00:00\" \/>\n<meta property=\"og:image\" content=\"https:\/\/www.telaled.com\/wp-content\/uploads\/2025\/07\/Painel-LED-Economizador-de-Energia-Serie-TOC.jpg\" \/>\n\t<meta property=\"og:image:width\" content=\"500\" \/>\n\t<meta property=\"og:image:height\" content=\"500\" \/>\n\t<meta property=\"og:image:type\" content=\"image\/jpeg\" \/>\n<meta name=\"twitter:card\" content=\"summary_large_image\" \/>\n<meta name=\"twitter:label1\" content=\"Tiempo de lectura\" \/>\n\t<meta name=\"twitter:data1\" content=\"2 minutos\" \/>\n<script type=\"application\/ld+json\" class=\"yoast-schema-graph\">{\"@context\":\"https:\\\/\\\/schema.org\",\"@graph\":[{\"@type\":\"WebPage\",\"@id\":\"https:\\\/\\\/www.telaled.com\\\/fabrica\\\/painel-led-economizador-de-energia-serie-toc\\\/\",\"url\":\"https:\\\/\\\/www.telaled.com\\\/fabrica\\\/painel-led-economizador-de-energia-serie-toc\\\/\",\"name\":\"Painel LED Economizador de Energia S\u00e9rie TOC | Para Uma Solu\u00e7\u00e3o de Exibi\u00e7\u00e3o Eficiente | TELALED\",\"isPartOf\":{\"@id\":\"https:\\\/\\\/www.telaled.com\\\/#website\"},\"primaryImageOfPage\":{\"@id\":\"https:\\\/\\\/www.telaled.com\\\/fabrica\\\/painel-led-economizador-de-energia-serie-toc\\\/#primaryimage\"},\"image\":{\"@id\":\"https:\\\/\\\/www.telaled.com\\\/fabrica\\\/painel-led-economizador-de-energia-serie-toc\\\/#primaryimage\"},\"thumbnailUrl\":\"https:\\\/\\\/www.telaled.com\\\/wp-content\\\/uploads\\\/2025\\\/07\\\/Painel-LED-Economizador-de-Energia-Serie-TOC.jpg\",\"datePublished\":\"2025-07-29T01:56:28+00:00\",\"dateModified\":\"2026-01-05T01:49:24+00:00\",\"description\":\"Aumente a efici\u00eancia com os nossos pain\u00e9is LED energeticamente eficientes, concebidos para reduzir4 os custos de energia e proporcionar um ecr\u00e3 brilhante e consistente. Pe\u00e7a um or\u00e7amento agora mesmo!\",\"breadcrumb\":{\"@id\":\"https:\\\/\\\/www.telaled.com\\\/fabrica\\\/painel-led-economizador-de-energia-serie-toc\\\/#breadcrumb\"},\"inLanguage\":\"es\",\"potentialAction\":[{\"@type\":\"ReadAction\",\"target\":[\"https:\\\/\\\/www.telaled.com\\\/fabrica\\\/painel-led-economizador-de-energia-serie-toc\\\/\"]}]},{\"@type\":\"ImageObject\",\"inLanguage\":\"es\",\"@id\":\"https:\\\/\\\/www.telaled.com\\\/fabrica\\\/painel-led-economizador-de-energia-serie-toc\\\/#primaryimage\",\"url\":\"https:\\\/\\\/www.telaled.com\\\/wp-content\\\/uploads\\\/2025\\\/07\\\/Painel-LED-Economizador-de-Energia-Serie-TOC.jpg\",\"contentUrl\":\"https:\\\/\\\/www.telaled.com\\\/wp-content\\\/uploads\\\/2025\\\/07\\\/Painel-LED-Economizador-de-Energia-Serie-TOC.jpg\",\"width\":500,\"height\":500},{\"@type\":\"BreadcrumbList\",\"@id\":\"https:\\\/\\\/www.telaled.com\\\/fabrica\\\/painel-led-economizador-de-energia-serie-toc\\\/#breadcrumb\",\"itemListElement\":[{\"@type\":\"ListItem\",\"position\":1,\"name\":\"Home\",\"item\":\"https:\\\/\\\/www.telaled.com\\\/\"},{\"@type\":\"ListItem\",\"position\":2,\"name\":\"Produtos\",\"item\":\"https:\\\/\\\/www.telaled.com\\\/shop\\\/\"},{\"@type\":\"ListItem\",\"position\":3,\"name\":\"Painel LED Economizador de Energia S\u00e9rie TOC\"}]},{\"@type\":\"WebSite\",\"@id\":\"https:\\\/\\\/www.telaled.com\\\/#website\",\"url\":\"https:\\\/\\\/www.telaled.com\\\/\",\"name\":\"TELALED\",\"description\":\"\",\"potentialAction\":[{\"@type\":\"SearchAction\",\"target\":{\"@type\":\"EntryPoint\",\"urlTemplate\":\"https:\\\/\\\/www.telaled.com\\\/?s={search_term_string}\"},\"query-input\":{\"@type\":\"PropertyValueSpecification\",\"valueRequired\":true,\"valueName\":\"search_term_string\"}}],\"inLanguage\":\"es\"}]}<\/script>\n<!-- \/ Yoast SEO plugin. -->","yoast_head_json":{"title":"Panel LED de bajo consumo serie TOC | Para una soluci\u00f3n de visualizaci\u00f3n eficiente | TELADED","description":"Aumente la eficiencia con nuestros paneles LED de bajo consumo, dise\u00f1ados para reducir los costos de energ\u00eda y ofrecer una imagen brillante y uniforme. \u00a1Solicite un presupuesto ahora!","robots":{"index":"index","follow":"follow","max-snippet":"max-snippet:-1","max-image-preview":"max-image-preview:large","max-video-preview":"max-video-preview:-1"},"canonical":"https:\/\/www.telaled.com\/es\/fabrica\/painel-led-economizador-de-energia-serie-toc\/","og_locale":"es_ES","og_type":"article","og_title":"Painel LED Economizador de Energia S\u00e9rie TOC | Para Uma Solu\u00e7\u00e3o de Exibi\u00e7\u00e3o Eficiente | TELALED","og_description":"Aumente a efici\u00eancia com os nossos pain\u00e9is LED energeticamente eficientes, concebidos para reduzir4 os custos de energia e proporcionar um ecr\u00e3 brilhante e consistente. Pe\u00e7a um or\u00e7amento agora mesmo!","og_url":"https:\/\/www.telaled.com\/es\/fabrica\/painel-led-economizador-de-energia-serie-toc\/","og_site_name":"TELALED","article_modified_time":"2026-01-05T01:49:24+00:00","og_image":[{"width":500,"height":500,"url":"https:\/\/www.telaled.com\/wp-content\/uploads\/2025\/07\/Painel-LED-Economizador-de-Energia-Serie-TOC.jpg","type":"image\/jpeg"}],"twitter_card":"summary_large_image","twitter_misc":{"Tiempo de lectura":"2 minutos"},"schema":{"@context":"https:\/\/schema.org","@graph":[{"@type":"WebPage","@id":"https:\/\/www.telaled.com\/fabrica\/painel-led-economizador-de-energia-serie-toc\/","url":"https:\/\/www.telaled.com\/fabrica\/painel-led-economizador-de-energia-serie-toc\/","name":"Panel LED de bajo consumo serie TOC | Para una soluci\u00f3n de visualizaci\u00f3n eficiente | TELADED","isPartOf":{"@id":"https:\/\/www.telaled.com\/#website"},"primaryImageOfPage":{"@id":"https:\/\/www.telaled.com\/fabrica\/painel-led-economizador-de-energia-serie-toc\/#primaryimage"},"image":{"@id":"https:\/\/www.telaled.com\/fabrica\/painel-led-economizador-de-energia-serie-toc\/#primaryimage"},"thumbnailUrl":"https:\/\/www.telaled.com\/wp-content\/uploads\/2025\/07\/Painel-LED-Economizador-de-Energia-Serie-TOC.jpg","datePublished":"2025-07-29T01:56:28+00:00","dateModified":"2026-01-05T01:49:24+00:00","description":"Aumente la eficiencia con nuestros paneles LED de bajo consumo, dise\u00f1ados para reducir los costos de energ\u00eda y ofrecer una imagen brillante y uniforme. \u00a1Solicite un presupuesto ahora!","breadcrumb":{"@id":"https:\/\/www.telaled.com\/fabrica\/painel-led-economizador-de-energia-serie-toc\/#breadcrumb"},"inLanguage":"es","potentialAction":[{"@type":"ReadAction","target":["https:\/\/www.telaled.com\/fabrica\/painel-led-economizador-de-energia-serie-toc\/"]}]},{"@type":"ImageObject","inLanguage":"es","@id":"https:\/\/www.telaled.com\/fabrica\/painel-led-economizador-de-energia-serie-toc\/#primaryimage","url":"https:\/\/www.telaled.com\/wp-content\/uploads\/2025\/07\/Painel-LED-Economizador-de-Energia-Serie-TOC.jpg","contentUrl":"https:\/\/www.telaled.com\/wp-content\/uploads\/2025\/07\/Painel-LED-Economizador-de-Energia-Serie-TOC.jpg","width":500,"height":500},{"@type":"BreadcrumbList","@id":"https:\/\/www.telaled.com\/fabrica\/painel-led-economizador-de-energia-serie-toc\/#breadcrumb","itemListElement":[{"@type":"ListItem","position":1,"name":"Home","item":"https:\/\/www.telaled.com\/"},{"@type":"ListItem","position":2,"name":"Produtos","item":"https:\/\/www.telaled.com\/shop\/"},{"@type":"ListItem","position":3,"name":"Painel LED Economizador de Energia S\u00e9rie TOC"}]},{"@type":"WebSite","@id":"https:\/\/www.telaled.com\/#website","url":"https:\/\/www.telaled.com\/","name":"Pantalla LED","description":"","potentialAction":[{"@type":"SearchAction","target":{"@type":"EntryPoint","urlTemplate":"https:\/\/www.telaled.com\/?s={search_term_string}"},"query-input":{"@type":"PropertyValueSpecification","valueRequired":true,"valueName":"search_term_string"}}],"inLanguage":"es"}]}},"_links":{"self":[{"href":"https:\/\/www.telaled.com\/es\/wp-json\/wp\/v2\/product\/2777","targetHints":{"allow":["GET"]}}],"collection":[{"href":"https:\/\/www.telaled.com\/es\/wp-json\/wp\/v2\/product"}],"about":[{"href":"https:\/\/www.telaled.com\/es\/wp-json\/wp\/v2\/types\/product"}],"wp:featuredmedia":[{"embeddable":true,"href":"https:\/\/www.telaled.com\/es\/wp-json\/wp\/v2\/media\/2779"}],"wp:attachment":[{"href":"https:\/\/www.telaled.com\/es\/wp-json\/wp\/v2\/media?parent=2777"}],"wp:term":[{"taxonomy":"product_brand","embeddable":true,"href":"https:\/\/www.telaled.com\/es\/wp-json\/wp\/v2\/product_brand?post=2777"},{"taxonomy":"product_cat","embeddable":true,"href":"https:\/\/www.telaled.com\/es\/wp-json\/wp\/v2\/product_cat?post=2777"},{"taxonomy":"product_tag","embeddable":true,"href":"https:\/\/www.telaled.com\/es\/wp-json\/wp\/v2\/product_tag?post=2777"}],"curies":[{"name":"gracias","href":"https:\/\/api.w.org\/{rel}","templated":true}]}}