{"id":2749,"date":"2025-07-28T02:20:18","date_gmt":"2025-07-28T02:20:18","guid":{"rendered":"https:\/\/www.telaled.com\/?post_type=product&#038;p=2749"},"modified":"2025-12-24T04:48:05","modified_gmt":"2025-12-24T04:48:05","slug":"painel-de-led-externo-serie-tob","status":"publish","type":"product","link":"https:\/\/www.telaled.com\/es\/fabrica\/painel-de-led-externo-serie-tob\/","title":{"rendered":"Panel LED para exteriores serie TOB"},"content":{"rendered":"<div class=\"row\"  id=\"row-1874575276\">\n\n\t<div id=\"col-1026130782\" class=\"col small-12 large-12\"  >\n\t\t\t\t<div class=\"col-inner\"  >\n\t\t\t\n\t\t\t\n<h2>Ventajas exclusivas del panel LED para exteriores de la serie TOB<\/h2>\n<h3><strong>Durabilidad superior<\/strong><\/h3>\n<ul>\n<li>La serie TOB de pantallas LED para exteriores utiliza carcasas ligeras de aluminio fundido con esquinas reforzadas y un revestimiento anticorrosivo. Est\u00e1n dise\u00f1adas para resistir vibraciones, calor y la exposici\u00f3n a la intemperie sin deformarse ni oxidarse.<\/li>\n<li>Equipado con LED SMD de alta calidad con cara negra, cada m\u00f3dulo est\u00e1 herm\u00e9ticamente sellado para resistir el agua y el polvo. Mantiene el brillo, el contraste y la estabilidad del color incluso en condiciones clim\u00e1ticas extremas.<\/li>\n<\/ul>\n<h3><strong>Calidad visual excepcional<\/strong><\/h3>\n<ul>\n<li>Alta frecuencia de actualizaci\u00f3n de hasta 3840 Hz<\/li>\n<li>Amplio \u00e1ngulo de visi\u00f3n de 120\u00b0-160\u00b0<\/li>\n<\/ul>\n<h3><strong>Adaptabilidad completa<\/strong><\/h3>\n<ul>\n<li>Protecci\u00f3n IP65 contra la lluvia y el polvo para uso en interiores y exteriores.<\/li>\n<li>Temperatura de trabajo: -20~60 \u00b0C\/10%~85%<\/li>\n<\/ul>\n<h3><strong>Soporte integral<\/strong><\/h3>\n<ul>\n<li>Soporte t\u00e9cnico remoto en l\u00ednea 24 horas al d\u00eda, 7 d\u00edas a la semana: asistencia cuando la necesite.<\/li>\n<li>5% de piezas de repuesto incluidas: se suministran piezas adicionales con cada entrega para mayor tranquilidad.<\/li>\n<li>Garant\u00eda extendida de 3 a\u00f1os: disfrute de una cobertura a largo plazo para una mayor confiabilidad y soporte.<\/li>\n<\/ul>\n<h2>Detalles del producto<\/h2>\n<div class=\"row\"  id=\"row-384382168\">\n\n\t<div id=\"col-1325512341\" class=\"col medium-10 small-12 large-10\"  >\n\t\t\t\t<div class=\"col-inner text-left\"  >\n\t\t\t\n\t\t\t\n<ul>\n<li>Alta frecuencia de actualizaci\u00f3n y alta escala de grises: ofrece una alta frecuencia de actualizaci\u00f3n y una alta escala de grises, lo que garantiza im\u00e1genes fluidas y sin parpadeos con detalles y profundidad excepcionales.<\/li>\n<\/ul>\n\t<div class=\"img has-hover x md-x lg-x y md-y lg-y\" id=\"image_789874956\">\n\t\t\t\t\t\t\t\t<div class=\"img-inner dark\" >\n\t\t\t<img loading=\"lazy\" decoding=\"async\" width=\"968\" height=\"500\" src=\"https:\/\/www.telaled.com\/wp-content\/uploads\/2025\/07\/Alta-taxa-de-atualizacao-e-alta-escala-de-cinza.webp\" class=\"attachment-original size-original\" alt=\"Alta frecuencia de actualizaci\u00f3n y alta escala de grises\" srcset=\"https:\/\/www.telaled.com\/wp-content\/uploads\/2025\/07\/Alta-taxa-de-atualizacao-e-alta-escala-de-cinza.webp 968w, https:\/\/www.telaled.com\/wp-content\/uploads\/2025\/07\/Alta-taxa-de-atualizacao-e-alta-escala-de-cinza-300x155.webp 300w, https:\/\/www.telaled.com\/wp-content\/uploads\/2025\/07\/Alta-taxa-de-atualizacao-e-alta-escala-de-cinza-768x397.webp 768w, https:\/\/www.telaled.com\/wp-content\/uploads\/2025\/07\/Alta-taxa-de-atualizacao-e-alta-escala-de-cinza-18x9.webp 18w, https:\/\/www.telaled.com\/wp-content\/uploads\/2025\/07\/Alta-taxa-de-atualizacao-e-alta-escala-de-cinza-600x310.webp 600w\" sizes=\"auto, (max-width: 968px) 100vw, 968px\" \/>\t\t\t\t\t\t\n\t\t\t\t\t<\/div>\n\t\t\t\t\t\t\t\t\n<style>\n#image_789874956 {\n  width: 95%;\n}\n<\/style>\n\t<\/div>\n\t\n\t\t<\/div>\n\t\t\t\t\t<\/div>\n\n\t\n\n\t<div id=\"col-1303329832\" class=\"col medium-10 small-12 large-10\"  >\n\t\t\t\t<div class=\"col-inner text-left\"  >\n\t\t\t\n\t\t\t\n<ul>\n<li>Vida \u00fatil de 100.000 horas y menos mantenimiento<\/li>\n<\/ul>\n\t<div class=\"img has-hover x md-x lg-x y md-y lg-y\" id=\"image_841967748\">\n\t\t\t\t\t\t\t\t<div class=\"img-inner dark\" >\n\t\t\t<img loading=\"lazy\" decoding=\"async\" width=\"900\" height=\"540\" src=\"https:\/\/www.telaled.com\/wp-content\/uploads\/2025\/07\/Vida-util-de-100.000-horas-e-menos-manutencao.webp\" class=\"attachment-large size-large\" alt=\"Vida \u00fatil de 100.000 horas y menos mantenimiento\" srcset=\"https:\/\/www.telaled.com\/wp-content\/uploads\/2025\/07\/Vida-util-de-100.000-horas-e-menos-manutencao.webp 900w, https:\/\/www.telaled.com\/wp-content\/uploads\/2025\/07\/Vida-util-de-100.000-horas-e-menos-manutencao-300x180.webp 300w, https:\/\/www.telaled.com\/wp-content\/uploads\/2025\/07\/Vida-util-de-100.000-horas-e-menos-manutencao-768x461.webp 768w, https:\/\/www.telaled.com\/wp-content\/uploads\/2025\/07\/Vida-util-de-100.000-horas-e-menos-manutencao-18x12.webp 18w, https:\/\/www.telaled.com\/wp-content\/uploads\/2025\/07\/Vida-util-de-100.000-horas-e-menos-manutencao-600x360.webp 600w\" sizes=\"auto, (max-width: 900px) 100vw, 900px\" \/>\t\t\t\t\t\t\n\t\t\t\t\t<\/div>\n\t\t\t\t\t\t\t\t\n<style>\n#image_841967748 {\n  width: 95%;\n}\n<\/style>\n\t<\/div>\n\t\n<ul>\n<li>Dise\u00f1ado para un mantenimiento completo delantero y trasero, garantizando un f\u00e1cil acceso y mantenimiento.<\/li>\n<\/ul>\n\t<div class=\"img has-hover x md-x lg-x y md-y lg-y\" id=\"image_1107133741\">\n\t\t\t\t\t\t\t\t<div class=\"img-inner dark\" >\n\t\t\t<img loading=\"lazy\" decoding=\"async\" width=\"640\" height=\"430\" src=\"https:\/\/www.telaled.com\/wp-content\/uploads\/2025\/07\/Manutencao-completa-frontal-e-traseira.webp\" class=\"attachment-large size-large\" alt=\"Mantenimiento completo delantero y trasero\" srcset=\"https:\/\/www.telaled.com\/wp-content\/uploads\/2025\/07\/Manutencao-completa-frontal-e-traseira.webp 640w, https:\/\/www.telaled.com\/wp-content\/uploads\/2025\/07\/Manutencao-completa-frontal-e-traseira-300x202.webp 300w, https:\/\/www.telaled.com\/wp-content\/uploads\/2025\/07\/Manutencao-completa-frontal-e-traseira-18x12.webp 18w, https:\/\/www.telaled.com\/wp-content\/uploads\/2025\/07\/Manutencao-completa-frontal-e-traseira-600x403.webp 600w\" sizes=\"auto, (max-width: 640px) 100vw, 640px\" \/>\t\t\t\t\t\t\n\t\t\t\t\t<\/div>\n\t\t\t\t\t\t\t\t\n<style>\n#image_1107133741 {\n  width: 95%;\n}\n<\/style>\n\t<\/div>\n\t\n\t\t<\/div>\n\t\t\t\t\t<\/div>\n\n\t\n\n\t<div id=\"col-1054879641\" class=\"col medium-10 small-12 large-10\"  >\n\t\t\t\t<div class=\"col-inner text-left\"  >\n\t\t\t\n\t\t\t\n<ul>\n<li>Las pantallas LED se embalan seg\u00fan su tipo y uso. Las pantallas completas se colocan en cajas de madera para un mejor soporte. Los m\u00f3dulos LED se env\u00edan en cajas de cart\u00f3n. Las pantallas de alquiler se manipulan de forma diferente; se embalan en cajas de transporte a\u00e9reo. Algunos art\u00edculos se colocan en cajas sencillas, pero reforzadas con marcos de madera para mayor protecci\u00f3n.<\/li>\n<\/ul>\n\t<div class=\"img has-hover x md-x lg-x y md-y lg-y\" id=\"image_496908954\">\n\t\t\t\t\t\t\t\t<div class=\"img-inner dark\" >\n\t\t\t<img loading=\"lazy\" decoding=\"async\" width=\"760\" height=\"1024\" src=\"https:\/\/www.telaled.com\/wp-content\/uploads\/2025\/06\/Embalagem-760x1024.webp\" class=\"attachment-large size-large\" alt=\"Embalaje\" srcset=\"https:\/\/www.telaled.com\/wp-content\/uploads\/2025\/06\/Embalagem-760x1024.webp 760w, https:\/\/www.telaled.com\/wp-content\/uploads\/2025\/06\/Embalagem-223x300.webp 223w, https:\/\/www.telaled.com\/wp-content\/uploads\/2025\/06\/Embalagem-768x1035.webp 768w, https:\/\/www.telaled.com\/wp-content\/uploads\/2025\/06\/Embalagem-9x12.webp 9w, https:\/\/www.telaled.com\/wp-content\/uploads\/2025\/06\/Embalagem-600x808.webp 600w, https:\/\/www.telaled.com\/wp-content\/uploads\/2025\/06\/Embalagem.webp 795w\" sizes=\"auto, (max-width: 760px) 100vw, 760px\" \/>\t\t\t\t\t\t\n\t\t\t\t\t<\/div>\n\t\t\t\t\t\t\t\t\n<style>\n#image_496908954 {\n  width: 95%;\n}\n<\/style>\n\t<\/div>\n\t\n\t\t<\/div>\n\t\t\t\t\t<\/div>\n\n\t\n<\/div>\n\t\t<\/div>\n\t\t\t\t\t<\/div>\n\n\t\n\n\t<div id=\"col-1937596518\" class=\"col small-12 large-12\"  >\n\t\t\t\t<div class=\"col-inner\"  >\n\t\t\t\n\t\t\t\n<div class=\"row\"  id=\"row-950957580\">\n\n\t<div id=\"col-2043107059\" class=\"col medium-10 small-12 large-10\"  >\n\t\t\t\t<div class=\"col-inner\"  >\n\t\t\t\n\t\t\t\n\n<table id=\"tablepress-47\" class=\"tablepress tablepress-id-47\">\n<thead>\n<tr class=\"row-1\">\n\t<th class=\"column-1\">Modelo<\/th><th class=\"column-2\">TOB - 3.91<\/th><th class=\"column-3\">TOB - 4.81<\/th><th class=\"column-4\">TOB - 6.25<\/th><th class=\"column-5\">TOB - 7.81<\/th><th class=\"column-6\">TOB - 10.42<\/th>\n<\/tr>\n<\/thead>\n<tbody class=\"row-striping row-hover\">\n<tr class=\"row-2\">\n\t<td class=\"column-1\">Paso de p\u00edxeles<\/td><td class=\"column-2\">3,91 mm<\/td><td class=\"column-3\">4,81 mm<\/td><td class=\"column-4\">6,25 mm<\/td><td class=\"column-5\">7,81 mm<\/td><td class=\"column-6\">10,42 mm<\/td>\n<\/tr>\n<tr class=\"row-3\">\n\t<td class=\"column-1\">Tipo SMD<\/td><td class=\"column-2\">SMD1921<\/td><td class=\"column-3\">SMD1921<\/td><td class=\"column-4\">SMD2727<\/td><td class=\"column-5\">SMD2727<\/td><td class=\"column-6\">SMD2727<\/td>\n<\/tr>\n<tr class=\"row-4\">\n\t<td class=\"column-1\">Densidad f\u00edsica (puntos\/m\u00b2)<\/td><td class=\"column-2\"><br \/>\n65536<\/td><td class=\"column-3\"><br \/>\n43264<\/td><td class=\"column-4\"><br \/>\n25600<\/td><td class=\"column-5\"><br \/>\n16384<\/td><td class=\"column-6\"><br \/>\n9216<\/td>\n<\/tr>\n<tr class=\"row-5\">\n\t<td class=\"column-1\">Resoluci\u00f3n del m\u00f3dulo<\/td><td class=\"column-2\">128x64<\/td><td class=\"column-3\">104x52<\/td><td class=\"column-4\">80x40<\/td><td class=\"column-5\">64x32<\/td><td class=\"column-6\">48x24<\/td>\n<\/tr>\n<tr class=\"row-6\">\n\t<td class=\"column-1\">Dimensiones del panel (An x Al\/mm)<\/td><td class=\"column-2\"><br \/>\n500x250<\/td><td class=\"column-3\"><br \/>\n500x250<\/td><td class=\"column-4\"><br \/>\n500x250<\/td><td class=\"column-5\"><br \/>\n500x250<\/td><td class=\"column-6\"><br \/>\n500x250<\/td>\n<\/tr>\n<tr class=\"row-7\">\n\t<td class=\"column-1\">Tama\u00f1o del m\u00f3dulo (mm)<\/td><td class=\"column-2\">1000x1000x83<\/td><td class=\"column-3\">1000x1000x83<\/td><td class=\"column-4\">1000x1000x83<\/td><td class=\"column-5\">1000x1000x83<\/td><td class=\"column-6\">1000x1000x83<\/td>\n<\/tr>\n<tr class=\"row-8\">\n\t<td class=\"column-1\">Resoluci\u00f3n del panel<\/td><td class=\"column-2\">256x256<\/td><td class=\"column-3\">208x208<\/td><td class=\"column-4\">160x160<\/td><td class=\"column-5\">128x128<\/td><td class=\"column-6\">96x96<\/td>\n<\/tr>\n<tr class=\"row-9\">\n\t<td class=\"column-1\">N\u00famero de m\u00f3dulos (AnxAl)<\/td><td class=\"column-2\"><br \/>\n2x4<\/td><td class=\"column-3\"><br \/>\n2x4<\/td><td class=\"column-4\"><br \/>\n2x4<\/td><td class=\"column-5\"><br \/>\n2x4<\/td><td class=\"column-6\"><br \/>\n2x4<\/td>\n<\/tr>\n<tr class=\"row-10\">\n\t<td class=\"column-1\">Peso del panel (kg)<\/td><td class=\"column-2\">22.5<\/td><td class=\"column-3\">22.5<\/td><td class=\"column-4\">22.5<\/td><td class=\"column-5\">22.5<\/td><td class=\"column-6\">22.5<\/td>\n<\/tr>\n<tr class=\"row-11\">\n\t<td class=\"column-1\">Modo de mantenimiento<\/td><td class=\"column-2\">Delantero y trasero<\/td><td class=\"column-3\">Delantero y trasero<\/td><td class=\"column-4\">Delantero y trasero<\/td><td class=\"column-5\">Delantero y trasero<\/td><td class=\"column-6\">Delantero y trasero<\/td>\n<\/tr>\n<tr class=\"row-12\">\n\t<td class=\"column-1\">Brillo (liendres)<\/td><td class=\"column-2\">6000<\/td><td class=\"column-3\">6000<\/td><td class=\"column-4\">6000<\/td><td class=\"column-5\">6000<\/td><td class=\"column-6\">6000<\/td>\n<\/tr>\n<tr class=\"row-13\">\n\t<td class=\"column-1\">Temperatura de color (K)<\/td><td class=\"column-2\">1000-18500 Ajustable<\/td><td class=\"column-3\">1000-18500 Ajustable<\/td><td class=\"column-4\">1000-18500 Ajustable<\/td><td class=\"column-5\">1000-18500 Ajustable<\/td><td class=\"column-6\">1000-18500 Ajustable<\/td>\n<\/tr>\n<tr class=\"row-14\">\n\t<td class=\"column-1\">\u00c1ngulo de visi\u00f3n (H\/V)<\/td><td class=\"column-2\">140\u00b0\/160\u00b0<\/td><td class=\"column-3\">140\u00b0\/160\u00b0<\/td><td class=\"column-4\">140\u00b0\/160\u00b0<\/td><td class=\"column-5\">140\u00b0\/160\u00b0<\/td><td class=\"column-6\">140\u00b0\/160\u00b0<\/td>\n<\/tr>\n<tr class=\"row-15\">\n\t<td class=\"column-1\">La mejor distancia de visualizaci\u00f3n<\/td><td class=\"column-2\"><br \/>\n4-100 m<\/td><td class=\"column-3\"><br \/>\n4-100 m<\/td><td class=\"column-4\"><br \/>\n6-150 m<\/td><td class=\"column-5\"><br \/>\n8-150 m<\/td><td class=\"column-6\"><br \/>\n10-200 metros<\/td>\n<\/tr>\n<tr class=\"row-16\">\n\t<td class=\"column-1\">Relaci\u00f3n de contraste<\/td><td class=\"column-2\">10000:1<\/td><td class=\"column-3\">10000:1<\/td><td class=\"column-4\">10000:1<\/td><td class=\"column-5\">10000:1<\/td><td class=\"column-6\">10000:1<\/td>\n<\/tr>\n<tr class=\"row-17\">\n\t<td class=\"column-1\">Frecuencia de cambio de cuadro (Hz)<\/td><td class=\"column-2\">50\/60<\/td><td class=\"column-3\">50\/60<\/td><td class=\"column-4\">50\/60<\/td><td class=\"column-5\">50\/60<\/td><td class=\"column-6\">50\/60<\/td>\n<\/tr>\n<tr class=\"row-18\">\n\t<td class=\"column-1\">Modo de conducci\u00f3n<\/td><td class=\"column-2\">Corriente constante 1\/16<\/td><td class=\"column-3\">Corriente constante 1\/13<\/td><td class=\"column-4\">Corriente constante 1\/8<\/td><td class=\"column-5\">Corriente constante 1\/8<\/td><td class=\"column-6\">Corriente constante 1\/8<\/td>\n<\/tr>\n<tr class=\"row-19\">\n\t<td class=\"column-1\">Nivel de gris<\/td><td class=\"column-2\">16 bits<\/td><td class=\"column-3\">16 bits<\/td><td class=\"column-4\">16 bits<\/td><td class=\"column-5\">16 bits<\/td><td class=\"column-6\">16 bits<\/td>\n<\/tr>\n<tr class=\"row-20\">\n\t<td class=\"column-1\">Frecuencia de actualizaci\u00f3n (Hz)<\/td><td class=\"column-2\">3840<\/td><td class=\"column-3\">3840<\/td><td class=\"column-4\">3840<\/td><td class=\"column-5\">3840<\/td><td class=\"column-6\">3840<\/td>\n<\/tr>\n<tr class=\"row-21\">\n\t<td class=\"column-1\">Temperatura\/humedad de trabajo (\u00b0C\/HR)<\/td><td class=\"column-2\"><br \/>\n-20~60 \u00b0C\/10%~85%<\/td><td class=\"column-3\"><br \/>\n-20~60 \u00b0C\/10%~85%<\/td><td class=\"column-4\"><br \/>\n-20~60 \u00b0C\/10%~85%<\/td><td class=\"column-5\"><br \/>\n-20~60 \u00b0C\/10%~85%<\/td><td class=\"column-6\"><br \/>\n-20~60 \u00b0C\/10%~85%<\/td>\n<\/tr>\n<\/tbody>\n<\/table>\n<!-- #tablepress-47 from cache -->\n\t\t<\/div>\n\t\t\t\t\t<\/div>\n\n\t\n<\/div>\n\t\t<\/div>\n\t\t\t\t\t<\/div>\n\n\t\n<\/div>","protected":false},"excerpt":{"rendered":"<p><span style=\"font-size: 14.4px;\"><b>Pantalla LED para exteriores serie TOB: Pantalla ligera, resistente al agua y de bajo consumo<\/b><\/span><\/p>\n<p><span style=\"font-size: 14.4px;\">Nuestro <strong><em>Panel LED para exteriores serie TOB<\/em><\/strong> Ofrece una soluci\u00f3n ligera y econ\u00f3mica con alta frecuencia de actualizaci\u00f3n y protecci\u00f3n total contra la intemperie. Dise\u00f1ado para ofrecer im\u00e1genes n\u00edtidas y un mantenimiento sencillo.<\/span><\/p>\n<p><strong>Caracter\u00edsticas principales:<\/strong><\/p>\n<ul>\n<li><span style=\"font-size: 14.4px;\"><strong>Eficiencia energ\u00e9tica:<\/strong> Utiliza menos energ\u00eda que el 30%. <a href=\"https:\/\/www.telaled.com\/es\/?attachment_id=2760\">Paneles LED<\/a> est\u00e1ndar sin comprometer el brillo.<\/span><\/li>\n<li><span style=\"font-size: 14.4px;\"><strong>Alta frecuencia de actualizaci\u00f3n:<\/strong> 3840 Hz proporciona im\u00e1genes fluidas para una mejor experiencia de audiencia.<\/span><\/li>\n<li><span style=\"font-size: 14.4px;\"><strong>Delgado y ligero:<\/strong> El 35% es m\u00e1s liviano que los gabinetes tradicionales, lo que lo hace f\u00e1cil de manipular y ensamblar.<\/span><\/li>\n<li><span style=\"font-size: 14.4px;\"><strong>F\u00e1cil mantenimiento:<\/strong> <a href=\"https:\/\/www.telaled.com\/es\/fabrica\/painel-de-led-para-manutencao-frontal-serie-tib\/\">Servicio de recepci\u00f3n<\/a> y orientada hacia atr\u00e1s para reparaciones m\u00e1s r\u00e1pidas y un tiempo de inactividad m\u00ednimo.<\/span><\/li>\n<\/ul>\n<p>Disponible con distancias de p\u00edxel de 3,91 mm a 10,42 mm para adaptarse a sus necesidades de distancia de visualizaci\u00f3n. Tama\u00f1o de caja est\u00e1ndar (1000 x 1000 mm) para una instalaci\u00f3n r\u00e1pida.<\/p>\n<p>El soporte remoto 24\/7 y una garant\u00eda de 3 a\u00f1os vienen incluidos de serie. Cont\u00e1ctenos hoy mismo para obtener un presupuesto personalizado.<\/p>","protected":false},"featured_media":2752,"template":"","meta":[],"product_brand":[],"product_cat":[40,46],"product_tag":[],"class_list":{"0":"post-2749","1":"product","2":"type-product","3":"status-publish","4":"has-post-thumbnail","6":"product_cat-painel-de-led","7":"product_cat-painel-de-video","9":"first","10":"instock","11":"shipping-taxable","12":"product-type-simple"},"yoast_head":"<!-- This site is optimized with the Yoast SEO plugin v27.5 - https:\/\/yoast.com\/product\/yoast-seo-wordpress\/ -->\n<title>Painel de LED Externo S\u00e9rie TOB | Tela \u00e0 Prova de Intemp\u00e9ries para Publicidade e Eventos | TELALED<\/title>\n<meta name=\"description\" content=\"O painel LED para exterior foi concebido para proporcionar imagens brilhantes e de alta resolu\u00e7\u00e3o em qualquer condi\u00e7\u00e3o. Ideal para outdoors, est\u00e1dios e sinaliza\u00e7\u00e3o p\u00fablica. Pe\u00e7a j\u00e1 um or\u00e7amento!\" \/>\n<meta name=\"robots\" content=\"index, follow, max-snippet:-1, max-image-preview:large, max-video-preview:-1\" \/>\n<link rel=\"canonical\" href=\"https:\/\/www.telaled.com\/es\/fabrica\/painel-de-led-externo-serie-tob\/\" \/>\n<meta property=\"og:locale\" content=\"es_ES\" \/>\n<meta property=\"og:type\" content=\"article\" \/>\n<meta property=\"og:title\" content=\"Painel de LED Externo S\u00e9rie TOB | Tela \u00e0 Prova de Intemp\u00e9ries para Publicidade e Eventos | TELALED\" \/>\n<meta property=\"og:description\" content=\"O painel LED para exterior foi concebido para proporcionar imagens brilhantes e de alta resolu\u00e7\u00e3o em qualquer condi\u00e7\u00e3o. Ideal para outdoors, est\u00e1dios e sinaliza\u00e7\u00e3o p\u00fablica. Pe\u00e7a j\u00e1 um or\u00e7amento!\" \/>\n<meta property=\"og:url\" content=\"https:\/\/www.telaled.com\/es\/fabrica\/painel-de-led-externo-serie-tob\/\" \/>\n<meta property=\"og:site_name\" content=\"TELALED\" \/>\n<meta property=\"article:modified_time\" content=\"2025-12-24T04:48:05+00:00\" \/>\n<meta property=\"og:image\" content=\"https:\/\/www.telaled.com\/wp-content\/uploads\/2025\/07\/Painel-de-LED-Externo.webp\" \/>\n\t<meta property=\"og:image:width\" content=\"500\" \/>\n\t<meta property=\"og:image:height\" content=\"500\" \/>\n\t<meta property=\"og:image:type\" content=\"image\/webp\" \/>\n<meta name=\"twitter:card\" content=\"summary_large_image\" \/>\n<meta name=\"twitter:label1\" content=\"Tiempo de lectura\" \/>\n\t<meta name=\"twitter:data1\" content=\"2 minutos\" \/>\n<script type=\"application\/ld+json\" class=\"yoast-schema-graph\">{\"@context\":\"https:\\\/\\\/schema.org\",\"@graph\":[{\"@type\":\"WebPage\",\"@id\":\"https:\\\/\\\/www.telaled.com\\\/fabrica\\\/painel-de-led-externo-serie-tob\\\/\",\"url\":\"https:\\\/\\\/www.telaled.com\\\/fabrica\\\/painel-de-led-externo-serie-tob\\\/\",\"name\":\"Painel de LED Externo S\u00e9rie TOB | Tela \u00e0 Prova de Intemp\u00e9ries para Publicidade e Eventos | TELALED\",\"isPartOf\":{\"@id\":\"https:\\\/\\\/www.telaled.com\\\/#website\"},\"primaryImageOfPage\":{\"@id\":\"https:\\\/\\\/www.telaled.com\\\/fabrica\\\/painel-de-led-externo-serie-tob\\\/#primaryimage\"},\"image\":{\"@id\":\"https:\\\/\\\/www.telaled.com\\\/fabrica\\\/painel-de-led-externo-serie-tob\\\/#primaryimage\"},\"thumbnailUrl\":\"https:\\\/\\\/www.telaled.com\\\/wp-content\\\/uploads\\\/2025\\\/07\\\/Painel-de-LED-Externo.webp\",\"datePublished\":\"2025-07-28T02:20:18+00:00\",\"dateModified\":\"2025-12-24T04:48:05+00:00\",\"description\":\"O painel LED para exterior foi concebido para proporcionar imagens brilhantes e de alta resolu\u00e7\u00e3o em qualquer condi\u00e7\u00e3o. Ideal para outdoors, est\u00e1dios e sinaliza\u00e7\u00e3o p\u00fablica. Pe\u00e7a j\u00e1 um or\u00e7amento!\",\"breadcrumb\":{\"@id\":\"https:\\\/\\\/www.telaled.com\\\/fabrica\\\/painel-de-led-externo-serie-tob\\\/#breadcrumb\"},\"inLanguage\":\"es\",\"potentialAction\":[{\"@type\":\"ReadAction\",\"target\":[\"https:\\\/\\\/www.telaled.com\\\/fabrica\\\/painel-de-led-externo-serie-tob\\\/\"]}]},{\"@type\":\"ImageObject\",\"inLanguage\":\"es\",\"@id\":\"https:\\\/\\\/www.telaled.com\\\/fabrica\\\/painel-de-led-externo-serie-tob\\\/#primaryimage\",\"url\":\"https:\\\/\\\/www.telaled.com\\\/wp-content\\\/uploads\\\/2025\\\/07\\\/Painel-de-LED-Externo.webp\",\"contentUrl\":\"https:\\\/\\\/www.telaled.com\\\/wp-content\\\/uploads\\\/2025\\\/07\\\/Painel-de-LED-Externo.webp\",\"width\":500,\"height\":500,\"caption\":\"Painel-de-LED-Externo\"},{\"@type\":\"BreadcrumbList\",\"@id\":\"https:\\\/\\\/www.telaled.com\\\/fabrica\\\/painel-de-led-externo-serie-tob\\\/#breadcrumb\",\"itemListElement\":[{\"@type\":\"ListItem\",\"position\":1,\"name\":\"Home\",\"item\":\"https:\\\/\\\/www.telaled.com\\\/\"},{\"@type\":\"ListItem\",\"position\":2,\"name\":\"Produtos\",\"item\":\"https:\\\/\\\/www.telaled.com\\\/shop\\\/\"},{\"@type\":\"ListItem\",\"position\":3,\"name\":\"Painel de LED Externo S\u00e9rie TOB\"}]},{\"@type\":\"WebSite\",\"@id\":\"https:\\\/\\\/www.telaled.com\\\/#website\",\"url\":\"https:\\\/\\\/www.telaled.com\\\/\",\"name\":\"TELALED\",\"description\":\"\",\"potentialAction\":[{\"@type\":\"SearchAction\",\"target\":{\"@type\":\"EntryPoint\",\"urlTemplate\":\"https:\\\/\\\/www.telaled.com\\\/?s={search_term_string}\"},\"query-input\":{\"@type\":\"PropertyValueSpecification\",\"valueRequired\":true,\"valueName\":\"search_term_string\"}}],\"inLanguage\":\"es\"}]}<\/script>\n<!-- \/ Yoast SEO plugin. -->","yoast_head_json":{"title":"Pantalla LED para exteriores Serie TOB | Pantalla resistente a la intemperie para publicidad y eventos | TELALED","description":"La pantalla LED para exteriores est\u00e1 dise\u00f1ada para ofrecer im\u00e1genes brillantes y de alta resoluci\u00f3n en cualquier condici\u00f3n. Ideal para vallas publicitarias, estadios y se\u00f1alizaci\u00f3n p\u00fablica. \u00a1Solicite un presupuesto ahora!","robots":{"index":"index","follow":"follow","max-snippet":"max-snippet:-1","max-image-preview":"max-image-preview:large","max-video-preview":"max-video-preview:-1"},"canonical":"https:\/\/www.telaled.com\/es\/fabrica\/painel-de-led-externo-serie-tob\/","og_locale":"es_ES","og_type":"article","og_title":"Painel de LED Externo S\u00e9rie TOB | Tela \u00e0 Prova de Intemp\u00e9ries para Publicidade e Eventos | TELALED","og_description":"O painel LED para exterior foi concebido para proporcionar imagens brilhantes e de alta resolu\u00e7\u00e3o em qualquer condi\u00e7\u00e3o. Ideal para outdoors, est\u00e1dios e sinaliza\u00e7\u00e3o p\u00fablica. Pe\u00e7a j\u00e1 um or\u00e7amento!","og_url":"https:\/\/www.telaled.com\/es\/fabrica\/painel-de-led-externo-serie-tob\/","og_site_name":"TELALED","article_modified_time":"2025-12-24T04:48:05+00:00","og_image":[{"width":500,"height":500,"url":"https:\/\/www.telaled.com\/wp-content\/uploads\/2025\/07\/Painel-de-LED-Externo.webp","type":"image\/webp"}],"twitter_card":"summary_large_image","twitter_misc":{"Tiempo de lectura":"2 minutos"},"schema":{"@context":"https:\/\/schema.org","@graph":[{"@type":"WebPage","@id":"https:\/\/www.telaled.com\/fabrica\/painel-de-led-externo-serie-tob\/","url":"https:\/\/www.telaled.com\/fabrica\/painel-de-led-externo-serie-tob\/","name":"Pantalla LED para exteriores Serie TOB | Pantalla resistente a la intemperie para publicidad y eventos | TELALED","isPartOf":{"@id":"https:\/\/www.telaled.com\/#website"},"primaryImageOfPage":{"@id":"https:\/\/www.telaled.com\/fabrica\/painel-de-led-externo-serie-tob\/#primaryimage"},"image":{"@id":"https:\/\/www.telaled.com\/fabrica\/painel-de-led-externo-serie-tob\/#primaryimage"},"thumbnailUrl":"https:\/\/www.telaled.com\/wp-content\/uploads\/2025\/07\/Painel-de-LED-Externo.webp","datePublished":"2025-07-28T02:20:18+00:00","dateModified":"2025-12-24T04:48:05+00:00","description":"La pantalla LED para exteriores est\u00e1 dise\u00f1ada para ofrecer im\u00e1genes brillantes y de alta resoluci\u00f3n en cualquier condici\u00f3n. Ideal para vallas publicitarias, estadios y se\u00f1alizaci\u00f3n p\u00fablica. \u00a1Solicite un presupuesto ahora!","breadcrumb":{"@id":"https:\/\/www.telaled.com\/fabrica\/painel-de-led-externo-serie-tob\/#breadcrumb"},"inLanguage":"es","potentialAction":[{"@type":"ReadAction","target":["https:\/\/www.telaled.com\/fabrica\/painel-de-led-externo-serie-tob\/"]}]},{"@type":"ImageObject","inLanguage":"es","@id":"https:\/\/www.telaled.com\/fabrica\/painel-de-led-externo-serie-tob\/#primaryimage","url":"https:\/\/www.telaled.com\/wp-content\/uploads\/2025\/07\/Painel-de-LED-Externo.webp","contentUrl":"https:\/\/www.telaled.com\/wp-content\/uploads\/2025\/07\/Painel-de-LED-Externo.webp","width":500,"height":500,"caption":"Painel-de-LED-Externo"},{"@type":"BreadcrumbList","@id":"https:\/\/www.telaled.com\/fabrica\/painel-de-led-externo-serie-tob\/#breadcrumb","itemListElement":[{"@type":"ListItem","position":1,"name":"Home","item":"https:\/\/www.telaled.com\/"},{"@type":"ListItem","position":2,"name":"Produtos","item":"https:\/\/www.telaled.com\/shop\/"},{"@type":"ListItem","position":3,"name":"Painel de LED Externo S\u00e9rie TOB"}]},{"@type":"WebSite","@id":"https:\/\/www.telaled.com\/#website","url":"https:\/\/www.telaled.com\/","name":"Pantalla LED","description":"","potentialAction":[{"@type":"SearchAction","target":{"@type":"EntryPoint","urlTemplate":"https:\/\/www.telaled.com\/?s={search_term_string}"},"query-input":{"@type":"PropertyValueSpecification","valueRequired":true,"valueName":"search_term_string"}}],"inLanguage":"es"}]}},"_links":{"self":[{"href":"https:\/\/www.telaled.com\/es\/wp-json\/wp\/v2\/product\/2749","targetHints":{"allow":["GET"]}}],"collection":[{"href":"https:\/\/www.telaled.com\/es\/wp-json\/wp\/v2\/product"}],"about":[{"href":"https:\/\/www.telaled.com\/es\/wp-json\/wp\/v2\/types\/product"}],"wp:featuredmedia":[{"embeddable":true,"href":"https:\/\/www.telaled.com\/es\/wp-json\/wp\/v2\/media\/2752"}],"wp:attachment":[{"href":"https:\/\/www.telaled.com\/es\/wp-json\/wp\/v2\/media?parent=2749"}],"wp:term":[{"taxonomy":"product_brand","embeddable":true,"href":"https:\/\/www.telaled.com\/es\/wp-json\/wp\/v2\/product_brand?post=2749"},{"taxonomy":"product_cat","embeddable":true,"href":"https:\/\/www.telaled.com\/es\/wp-json\/wp\/v2\/product_cat?post=2749"},{"taxonomy":"product_tag","embeddable":true,"href":"https:\/\/www.telaled.com\/es\/wp-json\/wp\/v2\/product_tag?post=2749"}],"curies":[{"name":"gracias","href":"https:\/\/api.w.org\/{rel}","templated":true}]}}