{"id":2635,"date":"2025-07-18T06:10:55","date_gmt":"2025-07-18T06:10:55","guid":{"rendered":"https:\/\/www.telaled.com\/?post_type=product&#038;p=2635"},"modified":"2026-01-03T05:45:04","modified_gmt":"2026-01-03T05:45:04","slug":"modulo-painel-de-led-p10","status":"publish","type":"product","link":"https:\/\/www.telaled.com\/es\/fabrica\/modulo-painel-de-led-p10\/","title":{"rendered":"M\u00f3dulo de panel LED P10"},"content":{"rendered":"<div id=\"featurebullets_feature_div\" class=\"celwidget\" data-feature-name=\"featurebullets\" data-csa-c-type=\"widget\" data-csa-c-content-id=\"featurebullets\" data-csa-c-slot-id=\"featurebullets_feature_div\" data-csa-c-asin=\"B07DF32D6Q\" data-csa-c-is-in-initial-active-row=\"false\" data-csa-c-id=\"3j0pnl-7cjnp-9t8psx-tspeog\">\n<div id=\"feature-bullets\" class=\"a-section a-spacing-medium a-spacing-top-small\">\n<div data-zone-id=\"0\" data-line-index=\"0\" data-line=\"true\">\n<p><strong>Aplicaciones principales:<\/strong><\/p>\n<ul>\n<li><strong>Paneles y se\u00f1ales digitales<\/strong>:Perfecto para publicidad exterior en \u00e1reas de mucho tr\u00e1fico, como autopistas y calles de la ciudad, garantizando una visibilidad clara y brillante.<\/li>\n<li><strong>Comercios y centros comerciales<\/strong>Involucre a los clientes con pantallas vibrantes y de alta resoluci\u00f3n. <a href=\"https:\/\/www.telaled.com\/es\/painel-de-led-para-loja\/\">almacenar<\/a> o en todo el centro comercial.<\/li>\n<li><strong>Eventos y ferias:<\/strong> Displays din\u00e1micos y atractivos para exposiciones, convenciones y stands de ferias comerciales.<\/li>\n<li><strong>Aeropuertos y centros de transporte<\/strong>:Pantallas n\u00edtidas y en tiempo real con informaci\u00f3n de vuelos y anuncios en \u00e1reas de transporte concurridas.<\/li>\n<li><strong>Displays para escenarios y espect\u00e1culos:<\/strong> Crear <a href=\"https:\/\/www.telaled.com\/es\/telao-de-led-palco-2\/\">escenograf\u00eda<\/a> Proyecciones visualmente impactantes o en vivo para espect\u00e1culos y performances.<\/li>\n<\/ul>\n<p><strong>Tecnolog\u00eda probada:<\/strong><\/p>\n<ul>\n<li>IP40\/IP50 \u2013 Resistencia al polvo y a la humedad.<\/li>\n<li>Gradiente de 16 bits (281 billones de colores). \u2013 Fotorrealista.<\/li>\n<li>Certificaci\u00f3n CE\/RoHS\/ISO9001 \u2013 Calidad industrial garantizada.<\/li>\n<\/ul>\n<p><img loading=\"lazy\" decoding=\"async\" class=\"alignnone wp-image-2017 size-full\" src=\"https:\/\/www.telaled.com\/wp-content\/uploads\/2023\/06\/quality-led-module-materials-1.webp\" alt=\"Materiales de calidad para m\u00f3dulos LED\" width=\"768\" height=\"555\" srcset=\"https:\/\/www.telaled.com\/wp-content\/uploads\/2023\/06\/quality-led-module-materials-1.webp 768w, https:\/\/www.telaled.com\/wp-content\/uploads\/2023\/06\/quality-led-module-materials-1-300x217.webp 300w, https:\/\/www.telaled.com\/wp-content\/uploads\/2023\/06\/quality-led-module-materials-1-18x12.webp 18w, https:\/\/www.telaled.com\/wp-content\/uploads\/2023\/06\/quality-led-module-materials-1-600x434.webp 600w\" sizes=\"auto, (max-width: 768px) 100vw, 768px\" \/><\/p>\n<\/div>\n<\/div>\n<\/div>\n<div data-feature-name=\"acf-carousel\" data-csa-c-type=\"widget\" data-csa-c-content-id=\"acf-carousel\" data-csa-c-slot-id=\"acf-carousel_feature_div\" data-csa-c-asin=\"B07DF32D6Q\" data-csa-c-is-in-initial-active-row=\"false\" data-csa-c-id=\"oqpgyr-mh4egp-nntzd2-kyiiqq\">\n<table id=\"tablepress-41\" class=\"tablepress tablepress-id-41\">\n<thead>\n<tr class=\"row-1\">\n\t<th colspan=\"4\" class=\"column-1\">Detalles t\u00e9cnicos<\/th>\n<\/tr>\n<\/thead>\n<tbody class=\"row-striping row-hover\">\n<tr class=\"row-2\">\n\t<td class=\"column-1\">N\u00famero de modelo<\/td><td class=\"column-2\">M\u00f3dulo de panel LED TL \u2013 P10<\/td><td class=\"column-3\"><\/td><td class=\"column-4\"><\/td>\n<\/tr>\n<tr class=\"row-3\">\n\t<td class=\"column-1\">Nombre de marca<\/td><td class=\"column-2\">Fabricante de TELALED<\/td><td class=\"column-3\">Planitud de la pantalla<\/td><td class=\"column-4\">&lt;\u00b11 mm<\/td>\n<\/tr>\n<tr class=\"row-4\">\n\t<td class=\"column-1\">Lugar de origen<\/td><td class=\"column-2\">Guangdong, China<\/td><td class=\"column-3\">Tiempo medio entre fallos (MTBF)<\/td><td class=\"column-4\">10.000 horas<\/td>\n<\/tr>\n<tr class=\"row-5\">\n\t<td class=\"column-1\">Distancia de p\u00edxeles<\/td><td class=\"column-2\">P10<\/td><td class=\"column-3\">Vida \u00fatil<\/td><td class=\"column-4\">100.000 horas<\/td>\n<\/tr>\n<tr class=\"row-6\">\n\t<td class=\"column-1\">Distancia m\u00ednima de visualizaci\u00f3n<\/td><td class=\"column-2\">10 metros<\/td><td class=\"column-3\">Voltaje de funcionamiento de la pantalla<\/td><td class=\"column-4\">CA 46 ~ 54 Hz, 220 V \u00b1 151 TP3T\/110 V \u00b1 151 TP3T<\/td>\n<\/tr>\n<tr class=\"row-7\">\n\t<td class=\"column-1\">Configuraci\u00f3n de LED<\/td><td class=\"column-2\">SMD3528<\/td><td class=\"column-3\">Atenuaci\u00f3n de la luz<\/td><td class=\"column-4\">&lt;3%<\/td>\n<\/tr>\n<tr class=\"row-8\">\n\t<td class=\"column-1\">Resoluci\u00f3n del m\u00f3dulo<\/td><td class=\"column-2\">32\u00d716 p\u00edxeles<\/td><td class=\"column-3\">Corriente de fuga<\/td><td class=\"column-4\">&lt;3 mA<\/td>\n<\/tr>\n<tr class=\"row-9\">\n\t<td class=\"column-1\">P\u00edxeles del m\u00f3dulo<\/td><td class=\"column-2\">512 p\u00edxeles<\/td><td class=\"column-3\">Clasificaci\u00f3n de protecci\u00f3n IP<\/td><td class=\"column-4\">La parte trasera IP40, la delantera IP50<\/td>\n<\/tr>\n<tr class=\"row-10\">\n\t<td class=\"column-1\">Tama\u00f1o del m\u00f3dulo<\/td><td class=\"column-2\">\tAncho 320 mm x Alto 160 mm x Profundidad 14<\/td><td class=\"column-3\">Temperatura y humedad del ambiente de trabajo<\/td><td class=\"column-4\">Temperatura: -20 \u00b0C ~ +60 \u00b0C \/ Humedad: 10% ~ 90% RH<\/td>\n<\/tr>\n<tr class=\"row-11\">\n\t<td class=\"column-1\">Tama\u00f1o del gabinete<\/td><td class=\"column-2\">640 mm x 640 mm<\/td><td class=\"column-3\">Medios compatibles<\/td><td class=\"column-4\">Datos t\u00e9cnicos, Fotos, Modelos CAD, V\u00eddeo<\/td>\n<\/tr>\n<tr class=\"row-12\">\n\t<td class=\"column-1\">Configuraci\u00f3n de p\u00edxeles<\/td><td class=\"column-2\">SMD3 en 1, color completo R\/G\/B 1:1:1<\/td><td class=\"column-3\">Funci\u00f3n<\/td><td class=\"column-4\">Kit de desarrollo de software (SDK)<\/td>\n<\/tr>\n<tr class=\"row-13\">\n\t<td class=\"column-1\">Brillo equilibrado<\/td><td class=\"column-2\">1000 cd\/m\u00b2 (interior)<\/td><td class=\"column-3\">Modo de control<\/td><td class=\"column-4\">Sincronizaci\u00f3n v\u00eda DVI con PC de control<\/td>\n<\/tr>\n<tr class=\"row-14\">\n\t<td class=\"column-1\">M\u00e9todo de conducci\u00f3n<\/td><td class=\"column-2\">1\/8 de escaneo, 1\/4 de escaneo<\/td><td class=\"column-3\">Software compatible<\/td><td class=\"column-4\">Windows XP\/W7\/Vista<\/td>\n<\/tr>\n<tr class=\"row-15\">\n\t<td class=\"column-1\">Tasa de actualizaci\u00f3n<\/td><td class=\"column-2\">\u22651920 Hz<\/td><td class=\"column-3\">Sistema de control<\/td><td class=\"column-4\">Tarjeta DVI + controlador a todo color + fibra \u00f3ptica (opcional)<\/td>\n<\/tr>\n<tr class=\"row-16\">\n\t<td class=\"column-1\">Frecuencia de detecci\u00f3n de cambios<\/td><td class=\"column-2\">50-60 Hz<\/td><td class=\"column-3\">Marca del sistema de control principal<\/td><td class=\"column-4\">Novastar, Linsn, Huidu, Colorlight<\/td>\n<\/tr>\n<tr class=\"row-17\">\n\t<td class=\"column-1\">\u00c1ngulo de visi\u00f3n<\/td><td class=\"column-2\">H140\u00b0 V120\u00b0<\/td><td class=\"column-3\">Interfaz<\/td><td class=\"column-4\">Ethernet est\u00e1ndar<\/td>\n<\/tr>\n<tr class=\"row-18\">\n\t<td class=\"column-1\">Tasa de luz inactiva<\/td><td class=\"column-2\">\u22641%<\/td><td class=\"column-3\">Distancia de transmisi\u00f3n<\/td><td class=\"column-4\">Fibra multimodo <500m >\n<\/tr>\n<tr class=\"row-19\">\n\t<td class=\"column-1\">Desperdicio de energ\u00eda<\/td><td class=\"column-2\">700*1000 W\/M2<\/td><td class=\"column-3\">Garantizar<\/td><td class=\"column-4\">5 a\u00f1os<\/td>\n<\/tr>\n<tr class=\"row-20\">\n\t<td class=\"column-1\">Consumo promedio de energ\u00eda<\/td><td class=\"column-2\">350 W\/m2<\/td><td class=\"column-3\">Tipo de proveedor<\/td><td class=\"column-4\">Fabricante original\/ODM\/OEM<\/td>\n<\/tr>\n<tr class=\"row-21\">\n\t<td class=\"column-1\">Nivel de gris<\/td><td class=\"column-2\">16 bits (281 billones de colores) \/ 65.536 tonos por color primario<\/td><td class=\"column-3\">El tiempo de entrega<\/td><td class=\"column-4\">25 (o negociable)<\/td>\n<\/tr>\n<tr class=\"row-22\">\n\t<td class=\"column-1\">Color de la pantalla<\/td><td class=\"column-2\">16 millones<\/td><td class=\"column-3\">Solicitud<\/td><td class=\"column-4\">Publicidad\/Interior\/Exterior<\/td>\n<\/tr>\n<tr class=\"row-23\">\n\t<td class=\"column-1\">Horario de trabajo ininterrumpido<\/td><td class=\"column-2\">\u226572 horas<\/td><td class=\"column-3\">Usar<\/td><td class=\"column-4\">Publicidad digital, centros comerciales, displays de bienvenida, salas de exposiciones, aeropuertos, iglesias, deportes, eventos, reuniones, alquileres, escenarios, automoci\u00f3n, comercio minorista, bodas<\/td>\n<\/tr>\n<tr class=\"row-24\">\n\t<td class=\"column-1\">Tasa de punto ciego discreto<\/td><td class=\"column-2\"><1><td class=\"column-3\">Detalles del embalaje<\/td><td class=\"column-4\">Caja de cart\u00f3n reforzado + madera<\/td>\n<\/tr>\n<tr class=\"row-25\">\n\t<td class=\"column-1\">Tasa de punto ciego continuo<\/td><td class=\"column-2\">Ninguno<\/td><td class=\"column-3\">Capacidad de suministro<\/td><td class=\"column-4\">5.000 unidades\/mes<\/td>\n<\/tr>\n<tr class=\"row-26\">\n\t<td class=\"column-1\">Tasa de punto ciego<\/td><td class=\"column-2\"><1><td class=\"column-3\">Puerto<\/td><td class=\"column-4\">Shenzhen<\/td>\n<\/tr>\n<\/tbody>\n<\/table>\n<!-- #tablepress-41 from cache --><\/div>\n<div id=\"provenanceCertifications_feature_div\" class=\"celwidget\" data-feature-name=\"provenanceCertifications\" data-csa-c-type=\"widget\" data-csa-c-content-id=\"provenanceCertifications\" data-csa-c-slot-id=\"provenanceCertifications_feature_div\" data-csa-c-asin=\"B07DF32D6Q\" data-csa-c-is-in-initial-active-row=\"false\" data-csa-c-id=\"6t8ho-xbknmj-nqaso5-ne24gd\">\n<div id=\"provenance-certifications\" class=\"a-section a-spacing-medium a-spacing-top-micro\">\u00a0<\/div>\n<\/div>","protected":false},"excerpt":{"rendered":"<p><strong>M\u00f3dulo de panel LED P10: pantalla a color para publicidad en interiores y exteriores<\/strong><\/p>\n<p>EL <strong>M\u00f3dulo de panel LED P10<\/strong> Est\u00e1 dise\u00f1ado para ofrecer im\u00e1genes n\u00edtidas y de alto brillo tanto en interiores como en exteriores. Cuenta con una fiable configuraci\u00f3n SMD 3528, una vida \u00fatil de m\u00e1s de 100.000 horas y una excelente precisi\u00f3n de color. Ofrece amplios \u00e1ngulos de visi\u00f3n y una integraci\u00f3n perfecta con los sistemas de control m\u00e1s populares.<\/p>\n<p><strong>Beneficios principales:<\/strong><br \/>\n<strong><br \/>\n\u2714 Rendimiento duradero: <\/strong>Con una vida \u00fatil de m\u00e1s de 100.000 horas y una baja atenuaci\u00f3n de la luz (&lt;3%), el panel funciona de manera confiable con un mantenimiento m\u00ednimo.<strong><br \/>\n<\/strong><\/p>\n<p><strong>\u2714 Pantalla a color de alta resoluci\u00f3n: <\/strong>La resoluci\u00f3n de 32\u00d716 p\u00edxeles y la escala de grises de 16 bits proporcionan im\u00e1genes n\u00edtidas y vibrantes.<strong><br \/>\n<\/strong><\/p>\n<p><strong>\u2714 Estable y energ\u00e9ticamente eficiente: <\/strong>Baja corriente de fuga (&lt;3 mA), \u00edndice de luz muerta \u00b11% y consumo de energ\u00eda promedio de 350w\/m2.<strong><br \/>\n<\/strong><\/p>\n<p><strong>\u2714 Amplia compatibilidad: <\/strong>Funciona perfectamente con los principales sistemas de control como Novastar, Linsn y Colorlight, y es compatible con Windows XP, 7 y Vista.<\/p>","protected":false},"featured_media":2711,"template":"","meta":[],"product_brand":[],"product_cat":[41],"product_tag":[],"class_list":{"0":"post-2635","1":"product","2":"type-product","3":"status-publish","4":"has-post-thumbnail","6":"product_cat-modulo-painel-de-led","8":"first","9":"instock","10":"shipping-taxable","11":"product-type-simple"},"yoast_head":"<!-- This site is optimized with the Yoast SEO plugin v27.5 - https:\/\/yoast.com\/product\/yoast-seo-wordpress\/ -->\n<title>Modulo Painel de LED P10 | Solu\u00e7\u00e3o de Exibi\u00e7\u00e3o Dur\u00e1vel e Brilhante para Publicidade Externa |TELALED<\/title>\n<meta name=\"description\" content=\"Explore o Modulo Painel de LED P10, projetado para alto brilho e imagens claras em ambientes externos. Constru\u00eddo para ser duradouro, ele garante uma tela vibrante e impactante. Adquira o seu hoje mesmo para obter uma tela impressionante.\" \/>\n<meta name=\"robots\" content=\"index, follow, max-snippet:-1, max-image-preview:large, max-video-preview:-1\" \/>\n<link rel=\"canonical\" href=\"https:\/\/www.telaled.com\/es\/fabrica\/modulo-painel-de-led-p10\/\" \/>\n<meta property=\"og:locale\" content=\"es_ES\" \/>\n<meta property=\"og:type\" content=\"article\" \/>\n<meta property=\"og:title\" content=\"Modulo Painel de LED P10 | Solu\u00e7\u00e3o de Exibi\u00e7\u00e3o Dur\u00e1vel e Brilhante para Publicidade Externa |TELALED\" \/>\n<meta property=\"og:description\" content=\"Explore o Modulo Painel de LED P10, projetado para alto brilho e imagens claras em ambientes externos. Constru\u00eddo para ser duradouro, ele garante uma tela vibrante e impactante. Adquira o seu hoje mesmo para obter uma tela impressionante.\" \/>\n<meta property=\"og:url\" content=\"https:\/\/www.telaled.com\/es\/fabrica\/modulo-painel-de-led-p10\/\" \/>\n<meta property=\"og:site_name\" content=\"TELALED\" \/>\n<meta property=\"article:modified_time\" content=\"2026-01-03T05:45:04+00:00\" \/>\n<meta property=\"og:image\" content=\"https:\/\/www.telaled.com\/wp-content\/uploads\/2025\/07\/Modulo-Painel-de-LED-P10-1-1.webp\" \/>\n\t<meta property=\"og:image:width\" content=\"500\" \/>\n\t<meta property=\"og:image:height\" content=\"500\" \/>\n\t<meta property=\"og:image:type\" content=\"image\/webp\" \/>\n<meta name=\"twitter:card\" content=\"summary_large_image\" \/>\n<meta name=\"twitter:label1\" content=\"Tiempo de lectura\" \/>\n\t<meta name=\"twitter:data1\" content=\"2 minutos\" \/>\n<script type=\"application\/ld+json\" class=\"yoast-schema-graph\">{\"@context\":\"https:\\\/\\\/schema.org\",\"@graph\":[{\"@type\":\"WebPage\",\"@id\":\"https:\\\/\\\/www.telaled.com\\\/fabrica\\\/modulo-painel-de-led-p10\\\/\",\"url\":\"https:\\\/\\\/www.telaled.com\\\/fabrica\\\/modulo-painel-de-led-p10\\\/\",\"name\":\"Modulo Painel de LED P10 | Solu\u00e7\u00e3o de Exibi\u00e7\u00e3o Dur\u00e1vel e Brilhante para Publicidade Externa |TELALED\",\"isPartOf\":{\"@id\":\"https:\\\/\\\/www.telaled.com\\\/#website\"},\"primaryImageOfPage\":{\"@id\":\"https:\\\/\\\/www.telaled.com\\\/fabrica\\\/modulo-painel-de-led-p10\\\/#primaryimage\"},\"image\":{\"@id\":\"https:\\\/\\\/www.telaled.com\\\/fabrica\\\/modulo-painel-de-led-p10\\\/#primaryimage\"},\"thumbnailUrl\":\"https:\\\/\\\/www.telaled.com\\\/wp-content\\\/uploads\\\/2025\\\/07\\\/Modulo-Painel-de-LED-P10-1-1.webp\",\"datePublished\":\"2025-07-18T06:10:55+00:00\",\"dateModified\":\"2026-01-03T05:45:04+00:00\",\"description\":\"Explore o Modulo Painel de LED P10, projetado para alto brilho e imagens claras em ambientes externos. Constru\u00eddo para ser duradouro, ele garante uma tela vibrante e impactante. Adquira o seu hoje mesmo para obter uma tela impressionante.\",\"breadcrumb\":{\"@id\":\"https:\\\/\\\/www.telaled.com\\\/fabrica\\\/modulo-painel-de-led-p10\\\/#breadcrumb\"},\"inLanguage\":\"es\",\"potentialAction\":[{\"@type\":\"ReadAction\",\"target\":[\"https:\\\/\\\/www.telaled.com\\\/fabrica\\\/modulo-painel-de-led-p10\\\/\"]}]},{\"@type\":\"ImageObject\",\"inLanguage\":\"es\",\"@id\":\"https:\\\/\\\/www.telaled.com\\\/fabrica\\\/modulo-painel-de-led-p10\\\/#primaryimage\",\"url\":\"https:\\\/\\\/www.telaled.com\\\/wp-content\\\/uploads\\\/2025\\\/07\\\/Modulo-Painel-de-LED-P10-1-1.webp\",\"contentUrl\":\"https:\\\/\\\/www.telaled.com\\\/wp-content\\\/uploads\\\/2025\\\/07\\\/Modulo-Painel-de-LED-P10-1-1.webp\",\"width\":500,\"height\":500,\"caption\":\"Modulo-Painel-de-LED-P10 (1)\"},{\"@type\":\"BreadcrumbList\",\"@id\":\"https:\\\/\\\/www.telaled.com\\\/fabrica\\\/modulo-painel-de-led-p10\\\/#breadcrumb\",\"itemListElement\":[{\"@type\":\"ListItem\",\"position\":1,\"name\":\"Home\",\"item\":\"https:\\\/\\\/www.telaled.com\\\/\"},{\"@type\":\"ListItem\",\"position\":2,\"name\":\"Produtos\",\"item\":\"https:\\\/\\\/www.telaled.com\\\/shop\\\/\"},{\"@type\":\"ListItem\",\"position\":3,\"name\":\"Modulo Painel de LED P10\"}]},{\"@type\":\"WebSite\",\"@id\":\"https:\\\/\\\/www.telaled.com\\\/#website\",\"url\":\"https:\\\/\\\/www.telaled.com\\\/\",\"name\":\"TELALED\",\"description\":\"\",\"potentialAction\":[{\"@type\":\"SearchAction\",\"target\":{\"@type\":\"EntryPoint\",\"urlTemplate\":\"https:\\\/\\\/www.telaled.com\\\/?s={search_term_string}\"},\"query-input\":{\"@type\":\"PropertyValueSpecification\",\"valueRequired\":true,\"valueName\":\"search_term_string\"}}],\"inLanguage\":\"es\"}]}<\/script>\n<!-- \/ Yoast SEO plugin. -->","yoast_head_json":{"title":"M\u00f3dulo de panel LED P10 | Soluci\u00f3n de visualizaci\u00f3n duradera y brillante para publicidad exterior | TELALED","description":"Explora el m\u00f3dulo de panel LED P10, dise\u00f1ado para ofrecer alto brillo e im\u00e1genes n\u00edtidas en exteriores. Fabricado para durar, garantiza una imagen vibrante e impactante. Consigue el tuyo hoy mismo y disfruta de una imagen impactante.","robots":{"index":"index","follow":"follow","max-snippet":"max-snippet:-1","max-image-preview":"max-image-preview:large","max-video-preview":"max-video-preview:-1"},"canonical":"https:\/\/www.telaled.com\/es\/fabrica\/modulo-painel-de-led-p10\/","og_locale":"es_ES","og_type":"article","og_title":"Modulo Painel de LED P10 | Solu\u00e7\u00e3o de Exibi\u00e7\u00e3o Dur\u00e1vel e Brilhante para Publicidade Externa |TELALED","og_description":"Explore o Modulo Painel de LED P10, projetado para alto brilho e imagens claras em ambientes externos. Constru\u00eddo para ser duradouro, ele garante uma tela vibrante e impactante. Adquira o seu hoje mesmo para obter uma tela impressionante.","og_url":"https:\/\/www.telaled.com\/es\/fabrica\/modulo-painel-de-led-p10\/","og_site_name":"TELALED","article_modified_time":"2026-01-03T05:45:04+00:00","og_image":[{"width":500,"height":500,"url":"https:\/\/www.telaled.com\/wp-content\/uploads\/2025\/07\/Modulo-Painel-de-LED-P10-1-1.webp","type":"image\/webp"}],"twitter_card":"summary_large_image","twitter_misc":{"Tiempo de lectura":"2 minutos"},"schema":{"@context":"https:\/\/schema.org","@graph":[{"@type":"WebPage","@id":"https:\/\/www.telaled.com\/fabrica\/modulo-painel-de-led-p10\/","url":"https:\/\/www.telaled.com\/fabrica\/modulo-painel-de-led-p10\/","name":"M\u00f3dulo de panel LED P10 | Soluci\u00f3n de visualizaci\u00f3n duradera y brillante para publicidad exterior | TELALED","isPartOf":{"@id":"https:\/\/www.telaled.com\/#website"},"primaryImageOfPage":{"@id":"https:\/\/www.telaled.com\/fabrica\/modulo-painel-de-led-p10\/#primaryimage"},"image":{"@id":"https:\/\/www.telaled.com\/fabrica\/modulo-painel-de-led-p10\/#primaryimage"},"thumbnailUrl":"https:\/\/www.telaled.com\/wp-content\/uploads\/2025\/07\/Modulo-Painel-de-LED-P10-1-1.webp","datePublished":"2025-07-18T06:10:55+00:00","dateModified":"2026-01-03T05:45:04+00:00","description":"Explora el m\u00f3dulo de panel LED P10, dise\u00f1ado para ofrecer alto brillo e im\u00e1genes n\u00edtidas en exteriores. Fabricado para durar, garantiza una imagen vibrante e impactante. Consigue el tuyo hoy mismo y disfruta de una imagen impactante.","breadcrumb":{"@id":"https:\/\/www.telaled.com\/fabrica\/modulo-painel-de-led-p10\/#breadcrumb"},"inLanguage":"es","potentialAction":[{"@type":"ReadAction","target":["https:\/\/www.telaled.com\/fabrica\/modulo-painel-de-led-p10\/"]}]},{"@type":"ImageObject","inLanguage":"es","@id":"https:\/\/www.telaled.com\/fabrica\/modulo-painel-de-led-p10\/#primaryimage","url":"https:\/\/www.telaled.com\/wp-content\/uploads\/2025\/07\/Modulo-Painel-de-LED-P10-1-1.webp","contentUrl":"https:\/\/www.telaled.com\/wp-content\/uploads\/2025\/07\/Modulo-Painel-de-LED-P10-1-1.webp","width":500,"height":500,"caption":"Modulo-Painel-de-LED-P10 (1)"},{"@type":"BreadcrumbList","@id":"https:\/\/www.telaled.com\/fabrica\/modulo-painel-de-led-p10\/#breadcrumb","itemListElement":[{"@type":"ListItem","position":1,"name":"Home","item":"https:\/\/www.telaled.com\/"},{"@type":"ListItem","position":2,"name":"Produtos","item":"https:\/\/www.telaled.com\/shop\/"},{"@type":"ListItem","position":3,"name":"Modulo Painel de LED P10"}]},{"@type":"WebSite","@id":"https:\/\/www.telaled.com\/#website","url":"https:\/\/www.telaled.com\/","name":"Pantalla LED","description":"","potentialAction":[{"@type":"SearchAction","target":{"@type":"EntryPoint","urlTemplate":"https:\/\/www.telaled.com\/?s={search_term_string}"},"query-input":{"@type":"PropertyValueSpecification","valueRequired":true,"valueName":"search_term_string"}}],"inLanguage":"es"}]}},"_links":{"self":[{"href":"https:\/\/www.telaled.com\/es\/wp-json\/wp\/v2\/product\/2635","targetHints":{"allow":["GET"]}}],"collection":[{"href":"https:\/\/www.telaled.com\/es\/wp-json\/wp\/v2\/product"}],"about":[{"href":"https:\/\/www.telaled.com\/es\/wp-json\/wp\/v2\/types\/product"}],"wp:featuredmedia":[{"embeddable":true,"href":"https:\/\/www.telaled.com\/es\/wp-json\/wp\/v2\/media\/2711"}],"wp:attachment":[{"href":"https:\/\/www.telaled.com\/es\/wp-json\/wp\/v2\/media?parent=2635"}],"wp:term":[{"taxonomy":"product_brand","embeddable":true,"href":"https:\/\/www.telaled.com\/es\/wp-json\/wp\/v2\/product_brand?post=2635"},{"taxonomy":"product_cat","embeddable":true,"href":"https:\/\/www.telaled.com\/es\/wp-json\/wp\/v2\/product_cat?post=2635"},{"taxonomy":"product_tag","embeddable":true,"href":"https:\/\/www.telaled.com\/es\/wp-json\/wp\/v2\/product_tag?post=2635"}],"curies":[{"name":"gracias","href":"https:\/\/api.w.org\/{rel}","templated":true}]}}