{"id":2552,"date":"2025-07-14T08:45:58","date_gmt":"2025-07-14T08:45:58","guid":{"rendered":"https:\/\/www.telaled.com\/?post_type=product&#038;p=2552"},"modified":"2026-01-02T09:10:05","modified_gmt":"2026-01-02T09:10:05","slug":"modulo-painel-de-led-p4-8","status":"publish","type":"product","link":"https:\/\/www.telaled.com\/es\/fabrica\/modulo-painel-de-led-p4-8\/","title":{"rendered":"M\u00f3dulo de panel LED P4.8"},"content":{"rendered":"<div id=\"featurebullets_feature_div\" class=\"celwidget\" data-feature-name=\"featurebullets\" data-csa-c-type=\"widget\" data-csa-c-content-id=\"featurebullets\" data-csa-c-slot-id=\"featurebullets_feature_div\" data-csa-c-asin=\"B07DF32D6Q\" data-csa-c-is-in-initial-active-row=\"false\" data-csa-c-id=\"3j0pnl-7cjnp-9t8psx-tspeog\">\n<div id=\"feature-bullets\" class=\"a-section a-spacing-medium a-spacing-top-small\">\n<div data-zone-id=\"0\" data-line-index=\"0\" data-line=\"true\">\n<p><strong>Aplicaciones principales:<\/strong><\/p>\n<ul>\n<li><strong>Exhibidores publicitarios:<\/strong> Ideal para publicidad interna y externa., <a href=\"https:\/\/www.telaled.com\/es\/painel-de-led-fachada-comercial\/\">fachadas de tiendas<\/a> y vallas publicitarias vistas desde 4 a 10 metros de distancia.<\/li>\n<li><strong><a href=\"https:\/\/www.telaled.com\/es\/totem-de-led-para-eventos\/\">Eventos<\/a> y etapas:<\/strong> Se utilizan como fondos din\u00e1micos para conciertos, conferencias y espect\u00e1culos en vivo.<\/li>\n<li><strong>Centro comercial y minorista<\/strong>s: Excelente para promociones en <a href=\"https:\/\/www.telaled.com\/es\/painel-de-led-para-loja\/\">almacenar<\/a>, videowalls y directorios digitales.<\/li>\n<li><strong>Centros de transporte<\/strong>:Muestra horarios, alertas y anuncios en aeropuertos, estaciones y terminales.<\/li>\n<li><strong>Edificios corporativos y p\u00fablicos<\/strong>:Muestra mensajes, anuncios o marcas en vest\u00edbulos y pasillos.<\/li>\n<li><strong>Escuelas e iglesias:<\/strong> Admite presentaciones, sermones o conferencias en grandes espacios interiores.<\/li>\n<\/ul>\n<p><strong>Tecnolog\u00eda probada:<\/strong><\/p>\n<ul>\n<li>IP40\/IP50 \u2013 Resistencia al polvo y a la humedad.<\/li>\n<li>Gradiente de 16 bits (281 billones de colores). \u2013 Fotorrealista.<\/li>\n<li>Certificaci\u00f3n CE\/RoHS\/ISO9001 \u2013 Calidad industrial garantizada.<\/li>\n<\/ul>\n<p><img loading=\"lazy\" decoding=\"async\" class=\"alignnone wp-image-2017 size-full\" src=\"https:\/\/www.telaled.com\/wp-content\/uploads\/2023\/06\/quality-led-module-materials-1.webp\" alt=\"Materiales de calidad para m\u00f3dulos LED\" width=\"768\" height=\"555\" srcset=\"https:\/\/www.telaled.com\/wp-content\/uploads\/2023\/06\/quality-led-module-materials-1.webp 768w, https:\/\/www.telaled.com\/wp-content\/uploads\/2023\/06\/quality-led-module-materials-1-300x217.webp 300w, https:\/\/www.telaled.com\/wp-content\/uploads\/2023\/06\/quality-led-module-materials-1-18x12.webp 18w, https:\/\/www.telaled.com\/wp-content\/uploads\/2023\/06\/quality-led-module-materials-1-600x434.webp 600w\" sizes=\"auto, (max-width: 768px) 100vw, 768px\" \/><\/p>\n<\/div>\n<\/div>\n<\/div>\n<div data-feature-name=\"acf-carousel\" data-csa-c-type=\"widget\" data-csa-c-content-id=\"acf-carousel\" data-csa-c-slot-id=\"acf-carousel_feature_div\" data-csa-c-asin=\"B07DF32D6Q\" data-csa-c-is-in-initial-active-row=\"false\" data-csa-c-id=\"oqpgyr-mh4egp-nntzd2-kyiiqq\">\n<table id=\"tablepress-33\" class=\"tablepress tablepress-id-33\">\n<thead>\n<tr class=\"row-1\">\n\t<th colspan=\"4\" class=\"column-1\">Detalles t\u00e9cnicos<\/th>\n<\/tr>\n<\/thead>\n<tbody class=\"row-striping row-hover\">\n<tr class=\"row-2\">\n\t<td class=\"column-1\">N\u00famero de modelo<\/td><td class=\"column-2\">M\u00f3dulo de panel LED TL \u2013 P4.8<\/td><td class=\"column-3\"><\/td><td class=\"column-4\"><\/td>\n<\/tr>\n<tr class=\"row-3\">\n\t<td class=\"column-1\">Nombre de marca<\/td><td class=\"column-2\">Fabricante de TELALED<\/td><td class=\"column-3\">Planitud de la pantalla<\/td><td class=\"column-4\">&lt;\u00b11 mm<\/td>\n<\/tr>\n<tr class=\"row-4\">\n\t<td class=\"column-1\">Lugar de origen<\/td><td class=\"column-2\">Guangdong, China<\/td><td class=\"column-3\">Tiempo medio entre fallos (MTBF)<\/td><td class=\"column-4\">10.000 horas<\/td>\n<\/tr>\n<tr class=\"row-5\">\n\t<td class=\"column-1\">Distancia de p\u00edxeles<\/td><td class=\"column-2\"> P4.8<\/td><td class=\"column-3\">Vida \u00fatil<\/td><td class=\"column-4\">100.000 horas<\/td>\n<\/tr>\n<tr class=\"row-6\">\n\t<td class=\"column-1\">Distancia m\u00ednima de visualizaci\u00f3n<\/td><td class=\"column-2\">4,8 millones<\/td><td class=\"column-3\">Voltaje de funcionamiento de la pantalla<\/td><td class=\"column-4\">CA 46 ~ 54 Hz, 220 V \u00b1 151 TP3T\/110 V \u00b1 151 TP3T<\/td>\n<\/tr>\n<tr class=\"row-7\">\n\t<td class=\"column-1\">Configuraci\u00f3n de LED<\/td><td class=\"column-2\">SMD2121<\/td><td class=\"column-3\">Atenuaci\u00f3n de la luz<\/td><td class=\"column-4\">&lt;3%<\/td>\n<\/tr>\n<tr class=\"row-8\">\n\t<td class=\"column-1\">Resoluci\u00f3n del m\u00f3dulo<\/td><td class=\"column-2\">60\u00d760 p\u00edxeles<\/td><td class=\"column-3\">Corriente de fuga<\/td><td class=\"column-4\">&lt;3 mA<\/td>\n<\/tr>\n<tr class=\"row-9\">\n\t<td class=\"column-1\">P\u00edxeles del m\u00f3dulo<\/td><td class=\"column-2\">3600 p\u00edxeles<\/td><td class=\"column-3\">5408 p\u00edxeles<\/td><td class=\"column-4\">Trasero: IP40 \/ Delantero: IP50<\/td>\n<\/tr>\n<tr class=\"row-10\">\n\t<td class=\"column-1\">Tama\u00f1o del m\u00f3dulo<\/td><td class=\"column-2\">\tAncho 288 mm x Alto 288 mm x Profundidad 14<\/td><td class=\"column-3\">Temperatura y humedad del ambiente de trabajo<\/td><td class=\"column-4\">Temperatura: -20 \u00b0C ~ +60 \u00b0C \/ Humedad: 10% ~ 90% RH<\/td>\n<\/tr>\n<tr class=\"row-11\">\n\t<td class=\"column-1\">Tama\u00f1o del gabinete<\/td><td class=\"column-2\">576 mm x 576 mm<\/td><td class=\"column-3\">Medios compatibles<\/td><td class=\"column-4\">Datos t\u00e9cnicos, Fotos, Modelos CAD, V\u00eddeo<\/td>\n<\/tr>\n<tr class=\"row-12\">\n\t<td class=\"column-1\">Configuraci\u00f3n de p\u00edxeles<\/td><td class=\"column-2\">SMD3 en 1, color completo R\/G\/B 1:1:1<\/td><td class=\"column-3\">Funci\u00f3n<\/td><td class=\"column-4\">Kit de desarrollo de software (SDK)<\/td>\n<\/tr>\n<tr class=\"row-13\">\n\t<td class=\"column-1\">Brillo equilibrado<\/td><td class=\"column-2\">1000 cd\/m\u00b2 (interior)<\/td><td class=\"column-3\">Modo de control<\/td><td class=\"column-4\">Sincronizaci\u00f3n v\u00eda DVI con PC de control<\/td>\n<\/tr>\n<tr class=\"row-14\">\n\t<td class=\"column-1\">M\u00e9todo de conducci\u00f3n<\/td><td class=\"column-2\">escaneo de 1\/15<\/td><td class=\"column-3\">Software compatible<\/td><td class=\"column-4\">Windows XP\/W7\/Vista<\/td>\n<\/tr>\n<tr class=\"row-15\">\n\t<td class=\"column-1\">Tasa de actualizaci\u00f3n<\/td><td class=\"column-2\">\u22651920 Hz<\/td><td class=\"column-3\">Sistema de control<\/td><td class=\"column-4\">Tarjeta DVI + controlador a todo color + fibra \u00f3ptica (opcional)<\/td>\n<\/tr>\n<tr class=\"row-16\">\n\t<td class=\"column-1\">Frecuencia de detecci\u00f3n de cambios<\/td><td class=\"column-2\">50-60 Hz<\/td><td class=\"column-3\">Marca del sistema de control principal<\/td><td class=\"column-4\">Novastar, Linsn, Huidu, Colorlight<\/td>\n<\/tr>\n<tr class=\"row-17\">\n\t<td class=\"column-1\">\u00c1ngulo de visi\u00f3n<\/td><td class=\"column-2\">H140\u00b0 V120\u00b0<\/td><td class=\"column-3\">Interfaz<\/td><td class=\"column-4\">Ethernet est\u00e1ndar<\/td>\n<\/tr>\n<tr class=\"row-18\">\n\t<td class=\"column-1\">Tasa de luz inactiva<\/td><td class=\"column-2\">\u22641%<\/td><td class=\"column-3\">Distancia de transmisi\u00f3n<\/td><td class=\"column-4\">Fibra multimodo <500m >\n<\/tr>\n<tr class=\"row-19\">\n\t<td class=\"column-1\">Desperdicio de energ\u00eda<\/td><td class=\"column-2\">700*1000 W\/M2<\/td><td class=\"column-3\">Garantizar<\/td><td class=\"column-4\">5 a\u00f1os<\/td>\n<\/tr>\n<tr class=\"row-20\">\n\t<td class=\"column-1\">Consumo promedio de energ\u00eda<\/td><td class=\"column-2\">420 W\/m2<\/td><td class=\"column-3\">Tipo de proveedor<\/td><td class=\"column-4\">Fabricante original\/ODM\/OEM<\/td>\n<\/tr>\n<tr class=\"row-21\">\n\t<td class=\"column-1\">Nivel de gris<\/td><td class=\"column-2\">16 bits (281 billones de colores) \/ 65.536 tonos por color primario<\/td><td class=\"column-3\">El tiempo de entrega<\/td><td class=\"column-4\">25 (o negociable)<\/td>\n<\/tr>\n<tr class=\"row-22\">\n\t<td class=\"column-1\">Color de la pantalla<\/td><td class=\"column-2\">16 millones<\/td><td class=\"column-3\">Solicitud<\/td><td class=\"column-4\">Publicidad\/Interior\/Exterior<\/td>\n<\/tr>\n<tr class=\"row-23\">\n\t<td class=\"column-1\">Horario de trabajo ininterrumpido<\/td><td class=\"column-2\">\u226572 horas<\/td><td class=\"column-3\">Usar<\/td><td class=\"column-4\">Publicidad digital, centros comerciales, displays de bienvenida, salas de exposiciones, aeropuertos, iglesias, deportes, eventos, reuniones, alquileres, escenarios, automoci\u00f3n, comercio minorista, bodas<\/td>\n<\/tr>\n<tr class=\"row-24\">\n\t<td class=\"column-1\">Tasa de punto ciego discreto<\/td><td class=\"column-2\"><1><td class=\"column-3\">Detalles del embalaje<\/td><td class=\"column-4\">Caja de cart\u00f3n reforzado + madera<\/td>\n<\/tr>\n<tr class=\"row-25\">\n\t<td class=\"column-1\">Tasa de punto ciego continuo<\/td><td class=\"column-2\">Ninguno<\/td><td class=\"column-3\">Capacidad de suministro<\/td><td class=\"column-4\">5.000 unidades\/mes<\/td>\n<\/tr>\n<tr class=\"row-26\">\n\t<td class=\"column-1\">Tasa de punto ciego<\/td><td class=\"column-2\"><1><td class=\"column-3\">Puerto<\/td><td class=\"column-4\">Shenzhen<\/td>\n<\/tr>\n<\/tbody>\n<\/table>\n<\/div>\n<div id=\"provenanceCertifications_feature_div\" class=\"celwidget\" data-feature-name=\"provenanceCertifications\" data-csa-c-type=\"widget\" data-csa-c-content-id=\"provenanceCertifications\" data-csa-c-slot-id=\"provenanceCertifications_feature_div\" data-csa-c-asin=\"B07DF32D6Q\" data-csa-c-is-in-initial-active-row=\"false\" data-csa-c-id=\"6t8ho-xbknmj-nqaso5-ne24gd\">\n<div id=\"provenance-certifications\" class=\"a-section a-spacing-medium a-spacing-top-micro\">\u00a0<\/div>\n<\/div>","protected":false},"excerpt":{"rendered":"<p><strong>M\u00f3dulo de panel LED P4.8: paso de p\u00edxeles medio confiable para una soluci\u00f3n de visualizaci\u00f3n vers\u00e1til<\/strong><\/p>\n<p>EL <strong>M\u00f3dulo de panel LED P4.8<\/strong> Dise\u00f1ado para distancias de visualizaci\u00f3n medias, ofrece im\u00e1genes n\u00edtidas y un rendimiento fiable para se\u00f1alizaci\u00f3n digital en interiores y exteriores. Con una distancia entre p\u00edxeles de 4,8 mm, logra un equilibrio perfecto entre claridad de imagen y rentabilidad.<\/p>\n<p><strong>Beneficios principales:<\/strong><br \/>\n<strong><br \/>\n\u2714 Pantalla clara para gama media: <\/strong>Proporciona im\u00e1genes y v\u00eddeos claros de 4 a 10 metros, adecuados para visualizaci\u00f3n general.<strong><br \/>\n<\/strong><\/p>\n<p><strong>\u2714 Opciones de alto brillo: <\/strong>Disponible en variantes para interior y exterior, capaz de soportar la luz solar y las condiciones de iluminaci\u00f3n ambiental.<strong><br \/>\n<\/strong><\/p>\n<p><strong>\u2714 Dise\u00f1o modular sin costuras:<\/strong> F\u00e1cil de instalar, mantener y escalar en pantallas m\u00e1s grandes con espacios m\u00ednimos en el bisel.<strong><br \/>\n<\/strong><\/p>\n<p><strong>\u2714 Funcionamiento energ\u00e9ticamente eficiente: <\/strong>Dise\u00f1ado para funcionar de manera eficiente con un consumo de energ\u00eda reducido y una larga vida \u00fatil.<\/p>","protected":false},"featured_media":2702,"template":"","meta":[],"product_brand":[],"product_cat":[41],"product_tag":[],"class_list":{"0":"post-2552","1":"product","2":"type-product","3":"status-publish","4":"has-post-thumbnail","6":"product_cat-modulo-painel-de-led","8":"first","9":"instock","10":"shipping-taxable","11":"product-type-simple"},"yoast_head":"<!-- This site is optimized with the Yoast SEO plugin v27.5 - https:\/\/yoast.com\/product\/yoast-seo-wordpress\/ -->\n<title>Modulo Painel de LED P4.8 | Tela Confi\u00e1vel para Visualiza\u00e7\u00e3o em Larga Escala |TELALED<\/title>\n<meta name=\"description\" content=\"Obtenha visuais de alto contraste e desempenho est\u00e1vel com o Modulo Painel de LED P4.8, perfeito para publicidade em grandes formatos e displays de palco. Solicite uma cota\u00e7\u00e3o hoje mesmo!\" \/>\n<meta name=\"robots\" content=\"index, follow, max-snippet:-1, max-image-preview:large, max-video-preview:-1\" \/>\n<link rel=\"canonical\" href=\"https:\/\/www.telaled.com\/es\/fabrica\/modulo-painel-de-led-p4-8\/\" \/>\n<meta property=\"og:locale\" content=\"es_ES\" \/>\n<meta property=\"og:type\" content=\"article\" \/>\n<meta property=\"og:title\" content=\"Modulo Painel de LED P4.8 | Tela Confi\u00e1vel para Visualiza\u00e7\u00e3o em Larga Escala |TELALED\" \/>\n<meta property=\"og:description\" content=\"Obtenha visuais de alto contraste e desempenho est\u00e1vel com o Modulo Painel de LED P4.8, perfeito para publicidade em grandes formatos e displays de palco. Solicite uma cota\u00e7\u00e3o hoje mesmo!\" \/>\n<meta property=\"og:url\" content=\"https:\/\/www.telaled.com\/es\/fabrica\/modulo-painel-de-led-p4-8\/\" \/>\n<meta property=\"og:site_name\" content=\"TELALED\" \/>\n<meta property=\"article:modified_time\" content=\"2026-01-02T09:10:05+00:00\" \/>\n<meta property=\"og:image\" content=\"https:\/\/www.telaled.com\/wp-content\/uploads\/2025\/07\/Modulo-Painel-de-LED-P4.8-1-1.webp\" \/>\n\t<meta property=\"og:image:width\" content=\"500\" \/>\n\t<meta property=\"og:image:height\" content=\"500\" \/>\n\t<meta property=\"og:image:type\" content=\"image\/webp\" \/>\n<meta name=\"twitter:card\" content=\"summary_large_image\" \/>\n<meta name=\"twitter:label1\" content=\"Tiempo de lectura\" \/>\n\t<meta name=\"twitter:data1\" content=\"2 minutos\" \/>\n<script type=\"application\/ld+json\" class=\"yoast-schema-graph\">{\"@context\":\"https:\\\/\\\/schema.org\",\"@graph\":[{\"@type\":\"WebPage\",\"@id\":\"https:\\\/\\\/www.telaled.com\\\/fabrica\\\/modulo-painel-de-led-p4-8\\\/\",\"url\":\"https:\\\/\\\/www.telaled.com\\\/fabrica\\\/modulo-painel-de-led-p4-8\\\/\",\"name\":\"Modulo Painel de LED P4.8 | Tela Confi\u00e1vel para Visualiza\u00e7\u00e3o em Larga Escala |TELALED\",\"isPartOf\":{\"@id\":\"https:\\\/\\\/www.telaled.com\\\/#website\"},\"primaryImageOfPage\":{\"@id\":\"https:\\\/\\\/www.telaled.com\\\/fabrica\\\/modulo-painel-de-led-p4-8\\\/#primaryimage\"},\"image\":{\"@id\":\"https:\\\/\\\/www.telaled.com\\\/fabrica\\\/modulo-painel-de-led-p4-8\\\/#primaryimage\"},\"thumbnailUrl\":\"https:\\\/\\\/www.telaled.com\\\/wp-content\\\/uploads\\\/2025\\\/07\\\/Modulo-Painel-de-LED-P4.8-1-1.webp\",\"datePublished\":\"2025-07-14T08:45:58+00:00\",\"dateModified\":\"2026-01-02T09:10:05+00:00\",\"description\":\"Obtenha visuais de alto contraste e desempenho est\u00e1vel com o Modulo Painel de LED P4.8, perfeito para publicidade em grandes formatos e displays de palco. Solicite uma cota\u00e7\u00e3o hoje mesmo!\",\"breadcrumb\":{\"@id\":\"https:\\\/\\\/www.telaled.com\\\/fabrica\\\/modulo-painel-de-led-p4-8\\\/#breadcrumb\"},\"inLanguage\":\"es\",\"potentialAction\":[{\"@type\":\"ReadAction\",\"target\":[\"https:\\\/\\\/www.telaled.com\\\/fabrica\\\/modulo-painel-de-led-p4-8\\\/\"]}]},{\"@type\":\"ImageObject\",\"inLanguage\":\"es\",\"@id\":\"https:\\\/\\\/www.telaled.com\\\/fabrica\\\/modulo-painel-de-led-p4-8\\\/#primaryimage\",\"url\":\"https:\\\/\\\/www.telaled.com\\\/wp-content\\\/uploads\\\/2025\\\/07\\\/Modulo-Painel-de-LED-P4.8-1-1.webp\",\"contentUrl\":\"https:\\\/\\\/www.telaled.com\\\/wp-content\\\/uploads\\\/2025\\\/07\\\/Modulo-Painel-de-LED-P4.8-1-1.webp\",\"width\":500,\"height\":500,\"caption\":\"Modulo-Painel-de-LED-P4.8 (1)\"},{\"@type\":\"BreadcrumbList\",\"@id\":\"https:\\\/\\\/www.telaled.com\\\/fabrica\\\/modulo-painel-de-led-p4-8\\\/#breadcrumb\",\"itemListElement\":[{\"@type\":\"ListItem\",\"position\":1,\"name\":\"Home\",\"item\":\"https:\\\/\\\/www.telaled.com\\\/\"},{\"@type\":\"ListItem\",\"position\":2,\"name\":\"Produtos\",\"item\":\"https:\\\/\\\/www.telaled.com\\\/shop\\\/\"},{\"@type\":\"ListItem\",\"position\":3,\"name\":\"Modulo Painel de LED P4.8\"}]},{\"@type\":\"WebSite\",\"@id\":\"https:\\\/\\\/www.telaled.com\\\/#website\",\"url\":\"https:\\\/\\\/www.telaled.com\\\/\",\"name\":\"TELALED\",\"description\":\"\",\"potentialAction\":[{\"@type\":\"SearchAction\",\"target\":{\"@type\":\"EntryPoint\",\"urlTemplate\":\"https:\\\/\\\/www.telaled.com\\\/?s={search_term_string}\"},\"query-input\":{\"@type\":\"PropertyValueSpecification\",\"valueRequired\":true,\"valueName\":\"search_term_string\"}}],\"inLanguage\":\"es\"}]}<\/script>\n<!-- \/ Yoast SEO plugin. -->","yoast_head_json":{"title":"M\u00f3dulo de panel LED P4.8 | Pantalla confiable para visualizaci\u00f3n a gran escala | TELALED","description":"Obtenga im\u00e1genes de alto contraste y un rendimiento estable con el m\u00f3dulo de panel LED P4.8, perfecto para publicidad de gran formato y displays para escenarios. \u00a1Solicite un presupuesto hoy mismo!","robots":{"index":"index","follow":"follow","max-snippet":"max-snippet:-1","max-image-preview":"max-image-preview:large","max-video-preview":"max-video-preview:-1"},"canonical":"https:\/\/www.telaled.com\/es\/fabrica\/modulo-painel-de-led-p4-8\/","og_locale":"es_ES","og_type":"article","og_title":"Modulo Painel de LED P4.8 | Tela Confi\u00e1vel para Visualiza\u00e7\u00e3o em Larga Escala |TELALED","og_description":"Obtenha visuais de alto contraste e desempenho est\u00e1vel com o Modulo Painel de LED P4.8, perfeito para publicidade em grandes formatos e displays de palco. Solicite uma cota\u00e7\u00e3o hoje mesmo!","og_url":"https:\/\/www.telaled.com\/es\/fabrica\/modulo-painel-de-led-p4-8\/","og_site_name":"TELALED","article_modified_time":"2026-01-02T09:10:05+00:00","og_image":[{"width":500,"height":500,"url":"https:\/\/www.telaled.com\/wp-content\/uploads\/2025\/07\/Modulo-Painel-de-LED-P4.8-1-1.webp","type":"image\/webp"}],"twitter_card":"summary_large_image","twitter_misc":{"Tiempo de lectura":"2 minutos"},"schema":{"@context":"https:\/\/schema.org","@graph":[{"@type":"WebPage","@id":"https:\/\/www.telaled.com\/fabrica\/modulo-painel-de-led-p4-8\/","url":"https:\/\/www.telaled.com\/fabrica\/modulo-painel-de-led-p4-8\/","name":"M\u00f3dulo de panel LED P4.8 | Pantalla confiable para visualizaci\u00f3n a gran escala | TELALED","isPartOf":{"@id":"https:\/\/www.telaled.com\/#website"},"primaryImageOfPage":{"@id":"https:\/\/www.telaled.com\/fabrica\/modulo-painel-de-led-p4-8\/#primaryimage"},"image":{"@id":"https:\/\/www.telaled.com\/fabrica\/modulo-painel-de-led-p4-8\/#primaryimage"},"thumbnailUrl":"https:\/\/www.telaled.com\/wp-content\/uploads\/2025\/07\/Modulo-Painel-de-LED-P4.8-1-1.webp","datePublished":"2025-07-14T08:45:58+00:00","dateModified":"2026-01-02T09:10:05+00:00","description":"Obtenga im\u00e1genes de alto contraste y un rendimiento estable con el m\u00f3dulo de panel LED P4.8, perfecto para publicidad de gran formato y displays para escenarios. \u00a1Solicite un presupuesto hoy mismo!","breadcrumb":{"@id":"https:\/\/www.telaled.com\/fabrica\/modulo-painel-de-led-p4-8\/#breadcrumb"},"inLanguage":"es","potentialAction":[{"@type":"ReadAction","target":["https:\/\/www.telaled.com\/fabrica\/modulo-painel-de-led-p4-8\/"]}]},{"@type":"ImageObject","inLanguage":"es","@id":"https:\/\/www.telaled.com\/fabrica\/modulo-painel-de-led-p4-8\/#primaryimage","url":"https:\/\/www.telaled.com\/wp-content\/uploads\/2025\/07\/Modulo-Painel-de-LED-P4.8-1-1.webp","contentUrl":"https:\/\/www.telaled.com\/wp-content\/uploads\/2025\/07\/Modulo-Painel-de-LED-P4.8-1-1.webp","width":500,"height":500,"caption":"Modulo-Painel-de-LED-P4.8 (1)"},{"@type":"BreadcrumbList","@id":"https:\/\/www.telaled.com\/fabrica\/modulo-painel-de-led-p4-8\/#breadcrumb","itemListElement":[{"@type":"ListItem","position":1,"name":"Home","item":"https:\/\/www.telaled.com\/"},{"@type":"ListItem","position":2,"name":"Produtos","item":"https:\/\/www.telaled.com\/shop\/"},{"@type":"ListItem","position":3,"name":"Modulo Painel de LED P4.8"}]},{"@type":"WebSite","@id":"https:\/\/www.telaled.com\/#website","url":"https:\/\/www.telaled.com\/","name":"Pantalla LED","description":"","potentialAction":[{"@type":"SearchAction","target":{"@type":"EntryPoint","urlTemplate":"https:\/\/www.telaled.com\/?s={search_term_string}"},"query-input":{"@type":"PropertyValueSpecification","valueRequired":true,"valueName":"search_term_string"}}],"inLanguage":"es"}]}},"_links":{"self":[{"href":"https:\/\/www.telaled.com\/es\/wp-json\/wp\/v2\/product\/2552","targetHints":{"allow":["GET"]}}],"collection":[{"href":"https:\/\/www.telaled.com\/es\/wp-json\/wp\/v2\/product"}],"about":[{"href":"https:\/\/www.telaled.com\/es\/wp-json\/wp\/v2\/types\/product"}],"wp:featuredmedia":[{"embeddable":true,"href":"https:\/\/www.telaled.com\/es\/wp-json\/wp\/v2\/media\/2702"}],"wp:attachment":[{"href":"https:\/\/www.telaled.com\/es\/wp-json\/wp\/v2\/media?parent=2552"}],"wp:term":[{"taxonomy":"product_brand","embeddable":true,"href":"https:\/\/www.telaled.com\/es\/wp-json\/wp\/v2\/product_brand?post=2552"},{"taxonomy":"product_cat","embeddable":true,"href":"https:\/\/www.telaled.com\/es\/wp-json\/wp\/v2\/product_cat?post=2552"},{"taxonomy":"product_tag","embeddable":true,"href":"https:\/\/www.telaled.com\/es\/wp-json\/wp\/v2\/product_tag?post=2552"}],"curies":[{"name":"gracias","href":"https:\/\/api.w.org\/{rel}","templated":true}]}}