{"id":2542,"date":"2025-07-14T03:51:55","date_gmt":"2025-07-14T03:51:55","guid":{"rendered":"https:\/\/www.telaled.com\/?post_type=product&#038;p=2542"},"modified":"2026-01-02T08:46:54","modified_gmt":"2026-01-02T08:46:54","slug":"modulo-painel-de-led-p4-exteriores","status":"publish","type":"product","link":"https:\/\/www.telaled.com\/es\/fabrica\/modulo-painel-de-led-p4-exteriores\/","title":{"rendered":"M\u00f3dulo de panel LED para exteriores P4"},"content":{"rendered":"<div id=\"featurebullets_feature_div\" class=\"celwidget\" data-feature-name=\"featurebullets\" data-csa-c-type=\"widget\" data-csa-c-content-id=\"featurebullets\" data-csa-c-slot-id=\"featurebullets_feature_div\" data-csa-c-asin=\"B07DF32D6Q\" data-csa-c-is-in-initial-active-row=\"false\" data-csa-c-id=\"3j0pnl-7cjnp-9t8psx-tspeog\">\n<div id=\"feature-bullets\" class=\"a-section a-spacing-medium a-spacing-top-small\">\n<div data-zone-id=\"0\" data-line-index=\"0\" data-line=\"true\">\n<p><strong>Aplicaciones principales:<\/strong><\/p>\n<ul>\n<li><strong>Paneles exteriores:<\/strong> Ideal para vallas publicitarias digitales colocadas a lo largo de carreteras, autopistas y zonas comerciales.<\/li>\n<li><strong><a href=\"https:\/\/www.telaled.com\/es\/painel-de-led-para-eventos\/\">Pantallas para eventos<\/a> y escenograf\u00edas:<\/strong> Se utiliza a menudo en conciertos, festivales y eventos al aire libre que necesitan una pantalla brillante de rango medio.<\/li>\n<li><strong>Centros de transporte:<\/strong> Eficaz para paneles de informaci\u00f3n en tiempo real en aeropuertos, estaciones de autobuses y plataformas ferroviarias.<\/li>\n<li><strong>Escaparates de comercios y centros comerciales:<\/strong> Se utiliza para publicidad de alto impacto en fachadas de edificios y se\u00f1alizaci\u00f3n de tiendas.<\/li>\n<\/ul>\n<p><strong>Tecnolog\u00eda probada:<\/strong><\/p>\n<ul>\n<li>IP40\/IP50 \u2013 Resistencia al polvo y a la humedad.<\/li>\n<li>Gradiente de 16 bits (281 billones de colores). \u2013 Fotorrealista.<\/li>\n<li>Certificaci\u00f3n CE\/RoHS\/ISO9001 \u2013 Calidad industrial garantizada.<\/li>\n<\/ul>\n<p><img loading=\"lazy\" decoding=\"async\" class=\"alignnone wp-image-2017 size-full\" src=\"https:\/\/www.telaled.com\/wp-content\/uploads\/2023\/06\/quality-led-module-materials-1.webp\" alt=\"Materiales de calidad para m\u00f3dulos LED\" width=\"768\" height=\"555\" srcset=\"https:\/\/www.telaled.com\/wp-content\/uploads\/2023\/06\/quality-led-module-materials-1.webp 768w, https:\/\/www.telaled.com\/wp-content\/uploads\/2023\/06\/quality-led-module-materials-1-300x217.webp 300w, https:\/\/www.telaled.com\/wp-content\/uploads\/2023\/06\/quality-led-module-materials-1-18x12.webp 18w, https:\/\/www.telaled.com\/wp-content\/uploads\/2023\/06\/quality-led-module-materials-1-600x434.webp 600w\" sizes=\"auto, (max-width: 768px) 100vw, 768px\" \/><\/p>\n<\/div>\n<\/div>\n<\/div>\n<div data-feature-name=\"acf-carousel\" data-csa-c-type=\"widget\" data-csa-c-content-id=\"acf-carousel\" data-csa-c-slot-id=\"acf-carousel_feature_div\" data-csa-c-asin=\"B07DF32D6Q\" data-csa-c-is-in-initial-active-row=\"false\" data-csa-c-id=\"oqpgyr-mh4egp-nntzd2-kyiiqq\">\n<table id=\"tablepress-31\" class=\"tablepress tablepress-id-31\">\n<thead>\n<tr class=\"row-1\">\n\t<th class=\"column-1\">Presupuesto:<\/th><th class=\"column-2\">TCF-P2.5-S840<\/th>\n<\/tr>\n<\/thead>\n<tbody class=\"row-striping row-hover\">\n<tr class=\"row-2\">\n\t<td class=\"column-1\">Composici\u00f3n de p\u00edxeles:<\/td><td class=\"column-2\">2121 (3 en 1)<\/td>\n<\/tr>\n<tr class=\"row-3\">\n\t<td class=\"column-1\">Densidad de visualizaci\u00f3n: (puntos)<\/td><td class=\"column-2\">160000\u33a1<\/td>\n<\/tr>\n<tr class=\"row-4\">\n\t<td class=\"column-1\">Distancia de visualizaci\u00f3n ideal: (m)<\/td><td class=\"column-2\">2,5-100 m<\/td>\n<\/tr>\n<tr class=\"row-5\">\n\t<td class=\"column-1\">Consumo m\u00e1ximo de energ\u00eda:<\/td><td class=\"column-2\">800w\/m\u00b2<\/td>\n<\/tr>\n<tr class=\"row-6\">\n\t<td class=\"column-1\">Modo de escaneo:<\/td><td class=\"column-2\">32 escaneos<\/td>\n<\/tr>\n<tr class=\"row-7\">\n\t<td class=\"column-1\">Brillo: (CD\/\u33a1)<\/td><td class=\"column-2\">1200<\/td>\n<\/tr>\n<tr class=\"row-8\">\n\t<td class=\"column-1\">\u00c1ngulo de visi\u00f3n: (m)<\/td><td class=\"column-2\">H 120\u00b0 V 120\u00b0 (marco envolvente de 50 mm) \/ H 360\u00b0 V 360\u00b0 (sin bordes)<\/td>\n<\/tr>\n<tr class=\"row-9\">\n\t<td class=\"column-1\">Voltaje de funcionamiento:<\/td><td class=\"column-2\">CA 220 V\/100 V \u00b1 151 TP3T 47 ~ 64 Hz<\/td>\n<\/tr>\n<tr class=\"row-10\">\n\t<td class=\"column-1\">Tensi\u00f3n de alimentaci\u00f3n:<\/td><td class=\"column-2\">5 V<\/td>\n<\/tr>\n<tr class=\"row-11\">\n\t<td class=\"column-1\">Temperatura ambiente de funcionamiento del sistema:<\/td><td class=\"column-2\">-20~60\u00b0C<\/td>\n<\/tr>\n<tr class=\"row-12\">\n\t<td class=\"column-1\">El sistema funciona en un entorno moderado:<\/td><td class=\"column-2\">10%~90% UR<\/td>\n<\/tr>\n<tr class=\"row-13\">\n\t<td class=\"column-1\">Color de la pantalla:<\/td><td class=\"column-2\">16,7 millones<\/td>\n<\/tr>\n<tr class=\"row-14\">\n\t<td class=\"column-1\">Nivel de escala de grises:<\/td><td class=\"column-2\">16384<\/td>\n<\/tr>\n<tr class=\"row-15\">\n\t<td class=\"column-1\">M\u00e9todo de comunicaci\u00f3n:<\/td><td class=\"column-2\">Sincronizaci\u00f3n \/ Asincronizaci\u00f3n<\/td>\n<\/tr>\n<\/tbody>\n<\/table>\n<!-- #tablepress-31 from cache --><\/div>\n<div id=\"provenanceCertifications_feature_div\" class=\"celwidget\" data-feature-name=\"provenanceCertifications\" data-csa-c-type=\"widget\" data-csa-c-content-id=\"provenanceCertifications\" data-csa-c-slot-id=\"provenanceCertifications_feature_div\" data-csa-c-asin=\"B07DF32D6Q\" data-csa-c-is-in-initial-active-row=\"false\" data-csa-c-id=\"6t8ho-xbknmj-nqaso5-ne24gd\">\n<div id=\"provenance-certifications\" class=\"a-section a-spacing-medium a-spacing-top-micro\">\u00a0<\/div>\n<\/div>","protected":false},"excerpt":{"rendered":"<p><strong>M\u00f3dulo de panel LED para exteriores P4: pantalla confiable con una distancia entre p\u00edxeles de 4 mm para una visualizaci\u00f3n n\u00edtida en exteriores.<\/strong><\/p>\n<p>EL <strong>M\u00f3dulo de panel LED para exteriores P4<\/strong> Est\u00e1 dise\u00f1ado para visualizaci\u00f3n en exteriores de media a corta distancia. Con una distancia entre p\u00edxeles de 4 mm, ofrece una resoluci\u00f3n n\u00edtida y una imagen n\u00edtida incluso con luz natural. Este m\u00f3dulo logra un equilibrio perfecto entre claridad de imagen y rentabilidad.<\/p>\n<p><strong>Beneficios principales:<\/strong><br \/>\n<strong><br \/>\n\u2714 Pantalla visible durante el d\u00eda:<\/strong> Alto brillo (7000cd\/\u33a1) para im\u00e1genes claras incluso bajo la luz del sol.<strong><br \/>\n<\/strong><\/p>\n<p><strong>\u2714 Tama\u00f1o flexible:<\/strong> El dise\u00f1o modular permite tama\u00f1os de pantalla personalizados con uniones sin juntas.<strong><br \/>\n<\/strong><\/p>\n<p><strong>\u2714 Resistente a la intemperie:<\/strong> Clasificaci\u00f3n IP65 para un rendimiento confiable bajo la lluvia, el polvo y la humedad.<strong><br \/>\n<\/strong><\/p>\n<p><strong>\u2714 Eficiente y suave: <\/strong>Bajo <a href=\"https:\/\/www.telaled.com\/es\/entendendo-o-consumo-de-energia-painel-de-led-quao-eficientes-sao-os-displays-de-led-modernos\/\">consumo de energ\u00eda<\/a> con frecuencias de actualizaci\u00f3n estables para una reproducci\u00f3n sin parpadeos.<\/p>","protected":false},"featured_media":2700,"template":"","meta":[],"product_brand":[],"product_cat":[41],"product_tag":[],"class_list":{"0":"post-2542","1":"product","2":"type-product","3":"status-publish","4":"has-post-thumbnail","6":"product_cat-modulo-painel-de-led","8":"first","9":"instock","10":"shipping-taxable","11":"product-type-simple"},"yoast_head":"<!-- This site is optimized with the Yoast SEO plugin v27.5 - https:\/\/yoast.com\/product\/yoast-seo-wordpress\/ -->\n<title>Modulo Painel de LED P4 Exteriores | Tela de Ata Resolu\u00e7\u00e3o para Publicidade Externa |TELALED<\/title>\n<meta name=\"description\" content=\"Atualize sua sinaliza\u00e7\u00e3o externa com nosso Modulo Painel de LED P4 Exteriores. Com uma densidade de pixels de 4 mm, ele oferece imagens n\u00edtidas mesmo \u00e0 luz do dia. Criado para durabilidade e desempenho de longo prazo. Fa\u00e7a uma cota\u00e7\u00e3o agora!\" \/>\n<meta name=\"robots\" content=\"index, follow, max-snippet:-1, max-image-preview:large, max-video-preview:-1\" \/>\n<link rel=\"canonical\" href=\"https:\/\/www.telaled.com\/es\/fabrica\/modulo-painel-de-led-p4-exteriores\/\" \/>\n<meta property=\"og:locale\" content=\"es_ES\" \/>\n<meta property=\"og:type\" content=\"article\" \/>\n<meta property=\"og:title\" content=\"Modulo Painel de LED P4 Exteriores | Tela de Ata Resolu\u00e7\u00e3o para Publicidade Externa |TELALED\" \/>\n<meta property=\"og:description\" content=\"Atualize sua sinaliza\u00e7\u00e3o externa com nosso Modulo Painel de LED P4 Exteriores. Com uma densidade de pixels de 4 mm, ele oferece imagens n\u00edtidas mesmo \u00e0 luz do dia. Criado para durabilidade e desempenho de longo prazo. Fa\u00e7a uma cota\u00e7\u00e3o agora!\" \/>\n<meta property=\"og:url\" content=\"https:\/\/www.telaled.com\/es\/fabrica\/modulo-painel-de-led-p4-exteriores\/\" \/>\n<meta property=\"og:site_name\" content=\"TELALED\" \/>\n<meta property=\"article:modified_time\" content=\"2026-01-02T08:46:54+00:00\" \/>\n<meta property=\"og:image\" content=\"https:\/\/www.telaled.com\/wp-content\/uploads\/2025\/07\/modulo-painel-de-led-p4-exteriores-1-1.webp\" \/>\n\t<meta property=\"og:image:width\" content=\"500\" \/>\n\t<meta property=\"og:image:height\" content=\"500\" \/>\n\t<meta property=\"og:image:type\" content=\"image\/webp\" \/>\n<meta name=\"twitter:card\" content=\"summary_large_image\" \/>\n<meta name=\"twitter:label1\" content=\"Tiempo de lectura\" \/>\n\t<meta name=\"twitter:data1\" content=\"2 minutos\" \/>\n<script type=\"application\/ld+json\" class=\"yoast-schema-graph\">{\"@context\":\"https:\\\/\\\/schema.org\",\"@graph\":[{\"@type\":\"WebPage\",\"@id\":\"https:\\\/\\\/www.telaled.com\\\/fabrica\\\/modulo-painel-de-led-p4-exteriores\\\/\",\"url\":\"https:\\\/\\\/www.telaled.com\\\/fabrica\\\/modulo-painel-de-led-p4-exteriores\\\/\",\"name\":\"Modulo Painel de LED P4 Exteriores | Tela de Ata Resolu\u00e7\u00e3o para Publicidade Externa |TELALED\",\"isPartOf\":{\"@id\":\"https:\\\/\\\/www.telaled.com\\\/#website\"},\"primaryImageOfPage\":{\"@id\":\"https:\\\/\\\/www.telaled.com\\\/fabrica\\\/modulo-painel-de-led-p4-exteriores\\\/#primaryimage\"},\"image\":{\"@id\":\"https:\\\/\\\/www.telaled.com\\\/fabrica\\\/modulo-painel-de-led-p4-exteriores\\\/#primaryimage\"},\"thumbnailUrl\":\"https:\\\/\\\/www.telaled.com\\\/wp-content\\\/uploads\\\/2025\\\/07\\\/modulo-painel-de-led-p4-exteriores-1-1.webp\",\"datePublished\":\"2025-07-14T03:51:55+00:00\",\"dateModified\":\"2026-01-02T08:46:54+00:00\",\"description\":\"Atualize sua sinaliza\u00e7\u00e3o externa com nosso Modulo Painel de LED P4 Exteriores. Com uma densidade de pixels de 4 mm, ele oferece imagens n\u00edtidas mesmo \u00e0 luz do dia. Criado para durabilidade e desempenho de longo prazo. Fa\u00e7a uma cota\u00e7\u00e3o agora!\",\"breadcrumb\":{\"@id\":\"https:\\\/\\\/www.telaled.com\\\/fabrica\\\/modulo-painel-de-led-p4-exteriores\\\/#breadcrumb\"},\"inLanguage\":\"es\",\"potentialAction\":[{\"@type\":\"ReadAction\",\"target\":[\"https:\\\/\\\/www.telaled.com\\\/fabrica\\\/modulo-painel-de-led-p4-exteriores\\\/\"]}]},{\"@type\":\"ImageObject\",\"inLanguage\":\"es\",\"@id\":\"https:\\\/\\\/www.telaled.com\\\/fabrica\\\/modulo-painel-de-led-p4-exteriores\\\/#primaryimage\",\"url\":\"https:\\\/\\\/www.telaled.com\\\/wp-content\\\/uploads\\\/2025\\\/07\\\/modulo-painel-de-led-p4-exteriores-1-1.webp\",\"contentUrl\":\"https:\\\/\\\/www.telaled.com\\\/wp-content\\\/uploads\\\/2025\\\/07\\\/modulo-painel-de-led-p4-exteriores-1-1.webp\",\"width\":500,\"height\":500,\"caption\":\"modulo-painel-de-led-p4-exteriores (1)\"},{\"@type\":\"BreadcrumbList\",\"@id\":\"https:\\\/\\\/www.telaled.com\\\/fabrica\\\/modulo-painel-de-led-p4-exteriores\\\/#breadcrumb\",\"itemListElement\":[{\"@type\":\"ListItem\",\"position\":1,\"name\":\"Home\",\"item\":\"https:\\\/\\\/www.telaled.com\\\/\"},{\"@type\":\"ListItem\",\"position\":2,\"name\":\"Produtos\",\"item\":\"https:\\\/\\\/www.telaled.com\\\/shop\\\/\"},{\"@type\":\"ListItem\",\"position\":3,\"name\":\"Modulo Painel de LED P4 Exteriores\"}]},{\"@type\":\"WebSite\",\"@id\":\"https:\\\/\\\/www.telaled.com\\\/#website\",\"url\":\"https:\\\/\\\/www.telaled.com\\\/\",\"name\":\"TELALED\",\"description\":\"\",\"potentialAction\":[{\"@type\":\"SearchAction\",\"target\":{\"@type\":\"EntryPoint\",\"urlTemplate\":\"https:\\\/\\\/www.telaled.com\\\/?s={search_term_string}\"},\"query-input\":{\"@type\":\"PropertyValueSpecification\",\"valueRequired\":true,\"valueName\":\"search_term_string\"}}],\"inLanguage\":\"es\"}]}<\/script>\n<!-- \/ Yoast SEO plugin. -->","yoast_head_json":{"title":"M\u00f3dulo de panel LED para exteriores P4 | Pantalla de alta resoluci\u00f3n para publicidad exterior | TELADED","description":"Actualice su se\u00f1alizaci\u00f3n exterior con nuestro m\u00f3dulo de panel LED P4 para exteriores. Con una distancia entre p\u00edxeles de 4 mm, ofrece im\u00e1genes n\u00edtidas incluso a la luz del d\u00eda. Dise\u00f1ado para ofrecer durabilidad y rendimiento a largo plazo. \u00a1Solicite un presupuesto ahora!","robots":{"index":"index","follow":"follow","max-snippet":"max-snippet:-1","max-image-preview":"max-image-preview:large","max-video-preview":"max-video-preview:-1"},"canonical":"https:\/\/www.telaled.com\/es\/fabrica\/modulo-painel-de-led-p4-exteriores\/","og_locale":"es_ES","og_type":"article","og_title":"Modulo Painel de LED P4 Exteriores | Tela de Ata Resolu\u00e7\u00e3o para Publicidade Externa |TELALED","og_description":"Atualize sua sinaliza\u00e7\u00e3o externa com nosso Modulo Painel de LED P4 Exteriores. Com uma densidade de pixels de 4 mm, ele oferece imagens n\u00edtidas mesmo \u00e0 luz do dia. Criado para durabilidade e desempenho de longo prazo. Fa\u00e7a uma cota\u00e7\u00e3o agora!","og_url":"https:\/\/www.telaled.com\/es\/fabrica\/modulo-painel-de-led-p4-exteriores\/","og_site_name":"TELALED","article_modified_time":"2026-01-02T08:46:54+00:00","og_image":[{"width":500,"height":500,"url":"https:\/\/www.telaled.com\/wp-content\/uploads\/2025\/07\/modulo-painel-de-led-p4-exteriores-1-1.webp","type":"image\/webp"}],"twitter_card":"summary_large_image","twitter_misc":{"Tiempo de lectura":"2 minutos"},"schema":{"@context":"https:\/\/schema.org","@graph":[{"@type":"WebPage","@id":"https:\/\/www.telaled.com\/fabrica\/modulo-painel-de-led-p4-exteriores\/","url":"https:\/\/www.telaled.com\/fabrica\/modulo-painel-de-led-p4-exteriores\/","name":"M\u00f3dulo de panel LED para exteriores P4 | Pantalla de alta resoluci\u00f3n para publicidad exterior | TELADED","isPartOf":{"@id":"https:\/\/www.telaled.com\/#website"},"primaryImageOfPage":{"@id":"https:\/\/www.telaled.com\/fabrica\/modulo-painel-de-led-p4-exteriores\/#primaryimage"},"image":{"@id":"https:\/\/www.telaled.com\/fabrica\/modulo-painel-de-led-p4-exteriores\/#primaryimage"},"thumbnailUrl":"https:\/\/www.telaled.com\/wp-content\/uploads\/2025\/07\/modulo-painel-de-led-p4-exteriores-1-1.webp","datePublished":"2025-07-14T03:51:55+00:00","dateModified":"2026-01-02T08:46:54+00:00","description":"Actualice su se\u00f1alizaci\u00f3n exterior con nuestro m\u00f3dulo de panel LED P4 para exteriores. Con una distancia entre p\u00edxeles de 4 mm, ofrece im\u00e1genes n\u00edtidas incluso a la luz del d\u00eda. Dise\u00f1ado para ofrecer durabilidad y rendimiento a largo plazo. \u00a1Solicite un presupuesto ahora!","breadcrumb":{"@id":"https:\/\/www.telaled.com\/fabrica\/modulo-painel-de-led-p4-exteriores\/#breadcrumb"},"inLanguage":"es","potentialAction":[{"@type":"ReadAction","target":["https:\/\/www.telaled.com\/fabrica\/modulo-painel-de-led-p4-exteriores\/"]}]},{"@type":"ImageObject","inLanguage":"es","@id":"https:\/\/www.telaled.com\/fabrica\/modulo-painel-de-led-p4-exteriores\/#primaryimage","url":"https:\/\/www.telaled.com\/wp-content\/uploads\/2025\/07\/modulo-painel-de-led-p4-exteriores-1-1.webp","contentUrl":"https:\/\/www.telaled.com\/wp-content\/uploads\/2025\/07\/modulo-painel-de-led-p4-exteriores-1-1.webp","width":500,"height":500,"caption":"modulo-painel-de-led-p4-exteriores (1)"},{"@type":"BreadcrumbList","@id":"https:\/\/www.telaled.com\/fabrica\/modulo-painel-de-led-p4-exteriores\/#breadcrumb","itemListElement":[{"@type":"ListItem","position":1,"name":"Home","item":"https:\/\/www.telaled.com\/"},{"@type":"ListItem","position":2,"name":"Produtos","item":"https:\/\/www.telaled.com\/shop\/"},{"@type":"ListItem","position":3,"name":"Modulo Painel de LED P4 Exteriores"}]},{"@type":"WebSite","@id":"https:\/\/www.telaled.com\/#website","url":"https:\/\/www.telaled.com\/","name":"Pantalla LED","description":"","potentialAction":[{"@type":"SearchAction","target":{"@type":"EntryPoint","urlTemplate":"https:\/\/www.telaled.com\/?s={search_term_string}"},"query-input":{"@type":"PropertyValueSpecification","valueRequired":true,"valueName":"search_term_string"}}],"inLanguage":"es"}]}},"_links":{"self":[{"href":"https:\/\/www.telaled.com\/es\/wp-json\/wp\/v2\/product\/2542","targetHints":{"allow":["GET"]}}],"collection":[{"href":"https:\/\/www.telaled.com\/es\/wp-json\/wp\/v2\/product"}],"about":[{"href":"https:\/\/www.telaled.com\/es\/wp-json\/wp\/v2\/types\/product"}],"wp:featuredmedia":[{"embeddable":true,"href":"https:\/\/www.telaled.com\/es\/wp-json\/wp\/v2\/media\/2700"}],"wp:attachment":[{"href":"https:\/\/www.telaled.com\/es\/wp-json\/wp\/v2\/media?parent=2542"}],"wp:term":[{"taxonomy":"product_brand","embeddable":true,"href":"https:\/\/www.telaled.com\/es\/wp-json\/wp\/v2\/product_brand?post=2542"},{"taxonomy":"product_cat","embeddable":true,"href":"https:\/\/www.telaled.com\/es\/wp-json\/wp\/v2\/product_cat?post=2542"},{"taxonomy":"product_tag","embeddable":true,"href":"https:\/\/www.telaled.com\/es\/wp-json\/wp\/v2\/product_tag?post=2542"}],"curies":[{"name":"gracias","href":"https:\/\/api.w.org\/{rel}","templated":true}]}}