{"id":2511,"date":"2025-07-10T09:00:47","date_gmt":"2025-07-10T09:00:47","guid":{"rendered":"https:\/\/www.telaled.com\/?post_type=product&#038;p=2511"},"modified":"2026-01-02T08:24:47","modified_gmt":"2026-01-02T08:24:47","slug":"modulo-painel-de-led-p3-076","status":"publish","type":"product","link":"https:\/\/www.telaled.com\/es\/fabrica\/modulo-painel-de-led-p3-076\/","title":{"rendered":"M\u00f3dulo de panel LED P3.076"},"content":{"rendered":"<div id=\"featurebullets_feature_div\" class=\"celwidget\" data-feature-name=\"featurebullets\" data-csa-c-type=\"widget\" data-csa-c-content-id=\"featurebullets\" data-csa-c-slot-id=\"featurebullets_feature_div\" data-csa-c-asin=\"B07DF32D6Q\" data-csa-c-is-in-initial-active-row=\"false\" data-csa-c-id=\"3j0pnl-7cjnp-9t8psx-tspeog\">\n<div id=\"feature-bullets\" class=\"a-section a-spacing-medium a-spacing-top-small\">\n<div data-zone-id=\"0\" data-line-index=\"0\" data-line=\"true\">\n<p><strong>Aplicaciones principales:<\/strong><\/p>\n<ul>\n<li><strong>Paneles exteriores:<\/strong> Ideal para centros urbanos y anuncios en carretera con p\u00fablico cercano. Im\u00e1genes n\u00edtidas para texto, video y branding.<strong><br \/><\/strong><\/li>\n<li><strong>Exhibidores minoristas: <\/strong>Utilizado en <a href=\"https:\/\/www.telaled.com\/es\/led-para-vitrine-de-loja\/\">escaparates<\/a> y fachadas de edificios para mostrar promociones y anuncios digitales en zonas peatonales de alto tr\u00e1fico.<strong><br \/><\/strong><\/li>\n<li><strong>Centros de transporte: <\/strong>Perfecto para informaci\u00f3n y anuncios en tiempo real en aeropuertos, estaciones de tren y terminales donde la claridad a corta distancia es importante.<strong><br \/><\/strong><\/li>\n<li><strong>Estadios y recintos <a href=\"https:\/\/www.telaled.com\/es\/painel-de-led-para-eventos\/\">eventos<\/a>:<\/strong> Muestre el contenido de los patrocinadores y las transmisiones en vivo en tableros perimetrales o zonas para fan\u00e1ticos al aire libre con n\u00edtidos detalles.<strong><br \/><\/strong><\/li>\n<li><strong>Visualizaci\u00f3n de informaci\u00f3n p\u00fablica: <\/strong>Utilizado por oficinas gubernamentales para alertas, actualizaciones de tr\u00e1fico y anuncios de espacios abiertos.<\/li>\n<\/ul>\n<p><strong>Tecnolog\u00eda probada:<\/strong><\/p>\n<ul>\n<li>IP40\/IP50 \u2013 Resistencia al polvo y a la humedad.<\/li>\n<li>Gradiente de 16 bits (281 billones de colores). \u2013 Fotorrealista.<\/li>\n<li>Certificaci\u00f3n CE\/RoHS\/ISO9001 \u2013 Calidad industrial garantizada.<\/li>\n<\/ul>\n<p><img loading=\"lazy\" decoding=\"async\" class=\"alignnone wp-image-2017 size-full\" src=\"https:\/\/www.telaled.com\/wp-content\/uploads\/2023\/06\/quality-led-module-materials-1.webp\" alt=\"Materiales de calidad para m\u00f3dulos LED\" width=\"768\" height=\"555\" srcset=\"https:\/\/www.telaled.com\/wp-content\/uploads\/2023\/06\/quality-led-module-materials-1.webp 768w, https:\/\/www.telaled.com\/wp-content\/uploads\/2023\/06\/quality-led-module-materials-1-300x217.webp 300w, https:\/\/www.telaled.com\/wp-content\/uploads\/2023\/06\/quality-led-module-materials-1-18x12.webp 18w, https:\/\/www.telaled.com\/wp-content\/uploads\/2023\/06\/quality-led-module-materials-1-600x434.webp 600w\" sizes=\"auto, (max-width: 768px) 100vw, 768px\" \/><\/p>\n<\/div>\n<\/div>\n<\/div>\n<div data-feature-name=\"acf-carousel\" data-csa-c-type=\"widget\" data-csa-c-content-id=\"acf-carousel\" data-csa-c-slot-id=\"acf-carousel_feature_div\" data-csa-c-asin=\"B07DF32D6Q\" data-csa-c-is-in-initial-active-row=\"false\" data-csa-c-id=\"oqpgyr-mh4egp-nntzd2-kyiiqq\">\n<table id=\"tablepress-25\" class=\"tablepress tablepress-id-25\">\n<thead>\n<tr class=\"row-1\">\n\t<th colspan=\"4\" class=\"column-1\">Detalles t\u00e9cnicos<\/th>\n<\/tr>\n<\/thead>\n<tbody class=\"row-striping row-hover\">\n<tr class=\"row-2\">\n\t<td class=\"column-1\">N\u00famero de modelo<\/td><td class=\"column-2\">M\u00f3dulo de panel LED TL \u2013 P3.076<\/td><td class=\"column-3\"><\/td><td class=\"column-4\"><\/td>\n<\/tr>\n<tr class=\"row-3\">\n\t<td class=\"column-1\">Nombre de marca<\/td><td class=\"column-2\">Fabricante de TELALED<\/td><td class=\"column-3\">Planitud de la pantalla<\/td><td class=\"column-4\">&lt;\u00b11 mm<\/td>\n<\/tr>\n<tr class=\"row-4\">\n\t<td class=\"column-1\">Lugar de origen<\/td><td class=\"column-2\">Guangdong, China<\/td><td class=\"column-3\">Tiempo medio entre fallos (MTBF)<\/td><td class=\"column-4\">10.000 horas<\/td>\n<\/tr>\n<tr class=\"row-5\">\n\t<td class=\"column-1\">Distancia de p\u00edxeles<\/td><td class=\"column-2\">P3.076<\/td><td class=\"column-3\">Vida \u00fatil<\/td><td class=\"column-4\">100.000 horas<\/td>\n<\/tr>\n<tr class=\"row-6\">\n\t<td class=\"column-1\">Distancia m\u00ednima de visualizaci\u00f3n<\/td><td class=\"column-2\">3 metros<\/td><td class=\"column-3\">Voltaje de funcionamiento de la pantalla<\/td><td class=\"column-4\">CA 46 ~ 54 Hz, 220 V \u00b1 151 TP3T\/110 V \u00b1 151 TP3T<\/td>\n<\/tr>\n<tr class=\"row-7\">\n\t<td class=\"column-1\">Configuraci\u00f3n de LED<\/td><td class=\"column-2\">SMD2121<\/td><td class=\"column-3\">Atenuaci\u00f3n de la luz<\/td><td class=\"column-4\">&lt;3%<\/td>\n<\/tr>\n<tr class=\"row-8\">\n\t<td class=\"column-1\">Resoluci\u00f3n del m\u00f3dulo<\/td><td class=\"column-2\">104\u00d752 p\u00edxeles<\/td><td class=\"column-3\">Corriente de fuga<\/td><td class=\"column-4\">&lt;3 mA<\/td>\n<\/tr>\n<tr class=\"row-9\">\n\t<td class=\"column-1\">P\u00edxeles del m\u00f3dulo<\/td><td class=\"column-2\">5408 p\u00edxeles<\/td><td class=\"column-3\">5408 p\u00edxeles<\/td><td class=\"column-4\">Trasero: IP40 \/ Delantero: IP50<\/td>\n<\/tr>\n<tr class=\"row-10\">\n\t<td class=\"column-1\">Tama\u00f1o del m\u00f3dulo<\/td><td class=\"column-2\">Ancho 320 mm x Alto 160 mm x Profundidad 17<\/td><td class=\"column-3\">Temperatura y humedad del ambiente de trabajo<\/td><td class=\"column-4\">Temperatura: -20 \u00b0C ~ +60 \u00b0C \/ Humedad: 10% ~ 90% RH<\/td>\n<\/tr>\n<tr class=\"row-11\">\n\t<td class=\"column-1\">Tama\u00f1o del gabinete<\/td><td class=\"column-2\">640 mm x 640 mm<\/td><td class=\"column-3\">Medios compatibles<\/td><td class=\"column-4\">Datos t\u00e9cnicos, Fotos, Modelos CAD, V\u00eddeo<\/td>\n<\/tr>\n<tr class=\"row-12\">\n\t<td class=\"column-1\">Configuraci\u00f3n de p\u00edxeles<\/td><td class=\"column-2\">SMD3 en 1, color completo R\/G\/B 1:1:1<\/td><td class=\"column-3\">Funci\u00f3n<\/td><td class=\"column-4\">Kit de desarrollo de software (SDK)<\/td>\n<\/tr>\n<tr class=\"row-13\">\n\t<td class=\"column-1\">Brillo equilibrado<\/td><td class=\"column-2\">1000 cd\/m\u00b2 (interior)<\/td><td class=\"column-3\">Modo de control<\/td><td class=\"column-4\">Sincronizaci\u00f3n v\u00eda DVI con PC de control<\/td>\n<\/tr>\n<tr class=\"row-14\">\n\t<td class=\"column-1\">M\u00e9todo de conducci\u00f3n<\/td><td class=\"column-2\">escaneo de 1\/26<\/td><td class=\"column-3\">Software compatible<\/td><td class=\"column-4\">Windows XP\/W7\/Vista<\/td>\n<\/tr>\n<tr class=\"row-15\">\n\t<td class=\"column-1\">Tasa de actualizaci\u00f3n<\/td><td class=\"column-2\">\u22651920 Hz<\/td><td class=\"column-3\">Sistema de control<\/td><td class=\"column-4\">Tarjeta DVI + controlador a todo color + fibra \u00f3ptica (opcional)<\/td>\n<\/tr>\n<tr class=\"row-16\">\n\t<td class=\"column-1\">Frecuencia de detecci\u00f3n de cambios<\/td><td class=\"column-2\">50-60 Hz<\/td><td class=\"column-3\">Marca del sistema de control principal<\/td><td class=\"column-4\">Novastar, Linsn, Huidu, Colorlight<\/td>\n<\/tr>\n<tr class=\"row-17\">\n\t<td class=\"column-1\">\u00c1ngulo de visi\u00f3n<\/td><td class=\"column-2\">H140\u00b0 V120\u00b0<\/td><td class=\"column-3\">Interfaz<\/td><td class=\"column-4\">Ethernet est\u00e1ndar<\/td>\n<\/tr>\n<tr class=\"row-18\">\n\t<td class=\"column-1\">Tasa de luz inactiva<\/td><td class=\"column-2\">\u22641%<\/td><td class=\"column-3\">Distancia de transmisi\u00f3n<\/td><td class=\"column-4\">Fibra multimodo <500m >\n<\/tr>\n<tr class=\"row-19\">\n\t<td class=\"column-1\">Desperdicio de energ\u00eda<\/td><td class=\"column-2\">700*1000 W\/M2<\/td><td class=\"column-3\">Garantizar<\/td><td class=\"column-4\">5 a\u00f1os<\/td>\n<\/tr>\n<tr class=\"row-20\">\n\t<td class=\"column-1\">Consumo promedio de energ\u00eda<\/td><td class=\"column-2\">500 W\/m2<\/td><td class=\"column-3\">Tipo de proveedor<\/td><td class=\"column-4\">Fabricante original\/ODM\/OEM<\/td>\n<\/tr>\n<tr class=\"row-21\">\n\t<td class=\"column-1\">Nivel de gris<\/td><td class=\"column-2\">16 bits (281 billones de colores) \/ 65.536 tonos por color primario<\/td><td class=\"column-3\">El tiempo de entrega<\/td><td class=\"column-4\">25 (o negociable)<\/td>\n<\/tr>\n<tr class=\"row-22\">\n\t<td class=\"column-1\">Color de la pantalla<\/td><td class=\"column-2\">16 millones<\/td><td class=\"column-3\">Solicitud<\/td><td class=\"column-4\">Publicidad\/Interior\/Exterior<\/td>\n<\/tr>\n<tr class=\"row-23\">\n\t<td class=\"column-1\">Horario de trabajo ininterrumpido<\/td><td class=\"column-2\">\u226572 horas<\/td><td class=\"column-3\">Usar<\/td><td class=\"column-4\">Publicidad digital, centros comerciales, displays de bienvenida, salas de exposiciones, aeropuertos, iglesias, deportes, eventos, reuniones, alquileres, escenarios, automoci\u00f3n, comercio minorista, bodas<\/td>\n<\/tr>\n<tr class=\"row-24\">\n\t<td class=\"column-1\">Tasa de punto ciego discreto<\/td><td class=\"column-2\"><1><td class=\"column-3\">Detalles del embalaje<\/td><td class=\"column-4\">Caja de cart\u00f3n reforzado + madera<\/td>\n<\/tr>\n<tr class=\"row-25\">\n\t<td class=\"column-1\">Tasa de punto ciego continuo<\/td><td class=\"column-2\">Ninguno<\/td><td class=\"column-3\">Capacidad de suministro<\/td><td class=\"column-4\">5.000 unidades\/mes<\/td>\n<\/tr>\n<tr class=\"row-26\">\n\t<td class=\"column-1\">Tasa de punto ciego<\/td><td class=\"column-2\"><1><td class=\"column-3\">Puerto<\/td><td class=\"column-4\">Shenzhen<\/td>\n<\/tr>\n<\/tbody>\n<\/table>\n<\/div>\n<div id=\"provenanceCertifications_feature_div\" class=\"celwidget\" data-feature-name=\"provenanceCertifications\" data-csa-c-type=\"widget\" data-csa-c-content-id=\"provenanceCertifications\" data-csa-c-slot-id=\"provenanceCertifications_feature_div\" data-csa-c-asin=\"B07DF32D6Q\" data-csa-c-is-in-initial-active-row=\"false\" data-csa-c-id=\"6t8ho-xbknmj-nqaso5-ne24gd\">\n<div id=\"provenance-certifications\" class=\"a-section a-spacing-medium a-spacing-top-micro\">\u00a0<\/div>\n<\/div>","protected":false},"excerpt":{"rendered":"<p><strong>M\u00f3dulo de panel LED P3.076<\/strong> para im\u00e1genes n\u00edtidas y de alta densidad en exteriores<\/p>\n<p>EL <strong>M\u00f3dulo de panel LED P3.076<\/strong> Fue desarrollado para proporcionar im\u00e1genes n\u00edtidas y de alta densidad en exteriores. Con un <a href=\"https:\/\/www.telaled.com\/es\/pixel-pitch\/\">paso de p\u00edxeles<\/a> Con sus 3076 mm, ofrece contenido n\u00edtido incluso a corta distancia. Ya sea que est\u00e9 actualizando una valla publicitaria, un mural de video o la se\u00f1alizaci\u00f3n de un comercio, este m\u00f3dulo combina precisi\u00f3n, durabilidad y f\u00e1cil integraci\u00f3n.<\/p>\n<p><strong>Beneficios principales:<\/strong><br \/>\n<strong><br \/>\n\u2714 Salida de alta resoluci\u00f3n (paso de p\u00edxeles de 3076 mm): <\/strong>Ofrece im\u00e1genes claras incluso a una distancia de visualizaci\u00f3n de 3 a 5 metros.<strong><br \/>\n<\/strong><\/p>\n<p><strong>\u2714 Brillo y vitalidad a la luz del sol: <\/strong>El alto brillo (m\u00e1s de 5000 nits) y los fuertes contrastes mantienen el contenido claro y visible a la luz del d\u00eda.<strong><br \/>\n<\/strong><\/p>\n<p><strong>\u2714 Dise\u00f1ado para condiciones clim\u00e1ticas adversas: <\/strong>La parte trasera IP40, la frontal IP50 para resistencia al agua y al polvo.<strong><br \/>\n<\/strong><\/p>\n<p><strong>\u2714 <a href=\"https:\/\/www.telaled.com\/es\/fabrica\/painel-led-economizador-de-energia-serie-toc\/\">Eficiencia energ\u00e9tica<\/a> y de bajo mantenimiento:<\/strong> Dise\u00f1o de bajo consumo con LED de larga duraci\u00f3n. F\u00e1ciles reparaciones modulares en la parte frontal o trasera para reducir el tiempo de inactividad.<strong><br \/>\n<\/strong><\/p>","protected":false},"featured_media":2696,"template":"","meta":[],"product_brand":[],"product_cat":[41],"product_tag":[],"class_list":{"0":"post-2511","1":"product","2":"type-product","3":"status-publish","4":"has-post-thumbnail","6":"product_cat-modulo-painel-de-led","8":"first","9":"instock","10":"shipping-taxable","11":"product-type-simple"},"yoast_head":"<!-- This site is optimized with the Yoast SEO plugin v27.5 - https:\/\/yoast.com\/product\/yoast-seo-wordpress\/ -->\n<title>Modulo Painel de LED P3.076 | Painel de LED de Alta Precis\u00e3o para Exterior |TELALED<\/title>\n<meta name=\"description\" content=\"Obtenha um Modulo Painel de LED P3.076 confi\u00e1vel para displays digitais externos. Visuais n\u00edtidos, desempenho est\u00e1vel e f\u00e1cil manuten\u00e7\u00e3o. Solicite uma cota\u00e7\u00e3o hoje mesmo!\" \/>\n<meta name=\"robots\" content=\"index, follow, max-snippet:-1, max-image-preview:large, max-video-preview:-1\" \/>\n<link rel=\"canonical\" href=\"https:\/\/www.telaled.com\/es\/fabrica\/modulo-painel-de-led-p3-076\/\" \/>\n<meta property=\"og:locale\" content=\"es_ES\" \/>\n<meta property=\"og:type\" content=\"article\" \/>\n<meta property=\"og:title\" content=\"Modulo Painel de LED P3.076 | Painel de LED de Alta Precis\u00e3o para Exterior |TELALED\" \/>\n<meta property=\"og:description\" content=\"Obtenha um Modulo Painel de LED P3.076 confi\u00e1vel para displays digitais externos. Visuais n\u00edtidos, desempenho est\u00e1vel e f\u00e1cil manuten\u00e7\u00e3o. Solicite uma cota\u00e7\u00e3o hoje mesmo!\" \/>\n<meta property=\"og:url\" content=\"https:\/\/www.telaled.com\/es\/fabrica\/modulo-painel-de-led-p3-076\/\" \/>\n<meta property=\"og:site_name\" content=\"TELALED\" \/>\n<meta property=\"article:modified_time\" content=\"2026-01-02T08:24:47+00:00\" \/>\n<meta property=\"og:image\" content=\"https:\/\/www.telaled.com\/wp-content\/uploads\/2025\/07\/modulo-painel-de-led-p3.076-2-1.webp\" \/>\n\t<meta property=\"og:image:width\" content=\"500\" \/>\n\t<meta property=\"og:image:height\" content=\"500\" \/>\n\t<meta property=\"og:image:type\" content=\"image\/webp\" \/>\n<meta name=\"twitter:card\" content=\"summary_large_image\" \/>\n<meta name=\"twitter:label1\" content=\"Tiempo de lectura\" \/>\n\t<meta name=\"twitter:data1\" content=\"2 minutos\" \/>\n<script type=\"application\/ld+json\" class=\"yoast-schema-graph\">{\"@context\":\"https:\\\/\\\/schema.org\",\"@graph\":[{\"@type\":\"WebPage\",\"@id\":\"https:\\\/\\\/www.telaled.com\\\/fabrica\\\/modulo-painel-de-led-p3-076\\\/\",\"url\":\"https:\\\/\\\/www.telaled.com\\\/fabrica\\\/modulo-painel-de-led-p3-076\\\/\",\"name\":\"Modulo Painel de LED P3.076 | Painel de LED de Alta Precis\u00e3o para Exterior |TELALED\",\"isPartOf\":{\"@id\":\"https:\\\/\\\/www.telaled.com\\\/#website\"},\"primaryImageOfPage\":{\"@id\":\"https:\\\/\\\/www.telaled.com\\\/fabrica\\\/modulo-painel-de-led-p3-076\\\/#primaryimage\"},\"image\":{\"@id\":\"https:\\\/\\\/www.telaled.com\\\/fabrica\\\/modulo-painel-de-led-p3-076\\\/#primaryimage\"},\"thumbnailUrl\":\"https:\\\/\\\/www.telaled.com\\\/wp-content\\\/uploads\\\/2025\\\/07\\\/modulo-painel-de-led-p3.076-2-1.webp\",\"datePublished\":\"2025-07-10T09:00:47+00:00\",\"dateModified\":\"2026-01-02T08:24:47+00:00\",\"description\":\"Obtenha um Modulo Painel de LED P3.076 confi\u00e1vel para displays digitais externos. Visuais n\u00edtidos, desempenho est\u00e1vel e f\u00e1cil manuten\u00e7\u00e3o. Solicite uma cota\u00e7\u00e3o hoje mesmo!\",\"breadcrumb\":{\"@id\":\"https:\\\/\\\/www.telaled.com\\\/fabrica\\\/modulo-painel-de-led-p3-076\\\/#breadcrumb\"},\"inLanguage\":\"es\",\"potentialAction\":[{\"@type\":\"ReadAction\",\"target\":[\"https:\\\/\\\/www.telaled.com\\\/fabrica\\\/modulo-painel-de-led-p3-076\\\/\"]}]},{\"@type\":\"ImageObject\",\"inLanguage\":\"es\",\"@id\":\"https:\\\/\\\/www.telaled.com\\\/fabrica\\\/modulo-painel-de-led-p3-076\\\/#primaryimage\",\"url\":\"https:\\\/\\\/www.telaled.com\\\/wp-content\\\/uploads\\\/2025\\\/07\\\/modulo-painel-de-led-p3.076-2-1.webp\",\"contentUrl\":\"https:\\\/\\\/www.telaled.com\\\/wp-content\\\/uploads\\\/2025\\\/07\\\/modulo-painel-de-led-p3.076-2-1.webp\",\"width\":500,\"height\":500,\"caption\":\"modulo-painel-de-led-p3.076 (2)\"},{\"@type\":\"BreadcrumbList\",\"@id\":\"https:\\\/\\\/www.telaled.com\\\/fabrica\\\/modulo-painel-de-led-p3-076\\\/#breadcrumb\",\"itemListElement\":[{\"@type\":\"ListItem\",\"position\":1,\"name\":\"Home\",\"item\":\"https:\\\/\\\/www.telaled.com\\\/\"},{\"@type\":\"ListItem\",\"position\":2,\"name\":\"Produtos\",\"item\":\"https:\\\/\\\/www.telaled.com\\\/shop\\\/\"},{\"@type\":\"ListItem\",\"position\":3,\"name\":\"Modulo Painel de LED P3.076\"}]},{\"@type\":\"WebSite\",\"@id\":\"https:\\\/\\\/www.telaled.com\\\/#website\",\"url\":\"https:\\\/\\\/www.telaled.com\\\/\",\"name\":\"TELALED\",\"description\":\"\",\"potentialAction\":[{\"@type\":\"SearchAction\",\"target\":{\"@type\":\"EntryPoint\",\"urlTemplate\":\"https:\\\/\\\/www.telaled.com\\\/?s={search_term_string}\"},\"query-input\":{\"@type\":\"PropertyValueSpecification\",\"valueRequired\":true,\"valueName\":\"search_term_string\"}}],\"inLanguage\":\"es\"}]}<\/script>\n<!-- \/ Yoast SEO plugin. -->","yoast_head_json":{"title":"M\u00f3dulo de panel LED P3.076 | Panel LED de alta precisi\u00f3n para exteriores | TELALED","description":"Consiga un m\u00f3dulo de panel LED P3.076 confiable para pantallas digitales de exterior. Im\u00e1genes n\u00edtidas, rendimiento estable y f\u00e1cil mantenimiento. \u00a1Solicite un presupuesto hoy mismo!","robots":{"index":"index","follow":"follow","max-snippet":"max-snippet:-1","max-image-preview":"max-image-preview:large","max-video-preview":"max-video-preview:-1"},"canonical":"https:\/\/www.telaled.com\/es\/fabrica\/modulo-painel-de-led-p3-076\/","og_locale":"es_ES","og_type":"article","og_title":"Modulo Painel de LED P3.076 | Painel de LED de Alta Precis\u00e3o para Exterior |TELALED","og_description":"Obtenha um Modulo Painel de LED P3.076 confi\u00e1vel para displays digitais externos. Visuais n\u00edtidos, desempenho est\u00e1vel e f\u00e1cil manuten\u00e7\u00e3o. Solicite uma cota\u00e7\u00e3o hoje mesmo!","og_url":"https:\/\/www.telaled.com\/es\/fabrica\/modulo-painel-de-led-p3-076\/","og_site_name":"TELALED","article_modified_time":"2026-01-02T08:24:47+00:00","og_image":[{"width":500,"height":500,"url":"https:\/\/www.telaled.com\/wp-content\/uploads\/2025\/07\/modulo-painel-de-led-p3.076-2-1.webp","type":"image\/webp"}],"twitter_card":"summary_large_image","twitter_misc":{"Tiempo de lectura":"2 minutos"},"schema":{"@context":"https:\/\/schema.org","@graph":[{"@type":"WebPage","@id":"https:\/\/www.telaled.com\/fabrica\/modulo-painel-de-led-p3-076\/","url":"https:\/\/www.telaled.com\/fabrica\/modulo-painel-de-led-p3-076\/","name":"M\u00f3dulo de panel LED P3.076 | Panel LED de alta precisi\u00f3n para exteriores | TELALED","isPartOf":{"@id":"https:\/\/www.telaled.com\/#website"},"primaryImageOfPage":{"@id":"https:\/\/www.telaled.com\/fabrica\/modulo-painel-de-led-p3-076\/#primaryimage"},"image":{"@id":"https:\/\/www.telaled.com\/fabrica\/modulo-painel-de-led-p3-076\/#primaryimage"},"thumbnailUrl":"https:\/\/www.telaled.com\/wp-content\/uploads\/2025\/07\/modulo-painel-de-led-p3.076-2-1.webp","datePublished":"2025-07-10T09:00:47+00:00","dateModified":"2026-01-02T08:24:47+00:00","description":"Consiga un m\u00f3dulo de panel LED P3.076 confiable para pantallas digitales de exterior. Im\u00e1genes n\u00edtidas, rendimiento estable y f\u00e1cil mantenimiento. \u00a1Solicite un presupuesto hoy mismo!","breadcrumb":{"@id":"https:\/\/www.telaled.com\/fabrica\/modulo-painel-de-led-p3-076\/#breadcrumb"},"inLanguage":"es","potentialAction":[{"@type":"ReadAction","target":["https:\/\/www.telaled.com\/fabrica\/modulo-painel-de-led-p3-076\/"]}]},{"@type":"ImageObject","inLanguage":"es","@id":"https:\/\/www.telaled.com\/fabrica\/modulo-painel-de-led-p3-076\/#primaryimage","url":"https:\/\/www.telaled.com\/wp-content\/uploads\/2025\/07\/modulo-painel-de-led-p3.076-2-1.webp","contentUrl":"https:\/\/www.telaled.com\/wp-content\/uploads\/2025\/07\/modulo-painel-de-led-p3.076-2-1.webp","width":500,"height":500,"caption":"modulo-painel-de-led-p3.076 (2)"},{"@type":"BreadcrumbList","@id":"https:\/\/www.telaled.com\/fabrica\/modulo-painel-de-led-p3-076\/#breadcrumb","itemListElement":[{"@type":"ListItem","position":1,"name":"Home","item":"https:\/\/www.telaled.com\/"},{"@type":"ListItem","position":2,"name":"Produtos","item":"https:\/\/www.telaled.com\/shop\/"},{"@type":"ListItem","position":3,"name":"Modulo Painel de LED P3.076"}]},{"@type":"WebSite","@id":"https:\/\/www.telaled.com\/#website","url":"https:\/\/www.telaled.com\/","name":"Pantalla LED","description":"","potentialAction":[{"@type":"SearchAction","target":{"@type":"EntryPoint","urlTemplate":"https:\/\/www.telaled.com\/?s={search_term_string}"},"query-input":{"@type":"PropertyValueSpecification","valueRequired":true,"valueName":"search_term_string"}}],"inLanguage":"es"}]}},"_links":{"self":[{"href":"https:\/\/www.telaled.com\/es\/wp-json\/wp\/v2\/product\/2511","targetHints":{"allow":["GET"]}}],"collection":[{"href":"https:\/\/www.telaled.com\/es\/wp-json\/wp\/v2\/product"}],"about":[{"href":"https:\/\/www.telaled.com\/es\/wp-json\/wp\/v2\/types\/product"}],"wp:featuredmedia":[{"embeddable":true,"href":"https:\/\/www.telaled.com\/es\/wp-json\/wp\/v2\/media\/2696"}],"wp:attachment":[{"href":"https:\/\/www.telaled.com\/es\/wp-json\/wp\/v2\/media?parent=2511"}],"wp:term":[{"taxonomy":"product_brand","embeddable":true,"href":"https:\/\/www.telaled.com\/es\/wp-json\/wp\/v2\/product_brand?post=2511"},{"taxonomy":"product_cat","embeddable":true,"href":"https:\/\/www.telaled.com\/es\/wp-json\/wp\/v2\/product_cat?post=2511"},{"taxonomy":"product_tag","embeddable":true,"href":"https:\/\/www.telaled.com\/es\/wp-json\/wp\/v2\/product_tag?post=2511"}],"curies":[{"name":"gracias","href":"https:\/\/api.w.org\/{rel}","templated":true}]}}