{"id":1402,"date":"2023-06-08T08:15:42","date_gmt":"2023-06-08T08:15:42","guid":{"rendered":"https:\/\/plum-wolverine-723597.hostingersite.com\/?post_type=product&#038;p=1402"},"modified":"2026-01-02T03:41:52","modified_gmt":"2026-01-02T03:41:52","slug":"modulo-painel-de-led-p1","status":"publish","type":"product","link":"https:\/\/www.telaled.com\/es\/fabrica\/modulo-painel-de-led-p1\/","title":{"rendered":"M\u00f3dulo de panel LED P1"},"content":{"rendered":"<h2>\u00bfPor qu\u00e9 elegir el panel LED P1?<\/h2>\n<p><strong>Alta definici\u00f3n (HD excepcional)<\/strong><br \/>\nPaso de p\u00edxeles de tan solo 1,0 a 1,5 mm, lo que garantiza im\u00e1genes ultran\u00edtidas incluso a distancias cortas. Ideal para <a href=\"https:\/\/www.telaled.com\/es\/led-para-vitrine-de-loja\/\">escaparates<\/a>, salas de control y publicidad premium.<\/p>\n<p><strong>Bajo consumo de energ\u00eda (econom\u00eda inteligente)<\/strong><br \/>\nConsume hasta 50% menos energ\u00eda que los paneles convencionales, reduciendo la factura de electricidad sin sacrificar el brillo (900 nits).<\/p>\n<p><strong>Larga vida \u00fatil (durabilidad comprobada)<\/strong><br \/>\nM\u00e1s de 100.000 horas de uso continuo, con baja degradaci\u00f3n del brillo (&lt;3%), perfecto para aplicaciones comerciales a largo plazo.<\/p>\n<p><strong>F\u00e1cil instalaci\u00f3n y mantenimiento<\/strong><br \/>\nLos m\u00f3dulos estandarizados (320x160mm) permiten un montaje r\u00e1pido y una sustituci\u00f3n individual, minimizando el tiempo de inactividad.<\/p>\n<p><strong>Compatibilidad del controlador (flexibilidad total)<\/strong><br \/>\nSe integra perfectamente con los sistemas Novastar, Huidu y Colorlight, ofreciendo un control de color preciso y sincronizaci\u00f3n para videos din\u00e1micos.<\/p>\n<p><strong style=\"color: #555555; font-size: 14.4px;\">Aplicaciones ideales:<\/strong><\/p>\n<ul>\n<li>Ventanas de centros comerciales (P1 interior: 900 nits)<\/li>\n<li>Estudios de televisi\u00f3n (frecuencia de actualizaci\u00f3n \u22653840 Hz)<\/li>\n<li>Se\u00f1alizaci\u00f3n corporativa (m\u00f3dulo 320x160mm, 51200 p\u00edxeles)<\/li>\n<\/ul>\n<p><img loading=\"lazy\" decoding=\"async\" class=\"alignnone wp-image-2017 size-full\" src=\"https:\/\/www.telaled.com\/wp-content\/uploads\/2023\/06\/quality-led-module-materials-1.webp\" alt=\"Materiales de calidad para m\u00f3dulos LED\" width=\"768\" height=\"555\" srcset=\"https:\/\/www.telaled.com\/wp-content\/uploads\/2023\/06\/quality-led-module-materials-1.webp 768w, https:\/\/www.telaled.com\/wp-content\/uploads\/2023\/06\/quality-led-module-materials-1-300x217.webp 300w, https:\/\/www.telaled.com\/wp-content\/uploads\/2023\/06\/quality-led-module-materials-1-18x12.webp 18w, https:\/\/www.telaled.com\/wp-content\/uploads\/2023\/06\/quality-led-module-materials-1-600x434.webp 600w\" sizes=\"auto, (max-width: 768px) 100vw, 768px\" \/><\/p>\n\n<table id=\"tablepress-2\" class=\"tablepress tablepress-id-2\">\n<thead>\n<tr class=\"row-1\">\n\t<th colspan=\"4\" class=\"column-1\">Detalles t\u00e9cnicos<\/th>\n<\/tr>\n<\/thead>\n<tbody class=\"row-striping row-hover\">\n<tr class=\"row-2\">\n\t<td class=\"column-1\">N\u00famero de modelo<\/td><td class=\"column-2\">M\u00f3dulo de panel LED interior TL-P1<\/td><td class=\"column-3\"><\/td><td class=\"column-4\"><\/td>\n<\/tr>\n<tr class=\"row-3\">\n\t<td class=\"column-1\">Nombre de marca<\/td><td class=\"column-2\">Fabricante de TELALED<\/td><td class=\"column-3\">Planitud de la pantalla<\/td><td class=\"column-4\">&lt;\u00b11 mm<\/td>\n<\/tr>\n<tr class=\"row-4\">\n\t<td class=\"column-1\">Lugar de origen<\/td><td class=\"column-2\">Guangdong, China<\/td><td class=\"column-3\">Tiempo medio entre fallos (MTBF)<\/td><td class=\"column-4\">10.000 horas<\/td>\n<\/tr>\n<tr class=\"row-5\">\n\t<td class=\"column-1\">Distancia de p\u00edxeles<\/td><td class=\"column-2\">P1<\/td><td class=\"column-3\">Vida \u00fatil<\/td><td class=\"column-4\">100.000 horas<\/td>\n<\/tr>\n<tr class=\"row-6\">\n\t<td class=\"column-1\">Distancia m\u00ednima de visualizaci\u00f3n<\/td><td class=\"column-2\">1 metro<\/td><td class=\"column-3\">Voltaje de funcionamiento de la pantalla<\/td><td class=\"column-4\">CA 46 ~ 54 Hz, 220 V \u00b1 151 TP3T\/110 V \u00b1 151 TP3T<\/td>\n<\/tr>\n<tr class=\"row-7\">\n\t<td class=\"column-1\">Configuraci\u00f3n de LED<\/td><td class=\"column-2\">SMD0808<\/td><td class=\"column-3\">Atenuaci\u00f3n de la luz<\/td><td class=\"column-4\">&lt;3%<\/td>\n<\/tr>\n<tr class=\"row-8\">\n\t<td class=\"column-1\">Resoluci\u00f3n del m\u00f3dulo<\/td><td class=\"column-2\">320\u00d7160 p\u00edxeles<\/td><td class=\"column-3\">Corriente de fuga<\/td><td class=\"column-4\">&lt;3 mA<\/td>\n<\/tr>\n<tr class=\"row-9\">\n\t<td class=\"column-1\">P\u00edxeles del m\u00f3dulo<\/td><td class=\"column-2\">51200 p\u00edxeles<\/td><td class=\"column-3\">Clasificaci\u00f3n de protecci\u00f3n IP<\/td><td class=\"column-4\">Trasero: IP40 \/ Delantero: IP50<\/td>\n<\/tr>\n<tr class=\"row-10\">\n\t<td class=\"column-1\">Tama\u00f1o del m\u00f3dulo<\/td><td class=\"column-2\">Ancho 320 mm x Alto 160 mm x Profundidad 13<\/td><td class=\"column-3\">Temperatura y humedad del ambiente de trabajo<\/td><td class=\"column-4\">Temperatura: -20 \u00b0C ~ +60 \u00b0C \/ Humedad: 10% ~ 90% RH<\/td>\n<\/tr>\n<tr class=\"row-11\">\n\t<td class=\"column-1\">Tama\u00f1o del gabinete<\/td><td class=\"column-2\">640 mm x 640 mm<\/td><td class=\"column-3\">Medios compatibles<\/td><td class=\"column-4\">Datos t\u00e9cnicos, Fotos, Modelos CAD, V\u00eddeo<\/td>\n<\/tr>\n<tr class=\"row-12\">\n\t<td class=\"column-1\">Configuraci\u00f3n de p\u00edxeles<\/td><td class=\"column-2\">SMD3 en 1, color completo R\/G\/B 1:1:1<\/td><td class=\"column-3\">Funci\u00f3n<\/td><td class=\"column-4\">Kit de desarrollo de software (SDK)<\/td>\n<\/tr>\n<tr class=\"row-13\">\n\t<td class=\"column-1\">Brillo equilibrado<\/td><td class=\"column-2\">1000 cd\/m\u00b2 (interior)<\/td><td class=\"column-3\">Modo de control<\/td><td class=\"column-4\">Sincronizaci\u00f3n v\u00eda DVI con PC de control<\/td>\n<\/tr>\n<tr class=\"row-14\">\n\t<td class=\"column-1\">M\u00e9todo de conducci\u00f3n<\/td><td class=\"column-2\">1\/40<\/td><td class=\"column-3\">Software compatible<\/td><td class=\"column-4\">Windows XP\/W7\/Vista<\/td>\n<\/tr>\n<tr class=\"row-15\">\n\t<td class=\"column-1\">Tasa de actualizaci\u00f3n<\/td><td class=\"column-2\">\u22651920 Hz<\/td><td class=\"column-3\">Sistema de control<\/td><td class=\"column-4\">Tarjeta DVI + controlador a todo color + fibra \u00f3ptica (opcional)<\/td>\n<\/tr>\n<tr class=\"row-16\">\n\t<td class=\"column-1\">Frecuencia de detecci\u00f3n de cambios<\/td><td class=\"column-2\">50-60 Hz<\/td><td class=\"column-3\">Marca del sistema de control principal<\/td><td class=\"column-4\">Novastar, Linsn, Huidu, Colorlight<\/td>\n<\/tr>\n<tr class=\"row-17\">\n\t<td class=\"column-1\">\u00c1ngulo de visi\u00f3n<\/td><td class=\"column-2\">H140\u00b0 V120\u00b0<\/td><td class=\"column-3\">Interfaz<\/td><td class=\"column-4\">Ethernet est\u00e1ndar<\/td>\n<\/tr>\n<tr class=\"row-18\">\n\t<td class=\"column-1\">Tasa de luz inactiva<\/td><td class=\"column-2\">\u22641%<\/td><td class=\"column-3\">Distancia de transmisi\u00f3n<\/td><td class=\"column-4\">Fibra multimodo <500m >\n<\/tr>\n<tr class=\"row-19\">\n\t<td class=\"column-1\">Desperdicio de energ\u00eda<\/td><td class=\"column-2\">700*1000 W\/M2<\/td><td class=\"column-3\">Garantizar<\/td><td class=\"column-4\">5 a\u00f1os<\/td>\n<\/tr>\n<tr class=\"row-20\">\n\t<td class=\"column-1\">Consumo promedio de energ\u00eda<\/td><td class=\"column-2\">316 W\/m2<\/td><td class=\"column-3\">Tipo de proveedor<\/td><td class=\"column-4\">Fabricante original\/ODM\/OEM<\/td>\n<\/tr>\n<tr class=\"row-21\">\n\t<td class=\"column-1\">Nivel de gris<\/td><td class=\"column-2\">16 bits (4096 niveles) (212)<\/td><td class=\"column-3\">El tiempo de entrega<\/td><td class=\"column-4\">25 (o negociable)<\/td>\n<\/tr>\n<tr class=\"row-22\">\n\t<td class=\"column-1\">Color de la pantalla<\/td><td class=\"column-2\">16 millones<\/td><td class=\"column-3\">Solicitud<\/td><td class=\"column-4\">Publicidad\/Interior\/Exterior<\/td>\n<\/tr>\n<tr class=\"row-23\">\n\t<td class=\"column-1\">Horario de trabajo ininterrumpido<\/td><td class=\"column-2\">\u226572 horas<\/td><td class=\"column-3\">Usar<\/td><td class=\"column-4\">Publicidad digital, centros comerciales, displays de bienvenida, salas de exposiciones, aeropuertos, iglesias, deportes, eventos, reuniones, alquileres, escenarios, automoci\u00f3n, comercio minorista, bodas<\/td>\n<\/tr>\n<tr class=\"row-24\">\n\t<td class=\"column-1\">Tasa de punto ciego discreto<\/td><td class=\"column-2\"><1><td class=\"column-3\">Detalles del embalaje<\/td><td class=\"column-4\">Caja de cart\u00f3n reforzado + madera<\/td>\n<\/tr>\n<tr class=\"row-25\">\n\t<td class=\"column-1\">Tasa de punto ciego continuo<\/td><td class=\"column-2\">Ninguno<\/td><td class=\"column-3\">Capacidad de suministro<\/td><td class=\"column-4\">5.000 unidades\/mes<\/td>\n<\/tr>\n<tr class=\"row-26\">\n\t<td class=\"column-1\">Tasa de punto ciego<\/td><td class=\"column-2\"><1><td class=\"column-3\">Puerto<\/td><td class=\"column-4\">Shenzhen<\/td>\n<\/tr>\n<\/tbody>\n<\/table>\n<!-- #tablepress-2 from cache -->","protected":false},"excerpt":{"rendered":"<p>Caracter\u00edsticas del m\u00f3dulo LED P1 <a href=\"https:\/\/www.telaled.com\/es\/pixel-pitch\/\">paso de p\u00edxeles<\/a> Ultracompacto de 1 mm, ofrece una alta densidad de p\u00edxeles (1\u00a0000\u00a0000\/m\u00b2) para obtener im\u00e1genes n\u00edtidas incluso a corta distancia. Con brillo ajustable de 600 a 1000 nits y un \u00e1ngulo de visi\u00f3n de 140\u00b0 (H)\/120\u00b0 (V), garantiza una visibilidad perfecta en cualquier posici\u00f3n.<\/p>\n<p><strong>Aspectos t\u00e9cnicos destacados del LED P1:<\/strong><\/p>\n<ul>\n<li>Tecnolog\u00eda SMD 3 en 1: colores RGB puros con profundidad de 16 bits (68 mil millones de colores)<\/li>\n<li>Eficiencia energ\u00e9tica: Consumo de s\u00f3lo 316W\/m\u00b2, 30% menos que los m\u00f3dulos convencionales<\/li>\n<li>Durabilidad certificada: &gt;100.000 horas de vida \u00fatil con protecci\u00f3n frontal IP50\/trasera IP40<\/li>\n<li>Garant\u00eda extendida: 3 a\u00f1os para toda la m\u00e1quina + mantenimiento de por vida con reemplazo de repuestos 5% incluido<\/li>\n<\/ul>","protected":false},"featured_media":2005,"template":"","meta":[],"product_brand":[],"product_cat":[41],"product_tag":[],"class_list":{"0":"post-1402","1":"product","2":"type-product","3":"status-publish","4":"has-post-thumbnail","6":"product_cat-modulo-painel-de-led","8":"first","9":"instock","10":"shipping-taxable","11":"product-type-simple"},"yoast_head":"<!-- This site is optimized with the Yoast SEO plugin v27.5 - https:\/\/yoast.com\/product\/yoast-seo-wordpress\/ -->\n<title>Modulo Painel de LED P1 - F\u00e1brica Chinesa | TELALED<\/title>\n<meta name=\"description\" content=\"M\u00f3dulo LED P1 com pitch de 1mm para alta defini\u00e7\u00e3o. F\u00e1brica direta oferece 3 anos de garantia, ideal para est\u00e1dios e shows. Solicite or\u00e7amento personalizado!\" \/>\n<meta name=\"robots\" content=\"index, follow, max-snippet:-1, max-image-preview:large, max-video-preview:-1\" \/>\n<link rel=\"canonical\" href=\"https:\/\/www.telaled.com\/es\/fabrica\/modulo-painel-de-led-p1\/\" \/>\n<meta property=\"og:locale\" content=\"es_ES\" \/>\n<meta property=\"og:type\" content=\"article\" \/>\n<meta property=\"og:title\" content=\"Modulo Painel de LED P1 - F\u00e1brica Chinesa | TELALED\" \/>\n<meta property=\"og:description\" content=\"M\u00f3dulo LED P1 com pitch de 1mm para alta defini\u00e7\u00e3o. F\u00e1brica direta oferece 3 anos de garantia, ideal para est\u00e1dios e shows. Solicite or\u00e7amento personalizado!\" \/>\n<meta property=\"og:url\" content=\"https:\/\/www.telaled.com\/es\/fabrica\/modulo-painel-de-led-p1\/\" \/>\n<meta property=\"og:site_name\" content=\"TELALED\" \/>\n<meta property=\"article:modified_time\" content=\"2026-01-02T03:41:52+00:00\" \/>\n<meta property=\"og:image\" content=\"https:\/\/www.telaled.com\/wp-content\/uploads\/2023\/06\/Modulo-Painel-de-LED-P1_3.webp\" \/>\n\t<meta property=\"og:image:width\" content=\"500\" \/>\n\t<meta property=\"og:image:height\" content=\"500\" \/>\n\t<meta property=\"og:image:type\" content=\"image\/webp\" \/>\n<meta name=\"twitter:card\" content=\"summary_large_image\" \/>\n<meta name=\"twitter:label1\" content=\"Tiempo de lectura\" \/>\n\t<meta name=\"twitter:data1\" content=\"2 minutos\" \/>\n<script type=\"application\/ld+json\" class=\"yoast-schema-graph\">{\"@context\":\"https:\\\/\\\/schema.org\",\"@graph\":[{\"@type\":\"WebPage\",\"@id\":\"https:\\\/\\\/www.telaled.com\\\/fabrica\\\/modulo-painel-de-led-p1\\\/\",\"url\":\"https:\\\/\\\/www.telaled.com\\\/fabrica\\\/modulo-painel-de-led-p1\\\/\",\"name\":\"Modulo Painel de LED P1 - F\u00e1brica Chinesa | TELALED\",\"isPartOf\":{\"@id\":\"https:\\\/\\\/www.telaled.com\\\/#website\"},\"primaryImageOfPage\":{\"@id\":\"https:\\\/\\\/www.telaled.com\\\/fabrica\\\/modulo-painel-de-led-p1\\\/#primaryimage\"},\"image\":{\"@id\":\"https:\\\/\\\/www.telaled.com\\\/fabrica\\\/modulo-painel-de-led-p1\\\/#primaryimage\"},\"thumbnailUrl\":\"https:\\\/\\\/www.telaled.com\\\/wp-content\\\/uploads\\\/2023\\\/06\\\/Modulo-Painel-de-LED-P1_3.webp\",\"datePublished\":\"2023-06-08T08:15:42+00:00\",\"dateModified\":\"2026-01-02T03:41:52+00:00\",\"description\":\"M\u00f3dulo LED P1 com pitch de 1mm para alta defini\u00e7\u00e3o. F\u00e1brica direta oferece 3 anos de garantia, ideal para est\u00e1dios e shows. Solicite or\u00e7amento personalizado!\",\"breadcrumb\":{\"@id\":\"https:\\\/\\\/www.telaled.com\\\/fabrica\\\/modulo-painel-de-led-p1\\\/#breadcrumb\"},\"inLanguage\":\"es\",\"potentialAction\":[{\"@type\":\"ReadAction\",\"target\":[\"https:\\\/\\\/www.telaled.com\\\/fabrica\\\/modulo-painel-de-led-p1\\\/\"]}]},{\"@type\":\"ImageObject\",\"inLanguage\":\"es\",\"@id\":\"https:\\\/\\\/www.telaled.com\\\/fabrica\\\/modulo-painel-de-led-p1\\\/#primaryimage\",\"url\":\"https:\\\/\\\/www.telaled.com\\\/wp-content\\\/uploads\\\/2023\\\/06\\\/Modulo-Painel-de-LED-P1_3.webp\",\"contentUrl\":\"https:\\\/\\\/www.telaled.com\\\/wp-content\\\/uploads\\\/2023\\\/06\\\/Modulo-Painel-de-LED-P1_3.webp\",\"width\":500,\"height\":500,\"caption\":\"Modulo Painel de LED P1\"},{\"@type\":\"BreadcrumbList\",\"@id\":\"https:\\\/\\\/www.telaled.com\\\/fabrica\\\/modulo-painel-de-led-p1\\\/#breadcrumb\",\"itemListElement\":[{\"@type\":\"ListItem\",\"position\":1,\"name\":\"Home\",\"item\":\"https:\\\/\\\/www.telaled.com\\\/\"},{\"@type\":\"ListItem\",\"position\":2,\"name\":\"Produtos\",\"item\":\"https:\\\/\\\/www.telaled.com\\\/shop\\\/\"},{\"@type\":\"ListItem\",\"position\":3,\"name\":\"Modulo Painel de LED P1\"}]},{\"@type\":\"WebSite\",\"@id\":\"https:\\\/\\\/www.telaled.com\\\/#website\",\"url\":\"https:\\\/\\\/www.telaled.com\\\/\",\"name\":\"TELALED\",\"description\":\"\",\"potentialAction\":[{\"@type\":\"SearchAction\",\"target\":{\"@type\":\"EntryPoint\",\"urlTemplate\":\"https:\\\/\\\/www.telaled.com\\\/?s={search_term_string}\"},\"query-input\":{\"@type\":\"PropertyValueSpecification\",\"valueRequired\":true,\"valueName\":\"search_term_string\"}}],\"inLanguage\":\"es\"}]}<\/script>\n<!-- \/ Yoast SEO plugin. -->","yoast_head_json":{"title":"M\u00f3dulo de panel LED P1 - F\u00e1brica china | TALALED","description":"M\u00f3dulo LED P1 con paso de 1 mm para alta definici\u00f3n. Fabricado directamente de f\u00e1brica, con 3 a\u00f1os de garant\u00eda, ideal para estadios y conciertos. \u00a1Solicite un presupuesto personalizado!","robots":{"index":"index","follow":"follow","max-snippet":"max-snippet:-1","max-image-preview":"max-image-preview:large","max-video-preview":"max-video-preview:-1"},"canonical":"https:\/\/www.telaled.com\/es\/fabrica\/modulo-painel-de-led-p1\/","og_locale":"es_ES","og_type":"article","og_title":"Modulo Painel de LED P1 - F\u00e1brica Chinesa | TELALED","og_description":"M\u00f3dulo LED P1 com pitch de 1mm para alta defini\u00e7\u00e3o. F\u00e1brica direta oferece 3 anos de garantia, ideal para est\u00e1dios e shows. Solicite or\u00e7amento personalizado!","og_url":"https:\/\/www.telaled.com\/es\/fabrica\/modulo-painel-de-led-p1\/","og_site_name":"TELALED","article_modified_time":"2026-01-02T03:41:52+00:00","og_image":[{"width":500,"height":500,"url":"https:\/\/www.telaled.com\/wp-content\/uploads\/2023\/06\/Modulo-Painel-de-LED-P1_3.webp","type":"image\/webp"}],"twitter_card":"summary_large_image","twitter_misc":{"Tiempo de lectura":"2 minutos"},"schema":{"@context":"https:\/\/schema.org","@graph":[{"@type":"WebPage","@id":"https:\/\/www.telaled.com\/fabrica\/modulo-painel-de-led-p1\/","url":"https:\/\/www.telaled.com\/fabrica\/modulo-painel-de-led-p1\/","name":"M\u00f3dulo de panel LED P1 - F\u00e1brica china | TALALED","isPartOf":{"@id":"https:\/\/www.telaled.com\/#website"},"primaryImageOfPage":{"@id":"https:\/\/www.telaled.com\/fabrica\/modulo-painel-de-led-p1\/#primaryimage"},"image":{"@id":"https:\/\/www.telaled.com\/fabrica\/modulo-painel-de-led-p1\/#primaryimage"},"thumbnailUrl":"https:\/\/www.telaled.com\/wp-content\/uploads\/2023\/06\/Modulo-Painel-de-LED-P1_3.webp","datePublished":"2023-06-08T08:15:42+00:00","dateModified":"2026-01-02T03:41:52+00:00","description":"M\u00f3dulo LED P1 con paso de 1 mm para alta definici\u00f3n. Fabricado directamente de f\u00e1brica, con 3 a\u00f1os de garant\u00eda, ideal para estadios y conciertos. \u00a1Solicite un presupuesto personalizado!","breadcrumb":{"@id":"https:\/\/www.telaled.com\/fabrica\/modulo-painel-de-led-p1\/#breadcrumb"},"inLanguage":"es","potentialAction":[{"@type":"ReadAction","target":["https:\/\/www.telaled.com\/fabrica\/modulo-painel-de-led-p1\/"]}]},{"@type":"ImageObject","inLanguage":"es","@id":"https:\/\/www.telaled.com\/fabrica\/modulo-painel-de-led-p1\/#primaryimage","url":"https:\/\/www.telaled.com\/wp-content\/uploads\/2023\/06\/Modulo-Painel-de-LED-P1_3.webp","contentUrl":"https:\/\/www.telaled.com\/wp-content\/uploads\/2023\/06\/Modulo-Painel-de-LED-P1_3.webp","width":500,"height":500,"caption":"Modulo Painel de LED P1"},{"@type":"BreadcrumbList","@id":"https:\/\/www.telaled.com\/fabrica\/modulo-painel-de-led-p1\/#breadcrumb","itemListElement":[{"@type":"ListItem","position":1,"name":"Home","item":"https:\/\/www.telaled.com\/"},{"@type":"ListItem","position":2,"name":"Produtos","item":"https:\/\/www.telaled.com\/shop\/"},{"@type":"ListItem","position":3,"name":"Modulo Painel de LED P1"}]},{"@type":"WebSite","@id":"https:\/\/www.telaled.com\/#website","url":"https:\/\/www.telaled.com\/","name":"Pantalla LED","description":"","potentialAction":[{"@type":"SearchAction","target":{"@type":"EntryPoint","urlTemplate":"https:\/\/www.telaled.com\/?s={search_term_string}"},"query-input":{"@type":"PropertyValueSpecification","valueRequired":true,"valueName":"search_term_string"}}],"inLanguage":"es"}]}},"_links":{"self":[{"href":"https:\/\/www.telaled.com\/es\/wp-json\/wp\/v2\/product\/1402","targetHints":{"allow":["GET"]}}],"collection":[{"href":"https:\/\/www.telaled.com\/es\/wp-json\/wp\/v2\/product"}],"about":[{"href":"https:\/\/www.telaled.com\/es\/wp-json\/wp\/v2\/types\/product"}],"wp:featuredmedia":[{"embeddable":true,"href":"https:\/\/www.telaled.com\/es\/wp-json\/wp\/v2\/media\/2005"}],"wp:attachment":[{"href":"https:\/\/www.telaled.com\/es\/wp-json\/wp\/v2\/media?parent=1402"}],"wp:term":[{"taxonomy":"product_brand","embeddable":true,"href":"https:\/\/www.telaled.com\/es\/wp-json\/wp\/v2\/product_brand?post=1402"},{"taxonomy":"product_cat","embeddable":true,"href":"https:\/\/www.telaled.com\/es\/wp-json\/wp\/v2\/product_cat?post=1402"},{"taxonomy":"product_tag","embeddable":true,"href":"https:\/\/www.telaled.com\/es\/wp-json\/wp\/v2\/product_tag?post=1402"}],"curies":[{"name":"gracias","href":"https:\/\/api.w.org\/{rel}","templated":true}]}}