{"id":3735,"date":"2025-10-02T10:10:21","date_gmt":"2025-10-02T10:10:21","guid":{"rendered":"https:\/\/www.telaled.com\/?post_type=product&#038;p=3735"},"modified":"2026-01-06T09:43:41","modified_gmt":"2026-01-06T09:43:41","slug":"placar-eletronico-para-badminton-serie-ted","status":"publish","type":"product","link":"https:\/\/www.telaled.com\/en\/fabrica\/placar-eletronico-para-badminton-serie-ted\/","title":{"rendered":"Electronic Scoreboard for Badminton TED Series"},"content":{"rendered":"<div class=\"row\"  id=\"row-1107764887\">\n\n\t<div id=\"col-70130761\" class=\"col small-12 large-12\"  >\n\t\t\t\t<div class=\"col-inner\"  >\n\t\t\t\n\t\t\t\n<h2><span data-sheets-root=\"1\">Electronic Scoreboard for Badminton<\/span> TED Series<\/h2>\n<h3><strong>Superior Durability<\/strong><\/h3>\n<ul>\n<li>Made of high-strength aluminum alloy for a strong, lightweight structure.<\/li>\n<li>Corrosion and impact resistant housing designed for long-term indoor use.<\/li>\n<li>CE and RoHS certified to meet international safety and quality standards.<\/li>\n<li>The sealed structure prevents dust and debris from affecting the internal components.<\/li>\n<li>Stable performance during continuous operation in sports facilities.<\/li>\n<\/ul>\n<h3><strong>Exceptional Visual Quality<\/strong><\/h3>\n<ul>\n<li>It features 22 bright red LED digits with characters 1.8 inches tall.<\/li>\n<li>Visible up to 30 meters with sharp contrast and uniform illumination.<\/li>\n<li>Five adjustable brightness levels for a clear display in any lighting conditions.<\/li>\n<li>Flicker-free LED output ensures smooth, continuous visibility during gameplay.<\/li>\n<li>Large, well-spaced digits make scores easy to read from any viewing angle.<\/li>\n<\/ul>\n<h3><strong>Complete Adaptability<\/strong><\/h3>\n<ul>\n<li>Supports wall, tabletop, or tripod mounting (tripod sold separately)<\/li>\n<li>Dual power options; AC or 5V DC input for power compatibility. <a href=\"https:\/\/www.telaled.com\/en\/o-guia-definitivo-para-painels-de-led-flexiveis\/\">flexible<\/a>.<\/li>\n<li>Operated via 2.4G wireless remote control with a range of up to 30 meters.<\/li>\n<li>Features include home\/away scoring and 5-inning display with optional sounds.<\/li>\n<li>Suitable for badminton events., <a href=\"https:\/\/www.telaled.com\/en\/fabrica\/placar-eletronico-para-volei-serie-teb\/\">volleyball<\/a>, <a href=\"https:\/\/www.telaled.com\/en\/fabrica\/placar-eletronico-para-tenis-serie-tec\/\">tennis<\/a> and table tennis.<\/li>\n<\/ul>\n<h3><strong>Comprehensive Support<\/strong><\/h3>\n<ul>\n<li>24\/7 Expert Technical Support, Get reliable assistance anytime, anywhere with our 24\/7 remote support team.<\/li>\n<li>Extra 5% spare parts, each order comes with additional replacement components, ensuring greater reliability and giving you more peace of mind.<\/li>\n<li>3-Year Extended Warranty Enjoy long-lasting performance and reliable service backed by a 3-year extended warranty for maximum protection.<\/li>\n<\/ul>\n<h2>Product details<\/h2>\n<div class=\"row\"  id=\"row-1663349063\">\n\n\t<div id=\"col-1165534533\" class=\"col medium-10 small-12 large-10\"  >\n\t\t\t\t<div class=\"col-inner text-left\"  >\n\t\t\t\n\t\t\t\n<ul>\n<li>Indoor and outdoor badminton scoreboards offer reliable and accurate scoring while ensuring excellent visibility. They clearly display sets, games, and points, while an indicator light shows which team has the serve. Designed for durability and performance, this scoreboard is ideal for schools, clubs, and sports facilities looking to enhance the training and competition experience.<\/li>\n<\/ul>\n\t<div class=\"img has-hover x md-x lg-x y md-y lg-y\" id=\"image_1085667687\">\n\t\t\t\t\t\t\t\t<div class=\"img-inner dark\" >\n\t\t\t<img loading=\"lazy\" decoding=\"async\" width=\"877\" height=\"431\" src=\"https:\/\/www.telaled.com\/wp-content\/uploads\/2025\/10\/Placar-eletronico-para-badminton6.webp\" class=\"attachment-original size-original\" alt=\"Electronic scoreboard for badminton6\" srcset=\"https:\/\/www.telaled.com\/wp-content\/uploads\/2025\/10\/Placar-eletronico-para-badminton6.webp 877w, https:\/\/www.telaled.com\/wp-content\/uploads\/2025\/10\/Placar-eletronico-para-badminton6-300x147.webp 300w, https:\/\/www.telaled.com\/wp-content\/uploads\/2025\/10\/Placar-eletronico-para-badminton6-768x377.webp 768w, https:\/\/www.telaled.com\/wp-content\/uploads\/2025\/10\/Placar-eletronico-para-badminton6-18x9.webp 18w, https:\/\/www.telaled.com\/wp-content\/uploads\/2025\/10\/Placar-eletronico-para-badminton6-600x295.webp 600w\" sizes=\"auto, (max-width: 877px) 100vw, 877px\" \/>\t\t\t\t\t\t\n\t\t\t\t\t<\/div>\n\t\t\t\t\t\t\t\t\n<style>\n#image_1085667687 {\n  width: 80%;\n}\n<\/style>\n\t<\/div>\n\t\n<ul>\n<li>THE <em><strong>Electronic Badminton Scoreboard<\/strong><\/em> Highlights every moment clearly. Offers ready-to-use packages that enhance the fan experience, making them a valuable long-term investment for sporting events and competitions.<\/li>\n<\/ul>\n\t<div class=\"img has-hover x md-x lg-x y md-y lg-y\" id=\"image_1994941156\">\n\t\t\t\t\t\t\t\t<div class=\"img-inner dark\" >\n\t\t\t<img loading=\"lazy\" decoding=\"async\" width=\"1020\" height=\"1020\" src=\"https:\/\/www.telaled.com\/wp-content\/uploads\/2025\/10\/Placar-eletronico-para-badminton7-1024x1024.webp\" class=\"attachment-large size-large\" alt=\"\" srcset=\"https:\/\/www.telaled.com\/wp-content\/uploads\/2025\/10\/Placar-eletronico-para-badminton7-1024x1024.webp 1024w, https:\/\/www.telaled.com\/wp-content\/uploads\/2025\/10\/Placar-eletronico-para-badminton7-300x300.webp 300w, https:\/\/www.telaled.com\/wp-content\/uploads\/2025\/10\/Placar-eletronico-para-badminton7-150x150.webp 150w, https:\/\/www.telaled.com\/wp-content\/uploads\/2025\/10\/Placar-eletronico-para-badminton7-768x768.webp 768w, https:\/\/www.telaled.com\/wp-content\/uploads\/2025\/10\/Placar-eletronico-para-badminton7-1536x1536.webp 1536w, https:\/\/www.telaled.com\/wp-content\/uploads\/2025\/10\/Placar-eletronico-para-badminton7-12x12.webp 12w, https:\/\/www.telaled.com\/wp-content\/uploads\/2025\/10\/Placar-eletronico-para-badminton7-600x600.webp 600w, https:\/\/www.telaled.com\/wp-content\/uploads\/2025\/10\/Placar-eletronico-para-badminton7-100x100.webp 100w, https:\/\/www.telaled.com\/wp-content\/uploads\/2025\/10\/Placar-eletronico-para-badminton7.webp 1600w\" sizes=\"auto, (max-width: 1020px) 100vw, 1020px\" \/>\t\t\t\t\t\t\n\t\t\t\t\t<\/div>\n\t\t\t\t\t\t\t\t\n<style>\n#image_1994941156 {\n  width: 80%;\n}\n<\/style>\n\t<\/div>\n\t\n\t\t<\/div>\n\t\t\t\t\t<\/div>\n\n\t\n\n\t<div id=\"col-7215625\" class=\"col medium-10 small-12 large-10\"  >\n\t\t\t\t<div class=\"col-inner text-left\"  >\n\t\t\t\n\t\t\t\n<ul>\n<li><strong>Electronic Scoreboard for Badminton TED Series<\/strong>\u00a0 They are packed in reinforced wooden crates to protect them during shipping. Each unit is securely packaged to prevent damage from pests, impacts, and other hazards. This ensures durability and safe delivery.<\/li>\n<\/ul>\n\t<div class=\"img has-hover x md-x lg-x y md-y lg-y\" id=\"image_736523297\">\n\t\t\t\t\t\t\t\t<div class=\"img-inner dark\" >\n\t\t\t<img loading=\"lazy\" decoding=\"async\" width=\"760\" height=\"1024\" src=\"https:\/\/www.telaled.com\/wp-content\/uploads\/2025\/08\/36123f2c-de60-488d-af81-255cd4aee54a-760x1024.webp\" class=\"attachment-large size-large\" alt=\"\" srcset=\"https:\/\/www.telaled.com\/wp-content\/uploads\/2025\/08\/36123f2c-de60-488d-af81-255cd4aee54a-760x1024.webp 760w, https:\/\/www.telaled.com\/wp-content\/uploads\/2025\/08\/36123f2c-de60-488d-af81-255cd4aee54a-223x300.webp 223w, https:\/\/www.telaled.com\/wp-content\/uploads\/2025\/08\/36123f2c-de60-488d-af81-255cd4aee54a-768x1035.webp 768w, https:\/\/www.telaled.com\/wp-content\/uploads\/2025\/08\/36123f2c-de60-488d-af81-255cd4aee54a-9x12.webp 9w, https:\/\/www.telaled.com\/wp-content\/uploads\/2025\/08\/36123f2c-de60-488d-af81-255cd4aee54a-600x808.webp 600w, https:\/\/www.telaled.com\/wp-content\/uploads\/2025\/08\/36123f2c-de60-488d-af81-255cd4aee54a.webp 795w\" sizes=\"auto, (max-width: 760px) 100vw, 760px\" \/>\t\t\t\t\t\t\n\t\t\t\t\t<\/div>\n\t\t\t\t\t\t\t\t\n<style>\n#image_736523297 {\n  width: 80%;\n}\n<\/style>\n\t<\/div>\n\t\n\n<table id=\"tablepress-93\" class=\"tablepress tablepress-id-93\">\n<thead>\n<tr class=\"row-1\">\n\t<th class=\"column-1\">Type<\/th><th class=\"column-2\">Badminton scoreboard, volleyball scoreboard<\/th><th class=\"column-3\">Appeal<\/th><th class=\"column-4\">Score display, inning display<\/th>\n<\/tr>\n<\/thead>\n<tbody class=\"row-striping row-hover\">\n<tr class=\"row-2\">\n\t<td class=\"column-1\">Place of Origin<\/td><td class=\"column-2\">Shenzhen, China<\/td><td class=\"column-3\">Mark<\/td><td class=\"column-4\">LED screen<\/td>\n<\/tr>\n<tr class=\"row-3\">\n\t<td class=\"column-1\">Model Number<\/td><td class=\"column-2\">TED Series<\/td><td class=\"column-3\">Material<\/td><td class=\"column-4\">Aluminum Alloy<\/td>\n<\/tr>\n<tr class=\"row-4\">\n\t<td class=\"column-1\">Frame Material<\/td><td class=\"column-2\">Aluminum Alloy<\/td><td class=\"column-3\">Size<\/td><td class=\"column-4\">790mm x 255mm x 55mm (31.1&quot; x 10.0&quot; x 2.2&quot;)<\/td>\n<\/tr>\n<tr class=\"row-5\">\n\t<td class=\"column-1\">Character height<\/td><td class=\"column-2\">1.8 inches - 22 digits<\/td><td class=\"column-3\">Function<\/td><td class=\"column-4\">Home and away scores, 5 innings display<\/td>\n<\/tr>\n<tr class=\"row-6\">\n\t<td class=\"column-1\">Control<\/td><td class=\"column-2\">Remote control<\/td><td class=\"column-3\">Installation<\/td><td class=\"column-4\">Wall mounting<\/td>\n<\/tr>\n<tr class=\"row-7\">\n\t<td class=\"column-1\">Certificate<\/td><td class=\"column-2\">CE, RoHS<\/td><td class=\"column-3\"><\/td><td class=\"column-4\"><\/td>\n<\/tr>\n<\/tbody>\n<\/table>\n\n\t\t<\/div>\n\t\t\t\t\t<\/div>\n\n\t\n<\/div>\n\t\t<\/div>\n\t\t\t\t\t<\/div>\n\n\t\n<\/div>","protected":false},"excerpt":{"rendered":"<p><strong>Electronic Scoreboard for Badminton TED Series<\/strong> \u2013 Real-time LED Score Display for clubs and tournaments.<\/p>\n<p>One <em><strong>electronic badminton scoreboard<\/strong><\/em> makes it easy to follow every match, displaying accurate real-time results with clear LED visibility. Perfect for training, tournaments, or club games.<\/p>\n<p><strong>Main features:<\/strong><\/p>\n<ul>\n<li>Rigid aluminum alloy structure with CE and RoHS certification ensures long service life.<\/li>\n<li>Bright red 1.8-inch digits with 5 brightness levels provide clear visibility up to 30 m.<\/li>\n<li>It operates on AC or 5V DC power and supports wall, table, or tripod mounting with a 2.4G wireless remote control.<\/li>\n<\/ul>\n<p>Our experts are available 24\/7, day or night, with remote support and a 3-year product warranty. Request your personalized quote today.<\/p>","protected":false},"featured_media":3736,"template":"","meta":[],"product_brand":[],"product_cat":[48,40],"product_tag":[],"class_list":{"0":"post-3735","1":"product","2":"type-product","3":"status-publish","4":"has-post-thumbnail","6":"product_cat-paineis-personalizados","7":"product_cat-painel-de-led","9":"first","10":"instock","11":"shipping-taxable","12":"product-type-simple"},"yoast_head":"<!-- This site is optimized with the Yoast SEO plugin v27.5 - https:\/\/yoast.com\/product\/yoast-seo-wordpress\/ -->\n<title>Placar Eletr\u00f4nico de Badminton S\u00e9rie TED | Solu\u00e7\u00f5es de pontua\u00e7\u00e3o digital para clubes e torneios | TELALED<\/title>\n<meta name=\"description\" content=\"Descubra o Placar Eletr\u00f4nico de Badminton S\u00e9rie TED projetado para precis\u00e3o e praticidade. Perfeito para clubes, escolas e competi\u00e7\u00f5es, com displays de LED, controles de \u00e1rbitro e aplicativos de auto\u00e1rbitro.\" \/>\n<meta name=\"robots\" content=\"index, follow, max-snippet:-1, max-image-preview:large, max-video-preview:-1\" \/>\n<link rel=\"canonical\" href=\"https:\/\/www.telaled.com\/en\/fabrica\/placar-eletronico-para-badminton-serie-ted\/\" \/>\n<meta property=\"og:locale\" content=\"en_US\" \/>\n<meta property=\"og:type\" content=\"article\" \/>\n<meta property=\"og:title\" content=\"Placar Eletr\u00f4nico de Badminton S\u00e9rie TED | Solu\u00e7\u00f5es de pontua\u00e7\u00e3o digital para clubes e torneios | TELALED\" \/>\n<meta property=\"og:description\" content=\"Descubra o Placar Eletr\u00f4nico de Badminton S\u00e9rie TED projetado para precis\u00e3o e praticidade. Perfeito para clubes, escolas e competi\u00e7\u00f5es, com displays de LED, controles de \u00e1rbitro e aplicativos de auto\u00e1rbitro.\" \/>\n<meta property=\"og:url\" content=\"https:\/\/www.telaled.com\/en\/fabrica\/placar-eletronico-para-badminton-serie-ted\/\" \/>\n<meta property=\"og:site_name\" content=\"TELALED\" \/>\n<meta property=\"article:modified_time\" content=\"2026-01-06T09:43:41+00:00\" \/>\n<meta property=\"og:image\" content=\"https:\/\/www.telaled.com\/wp-content\/uploads\/2025\/10\/Placar-eletronico-para-badminton.webp\" \/>\n\t<meta property=\"og:image:width\" content=\"500\" \/>\n\t<meta property=\"og:image:height\" content=\"500\" \/>\n\t<meta property=\"og:image:type\" content=\"image\/webp\" \/>\n<meta name=\"twitter:card\" content=\"summary_large_image\" \/>\n<meta name=\"twitter:label1\" content=\"Est. reading time\" \/>\n\t<meta name=\"twitter:data1\" content=\"3 minutes\" \/>\n<script type=\"application\/ld+json\" class=\"yoast-schema-graph\">{\"@context\":\"https:\\\/\\\/schema.org\",\"@graph\":[{\"@type\":\"WebPage\",\"@id\":\"https:\\\/\\\/www.telaled.com\\\/fabrica\\\/placar-eletronico-para-badminton-serie-ted\\\/\",\"url\":\"https:\\\/\\\/www.telaled.com\\\/fabrica\\\/placar-eletronico-para-badminton-serie-ted\\\/\",\"name\":\"Placar Eletr\u00f4nico de Badminton S\u00e9rie TED | Solu\u00e7\u00f5es de pontua\u00e7\u00e3o digital para clubes e torneios | TELALED\",\"isPartOf\":{\"@id\":\"https:\\\/\\\/www.telaled.com\\\/#website\"},\"primaryImageOfPage\":{\"@id\":\"https:\\\/\\\/www.telaled.com\\\/fabrica\\\/placar-eletronico-para-badminton-serie-ted\\\/#primaryimage\"},\"image\":{\"@id\":\"https:\\\/\\\/www.telaled.com\\\/fabrica\\\/placar-eletronico-para-badminton-serie-ted\\\/#primaryimage\"},\"thumbnailUrl\":\"https:\\\/\\\/www.telaled.com\\\/wp-content\\\/uploads\\\/2025\\\/10\\\/Placar-eletronico-para-badminton.webp\",\"datePublished\":\"2025-10-02T10:10:21+00:00\",\"dateModified\":\"2026-01-06T09:43:41+00:00\",\"description\":\"Descubra o Placar Eletr\u00f4nico de Badminton S\u00e9rie TED projetado para precis\u00e3o e praticidade. Perfeito para clubes, escolas e competi\u00e7\u00f5es, com displays de LED, controles de \u00e1rbitro e aplicativos de auto\u00e1rbitro.\",\"breadcrumb\":{\"@id\":\"https:\\\/\\\/www.telaled.com\\\/fabrica\\\/placar-eletronico-para-badminton-serie-ted\\\/#breadcrumb\"},\"inLanguage\":\"en-US\",\"potentialAction\":[{\"@type\":\"ReadAction\",\"target\":[\"https:\\\/\\\/www.telaled.com\\\/fabrica\\\/placar-eletronico-para-badminton-serie-ted\\\/\"]}]},{\"@type\":\"ImageObject\",\"inLanguage\":\"en-US\",\"@id\":\"https:\\\/\\\/www.telaled.com\\\/fabrica\\\/placar-eletronico-para-badminton-serie-ted\\\/#primaryimage\",\"url\":\"https:\\\/\\\/www.telaled.com\\\/wp-content\\\/uploads\\\/2025\\\/10\\\/Placar-eletronico-para-badminton.webp\",\"contentUrl\":\"https:\\\/\\\/www.telaled.com\\\/wp-content\\\/uploads\\\/2025\\\/10\\\/Placar-eletronico-para-badminton.webp\",\"width\":500,\"height\":500,\"caption\":\"Placar-eletronico-para-badminton\"},{\"@type\":\"BreadcrumbList\",\"@id\":\"https:\\\/\\\/www.telaled.com\\\/fabrica\\\/placar-eletronico-para-badminton-serie-ted\\\/#breadcrumb\",\"itemListElement\":[{\"@type\":\"ListItem\",\"position\":1,\"name\":\"Home\",\"item\":\"https:\\\/\\\/www.telaled.com\\\/\"},{\"@type\":\"ListItem\",\"position\":2,\"name\":\"Produtos\",\"item\":\"https:\\\/\\\/www.telaled.com\\\/shop\\\/\"},{\"@type\":\"ListItem\",\"position\":3,\"name\":\"Placar Eletronico para Badminton S\u00e9rie TED\"}]},{\"@type\":\"WebSite\",\"@id\":\"https:\\\/\\\/www.telaled.com\\\/#website\",\"url\":\"https:\\\/\\\/www.telaled.com\\\/\",\"name\":\"TELALED\",\"description\":\"\",\"potentialAction\":[{\"@type\":\"SearchAction\",\"target\":{\"@type\":\"EntryPoint\",\"urlTemplate\":\"https:\\\/\\\/www.telaled.com\\\/?s={search_term_string}\"},\"query-input\":{\"@type\":\"PropertyValueSpecification\",\"valueRequired\":true,\"valueName\":\"search_term_string\"}}],\"inLanguage\":\"en-US\"}]}<\/script>\n<!-- \/ Yoast SEO plugin. -->","yoast_head_json":{"title":"TED Series Badminton Electronic Scoreboard | Digital scoring solutions for clubs and tournaments | TELALED","description":"Discover the TED Series Electronic Badminton Scoreboard, designed for accuracy and convenience. Perfect for clubs, schools, and competitions, with LED displays, umpire controls, and self-umpire apps.","robots":{"index":"index","follow":"follow","max-snippet":"max-snippet:-1","max-image-preview":"max-image-preview:large","max-video-preview":"max-video-preview:-1"},"canonical":"https:\/\/www.telaled.com\/en\/fabrica\/placar-eletronico-para-badminton-serie-ted\/","og_locale":"en_US","og_type":"article","og_title":"Placar Eletr\u00f4nico de Badminton S\u00e9rie TED | Solu\u00e7\u00f5es de pontua\u00e7\u00e3o digital para clubes e torneios | TELALED","og_description":"Descubra o Placar Eletr\u00f4nico de Badminton S\u00e9rie TED projetado para precis\u00e3o e praticidade. Perfeito para clubes, escolas e competi\u00e7\u00f5es, com displays de LED, controles de \u00e1rbitro e aplicativos de auto\u00e1rbitro.","og_url":"https:\/\/www.telaled.com\/en\/fabrica\/placar-eletronico-para-badminton-serie-ted\/","og_site_name":"TELALED","article_modified_time":"2026-01-06T09:43:41+00:00","og_image":[{"width":500,"height":500,"url":"https:\/\/www.telaled.com\/wp-content\/uploads\/2025\/10\/Placar-eletronico-para-badminton.webp","type":"image\/webp"}],"twitter_card":"summary_large_image","twitter_misc":{"Est. reading time":"3 minutes"},"schema":{"@context":"https:\/\/schema.org","@graph":[{"@type":"WebPage","@id":"https:\/\/www.telaled.com\/fabrica\/placar-eletronico-para-badminton-serie-ted\/","url":"https:\/\/www.telaled.com\/fabrica\/placar-eletronico-para-badminton-serie-ted\/","name":"TED Series Badminton Electronic Scoreboard | Digital scoring solutions for clubs and tournaments | TELALED","isPartOf":{"@id":"https:\/\/www.telaled.com\/#website"},"primaryImageOfPage":{"@id":"https:\/\/www.telaled.com\/fabrica\/placar-eletronico-para-badminton-serie-ted\/#primaryimage"},"image":{"@id":"https:\/\/www.telaled.com\/fabrica\/placar-eletronico-para-badminton-serie-ted\/#primaryimage"},"thumbnailUrl":"https:\/\/www.telaled.com\/wp-content\/uploads\/2025\/10\/Placar-eletronico-para-badminton.webp","datePublished":"2025-10-02T10:10:21+00:00","dateModified":"2026-01-06T09:43:41+00:00","description":"Discover the TED Series Electronic Badminton Scoreboard, designed for accuracy and convenience. Perfect for clubs, schools, and competitions, with LED displays, umpire controls, and self-umpire apps.","breadcrumb":{"@id":"https:\/\/www.telaled.com\/fabrica\/placar-eletronico-para-badminton-serie-ted\/#breadcrumb"},"inLanguage":"en-US","potentialAction":[{"@type":"ReadAction","target":["https:\/\/www.telaled.com\/fabrica\/placar-eletronico-para-badminton-serie-ted\/"]}]},{"@type":"ImageObject","inLanguage":"en-US","@id":"https:\/\/www.telaled.com\/fabrica\/placar-eletronico-para-badminton-serie-ted\/#primaryimage","url":"https:\/\/www.telaled.com\/wp-content\/uploads\/2025\/10\/Placar-eletronico-para-badminton.webp","contentUrl":"https:\/\/www.telaled.com\/wp-content\/uploads\/2025\/10\/Placar-eletronico-para-badminton.webp","width":500,"height":500,"caption":"Placar-eletronico-para-badminton"},{"@type":"BreadcrumbList","@id":"https:\/\/www.telaled.com\/fabrica\/placar-eletronico-para-badminton-serie-ted\/#breadcrumb","itemListElement":[{"@type":"ListItem","position":1,"name":"Home","item":"https:\/\/www.telaled.com\/"},{"@type":"ListItem","position":2,"name":"Produtos","item":"https:\/\/www.telaled.com\/shop\/"},{"@type":"ListItem","position":3,"name":"Placar Eletronico para Badminton S\u00e9rie TED"}]},{"@type":"WebSite","@id":"https:\/\/www.telaled.com\/#website","url":"https:\/\/www.telaled.com\/","name":"LED screen","description":"","potentialAction":[{"@type":"SearchAction","target":{"@type":"EntryPoint","urlTemplate":"https:\/\/www.telaled.com\/?s={search_term_string}"},"query-input":{"@type":"PropertyValueSpecification","valueRequired":true,"valueName":"search_term_string"}}],"inLanguage":"en-US"}]}},"_links":{"self":[{"href":"https:\/\/www.telaled.com\/en\/wp-json\/wp\/v2\/product\/3735","targetHints":{"allow":["GET"]}}],"collection":[{"href":"https:\/\/www.telaled.com\/en\/wp-json\/wp\/v2\/product"}],"about":[{"href":"https:\/\/www.telaled.com\/en\/wp-json\/wp\/v2\/types\/product"}],"wp:featuredmedia":[{"embeddable":true,"href":"https:\/\/www.telaled.com\/en\/wp-json\/wp\/v2\/media\/3736"}],"wp:attachment":[{"href":"https:\/\/www.telaled.com\/en\/wp-json\/wp\/v2\/media?parent=3735"}],"wp:term":[{"taxonomy":"product_brand","embeddable":true,"href":"https:\/\/www.telaled.com\/en\/wp-json\/wp\/v2\/product_brand?post=3735"},{"taxonomy":"product_cat","embeddable":true,"href":"https:\/\/www.telaled.com\/en\/wp-json\/wp\/v2\/product_cat?post=3735"},{"taxonomy":"product_tag","embeddable":true,"href":"https:\/\/www.telaled.com\/en\/wp-json\/wp\/v2\/product_tag?post=3735"}],"curies":[{"name":"wp","href":"https:\/\/api.w.org\/{rel}","templated":true}]}}