{"id":3624,"date":"2025-09-29T06:06:11","date_gmt":"2025-09-29T06:06:11","guid":{"rendered":"https:\/\/www.telaled.com\/?post_type=product&#038;p=3624"},"modified":"2026-01-06T08:56:07","modified_gmt":"2026-01-06T08:56:07","slug":"totem-led-vertical-serie-twc","status":"publish","type":"product","link":"https:\/\/www.telaled.com\/en\/fabrica\/totem-led-vertical-serie-twc\/","title":{"rendered":"TWC Series Vertical LED Totem"},"content":{"rendered":"<div class=\"row\"  id=\"row-1082176079\">\n\n\t<div id=\"col-711523269\" class=\"col small-12 large-12\"  >\n\t\t\t\t<div class=\"col-inner\"  >\n\t\t\t\n\t\t\t\n<h2>Exclusive advantages of the TWC Series Vertical LED Totem<\/h2>\n<h3><strong>Superior Durability<\/strong><\/h3>\n<ul>\n<li>Designed for continuous use without loss of performance.<\/li>\n<li>Wear resistant, ensuring long service life.<\/li>\n<li>Constructed with high quality LED modules for stability.<\/li>\n<\/ul>\n<h3><strong>Exceptional Visual Quality<\/strong><\/h3>\n<ul>\n<li>High brightness up to 7500 cd\/m\u00b2 for vivid displays.<\/li>\n<li>Fine pixel steps (as low as <a href=\"https:\/\/www.telaled.com\/en\/painel-de-led-p2-5\/\">P2 mm<\/a>).<\/li>\n<li>Realistic colors that instantly capture attention.<\/li>\n<\/ul>\n<h3><strong>Complete Adaptability<\/strong><\/h3>\n<ul>\n<li>Available in different sizes and proportions.<\/li>\n<li>Single or double-sided display options.<\/li>\n<li>Customizable to match various interior environments.<\/li>\n<\/ul>\n<h3><strong>Comprehensive Support<\/strong><\/h3>\n<ul>\n<li><strong>24\/7 specialized assistance: <\/strong>Get professional help anytime, anywhere to keep your system running smoothly.<strong>.<\/strong><\/li>\n<li><strong>Spare parts included: <\/strong>Each order comes with 5% of replacement parts to ensure consistent performance.<\/li>\n<li><strong>Increase reliability:\u00a0<\/strong>Extra components reduce service interruptions and increase equipment life.<\/li>\n<li><strong>Peace of mind guarantee:\u00a0<\/strong>Enjoy a 3-year warranty with reliable service and lasting protection for your investment.<\/li>\n<\/ul>\n<h2>Product details<\/h2>\n<div class=\"row\"  id=\"row-2139499144\">\n\n\t<div id=\"col-1582398760\" class=\"col medium-10 small-12 large-10\"  >\n\t\t\t\t<div class=\"col-inner text-left\"  >\n\t\t\t\n\t\t\t\n<ul>\n<li>Vertical LED totems are sleek, mobile digital displays available in a variety of sizes and resolutions. Ready to use immediately upon delivery, they deliver crisp, bright images without the need for complicated setup. Perfect for shopping malls, retail spaces, and conferences, their unusual aspect ratio sets them apart from standard LCDs, offering flexible customization for any brand.<\/li>\n<\/ul>\n\t<div class=\"img has-hover x md-x lg-x y md-y lg-y\" id=\"image_781059996\">\n\t\t\t\t\t\t\t\t<div class=\"img-inner dark\" >\n\t\t\t<img loading=\"lazy\" decoding=\"async\" width=\"1500\" height=\"841\" src=\"https:\/\/www.telaled.com\/wp-content\/uploads\/2025\/09\/vertical-led-totem8.webp\" class=\"attachment-original size-original\" alt=\"vertical-led-totem8\" srcset=\"https:\/\/www.telaled.com\/wp-content\/uploads\/2025\/09\/vertical-led-totem8.webp 1500w, https:\/\/www.telaled.com\/wp-content\/uploads\/2025\/09\/vertical-led-totem8-300x168.webp 300w, https:\/\/www.telaled.com\/wp-content\/uploads\/2025\/09\/vertical-led-totem8-1024x574.webp 1024w, https:\/\/www.telaled.com\/wp-content\/uploads\/2025\/09\/vertical-led-totem8-768x431.webp 768w, https:\/\/www.telaled.com\/wp-content\/uploads\/2025\/09\/vertical-led-totem8-18x10.webp 18w, https:\/\/www.telaled.com\/wp-content\/uploads\/2025\/09\/vertical-led-totem8-600x336.webp 600w\" sizes=\"auto, (max-width: 1500px) 100vw, 1500px\" \/>\t\t\t\t\t\t\n\t\t\t\t\t<\/div>\n\t\t\t\t\t\t\t\t\n<style>\n#image_781059996 {\n  width: 80%;\n}\n<\/style>\n\t<\/div>\n\t\n<ul>\n<li>THE <em><strong>TWC Series Vertical LED Totem<\/strong><\/em> Can be connected side by side to display a larger image or to repeat the same content across multiple screens. You can connect up to 5 totems in a cascade, suitable for standing or suspended installations.<\/li>\n<\/ul>\n\t<div class=\"img has-hover x md-x lg-x y md-y lg-y\" id=\"image_417178536\">\n\t\t\t\t\t\t\t\t<div class=\"img-inner dark\" >\n\t\t\t<img loading=\"lazy\" decoding=\"async\" width=\"675\" height=\"675\" src=\"https:\/\/www.telaled.com\/wp-content\/uploads\/2025\/09\/Configuracao-em-cascata.webp\" class=\"attachment-large size-large\" alt=\"Cascade configuration\" srcset=\"https:\/\/www.telaled.com\/wp-content\/uploads\/2025\/09\/Configuracao-em-cascata.webp 675w, https:\/\/www.telaled.com\/wp-content\/uploads\/2025\/09\/Configuracao-em-cascata-300x300.webp 300w, https:\/\/www.telaled.com\/wp-content\/uploads\/2025\/09\/Configuracao-em-cascata-150x150.webp 150w, https:\/\/www.telaled.com\/wp-content\/uploads\/2025\/09\/Configuracao-em-cascata-12x12.webp 12w, https:\/\/www.telaled.com\/wp-content\/uploads\/2025\/09\/Configuracao-em-cascata-600x600.webp 600w, https:\/\/www.telaled.com\/wp-content\/uploads\/2025\/09\/Configuracao-em-cascata-100x100.webp 100w\" sizes=\"auto, (max-width: 675px) 100vw, 675px\" \/>\t\t\t\t\t\t\n\t\t\t\t\t<\/div>\n\t\t\t\t\t\t\t\t\n<style>\n#image_417178536 {\n  width: 80%;\n}\n<\/style>\n\t<\/div>\n\t\n<ul>\n<li>It comes with several interface options, making content updates simple and efficient.<\/li>\n<\/ul>\n\t<div class=\"img has-hover x md-x lg-x y md-y lg-y\" id=\"image_725999405\">\n\t\t\t\t\t\t\t\t<div class=\"img-inner dark\" >\n\t\t\t<img loading=\"lazy\" decoding=\"async\" width=\"675\" height=\"675\" src=\"https:\/\/www.telaled.com\/wp-content\/uploads\/2025\/09\/Metodos-de-controle-1.webp\" class=\"attachment-large size-large\" alt=\"Control methods (1)\" srcset=\"https:\/\/www.telaled.com\/wp-content\/uploads\/2025\/09\/Metodos-de-controle-1.webp 675w, https:\/\/www.telaled.com\/wp-content\/uploads\/2025\/09\/Metodos-de-controle-1-300x300.webp 300w, https:\/\/www.telaled.com\/wp-content\/uploads\/2025\/09\/Metodos-de-controle-1-150x150.webp 150w, https:\/\/www.telaled.com\/wp-content\/uploads\/2025\/09\/Metodos-de-controle-1-12x12.webp 12w, https:\/\/www.telaled.com\/wp-content\/uploads\/2025\/09\/Metodos-de-controle-1-600x600.webp 600w, https:\/\/www.telaled.com\/wp-content\/uploads\/2025\/09\/Metodos-de-controle-1-100x100.webp 100w\" sizes=\"auto, (max-width: 675px) 100vw, 675px\" \/>\t\t\t\t\t\t\n\t\t\t\t\t<\/div>\n\t\t\t\t\t\t\t\t\n<style>\n#image_725999405 {\n  width: 80%;\n}\n<\/style>\n\t<\/div>\n\t\n\t\t<\/div>\n\t\t\t\t\t<\/div>\n\n\t\n\n\t<div id=\"col-855774200\" class=\"col medium-10 small-12 large-10\"  >\n\t\t\t\t<div class=\"col-inner text-left\"  >\n\t\t\t\n\t\t\t\n<ul>\n<li>Stand out with an attention-grabbing Vertical LED Totem. Increase your brand&#039;s visibility with powerful visual solutions designed to engage your audience. From single-sided to double-sided LCDs and Vertical LED Totems, our displays make your message clear and compelling. Tell your story with impact, reach customers exactly where they are, and connect with them when it matters most.<\/li>\n<\/ul>\n\t<div class=\"img has-hover x md-x lg-x y md-y lg-y\" id=\"image_923205048\">\n\t\t\t\t\t\t\t\t<div class=\"img-inner dark\" >\n\t\t\t<img loading=\"lazy\" decoding=\"async\" width=\"675\" height=\"675\" src=\"https:\/\/www.telaled.com\/wp-content\/uploads\/2025\/09\/vertical-led-totem12.webp\" class=\"attachment-large size-large\" alt=\"vertical-led-totem12\" srcset=\"https:\/\/www.telaled.com\/wp-content\/uploads\/2025\/09\/vertical-led-totem12.webp 675w, https:\/\/www.telaled.com\/wp-content\/uploads\/2025\/09\/vertical-led-totem12-300x300.webp 300w, https:\/\/www.telaled.com\/wp-content\/uploads\/2025\/09\/vertical-led-totem12-150x150.webp 150w, https:\/\/www.telaled.com\/wp-content\/uploads\/2025\/09\/vertical-led-totem12-12x12.webp 12w, https:\/\/www.telaled.com\/wp-content\/uploads\/2025\/09\/vertical-led-totem12-600x600.webp 600w, https:\/\/www.telaled.com\/wp-content\/uploads\/2025\/09\/vertical-led-totem12-100x100.webp 100w\" sizes=\"auto, (max-width: 675px) 100vw, 675px\" \/>\t\t\t\t\t\t\n\t\t\t\t\t<\/div>\n\t\t\t\t\t\t\t\t\n<style>\n#image_923205048 {\n  width: 80%;\n}\n<\/style>\n\t<\/div>\n\t\n<ul>\n<li>TWC Series vertical LED totems are packaged in reinforced wooden crates to protect them during shipping. Each unit is securely packaged to prevent damage from pests, impacts, and other hazards. This ensures durability and safe delivery.<\/li>\n<\/ul>\n\t<div class=\"img has-hover x md-x lg-x y md-y lg-y\" id=\"image_1344814017\">\n\t\t\t\t\t\t\t\t<div class=\"img-inner dark\" >\n\t\t\t<img loading=\"lazy\" decoding=\"async\" width=\"760\" height=\"1024\" src=\"https:\/\/www.telaled.com\/wp-content\/uploads\/2025\/08\/36123f2c-de60-488d-af81-255cd4aee54a-760x1024.webp\" class=\"attachment-large size-large\" alt=\"\" srcset=\"https:\/\/www.telaled.com\/wp-content\/uploads\/2025\/08\/36123f2c-de60-488d-af81-255cd4aee54a-760x1024.webp 760w, https:\/\/www.telaled.com\/wp-content\/uploads\/2025\/08\/36123f2c-de60-488d-af81-255cd4aee54a-223x300.webp 223w, https:\/\/www.telaled.com\/wp-content\/uploads\/2025\/08\/36123f2c-de60-488d-af81-255cd4aee54a-768x1035.webp 768w, https:\/\/www.telaled.com\/wp-content\/uploads\/2025\/08\/36123f2c-de60-488d-af81-255cd4aee54a-9x12.webp 9w, https:\/\/www.telaled.com\/wp-content\/uploads\/2025\/08\/36123f2c-de60-488d-af81-255cd4aee54a-600x808.webp 600w, https:\/\/www.telaled.com\/wp-content\/uploads\/2025\/08\/36123f2c-de60-488d-af81-255cd4aee54a.webp 795w\" sizes=\"auto, (max-width: 760px) 100vw, 760px\" \/>\t\t\t\t\t\t\n\t\t\t\t\t<\/div>\n\t\t\t\t\t\t\t\t\n<style>\n#image_1344814017 {\n  width: 80%;\n}\n<\/style>\n\t<\/div>\n\t\n\n<table id=\"tablepress-88\" class=\"tablepress tablepress-id-88\">\n<thead>\n<tr class=\"row-1\">\n\t<th class=\"column-1\">Model type<\/th><th class=\"column-2\">TWC-P2.5<\/th><th class=\"column-3\">TWC-P3<\/th><th class=\"column-4\">TWC-P4<\/th><th class=\"column-5\">TWC-P4<\/th>\n<\/tr>\n<\/thead>\n<tbody class=\"row-striping row-hover\">\n<tr class=\"row-2\">\n\t<td class=\"column-1\">Pixel pitch <\/td><td class=\"column-2\">2.5mm<\/td><td class=\"column-3\">3mm<\/td><td class=\"column-4\">4mm<\/td><td class=\"column-5\">4mm<\/td>\n<\/tr>\n<tr class=\"row-3\">\n\t<td class=\"column-1\">LED Type<\/td><td class=\"column-2\">SMD2121 (Black)<\/td><td class=\"column-3\">SMD2121 (Black)<\/td><td class=\"column-4\">SMD2121 (Black)<\/td><td class=\"column-5\">SMD1921<\/td>\n<\/tr>\n<tr class=\"row-4\">\n\t<td class=\"column-1\">Module Resolution<\/td><td class=\"column-2\">64 * 32 dots<\/td><td class=\"column-3\">64 * 64dots<\/td><td class=\"column-4\">64 * 32 dots<\/td><td class=\"column-5\">64 * 32 dots<\/td>\n<\/tr>\n<tr class=\"row-5\">\n\t<td class=\"column-1\">Screen size (H*W)<\/td><td class=\"column-2\">800*1600mm<\/td><td class=\"column-3\">960*1920mm<\/td><td class=\"column-4\">1024*1536mm<\/td><td class=\"column-5\">1024*2048mm<\/td>\n<\/tr>\n<tr class=\"row-6\">\n\t<td class=\"column-1\">Foot size<\/td><td class=\"column-2\">2.62*5.25 feet<\/td><td class=\"column-3\">3.15*6.30 feet<\/td><td class=\"column-4\">3.36*6.72 feet<\/td><td class=\"column-5\">3.36*6.72 feet<\/td>\n<\/tr>\n<tr class=\"row-7\">\n\t<td class=\"column-1\">Screen resolution<\/td><td class=\"column-2\">320 * 640 pixels<\/td><td class=\"column-3\">320 * 640 pixels<\/td><td class=\"column-4\">256 * 512 pixels<\/td><td class=\"column-5\">256 * 512 pixels<\/td>\n<\/tr>\n<tr class=\"row-8\">\n\t<td class=\"column-1\">Materials Cabinet<\/td><td class=\"column-2\">Aluminum<\/td><td class=\"column-3\">Aluminum<\/td><td class=\"column-4\">Aluminum<\/td><td class=\"column-5\">Aluminum<\/td>\n<\/tr>\n<tr class=\"row-9\">\n\t<td class=\"column-1\">Cabinet Weight<\/td><td class=\"column-2\">100KG<\/td><td class=\"column-3\">140KG<\/td><td class=\"column-4\">115 kg<\/td><td class=\"column-5\">170kg<\/td>\n<\/tr>\n<tr class=\"row-10\">\n\t<td class=\"column-1\">Driving procedure<\/td><td class=\"column-2\">\u22653m<\/td><td class=\"column-3\">\u22653m<\/td><td class=\"column-4\">&gt; 4m<\/td><td class=\"column-5\">&gt; 4m<\/td>\n<\/tr>\n<tr class=\"row-11\">\n\t<td class=\"column-1\">Light<\/td><td class=\"column-2\">\u22651000nits<\/td><td class=\"column-3\">\u22651000nits<\/td><td class=\"column-4\">\u22651000nits<\/td><td class=\"column-5\">\u22655000nits<\/td>\n<\/tr>\n<tr class=\"row-12\">\n\t<td class=\"column-1\">Viewing angle<\/td><td class=\"column-2\">140\u00b0 (H)\/140\u00b0(V)<\/td><td class=\"column-3\">140\u00b0 (H)\/140\u00b0(V)<\/td><td class=\"column-4\">140\u00b0 (H)\/140\u00b0(V)<\/td><td class=\"column-5\">140\u00b0 (H)\/140\u00b0(V)<\/td>\n<\/tr>\n<tr class=\"row-13\">\n\t<td class=\"column-1\">Refresh rate<\/td><td class=\"column-2\">1920Hz<\/td><td class=\"column-3\">1920Hz<\/td><td class=\"column-4\">1920Hz<\/td><td class=\"column-5\">1920Hz<\/td>\n<\/tr>\n<tr class=\"row-14\">\n\t<td class=\"column-1\">Input voltage<\/td><td class=\"column-2\">AC 220\/110 \u00b1 15%<\/td><td class=\"column-3\">AC 220\/110 \u00b1 15%<\/td><td class=\"column-4\">AC 220\/110 \u00b1 15%<\/td><td class=\"column-5\">AC 220\/110 \u00b1 15%<\/td>\n<\/tr>\n<tr class=\"row-15\">\n\t<td class=\"column-1\">Maximum power consumption<\/td><td class=\"column-2\">1000W<\/td><td class=\"column-3\">1100W<\/td><td class=\"column-4\">860W<\/td><td class=\"column-5\">1200W<\/td>\n<\/tr>\n<tr class=\"row-16\">\n\t<td class=\"column-1\">Operating temperature (\u2103)<\/td><td class=\"column-2\">-30\u2103 to 60\u2103<\/td><td class=\"column-3\">-30\u2103 to 60\u2103<\/td><td class=\"column-4\">-30\u2103 to 60\u2103<\/td><td class=\"column-5\">-30\u2103 to 60\u2103<\/td>\n<\/tr>\n<tr class=\"row-17\">\n\t<td class=\"column-1\">Moisture production<\/td><td class=\"column-2\">10% ~ 75%<\/td><td class=\"column-3\">10% ~ 75%<\/td><td class=\"column-4\">10% ~ 75%<\/td><td class=\"column-5\">10% ~ 75%<\/td>\n<\/tr>\n<tr class=\"row-18\">\n\t<td class=\"column-1\">Certificate<\/td><td class=\"column-2\">CE, ROHS<\/td><td class=\"column-3\">CE, ROHS<\/td><td class=\"column-4\">CE, ROHS<\/td><td class=\"column-5\">CE, ROHS<\/td>\n<\/tr>\n<\/tbody>\n<\/table>\n\n\t\t<\/div>\n\t\t\t\t\t<\/div>\n\n\t\n<\/div>\n\t\t<\/div>\n\t\t\t\t\t<\/div>\n\n\t\n<\/div>","protected":false},"excerpt":{"rendered":"<p><strong>TWC Series Vertical LED Totem \u2013 Smart Digital Display for 24\/7 Advertising<\/strong><\/p>\n<p>Ours <strong>TWC Series Vertical LED Totem<\/strong> These are versatile digital displays for continuous operation in any environment. With a variety of models, easy installation options, and flexible control methods, they deliver vivid, high-brightness images to maximize your return on investment in indoor and outdoor advertising.<\/p>\n<p><strong>Main features:<\/strong><\/p>\n<ul>\n<li>It works 24\/7 with high brightness that protects against rain, fog or direct sunlight.<\/li>\n<li>Update content via 4G, WiFi, USB, Bluetooth, or Ethernet.<\/li>\n<li>Freestanding, wheeled, wall-mounted, or suspended installations to fit any location.<\/li>\n<li>Built with premium components, tempered glass protection and customizable parameters.<\/li>\n<\/ul>\n<p>Enjoy 24\/7 remote support you can count on, backed by a full 3-year warranty. Contact us today for a free, personalized quote tailored to your specific needs.<\/p>","protected":false},"featured_media":3625,"template":"","meta":[],"product_brand":[],"product_cat":[50,48,40,43],"product_tag":[],"class_list":{"0":"post-3624","1":"product","2":"type-product","3":"status-publish","4":"has-post-thumbnail","6":"product_cat-aluguel-de-painel-de-led","7":"product_cat-paineis-personalizados","8":"product_cat-painel-de-led","9":"product_cat-totem-de-led","11":"first","12":"instock","13":"shipping-taxable","14":"product-type-simple"},"yoast_head":"<!-- This site is optimized with the Yoast SEO plugin v27.5 - https:\/\/yoast.com\/product\/yoast-seo-wordpress\/ -->\n<title>Totem LED Vertical S\u00e9rie TWC | Displays Digitais Atraentes para An\u00fancios Internos e Externos | TELALED<\/title>\n<meta name=\"description\" content=\"Aprimore sua publicidade com um Totem LED Vertical S\u00e9rie TWC. Telas finas, m\u00f3veis e de alto brilho para shoppings, lojas e eventos. Solicite um or\u00e7amento hoje mesmo!\" \/>\n<meta name=\"robots\" content=\"index, follow, max-snippet:-1, max-image-preview:large, max-video-preview:-1\" \/>\n<link rel=\"canonical\" href=\"https:\/\/www.telaled.com\/en\/fabrica\/totem-led-vertical-serie-twc\/\" \/>\n<meta property=\"og:locale\" content=\"en_US\" \/>\n<meta property=\"og:type\" content=\"article\" \/>\n<meta property=\"og:title\" content=\"Totem LED Vertical S\u00e9rie TWC | Displays Digitais Atraentes para An\u00fancios Internos e Externos | TELALED\" \/>\n<meta property=\"og:description\" content=\"Aprimore sua publicidade com um Totem LED Vertical S\u00e9rie TWC. Telas finas, m\u00f3veis e de alto brilho para shoppings, lojas e eventos. Solicite um or\u00e7amento hoje mesmo!\" \/>\n<meta property=\"og:url\" content=\"https:\/\/www.telaled.com\/en\/fabrica\/totem-led-vertical-serie-twc\/\" \/>\n<meta property=\"og:site_name\" content=\"TELALED\" \/>\n<meta property=\"article:modified_time\" content=\"2026-01-06T08:56:07+00:00\" \/>\n<meta property=\"og:image\" content=\"https:\/\/www.telaled.com\/wp-content\/uploads\/2025\/09\/vertical-led-totem.webp\" \/>\n\t<meta property=\"og:image:width\" content=\"500\" \/>\n\t<meta property=\"og:image:height\" content=\"500\" \/>\n\t<meta property=\"og:image:type\" content=\"image\/webp\" \/>\n<meta name=\"twitter:card\" content=\"summary_large_image\" \/>\n<meta name=\"twitter:label1\" content=\"Est. reading time\" \/>\n\t<meta name=\"twitter:data1\" content=\"3 minutes\" \/>\n<script type=\"application\/ld+json\" class=\"yoast-schema-graph\">{\"@context\":\"https:\\\/\\\/schema.org\",\"@graph\":[{\"@type\":\"WebPage\",\"@id\":\"https:\\\/\\\/www.telaled.com\\\/fabrica\\\/totem-led-vertical-serie-twc\\\/\",\"url\":\"https:\\\/\\\/www.telaled.com\\\/fabrica\\\/totem-led-vertical-serie-twc\\\/\",\"name\":\"Totem LED Vertical S\u00e9rie TWC | Displays Digitais Atraentes para An\u00fancios Internos e Externos | TELALED\",\"isPartOf\":{\"@id\":\"https:\\\/\\\/www.telaled.com\\\/#website\"},\"primaryImageOfPage\":{\"@id\":\"https:\\\/\\\/www.telaled.com\\\/fabrica\\\/totem-led-vertical-serie-twc\\\/#primaryimage\"},\"image\":{\"@id\":\"https:\\\/\\\/www.telaled.com\\\/fabrica\\\/totem-led-vertical-serie-twc\\\/#primaryimage\"},\"thumbnailUrl\":\"https:\\\/\\\/www.telaled.com\\\/wp-content\\\/uploads\\\/2025\\\/09\\\/vertical-led-totem.webp\",\"datePublished\":\"2025-09-29T06:06:11+00:00\",\"dateModified\":\"2026-01-06T08:56:07+00:00\",\"description\":\"Aprimore sua publicidade com um Totem LED Vertical S\u00e9rie TWC. Telas finas, m\u00f3veis e de alto brilho para shoppings, lojas e eventos. Solicite um or\u00e7amento hoje mesmo!\",\"breadcrumb\":{\"@id\":\"https:\\\/\\\/www.telaled.com\\\/fabrica\\\/totem-led-vertical-serie-twc\\\/#breadcrumb\"},\"inLanguage\":\"en-US\",\"potentialAction\":[{\"@type\":\"ReadAction\",\"target\":[\"https:\\\/\\\/www.telaled.com\\\/fabrica\\\/totem-led-vertical-serie-twc\\\/\"]}]},{\"@type\":\"ImageObject\",\"inLanguage\":\"en-US\",\"@id\":\"https:\\\/\\\/www.telaled.com\\\/fabrica\\\/totem-led-vertical-serie-twc\\\/#primaryimage\",\"url\":\"https:\\\/\\\/www.telaled.com\\\/wp-content\\\/uploads\\\/2025\\\/09\\\/vertical-led-totem.webp\",\"contentUrl\":\"https:\\\/\\\/www.telaled.com\\\/wp-content\\\/uploads\\\/2025\\\/09\\\/vertical-led-totem.webp\",\"width\":500,\"height\":500,\"caption\":\"vertical-led-totem\"},{\"@type\":\"BreadcrumbList\",\"@id\":\"https:\\\/\\\/www.telaled.com\\\/fabrica\\\/totem-led-vertical-serie-twc\\\/#breadcrumb\",\"itemListElement\":[{\"@type\":\"ListItem\",\"position\":1,\"name\":\"Home\",\"item\":\"https:\\\/\\\/www.telaled.com\\\/\"},{\"@type\":\"ListItem\",\"position\":2,\"name\":\"Produtos\",\"item\":\"https:\\\/\\\/www.telaled.com\\\/shop\\\/\"},{\"@type\":\"ListItem\",\"position\":3,\"name\":\"Totem LED Vertical S\u00e9rie TWC\"}]},{\"@type\":\"WebSite\",\"@id\":\"https:\\\/\\\/www.telaled.com\\\/#website\",\"url\":\"https:\\\/\\\/www.telaled.com\\\/\",\"name\":\"TELALED\",\"description\":\"\",\"potentialAction\":[{\"@type\":\"SearchAction\",\"target\":{\"@type\":\"EntryPoint\",\"urlTemplate\":\"https:\\\/\\\/www.telaled.com\\\/?s={search_term_string}\"},\"query-input\":{\"@type\":\"PropertyValueSpecification\",\"valueRequired\":true,\"valueName\":\"search_term_string\"}}],\"inLanguage\":\"en-US\"}]}<\/script>\n<!-- \/ Yoast SEO plugin. -->","yoast_head_json":{"title":"TWC Series Vertical LED Totem | Attractive Digital Displays for Indoor and Outdoor Advertising | TELALED","description":"Enhance your advertising with a TWC Series Vertical LED Totem. Slim, mobile, high-brightness displays for malls, stores, and events. Request a quote today!","robots":{"index":"index","follow":"follow","max-snippet":"max-snippet:-1","max-image-preview":"max-image-preview:large","max-video-preview":"max-video-preview:-1"},"canonical":"https:\/\/www.telaled.com\/en\/fabrica\/totem-led-vertical-serie-twc\/","og_locale":"en_US","og_type":"article","og_title":"Totem LED Vertical S\u00e9rie TWC | Displays Digitais Atraentes para An\u00fancios Internos e Externos | TELALED","og_description":"Aprimore sua publicidade com um Totem LED Vertical S\u00e9rie TWC. Telas finas, m\u00f3veis e de alto brilho para shoppings, lojas e eventos. Solicite um or\u00e7amento hoje mesmo!","og_url":"https:\/\/www.telaled.com\/en\/fabrica\/totem-led-vertical-serie-twc\/","og_site_name":"TELALED","article_modified_time":"2026-01-06T08:56:07+00:00","og_image":[{"width":500,"height":500,"url":"https:\/\/www.telaled.com\/wp-content\/uploads\/2025\/09\/vertical-led-totem.webp","type":"image\/webp"}],"twitter_card":"summary_large_image","twitter_misc":{"Est. reading time":"3 minutes"},"schema":{"@context":"https:\/\/schema.org","@graph":[{"@type":"WebPage","@id":"https:\/\/www.telaled.com\/fabrica\/totem-led-vertical-serie-twc\/","url":"https:\/\/www.telaled.com\/fabrica\/totem-led-vertical-serie-twc\/","name":"TWC Series Vertical LED Totem | Attractive Digital Displays for Indoor and Outdoor Advertising | TELALED","isPartOf":{"@id":"https:\/\/www.telaled.com\/#website"},"primaryImageOfPage":{"@id":"https:\/\/www.telaled.com\/fabrica\/totem-led-vertical-serie-twc\/#primaryimage"},"image":{"@id":"https:\/\/www.telaled.com\/fabrica\/totem-led-vertical-serie-twc\/#primaryimage"},"thumbnailUrl":"https:\/\/www.telaled.com\/wp-content\/uploads\/2025\/09\/vertical-led-totem.webp","datePublished":"2025-09-29T06:06:11+00:00","dateModified":"2026-01-06T08:56:07+00:00","description":"Enhance your advertising with a TWC Series Vertical LED Totem. Slim, mobile, high-brightness displays for malls, stores, and events. Request a quote today!","breadcrumb":{"@id":"https:\/\/www.telaled.com\/fabrica\/totem-led-vertical-serie-twc\/#breadcrumb"},"inLanguage":"en-US","potentialAction":[{"@type":"ReadAction","target":["https:\/\/www.telaled.com\/fabrica\/totem-led-vertical-serie-twc\/"]}]},{"@type":"ImageObject","inLanguage":"en-US","@id":"https:\/\/www.telaled.com\/fabrica\/totem-led-vertical-serie-twc\/#primaryimage","url":"https:\/\/www.telaled.com\/wp-content\/uploads\/2025\/09\/vertical-led-totem.webp","contentUrl":"https:\/\/www.telaled.com\/wp-content\/uploads\/2025\/09\/vertical-led-totem.webp","width":500,"height":500,"caption":"vertical-led-totem"},{"@type":"BreadcrumbList","@id":"https:\/\/www.telaled.com\/fabrica\/totem-led-vertical-serie-twc\/#breadcrumb","itemListElement":[{"@type":"ListItem","position":1,"name":"Home","item":"https:\/\/www.telaled.com\/"},{"@type":"ListItem","position":2,"name":"Produtos","item":"https:\/\/www.telaled.com\/shop\/"},{"@type":"ListItem","position":3,"name":"Totem LED Vertical S\u00e9rie TWC"}]},{"@type":"WebSite","@id":"https:\/\/www.telaled.com\/#website","url":"https:\/\/www.telaled.com\/","name":"LED screen","description":"","potentialAction":[{"@type":"SearchAction","target":{"@type":"EntryPoint","urlTemplate":"https:\/\/www.telaled.com\/?s={search_term_string}"},"query-input":{"@type":"PropertyValueSpecification","valueRequired":true,"valueName":"search_term_string"}}],"inLanguage":"en-US"}]}},"_links":{"self":[{"href":"https:\/\/www.telaled.com\/en\/wp-json\/wp\/v2\/product\/3624","targetHints":{"allow":["GET"]}}],"collection":[{"href":"https:\/\/www.telaled.com\/en\/wp-json\/wp\/v2\/product"}],"about":[{"href":"https:\/\/www.telaled.com\/en\/wp-json\/wp\/v2\/types\/product"}],"wp:featuredmedia":[{"embeddable":true,"href":"https:\/\/www.telaled.com\/en\/wp-json\/wp\/v2\/media\/3625"}],"wp:attachment":[{"href":"https:\/\/www.telaled.com\/en\/wp-json\/wp\/v2\/media?parent=3624"}],"wp:term":[{"taxonomy":"product_brand","embeddable":true,"href":"https:\/\/www.telaled.com\/en\/wp-json\/wp\/v2\/product_brand?post=3624"},{"taxonomy":"product_cat","embeddable":true,"href":"https:\/\/www.telaled.com\/en\/wp-json\/wp\/v2\/product_cat?post=3624"},{"taxonomy":"product_tag","embeddable":true,"href":"https:\/\/www.telaled.com\/en\/wp-json\/wp\/v2\/product_tag?post=3624"}],"curies":[{"name":"wp","href":"https:\/\/api.w.org\/{rel}","templated":true}]}}