{"id":3349,"date":"2025-09-17T01:29:01","date_gmt":"2025-09-17T01:29:01","guid":{"rendered":"https:\/\/www.telaled.com\/?post_type=product&#038;p=3349"},"modified":"2026-01-06T02:20:16","modified_gmt":"2026-01-06T02:20:16","slug":"shelf-led-screen-serie-tcl","status":"publish","type":"product","link":"https:\/\/www.telaled.com\/en\/fabrica\/shelf-led-screen-serie-tcl\/","title":{"rendered":"TCL Series LED Shelf Screen"},"content":{"rendered":"<div class=\"row\"  id=\"row-1379458237\">\n\n\t<div id=\"col-1652414540\" class=\"col small-12 large-12\"  >\n\t\t\t\t<div class=\"col-inner\"  >\n\t\t\t\n\t\t\t\n<h2>Exclusive Advantages of the TCL Shelf LED Screen Series<\/h2>\n<h3><strong>Superior Durability<\/strong><\/h3>\n<ul>\n<li>Certified to CCC\/CE\/ETL\/FCC standards for safety and reliability.<\/li>\n<li>Operates in a temperature range of -10\u00b0C to 40\u00b0C with a humidity tolerance of 10-90%.<\/li>\n<li>Constructed with robust LED modules designed for long-term use.<\/li>\n<\/ul>\n<h3><strong>Exceptional Visual Quality<\/strong><\/h3>\n<ul>\n<li><a href=\"https:\/\/www.telaled.com\/en\/fabrica\/painel-led-full-hd-da-serie-the\/\">Full HD screen<\/a> with crisp and vibrant colors.<\/li>\n<li>High brightness of 800 cd\/m\u00b2 for clear visibility.<\/li>\n<li>Ultra-wide 160\u00b0\/120\u00b0 viewing angles for consistent clarity.<\/li>\n<li>3840Hz refresh rate for smooth, flicker-free playback.<\/li>\n<\/ul>\n<h3><strong>Complete Adaptability<\/strong><\/h3>\n<ul>\n<li>Horizontal and portrait switching for flexible display layouts.<\/li>\n<li>Auto-loop playback for seamless, hassle-free content.<\/li>\n<li>Seamless connectivity with WiFi, USB, and Ethernet options.<\/li>\n<\/ul>\n<h3><strong>Comprehensive Support<\/strong><\/h3>\n<ul>\n<li>24\/7 Remote Technical Support: Access expert assistance anytime, anywhere.<\/li>\n<li>5% of spare parts included: Each order includes additional components to increase reliability and provide peace of mind.<\/li>\n<li>3-Year Extended Warranty: Enjoy long-term convergence for better performance and reliable service.<\/li>\n<\/ul>\n<h2>Product details<\/h2>\n<div class=\"row\"  id=\"row-944896619\">\n\n\t<div id=\"col-552743393\" class=\"col medium-10 small-12 large-10\"  >\n\t\t\t\t<div class=\"col-inner text-left\"  >\n\t\t\t\n\t\t\t\n<ul>\n<li>Offers true ease: Instantly switch between landscape and portrait displays with smart conversion technology that adapts to any setup. One screen, multiple applications; designed to meet your needs without compromise.<\/li>\n<\/ul>\n\t<div class=\"img has-hover x md-x lg-x y md-y lg-y\" id=\"image_391818455\">\n\t\t\t\t\t\t\t\t<div class=\"img-inner dark\" >\n\t\t\t<img loading=\"lazy\" decoding=\"async\" width=\"640\" height=\"430\" src=\"https:\/\/www.telaled.com\/wp-content\/uploads\/2025\/09\/Alternancia-horizontal-e-retrato.webp\" class=\"attachment-original size-original\" alt=\"Alternating horizontal and portrait\" srcset=\"https:\/\/www.telaled.com\/wp-content\/uploads\/2025\/09\/Alternancia-horizontal-e-retrato.webp 640w, https:\/\/www.telaled.com\/wp-content\/uploads\/2025\/09\/Alternancia-horizontal-e-retrato-300x202.webp 300w, https:\/\/www.telaled.com\/wp-content\/uploads\/2025\/09\/Alternancia-horizontal-e-retrato-18x12.webp 18w, https:\/\/www.telaled.com\/wp-content\/uploads\/2025\/09\/Alternancia-horizontal-e-retrato-600x403.webp 600w\" sizes=\"auto, (max-width: 640px) 100vw, 640px\" \/>\t\t\t\t\t\t\n\t\t\t\t\t<\/div>\n\t\t\t\t\t\t\t\t\n<style>\n#image_391818455 {\n  width: 95%;\n}\n<\/style>\n\t<\/div>\n\t\n<ul>\n<li>It facilitates content delivery with Wi-Fi connectivity and automatic playback, playing images, videos, and music in continuous loops. Compatible with MP3, MP4, Flash, JPG, AVI, PDF, PPT, and Word files, it keeps your message flowing smoothly in any format.<\/li>\n<\/ul>\n\t\t<\/div>\n\t\t\t\t\t<\/div>\n\n\t\n\n\t<div id=\"col-1345865417\" class=\"col medium-10 small-12 large-10\"  >\n\t\t\t\t<div class=\"col-inner text-left\"  >\n\t\t\t\n\t\t\t\n\t<div class=\"img has-hover x md-x lg-x y md-y lg-y\" id=\"image_659065682\">\n\t\t\t\t\t\t\t\t<div class=\"img-inner dark\" >\n\t\t\t<img loading=\"lazy\" decoding=\"async\" width=\"804\" height=\"494\" src=\"https:\/\/www.telaled.com\/wp-content\/uploads\/2025\/09\/Conectividade-perfeita.webp\" class=\"attachment-large size-large\" alt=\"\" srcset=\"https:\/\/www.telaled.com\/wp-content\/uploads\/2025\/09\/Conectividade-perfeita.webp 804w, https:\/\/www.telaled.com\/wp-content\/uploads\/2025\/09\/Conectividade-perfeita-300x184.webp 300w, https:\/\/www.telaled.com\/wp-content\/uploads\/2025\/09\/Conectividade-perfeita-768x472.webp 768w, https:\/\/www.telaled.com\/wp-content\/uploads\/2025\/09\/Conectividade-perfeita-18x12.webp 18w, https:\/\/www.telaled.com\/wp-content\/uploads\/2025\/09\/Conectividade-perfeita-600x369.webp 600w\" sizes=\"auto, (max-width: 804px) 100vw, 804px\" \/>\t\t\t\t\t\t\n\t\t\t\t\t<\/div>\n\t\t\t\t\t\t\t\t\n<style>\n#image_659065682 {\n  width: 95%;\n}\n<\/style>\n\t<\/div>\n\t\n<ul>\n<li>It offers sharp images in <a href=\"https:\/\/www.telaled.com\/en\/fabrica\/painel-de-led-hd-serie-tho\/\">HD<\/a>, Remote access for easy control and an ultra-wide viewing angle that remains clear from all angles. A built-in timer controls programmed on\/off functions, while the high refresh rate keeps playback smooth and flicker-free.<\/li>\n<\/ul>\n\t<div class=\"img has-hover x md-x lg-x y md-y lg-y\" id=\"image_1863851123\">\n\t\t\t\t\t\t\t\t<div class=\"img-inner dark\" >\n\t\t\t<img loading=\"lazy\" decoding=\"async\" width=\"1020\" height=\"355\" src=\"https:\/\/www.telaled.com\/wp-content\/uploads\/2025\/09\/Recursos-avancados-1024x356.webp\" class=\"attachment-large size-large\" alt=\"Advanced Features\" srcset=\"https:\/\/www.telaled.com\/wp-content\/uploads\/2025\/09\/Recursos-avancados-1024x356.webp 1024w, https:\/\/www.telaled.com\/wp-content\/uploads\/2025\/09\/Recursos-avancados-300x104.webp 300w, https:\/\/www.telaled.com\/wp-content\/uploads\/2025\/09\/Recursos-avancados-768x267.webp 768w, https:\/\/www.telaled.com\/wp-content\/uploads\/2025\/09\/Recursos-avancados-18x6.webp 18w, https:\/\/www.telaled.com\/wp-content\/uploads\/2025\/09\/Recursos-avancados-600x208.webp 600w, https:\/\/www.telaled.com\/wp-content\/uploads\/2025\/09\/Recursos-avancados.webp 1440w\" sizes=\"auto, (max-width: 1020px) 100vw, 1020px\" \/>\t\t\t\t\t\t\n\t\t\t\t\t<\/div>\n\t\t\t\t\t\t\t\t\n<style>\n#image_1863851123 {\n  width: 95%;\n}\n<\/style>\n\t<\/div>\n\t\n\t\t<\/div>\n\t\t\t\t\t<\/div>\n\n\t\n\n\t<div id=\"col-1519863748\" class=\"col medium-10 small-12 large-10\"  >\n\t\t\t\t<div class=\"col-inner text-left\"  >\n\t\t\t\n\t\t\t\n<ul>\n<li>Keep your ads running smoothly with automatic looping. Set custom intervals to control the flow of your content and keep promotions simple, consistent, and engaging.<\/li>\n<\/ul>\n\t<div class=\"img has-hover x md-x lg-x y md-y lg-y\" id=\"image_1941837301\">\n\t\t\t\t\t\t\t\t<div class=\"img-inner dark\" >\n\t\t\t<img loading=\"lazy\" decoding=\"async\" width=\"1020\" height=\"345\" src=\"https:\/\/www.telaled.com\/wp-content\/uploads\/2025\/09\/Reproducao-Automatica-de-Loop-1024x346.webp\" class=\"attachment-large size-large\" alt=\"\" srcset=\"https:\/\/www.telaled.com\/wp-content\/uploads\/2025\/09\/Reproducao-Automatica-de-Loop-1024x346.webp 1024w, https:\/\/www.telaled.com\/wp-content\/uploads\/2025\/09\/Reproducao-Automatica-de-Loop-300x101.webp 300w, https:\/\/www.telaled.com\/wp-content\/uploads\/2025\/09\/Reproducao-Automatica-de-Loop-768x259.webp 768w, https:\/\/www.telaled.com\/wp-content\/uploads\/2025\/09\/Reproducao-Automatica-de-Loop-18x6.webp 18w, https:\/\/www.telaled.com\/wp-content\/uploads\/2025\/09\/Reproducao-Automatica-de-Loop-600x203.webp 600w, https:\/\/www.telaled.com\/wp-content\/uploads\/2025\/09\/Reproducao-Automatica-de-Loop.webp 1184w\" sizes=\"auto, (max-width: 1020px) 100vw, 1020px\" \/>\t\t\t\t\t\t\n\t\t\t\t\t<\/div>\n\t\t\t\t\t\t\t\t\n<style>\n#image_1941837301 {\n  width: 95%;\n}\n<\/style>\n\t<\/div>\n\t\n<ul>\n<li>Our TCL Series Shelf LED Screens are packed in reinforced wooden crates to protect them during transit. Each unit is securely packaged to prevent damage from pests, impacts, and other hazards. This ensures durability and safe delivery.<\/li>\n<\/ul>\n\t<div class=\"img has-hover x md-x lg-x y md-y lg-y\" id=\"image_1576880948\">\n\t\t\t\t\t\t\t\t<div class=\"img-inner dark\" >\n\t\t\t<img loading=\"lazy\" decoding=\"async\" width=\"760\" height=\"1024\" src=\"https:\/\/www.telaled.com\/wp-content\/uploads\/2025\/08\/36123f2c-de60-488d-af81-255cd4aee54a-760x1024.webp\" class=\"attachment-large size-large\" alt=\"\" srcset=\"https:\/\/www.telaled.com\/wp-content\/uploads\/2025\/08\/36123f2c-de60-488d-af81-255cd4aee54a-760x1024.webp 760w, https:\/\/www.telaled.com\/wp-content\/uploads\/2025\/08\/36123f2c-de60-488d-af81-255cd4aee54a-223x300.webp 223w, https:\/\/www.telaled.com\/wp-content\/uploads\/2025\/08\/36123f2c-de60-488d-af81-255cd4aee54a-768x1035.webp 768w, https:\/\/www.telaled.com\/wp-content\/uploads\/2025\/08\/36123f2c-de60-488d-af81-255cd4aee54a-9x12.webp 9w, https:\/\/www.telaled.com\/wp-content\/uploads\/2025\/08\/36123f2c-de60-488d-af81-255cd4aee54a-600x808.webp 600w, https:\/\/www.telaled.com\/wp-content\/uploads\/2025\/08\/36123f2c-de60-488d-af81-255cd4aee54a.webp 795w\" sizes=\"auto, (max-width: 760px) 100vw, 760px\" \/>\t\t\t\t\t\t\n\t\t\t\t\t<\/div>\n\t\t\t\t\t\t\t\t\n<style>\n#image_1576880948 {\n  width: 95%;\n}\n<\/style>\n\t<\/div>\n\t\n\n<table id=\"tablepress-79\" class=\"tablepress tablepress-id-79\">\n<thead>\n<tr class=\"row-1\">\n\t<th class=\"column-1\">Pixel pitch (mm)<\/th><th class=\"column-2\">P1.2mm<\/th><th class=\"column-3\">P1.5mm<\/th><th class=\"column-4\">P1.875mm<\/th>\n<\/tr>\n<\/thead>\n<tbody class=\"row-striping row-hover\">\n<tr class=\"row-2\">\n\t<td class=\"column-1\">Viewing angle (H\/V)<\/td><td class=\"column-2\">160\u00b0\/120\u00b0<\/td><td class=\"column-3\">160\u00b0\/120\u00b0<\/td><td class=\"column-4\">160\u00b0\/120\u00b0<\/td>\n<\/tr>\n<tr class=\"row-3\">\n\t<td class=\"column-1\">Brightness (cd\/m\u00b2)<\/td><td class=\"column-2\">800<\/td><td class=\"column-3\">800<\/td><td class=\"column-4\">800<\/td>\n<\/tr>\n<tr class=\"row-4\">\n\t<td class=\"column-1\">Refresh rate (Hz)<\/td><td class=\"column-2\">>3840<\/td><td class=\"column-3\">>3840<\/td><td class=\"column-4\">>3840<\/td>\n<\/tr>\n<tr class=\"row-5\">\n\t<td class=\"column-1\">Optimized viewing distance (m)<\/td><td class=\"column-2\">1~10<\/td><td class=\"column-3\">1~10<\/td><td class=\"column-4\">1~10<\/td>\n<\/tr>\n<tr class=\"row-6\">\n\t<td class=\"column-1\">Input voltage<\/td><td class=\"column-2\">AC110V Or AC220V+10\/60HZ<\/td><td class=\"column-3\"><\/td><td class=\"column-4\"><\/td>\n<\/tr>\n<tr class=\"row-7\">\n\t<td class=\"column-1\">Input interface<\/td><td class=\"column-2\">Ethernet\/USB\/Wi-Fi<\/td><td class=\"column-3\">Ethernet\/USB\/Wi-Fi<\/td><td class=\"column-4\">Ethernet\/USB\/Wi-Fi<\/td>\n<\/tr>\n<tr class=\"row-8\">\n\t<td class=\"column-1\">Module size in pixels (WxH)<\/td><td class=\"column-2\">250x50<\/td><td class=\"column-3\">200x40<\/td><td class=\"column-4\">160x32<\/td>\n<\/tr>\n<tr class=\"row-9\">\n\t<td class=\"column-1\">Module size in mm (WxH)<\/td><td class=\"column-2\">300x60mm<\/td><td class=\"column-3\">300x60mm<\/td><td class=\"column-4\">300x60mm<\/td>\n<\/tr>\n<tr class=\"row-10\">\n\t<td class=\"column-1\">IP rating<\/td><td class=\"column-2\">IP40<\/td><td class=\"column-3\">IP40<\/td><td class=\"column-4\">IP40<\/td>\n<\/tr>\n<tr class=\"row-11\">\n\t<td class=\"column-1\">Maintenance<\/td><td class=\"column-2\">Rear<\/td><td class=\"column-3\">Rear<\/td><td class=\"column-4\">Rear<\/td>\n<\/tr>\n<tr class=\"row-12\">\n\t<td class=\"column-1\">Maintenance Operating Temperature\/Humidity (\u2103\/RH)<\/td><td class=\"column-2\">-10*C-40*C\/10-90RH%<\/td><td class=\"column-3\">-10*C-40*C\/10-90RH%<\/td><td class=\"column-4\">-10*C-40*C\/10-90RH%<\/td>\n<\/tr>\n<tr class=\"row-13\">\n\t<td class=\"column-1\">Certification<\/td><td class=\"column-2\">CCC\/CE\/ETL\/FCC<\/td><td class=\"column-3\">CCC\/CE\/ETL\/FCC<\/td><td class=\"column-4\">CCC\/CE\/ETL\/FCC<\/td>\n<\/tr>\n<\/tbody>\n<\/table>\n<!-- #tablepress-79 from cache -->\n\t\t<\/div>\n\t\t\t\t\t<\/div>\n\n\t\n<\/div>\n\t\t<\/div>\n\t\t\t\t\t<\/div>\n\n\t\n<\/div>","protected":false},"excerpt":{"rendered":"<p><strong>TCL Series Shelf LED Screen \u2013 Innovative Retail Display<\/strong><\/p>\n<p>A mechanical display designed for retail spaces. With options for <a href=\"https:\/\/www.telaled.com\/en\/pixel-pitch\/\">pixel pitch<\/a> Customizable, a compact 300\u00d760 mm module, and intelligent switching between landscape and portrait modes.<\/p>\n<p><strong>Main features:<\/strong><\/p>\n<ul>\n<li><strong>Customizable pixel pitch<\/strong>Available in 1.2 mm, 1.5 mm and 1.85 mm for clear and crisp visuals.<\/li>\n<li><strong>Compact module size:<\/strong> The 300\u00d760mm design makes it adaptable to various shelf layouts.<\/li>\n<li><strong>Horizontal and portrait switching:<\/strong> Smart technology allows for quick adjustments between layouts.<\/li>\n<li><strong>Innovative and intelligent design:<\/strong> A modern display solution that enhances the appearance of retail environments.<\/li>\n<\/ul>\n<p>Our team offers 24\/7 remote support and a 3-year warranty. Contact us today for a personalized quote.<\/p>","protected":false},"featured_media":3350,"template":"","meta":[],"product_brand":[],"product_cat":[48,40],"product_tag":[],"class_list":{"0":"post-3349","1":"product","2":"type-product","3":"status-publish","4":"has-post-thumbnail","6":"product_cat-paineis-personalizados","7":"product_cat-painel-de-led","9":"first","10":"instock","11":"shipping-taxable","12":"product-type-simple"},"yoast_head":"<!-- This site is optimized with the Yoast SEO plugin v27.5 - https:\/\/yoast.com\/product\/yoast-seo-wordpress\/ -->\n<title>Shelf LED Screen S\u00e9rie TCL | Tela LED Personalizada para Varejo | TELALED<\/title>\n<meta name=\"description\" content=\"Nossa Shelf LED Screen S\u00e9rie TCL oferece altern\u00e2ncia inovadora entre horizontal e vertical, design fino e pixel pitch personaliz\u00e1vel. Perfeita para prateleiras de varejo e solu\u00e7\u00f5es de display inteligente. Entre em contato para obter pre\u00e7os de atacado.\" \/>\n<meta name=\"robots\" content=\"index, follow, max-snippet:-1, max-image-preview:large, max-video-preview:-1\" \/>\n<link rel=\"canonical\" href=\"https:\/\/www.telaled.com\/en\/fabrica\/shelf-led-screen-serie-tcl\/\" \/>\n<meta property=\"og:locale\" content=\"en_US\" \/>\n<meta property=\"og:type\" content=\"article\" \/>\n<meta property=\"og:title\" content=\"Shelf LED Screen S\u00e9rie TCL | Tela LED Personalizada para Varejo | TELALED\" \/>\n<meta property=\"og:description\" content=\"Nossa Shelf LED Screen S\u00e9rie TCL oferece altern\u00e2ncia inovadora entre horizontal e vertical, design fino e pixel pitch personaliz\u00e1vel. Perfeita para prateleiras de varejo e solu\u00e7\u00f5es de display inteligente. Entre em contato para obter pre\u00e7os de atacado.\" \/>\n<meta property=\"og:url\" content=\"https:\/\/www.telaled.com\/en\/fabrica\/shelf-led-screen-serie-tcl\/\" \/>\n<meta property=\"og:site_name\" content=\"TELALED\" \/>\n<meta property=\"article:modified_time\" content=\"2026-01-06T02:20:16+00:00\" \/>\n<meta property=\"og:image\" content=\"https:\/\/www.telaled.com\/wp-content\/uploads\/2025\/09\/Shelf-LED-Screen-Serie-TCL.webp\" \/>\n\t<meta property=\"og:image:width\" content=\"500\" \/>\n\t<meta property=\"og:image:height\" content=\"500\" \/>\n\t<meta property=\"og:image:type\" content=\"image\/webp\" \/>\n<meta name=\"twitter:card\" content=\"summary_large_image\" \/>\n<meta name=\"twitter:label1\" content=\"Est. reading time\" \/>\n\t<meta name=\"twitter:data1\" content=\"3 minutes\" \/>\n<script type=\"application\/ld+json\" class=\"yoast-schema-graph\">{\"@context\":\"https:\\\/\\\/schema.org\",\"@graph\":[{\"@type\":\"WebPage\",\"@id\":\"https:\\\/\\\/www.telaled.com\\\/fabrica\\\/shelf-led-screen-serie-tcl\\\/\",\"url\":\"https:\\\/\\\/www.telaled.com\\\/fabrica\\\/shelf-led-screen-serie-tcl\\\/\",\"name\":\"Shelf LED Screen S\u00e9rie TCL | Tela LED Personalizada para Varejo | TELALED\",\"isPartOf\":{\"@id\":\"https:\\\/\\\/www.telaled.com\\\/#website\"},\"primaryImageOfPage\":{\"@id\":\"https:\\\/\\\/www.telaled.com\\\/fabrica\\\/shelf-led-screen-serie-tcl\\\/#primaryimage\"},\"image\":{\"@id\":\"https:\\\/\\\/www.telaled.com\\\/fabrica\\\/shelf-led-screen-serie-tcl\\\/#primaryimage\"},\"thumbnailUrl\":\"https:\\\/\\\/www.telaled.com\\\/wp-content\\\/uploads\\\/2025\\\/09\\\/Shelf-LED-Screen-Serie-TCL.webp\",\"datePublished\":\"2025-09-17T01:29:01+00:00\",\"dateModified\":\"2026-01-06T02:20:16+00:00\",\"description\":\"Nossa Shelf LED Screen S\u00e9rie TCL oferece altern\u00e2ncia inovadora entre horizontal e vertical, design fino e pixel pitch personaliz\u00e1vel. Perfeita para prateleiras de varejo e solu\u00e7\u00f5es de display inteligente. Entre em contato para obter pre\u00e7os de atacado.\",\"breadcrumb\":{\"@id\":\"https:\\\/\\\/www.telaled.com\\\/fabrica\\\/shelf-led-screen-serie-tcl\\\/#breadcrumb\"},\"inLanguage\":\"en-US\",\"potentialAction\":[{\"@type\":\"ReadAction\",\"target\":[\"https:\\\/\\\/www.telaled.com\\\/fabrica\\\/shelf-led-screen-serie-tcl\\\/\"]}]},{\"@type\":\"ImageObject\",\"inLanguage\":\"en-US\",\"@id\":\"https:\\\/\\\/www.telaled.com\\\/fabrica\\\/shelf-led-screen-serie-tcl\\\/#primaryimage\",\"url\":\"https:\\\/\\\/www.telaled.com\\\/wp-content\\\/uploads\\\/2025\\\/09\\\/Shelf-LED-Screen-Serie-TCL.webp\",\"contentUrl\":\"https:\\\/\\\/www.telaled.com\\\/wp-content\\\/uploads\\\/2025\\\/09\\\/Shelf-LED-Screen-Serie-TCL.webp\",\"width\":500,\"height\":500,\"caption\":\"Shelf-LED-Screen-S\u00e9rie-TCL\"},{\"@type\":\"BreadcrumbList\",\"@id\":\"https:\\\/\\\/www.telaled.com\\\/fabrica\\\/shelf-led-screen-serie-tcl\\\/#breadcrumb\",\"itemListElement\":[{\"@type\":\"ListItem\",\"position\":1,\"name\":\"Home\",\"item\":\"https:\\\/\\\/www.telaled.com\\\/\"},{\"@type\":\"ListItem\",\"position\":2,\"name\":\"Produtos\",\"item\":\"https:\\\/\\\/www.telaled.com\\\/shop\\\/\"},{\"@type\":\"ListItem\",\"position\":3,\"name\":\"Shelf LED Screen S\u00e9rie TCL\"}]},{\"@type\":\"WebSite\",\"@id\":\"https:\\\/\\\/www.telaled.com\\\/#website\",\"url\":\"https:\\\/\\\/www.telaled.com\\\/\",\"name\":\"TELALED\",\"description\":\"\",\"potentialAction\":[{\"@type\":\"SearchAction\",\"target\":{\"@type\":\"EntryPoint\",\"urlTemplate\":\"https:\\\/\\\/www.telaled.com\\\/?s={search_term_string}\"},\"query-input\":{\"@type\":\"PropertyValueSpecification\",\"valueRequired\":true,\"valueName\":\"search_term_string\"}}],\"inLanguage\":\"en-US\"}]}<\/script>\n<!-- \/ Yoast SEO plugin. -->","yoast_head_json":{"title":"TCL Series Shelf LED Screen | Custom LED Screen for Retail | TELALED","description":"Our TCL Shelf LED Screen Series offers innovative horizontal and vertical switching, a slim design, and customizable pixel pitch. Perfect for retail shelves and smart display solutions. Contact us for wholesale pricing.","robots":{"index":"index","follow":"follow","max-snippet":"max-snippet:-1","max-image-preview":"max-image-preview:large","max-video-preview":"max-video-preview:-1"},"canonical":"https:\/\/www.telaled.com\/en\/fabrica\/shelf-led-screen-serie-tcl\/","og_locale":"en_US","og_type":"article","og_title":"Shelf LED Screen S\u00e9rie TCL | Tela LED Personalizada para Varejo | TELALED","og_description":"Nossa Shelf LED Screen S\u00e9rie TCL oferece altern\u00e2ncia inovadora entre horizontal e vertical, design fino e pixel pitch personaliz\u00e1vel. Perfeita para prateleiras de varejo e solu\u00e7\u00f5es de display inteligente. Entre em contato para obter pre\u00e7os de atacado.","og_url":"https:\/\/www.telaled.com\/en\/fabrica\/shelf-led-screen-serie-tcl\/","og_site_name":"TELALED","article_modified_time":"2026-01-06T02:20:16+00:00","og_image":[{"width":500,"height":500,"url":"https:\/\/www.telaled.com\/wp-content\/uploads\/2025\/09\/Shelf-LED-Screen-Serie-TCL.webp","type":"image\/webp"}],"twitter_card":"summary_large_image","twitter_misc":{"Est. reading time":"3 minutes"},"schema":{"@context":"https:\/\/schema.org","@graph":[{"@type":"WebPage","@id":"https:\/\/www.telaled.com\/fabrica\/shelf-led-screen-serie-tcl\/","url":"https:\/\/www.telaled.com\/fabrica\/shelf-led-screen-serie-tcl\/","name":"TCL Series Shelf LED Screen | Custom LED Screen for Retail | TELALED","isPartOf":{"@id":"https:\/\/www.telaled.com\/#website"},"primaryImageOfPage":{"@id":"https:\/\/www.telaled.com\/fabrica\/shelf-led-screen-serie-tcl\/#primaryimage"},"image":{"@id":"https:\/\/www.telaled.com\/fabrica\/shelf-led-screen-serie-tcl\/#primaryimage"},"thumbnailUrl":"https:\/\/www.telaled.com\/wp-content\/uploads\/2025\/09\/Shelf-LED-Screen-Serie-TCL.webp","datePublished":"2025-09-17T01:29:01+00:00","dateModified":"2026-01-06T02:20:16+00:00","description":"Our TCL Shelf LED Screen Series offers innovative horizontal and vertical switching, a slim design, and customizable pixel pitch. Perfect for retail shelves and smart display solutions. Contact us for wholesale pricing.","breadcrumb":{"@id":"https:\/\/www.telaled.com\/fabrica\/shelf-led-screen-serie-tcl\/#breadcrumb"},"inLanguage":"en-US","potentialAction":[{"@type":"ReadAction","target":["https:\/\/www.telaled.com\/fabrica\/shelf-led-screen-serie-tcl\/"]}]},{"@type":"ImageObject","inLanguage":"en-US","@id":"https:\/\/www.telaled.com\/fabrica\/shelf-led-screen-serie-tcl\/#primaryimage","url":"https:\/\/www.telaled.com\/wp-content\/uploads\/2025\/09\/Shelf-LED-Screen-Serie-TCL.webp","contentUrl":"https:\/\/www.telaled.com\/wp-content\/uploads\/2025\/09\/Shelf-LED-Screen-Serie-TCL.webp","width":500,"height":500,"caption":"Shelf-LED-Screen-S\u00e9rie-TCL"},{"@type":"BreadcrumbList","@id":"https:\/\/www.telaled.com\/fabrica\/shelf-led-screen-serie-tcl\/#breadcrumb","itemListElement":[{"@type":"ListItem","position":1,"name":"Home","item":"https:\/\/www.telaled.com\/"},{"@type":"ListItem","position":2,"name":"Produtos","item":"https:\/\/www.telaled.com\/shop\/"},{"@type":"ListItem","position":3,"name":"Shelf LED Screen S\u00e9rie TCL"}]},{"@type":"WebSite","@id":"https:\/\/www.telaled.com\/#website","url":"https:\/\/www.telaled.com\/","name":"LED screen","description":"","potentialAction":[{"@type":"SearchAction","target":{"@type":"EntryPoint","urlTemplate":"https:\/\/www.telaled.com\/?s={search_term_string}"},"query-input":{"@type":"PropertyValueSpecification","valueRequired":true,"valueName":"search_term_string"}}],"inLanguage":"en-US"}]}},"_links":{"self":[{"href":"https:\/\/www.telaled.com\/en\/wp-json\/wp\/v2\/product\/3349","targetHints":{"allow":["GET"]}}],"collection":[{"href":"https:\/\/www.telaled.com\/en\/wp-json\/wp\/v2\/product"}],"about":[{"href":"https:\/\/www.telaled.com\/en\/wp-json\/wp\/v2\/types\/product"}],"wp:featuredmedia":[{"embeddable":true,"href":"https:\/\/www.telaled.com\/en\/wp-json\/wp\/v2\/media\/3350"}],"wp:attachment":[{"href":"https:\/\/www.telaled.com\/en\/wp-json\/wp\/v2\/media?parent=3349"}],"wp:term":[{"taxonomy":"product_brand","embeddable":true,"href":"https:\/\/www.telaled.com\/en\/wp-json\/wp\/v2\/product_brand?post=3349"},{"taxonomy":"product_cat","embeddable":true,"href":"https:\/\/www.telaled.com\/en\/wp-json\/wp\/v2\/product_cat?post=3349"},{"taxonomy":"product_tag","embeddable":true,"href":"https:\/\/www.telaled.com\/en\/wp-json\/wp\/v2\/product_tag?post=3349"}],"curies":[{"name":"wp","href":"https:\/\/api.w.org\/{rel}","templated":true}]}}