{"id":3277,"date":"2025-09-09T10:03:44","date_gmt":"2025-09-09T10:03:44","guid":{"rendered":"https:\/\/www.telaled.com\/?post_type=product&#038;p=3277"},"modified":"2026-01-06T00:51:09","modified_gmt":"2026-01-06T00:51:09","slug":"painel-de-led-letras-serie-tcg","status":"publish","type":"product","link":"https:\/\/www.telaled.com\/en\/fabrica\/painel-de-led-letras-serie-tcg\/","title":{"rendered":"TCG Series LED Letter Panel"},"content":{"rendered":"<div class=\"row\"  id=\"row-901835082\">\n\n\t<div id=\"col-2133210928\" class=\"col small-12 large-12\"  >\n\t\t\t\t<div class=\"col-inner\"  >\n\t\t\t\n\t\t\t\n<h2>Exclusive advantages of the TCG Series LED Letter Panel<\/h2>\n<h3><strong>Superior Durability<\/strong><\/h3>\n<ul>\n<li>Designed for indoor and outdoor use.<\/li>\n<li>Constructed with durable modular LED panels for long-lasting performance.<\/li>\n<li>Resistant to weather conditions (rain, wind, sun) to maintain functionality.<\/li>\n<li>Ideal for high-traffic environments such as shopping malls, airports and bars.<\/li>\n<\/ul>\n<h3><strong>Exceptional Visual Quality<\/strong><\/h3>\n<ul>\n<li>It offers vibrant colors and sharp, eye-catching effects.<\/li>\n<li>Able to play video directly on the surface of the letter or logo.<\/li>\n<li>Perfect for creating engaging, attention-grabbing content.<\/li>\n<li>Increase brand visibility with dynamic visuals.<\/li>\n<\/ul>\n<h3><strong>Complete Adaptability<\/strong><\/h3>\n<ul>\n<li>Available in a wide variety of sizes and configurations.<\/li>\n<li>Customizable formats and modular designs.<\/li>\n<li>It can be adapted to meet specific needs and environments.<\/li>\n<li>Provides flexibility to create unique displays for any brand or location.<\/li>\n<\/ul>\n<h3><strong>Comprehensive Support<\/strong><\/h3>\n<ul>\n<li>24\/7 Remote Technical Support: Access expert assistance anytime, anywhere.<\/li>\n<li>5% of spare parts included: Each order includes additional components to increase reliability and provide peace of mind.<\/li>\n<li>3-Year Extended Warranty: Enjoy long-term convergence for better performance and reliable service.<\/li>\n<\/ul>\n<h2>Product details<\/h2>\n<div class=\"row\"  id=\"row-1245010425\">\n\n\t<div id=\"col-2095463988\" class=\"col medium-10 small-12 large-10\"  >\n\t\t\t\t<div class=\"col-inner text-left\"  >\n\t\t\t\n\t\t\t\n<ul>\n<li>Allows you to design LED displays exactly to your needs. From custom graphics and free-standing assembly to unique logos, it allows you to create one-of-a-kind displays. With mobile control and smart features, you have the flexibility to bring your vision to life with ease and precision.<\/li>\n<\/ul>\n\t<div class=\"img has-hover x md-x lg-x y md-y lg-y\" id=\"image_866868847\">\n\t\t\t\t\t\t\t\t<div class=\"img-inner dark\" >\n\t\t\t<img loading=\"lazy\" decoding=\"async\" width=\"600\" height=\"400\" src=\"https:\/\/www.telaled.com\/wp-content\/uploads\/2025\/09\/Personalizacao-Criativa-DIY.webp\" class=\"attachment-original size-original\" alt=\"Creative-DIY-Personalization\" srcset=\"https:\/\/www.telaled.com\/wp-content\/uploads\/2025\/09\/Personalizacao-Criativa-DIY.webp 600w, https:\/\/www.telaled.com\/wp-content\/uploads\/2025\/09\/Personalizacao-Criativa-DIY-300x200.webp 300w, https:\/\/www.telaled.com\/wp-content\/uploads\/2025\/09\/Personalizacao-Criativa-DIY-18x12.webp 18w\" sizes=\"auto, (max-width: 600px) 100vw, 600px\" \/>\t\t\t\t\t\t\n\t\t\t\t\t<\/div>\n\t\t\t\t\t\t\t\t\n<style>\n#image_866868847 {\n  width: 95%;\n}\n<\/style>\n\t<\/div>\n\t\n<ul>\n<li>Featuring seamless seams, they offer a simple, elegant design that&#039;s both stable and durable. With high brightness and uniformity, these monitors deliver a premium visual experience that stands out in any environment.<\/li>\n<\/ul>\n\t\t<\/div>\n\t\t\t\t\t<\/div>\n\n\t\n\n\t<div id=\"col-1336850952\" class=\"col medium-10 small-12 large-10\"  >\n\t\t\t\t<div class=\"col-inner text-left\"  >\n\t\t\t\n\t\t\t\n\t<div class=\"img has-hover x md-x lg-x y md-y lg-y\" id=\"image_1574781922\">\n\t\t\t\t\t\t\t\t<div class=\"img-inner dark\" >\n\t\t\t<img loading=\"lazy\" decoding=\"async\" width=\"600\" height=\"400\" src=\"https:\/\/www.telaled.com\/wp-content\/uploads\/2025\/09\/Visor-integrado.webp\" class=\"attachment-large size-large\" alt=\"Integrated display\" srcset=\"https:\/\/www.telaled.com\/wp-content\/uploads\/2025\/09\/Visor-integrado.webp 600w, https:\/\/www.telaled.com\/wp-content\/uploads\/2025\/09\/Visor-integrado-300x200.webp 300w, https:\/\/www.telaled.com\/wp-content\/uploads\/2025\/09\/Visor-integrado-18x12.webp 18w\" sizes=\"auto, (max-width: 600px) 100vw, 600px\" \/>\t\t\t\t\t\t\n\t\t\t\t\t<\/div>\n\t\t\t\t\t\t\t\t\n<style>\n#image_1574781922 {\n  width: 95%;\n}\n<\/style>\n\t<\/div>\n\t\n<ul>\n<li>Our TCG Series LED Letter Panel comes with clear installation instructions and versatile mounting options. Designed for <a href=\"https:\/\/www.telaled.com\/en\/painel-de-led-para-eventos\/\" data-wplink-edit=\"true\">events<\/a> Whether indoors or outdoors, you can set up your display quickly and easily, ensuring a smooth experience from start to finish.<\/li>\n<\/ul>\n\t<div class=\"img has-hover x md-x lg-x y md-y lg-y\" id=\"image_1323453939\">\n\t\t\t\t\t\t\t\t<div class=\"img-inner dark\" >\n\t\t\t<img loading=\"lazy\" decoding=\"async\" width=\"677\" height=\"413\" src=\"https:\/\/www.telaled.com\/wp-content\/uploads\/2025\/09\/Facil-instalacao.webp\" class=\"attachment-large size-large\" alt=\"Easy installation\" srcset=\"https:\/\/www.telaled.com\/wp-content\/uploads\/2025\/09\/Facil-instalacao.webp 677w, https:\/\/www.telaled.com\/wp-content\/uploads\/2025\/09\/Facil-instalacao-300x183.webp 300w, https:\/\/www.telaled.com\/wp-content\/uploads\/2025\/09\/Facil-instalacao-18x12.webp 18w, https:\/\/www.telaled.com\/wp-content\/uploads\/2025\/09\/Facil-instalacao-600x366.webp 600w\" sizes=\"auto, (max-width: 677px) 100vw, 677px\" \/>\t\t\t\t\t\t\n\t\t\t\t\t<\/div>\n\t\t\t\t\t\t\t\t\n<style>\n#image_1323453939 {\n  width: 95%;\n}\n<\/style>\n\t<\/div>\n\t\n\t\t<\/div>\n\t\t\t\t\t<\/div>\n\n\t\n\n\t<div id=\"col-265048637\" class=\"col medium-10 small-12 large-10\"  >\n\t\t\t\t<div class=\"col-inner text-left\"  >\n\t\t\t\n\t\t\t\n<ul>\n<li>Our TCG Series LED Letter Panels are packaged in reinforced wooden crates to protect them during transport. Each unit is securely packed to prevent damage from pests, impacts, and other hazards. This ensures durability and safe delivery.<\/li>\n<\/ul>\n\t<div class=\"img has-hover x md-x lg-x y md-y lg-y\" id=\"image_1531409146\">\n\t\t\t\t\t\t\t\t<div class=\"img-inner dark\" >\n\t\t\t<img loading=\"lazy\" decoding=\"async\" width=\"760\" height=\"1024\" src=\"https:\/\/www.telaled.com\/wp-content\/uploads\/2025\/08\/36123f2c-de60-488d-af81-255cd4aee54a-760x1024.webp\" class=\"attachment-large size-large\" alt=\"\" srcset=\"https:\/\/www.telaled.com\/wp-content\/uploads\/2025\/08\/36123f2c-de60-488d-af81-255cd4aee54a-760x1024.webp 760w, https:\/\/www.telaled.com\/wp-content\/uploads\/2025\/08\/36123f2c-de60-488d-af81-255cd4aee54a-223x300.webp 223w, https:\/\/www.telaled.com\/wp-content\/uploads\/2025\/08\/36123f2c-de60-488d-af81-255cd4aee54a-768x1035.webp 768w, https:\/\/www.telaled.com\/wp-content\/uploads\/2025\/08\/36123f2c-de60-488d-af81-255cd4aee54a-9x12.webp 9w, https:\/\/www.telaled.com\/wp-content\/uploads\/2025\/08\/36123f2c-de60-488d-af81-255cd4aee54a-600x808.webp 600w, https:\/\/www.telaled.com\/wp-content\/uploads\/2025\/08\/36123f2c-de60-488d-af81-255cd4aee54a.webp 795w\" sizes=\"auto, (max-width: 760px) 100vw, 760px\" \/>\t\t\t\t\t\t\n\t\t\t\t\t<\/div>\n\t\t\t\t\t\t\t\t\n<style>\n#image_1531409146 {\n  width: 95%;\n}\n<\/style>\n\t<\/div>\n\t\n\n<table id=\"tablepress-39\" class=\"tablepress tablepress-id-39\">\n<thead>\n<tr class=\"row-1\">\n\t<th class=\"column-1\">Application <\/th><th class=\"column-2\">Internal and External<\/th>\n<\/tr>\n<\/thead>\n<tbody class=\"row-striping row-hover\">\n<tr class=\"row-2\">\n\t<td class=\"column-1\">Screen Type:<\/td><td class=\"column-2\"> LED Video Screen<\/td>\n<\/tr>\n<tr class=\"row-3\">\n\t<td class=\"column-1\">Update Rate: <\/td><td class=\"column-2\">1920Hz\/3840Hz<\/td>\n<\/tr>\n<tr class=\"row-4\">\n\t<td class=\"column-1\">Cabinet Material: <\/td><td class=\"column-2\">Iron\/Aluminum<\/td>\n<\/tr>\n<tr class=\"row-5\">\n\t<td class=\"column-1\">Maintenance: <\/td><td class=\"column-2\">Front Service\/Rear Service<\/td>\n<\/tr>\n<tr class=\"row-6\">\n\t<td class=\"column-1\">Origin: <\/td><td class=\"column-2\">Shenzhen, China<\/td>\n<\/tr>\n<tr class=\"row-7\">\n\t<td class=\"column-1\">Supplier Type: <\/td><td class=\"column-2\">Original Manufacturer, ODM, OEM<\/td>\n<\/tr>\n<tr class=\"row-8\">\n\t<td class=\"column-1\">Pixel pitch (mm) <\/td><td class=\"column-2\">P2.5, P3, P4 PS, P10<\/td>\n<\/tr>\n<tr class=\"row-9\">\n\t<td class=\"column-1\">Pixel composition: <\/td><td class=\"column-2\">1R1G1B<\/td>\n<\/tr>\n<tr class=\"row-10\">\n\t<td class=\"column-1\">LED Type: <\/td><td class=\"column-2\">SMD2121<\/td>\n<\/tr>\n<tr class=\"row-11\">\n\t<td class=\"column-1\">Scan Mode: <\/td><td class=\"column-2\">32\/16\/8<\/td>\n<\/tr>\n<tr class=\"row-12\">\n\t<td class=\"column-1\">Brightness (cd\/m\u00b2) <\/td><td class=\"column-2\">1000-1500<\/td>\n<\/tr>\n<tr class=\"row-13\">\n\t<td class=\"column-1\">Packaging for Transport: <\/td><td class=\"column-2\">Flight Case or Wooden Box<\/td>\n<\/tr>\n<tr class=\"row-14\">\n\t<td class=\"column-1\">Brightness Adjustment:<\/td><td class=\"column-2\"> 256 Levels<\/td>\n<\/tr>\n<tr class=\"row-15\">\n\t<td class=\"column-1\">Certification: <\/td><td class=\"column-2\">CE, ROHS, ETL<\/td>\n<\/tr>\n<tr class=\"row-16\">\n\t<td class=\"column-1\">Shipping <\/td><td class=\"column-2\">by Express, Air, Sea<\/td>\n<\/tr>\n<tr class=\"row-17\">\n\t<td class=\"column-1\">Viewing Angle: <\/td><td class=\"column-2\">140 degrees<\/td>\n<\/tr>\n<tr class=\"row-18\">\n\t<td class=\"column-1\">Lifespan: <\/td><td class=\"column-2\">50000 hours<\/td>\n<\/tr>\n<tr class=\"row-19\">\n\t<td class=\"column-1\">Working Temperature (\u00b0C)<\/td><td class=\"column-2\"> Between -40\u00b0C and 80\u00b0C<\/td>\n<\/tr>\n<\/tbody>\n<\/table>\n\n\t\t<\/div>\n\t\t\t\t\t<\/div>\n\n\t\n<\/div>\n\t\t<\/div>\n\t\t\t\t\t<\/div>\n\n\t\n<\/div>","protected":false},"excerpt":{"rendered":"<p><strong>Transform your brand with the TCG Series LED Letter Panel \u2013 Vibrant, Dynamic and Impactful<\/strong><\/p>\n<p>Enhance your brand and your events with... <strong><em>TCG Series LED Letter Panel<\/em><\/strong> Customized. These dynamic screens combine letters, text, and graphic elements to create vibrant and eye-catching visuals. Perfect for indoor and outdoor use, they offer colorful animations and easy control.<\/p>\n<p><strong>Main features:<\/strong><\/p>\n<ul>\n<li><strong>Customizable displays:<\/strong> Create vibrant fonts, animations, and graphics for any event or campaign.<\/li>\n<li><strong>High-quality visuals:<\/strong> Enjoy bright and crisp screens even in low light or outdoors.<\/li>\n<li><strong>Resistant and durable:<\/strong> Designed to last 50,000 hours and resistant to high temperatures.<\/li>\n<li><strong>Easy installation and maintenance:<\/strong> flexible installation options with <a href=\"https:\/\/www.telaled.com\/en\/fabrica\/painel-de-led-para-manutencao-frontal-serie-tib\/\">front service<\/a> and simple rear.<\/li>\n<\/ul>\n<p>Our team offers 24\/7 remote support and a 3-year warranty. Contact us today for a personalized quote.<\/p>","protected":false},"featured_media":3278,"template":"","meta":[],"product_brand":[],"product_cat":[48,40,46],"product_tag":[],"class_list":{"0":"post-3277","1":"product","2":"type-product","3":"status-publish","4":"has-post-thumbnail","6":"product_cat-paineis-personalizados","7":"product_cat-painel-de-led","8":"product_cat-painel-de-video","10":"first","11":"instock","12":"shipping-taxable","13":"product-type-simple"},"yoast_head":"<!-- This site is optimized with the Yoast SEO plugin v27.5 - https:\/\/yoast.com\/product\/yoast-seo-wordpress\/ -->\n<title>Painel de LED Letras S\u00e9rie TCG | Tela LED com Letras Criativas para Eventos e Branding | TELALED<\/title>\n<meta name=\"description\" content=\"As Painel de LED Letras S\u00e9rie TCG s\u00e3o letras personaliz\u00e1veis \u200b\u200bpara exibi\u00e7\u00f5es vibrantes e expressivas em ambientes internos e externos. Explore nossas Telas de LED para Letras de alta qualidade com diferentes densidades de pixels e sistemas de controle flex\u00edveis.\" \/>\n<meta name=\"robots\" content=\"index, follow, max-snippet:-1, max-image-preview:large, max-video-preview:-1\" \/>\n<link rel=\"canonical\" href=\"https:\/\/www.telaled.com\/en\/fabrica\/painel-de-led-letras-serie-tcg\/\" \/>\n<meta property=\"og:locale\" content=\"en_US\" \/>\n<meta property=\"og:type\" content=\"article\" \/>\n<meta property=\"og:title\" content=\"Painel de LED Letras S\u00e9rie TCG | Tela LED com Letras Criativas para Eventos e Branding | TELALED\" \/>\n<meta property=\"og:description\" content=\"As Painel de LED Letras S\u00e9rie TCG s\u00e3o letras personaliz\u00e1veis \u200b\u200bpara exibi\u00e7\u00f5es vibrantes e expressivas em ambientes internos e externos. Explore nossas Telas de LED para Letras de alta qualidade com diferentes densidades de pixels e sistemas de controle flex\u00edveis.\" \/>\n<meta property=\"og:url\" content=\"https:\/\/www.telaled.com\/en\/fabrica\/painel-de-led-letras-serie-tcg\/\" \/>\n<meta property=\"og:site_name\" content=\"TELALED\" \/>\n<meta property=\"article:modified_time\" content=\"2026-01-06T00:51:09+00:00\" \/>\n<meta property=\"og:image\" content=\"https:\/\/www.telaled.com\/wp-content\/uploads\/2025\/09\/Painel-de-LED-Letras-Serie-TCG.webp\" \/>\n\t<meta property=\"og:image:width\" content=\"500\" \/>\n\t<meta property=\"og:image:height\" content=\"500\" \/>\n\t<meta property=\"og:image:type\" content=\"image\/webp\" \/>\n<meta name=\"twitter:card\" content=\"summary_large_image\" \/>\n<meta name=\"twitter:label1\" content=\"Est. reading time\" \/>\n\t<meta name=\"twitter:data1\" content=\"3 minutes\" \/>\n<script type=\"application\/ld+json\" class=\"yoast-schema-graph\">{\"@context\":\"https:\\\/\\\/schema.org\",\"@graph\":[{\"@type\":\"WebPage\",\"@id\":\"https:\\\/\\\/www.telaled.com\\\/fabrica\\\/painel-de-led-letras-serie-tcg\\\/\",\"url\":\"https:\\\/\\\/www.telaled.com\\\/fabrica\\\/painel-de-led-letras-serie-tcg\\\/\",\"name\":\"Painel de LED Letras S\u00e9rie TCG | Tela LED com Letras Criativas para Eventos e Branding | TELALED\",\"isPartOf\":{\"@id\":\"https:\\\/\\\/www.telaled.com\\\/#website\"},\"primaryImageOfPage\":{\"@id\":\"https:\\\/\\\/www.telaled.com\\\/fabrica\\\/painel-de-led-letras-serie-tcg\\\/#primaryimage\"},\"image\":{\"@id\":\"https:\\\/\\\/www.telaled.com\\\/fabrica\\\/painel-de-led-letras-serie-tcg\\\/#primaryimage\"},\"thumbnailUrl\":\"https:\\\/\\\/www.telaled.com\\\/wp-content\\\/uploads\\\/2025\\\/09\\\/Painel-de-LED-Letras-Serie-TCG.webp\",\"datePublished\":\"2025-09-09T10:03:44+00:00\",\"dateModified\":\"2026-01-06T00:51:09+00:00\",\"description\":\"As Painel de LED Letras S\u00e9rie TCG s\u00e3o letras personaliz\u00e1veis \u200b\u200bpara exibi\u00e7\u00f5es vibrantes e expressivas em ambientes internos e externos. Explore nossas Telas de LED para Letras de alta qualidade com diferentes densidades de pixels e sistemas de controle flex\u00edveis.\",\"breadcrumb\":{\"@id\":\"https:\\\/\\\/www.telaled.com\\\/fabrica\\\/painel-de-led-letras-serie-tcg\\\/#breadcrumb\"},\"inLanguage\":\"en-US\",\"potentialAction\":[{\"@type\":\"ReadAction\",\"target\":[\"https:\\\/\\\/www.telaled.com\\\/fabrica\\\/painel-de-led-letras-serie-tcg\\\/\"]}]},{\"@type\":\"ImageObject\",\"inLanguage\":\"en-US\",\"@id\":\"https:\\\/\\\/www.telaled.com\\\/fabrica\\\/painel-de-led-letras-serie-tcg\\\/#primaryimage\",\"url\":\"https:\\\/\\\/www.telaled.com\\\/wp-content\\\/uploads\\\/2025\\\/09\\\/Painel-de-LED-Letras-Serie-TCG.webp\",\"contentUrl\":\"https:\\\/\\\/www.telaled.com\\\/wp-content\\\/uploads\\\/2025\\\/09\\\/Painel-de-LED-Letras-Serie-TCG.webp\",\"width\":500,\"height\":500,\"caption\":\"Painel-de-LED-Letras-S\u00e9rie-TCG\"},{\"@type\":\"BreadcrumbList\",\"@id\":\"https:\\\/\\\/www.telaled.com\\\/fabrica\\\/painel-de-led-letras-serie-tcg\\\/#breadcrumb\",\"itemListElement\":[{\"@type\":\"ListItem\",\"position\":1,\"name\":\"Home\",\"item\":\"https:\\\/\\\/www.telaled.com\\\/\"},{\"@type\":\"ListItem\",\"position\":2,\"name\":\"Produtos\",\"item\":\"https:\\\/\\\/www.telaled.com\\\/shop\\\/\"},{\"@type\":\"ListItem\",\"position\":3,\"name\":\"Painel de LED Letras S\u00e9rie TCG\"}]},{\"@type\":\"WebSite\",\"@id\":\"https:\\\/\\\/www.telaled.com\\\/#website\",\"url\":\"https:\\\/\\\/www.telaled.com\\\/\",\"name\":\"TELALED\",\"description\":\"\",\"potentialAction\":[{\"@type\":\"SearchAction\",\"target\":{\"@type\":\"EntryPoint\",\"urlTemplate\":\"https:\\\/\\\/www.telaled.com\\\/?s={search_term_string}\"},\"query-input\":{\"@type\":\"PropertyValueSpecification\",\"valueRequired\":true,\"valueName\":\"search_term_string\"}}],\"inLanguage\":\"en-US\"}]}<\/script>\n<!-- \/ Yoast SEO plugin. -->","yoast_head_json":{"title":"TCG Series LED Letter Panel | LED Screen with Creative Letters for Events and Branding | TELALED","description":"TCG Series LED Letters are customizable letters for vibrant and expressive displays indoors and outdoors. Explore our high-quality LED Letter Displays with different pixel pitches and flexible control systems.","robots":{"index":"index","follow":"follow","max-snippet":"max-snippet:-1","max-image-preview":"max-image-preview:large","max-video-preview":"max-video-preview:-1"},"canonical":"https:\/\/www.telaled.com\/en\/fabrica\/painel-de-led-letras-serie-tcg\/","og_locale":"en_US","og_type":"article","og_title":"Painel de LED Letras S\u00e9rie TCG | Tela LED com Letras Criativas para Eventos e Branding | TELALED","og_description":"As Painel de LED Letras S\u00e9rie TCG s\u00e3o letras personaliz\u00e1veis \u200b\u200bpara exibi\u00e7\u00f5es vibrantes e expressivas em ambientes internos e externos. Explore nossas Telas de LED para Letras de alta qualidade com diferentes densidades de pixels e sistemas de controle flex\u00edveis.","og_url":"https:\/\/www.telaled.com\/en\/fabrica\/painel-de-led-letras-serie-tcg\/","og_site_name":"TELALED","article_modified_time":"2026-01-06T00:51:09+00:00","og_image":[{"width":500,"height":500,"url":"https:\/\/www.telaled.com\/wp-content\/uploads\/2025\/09\/Painel-de-LED-Letras-Serie-TCG.webp","type":"image\/webp"}],"twitter_card":"summary_large_image","twitter_misc":{"Est. reading time":"3 minutes"},"schema":{"@context":"https:\/\/schema.org","@graph":[{"@type":"WebPage","@id":"https:\/\/www.telaled.com\/fabrica\/painel-de-led-letras-serie-tcg\/","url":"https:\/\/www.telaled.com\/fabrica\/painel-de-led-letras-serie-tcg\/","name":"TCG Series LED Letter Panel | LED Screen with Creative Letters for Events and Branding | TELALED","isPartOf":{"@id":"https:\/\/www.telaled.com\/#website"},"primaryImageOfPage":{"@id":"https:\/\/www.telaled.com\/fabrica\/painel-de-led-letras-serie-tcg\/#primaryimage"},"image":{"@id":"https:\/\/www.telaled.com\/fabrica\/painel-de-led-letras-serie-tcg\/#primaryimage"},"thumbnailUrl":"https:\/\/www.telaled.com\/wp-content\/uploads\/2025\/09\/Painel-de-LED-Letras-Serie-TCG.webp","datePublished":"2025-09-09T10:03:44+00:00","dateModified":"2026-01-06T00:51:09+00:00","description":"TCG Series LED Letters are customizable letters for vibrant and expressive displays indoors and outdoors. Explore our high-quality LED Letter Displays with different pixel pitches and flexible control systems.","breadcrumb":{"@id":"https:\/\/www.telaled.com\/fabrica\/painel-de-led-letras-serie-tcg\/#breadcrumb"},"inLanguage":"en-US","potentialAction":[{"@type":"ReadAction","target":["https:\/\/www.telaled.com\/fabrica\/painel-de-led-letras-serie-tcg\/"]}]},{"@type":"ImageObject","inLanguage":"en-US","@id":"https:\/\/www.telaled.com\/fabrica\/painel-de-led-letras-serie-tcg\/#primaryimage","url":"https:\/\/www.telaled.com\/wp-content\/uploads\/2025\/09\/Painel-de-LED-Letras-Serie-TCG.webp","contentUrl":"https:\/\/www.telaled.com\/wp-content\/uploads\/2025\/09\/Painel-de-LED-Letras-Serie-TCG.webp","width":500,"height":500,"caption":"Painel-de-LED-Letras-S\u00e9rie-TCG"},{"@type":"BreadcrumbList","@id":"https:\/\/www.telaled.com\/fabrica\/painel-de-led-letras-serie-tcg\/#breadcrumb","itemListElement":[{"@type":"ListItem","position":1,"name":"Home","item":"https:\/\/www.telaled.com\/"},{"@type":"ListItem","position":2,"name":"Produtos","item":"https:\/\/www.telaled.com\/shop\/"},{"@type":"ListItem","position":3,"name":"Painel de LED Letras S\u00e9rie TCG"}]},{"@type":"WebSite","@id":"https:\/\/www.telaled.com\/#website","url":"https:\/\/www.telaled.com\/","name":"LED screen","description":"","potentialAction":[{"@type":"SearchAction","target":{"@type":"EntryPoint","urlTemplate":"https:\/\/www.telaled.com\/?s={search_term_string}"},"query-input":{"@type":"PropertyValueSpecification","valueRequired":true,"valueName":"search_term_string"}}],"inLanguage":"en-US"}]}},"_links":{"self":[{"href":"https:\/\/www.telaled.com\/en\/wp-json\/wp\/v2\/product\/3277","targetHints":{"allow":["GET"]}}],"collection":[{"href":"https:\/\/www.telaled.com\/en\/wp-json\/wp\/v2\/product"}],"about":[{"href":"https:\/\/www.telaled.com\/en\/wp-json\/wp\/v2\/types\/product"}],"wp:featuredmedia":[{"embeddable":true,"href":"https:\/\/www.telaled.com\/en\/wp-json\/wp\/v2\/media\/3278"}],"wp:attachment":[{"href":"https:\/\/www.telaled.com\/en\/wp-json\/wp\/v2\/media?parent=3277"}],"wp:term":[{"taxonomy":"product_brand","embeddable":true,"href":"https:\/\/www.telaled.com\/en\/wp-json\/wp\/v2\/product_brand?post=3277"},{"taxonomy":"product_cat","embeddable":true,"href":"https:\/\/www.telaled.com\/en\/wp-json\/wp\/v2\/product_cat?post=3277"},{"taxonomy":"product_tag","embeddable":true,"href":"https:\/\/www.telaled.com\/en\/wp-json\/wp\/v2\/product_tag?post=3277"}],"curies":[{"name":"wp","href":"https:\/\/api.w.org\/{rel}","templated":true}]}}