{"id":3196,"date":"2025-09-02T06:06:39","date_gmt":"2025-09-02T06:06:39","guid":{"rendered":"https:\/\/www.telaled.com\/?post_type=product&#038;p=3196"},"modified":"2026-01-05T09:39:22","modified_gmt":"2026-01-05T09:39:22","slug":"filming-led-screens-serie-tca","status":"publish","type":"product","link":"https:\/\/www.telaled.com\/en\/fabrica\/filming-led-screens-serie-tca\/","title":{"rendered":"Filming LED Screens TCA Series"},"content":{"rendered":"<div class=\"row\"  id=\"row-1966592396\">\n\n\t<div id=\"col-1368707900\" class=\"col small-12 large-12\"  >\n\t\t\t\t<div class=\"col-inner\"  >\n\t\t\t\n\t\t\t\n<h2>Exclusive Advantages of Filming LED Screens TCA Series<\/h2>\n<h3><strong>Superior Durability<\/strong><\/h3>\n<ul>\n<li>Constructed with advanced flooring and flexible module for long-term stability.<\/li>\n<li>No creases on the panels, keeping the look consistent even with prolonged use.<\/li>\n<\/ul>\n<h3><strong>Exceptional Visual Quality<\/strong><\/h3>\n<ul>\n<li>Provides a more realistic and continuous view.<\/li>\n<li>Multi-sided immersion options (three-sided folding, four ceiling and floor sizes, five-sided wrap) create impactful looks for any room.<\/li>\n<\/ul>\n<h3><strong>Complete Adaptability<\/strong><\/h3>\n<ul>\n<li>Configurable in different immersive display formats to suit your space.<\/li>\n<li>Perfect for exhibitions, events and retail environments, adapting to a wide range of applications.<\/li>\n<\/ul>\n<h3><strong>Comprehensive Support<\/strong><\/h3>\n<ul>\n<li>24\/7 Remote Technical Support: Access expert assistance anytime, anywhere.<\/li>\n<li>5% of spare parts included: Each order includes additional components to increase reliability and provide peace of mind.<\/li>\n<li>3-Year Extended Warranty: Enjoy long-term convergence for better performance and reliable service.<\/li>\n<\/ul>\n<h2>Product details<\/h2>\n<div class=\"row\"  id=\"row-1813038156\">\n\n\t<div id=\"col-1870084632\" class=\"col medium-10 small-12 large-10\"  >\n\t\t\t\t<div class=\"col-inner text-left\"  >\n\t\t\t\n\t\t\t\n<ul>\n<li>It offers advanced visual performance for virtual production and content creation. Using high-resolution LED floors and the adaptable Flex Module, it creates seamless curved or flat surfaces that capture realistic and dynamic scenes.<\/li>\n<\/ul>\n\t<div class=\"img has-hover x md-x lg-x y md-y lg-y\" id=\"image_1365449232\">\n\t\t\t\t\t\t\t\t<div class=\"img-inner dark\" >\n\t\t\t<img loading=\"lazy\" decoding=\"async\" width=\"1181\" height=\"459\" src=\"https:\/\/www.telaled.com\/wp-content\/uploads\/2025\/09\/Liberte-visuais-envolventes.webp\" class=\"attachment-original size-original\" alt=\"Unleash immersive visuals\" srcset=\"https:\/\/www.telaled.com\/wp-content\/uploads\/2025\/09\/Liberte-visuais-envolventes.webp 1181w, https:\/\/www.telaled.com\/wp-content\/uploads\/2025\/09\/Liberte-visuais-envolventes-300x117.webp 300w, https:\/\/www.telaled.com\/wp-content\/uploads\/2025\/09\/Liberte-visuais-envolventes-1024x398.webp 1024w, https:\/\/www.telaled.com\/wp-content\/uploads\/2025\/09\/Liberte-visuais-envolventes-768x298.webp 768w, https:\/\/www.telaled.com\/wp-content\/uploads\/2025\/09\/Liberte-visuais-envolventes-18x7.webp 18w, https:\/\/www.telaled.com\/wp-content\/uploads\/2025\/09\/Liberte-visuais-envolventes-600x233.webp 600w\" sizes=\"auto, (max-width: 1181px) 100vw, 1181px\" \/>\t\t\t\t\t\t\n\t\t\t\t\t<\/div>\n\t\t\t\t\t\t\t\t\n<style>\n#image_1365449232 {\n  width: 95%;\n}\n<\/style>\n\t<\/div>\n\t\n<ul>\n<li>Give your production design flexibility with a variety of immersive configurations. Choose from three-sided folding screens for dynamic viewing angles, four-sided ceiling-to-floor layouts for deeper immersion, or fully enclosed five-sided configurations for complete visual coverage.<\/li>\n<\/ul>\n\t\t<\/div>\n\t\t\t\t\t<\/div>\n\n\t\n\n\t<div id=\"col-126557954\" class=\"col medium-10 small-12 large-10\"  >\n\t\t\t\t<div class=\"col-inner text-left\"  >\n\t\t\t\n\t\t\t\n\t<div class=\"img has-hover x md-x lg-x y md-y lg-y\" id=\"image_1043887503\">\n\t\t\t\t\t\t\t\t<div class=\"img-inner dark\" >\n\t\t\t<img loading=\"lazy\" decoding=\"async\" width=\"1020\" height=\"391\" src=\"https:\/\/www.telaled.com\/wp-content\/uploads\/2025\/09\/Diversas-solucoes-de-exibicao-imersiva-1024x393.webp\" class=\"attachment-large size-large\" alt=\"Various immersive display solutions\" srcset=\"https:\/\/www.telaled.com\/wp-content\/uploads\/2025\/09\/Diversas-solucoes-de-exibicao-imersiva-1024x393.webp 1024w, https:\/\/www.telaled.com\/wp-content\/uploads\/2025\/09\/Diversas-solucoes-de-exibicao-imersiva-300x115.webp 300w, https:\/\/www.telaled.com\/wp-content\/uploads\/2025\/09\/Diversas-solucoes-de-exibicao-imersiva-768x295.webp 768w, https:\/\/www.telaled.com\/wp-content\/uploads\/2025\/09\/Diversas-solucoes-de-exibicao-imersiva-18x7.webp 18w, https:\/\/www.telaled.com\/wp-content\/uploads\/2025\/09\/Diversas-solucoes-de-exibicao-imersiva-600x230.webp 600w, https:\/\/www.telaled.com\/wp-content\/uploads\/2025\/09\/Diversas-solucoes-de-exibicao-imersiva.webp 1256w\" sizes=\"auto, (max-width: 1020px) 100vw, 1020px\" \/>\t\t\t\t\t\t\n\t\t\t\t\t<\/div>\n\t\t\t\t\t\t\t\t\n<style>\n#image_1043887503 {\n  width: 95%;\n}\n<\/style>\n\t<\/div>\n\t\n<ul>\n<li>With a 280-degree layout, outdoor LED screens provide a near-panoramic view that immerses the audience. The expanded field of view, combined with precise sound field alignment, creates a realistic sense of presence. This design makes every scene more immersive and is especially suited for virtual production.<\/li>\n<\/ul>\n\t<div class=\"img has-hover x md-x lg-x y md-y lg-y\" id=\"image_2064432951\">\n\t\t\t\t\t\t\t\t<div class=\"img-inner dark\" >\n\t\t\t<img loading=\"lazy\" decoding=\"async\" width=\"600\" height=\"400\" src=\"https:\/\/www.telaled.com\/wp-content\/uploads\/2025\/09\/Design-Imersivo-280\u00b0-1.webp\" class=\"attachment-large size-large\" alt=\"280\u00b0 Immersive Design (1)\" srcset=\"https:\/\/www.telaled.com\/wp-content\/uploads\/2025\/09\/Design-Imersivo-280\u00b0-1.webp 600w, https:\/\/www.telaled.com\/wp-content\/uploads\/2025\/09\/Design-Imersivo-280\u00b0-1-300x200.webp 300w, https:\/\/www.telaled.com\/wp-content\/uploads\/2025\/09\/Design-Imersivo-280\u00b0-1-18x12.webp 18w\" sizes=\"auto, (max-width: 600px) 100vw, 600px\" \/>\t\t\t\t\t\t\n\t\t\t\t\t<\/div>\n\t\t\t\t\t\t\t\t\n<style>\n#image_2064432951 {\n  width: 95%;\n}\n<\/style>\n\t<\/div>\n\t\n\t\t<\/div>\n\t\t\t\t\t<\/div>\n\n\t\n\n\t<div id=\"col-2048209874\" class=\"col medium-10 small-12 large-10\"  >\n\t\t\t\t<div class=\"col-inner text-left\"  >\n\t\t\t\n\t\t\t\n<ul>\n<li>Ours <a href=\"https:\/\/www.telaled.com\/en\/?attachment_id=3202\">LED screens<\/a> For filming, the footage is securely packed in reinforced wooden crates to protect it during transport. Each unit is protected against dust, impacts, and other hazards by being packed in protective containers. This method ensures durability and safe handling from storage to final delivery.<\/li>\n<\/ul>\n\t<div class=\"img has-hover x md-x lg-x y md-y lg-y\" id=\"image_2024962409\">\n\t\t\t\t\t\t\t\t<div class=\"img-inner dark\" >\n\t\t\t<img loading=\"lazy\" decoding=\"async\" width=\"760\" height=\"1024\" src=\"https:\/\/www.telaled.com\/wp-content\/uploads\/2025\/08\/36123f2c-de60-488d-af81-255cd4aee54a-760x1024.webp\" class=\"attachment-large size-large\" alt=\"\" srcset=\"https:\/\/www.telaled.com\/wp-content\/uploads\/2025\/08\/36123f2c-de60-488d-af81-255cd4aee54a-760x1024.webp 760w, https:\/\/www.telaled.com\/wp-content\/uploads\/2025\/08\/36123f2c-de60-488d-af81-255cd4aee54a-223x300.webp 223w, https:\/\/www.telaled.com\/wp-content\/uploads\/2025\/08\/36123f2c-de60-488d-af81-255cd4aee54a-768x1035.webp 768w, https:\/\/www.telaled.com\/wp-content\/uploads\/2025\/08\/36123f2c-de60-488d-af81-255cd4aee54a-9x12.webp 9w, https:\/\/www.telaled.com\/wp-content\/uploads\/2025\/08\/36123f2c-de60-488d-af81-255cd4aee54a-600x808.webp 600w, https:\/\/www.telaled.com\/wp-content\/uploads\/2025\/08\/36123f2c-de60-488d-af81-255cd4aee54a.webp 795w\" sizes=\"auto, (max-width: 760px) 100vw, 760px\" \/>\t\t\t\t\t\t\n\t\t\t\t\t<\/div>\n\t\t\t\t\t\t\t\t\n<style>\n#image_2024962409 {\n  width: 95%;\n}\n<\/style>\n\t<\/div>\n\t\n\n<table id=\"tablepress-72\" class=\"tablepress tablepress-id-72\">\n<thead>\n<tr class=\"row-1\">\n\t<th class=\"column-1\">LED Floor Specification<\/th><td class=\"column-2\"><\/td><td class=\"column-3\"><\/td><td class=\"column-4\"><\/td><td class=\"column-5\"><\/td><td class=\"column-6\"><\/td><td class=\"column-7\"><\/td>\n<\/tr>\n<\/thead>\n<tbody class=\"row-striping row-hover\">\n<tr class=\"row-2\">\n\t<td class=\"column-1\">Pixel pitch<\/td><td class=\"column-2\">P 2.976<\/td><td class=\"column-3\">P 3.91<\/td><td class=\"column-4\">P 5.2<\/td><td class=\"column-5\">P 6.25<\/td><td class=\"column-6\"><\/td><td class=\"column-7\"><\/td>\n<\/tr>\n<tr class=\"row-3\">\n\t<td class=\"column-1\">LED configuration<\/td><td class=\"column-2\">1R1G1B<\/td><td class=\"column-3\">1R1G1B<\/td><td class=\"column-4\">1R1G1B<\/td><td class=\"column-5\">1R1G1B<\/td><td class=\"column-6\"><\/td><td class=\"column-7\"><\/td>\n<\/tr>\n<tr class=\"row-4\">\n\t<td class=\"column-1\">LED Type<\/td><td class=\"column-2\">SMD 1415<\/td><td class=\"column-3\">SMD 1921<\/td><td class=\"column-4\">SMD 1921<\/td><td class=\"column-5\">SMD 1921<\/td><td class=\"column-6\"><\/td><td class=\"column-7\"><\/td>\n<\/tr>\n<tr class=\"row-5\">\n\t<td class=\"column-1\">Module Resolution<\/td><td class=\"column-2\">84\u00d784<\/td><td class=\"column-3\">64\u00d764<\/td><td class=\"column-4\">48\u00d748<\/td><td class=\"column-5\">40\u00d740<\/td><td class=\"column-6\"><\/td><td class=\"column-7\"><\/td>\n<\/tr>\n<tr class=\"row-6\">\n\t<td class=\"column-1\">Module size (mm)<\/td><td class=\"column-2\">250\u00d7250<\/td><td class=\"column-3\">250\u00d7250<\/td><td class=\"column-4\">250\u00d7250<\/td><td class=\"column-5\">250\u00d7250<\/td><td class=\"column-6\"><\/td><td class=\"column-7\"><\/td>\n<\/tr>\n<tr class=\"row-7\">\n\t<td class=\"column-1\">Cabinet size (mm)<\/td><td class=\"column-2\">500\u00d71000<\/td><td class=\"column-3\">500\u00d71000<\/td><td class=\"column-4\">500\u00d71000<\/td><td class=\"column-5\">500\u00d71000<\/td><td class=\"column-6\"><\/td><td class=\"column-7\"><\/td>\n<\/tr>\n<tr class=\"row-8\">\n\t<td class=\"column-1\">Cabinet weight (kg)<\/td><td class=\"column-2\">25<\/td><td class=\"column-3\">25<\/td><td class=\"column-4\">25<\/td><td class=\"column-5\">25<\/td><td class=\"column-6\"><\/td><td class=\"column-7\"><\/td>\n<\/tr>\n<tr class=\"row-9\">\n\t<td class=\"column-1\">Working temperature (\u2103)<\/td><td class=\"column-2\">-20~60<\/td><td class=\"column-3\">-80<\/td><td class=\"column-4\">-20~60<\/td><td class=\"column-5\">-20~60<\/td><td class=\"column-6\"><\/td><td class=\"column-7\"><\/td>\n<\/tr>\n<tr class=\"row-10\">\n\t<td class=\"column-1\">Waterproof rating<\/td><td class=\"column-2\">Both front and back are IP65<\/td><td class=\"column-3\">Both front and back are IP65<\/td><td class=\"column-4\">Both front and back are IP65<\/td><td class=\"column-5\">Both front and back are IP65<\/td><td class=\"column-6\"><\/td><td class=\"column-7\"><\/td>\n<\/tr>\n<tr class=\"row-11\">\n\t<td class=\"column-1\">Protection Technology<\/td><td class=\"column-2\">Moisture-proof, dust-proof, corrosion-proof, static-proof, and lightning-proof. It also features overcurrent, short-circuit, overvoltage, and undervoltage protection.<\/td><td class=\"column-3\">Moisture-proof, dust-proof, corrosion-proof, static-proof, and lightning-proof. It also features overcurrent, short-circuit, overvoltage, and undervoltage protection.<\/td><td class=\"column-4\">Moisture-proof, dust-proof, corrosion-proof, static-proof, and lightning-proof. It also features overcurrent, short-circuit, overvoltage, and undervoltage protection.<\/td><td class=\"column-5\">Moisture-proof, dust-proof, corrosion-proof, static-proof, and lightning-proof. It also features overcurrent, short-circuit, overvoltage, and undervoltage protection.<\/td><td class=\"column-6\"><\/td><td class=\"column-7\"><\/td>\n<\/tr>\n<tr class=\"row-12\">\n\t<td class=\"column-1\"><\/td><td class=\"column-2\"><\/td><td class=\"column-3\"><\/td><td class=\"column-4\"><\/td><td class=\"column-5\"><\/td><td class=\"column-6\"><\/td><td class=\"column-7\"><\/td>\n<\/tr>\n<tr class=\"row-13\">\n\t<td class=\"column-1\"><\/td><td class=\"column-2\"><\/td><td class=\"column-3\"><\/td><td class=\"column-4\"><\/td><td class=\"column-5\"><\/td><td class=\"column-6\"><\/td><td class=\"column-7\"><\/td>\n<\/tr>\n<tr class=\"row-14\">\n\t<td class=\"column-1\">Flexible LED Screen Specification<\/td><td class=\"column-2\"><\/td><td class=\"column-3\"><\/td><td class=\"column-4\"><\/td><td class=\"column-5\"><\/td><td class=\"column-6\"><\/td><td class=\"column-7\"><\/td>\n<\/tr>\n<tr class=\"row-15\">\n\t<td class=\"column-1\">Item<\/td><td class=\"column-2\">P 1.2<\/td><td class=\"column-3\">P1.579<\/td><td class=\"column-4\">P 1.6<\/td><td class=\"column-5\">P1.875<\/td><td class=\"column-6\">P2<\/td><td class=\"column-7\">P2.5<\/td>\n<\/tr>\n<tr class=\"row-16\">\n\t<td class=\"column-1\">LED Type<\/td><td class=\"column-2\">SMD 1010<\/td><td class=\"column-3\">SMD 1212<\/td><td class=\"column-4\">SMD 1212<\/td><td class=\"column-5\">SMD1515<\/td><td class=\"column-6\">SMD1515<\/td><td class=\"column-7\">SMD1515<\/td>\n<\/tr>\n<tr class=\"row-17\">\n\t<td class=\"column-1\">Pixel pitch (mm)<\/td><td class=\"column-2\">1.2<\/td><td class=\"column-3\">1.579<\/td><td class=\"column-4\">1.6<\/td><td class=\"column-5\">1.875<\/td><td class=\"column-6\">2<\/td><td class=\"column-7\">2.5<\/td>\n<\/tr>\n<tr class=\"row-18\">\n\t<td class=\"column-1\">Physical density (point\/m&#039;)<\/td><td class=\"column-2\">694,441<\/td><td class=\"column-3\">401,084<\/td><td class=\"column-4\">390,625<\/td><td class=\"column-5\">284,444<\/td><td class=\"column-6\">250,000<\/td><td class=\"column-7\">160,000<\/td>\n<\/tr>\n<tr class=\"row-19\">\n\t<td class=\"column-1\">Module resolution (WxH)<\/td><td class=\"column-2\">200\u00d7100<\/td><td class=\"column-3\">152\u00d776<\/td><td class=\"column-4\">150x75<\/td><td class=\"column-5\">128\u00d764<\/td><td class=\"column-6\">120\u00d760<\/td><td class=\"column-7\">96\u00d748<\/td>\n<\/tr>\n<tr class=\"row-20\">\n\t<td class=\"column-1\">Module weight (kg)<\/td><td class=\"column-2\">0.5<\/td><td class=\"column-3\">0.5<\/td><td class=\"column-4\">0.5<\/td><td class=\"column-5\">0.5<\/td><td class=\"column-6\">0.5<\/td><td class=\"column-7\">0.5<\/td>\n<\/tr>\n<tr class=\"row-21\">\n\t<td class=\"column-1\">Module size (W x H)<\/td><td class=\"column-2\">240x120<\/td><td class=\"column-3\">240x120<\/td><td class=\"column-4\">240x120<\/td><td class=\"column-5\">240x120<\/td><td class=\"column-6\">240x120<\/td><td class=\"column-7\">240x120<\/td>\n<\/tr>\n<tr class=\"row-22\">\n\t<td class=\"column-1\">Maximum power consumption (W)<\/td><td class=\"column-2\">23<\/td><td class=\"column-3\">25<\/td><td class=\"column-4\">25<\/td><td class=\"column-5\">25<\/td><td class=\"column-6\">25<\/td><td class=\"column-7\">25<\/td>\n<\/tr>\n<tr class=\"row-23\">\n\t<td class=\"column-1\">Scanning method<\/td><td class=\"column-2\">40<\/td><td class=\"column-3\">38<\/td><td class=\"column-4\">34<\/td><td class=\"column-5\">32<\/td><td class=\"column-6\">30<\/td><td class=\"column-7\">24<\/td>\n<\/tr>\n<tr class=\"row-24\">\n\t<td class=\"column-1\">Drive IC (high refresh)<\/td><td class=\"column-2\">21531C<\/td><td class=\"column-3\">21531C<\/td><td class=\"column-4\">21531C<\/td><td class=\"column-5\">21531C<\/td><td class=\"column-6\">21531C<\/td><td class=\"column-7\">21531C<\/td>\n<\/tr>\n<\/tbody>\n<\/table>\n\n\t\t<\/div>\n\t\t\t\t\t<\/div>\n\n\t\n<\/div>\n\t\t<\/div>\n\t\t\t\t\t<\/div>\n\n\t\n<\/div>","protected":false},"excerpt":{"rendered":"<p><strong>Filming LED Screens TCA Series for Virtual Production of the TCA Series \u2013 Precison Visuals<\/strong><\/p>\n<p>Our LED screens for <strong><em>Filming LED Screens TCA Series<\/em><\/strong> They are designed for virtual production., <a href=\"https:\/\/www.telaled.com\/en\/painel-de-led-para-eventos\/\">events<\/a> Live and studio recordings. With <a href=\"https:\/\/www.telaled.com\/en\/pixel-pitch\/\">pixel pitches<\/a> fines <a href=\"https:\/\/www.telaled.com\/en\/fabrica\/modulo-painel-de-led-p1-56\/\">P1.5<\/a> With P4.8 resolution, refresh rates above 3840 Hz, and brightness up to 5000 nits, these screens offer smooth, flicker-free performance in professional cameras.<\/p>\n<p><strong>Main features:<\/strong><\/p>\n<ul>\n<li><strong>Camera-ready performance<\/strong>High refresh rate (\u22653840 Hz) and 16-bit grayscale processing prevent flickering and sweep lines, ensuring sharp images during filming or recording.<\/li>\n<li>Options <a href=\"https:\/\/www.telaled.com\/en\/densidade-de-pixels-em-telas-de-led-e-lcd\/\">pixel density<\/a>Choose between P1.5, P2.6, P2.9 and panels. <a href=\"https:\/\/www.telaled.com\/en\/fabrica\/modulo-painel-de-led-p4-8\/\">P4.8<\/a> to match different studio sizes and shooting distances.<\/li>\n<li>Stable color and brightness control: HDR support, 14-16-bit processing, and 5000 nits of adjustable brightness provide consistent visuals under different lighting conditions.<\/li>\n<\/ul>\n<p>We offer 24\/7 remote support and a 3-year warranty. Contact us for a personalized quote.<\/p>","protected":false},"featured_media":3197,"template":"","meta":[],"product_brand":[],"product_cat":[40,46],"product_tag":[],"class_list":{"0":"post-3196","1":"product","2":"type-product","3":"status-publish","4":"has-post-thumbnail","6":"product_cat-painel-de-led","7":"product_cat-painel-de-video","9":"first","10":"instock","11":"shipping-taxable","12":"product-type-simple"},"yoast_head":"<!-- This site is optimized with the Yoast SEO plugin v27.5 - https:\/\/yoast.com\/product\/yoast-seo-wordpress\/ -->\n<title>Filming LED Screens S\u00e9rie TCA | Displays de Produ\u00e7\u00e3o Virtual de Alta Qualidade|TELALED<\/title>\n<meta name=\"description\" content=\"Aprimore suas filmagens com as Telas LED de Filming LED Screens S\u00e9rie TCA para imagens n\u00edtidas e produ\u00e7\u00e3o impec\u00e1vel. Entre em contato conosco hoje mesmo para uma solu\u00e7\u00e3o personalizada.\" \/>\n<meta name=\"robots\" content=\"index, follow, max-snippet:-1, max-image-preview:large, max-video-preview:-1\" \/>\n<link rel=\"canonical\" href=\"https:\/\/www.telaled.com\/en\/fabrica\/filming-led-screens-serie-tca\/\" \/>\n<meta property=\"og:locale\" content=\"en_US\" \/>\n<meta property=\"og:type\" content=\"article\" \/>\n<meta property=\"og:title\" content=\"Filming LED Screens S\u00e9rie TCA | Displays de Produ\u00e7\u00e3o Virtual de Alta Qualidade|TELALED\" \/>\n<meta property=\"og:description\" content=\"Aprimore suas filmagens com as Telas LED de Filming LED Screens S\u00e9rie TCA para imagens n\u00edtidas e produ\u00e7\u00e3o impec\u00e1vel. Entre em contato conosco hoje mesmo para uma solu\u00e7\u00e3o personalizada.\" \/>\n<meta property=\"og:url\" content=\"https:\/\/www.telaled.com\/en\/fabrica\/filming-led-screens-serie-tca\/\" \/>\n<meta property=\"og:site_name\" content=\"TELALED\" \/>\n<meta property=\"article:modified_time\" content=\"2026-01-05T09:39:22+00:00\" \/>\n<meta property=\"og:image\" content=\"https:\/\/www.telaled.com\/wp-content\/uploads\/2025\/09\/filming-led-screens.webp\" \/>\n\t<meta property=\"og:image:width\" content=\"500\" \/>\n\t<meta property=\"og:image:height\" content=\"500\" \/>\n\t<meta property=\"og:image:type\" content=\"image\/webp\" \/>\n<meta name=\"twitter:card\" content=\"summary_large_image\" \/>\n<meta name=\"twitter:label1\" content=\"Est. reading time\" \/>\n\t<meta name=\"twitter:data1\" content=\"3 minutes\" \/>\n<script type=\"application\/ld+json\" class=\"yoast-schema-graph\">{\"@context\":\"https:\\\/\\\/schema.org\",\"@graph\":[{\"@type\":\"WebPage\",\"@id\":\"https:\\\/\\\/www.telaled.com\\\/fabrica\\\/filming-led-screens-serie-tca\\\/\",\"url\":\"https:\\\/\\\/www.telaled.com\\\/fabrica\\\/filming-led-screens-serie-tca\\\/\",\"name\":\"Filming LED Screens S\u00e9rie TCA | Displays de Produ\u00e7\u00e3o Virtual de Alta Qualidade|TELALED\",\"isPartOf\":{\"@id\":\"https:\\\/\\\/www.telaled.com\\\/#website\"},\"primaryImageOfPage\":{\"@id\":\"https:\\\/\\\/www.telaled.com\\\/fabrica\\\/filming-led-screens-serie-tca\\\/#primaryimage\"},\"image\":{\"@id\":\"https:\\\/\\\/www.telaled.com\\\/fabrica\\\/filming-led-screens-serie-tca\\\/#primaryimage\"},\"thumbnailUrl\":\"https:\\\/\\\/www.telaled.com\\\/wp-content\\\/uploads\\\/2025\\\/09\\\/filming-led-screens.webp\",\"datePublished\":\"2025-09-02T06:06:39+00:00\",\"dateModified\":\"2026-01-05T09:39:22+00:00\",\"description\":\"Aprimore suas filmagens com as Telas LED de Filming LED Screens S\u00e9rie TCA para imagens n\u00edtidas e produ\u00e7\u00e3o impec\u00e1vel. Entre em contato conosco hoje mesmo para uma solu\u00e7\u00e3o personalizada.\",\"breadcrumb\":{\"@id\":\"https:\\\/\\\/www.telaled.com\\\/fabrica\\\/filming-led-screens-serie-tca\\\/#breadcrumb\"},\"inLanguage\":\"en-US\",\"potentialAction\":[{\"@type\":\"ReadAction\",\"target\":[\"https:\\\/\\\/www.telaled.com\\\/fabrica\\\/filming-led-screens-serie-tca\\\/\"]}]},{\"@type\":\"ImageObject\",\"inLanguage\":\"en-US\",\"@id\":\"https:\\\/\\\/www.telaled.com\\\/fabrica\\\/filming-led-screens-serie-tca\\\/#primaryimage\",\"url\":\"https:\\\/\\\/www.telaled.com\\\/wp-content\\\/uploads\\\/2025\\\/09\\\/filming-led-screens.webp\",\"contentUrl\":\"https:\\\/\\\/www.telaled.com\\\/wp-content\\\/uploads\\\/2025\\\/09\\\/filming-led-screens.webp\",\"width\":500,\"height\":500,\"caption\":\"filming-led-screens\"},{\"@type\":\"BreadcrumbList\",\"@id\":\"https:\\\/\\\/www.telaled.com\\\/fabrica\\\/filming-led-screens-serie-tca\\\/#breadcrumb\",\"itemListElement\":[{\"@type\":\"ListItem\",\"position\":1,\"name\":\"Home\",\"item\":\"https:\\\/\\\/www.telaled.com\\\/\"},{\"@type\":\"ListItem\",\"position\":2,\"name\":\"Produtos\",\"item\":\"https:\\\/\\\/www.telaled.com\\\/shop\\\/\"},{\"@type\":\"ListItem\",\"position\":3,\"name\":\"Filming LED Screens S\u00e9rie TCA\"}]},{\"@type\":\"WebSite\",\"@id\":\"https:\\\/\\\/www.telaled.com\\\/#website\",\"url\":\"https:\\\/\\\/www.telaled.com\\\/\",\"name\":\"TELALED\",\"description\":\"\",\"potentialAction\":[{\"@type\":\"SearchAction\",\"target\":{\"@type\":\"EntryPoint\",\"urlTemplate\":\"https:\\\/\\\/www.telaled.com\\\/?s={search_term_string}\"},\"query-input\":{\"@type\":\"PropertyValueSpecification\",\"valueRequired\":true,\"valueName\":\"search_term_string\"}}],\"inLanguage\":\"en-US\"}]}<\/script>\n<!-- \/ Yoast SEO plugin. -->","yoast_head_json":{"title":"Filming LED Screens TCA Series | High-Quality Virtual Production Displays | TELALED","description":"Enhance your filming with TCA Series Filming LED Screens for crisp images and flawless production. Contact us today for a custom solution.","robots":{"index":"index","follow":"follow","max-snippet":"max-snippet:-1","max-image-preview":"max-image-preview:large","max-video-preview":"max-video-preview:-1"},"canonical":"https:\/\/www.telaled.com\/en\/fabrica\/filming-led-screens-serie-tca\/","og_locale":"en_US","og_type":"article","og_title":"Filming LED Screens S\u00e9rie TCA | Displays de Produ\u00e7\u00e3o Virtual de Alta Qualidade|TELALED","og_description":"Aprimore suas filmagens com as Telas LED de Filming LED Screens S\u00e9rie TCA para imagens n\u00edtidas e produ\u00e7\u00e3o impec\u00e1vel. Entre em contato conosco hoje mesmo para uma solu\u00e7\u00e3o personalizada.","og_url":"https:\/\/www.telaled.com\/en\/fabrica\/filming-led-screens-serie-tca\/","og_site_name":"TELALED","article_modified_time":"2026-01-05T09:39:22+00:00","og_image":[{"width":500,"height":500,"url":"https:\/\/www.telaled.com\/wp-content\/uploads\/2025\/09\/filming-led-screens.webp","type":"image\/webp"}],"twitter_card":"summary_large_image","twitter_misc":{"Est. reading time":"3 minutes"},"schema":{"@context":"https:\/\/schema.org","@graph":[{"@type":"WebPage","@id":"https:\/\/www.telaled.com\/fabrica\/filming-led-screens-serie-tca\/","url":"https:\/\/www.telaled.com\/fabrica\/filming-led-screens-serie-tca\/","name":"Filming LED Screens TCA Series | High-Quality Virtual Production Displays | TELALED","isPartOf":{"@id":"https:\/\/www.telaled.com\/#website"},"primaryImageOfPage":{"@id":"https:\/\/www.telaled.com\/fabrica\/filming-led-screens-serie-tca\/#primaryimage"},"image":{"@id":"https:\/\/www.telaled.com\/fabrica\/filming-led-screens-serie-tca\/#primaryimage"},"thumbnailUrl":"https:\/\/www.telaled.com\/wp-content\/uploads\/2025\/09\/filming-led-screens.webp","datePublished":"2025-09-02T06:06:39+00:00","dateModified":"2026-01-05T09:39:22+00:00","description":"Enhance your filming with TCA Series Filming LED Screens for crisp images and flawless production. Contact us today for a custom solution.","breadcrumb":{"@id":"https:\/\/www.telaled.com\/fabrica\/filming-led-screens-serie-tca\/#breadcrumb"},"inLanguage":"en-US","potentialAction":[{"@type":"ReadAction","target":["https:\/\/www.telaled.com\/fabrica\/filming-led-screens-serie-tca\/"]}]},{"@type":"ImageObject","inLanguage":"en-US","@id":"https:\/\/www.telaled.com\/fabrica\/filming-led-screens-serie-tca\/#primaryimage","url":"https:\/\/www.telaled.com\/wp-content\/uploads\/2025\/09\/filming-led-screens.webp","contentUrl":"https:\/\/www.telaled.com\/wp-content\/uploads\/2025\/09\/filming-led-screens.webp","width":500,"height":500,"caption":"filming-led-screens"},{"@type":"BreadcrumbList","@id":"https:\/\/www.telaled.com\/fabrica\/filming-led-screens-serie-tca\/#breadcrumb","itemListElement":[{"@type":"ListItem","position":1,"name":"Home","item":"https:\/\/www.telaled.com\/"},{"@type":"ListItem","position":2,"name":"Produtos","item":"https:\/\/www.telaled.com\/shop\/"},{"@type":"ListItem","position":3,"name":"Filming LED Screens S\u00e9rie TCA"}]},{"@type":"WebSite","@id":"https:\/\/www.telaled.com\/#website","url":"https:\/\/www.telaled.com\/","name":"LED screen","description":"","potentialAction":[{"@type":"SearchAction","target":{"@type":"EntryPoint","urlTemplate":"https:\/\/www.telaled.com\/?s={search_term_string}"},"query-input":{"@type":"PropertyValueSpecification","valueRequired":true,"valueName":"search_term_string"}}],"inLanguage":"en-US"}]}},"_links":{"self":[{"href":"https:\/\/www.telaled.com\/en\/wp-json\/wp\/v2\/product\/3196","targetHints":{"allow":["GET"]}}],"collection":[{"href":"https:\/\/www.telaled.com\/en\/wp-json\/wp\/v2\/product"}],"about":[{"href":"https:\/\/www.telaled.com\/en\/wp-json\/wp\/v2\/types\/product"}],"wp:featuredmedia":[{"embeddable":true,"href":"https:\/\/www.telaled.com\/en\/wp-json\/wp\/v2\/media\/3197"}],"wp:attachment":[{"href":"https:\/\/www.telaled.com\/en\/wp-json\/wp\/v2\/media?parent=3196"}],"wp:term":[{"taxonomy":"product_brand","embeddable":true,"href":"https:\/\/www.telaled.com\/en\/wp-json\/wp\/v2\/product_brand?post=3196"},{"taxonomy":"product_cat","embeddable":true,"href":"https:\/\/www.telaled.com\/en\/wp-json\/wp\/v2\/product_cat?post=3196"},{"taxonomy":"product_tag","embeddable":true,"href":"https:\/\/www.telaled.com\/en\/wp-json\/wp\/v2\/product_tag?post=3196"}],"curies":[{"name":"wp","href":"https:\/\/api.w.org\/{rel}","templated":true}]}}