{"id":2949,"date":"2025-08-13T09:48:17","date_gmt":"2025-08-13T09:48:17","guid":{"rendered":"https:\/\/www.telaled.com\/?post_type=product&#038;p=2949"},"modified":"2026-01-05T05:49:45","modified_gmt":"2026-01-05T05:49:45","slug":"painel-de-led-transparente-serie-ttc","status":"publish","type":"product","link":"https:\/\/www.telaled.com\/en\/fabrica\/painel-de-led-transparente-serie-ttc\/","title":{"rendered":"TTC Series Transparent LED Panel"},"content":{"rendered":"<div class=\"row\"  id=\"row-1799101179\">\n\n\t<div id=\"col-1982961784\" class=\"col small-12 large-12\"  >\n\t\t\t\t<div class=\"col-inner\"  >\n\t\t\t\n\t\t\t\n<h2>Exclusive Advantages of the TTC Series Transparent LED Panel<\/h2>\n<h3><strong>Superior Durability<\/strong><\/h3>\n<ul>\n<li>It features a robust structure and weather-resistant coating, ensuring stable performance in demanding outdoor conditions.<\/li>\n<li>The high-brightness module delivers crisp, vibrant visuals and is designed for easy replacement, reducing downtime during maintenance.<\/li>\n<\/ul>\n<h3><strong>Exceptional Visual Quality<\/strong><\/h3>\n<ul>\n<li>High-brightness external LED modules for crisp, clear images.<\/li>\n<li>Maintains vivid, accurate colors in direct sunlight.<\/li>\n<li>Uniform brightness across the screen for balanced visuals.<\/li>\n<li>Stable imaging performance in all weather and lighting conditions.<\/li>\n<\/ul>\n<h3><strong>Complete Adaptability<\/strong><\/h3>\n<ul>\n<li>Supports front and back maintenance for flexible services.<\/li>\n<li>Modular design allows for resizing and reconfiguration.<\/li>\n<li>Suitable for a wide variety of installation types and environments.<\/li>\n<li>Suitable for small shop windows and large outdoor displays.<\/li>\n<\/ul>\n<h3><strong>Comprehensive Support<\/strong><\/h3>\n<ul>\n<li>24\/7 Remote Technical Support: Access expert assistance anytime, anywhere.<\/li>\n<li>5% of spare parts included: Each order includes additional components to increase reliability and provide peace of mind.<\/li>\n<li>3-Year Extended Warranty: Enjoy long-term convergence for better performance and reliable service.<\/li>\n<\/ul>\n<h2>Product details<\/h2>\n<div class=\"row\"  id=\"row-1189548636\">\n\n\t<div id=\"col-1456949158\" class=\"col medium-10 small-12 large-10\"  >\n\t\t\t\t<div class=\"col-inner text-left\"  >\n\t\t\t\n\t\t\t\n<ul>\n<li>Designed for quick and easy maintenance. You can detach any module and rotate the control box 180\u00b0 for quick adjustments. Its adaptable design supports front and rear installation and maintenance, making it suitable for a variety of outdoor applications.<\/li>\n<\/ul>\n\t<div class=\"img has-hover x md-x lg-x y md-y lg-y\" id=\"image_1901254657\">\n\t\t\t\t\t\t\t\t<div class=\"img-inner dark\" >\n\t\t\t<img loading=\"lazy\" decoding=\"async\" width=\"621\" height=\"376\" src=\"https:\/\/www.telaled.com\/wp-content\/uploads\/2025\/08\/Facil-manutencao.webp\" class=\"attachment-original size-original\" alt=\"Easy maintenance\" srcset=\"https:\/\/www.telaled.com\/wp-content\/uploads\/2025\/08\/Facil-manutencao.webp 621w, https:\/\/www.telaled.com\/wp-content\/uploads\/2025\/08\/Facil-manutencao-300x182.webp 300w, https:\/\/www.telaled.com\/wp-content\/uploads\/2025\/08\/Facil-manutencao-18x12.webp 18w, https:\/\/www.telaled.com\/wp-content\/uploads\/2025\/08\/Facil-manutencao-600x363.webp 600w\" sizes=\"auto, (max-width: 621px) 100vw, 621px\" \/>\t\t\t\t\t\t\n\t\t\t\t\t<\/div>\n\t\t\t\t\t\t\t\t\n<style>\n#image_1901254657 {\n  width: 95%;\n}\n<\/style>\n\t<\/div>\n\t\n\t\t<\/div>\n\t\t\t\t\t<\/div>\n\n\t\n\n\t<div id=\"col-1368018630\" class=\"col medium-10 small-12 large-10\"  >\n\t\t\t\t<div class=\"col-inner text-left\"  >\n\t\t\t\n\t\t\t\n<ul>\n<li>With an IP65 protection rating, they protect against water and dust. Designed to handle challenging outdoor conditions, they offer reliable performance in any climate.<\/li>\n<\/ul>\n\t<div class=\"img has-hover x md-x lg-x y md-y lg-y\" id=\"image_369878034\">\n\t\t\t\t\t\t\t\t<div class=\"img-inner dark\" >\n\t\t\t<img loading=\"lazy\" decoding=\"async\" width=\"640\" height=\"430\" src=\"https:\/\/www.telaled.com\/wp-content\/uploads\/2025\/08\/IP65-a-prova-dagua.webp\" class=\"attachment-large size-large\" alt=\"IP65-waterproof\" srcset=\"https:\/\/www.telaled.com\/wp-content\/uploads\/2025\/08\/IP65-a-prova-dagua.webp 640w, https:\/\/www.telaled.com\/wp-content\/uploads\/2025\/08\/IP65-a-prova-dagua-300x202.webp 300w, https:\/\/www.telaled.com\/wp-content\/uploads\/2025\/08\/IP65-a-prova-dagua-18x12.webp 18w, https:\/\/www.telaled.com\/wp-content\/uploads\/2025\/08\/IP65-a-prova-dagua-600x403.webp 600w\" sizes=\"auto, (max-width: 640px) 100vw, 640px\" \/>\t\t\t\t\t\t\n\t\t\t\t\t<\/div>\n\t\t\t\t\t\t\t\t\n<style>\n#image_369878034 {\n  width: 95%;\n}\n<\/style>\n\t<\/div>\n\t\n<ul>\n<li>It offers a transparency ratio of 30% to 60%, allowing clear visibility through the screen while displaying bright, vivid content. This design preserves natural light and open vision.<\/li>\n<\/ul>\n\t<div class=\"img has-hover x md-x lg-x y md-y lg-y\" id=\"image_279013959\">\n\t\t\t\t\t\t\t\t<div class=\"img-inner dark\" >\n\t\t\t<img loading=\"lazy\" decoding=\"async\" width=\"640\" height=\"430\" src=\"https:\/\/www.telaled.com\/wp-content\/uploads\/2025\/08\/Alta-Transparencia.webp\" class=\"attachment-large size-large\" alt=\"\" srcset=\"https:\/\/www.telaled.com\/wp-content\/uploads\/2025\/08\/Alta-Transparencia.webp 640w, https:\/\/www.telaled.com\/wp-content\/uploads\/2025\/08\/Alta-Transparencia-300x202.webp 300w, https:\/\/www.telaled.com\/wp-content\/uploads\/2025\/08\/Alta-Transparencia-18x12.webp 18w, https:\/\/www.telaled.com\/wp-content\/uploads\/2025\/08\/Alta-Transparencia-600x403.webp 600w\" sizes=\"auto, (max-width: 640px) 100vw, 640px\" \/>\t\t\t\t\t\t\n\t\t\t\t\t<\/div>\n\t\t\t\t\t\t\t\t\n<style>\n#image_279013959 {\n  width: 95%;\n}\n<\/style>\n\t<\/div>\n\t\n<ul>\n<li>Utilizes a modular configuration for quick part replacement, easy repairs, and flexible scaling to meet any display needs.<\/li>\n<\/ul>\n\t<div class=\"img has-hover x md-x lg-x y md-y lg-y\" id=\"image_1422499752\">\n\t\t\t\t\t\t\t\t<div class=\"img-inner dark\" >\n\t\t\t<img loading=\"lazy\" decoding=\"async\" width=\"640\" height=\"430\" src=\"https:\/\/www.telaled.com\/wp-content\/uploads\/2025\/08\/Design-modular-1.webp\" class=\"attachment-large size-large\" alt=\"Modular design (1)\" srcset=\"https:\/\/www.telaled.com\/wp-content\/uploads\/2025\/08\/Design-modular-1.webp 640w, https:\/\/www.telaled.com\/wp-content\/uploads\/2025\/08\/Design-modular-1-300x202.webp 300w, https:\/\/www.telaled.com\/wp-content\/uploads\/2025\/08\/Design-modular-1-18x12.webp 18w, https:\/\/www.telaled.com\/wp-content\/uploads\/2025\/08\/Design-modular-1-600x403.webp 600w\" sizes=\"auto, (max-width: 640px) 100vw, 640px\" \/>\t\t\t\t\t\t\n\t\t\t\t\t<\/div>\n\t\t\t\t\t\t\t\t\n<style>\n#image_1422499752 {\n  width: 100%;\n}\n<\/style>\n\t<\/div>\n\t\n\t\t<\/div>\n\t\t\t\t\t<\/div>\n\n\t\n\n\t<div id=\"col-48736620\" class=\"col medium-10 small-12 large-10\"  >\n\t\t\t\t<div class=\"col-inner text-left\"  >\n\t\t\t\n\t\t\t\n<ul>\n<li>LED displays are packaged according to their type and intended application. Fully assembled units are packed in wooden crates or reinforced cardboard packaging to ensure stability during transport. LED modules receive extra protection, often packaged in reinforced boxes or sealed crates with additional wooden framing, which increases safety.<\/li>\n<\/ul>\n\t<div class=\"img has-hover x md-x lg-x y md-y lg-y\" id=\"image_2133833944\">\n\t\t\t\t\t\t\t\t<div class=\"img-inner dark\" >\n\t\t\t<img loading=\"lazy\" decoding=\"async\" width=\"760\" height=\"1024\" src=\"https:\/\/www.telaled.com\/wp-content\/uploads\/2025\/06\/Embalagem-760x1024.webp\" class=\"attachment-large size-large\" alt=\"Packaging\" srcset=\"https:\/\/www.telaled.com\/wp-content\/uploads\/2025\/06\/Embalagem-760x1024.webp 760w, https:\/\/www.telaled.com\/wp-content\/uploads\/2025\/06\/Embalagem-223x300.webp 223w, https:\/\/www.telaled.com\/wp-content\/uploads\/2025\/06\/Embalagem-768x1035.webp 768w, https:\/\/www.telaled.com\/wp-content\/uploads\/2025\/06\/Embalagem-9x12.webp 9w, https:\/\/www.telaled.com\/wp-content\/uploads\/2025\/06\/Embalagem-600x808.webp 600w, https:\/\/www.telaled.com\/wp-content\/uploads\/2025\/06\/Embalagem.webp 795w\" sizes=\"auto, (max-width: 760px) 100vw, 760px\" \/>\t\t\t\t\t\t\n\t\t\t\t\t<\/div>\n\t\t\t\t\t\t\t\t\n<style>\n#image_2133833944 {\n  width: 95%;\n}\n<\/style>\n\t<\/div>\n\t\n\t\t<\/div>\n\t\t\t\t\t<\/div>\n\n\t\n<\/div>\n\t\t<\/div>\n\t\t\t\t\t<\/div>\n\n\t\n\n\t<div id=\"col-2060322839\" class=\"col small-12 large-12\"  >\n\t\t\t\t<div class=\"col-inner\"  >\n\t\t\t\n\t\t\t\n<div class=\"row\"  id=\"row-1296598676\">\n\n\t<div id=\"col-1580305678\" class=\"col medium-10 small-12 large-10\"  >\n\t\t\t\t<div class=\"col-inner\"  >\n\t\t\t\n\t\t\t\n\n<table id=\"tablepress-60\" class=\"tablepress tablepress-id-60\">\n<thead>\n<tr class=\"row-1\">\n\t<th class=\"column-1\">Parameters<\/th><th class=\"column-2\">TTC0307<\/th><th class=\"column-3\">TTC0510<\/th><th class=\"column-4\">TTC0612<\/th><th class=\"column-5\">TTC0715<\/th><th class=\"column-6\">TTC1010<\/th><th class=\"column-7\">TTC1212<\/th><th class=\"column-8\">TTC1515<\/th><th class=\"column-9\">TTC1531D<\/th>\n<\/tr>\n<\/thead>\n<tbody class=\"row-striping row-hover\">\n<tr class=\"row-2\">\n\t<td class=\"column-1\">Pixel pitch (mm)<\/td><td class=\"column-2\">3.91\u00d77.81mm (H*V)<\/td><td class=\"column-3\">5.2\u00d710.4mm (H*V)<\/td><td class=\"column-4\">6.2\u00d712.5mm (H*V)<\/td><td class=\"column-5\">7.8\u00d715.6mm (H*V)<\/td><td class=\"column-6\">10.4\u00d710.4mm (H*V)<\/td><td class=\"column-7\">12.5\u00d712.5mm (H*V)<\/td><td class=\"column-8\">15.6\u00d715.6mm (H*V)<\/td><td class=\"column-9\">15.6\u00d731mm (H*V)<\/td>\n<\/tr>\n<tr class=\"row-3\">\n\t<td class=\"column-1\">LED configuration<\/td><td class=\"column-2\">SMD1921<\/td><td class=\"column-3\">SMD2727<\/td><td class=\"column-4\">SMD3535<\/td><td class=\"column-5\">SMD3535<\/td><td class=\"column-6\">SMD2727<\/td><td class=\"column-7\">SMD3535<\/td><td class=\"column-8\">SMD3535<\/td><td class=\"column-9\">DIP346<\/td>\n<\/tr>\n<tr class=\"row-4\">\n\t<td class=\"column-1\">Module Size (mm)<\/td><td class=\"column-2\">500\u00d7125<\/td><td class=\"column-3\">500\u00d7125<\/td><td class=\"column-4\">500\u00d7125<\/td><td class=\"column-5\">500\u00d7250<\/td><td class=\"column-6\">500\u00d7125<\/td><td class=\"column-7\">500\u00d7125<\/td><td class=\"column-8\">500\u00d7250<\/td><td class=\"column-9\">500\u00d7250<\/td>\n<\/tr>\n<tr class=\"row-5\">\n\t<td class=\"column-1\">Module Resolution<\/td><td class=\"column-2\">128\u00d716<\/td><td class=\"column-3\">96\u00d724<\/td><td class=\"column-4\">80\u00d710<\/td><td class=\"column-5\">64\u00d716<\/td><td class=\"column-6\">48\u00d712<\/td><td class=\"column-7\">40\u00d710<\/td><td class=\"column-8\">32\u00d716<\/td><td class=\"column-9\">32\u00d78<\/td>\n<\/tr>\n<tr class=\"row-6\">\n\t<td class=\"column-1\">Cabinet size (mm)<\/td><td class=\"column-2\">1000\u00d71000\u00d775<\/td><td class=\"column-3\">1000\u00d71000\u00d775<\/td><td class=\"column-4\">1000\u00d71000\u00d775<\/td><td class=\"column-5\">1000\u00d71000\u00d775<\/td><td class=\"column-6\">1000\u00d71000\u00d775<\/td><td class=\"column-7\">1000\u00d71000\u00d775<\/td><td class=\"column-8\">1000\u00d71000\u00d775<\/td><td class=\"column-9\">1000\u00d71000\u00d785<\/td>\n<\/tr>\n<tr class=\"row-7\">\n\t<td class=\"column-1\">Module Resolution<\/td><td class=\"column-2\">256\u00d7128<\/td><td class=\"column-3\">192\u00d796<\/td><td class=\"column-4\">160\u00d780<\/td><td class=\"column-5\">128\u00d764<\/td><td class=\"column-6\">96\u00d796<\/td><td class=\"column-7\">80\u00d780<\/td><td class=\"column-8\">64\u00d764<\/td><td class=\"column-9\">64\u00d732<\/td>\n<\/tr>\n<tr class=\"row-8\">\n\t<td class=\"column-1\">Cabinet weight (kg)<\/td><td class=\"column-2\">19<\/td><td class=\"column-3\">19<\/td><td class=\"column-4\">19<\/td><td class=\"column-5\">19<\/td><td class=\"column-6\">19<\/td><td class=\"column-7\">19<\/td><td class=\"column-8\">19<\/td><td class=\"column-9\">19<\/td>\n<\/tr>\n<tr class=\"row-9\">\n\t<td class=\"column-1\">Transparency Fee<\/td><td class=\"column-2\">42%<\/td><td class=\"column-3\">45%<\/td><td class=\"column-4\">35%<\/td><td class=\"column-5\">50%<\/td><td class=\"column-6\">45%<\/td><td class=\"column-7\">35%<\/td><td class=\"column-8\">50%<\/td><td class=\"column-9\">56%<\/td>\n<\/tr>\n<tr class=\"row-10\">\n\t<td class=\"column-1\">Brightness (cd\/m\u00b2)<\/td><td class=\"column-2\">5000\/8000<\/td><td class=\"column-3\">6000\/8000<\/td><td class=\"column-4\">6000\/8000<\/td><td class=\"column-5\">7000\/8500<\/td><td class=\"column-6\">5500\/8000<\/td><td class=\"column-7\">6000\/8000<\/td><td class=\"column-8\">7000\/8500<\/td><td class=\"column-9\">8000\/10000<\/td>\n<\/tr>\n<tr class=\"row-11\">\n\t<td class=\"column-1\">Maximum power consumption<\/td><td class=\"column-2\">800W\/m\u00b2<\/td><td class=\"column-3\">800W\/m\u00b2<\/td><td class=\"column-4\">800W\/m\u00b2<\/td><td class=\"column-5\">800W\/m\u00b2<\/td><td class=\"column-6\">800W\/m\u00b2<\/td><td class=\"column-7\">800W\/m\u00b2<\/td><td class=\"column-8\">800W\/m\u00b2<\/td><td class=\"column-9\">360W\/m\u00b2<\/td>\n<\/tr>\n<tr class=\"row-12\">\n\t<td class=\"column-1\">Average energy consumption<\/td><td class=\"column-2\">230W\/m\u00b2<\/td><td class=\"column-3\">230W\/m\u00b2<\/td><td class=\"column-4\">230W\/m\u00b2<\/td><td class=\"column-5\">230W\/m\u00b2<\/td><td class=\"column-6\">230W\/m\u00b2<\/td><td class=\"column-7\">230W\/m\u00b2<\/td><td class=\"column-8\">230W\/m\u00b2<\/td><td class=\"column-9\">100W\/m\u00b2<\/td>\n<\/tr>\n<tr class=\"row-13\">\n\t<td class=\"column-1\">Refresh rate<\/td><td class=\"column-2\">3840Hz<\/td><td class=\"column-3\">3840Hz<\/td><td class=\"column-4\">3840Hz<\/td><td class=\"column-5\">3840Hz<\/td><td class=\"column-6\">3840Hz<\/td><td class=\"column-7\">3840Hz<\/td><td class=\"column-8\">3840Hz<\/td><td class=\"column-9\">3840Hz<\/td>\n<\/tr>\n<tr class=\"row-14\">\n\t<td class=\"column-1\">IP Rating (Front\/Rear)<\/td><td class=\"column-2\">IP65\/IP54<\/td><td class=\"column-3\">IP65\/IP54<\/td><td class=\"column-4\">IP65\/IP54<\/td><td class=\"column-5\">IP65\/IP54<\/td><td class=\"column-6\">IP65\/IP54<\/td><td class=\"column-7\">IP65\/IP54<\/td><td class=\"column-8\">IP65\/IP54<\/td><td class=\"column-9\">IP65\/IP54<\/td>\n<\/tr>\n<tr class=\"row-15\">\n\t<td class=\"column-1\">Installation type<\/td><td class=\"column-2\">Front\/Back<\/td><td class=\"column-3\">Front\/Back<\/td><td class=\"column-4\">Front\/Back<\/td><td class=\"column-5\">Front\/Back<\/td><td class=\"column-6\">Front\/Back<\/td><td class=\"column-7\">Front\/Back<\/td><td class=\"column-8\">Front\/Back<\/td><td class=\"column-9\">Front\/Back<\/td>\n<\/tr>\n<tr class=\"row-16\">\n\t<td class=\"column-1\">Type of maintenance<\/td><td class=\"column-2\">Front\/Back<\/td><td class=\"column-3\">Front\/Back<\/td><td class=\"column-4\">Front\/Back<\/td><td class=\"column-5\">Front\/Back<\/td><td class=\"column-6\">Front\/Back<\/td><td class=\"column-7\">Front\/Back<\/td><td class=\"column-8\">Front\/Back<\/td><td class=\"column-9\">Front\/Back<\/td>\n<\/tr>\n<\/tbody>\n<\/table>\n\n\t\t<\/div>\n\t\t\t\t\t<\/div>\n\n\t\n<\/div>\n\t\t<\/div>\n\t\t\t\t\t<\/div>\n\n\t\n<\/div>","protected":false},"excerpt":{"rendered":"<p><strong>TTC Series Transparent LED Panel: High-impact visuals from TelaLED<\/strong><\/p>\n<p><em><strong>TTC Series Transparent LED Panel<\/strong><\/em> It offers stunning transparency, intense shine, and a slim 57mm profile for a modern, professional look. Designed for quick installation and long-lasting performance, it&#039;s the perfect solution for... <a href=\"https:\/\/www.telaled.com\/en\/led-para-vitrine-de-loja\/\">shop windows<\/a> Retail, exhibitions and large-scale creative projects.<\/p>\n<p><strong>Main features:<\/strong><\/p>\n<ul>\n<li><strong>Multiple pixel pitch options:<\/strong> Choose between 10, 12.5, 15.6 or 31.25 mm for ideal clarity.<\/li>\n<li><strong>Lightweight and thin structure:<\/strong> 1000\u00d71000 mm cabinet with a depth of 75 mm for easy handling.<\/li>\n<li><strong>Versatile applications:<\/strong> ideal for retail, <a href=\"https:\/\/www.telaled.com\/en\/telao-de-led-para-eventos\/\">events<\/a> and architectural exhibitions.<\/li>\n<\/ul>\n<p>We offer 24\/7 remote support and a 3-year warranty. Contact us today for a personalized quote.<\/p>","protected":false},"featured_media":2950,"template":"","meta":[],"product_brand":[],"product_cat":[40,45,46],"product_tag":[],"class_list":{"0":"post-2949","1":"product","2":"type-product","3":"status-publish","4":"has-post-thumbnail","6":"product_cat-painel-de-led","7":"product_cat-painel-de-led-transparente","8":"product_cat-painel-de-video","10":"first","11":"instock","12":"shipping-taxable","13":"product-type-simple"},"yoast_head":"<!-- This site is optimized with the Yoast SEO plugin v27.4 - https:\/\/yoast.com\/product\/yoast-seo-wordpress\/ -->\n<title>Painel de LED Transparente S\u00e9rie TTC | Fino, Brilhante e F\u00e1cil de Instalar |TELALED<\/title>\n<meta name=\"description\" content=\"Painel de LED Transparente S\u00e9rie TTC conta com gabinetes finos de 75 mm, m\u00faltiplos espa\u00e7amentos de pixel e f\u00e1cil instala\u00e7\u00e3o. Perfeito para varejo, eventos e displays criativos.\" \/>\n<meta name=\"robots\" content=\"index, follow, max-snippet:-1, max-image-preview:large, max-video-preview:-1\" \/>\n<link rel=\"canonical\" href=\"https:\/\/www.telaled.com\/en\/fabrica\/painel-de-led-transparente-serie-ttc\/\" \/>\n<meta property=\"og:locale\" content=\"en_US\" \/>\n<meta property=\"og:type\" content=\"article\" \/>\n<meta property=\"og:title\" content=\"Painel de LED Transparente S\u00e9rie TTC | Fino, Brilhante e F\u00e1cil de Instalar |TELALED\" \/>\n<meta property=\"og:description\" content=\"Painel de LED Transparente S\u00e9rie TTC conta com gabinetes finos de 75 mm, m\u00faltiplos espa\u00e7amentos de pixel e f\u00e1cil instala\u00e7\u00e3o. Perfeito para varejo, eventos e displays criativos.\" \/>\n<meta property=\"og:url\" content=\"https:\/\/www.telaled.com\/en\/fabrica\/painel-de-led-transparente-serie-ttc\/\" \/>\n<meta property=\"og:site_name\" content=\"TELALED\" \/>\n<meta property=\"article:modified_time\" content=\"2026-01-05T05:49:45+00:00\" \/>\n<meta property=\"og:image\" content=\"https:\/\/www.telaled.com\/wp-content\/uploads\/2025\/08\/Painel-de-LED-Transparente-Serie-TTC.webp\" \/>\n\t<meta property=\"og:image:width\" content=\"500\" \/>\n\t<meta property=\"og:image:height\" content=\"500\" \/>\n\t<meta property=\"og:image:type\" content=\"image\/webp\" \/>\n<meta name=\"twitter:card\" content=\"summary_large_image\" \/>\n<meta name=\"twitter:label1\" content=\"Est. reading time\" \/>\n\t<meta name=\"twitter:data1\" content=\"3 minutes\" \/>\n<script type=\"application\/ld+json\" class=\"yoast-schema-graph\">{\"@context\":\"https:\\\/\\\/schema.org\",\"@graph\":[{\"@type\":\"WebPage\",\"@id\":\"https:\\\/\\\/www.telaled.com\\\/fabrica\\\/painel-de-led-transparente-serie-ttc\\\/\",\"url\":\"https:\\\/\\\/www.telaled.com\\\/fabrica\\\/painel-de-led-transparente-serie-ttc\\\/\",\"name\":\"Painel de LED Transparente S\u00e9rie TTC | Fino, Brilhante e F\u00e1cil de Instalar |TELALED\",\"isPartOf\":{\"@id\":\"https:\\\/\\\/www.telaled.com\\\/#website\"},\"primaryImageOfPage\":{\"@id\":\"https:\\\/\\\/www.telaled.com\\\/fabrica\\\/painel-de-led-transparente-serie-ttc\\\/#primaryimage\"},\"image\":{\"@id\":\"https:\\\/\\\/www.telaled.com\\\/fabrica\\\/painel-de-led-transparente-serie-ttc\\\/#primaryimage\"},\"thumbnailUrl\":\"https:\\\/\\\/www.telaled.com\\\/wp-content\\\/uploads\\\/2025\\\/08\\\/Painel-de-LED-Transparente-Serie-TTC.webp\",\"datePublished\":\"2025-08-13T09:48:17+00:00\",\"dateModified\":\"2026-01-05T05:49:45+00:00\",\"description\":\"Painel de LED Transparente S\u00e9rie TTC conta com gabinetes finos de 75 mm, m\u00faltiplos espa\u00e7amentos de pixel e f\u00e1cil instala\u00e7\u00e3o. Perfeito para varejo, eventos e displays criativos.\",\"breadcrumb\":{\"@id\":\"https:\\\/\\\/www.telaled.com\\\/fabrica\\\/painel-de-led-transparente-serie-ttc\\\/#breadcrumb\"},\"inLanguage\":\"en-US\",\"potentialAction\":[{\"@type\":\"ReadAction\",\"target\":[\"https:\\\/\\\/www.telaled.com\\\/fabrica\\\/painel-de-led-transparente-serie-ttc\\\/\"]}]},{\"@type\":\"ImageObject\",\"inLanguage\":\"en-US\",\"@id\":\"https:\\\/\\\/www.telaled.com\\\/fabrica\\\/painel-de-led-transparente-serie-ttc\\\/#primaryimage\",\"url\":\"https:\\\/\\\/www.telaled.com\\\/wp-content\\\/uploads\\\/2025\\\/08\\\/Painel-de-LED-Transparente-Serie-TTC.webp\",\"contentUrl\":\"https:\\\/\\\/www.telaled.com\\\/wp-content\\\/uploads\\\/2025\\\/08\\\/Painel-de-LED-Transparente-Serie-TTC.webp\",\"width\":500,\"height\":500,\"caption\":\"Painel-de-LED-Transparente-S\u00e9rie-TTC\"},{\"@type\":\"BreadcrumbList\",\"@id\":\"https:\\\/\\\/www.telaled.com\\\/fabrica\\\/painel-de-led-transparente-serie-ttc\\\/#breadcrumb\",\"itemListElement\":[{\"@type\":\"ListItem\",\"position\":1,\"name\":\"Home\",\"item\":\"https:\\\/\\\/www.telaled.com\\\/\"},{\"@type\":\"ListItem\",\"position\":2,\"name\":\"Produtos\",\"item\":\"https:\\\/\\\/www.telaled.com\\\/shop\\\/\"},{\"@type\":\"ListItem\",\"position\":3,\"name\":\"Painel de LED Transparente S\u00e9rie TTC\"}]},{\"@type\":\"WebSite\",\"@id\":\"https:\\\/\\\/www.telaled.com\\\/#website\",\"url\":\"https:\\\/\\\/www.telaled.com\\\/\",\"name\":\"TELALED\",\"description\":\"\",\"potentialAction\":[{\"@type\":\"SearchAction\",\"target\":{\"@type\":\"EntryPoint\",\"urlTemplate\":\"https:\\\/\\\/www.telaled.com\\\/?s={search_term_string}\"},\"query-input\":{\"@type\":\"PropertyValueSpecification\",\"valueRequired\":true,\"valueName\":\"search_term_string\"}}],\"inLanguage\":\"en-US\"}]}<\/script>\n<!-- \/ Yoast SEO plugin. -->","yoast_head_json":{"title":"TTC Series Transparent LED Panel | Thin, Bright and Easy to Install |TELALED","description":"TTC Series Transparent LED Displays feature slim 75mm cabinets, multiple pixel pitches, and easy installation. Perfect for retail, events, and creative displays.","robots":{"index":"index","follow":"follow","max-snippet":"max-snippet:-1","max-image-preview":"max-image-preview:large","max-video-preview":"max-video-preview:-1"},"canonical":"https:\/\/www.telaled.com\/en\/fabrica\/painel-de-led-transparente-serie-ttc\/","og_locale":"en_US","og_type":"article","og_title":"Painel de LED Transparente S\u00e9rie TTC | Fino, Brilhante e F\u00e1cil de Instalar |TELALED","og_description":"Painel de LED Transparente S\u00e9rie TTC conta com gabinetes finos de 75 mm, m\u00faltiplos espa\u00e7amentos de pixel e f\u00e1cil instala\u00e7\u00e3o. Perfeito para varejo, eventos e displays criativos.","og_url":"https:\/\/www.telaled.com\/en\/fabrica\/painel-de-led-transparente-serie-ttc\/","og_site_name":"TELALED","article_modified_time":"2026-01-05T05:49:45+00:00","og_image":[{"width":500,"height":500,"url":"https:\/\/www.telaled.com\/wp-content\/uploads\/2025\/08\/Painel-de-LED-Transparente-Serie-TTC.webp","type":"image\/webp"}],"twitter_card":"summary_large_image","twitter_misc":{"Est. reading time":"3 minutes"},"schema":{"@context":"https:\/\/schema.org","@graph":[{"@type":"WebPage","@id":"https:\/\/www.telaled.com\/fabrica\/painel-de-led-transparente-serie-ttc\/","url":"https:\/\/www.telaled.com\/fabrica\/painel-de-led-transparente-serie-ttc\/","name":"TTC Series Transparent LED Panel | Thin, Bright and Easy to Install |TELALED","isPartOf":{"@id":"https:\/\/www.telaled.com\/#website"},"primaryImageOfPage":{"@id":"https:\/\/www.telaled.com\/fabrica\/painel-de-led-transparente-serie-ttc\/#primaryimage"},"image":{"@id":"https:\/\/www.telaled.com\/fabrica\/painel-de-led-transparente-serie-ttc\/#primaryimage"},"thumbnailUrl":"https:\/\/www.telaled.com\/wp-content\/uploads\/2025\/08\/Painel-de-LED-Transparente-Serie-TTC.webp","datePublished":"2025-08-13T09:48:17+00:00","dateModified":"2026-01-05T05:49:45+00:00","description":"TTC Series Transparent LED Displays feature slim 75mm cabinets, multiple pixel pitches, and easy installation. Perfect for retail, events, and creative displays.","breadcrumb":{"@id":"https:\/\/www.telaled.com\/fabrica\/painel-de-led-transparente-serie-ttc\/#breadcrumb"},"inLanguage":"en-US","potentialAction":[{"@type":"ReadAction","target":["https:\/\/www.telaled.com\/fabrica\/painel-de-led-transparente-serie-ttc\/"]}]},{"@type":"ImageObject","inLanguage":"en-US","@id":"https:\/\/www.telaled.com\/fabrica\/painel-de-led-transparente-serie-ttc\/#primaryimage","url":"https:\/\/www.telaled.com\/wp-content\/uploads\/2025\/08\/Painel-de-LED-Transparente-Serie-TTC.webp","contentUrl":"https:\/\/www.telaled.com\/wp-content\/uploads\/2025\/08\/Painel-de-LED-Transparente-Serie-TTC.webp","width":500,"height":500,"caption":"Painel-de-LED-Transparente-S\u00e9rie-TTC"},{"@type":"BreadcrumbList","@id":"https:\/\/www.telaled.com\/fabrica\/painel-de-led-transparente-serie-ttc\/#breadcrumb","itemListElement":[{"@type":"ListItem","position":1,"name":"Home","item":"https:\/\/www.telaled.com\/"},{"@type":"ListItem","position":2,"name":"Produtos","item":"https:\/\/www.telaled.com\/shop\/"},{"@type":"ListItem","position":3,"name":"Painel de LED Transparente S\u00e9rie TTC"}]},{"@type":"WebSite","@id":"https:\/\/www.telaled.com\/#website","url":"https:\/\/www.telaled.com\/","name":"LED screen","description":"","potentialAction":[{"@type":"SearchAction","target":{"@type":"EntryPoint","urlTemplate":"https:\/\/www.telaled.com\/?s={search_term_string}"},"query-input":{"@type":"PropertyValueSpecification","valueRequired":true,"valueName":"search_term_string"}}],"inLanguage":"en-US"}]}},"_links":{"self":[{"href":"https:\/\/www.telaled.com\/en\/wp-json\/wp\/v2\/product\/2949","targetHints":{"allow":["GET"]}}],"collection":[{"href":"https:\/\/www.telaled.com\/en\/wp-json\/wp\/v2\/product"}],"about":[{"href":"https:\/\/www.telaled.com\/en\/wp-json\/wp\/v2\/types\/product"}],"wp:featuredmedia":[{"embeddable":true,"href":"https:\/\/www.telaled.com\/en\/wp-json\/wp\/v2\/media\/2950"}],"wp:attachment":[{"href":"https:\/\/www.telaled.com\/en\/wp-json\/wp\/v2\/media?parent=2949"}],"wp:term":[{"taxonomy":"product_brand","embeddable":true,"href":"https:\/\/www.telaled.com\/en\/wp-json\/wp\/v2\/product_brand?post=2949"},{"taxonomy":"product_cat","embeddable":true,"href":"https:\/\/www.telaled.com\/en\/wp-json\/wp\/v2\/product_cat?post=2949"},{"taxonomy":"product_tag","embeddable":true,"href":"https:\/\/www.telaled.com\/en\/wp-json\/wp\/v2\/product_tag?post=2949"}],"curies":[{"name":"wp","href":"https:\/\/api.w.org\/{rel}","templated":true}]}}