{"id":2936,"date":"2025-08-12T09:11:59","date_gmt":"2025-08-12T09:11:59","guid":{"rendered":"https:\/\/www.telaled.com\/?post_type=product&#038;p=2936"},"modified":"2026-01-05T04:32:53","modified_gmt":"2026-01-05T04:32:53","slug":"painel-de-led-transparente-para-locacao-serie-ttb","status":"publish","type":"product","link":"https:\/\/www.telaled.com\/en\/fabrica\/painel-de-led-transparente-para-locacao-serie-ttb\/","title":{"rendered":"TTB Series Transparent LED Panel for Rental"},"content":{"rendered":"<div class=\"row\"  id=\"row-2144820138\">\n\n\t<div id=\"col-650799577\" class=\"col small-12 large-12\"  >\n\t\t\t\t<div class=\"col-inner\"  >\n\t\t\t\n\t\t\t\n<h2>Exclusive advantages of the TTB Series Transparent LED Display for Rental<\/h2>\n<h3><strong>Superior Durability<\/strong><\/h3>\n<ul>\n<li>Durable Construction: Utilizes a sturdy aluminum frame with a hollow strip design for reduced weight and long-lasting stability in any environment.<\/li>\n<li>Reliable LED Modules: High-quality modules offer vivid colors, efficient heat dissipation, and protection against dust, moisture, and temperature changes, ensuring long-term performance.<\/li>\n<\/ul>\n<h3><strong>Exceptional Visual Quality<\/strong><\/h3>\n<ul>\n<li>High brightness for clear viewing in bright indoor and outdoor environments.<\/li>\n<li>Accurate color reproduction for vivid, lifelike images.<\/li>\n<li>Wide viewing angles to maintain clarity from any position.<\/li>\n<li>Multiple pixel pitch options for sharp, detailed images.<\/li>\n<\/ul>\n<h3><strong>Complete Adaptability<\/strong><\/h3>\n<ul>\n<li>Available in multiple pixel sizes to suit different viewing distances and applications.<\/li>\n<li>Modular enclosure for flexible configurations.<\/li>\n<li>Suitable for indoor and outdoor use, from exhibitions to stage sets.<\/li>\n<li>Front and rear maintenance options for easy integration into different installation configurations.<\/li>\n<\/ul>\n<h3><strong>Comprehensive Support<\/strong><\/h3>\n<ul>\n<li>24\/7 Remote Technical Support: Access expert assistance anytime, anywhere.<br \/>\n5% of spare parts included: Each order includes additional components to increase reliability and provide peace of mind.<br \/>\n3-Year Extended Warranty: Enjoy long-term convergence for better performance and reliable service.<\/li>\n<\/ul>\n<h2>Product details<\/h2>\n<div class=\"row\"  id=\"row-1412190942\">\n\n\t<div id=\"col-1828900613\" class=\"col medium-10 small-12 large-10\"  >\n\t\t\t\t<div class=\"col-inner text-left\"  >\n\t\t\t\n\t\t\t\n<ul>\n<li>They provide excellent brightness and sharpness, maintaining clear images even in bright light. With an IP65 rating, they are dust and water resistant, making them reliable for a variety of applications. Their energy-efficient design ensures sustainable operation without compromising quality.<\/li>\n<\/ul>\n\t<div class=\"img has-hover x md-x lg-x y md-y lg-y\" id=\"image_1793025318\">\n\t\t\t\t\t\t\t\t<div class=\"img-inner dark\" >\n\t\t\t<img loading=\"lazy\" decoding=\"async\" width=\"1138\" height=\"384\" src=\"https:\/\/www.telaled.com\/wp-content\/uploads\/2025\/08\/Desempenho-excepcional-1.webp\" class=\"attachment-original size-original\" alt=\"Outstanding Performance (1)\" srcset=\"https:\/\/www.telaled.com\/wp-content\/uploads\/2025\/08\/Desempenho-excepcional-1.webp 1138w, https:\/\/www.telaled.com\/wp-content\/uploads\/2025\/08\/Desempenho-excepcional-1-300x101.webp 300w, https:\/\/www.telaled.com\/wp-content\/uploads\/2025\/08\/Desempenho-excepcional-1-1024x346.webp 1024w, https:\/\/www.telaled.com\/wp-content\/uploads\/2025\/08\/Desempenho-excepcional-1-768x259.webp 768w, https:\/\/www.telaled.com\/wp-content\/uploads\/2025\/08\/Desempenho-excepcional-1-18x6.webp 18w, https:\/\/www.telaled.com\/wp-content\/uploads\/2025\/08\/Desempenho-excepcional-1-600x202.webp 600w\" sizes=\"auto, (max-width: 1138px) 100vw, 1138px\" \/>\t\t\t\t\t\t\n\t\t\t\t\t<\/div>\n\t\t\t\t\t\t\t\t\n<style>\n#image_1793025318 {\n  width: 95%;\n}\n<\/style>\n\t<\/div>\n\t\n\t\t<\/div>\n\t\t\t\t\t<\/div>\n\n\t\n\n\t<div id=\"col-1829718695\" class=\"col medium-10 small-12 large-10\"  >\n\t\t\t\t<div class=\"col-inner text-left\"  >\n\t\t\t\n\t\t\t\n<ul>\n<li>The cabinet design allows for smooth curved shapes with adjustable angles of 10\u00b0 to 15\u00b0 in any direction. Its advanced construction allows for seamless seams, even for square-column displays. This flexibility offers more options for creative and custom display configurations.<\/li>\n<\/ul>\n\t<div class=\"img has-hover x md-x lg-x y md-y lg-y\" id=\"image_1887172751\">\n\t\t\t\t\t\t\t\t<div class=\"img-inner dark\" >\n\t\t\t<img loading=\"lazy\" decoding=\"async\" width=\"1020\" height=\"656\" src=\"https:\/\/www.telaled.com\/wp-content\/uploads\/2025\/08\/Emenda-sem-emendas-1024x659.webp\" class=\"attachment-large size-large\" alt=\"Amendment-without-amendments\" srcset=\"https:\/\/www.telaled.com\/wp-content\/uploads\/2025\/08\/Emenda-sem-emendas-1024x659.webp 1024w, https:\/\/www.telaled.com\/wp-content\/uploads\/2025\/08\/Emenda-sem-emendas-300x193.webp 300w, https:\/\/www.telaled.com\/wp-content\/uploads\/2025\/08\/Emenda-sem-emendas-768x494.webp 768w, https:\/\/www.telaled.com\/wp-content\/uploads\/2025\/08\/Emenda-sem-emendas-18x12.webp 18w, https:\/\/www.telaled.com\/wp-content\/uploads\/2025\/08\/Emenda-sem-emendas-600x386.webp 600w, https:\/\/www.telaled.com\/wp-content\/uploads\/2025\/08\/Emenda-sem-emendas.webp 1187w\" sizes=\"auto, (max-width: 1020px) 100vw, 1020px\" \/>\t\t\t\t\t\t\n\t\t\t\t\t<\/div>\n\t\t\t\t\t\t\t\t\n<style>\n#image_1887172751 {\n  width: 95%;\n}\n<\/style>\n\t<\/div>\n\t\n<ul>\n<li>The system supports a variety of installation options, including hanging, stackable, and fixed. It&#039;s compatible with a variety of structures, making it suitable for a variety of display needs.<\/li>\n<\/ul>\n\t<div class=\"img has-hover x md-x lg-x y md-y lg-y\" id=\"image_1922410100\">\n\t\t\t\t\t\t\t\t<div class=\"img-inner dark\" >\n\t\t\t<img loading=\"lazy\" decoding=\"async\" width=\"640\" height=\"430\" src=\"https:\/\/www.telaled.com\/wp-content\/uploads\/2025\/08\/Tipos-de-instalacao.webp\" class=\"attachment-large size-large\" alt=\"\" srcset=\"https:\/\/www.telaled.com\/wp-content\/uploads\/2025\/08\/Tipos-de-instalacao.webp 640w, https:\/\/www.telaled.com\/wp-content\/uploads\/2025\/08\/Tipos-de-instalacao-300x202.webp 300w, https:\/\/www.telaled.com\/wp-content\/uploads\/2025\/08\/Tipos-de-instalacao-18x12.webp 18w, https:\/\/www.telaled.com\/wp-content\/uploads\/2025\/08\/Tipos-de-instalacao-600x403.webp 600w\" sizes=\"auto, (max-width: 640px) 100vw, 640px\" \/>\t\t\t\t\t\t\n\t\t\t\t\t<\/div>\n\t\t\t\t\t\t\t\t\n<style>\n#image_1922410100 {\n  width: 95%;\n}\n<\/style>\n\t<\/div>\n\t\n\t\t<\/div>\n\t\t\t\t\t<\/div>\n\n\t\n\n\t<div id=\"col-513736665\" class=\"col medium-10 small-12 large-10\"  >\n\t\t\t\t<div class=\"col-inner text-left\"  >\n\t\t\t\n\t\t\t\n<ul>\n<li>LED displays are packaged according to their type and intended application. Fully assembled units are packed in wooden crates or reinforced cardboard packaging to ensure stability during transport. LED modules receive extra protection, often packaged in reinforced boxes or sealed crates with additional wooden framing, which increases safety.<\/li>\n<\/ul>\n\t<div class=\"img has-hover x md-x lg-x y md-y lg-y\" id=\"image_1392665886\">\n\t\t\t\t\t\t\t\t<div class=\"img-inner dark\" >\n\t\t\t<img loading=\"lazy\" decoding=\"async\" width=\"760\" height=\"1024\" src=\"https:\/\/www.telaled.com\/wp-content\/uploads\/2025\/06\/Embalagem-760x1024.webp\" class=\"attachment-large size-large\" alt=\"Packaging\" srcset=\"https:\/\/www.telaled.com\/wp-content\/uploads\/2025\/06\/Embalagem-760x1024.webp 760w, https:\/\/www.telaled.com\/wp-content\/uploads\/2025\/06\/Embalagem-223x300.webp 223w, https:\/\/www.telaled.com\/wp-content\/uploads\/2025\/06\/Embalagem-768x1035.webp 768w, https:\/\/www.telaled.com\/wp-content\/uploads\/2025\/06\/Embalagem-9x12.webp 9w, https:\/\/www.telaled.com\/wp-content\/uploads\/2025\/06\/Embalagem-600x808.webp 600w, https:\/\/www.telaled.com\/wp-content\/uploads\/2025\/06\/Embalagem.webp 795w\" sizes=\"auto, (max-width: 760px) 100vw, 760px\" \/>\t\t\t\t\t\t\n\t\t\t\t\t<\/div>\n\t\t\t\t\t\t\t\t\n<style>\n#image_1392665886 {\n  width: 95%;\n}\n<\/style>\n\t<\/div>\n\t\n\t\t<\/div>\n\t\t\t\t\t<\/div>\n\n\t\n<\/div>\n\t\t<\/div>\n\t\t\t\t\t<\/div>\n\n\t\n\n\t<div id=\"col-894246141\" class=\"col small-12 large-12\"  >\n\t\t\t\t<div class=\"col-inner\"  >\n\t\t\t\n\t\t\t\n<div class=\"row\"  id=\"row-1612965636\">\n\n\t<div id=\"col-1195788012\" class=\"col medium-10 small-12 large-10\"  >\n\t\t\t\t<div class=\"col-inner\"  >\n\t\t\t\n\t\t\t\n\n<table id=\"tablepress-59\" class=\"tablepress tablepress-id-59\">\n<thead>\n<tr class=\"row-1\">\n\t<th class=\"column-1\">Product model<\/th><th class=\"column-2\">TTB 1<\/th><th class=\"column-3\">TTB 2<\/th><th class=\"column-4\">TTB 3<\/th><th class=\"column-5\">TTB 5<\/th><th class=\"column-6\">TTB 8<\/th><th class=\"column-7\">TTB 10<\/th><th class=\"column-8\">TTB 15<\/th><th class=\"column-9\">TTB 25<\/th><th class=\"column-10\">TTB 31<\/th>\n<\/tr>\n<\/thead>\n<tbody class=\"row-striping row-hover\">\n<tr class=\"row-2\">\n\t<td class=\"column-1\">Pixel pitch (mm)<\/td><td class=\"column-2\">1.9*3.9<\/td><td class=\"column-3\">2.8*5.6<\/td><td class=\"column-4\">3.9*7.8<\/td><td class=\"column-5\">5.2*10.4<\/td><td class=\"column-6\">7.8*7.8<\/td><td class=\"column-7\">10.4*10.4<\/td><td class=\"column-8\">15.6*15.6<\/td><td class=\"column-9\">25*25<\/td><td class=\"column-10\">31.25*31.25<\/td>\n<\/tr>\n<tr class=\"row-3\">\n\t<td class=\"column-1\">Pixel density (dots\/m\u00b2)<\/td><td class=\"column-2\">129,024<\/td><td class=\"column-3\">61,952<\/td><td class=\"column-4\">32,768<\/td><td class=\"column-5\">18,432<\/td><td class=\"column-6\">16,384<\/td><td class=\"column-7\">9,216<\/td><td class=\"column-8\">4,096<\/td><td class=\"column-9\">1,600<\/td><td class=\"column-10\">1,024<\/td>\n<\/tr>\n<tr class=\"row-4\">\n\t<td class=\"column-1\">Module resolution (points)<\/td><td class=\"column-2\">252*16<\/td><td class=\"column-3\">176*22<\/td><td class=\"column-4\">128*16<\/td><td class=\"column-5\">96*12<\/td><td class=\"column-6\">64*16<\/td><td class=\"column-7\">48*12<\/td><td class=\"column-8\">32*8<\/td><td class=\"column-9\">20*5<\/td><td class=\"column-10\">16*4<\/td>\n<\/tr>\n<tr class=\"row-5\">\n\t<td class=\"column-1\">Cabinet Resolution (points)<\/td><td class=\"column-2\">504*128<\/td><td class=\"column-3\">352*88<\/td><td class=\"column-4\">256*64<\/td><td class=\"column-5\">192*48<\/td><td class=\"column-6\">128*64<\/td><td class=\"column-7\">96*48<\/td><td class=\"column-8\">64*32<\/td><td class=\"column-9\">40*40<\/td><td class=\"column-10\">32*32<\/td>\n<\/tr>\n<tr class=\"row-6\">\n\t<td class=\"column-1\">Transparency<\/td><td class=\"column-2\">42%<\/td><td class=\"column-3\">45%<\/td><td class=\"column-4\">65%<\/td><td class=\"column-5\">75%<\/td><td class=\"column-6\">65%<\/td><td class=\"column-7\">75%<\/td><td class=\"column-8\">85%<\/td><td class=\"column-9\">90%<\/td><td class=\"column-10\">92%<\/td>\n<\/tr>\n<tr class=\"row-7\">\n\t<td class=\"column-1\">Brightness (nits)<\/td><td class=\"column-2\">800~3,000<\/td><td class=\"column-3\">800~3,500<\/td><td class=\"column-4\">800~5,500<\/td><td class=\"column-5\">800~5,500<\/td><td class=\"column-6\">800~5,500<\/td><td class=\"column-7\">800~5,500<\/td><td class=\"column-8\">800~5,500<\/td><td class=\"column-9\">800~5,500<\/td><td class=\"column-10\">800~5,50<\/td>\n<\/tr>\n<tr class=\"row-8\">\n\t<td class=\"column-1\">Power requirements<\/td><td class=\"column-2\">220V \u00b1 10%; AC 50\/60Hz<\/td><td class=\"column-3\">220V \u00b1 10%; AC 50\/60Hz<\/td><td class=\"column-4\">220V \u00b1 10%; AC 50\/60Hz<\/td><td class=\"column-5\">220V \u00b1 10%; AC 50\/60Hz<\/td><td class=\"column-6\">220V \u00b1 10%; AC 50\/60Hz<\/td><td class=\"column-7\">220V \u00b1 10%; AC 50\/60Hz<\/td><td class=\"column-8\">220V \u00b1 10%; AC 50\/60Hz<\/td><td class=\"column-9\">220V \u00b1 10%; AC 50\/60Hz<\/td><td class=\"column-10\">220V \u00b1 10%; AC 50\/60Hz<\/td>\n<\/tr>\n<tr class=\"row-9\">\n\t<td class=\"column-1\">Energy consumption<\/td><td class=\"column-2\">Max: 800W\/m\u00b2; Avg: 260W\/m\u00b2<\/td><td class=\"column-3\">Max: 800W\/m\u00b2; Avg: 260W\/m\u00b2<\/td><td class=\"column-4\">Max: 800W\/m\u00b2; Avg: 260W\/m\u00b2<\/td><td class=\"column-5\">Max: 800W\/m\u00b2; Avg: 260W\/m\u00b2<\/td><td class=\"column-6\">Max: 800W\/m\u00b2; Avg: 260W\/m\u00b2<\/td><td class=\"column-7\">Max: 800W\/m\u00b2; Avg: 260W\/m\u00b2<\/td><td class=\"column-8\">Max: 800W\/m\u00b2; Avg: 260W\/m\u00b2<\/td><td class=\"column-9\">Max: 800W\/m\u00b2; Avg: 260W\/m\u00b2<\/td><td class=\"column-10\">Max: 800W\/m\u00b2; Avg: 260W\/m\u00b2<\/td>\n<\/tr>\n<tr class=\"row-10\">\n\t<td class=\"column-1\">Refresh rate<\/td><td class=\"column-2\">\u22651920 Hz<\/td><td class=\"column-3\">\u22651920 Hz<\/td><td class=\"column-4\">\u22651920 Hz<\/td><td class=\"column-5\">\u22651920 Hz<\/td><td class=\"column-6\">\u22651920 Hz<\/td><td class=\"column-7\">\u22651920 Hz<\/td><td class=\"column-8\">\u22651920 Hz<\/td><td class=\"column-9\">\u22651920 Hz<\/td><td class=\"column-10\">\u22651920 Hz<\/td>\n<\/tr>\n<tr class=\"row-11\">\n\t<td class=\"column-1\">Operating temperature<\/td><td class=\"column-2\">-10\u00b0C~45\u00b0C<\/td><td class=\"column-3\">-10\u00b0C~45\u00b0C<\/td><td class=\"column-4\">-10\u00b0C~45\u00b0C<\/td><td class=\"column-5\">-10\u00b0C~45\u00b0C<\/td><td class=\"column-6\">-10\u00b0C~45\u00b0C<\/td><td class=\"column-7\">-10\u00b0C~45\u00b0C<\/td><td class=\"column-8\"><\/td><td class=\"column-9\"><\/td><td class=\"column-10\"><\/td>\n<\/tr>\n<tr class=\"row-12\">\n\t<td class=\"column-1\">Weight<\/td><td class=\"column-2\">7.5 kg\/m\u00b2<\/td><td class=\"column-3\">7.5 kg\/m\u00b2<\/td><td class=\"column-4\">7.5 kg\/m\u00b2<\/td><td class=\"column-5\">7.5 kg\/m\u00b2<\/td><td class=\"column-6\">7.5 kg\/m\u00b2<\/td><td class=\"column-7\">7.5 kg\/m\u00b2<\/td><td class=\"column-8\"><\/td><td class=\"column-9\"><\/td><td class=\"column-10\"><\/td>\n<\/tr>\n<tr class=\"row-13\">\n\t<td class=\"column-1\">Cabinet size<\/td><td class=\"column-2\">1000*500mm<\/td><td class=\"column-3\">1000*500mm<\/td><td class=\"column-4\">1000*500mm<\/td><td class=\"column-5\">1000*500mm<\/td><td class=\"column-6\">1000*500mm<\/td><td class=\"column-7\">1000*500mm<\/td><td class=\"column-8\"><\/td><td class=\"column-9\"><\/td><td class=\"column-10\"><\/td>\n<\/tr>\n<\/tbody>\n<\/table>\n<!-- #tablepress-59 from cache -->\n\t\t<\/div>\n\t\t\t\t\t<\/div>\n\n\t\n<\/div>\n\t\t<\/div>\n\t\t\t\t\t<\/div>\n\n\t\n<\/div>","protected":false},"excerpt":{"rendered":"<p><strong>TTB Series Transparent LED Rental Panel \u2013 Lightweight, Flexible and Low Maintenance<\/strong><\/p>\n<p>You <em><strong>Transparent LED panels for rent from the TTB Series.<\/strong><\/em> They offer a lightweight and easy-to-maintain solution for <a href=\"https:\/\/www.telaled.com\/en\/painel-de-led-para-eventos\/\">events<\/a> and exhibitions. With an elegant design and <a href=\"https:\/\/www.telaled.com\/en\/tela-de-led-transparente\/\">transparent<\/a>, They provide stunning visuals and flexibility for a variety of applications, including trade shows and glass walkways.<\/p>\n<p><strong>Main features:<\/strong><\/p>\n<ul>\n<li><strong>Customizable sizes:<\/strong> Choose between flexible enclosure options (500\u00d7500 mm and 1000\u00d7500 mm) to adapt the display to your specific needs.<\/li>\n<li><strong>Lightweight and easy to carry.<\/strong>three times lighter than <a href=\"https:\/\/www.telaled.com\/en\/?attachment_id=2943\">LED displays<\/a> traditional, which makes installation and transport easy for any event.<\/li>\n<li><strong>Durable and weather-resistant:<\/strong> Designed with a highly protective structure, built to withstand indoor and outdoor environments, ensuring reliable performance in any setting.<\/li>\n<\/ul>\n<p>We offer 24\/7 remote support and a 3-year warranty. Contact us today for a personalized quote.<\/p>","protected":false},"featured_media":2937,"template":"","meta":[],"product_brand":[],"product_cat":[50,40,45],"product_tag":[],"class_list":{"0":"post-2936","1":"product","2":"type-product","3":"status-publish","4":"has-post-thumbnail","6":"product_cat-aluguel-de-painel-de-led","7":"product_cat-painel-de-led","8":"product_cat-painel-de-led-transparente","10":"first","11":"instock","12":"shipping-taxable","13":"product-type-simple"},"yoast_head":"<!-- This site is optimized with the Yoast SEO plugin v27.5 - https:\/\/yoast.com\/product\/yoast-seo-wordpress\/ -->\n<title>Painel de LED Transparente Para Loca\u00e7\u00e3o S\u00e9rie TTB | Leve e de F\u00e1cil Manuten\u00e7\u00e3o |TELALED<\/title>\n<meta name=\"description\" content=\"Painel de LED transparente da s\u00e9rie TTB para loca\u00e7\u00e3o no seu pr\u00f3ximo evento. Com design fino e leve e manuten\u00e7\u00e3o descomplicada, esses displays s\u00e3o perfeitos para exposi\u00e7\u00f5es, passarelas de vidro e muito mais.\" \/>\n<meta name=\"robots\" content=\"index, follow, max-snippet:-1, max-image-preview:large, max-video-preview:-1\" \/>\n<link rel=\"canonical\" href=\"https:\/\/www.telaled.com\/en\/fabrica\/painel-de-led-transparente-para-locacao-serie-ttb\/\" \/>\n<meta property=\"og:locale\" content=\"en_US\" \/>\n<meta property=\"og:type\" content=\"article\" \/>\n<meta property=\"og:title\" content=\"Painel de LED Transparente Para Loca\u00e7\u00e3o S\u00e9rie TTB | Leve e de F\u00e1cil Manuten\u00e7\u00e3o |TELALED\" \/>\n<meta property=\"og:description\" content=\"Painel de LED transparente da s\u00e9rie TTB para loca\u00e7\u00e3o no seu pr\u00f3ximo evento. Com design fino e leve e manuten\u00e7\u00e3o descomplicada, esses displays s\u00e3o perfeitos para exposi\u00e7\u00f5es, passarelas de vidro e muito mais.\" \/>\n<meta property=\"og:url\" content=\"https:\/\/www.telaled.com\/en\/fabrica\/painel-de-led-transparente-para-locacao-serie-ttb\/\" \/>\n<meta property=\"og:site_name\" content=\"TELALED\" \/>\n<meta property=\"article:modified_time\" content=\"2026-01-05T04:32:53+00:00\" \/>\n<meta property=\"og:image\" content=\"https:\/\/www.telaled.com\/wp-content\/uploads\/2025\/08\/painel-de-led-transparente-para-locacao.jpg\" \/>\n\t<meta property=\"og:image:width\" content=\"500\" \/>\n\t<meta property=\"og:image:height\" content=\"500\" \/>\n\t<meta property=\"og:image:type\" content=\"image\/jpeg\" \/>\n<meta name=\"twitter:card\" content=\"summary_large_image\" \/>\n<meta name=\"twitter:label1\" content=\"Est. reading time\" \/>\n\t<meta name=\"twitter:data1\" content=\"3 minutes\" \/>\n<script type=\"application\/ld+json\" class=\"yoast-schema-graph\">{\"@context\":\"https:\\\/\\\/schema.org\",\"@graph\":[{\"@type\":\"WebPage\",\"@id\":\"https:\\\/\\\/www.telaled.com\\\/fabrica\\\/painel-de-led-transparente-para-locacao-serie-ttb\\\/\",\"url\":\"https:\\\/\\\/www.telaled.com\\\/fabrica\\\/painel-de-led-transparente-para-locacao-serie-ttb\\\/\",\"name\":\"Painel de LED Transparente Para Loca\u00e7\u00e3o S\u00e9rie TTB | Leve e de F\u00e1cil Manuten\u00e7\u00e3o |TELALED\",\"isPartOf\":{\"@id\":\"https:\\\/\\\/www.telaled.com\\\/#website\"},\"primaryImageOfPage\":{\"@id\":\"https:\\\/\\\/www.telaled.com\\\/fabrica\\\/painel-de-led-transparente-para-locacao-serie-ttb\\\/#primaryimage\"},\"image\":{\"@id\":\"https:\\\/\\\/www.telaled.com\\\/fabrica\\\/painel-de-led-transparente-para-locacao-serie-ttb\\\/#primaryimage\"},\"thumbnailUrl\":\"https:\\\/\\\/www.telaled.com\\\/wp-content\\\/uploads\\\/2025\\\/08\\\/painel-de-led-transparente-para-locacao.jpg\",\"datePublished\":\"2025-08-12T09:11:59+00:00\",\"dateModified\":\"2026-01-05T04:32:53+00:00\",\"description\":\"Painel de LED transparente da s\u00e9rie TTB para loca\u00e7\u00e3o no seu pr\u00f3ximo evento. Com design fino e leve e manuten\u00e7\u00e3o descomplicada, esses displays s\u00e3o perfeitos para exposi\u00e7\u00f5es, passarelas de vidro e muito mais.\",\"breadcrumb\":{\"@id\":\"https:\\\/\\\/www.telaled.com\\\/fabrica\\\/painel-de-led-transparente-para-locacao-serie-ttb\\\/#breadcrumb\"},\"inLanguage\":\"en-US\",\"potentialAction\":[{\"@type\":\"ReadAction\",\"target\":[\"https:\\\/\\\/www.telaled.com\\\/fabrica\\\/painel-de-led-transparente-para-locacao-serie-ttb\\\/\"]}]},{\"@type\":\"ImageObject\",\"inLanguage\":\"en-US\",\"@id\":\"https:\\\/\\\/www.telaled.com\\\/fabrica\\\/painel-de-led-transparente-para-locacao-serie-ttb\\\/#primaryimage\",\"url\":\"https:\\\/\\\/www.telaled.com\\\/wp-content\\\/uploads\\\/2025\\\/08\\\/painel-de-led-transparente-para-locacao.jpg\",\"contentUrl\":\"https:\\\/\\\/www.telaled.com\\\/wp-content\\\/uploads\\\/2025\\\/08\\\/painel-de-led-transparente-para-locacao.jpg\",\"width\":500,\"height\":500,\"caption\":\"painel-de-led-transparente-para-loca\u00e7\u00e3o\"},{\"@type\":\"BreadcrumbList\",\"@id\":\"https:\\\/\\\/www.telaled.com\\\/fabrica\\\/painel-de-led-transparente-para-locacao-serie-ttb\\\/#breadcrumb\",\"itemListElement\":[{\"@type\":\"ListItem\",\"position\":1,\"name\":\"Home\",\"item\":\"https:\\\/\\\/www.telaled.com\\\/\"},{\"@type\":\"ListItem\",\"position\":2,\"name\":\"Produtos\",\"item\":\"https:\\\/\\\/www.telaled.com\\\/shop\\\/\"},{\"@type\":\"ListItem\",\"position\":3,\"name\":\"Painel de LED Transparente Para Loca\u00e7\u00e3o S\u00e9rie TTB\"}]},{\"@type\":\"WebSite\",\"@id\":\"https:\\\/\\\/www.telaled.com\\\/#website\",\"url\":\"https:\\\/\\\/www.telaled.com\\\/\",\"name\":\"TELALED\",\"description\":\"\",\"potentialAction\":[{\"@type\":\"SearchAction\",\"target\":{\"@type\":\"EntryPoint\",\"urlTemplate\":\"https:\\\/\\\/www.telaled.com\\\/?s={search_term_string}\"},\"query-input\":{\"@type\":\"PropertyValueSpecification\",\"valueRequired\":true,\"valueName\":\"search_term_string\"}}],\"inLanguage\":\"en-US\"}]}<\/script>\n<!-- \/ Yoast SEO plugin. -->","yoast_head_json":{"title":"Transparent LED Panel for Rental TTB Series | Lightweight and Easy to Maintain |TELALED","description":"TTB Series transparent LED display for rental at your next event. With a slim, lightweight design and easy maintenance, these displays are perfect for exhibitions, glass walkways, and more.","robots":{"index":"index","follow":"follow","max-snippet":"max-snippet:-1","max-image-preview":"max-image-preview:large","max-video-preview":"max-video-preview:-1"},"canonical":"https:\/\/www.telaled.com\/en\/fabrica\/painel-de-led-transparente-para-locacao-serie-ttb\/","og_locale":"en_US","og_type":"article","og_title":"Painel de LED Transparente Para Loca\u00e7\u00e3o S\u00e9rie TTB | Leve e de F\u00e1cil Manuten\u00e7\u00e3o |TELALED","og_description":"Painel de LED transparente da s\u00e9rie TTB para loca\u00e7\u00e3o no seu pr\u00f3ximo evento. Com design fino e leve e manuten\u00e7\u00e3o descomplicada, esses displays s\u00e3o perfeitos para exposi\u00e7\u00f5es, passarelas de vidro e muito mais.","og_url":"https:\/\/www.telaled.com\/en\/fabrica\/painel-de-led-transparente-para-locacao-serie-ttb\/","og_site_name":"TELALED","article_modified_time":"2026-01-05T04:32:53+00:00","og_image":[{"width":500,"height":500,"url":"https:\/\/www.telaled.com\/wp-content\/uploads\/2025\/08\/painel-de-led-transparente-para-locacao.jpg","type":"image\/jpeg"}],"twitter_card":"summary_large_image","twitter_misc":{"Est. reading time":"3 minutes"},"schema":{"@context":"https:\/\/schema.org","@graph":[{"@type":"WebPage","@id":"https:\/\/www.telaled.com\/fabrica\/painel-de-led-transparente-para-locacao-serie-ttb\/","url":"https:\/\/www.telaled.com\/fabrica\/painel-de-led-transparente-para-locacao-serie-ttb\/","name":"Transparent LED Panel for Rental TTB Series | Lightweight and Easy to Maintain |TELALED","isPartOf":{"@id":"https:\/\/www.telaled.com\/#website"},"primaryImageOfPage":{"@id":"https:\/\/www.telaled.com\/fabrica\/painel-de-led-transparente-para-locacao-serie-ttb\/#primaryimage"},"image":{"@id":"https:\/\/www.telaled.com\/fabrica\/painel-de-led-transparente-para-locacao-serie-ttb\/#primaryimage"},"thumbnailUrl":"https:\/\/www.telaled.com\/wp-content\/uploads\/2025\/08\/painel-de-led-transparente-para-locacao.jpg","datePublished":"2025-08-12T09:11:59+00:00","dateModified":"2026-01-05T04:32:53+00:00","description":"TTB Series transparent LED display for rental at your next event. With a slim, lightweight design and easy maintenance, these displays are perfect for exhibitions, glass walkways, and more.","breadcrumb":{"@id":"https:\/\/www.telaled.com\/fabrica\/painel-de-led-transparente-para-locacao-serie-ttb\/#breadcrumb"},"inLanguage":"en-US","potentialAction":[{"@type":"ReadAction","target":["https:\/\/www.telaled.com\/fabrica\/painel-de-led-transparente-para-locacao-serie-ttb\/"]}]},{"@type":"ImageObject","inLanguage":"en-US","@id":"https:\/\/www.telaled.com\/fabrica\/painel-de-led-transparente-para-locacao-serie-ttb\/#primaryimage","url":"https:\/\/www.telaled.com\/wp-content\/uploads\/2025\/08\/painel-de-led-transparente-para-locacao.jpg","contentUrl":"https:\/\/www.telaled.com\/wp-content\/uploads\/2025\/08\/painel-de-led-transparente-para-locacao.jpg","width":500,"height":500,"caption":"painel-de-led-transparente-para-loca\u00e7\u00e3o"},{"@type":"BreadcrumbList","@id":"https:\/\/www.telaled.com\/fabrica\/painel-de-led-transparente-para-locacao-serie-ttb\/#breadcrumb","itemListElement":[{"@type":"ListItem","position":1,"name":"Home","item":"https:\/\/www.telaled.com\/"},{"@type":"ListItem","position":2,"name":"Produtos","item":"https:\/\/www.telaled.com\/shop\/"},{"@type":"ListItem","position":3,"name":"Painel de LED Transparente Para Loca\u00e7\u00e3o S\u00e9rie TTB"}]},{"@type":"WebSite","@id":"https:\/\/www.telaled.com\/#website","url":"https:\/\/www.telaled.com\/","name":"LED screen","description":"","potentialAction":[{"@type":"SearchAction","target":{"@type":"EntryPoint","urlTemplate":"https:\/\/www.telaled.com\/?s={search_term_string}"},"query-input":{"@type":"PropertyValueSpecification","valueRequired":true,"valueName":"search_term_string"}}],"inLanguage":"en-US"}]}},"_links":{"self":[{"href":"https:\/\/www.telaled.com\/en\/wp-json\/wp\/v2\/product\/2936","targetHints":{"allow":["GET"]}}],"collection":[{"href":"https:\/\/www.telaled.com\/en\/wp-json\/wp\/v2\/product"}],"about":[{"href":"https:\/\/www.telaled.com\/en\/wp-json\/wp\/v2\/types\/product"}],"wp:featuredmedia":[{"embeddable":true,"href":"https:\/\/www.telaled.com\/en\/wp-json\/wp\/v2\/media\/2937"}],"wp:attachment":[{"href":"https:\/\/www.telaled.com\/en\/wp-json\/wp\/v2\/media?parent=2936"}],"wp:term":[{"taxonomy":"product_brand","embeddable":true,"href":"https:\/\/www.telaled.com\/en\/wp-json\/wp\/v2\/product_brand?post=2936"},{"taxonomy":"product_cat","embeddable":true,"href":"https:\/\/www.telaled.com\/en\/wp-json\/wp\/v2\/product_cat?post=2936"},{"taxonomy":"product_tag","embeddable":true,"href":"https:\/\/www.telaled.com\/en\/wp-json\/wp\/v2\/product_tag?post=2936"}],"curies":[{"name":"wp","href":"https:\/\/api.w.org\/{rel}","templated":true}]}}