{"id":2924,"date":"2025-08-11T09:00:34","date_gmt":"2025-08-11T09:00:34","guid":{"rendered":"https:\/\/www.telaled.com\/?post_type=product&#038;p=2924"},"modified":"2025-12-26T03:44:21","modified_gmt":"2025-12-26T03:44:21","slug":"painel-de-led-transparente-serie-tta","status":"publish","type":"product","link":"https:\/\/www.telaled.com\/en\/fabrica\/painel-de-led-transparente-serie-tta\/","title":{"rendered":"TTA Series Transparent LED Panel"},"content":{"rendered":"<div class=\"row\"  id=\"row-809552224\">\n\n\t<div id=\"col-1074115243\" class=\"col small-12 large-12\"  >\n\t\t\t\t<div class=\"col-inner\"  >\n\t\t\t\n\t\t\t\n<h2>Exclusive Advantages of the TTA Series Transparent LED Panel<\/h2>\n<h3><strong>Superior Durability<\/strong><\/h3>\n<ul>\n<li>Sturdy Aluminum Frame: Features a lightweight, durable aluminum frame that ensures structural integrity while being easy to handle and install.<\/li>\n<li>Modular LED Modules (500\u00d7125mm): Each module is designed for seamless integration, offering 3.91mm pixel pitch for consistent, high-quality visuals, with quick-replacement capabilities to minimize downtime.<\/li>\n<\/ul>\n<h3><strong>Exceptional Visual Quality<\/strong><\/h3>\n<ul>\n<li>High brightness of 4000-4500 cd\/\u33a1 \u2013 Ensures clear and vivid images even in bright or high-traffic areas, making it suitable for both indoor and outdoor use.<\/li>\n<li>140\u00b0 Wide Viewing Angle \u2013 Provides crisp, clear images from multiple angles without distortion, ensuring a consistent viewing experience from all angles.<\/li>\n<li>Accurate color reproduction: Advanced calibration technology ensures true-to-life color accuracy, with uniform brightness and color consistency across the screen.<\/li>\n<\/ul>\n<h3><strong>Complete Adaptability<\/strong><\/h3>\n<ul>\n<li>Customizable Size: Modular design allows for easy adjustments to meet specific space requirements for a customized display solution.<\/li>\n<li>Seamless integration with architecture: The transparent design ensures easy combination with modern architectural elements without obstructing the view.<\/li>\n<li>Indoor and outdoor compatibility: adaptable for indoor and outdoor environments, perfect for a variety of settings, such as shopping malls, events and more.<\/li>\n<\/ul>\n<h3><strong>Comprehensive Support<\/strong><\/h3>\n<ul>\n<li>24\/7 Remote Technical Support: Get assistance whenever you need it, wherever you are.<\/li>\n<li>5% of spare parts supplied: Each shipment includes extra components for added reliability and peace of mind.<\/li>\n<li>3-Year Extended Warranty: Benefit from long-term protection for better performance and reliable support.<\/li>\n<\/ul>\n<h2>Product details<\/h2>\n<div class=\"row\"  id=\"row-377709994\">\n\n\t<div id=\"col-682004332\" class=\"col medium-10 small-12 large-10\"  >\n\t\t\t\t<div class=\"col-inner text-left\"  >\n\t\t\t\n\t\t\t\n<ul>\n<li>The modular power supply box and printed circuit board allow for quick and easy repairs, as well as cost-effective part replacements. The modular printed circuit board also maintains screen flatness more effectively than side-firing LED strips.<\/li>\n<\/ul>\n\t<div class=\"img has-hover x md-x lg-x y md-y lg-y\" id=\"image_220207031\">\n\t\t\t\t\t\t\t\t<div class=\"img-inner dark\" >\n\t\t\t<img loading=\"lazy\" decoding=\"async\" width=\"744\" height=\"719\" src=\"https:\/\/www.telaled.com\/wp-content\/uploads\/2025\/08\/Design-modular.webp\" class=\"attachment-original size-original\" alt=\"Modular design\" srcset=\"https:\/\/www.telaled.com\/wp-content\/uploads\/2025\/08\/Design-modular.webp 744w, https:\/\/www.telaled.com\/wp-content\/uploads\/2025\/08\/Design-modular-300x290.webp 300w, https:\/\/www.telaled.com\/wp-content\/uploads\/2025\/08\/Design-modular-12x12.webp 12w, https:\/\/www.telaled.com\/wp-content\/uploads\/2025\/08\/Design-modular-600x580.webp 600w\" sizes=\"auto, (max-width: 744px) 100vw, 744px\" \/>\t\t\t\t\t\t\n\t\t\t\t\t<\/div>\n\t\t\t\t\t\t\t\t\n<style>\n#image_220207031 {\n  width: 95%;\n}\n<\/style>\n\t<\/div>\n\t\n\t\t<\/div>\n\t\t\t\t\t<\/div>\n\n\t\n\n\t<div id=\"col-448424274\" class=\"col medium-10 small-12 large-10\"  >\n\t\t\t\t<div class=\"col-inner text-left\"  >\n\t\t\t\n\t\t\t\n<ul>\n<li>Designed for simple installation, allowing for one-person installation. This feature streamlines both permanent and temporary installations, reducing time and labor costs.<\/li>\n<\/ul>\n\t<div class=\"img has-hover x md-x lg-x y md-y lg-y\" id=\"image_457505735\">\n\t\t\t\t\t\t\t\t<div class=\"img-inner dark\" >\n\t\t\t<img loading=\"lazy\" decoding=\"async\" width=\"1020\" height=\"623\" src=\"https:\/\/www.telaled.com\/wp-content\/uploads\/2025\/08\/Instalacao-rapida-e-simples-1024x625.webp\" class=\"attachment-large size-large\" alt=\"\" srcset=\"https:\/\/www.telaled.com\/wp-content\/uploads\/2025\/08\/Instalacao-rapida-e-simples-1024x625.webp 1024w, https:\/\/www.telaled.com\/wp-content\/uploads\/2025\/08\/Instalacao-rapida-e-simples-300x183.webp 300w, https:\/\/www.telaled.com\/wp-content\/uploads\/2025\/08\/Instalacao-rapida-e-simples-768x469.webp 768w, https:\/\/www.telaled.com\/wp-content\/uploads\/2025\/08\/Instalacao-rapida-e-simples-18x12.webp 18w, https:\/\/www.telaled.com\/wp-content\/uploads\/2025\/08\/Instalacao-rapida-e-simples-600x366.webp 600w, https:\/\/www.telaled.com\/wp-content\/uploads\/2025\/08\/Instalacao-rapida-e-simples.webp 1385w\" sizes=\"auto, (max-width: 1020px) 100vw, 1020px\" \/>\t\t\t\t\t\t\n\t\t\t\t\t<\/div>\n\t\t\t\t\t\t\t\t\n<style>\n#image_457505735 {\n  width: 95%;\n}\n<\/style>\n\t<\/div>\n\t\n<ul>\n<li>It prioritizes sustainability by operating with a low average power consumption of just 180 W\/\u00b2. This energy-efficient design not only minimizes environmental impact but also reduces energy costs.<\/li>\n<\/ul>\n\t<div class=\"img has-hover x md-x lg-x y md-y lg-y\" id=\"image_725306787\">\n\t\t\t\t\t\t\t\t<div class=\"img-inner dark\" >\n\t\t\t<img loading=\"lazy\" decoding=\"async\" width=\"640\" height=\"430\" src=\"https:\/\/www.telaled.com\/wp-content\/uploads\/2025\/08\/Eficiencia-energetica-ecologica.webp\" class=\"attachment-large size-large\" alt=\"\" srcset=\"https:\/\/www.telaled.com\/wp-content\/uploads\/2025\/08\/Eficiencia-energetica-ecologica.webp 640w, https:\/\/www.telaled.com\/wp-content\/uploads\/2025\/08\/Eficiencia-energetica-ecologica-300x202.webp 300w, https:\/\/www.telaled.com\/wp-content\/uploads\/2025\/08\/Eficiencia-energetica-ecologica-18x12.webp 18w, https:\/\/www.telaled.com\/wp-content\/uploads\/2025\/08\/Eficiencia-energetica-ecologica-600x403.webp 600w\" sizes=\"auto, (max-width: 640px) 100vw, 640px\" \/>\t\t\t\t\t\t\n\t\t\t\t\t<\/div>\n\t\t\t\t\t\t\t\t\n<style>\n#image_725306787 {\n  width: 95%;\n}\n<\/style>\n\t<\/div>\n\t\n\t\t<\/div>\n\t\t\t\t\t<\/div>\n\n\t\n\n\t<div id=\"col-395815719\" class=\"col medium-10 small-12 large-10\"  >\n\t\t\t\t<div class=\"col-inner text-left\"  >\n\t\t\t\n\t\t\t\n<ul>\n<li>Our LED displays are packaged according to their type and intended use. Properly assembled units are packed in wooden crates or reinforced cardboard boxes to maintain stability during transport. LED modules receive special care, often packed in reinforced cardboard boxes or airtight crates with additional wooden framing for added protection.<\/li>\n<\/ul>\n\t<div class=\"img has-hover x md-x lg-x y md-y lg-y\" id=\"image_1577120620\">\n\t\t\t\t\t\t\t\t<div class=\"img-inner dark\" >\n\t\t\t<img loading=\"lazy\" decoding=\"async\" width=\"760\" height=\"1024\" src=\"https:\/\/www.telaled.com\/wp-content\/uploads\/2025\/06\/Embalagem-760x1024.webp\" class=\"attachment-large size-large\" alt=\"Packaging\" srcset=\"https:\/\/www.telaled.com\/wp-content\/uploads\/2025\/06\/Embalagem-760x1024.webp 760w, https:\/\/www.telaled.com\/wp-content\/uploads\/2025\/06\/Embalagem-223x300.webp 223w, https:\/\/www.telaled.com\/wp-content\/uploads\/2025\/06\/Embalagem-768x1035.webp 768w, https:\/\/www.telaled.com\/wp-content\/uploads\/2025\/06\/Embalagem-9x12.webp 9w, https:\/\/www.telaled.com\/wp-content\/uploads\/2025\/06\/Embalagem-600x808.webp 600w, https:\/\/www.telaled.com\/wp-content\/uploads\/2025\/06\/Embalagem.webp 795w\" sizes=\"auto, (max-width: 760px) 100vw, 760px\" \/>\t\t\t\t\t\t\n\t\t\t\t\t<\/div>\n\t\t\t\t\t\t\t\t\n<style>\n#image_1577120620 {\n  width: 95%;\n}\n<\/style>\n\t<\/div>\n\t\n\t\t<\/div>\n\t\t\t\t\t<\/div>\n\n\t\n<\/div>\n\t\t<\/div>\n\t\t\t\t\t<\/div>\n\n\t\n\n\t<div id=\"col-122217242\" class=\"col small-12 large-12\"  >\n\t\t\t\t<div class=\"col-inner\"  >\n\t\t\t\n\t\t\t\n<div class=\"row\"  id=\"row-595337529\">\n\n\t<div id=\"col-240471181\" class=\"col medium-10 small-12 large-10\"  >\n\t\t\t\t<div class=\"col-inner\"  >\n\t\t\t\n\t\t\t\n\n<table id=\"tablepress-58\" class=\"tablepress tablepress-id-58\">\n<thead>\n<tr class=\"row-1\">\n\t<th class=\"column-1\">Item<\/th><th class=\"column-2\">TTA3.91 Color Transparent LED Display<\/th>\n<\/tr>\n<\/thead>\n<tbody class=\"row-striping row-hover\">\n<tr class=\"row-2\">\n\t<td class=\"column-1\">Module size<\/td><td class=\"column-2\">500mm*125mm*10mm<\/td>\n<\/tr>\n<tr class=\"row-3\">\n\t<td class=\"column-1\">Resolution<\/td><td class=\"column-2\">128X16=2048<\/td>\n<\/tr>\n<tr class=\"row-4\">\n\t<td class=\"column-1\">Pixel pitch<\/td><td class=\"column-2\">3.91mm<\/td>\n<\/tr>\n<tr class=\"row-5\">\n\t<td class=\"column-1\">Physical density<\/td><td class=\"column-2\">32768dots\/\u33a1<\/td>\n<\/tr>\n<tr class=\"row-6\">\n\t<td class=\"column-1\">Current module<\/td><td class=\"column-2\">9A\u00b10.1A<\/td>\n<\/tr>\n<tr class=\"row-7\">\n\t<td class=\"column-1\">Input voltage<\/td><td class=\"column-2\">4.8V-5.2V<\/td>\n<\/tr>\n<tr class=\"row-8\">\n\t<td class=\"column-1\">Module power<\/td><td class=\"column-2\">45W<\/td>\n<\/tr>\n<tr class=\"row-9\">\n\t<td class=\"column-1\">Module weight<\/td><td class=\"column-2\">310g<\/td>\n<\/tr>\n<tr class=\"row-10\">\n\t<td class=\"column-1\">Box resolution (W x H)<\/td><td class=\"column-2\">256 pixels \u00d7 128 pixels<\/td>\n<\/tr>\n<tr class=\"row-11\">\n\t<td class=\"column-1\">Module distribution (W x H)<\/td><td class=\"column-2\">2\u00d78<\/td>\n<\/tr>\n<tr class=\"row-12\">\n\t<td class=\"column-1\">Box size (width x height x thickness)<\/td><td class=\"column-2\">1000mm\u00d71000mm\u00d780mm<\/td>\n<\/tr>\n<tr class=\"row-13\">\n\t<td class=\"column-1\">Cabinet weight<\/td><td class=\"column-2\">7.5kg\/\u33a1<\/td>\n<\/tr>\n<tr class=\"row-14\">\n\t<td class=\"column-1\">Installation mode<\/td><td class=\"column-2\">Rear frame installation \/ lifting \/ inner arch installation<\/td>\n<\/tr>\n<tr class=\"row-15\">\n\t<td class=\"column-1\">Physical density<\/td><td class=\"column-2\">32768dots\/\u33a1<\/td>\n<\/tr>\n<tr class=\"row-16\">\n\t<td class=\"column-1\">Shine<\/td><td class=\"column-2\">4000-4500cd\/\u33a1<\/td>\n<\/tr>\n<tr class=\"row-17\">\n\t<td class=\"column-1\">Horizontal view \/ vertical view<\/td><td class=\"column-2\">140\u00b0\/140\u00b0<\/td>\n<\/tr>\n<tr class=\"row-18\">\n\t<td class=\"column-1\">Transmittance<\/td><td class=\"column-2\">\u226565%<\/td>\n<\/tr>\n<tr class=\"row-19\">\n\t<td class=\"column-1\">Chromaticity uniformity<\/td><td class=\"column-2\">\u00b1 0.003 CX, within CY<\/td>\n<\/tr>\n<tr class=\"row-20\">\n\t<td class=\"column-1\">Maximum contrast<\/td><td class=\"column-2\">3000:1<\/td>\n<\/tr>\n<tr class=\"row-21\">\n\t<td class=\"column-1\">Degree of protection<\/td><td class=\"column-2\">IP22<\/td>\n<\/tr>\n<tr class=\"row-22\">\n\t<td class=\"column-1\">Maintenance mode<\/td><td class=\"column-2\">Front and rear maintenance<\/td>\n<\/tr>\n<tr class=\"row-23\">\n\t<td class=\"column-1\">Signal color processing bits<\/td><td class=\"column-2\">Red, green and blue \u2265 16 bits each<\/td>\n<\/tr>\n<tr class=\"row-24\">\n\t<td class=\"column-1\">Driving mode<\/td><td class=\"column-2\">Constant current drive<\/td>\n<\/tr>\n<tr class=\"row-25\">\n\t<td class=\"column-1\">Frame change frequency<\/td><td class=\"column-2\">60 frame height brush supports 3D: 120 frames<\/td>\n<\/tr>\n<tr class=\"row-26\">\n\t<td class=\"column-1\">Refresh rate<\/td><td class=\"column-2\">Common brush \u2264 1920hz, high brush \u2264 3840hz<\/td>\n<\/tr>\n<tr class=\"row-27\">\n\t<td class=\"column-1\">Screen color temperature<\/td><td class=\"column-2\">3200K ~ 9500K adjustable<\/td>\n<\/tr>\n<tr class=\"row-28\">\n\t<td class=\"column-1\">Brightness adjustment<\/td><td class=\"column-2\">Manual \/ automatic \/ programmed control<\/td>\n<\/tr>\n<tr class=\"row-29\">\n\t<td class=\"column-1\">Pixel correction<\/td><td class=\"column-2\">Equipped with point-by-point brightness and chroma correction<\/td>\n<\/tr>\n<tr class=\"row-30\">\n\t<td class=\"column-1\">Control mode<\/td><td class=\"column-2\">Synchronous control<\/td>\n<\/tr>\n<tr class=\"row-31\">\n\t<td class=\"column-1\">Control distance<\/td><td class=\"column-2\">Super Category 5 twisted pair network cable, over 100 meters, using fiber optics<\/td>\n<\/tr>\n<tr class=\"row-32\">\n\t<td class=\"column-1\">Software interface<\/td><td class=\"column-2\">Windows XP\/7\/8\/10<\/td>\n<\/tr>\n<tr class=\"row-33\">\n\t<td class=\"column-1\">Signal input<\/td><td class=\"column-2\">HDMI DVI<\/td>\n<\/tr>\n<tr class=\"row-34\">\n\t<td class=\"column-1\">Working voltage<\/td><td class=\"column-2\">AC: 240V, 50~60Hz<\/td>\n<\/tr>\n<tr class=\"row-35\">\n\t<td class=\"column-1\">Peak power consumption<\/td><td class=\"column-2\">300W\/\u33a1<\/td>\n<\/tr>\n<tr class=\"row-36\">\n\t<td class=\"column-1\">Average energy consumption<\/td><td class=\"column-2\">180W\/\u33a1<\/td>\n<\/tr>\n<tr class=\"row-37\">\n\t<td class=\"column-1\">Power source<\/td><td class=\"column-2\">300W power supply (Nandian \/ Chuanglian \/ Juneng and other brands of power supply)<\/td>\n<\/tr>\n<tr class=\"row-38\">\n\t<td class=\"column-1\">Continuous working time<\/td><td class=\"column-2\">\u22657\u00d724 hours, supporting continuous display<\/td>\n<\/tr>\n<tr class=\"row-39\">\n\t<td class=\"column-1\">Mean time between failures<\/td><td class=\"column-2\">\u2265 10000 hours<\/td>\n<\/tr>\n<tr class=\"row-40\">\n\t<td class=\"column-1\">Theoretical life of LED tube<\/td><td class=\"column-2\">100000 hours<\/td>\n<\/tr>\n<tr class=\"row-41\">\n\t<td class=\"column-1\">Discrete vanishing point<\/td><td class=\"column-2\">\u2264 0.0001, 0 when leaving the factory<\/td>\n<\/tr>\n<tr class=\"row-42\">\n\t<td class=\"column-1\">Continuous vanishing point<\/td><td class=\"column-2\">0<\/td>\n<\/tr>\n<tr class=\"row-43\">\n\t<td class=\"column-1\">Blind spot rate<\/td><td class=\"column-2\">\u2264 0.0001, 0 when leaving the factory<\/td>\n<\/tr>\n<tr class=\"row-44\">\n\t<td class=\"column-1\">Ambient operating temperature<\/td><td class=\"column-2\">-10\u2103~60\u2103<\/td>\n<\/tr>\n<tr class=\"row-45\">\n\t<td class=\"column-1\">Operating ambient humidity<\/td><td class=\"column-2\">10%~90% RH, non-condensing<\/td>\n<\/tr>\n<\/tbody>\n<\/table>\n\n\t\t<\/div>\n\t\t\t\t\t<\/div>\n\n\t\n<\/div>\n\t\t<\/div>\n\t\t\t\t\t<\/div>\n\n\t\n<\/div>","protected":false},"excerpt":{"rendered":"<p><strong>TTA Series Transparent LED Panel for Modern Visual Solution<\/strong><\/p>\n<p>THE <em><strong>TTA Series Transparent LED Panel<\/strong><\/em> It offers a slim and lightweight design with vivid visuals, making it ideal for continuous and cost-effective installations.<\/p>\n<p><strong>Main features:<\/strong><\/p>\n<ul>\n<li><strong>High transparency 70% \u2013<\/strong> It offers vivid visuals without blocking light or visibility.<\/li>\n<li><strong>Ideal pixel spacing:<\/strong> 3.91 mm pixel pitch for high-resolution display.<\/li>\n<li><strong>Thin and lightweight structure<\/strong>: 1000 x 1000 mm enclosure, weighing only 7.5 kg\/m2 for easy handling and setup.<\/li>\n<\/ul>\n<p>We offer 24\/7 remote support and a 3-year warranty. Contact us today for a personalized quote.<\/p>","protected":false},"featured_media":2925,"template":"","meta":[],"product_brand":[],"product_cat":[40,45,46],"product_tag":[],"class_list":{"0":"post-2924","1":"product","2":"type-product","3":"status-publish","4":"has-post-thumbnail","6":"product_cat-painel-de-led","7":"product_cat-painel-de-led-transparente","8":"product_cat-painel-de-video","10":"first","11":"instock","12":"shipping-taxable","13":"product-type-simple"},"yoast_head":"<!-- This site is optimized with the Yoast SEO plugin v27.4 - https:\/\/yoast.com\/product\/yoast-seo-wordpress\/ -->\n<title>Painel LED Transparente S\u00e9rie TTA | Leve, Ultrafino e Econ\u00f4mico |TELALED<\/title>\n<meta name=\"description\" content=\"Tela Painel de LED Transparente S\u00e9rie TTA , leve e ultrafina, com pixel pitch de 3,91-7,82 mm. Ideal para configura\u00e7\u00f5es integradas e econ\u00f4micas. Entre em contato conosco hoje mesmo!\" \/>\n<meta name=\"robots\" content=\"index, follow, max-snippet:-1, max-image-preview:large, max-video-preview:-1\" \/>\n<link rel=\"canonical\" href=\"https:\/\/www.telaled.com\/en\/fabrica\/painel-de-led-transparente-serie-tta\/\" \/>\n<meta property=\"og:locale\" content=\"en_US\" \/>\n<meta property=\"og:type\" content=\"article\" \/>\n<meta property=\"og:title\" content=\"Painel LED Transparente S\u00e9rie TTA | Leve, Ultrafino e Econ\u00f4mico |TELALED\" \/>\n<meta property=\"og:description\" content=\"Tela Painel de LED Transparente S\u00e9rie TTA , leve e ultrafina, com pixel pitch de 3,91-7,82 mm. Ideal para configura\u00e7\u00f5es integradas e econ\u00f4micas. Entre em contato conosco hoje mesmo!\" \/>\n<meta property=\"og:url\" content=\"https:\/\/www.telaled.com\/en\/fabrica\/painel-de-led-transparente-serie-tta\/\" \/>\n<meta property=\"og:site_name\" content=\"TELALED\" \/>\n<meta property=\"article:modified_time\" content=\"2025-12-26T03:44:21+00:00\" \/>\n<meta property=\"og:image\" content=\"https:\/\/www.telaled.com\/wp-content\/uploads\/2025\/08\/painel-de-led-transparente.jpg\" \/>\n\t<meta property=\"og:image:width\" content=\"500\" \/>\n\t<meta property=\"og:image:height\" content=\"500\" \/>\n\t<meta property=\"og:image:type\" content=\"image\/jpeg\" \/>\n<meta name=\"twitter:card\" content=\"summary_large_image\" \/>\n<meta name=\"twitter:label1\" content=\"Est. reading time\" \/>\n\t<meta name=\"twitter:data1\" content=\"3 minutes\" \/>\n<script type=\"application\/ld+json\" class=\"yoast-schema-graph\">{\"@context\":\"https:\\\/\\\/schema.org\",\"@graph\":[{\"@type\":\"WebPage\",\"@id\":\"https:\\\/\\\/www.telaled.com\\\/fabrica\\\/painel-de-led-transparente-serie-tta\\\/\",\"url\":\"https:\\\/\\\/www.telaled.com\\\/fabrica\\\/painel-de-led-transparente-serie-tta\\\/\",\"name\":\"Painel LED Transparente S\u00e9rie TTA | Leve, Ultrafino e Econ\u00f4mico |TELALED\",\"isPartOf\":{\"@id\":\"https:\\\/\\\/www.telaled.com\\\/#website\"},\"primaryImageOfPage\":{\"@id\":\"https:\\\/\\\/www.telaled.com\\\/fabrica\\\/painel-de-led-transparente-serie-tta\\\/#primaryimage\"},\"image\":{\"@id\":\"https:\\\/\\\/www.telaled.com\\\/fabrica\\\/painel-de-led-transparente-serie-tta\\\/#primaryimage\"},\"thumbnailUrl\":\"https:\\\/\\\/www.telaled.com\\\/wp-content\\\/uploads\\\/2025\\\/08\\\/painel-de-led-transparente.jpg\",\"datePublished\":\"2025-08-11T09:00:34+00:00\",\"dateModified\":\"2025-12-26T03:44:21+00:00\",\"description\":\"Tela Painel de LED Transparente S\u00e9rie TTA , leve e ultrafina, com pixel pitch de 3,91-7,82 mm. Ideal para configura\u00e7\u00f5es integradas e econ\u00f4micas. Entre em contato conosco hoje mesmo!\",\"breadcrumb\":{\"@id\":\"https:\\\/\\\/www.telaled.com\\\/fabrica\\\/painel-de-led-transparente-serie-tta\\\/#breadcrumb\"},\"inLanguage\":\"en-US\",\"potentialAction\":[{\"@type\":\"ReadAction\",\"target\":[\"https:\\\/\\\/www.telaled.com\\\/fabrica\\\/painel-de-led-transparente-serie-tta\\\/\"]}]},{\"@type\":\"ImageObject\",\"inLanguage\":\"en-US\",\"@id\":\"https:\\\/\\\/www.telaled.com\\\/fabrica\\\/painel-de-led-transparente-serie-tta\\\/#primaryimage\",\"url\":\"https:\\\/\\\/www.telaled.com\\\/wp-content\\\/uploads\\\/2025\\\/08\\\/painel-de-led-transparente.jpg\",\"contentUrl\":\"https:\\\/\\\/www.telaled.com\\\/wp-content\\\/uploads\\\/2025\\\/08\\\/painel-de-led-transparente.jpg\",\"width\":500,\"height\":500,\"caption\":\"painel-de-led-transparente\"},{\"@type\":\"BreadcrumbList\",\"@id\":\"https:\\\/\\\/www.telaled.com\\\/fabrica\\\/painel-de-led-transparente-serie-tta\\\/#breadcrumb\",\"itemListElement\":[{\"@type\":\"ListItem\",\"position\":1,\"name\":\"Home\",\"item\":\"https:\\\/\\\/www.telaled.com\\\/\"},{\"@type\":\"ListItem\",\"position\":2,\"name\":\"Produtos\",\"item\":\"https:\\\/\\\/www.telaled.com\\\/shop\\\/\"},{\"@type\":\"ListItem\",\"position\":3,\"name\":\"Painel de LED Transparente S\u00e9rie TTA\"}]},{\"@type\":\"WebSite\",\"@id\":\"https:\\\/\\\/www.telaled.com\\\/#website\",\"url\":\"https:\\\/\\\/www.telaled.com\\\/\",\"name\":\"TELALED\",\"description\":\"\",\"potentialAction\":[{\"@type\":\"SearchAction\",\"target\":{\"@type\":\"EntryPoint\",\"urlTemplate\":\"https:\\\/\\\/www.telaled.com\\\/?s={search_term_string}\"},\"query-input\":{\"@type\":\"PropertyValueSpecification\",\"valueRequired\":true,\"valueName\":\"search_term_string\"}}],\"inLanguage\":\"en-US\"}]}<\/script>\n<!-- \/ Yoast SEO plugin. -->","yoast_head_json":{"title":"TTA Series Transparent LED Panel | Lightweight, Ultra-Thin and Economical |TELALED","description":"TTA Series Transparent LED Panel Display, lightweight and ultra-thin, with a pixel pitch of 3.91-7.82mm. Ideal for integrated and cost-effective configurations. Contact us today!","robots":{"index":"index","follow":"follow","max-snippet":"max-snippet:-1","max-image-preview":"max-image-preview:large","max-video-preview":"max-video-preview:-1"},"canonical":"https:\/\/www.telaled.com\/en\/fabrica\/painel-de-led-transparente-serie-tta\/","og_locale":"en_US","og_type":"article","og_title":"Painel LED Transparente S\u00e9rie TTA | Leve, Ultrafino e Econ\u00f4mico |TELALED","og_description":"Tela Painel de LED Transparente S\u00e9rie TTA , leve e ultrafina, com pixel pitch de 3,91-7,82 mm. Ideal para configura\u00e7\u00f5es integradas e econ\u00f4micas. Entre em contato conosco hoje mesmo!","og_url":"https:\/\/www.telaled.com\/en\/fabrica\/painel-de-led-transparente-serie-tta\/","og_site_name":"TELALED","article_modified_time":"2025-12-26T03:44:21+00:00","og_image":[{"width":500,"height":500,"url":"https:\/\/www.telaled.com\/wp-content\/uploads\/2025\/08\/painel-de-led-transparente.jpg","type":"image\/jpeg"}],"twitter_card":"summary_large_image","twitter_misc":{"Est. reading time":"3 minutes"},"schema":{"@context":"https:\/\/schema.org","@graph":[{"@type":"WebPage","@id":"https:\/\/www.telaled.com\/fabrica\/painel-de-led-transparente-serie-tta\/","url":"https:\/\/www.telaled.com\/fabrica\/painel-de-led-transparente-serie-tta\/","name":"TTA Series Transparent LED Panel | Lightweight, Ultra-Thin and Economical |TELALED","isPartOf":{"@id":"https:\/\/www.telaled.com\/#website"},"primaryImageOfPage":{"@id":"https:\/\/www.telaled.com\/fabrica\/painel-de-led-transparente-serie-tta\/#primaryimage"},"image":{"@id":"https:\/\/www.telaled.com\/fabrica\/painel-de-led-transparente-serie-tta\/#primaryimage"},"thumbnailUrl":"https:\/\/www.telaled.com\/wp-content\/uploads\/2025\/08\/painel-de-led-transparente.jpg","datePublished":"2025-08-11T09:00:34+00:00","dateModified":"2025-12-26T03:44:21+00:00","description":"TTA Series Transparent LED Panel Display, lightweight and ultra-thin, with a pixel pitch of 3.91-7.82mm. Ideal for integrated and cost-effective configurations. Contact us today!","breadcrumb":{"@id":"https:\/\/www.telaled.com\/fabrica\/painel-de-led-transparente-serie-tta\/#breadcrumb"},"inLanguage":"en-US","potentialAction":[{"@type":"ReadAction","target":["https:\/\/www.telaled.com\/fabrica\/painel-de-led-transparente-serie-tta\/"]}]},{"@type":"ImageObject","inLanguage":"en-US","@id":"https:\/\/www.telaled.com\/fabrica\/painel-de-led-transparente-serie-tta\/#primaryimage","url":"https:\/\/www.telaled.com\/wp-content\/uploads\/2025\/08\/painel-de-led-transparente.jpg","contentUrl":"https:\/\/www.telaled.com\/wp-content\/uploads\/2025\/08\/painel-de-led-transparente.jpg","width":500,"height":500,"caption":"painel-de-led-transparente"},{"@type":"BreadcrumbList","@id":"https:\/\/www.telaled.com\/fabrica\/painel-de-led-transparente-serie-tta\/#breadcrumb","itemListElement":[{"@type":"ListItem","position":1,"name":"Home","item":"https:\/\/www.telaled.com\/"},{"@type":"ListItem","position":2,"name":"Produtos","item":"https:\/\/www.telaled.com\/shop\/"},{"@type":"ListItem","position":3,"name":"Painel de LED Transparente S\u00e9rie TTA"}]},{"@type":"WebSite","@id":"https:\/\/www.telaled.com\/#website","url":"https:\/\/www.telaled.com\/","name":"LED screen","description":"","potentialAction":[{"@type":"SearchAction","target":{"@type":"EntryPoint","urlTemplate":"https:\/\/www.telaled.com\/?s={search_term_string}"},"query-input":{"@type":"PropertyValueSpecification","valueRequired":true,"valueName":"search_term_string"}}],"inLanguage":"en-US"}]}},"_links":{"self":[{"href":"https:\/\/www.telaled.com\/en\/wp-json\/wp\/v2\/product\/2924","targetHints":{"allow":["GET"]}}],"collection":[{"href":"https:\/\/www.telaled.com\/en\/wp-json\/wp\/v2\/product"}],"about":[{"href":"https:\/\/www.telaled.com\/en\/wp-json\/wp\/v2\/types\/product"}],"wp:featuredmedia":[{"embeddable":true,"href":"https:\/\/www.telaled.com\/en\/wp-json\/wp\/v2\/media\/2925"}],"wp:attachment":[{"href":"https:\/\/www.telaled.com\/en\/wp-json\/wp\/v2\/media?parent=2924"}],"wp:term":[{"taxonomy":"product_brand","embeddable":true,"href":"https:\/\/www.telaled.com\/en\/wp-json\/wp\/v2\/product_brand?post=2924"},{"taxonomy":"product_cat","embeddable":true,"href":"https:\/\/www.telaled.com\/en\/wp-json\/wp\/v2\/product_cat?post=2924"},{"taxonomy":"product_tag","embeddable":true,"href":"https:\/\/www.telaled.com\/en\/wp-json\/wp\/v2\/product_tag?post=2924"}],"curies":[{"name":"wp","href":"https:\/\/api.w.org\/{rel}","templated":true}]}}