{"id":2913,"date":"2025-08-11T01:33:20","date_gmt":"2025-08-11T01:33:20","guid":{"rendered":"https:\/\/www.telaled.com\/?post_type=product&#038;p=2913"},"modified":"2026-01-05T04:15:53","modified_gmt":"2026-01-05T04:15:53","slug":"painel-led-full-hd-da-serie-the","status":"publish","type":"product","link":"https:\/\/www.telaled.com\/en\/fabrica\/painel-led-full-hd-da-serie-the\/","title":{"rendered":"Full HD LED Panel THE Series"},"content":{"rendered":"<div class=\"row\"  id=\"row-1322965212\">\n\n\t<div id=\"col-1810381015\" class=\"col small-12 large-12\"  >\n\t\t\t\t<div class=\"col-inner\"  >\n\t\t\t\n\t\t\t\n<h2>Exclusive advantages of the THE Series Full HD LED Panel<\/h2>\n<h3><strong>Superior Durability<\/strong><\/h3>\n<ul>\n<li>Cabinet Construction Die-cast aluminum cabinets offer strength, precise alignment, and warpage resistance, ensuring stable, long-term performance in demanding environments.<\/li>\n<li>LED modules: the technology <a href=\"https:\/\/www.telaled.com\/en\/fabrica\/painel-de-led-cob-serie-tha\/\">COB<\/a> It seals the LED chips for protection against dirt, moisture, and impact, providing longer lifespan, better heat dissipation, and consistent visual quality.<\/li>\n<\/ul>\n<h3><strong>Exceptional Visual Quality<\/strong><\/h3>\n<ul>\n<li>High brightness performance: With over 5,000 nits, content stays sharp and vibrant even in direct sunlight or bright indoor lighting.<\/li>\n<li>Fine pixel density options: Provides smooth, seamless visuals with no visible gaps, ensuring an immersive viewing experience at both near and far distances.<\/li>\n<\/ul>\n<h3><strong>Complete Adaptability<\/strong><\/h3>\n<ul>\n<li>Indoor and outdoor ready: Maintains reliable performance and image clarity indoors and outdoors.<\/li>\n<li>Flexible viewing distances: Fine pixel pitch options ensure crisp visuals for audiences at any distance.<\/li>\n<li>Modular design: Allows for custom sizing and configurations to meet different installation needs.<\/li>\n<\/ul>\n<h3><strong>Comprehensive Support<\/strong><\/h3>\n<ul>\n<li>24\/7 Remote Technical Support: Get assistance whenever you need it, wherever you are.<\/li>\n<li>5% of spare parts supplied: Each shipment includes extra components for added reliability and peace of mind.<\/li>\n<li>3-Year Extended Warranty: Benefit from long-term protection for better performance and reliable support.<\/li>\n<\/ul>\n<h2>Product details<\/h2>\n<div class=\"row\"  id=\"row-1318871924\">\n\n\t<div id=\"col-1482720268\" class=\"col medium-10 small-12 large-10\"  >\n\t\t\t\t<div class=\"col-inner text-left\"  >\n\t\t\t\n\t\t\t\n<ul>\n<li>Designed to meet high frame rate requirements, it&#039;s ideal for fast-paced applications like live streaming, sports, and entertainment. Supporting frame rates up to 7680Hz\/1920Hz\/3840Hz, it delivers smooth, flicker-free playback of fast-moving images, ensuring professional viewing standards.<\/li>\n<\/ul>\n\t<div class=\"img has-hover x md-x lg-x y md-y lg-y\" id=\"image_28374242\">\n\t\t\t\t\t\t\t\t<div class=\"img-inner dark\" >\n\t\t\t<img loading=\"lazy\" decoding=\"async\" width=\"660\" height=\"440\" src=\"https:\/\/www.telaled.com\/wp-content\/uploads\/2025\/08\/Alta-taxa-de-quadros.webp\" class=\"attachment-original size-original\" alt=\"High-frame-rate\" srcset=\"https:\/\/www.telaled.com\/wp-content\/uploads\/2025\/08\/Alta-taxa-de-quadros.webp 660w, https:\/\/www.telaled.com\/wp-content\/uploads\/2025\/08\/Alta-taxa-de-quadros-300x200.webp 300w, https:\/\/www.telaled.com\/wp-content\/uploads\/2025\/08\/Alta-taxa-de-quadros-18x12.webp 18w, https:\/\/www.telaled.com\/wp-content\/uploads\/2025\/08\/Alta-taxa-de-quadros-600x400.webp 600w\" sizes=\"auto, (max-width: 660px) 100vw, 660px\" \/>\t\t\t\t\t\t\n\t\t\t\t\t<\/div>\n\t\t\t\t\t\t\t\t\n<style>\n#image_28374242 {\n  width: 95%;\n}\n<\/style>\n\t<\/div>\n\t\n\t\t<\/div>\n\t\t\t\t\t<\/div>\n\n\t\n\n\t<div id=\"col-178304427\" class=\"col medium-10 small-12 large-10\"  >\n\t\t\t\t<div class=\"col-inner text-left\"  >\n\t\t\t\n\t\t\t\n<ul>\n<li>Supports <a href=\"https:\/\/www.telaled.com\/en\/fabrica\/painel-de-led-para-manutencao-frontal-serie-tib\/\">front maintenance<\/a> Complete, offering direct access to all components from the front of the monitor. This design simplifies installation, speeds up repairs, and reduces downtime. By allowing for faster maintenance, it minimizes operational interruptions, making it the ideal choice for locations where quick maintenance is a priority.<\/li>\n<\/ul>\n\t<div class=\"img has-hover x md-x lg-x y md-y lg-y\" id=\"image_1438232481\">\n\t\t\t\t\t\t\t\t<div class=\"img-inner dark\" >\n\t\t\t<img loading=\"lazy\" decoding=\"async\" width=\"660\" height=\"440\" src=\"https:\/\/www.telaled.com\/wp-content\/uploads\/2025\/08\/Manutencao-Frontal-Completa-3.webp\" class=\"attachment-large size-large\" alt=\"\" srcset=\"https:\/\/www.telaled.com\/wp-content\/uploads\/2025\/08\/Manutencao-Frontal-Completa-3.webp 660w, https:\/\/www.telaled.com\/wp-content\/uploads\/2025\/08\/Manutencao-Frontal-Completa-3-300x200.webp 300w, https:\/\/www.telaled.com\/wp-content\/uploads\/2025\/08\/Manutencao-Frontal-Completa-3-18x12.webp 18w, https:\/\/www.telaled.com\/wp-content\/uploads\/2025\/08\/Manutencao-Frontal-Completa-3-600x400.webp 600w\" sizes=\"auto, (max-width: 660px) 100vw, 660px\" \/>\t\t\t\t\t\t\n\t\t\t\t\t<\/div>\n\t\t\t\t\t\t\t\t\n<style>\n#image_1438232481 {\n  width: 95%;\n}\n<\/style>\n\t<\/div>\n\t\n<ul>\n<li>For maximum reliability, it includes dual backup systems for power and signal. This configuration protects against potential failures, ensuring uninterrupted operation. Continuous power and signal transmission makes it suitable for mission-critical environments such as control rooms, broadcast studios, and large-scale events.<\/li>\n<\/ul>\n\t<div class=\"img has-hover x md-x lg-x y md-y lg-y\" id=\"image_541595953\">\n\t\t\t\t\t\t\t\t<div class=\"img-inner dark\" >\n\t\t\t<img loading=\"lazy\" decoding=\"async\" width=\"660\" height=\"440\" src=\"https:\/\/www.telaled.com\/wp-content\/uploads\/2025\/08\/Energia-redundante-e-backup-de-sinal.jpg\" class=\"attachment-large size-large\" alt=\"Redundant power and signal backup\" srcset=\"https:\/\/www.telaled.com\/wp-content\/uploads\/2025\/08\/Energia-redundante-e-backup-de-sinal.jpg 660w, https:\/\/www.telaled.com\/wp-content\/uploads\/2025\/08\/Energia-redundante-e-backup-de-sinal-300x200.jpg 300w, https:\/\/www.telaled.com\/wp-content\/uploads\/2025\/08\/Energia-redundante-e-backup-de-sinal-18x12.jpg 18w, https:\/\/www.telaled.com\/wp-content\/uploads\/2025\/08\/Energia-redundante-e-backup-de-sinal-600x400.jpg 600w\" sizes=\"auto, (max-width: 660px) 100vw, 660px\" \/>\t\t\t\t\t\t\n\t\t\t\t\t<\/div>\n\t\t\t\t\t\t\t\t\n<style>\n#image_541595953 {\n  width: 95%;\n}\n<\/style>\n\t<\/div>\n\t\n\t\t<\/div>\n\t\t\t\t\t<\/div>\n\n\t\n\n\t<div id=\"col-2071924884\" class=\"col medium-10 small-12 large-10\"  >\n\t\t\t\t<div class=\"col-inner text-left\"  >\n\t\t\t\n\t\t\t\n<ul>\n<li>Ours <a href=\"https:\/\/www.telaled.com\/en\/?attachment_id=2919\">LED displays<\/a> They are packaged according to their type and intended use. Properly assembled units are packed in wooden crates or reinforced cardboard boxes to maintain stability during transport. LED modules receive special care, often packed in reinforced cardboard boxes or airtight crates with additional wooden framing for greater protection.<\/li>\n<\/ul>\n\t<div class=\"img has-hover x md-x lg-x y md-y lg-y\" id=\"image_2012355422\">\n\t\t\t\t\t\t\t\t<div class=\"img-inner dark\" >\n\t\t\t<img loading=\"lazy\" decoding=\"async\" width=\"760\" height=\"1024\" src=\"https:\/\/www.telaled.com\/wp-content\/uploads\/2025\/06\/Embalagem-760x1024.webp\" class=\"attachment-large size-large\" alt=\"Packaging\" srcset=\"https:\/\/www.telaled.com\/wp-content\/uploads\/2025\/06\/Embalagem-760x1024.webp 760w, https:\/\/www.telaled.com\/wp-content\/uploads\/2025\/06\/Embalagem-223x300.webp 223w, https:\/\/www.telaled.com\/wp-content\/uploads\/2025\/06\/Embalagem-768x1035.webp 768w, https:\/\/www.telaled.com\/wp-content\/uploads\/2025\/06\/Embalagem-9x12.webp 9w, https:\/\/www.telaled.com\/wp-content\/uploads\/2025\/06\/Embalagem-600x808.webp 600w, https:\/\/www.telaled.com\/wp-content\/uploads\/2025\/06\/Embalagem.webp 795w\" sizes=\"auto, (max-width: 760px) 100vw, 760px\" \/>\t\t\t\t\t\t\n\t\t\t\t\t<\/div>\n\t\t\t\t\t\t\t\t\n<style>\n#image_2012355422 {\n  width: 95%;\n}\n<\/style>\n\t<\/div>\n\t\n\t\t<\/div>\n\t\t\t\t\t<\/div>\n\n\t\n<\/div>\n\t\t<\/div>\n\t\t\t\t\t<\/div>\n\n\t\n\n\t<div id=\"col-2019863972\" class=\"col small-12 large-12\"  >\n\t\t\t\t<div class=\"col-inner\"  >\n\t\t\t\n\t\t\t\n<div class=\"row\"  id=\"row-880710955\">\n\n\t<div id=\"col-2113502247\" class=\"col medium-10 small-12 large-10\"  >\n\t\t\t\t<div class=\"col-inner\"  >\n\t\t\t\n\t\t\t\n\n<table id=\"tablepress-57\" class=\"tablepress tablepress-id-57\">\n<thead>\n<tr class=\"row-1\">\n\t<th class=\"column-1\">Parameter<\/th><th class=\"column-2\">THE 06<\/th><th class=\"column-3\">THE 07<\/th><th class=\"column-4\">THE 09<\/th><th class=\"column-5\">THE 12<\/th><th class=\"column-6\">THE 15<\/th>\n<\/tr>\n<\/thead>\n<tbody class=\"row-striping row-hover\">\n<tr class=\"row-2\">\n\t<td class=\"column-1\">Pixel pitch (mm)<\/td><td class=\"column-2\">P0.625<\/td><td class=\"column-3\">P0.78125<\/td><td class=\"column-4\">P0.9375<\/td><td class=\"column-5\">P1.25<\/td><td class=\"column-6\">P1.5625<\/td>\n<\/tr>\n<tr class=\"row-3\">\n\t<td class=\"column-1\">Pixel density (dots\/m\u00b2)<\/td><td class=\"column-2\">2,560,000<\/td><td class=\"column-3\">1,638,400<\/td><td class=\"column-4\">1,137,778<\/td><td class=\"column-5\">640,000<\/td><td class=\"column-6\">409,600<\/td>\n<\/tr>\n<tr class=\"row-4\">\n\t<td class=\"column-1\">Cabinet Resolution (mm)(W\u00d7H)<\/td><td class=\"column-2\">960\u00d7540<\/td><td class=\"column-3\">768\u00d7432<\/td><td class=\"column-4\">640\u00d7360<\/td><td class=\"column-5\">480\u00d7270<\/td><td class=\"column-6\">384\u00d7216<\/td>\n<\/tr>\n<tr class=\"row-5\">\n\t<td class=\"column-1\">Pixel Configuration<\/td><td class=\"column-2\">COB<\/td><td class=\"column-3\">COB<\/td><td class=\"column-4\">COB<\/td><td class=\"column-5\">COB<\/td><td class=\"column-6\">COB<\/td>\n<\/tr>\n<tr class=\"row-6\">\n\t<td class=\"column-1\">Brightness (nits)<\/td><td class=\"column-2\">200~1000 (Adjustable)<\/td><td class=\"column-3\">200~1000 (Adjustable)<\/td><td class=\"column-4\">200~1000 (Adjustable)<\/td><td class=\"column-5\">200~1000 (Adjustable)<\/td><td class=\"column-6\">200~1000 (Adjustable)<\/td>\n<\/tr>\n<tr class=\"row-7\">\n\t<td class=\"column-1\">Cabinet Size (mm) (W\u00d7H\u00d7D)<\/td><td class=\"column-2\">600\u00d7337.5\u00d745<\/td><td class=\"column-3\">600\u00d7337.5\u00d745<\/td><td class=\"column-4\">600\u00d7337.5\u00d745<\/td><td class=\"column-5\">600\u00d7337.5\u00d745<\/td><td class=\"column-6\">600\u00d7337.5\u00d745<\/td>\n<\/tr>\n<tr class=\"row-8\">\n\t<td class=\"column-1\">Pixel Calibration<\/td><td class=\"column-2\">Support for brightness and color calibration<\/td><td class=\"column-3\">Support for brightness and color calibration<\/td><td class=\"column-4\">Support for brightness and color calibration<\/td><td class=\"column-5\">Support for brightness and color calibration<\/td><td class=\"column-6\">Support for brightness and color calibration<\/td>\n<\/tr>\n<tr class=\"row-9\">\n\t<td class=\"column-1\">Grayscale (bit)<\/td><td class=\"column-2\">14~16<\/td><td class=\"column-3\">14~16<\/td><td class=\"column-4\">14~16<\/td><td class=\"column-5\">14~16<\/td><td class=\"column-6\">14~16<\/td>\n<\/tr>\n<tr class=\"row-10\">\n\t<td class=\"column-1\">Color temperature (K)<\/td><td class=\"column-2\">2000~12000 (Adjustable)<\/td><td class=\"column-3\">2000~12000 (Adjustable)<\/td><td class=\"column-4\">2000~12000 (Adjustable)<\/td><td class=\"column-5\">2000~12000 (Adjustable)<\/td><td class=\"column-6\">2000~12000 (Adjustable)<\/td>\n<\/tr>\n<tr class=\"row-11\">\n\t<td class=\"column-1\">CI Unit<\/td><td class=\"column-2\">ICN \/ MBI \/ Xm-Plus<\/td><td class=\"column-3\">ICN \/ MBI \/ Xm-Plus<\/td><td class=\"column-4\">ICN \/ MBI \/ Xm-Plus<\/td><td class=\"column-5\">ICN \/ MBI \/ Xm-Plus<\/td><td class=\"column-6\">ICN \/ MBI \/ Xm-Plus<\/td>\n<\/tr>\n<tr class=\"row-12\">\n\t<td class=\"column-1\">Frame rate (Hz)<\/td><td class=\"column-2\">60 \/ 120 \/ 240<\/td><td class=\"column-3\">60 \/ 120 \/ 240<\/td><td class=\"column-4\">60 \/ 120 \/ 240<\/td><td class=\"column-5\">60 \/ 120 \/ 240<\/td><td class=\"column-6\">60 \/ 120 \/ 240<\/td>\n<\/tr>\n<tr class=\"row-13\">\n\t<td class=\"column-1\">Refresh rate (Hz)<\/td><td class=\"column-2\">3840~7680<\/td><td class=\"column-3\">3840~7680<\/td><td class=\"column-4\">3840~7680<\/td><td class=\"column-5\">3840~7680<\/td><td class=\"column-6\">3840~7680<\/td>\n<\/tr>\n<tr class=\"row-14\">\n\t<td class=\"column-1\">Working voltage (V)<\/td><td class=\"column-2\">AC: 100V240V, 5060Hz<\/td><td class=\"column-3\">AC: 100V240V, 5060Hz<\/td><td class=\"column-4\">AC: 100V240V, 5060Hz<\/td><td class=\"column-5\">AC: 100V240V, 5060Hz<\/td><td class=\"column-6\">AC: 100V240V, 5060Hz<\/td>\n<\/tr>\n<tr class=\"row-15\">\n\t<td class=\"column-1\">Useful life (H)<\/td><td class=\"column-2\">100000<\/td><td class=\"column-3\">100000<\/td><td class=\"column-4\">100000<\/td><td class=\"column-5\">100000<\/td><td class=\"column-6\">100000<\/td>\n<\/tr>\n<tr class=\"row-16\">\n\t<td class=\"column-1\">Operating temperature (\u00b0C)<\/td><td class=\"column-2\">-10~40<\/td><td class=\"column-3\">-10~40<\/td><td class=\"column-4\">-10~40<\/td><td class=\"column-5\">-10~40<\/td><td class=\"column-6\">-10~40<\/td>\n<\/tr>\n<tr class=\"row-17\">\n\t<td class=\"column-1\">Storage temperature (\u00b0C)<\/td><td class=\"column-2\">-20~60<\/td><td class=\"column-3\">-20~60<\/td><td class=\"column-4\">-20~60<\/td><td class=\"column-5\">-20~60<\/td><td class=\"column-6\">-20~60<\/td>\n<\/tr>\n<tr class=\"row-18\">\n\t<td class=\"column-1\">Operating Humidity (RH)<\/td><td class=\"column-2\">10%~80%, non-condensing<\/td><td class=\"column-3\">10%~80%, non-condensing<\/td><td class=\"column-4\">10%~80%, non-condensing<\/td><td class=\"column-5\">10%~80%, non-condensing<\/td><td class=\"column-6\">10%~80%, non-condensing<\/td>\n<\/tr>\n<tr class=\"row-19\">\n\t<td class=\"column-1\">Cabinet weight (kg)<\/td><td class=\"column-2\">5.5<\/td><td class=\"column-3\">5.5<\/td><td class=\"column-4\">5.5<\/td><td class=\"column-5\">5.5<\/td><td class=\"column-6\">5.5<\/td>\n<\/tr>\n<\/tbody>\n<\/table>\n<!-- #tablepress-57 from cache -->\n\t\t<\/div>\n\t\t\t\t\t<\/div>\n\n\t\n<\/div>\n\t\t<\/div>\n\t\t\t\t\t<\/div>\n\n\t\n<\/div>","protected":false},"excerpt":{"rendered":"<p><strong>THE Series Full HD LED Display: For Professional Visual Display \u2013 Indoor and Outdoor Use<\/strong><\/p>\n<p>Designed for professional-level visuals, this <strong><em>Full HD LED panel<\/em><\/strong> It offers fine pixel pitch, high brightness, and impeccable image quality. Its robust construction makes it ideal for demanding applications in indoor and outdoor environments.<\/p>\n<p><strong>Main features:<\/strong><\/p>\n<ul>\n<li><strong>Full HD 1080p resolution:<\/strong> It offers crisp, detailed images that enhance the visual impact of presentations, advertising, and... <a href=\"https:\/\/www.telaled.com\/en\/painel-de-led-para-eventos\/\">events<\/a> live.<\/li>\n<li><strong>Versatile application in indoor and outdoor environments:<\/strong> perfect for <a href=\"https:\/\/www.telaled.com\/en\/painel-de-led-para-palco\/\">event stages<\/a>, retail spaces, sports venues, transportation hubs, and corporate exhibitions.<\/li>\n<li><strong>Energy-efficient operation:<\/strong> <a href=\"https:\/\/www.telaled.com\/en\/entendendo-o-consumo-de-energia-painel-de-led-quao-eficientes-sao-os-displays-de-led-modernos\/\">energy consumption<\/a> optimized without compromising performance of <a href=\"https:\/\/www.telaled.com\/en\/monitor-video-wall\/\">monitor<\/a>.<\/li>\n<\/ul>\n<p>We offer 24\/7 remote support and a 3-year warranty. Contact us today for a personalized quote.<\/p>","protected":false},"featured_media":2914,"template":"","meta":[],"product_brand":[],"product_cat":[40,46],"product_tag":[],"class_list":{"0":"post-2913","1":"product","2":"type-product","3":"status-publish","4":"has-post-thumbnail","6":"product_cat-painel-de-led","7":"product_cat-painel-de-video","9":"first","10":"instock","11":"shipping-taxable","12":"product-type-simple"},"yoast_head":"<!-- This site is optimized with the Yoast SEO plugin v27.5 - https:\/\/yoast.com\/product\/yoast-seo-wordpress\/ -->\n<title>Painel de LED Full HD S\u00e9rie THE | Tela de 1080p com Passo Fino para Ambientes Internos e Externos | |TELALED<\/title>\n<meta name=\"description\" content=\"Nossos Painel LED Full HD da s\u00e9rie THE oferecem resolu\u00e7\u00e3o n\u00edtida de 1080p, pixel pitch fino e brilho de mais de 5.000 nits. Constru\u00eddos com gabinetes dur\u00e1veis de alum\u00ednio fundido para visuais est\u00e1veis e cont\u00ednuos.\" \/>\n<meta name=\"robots\" content=\"index, follow, max-snippet:-1, max-image-preview:large, max-video-preview:-1\" \/>\n<link rel=\"canonical\" href=\"https:\/\/www.telaled.com\/en\/fabrica\/painel-led-full-hd-da-serie-the\/\" \/>\n<meta property=\"og:locale\" content=\"en_US\" \/>\n<meta property=\"og:type\" content=\"article\" \/>\n<meta property=\"og:title\" content=\"Painel de LED Full HD S\u00e9rie THE | Tela de 1080p com Passo Fino para Ambientes Internos e Externos | |TELALED\" \/>\n<meta property=\"og:description\" content=\"Nossos Painel LED Full HD da s\u00e9rie THE oferecem resolu\u00e7\u00e3o n\u00edtida de 1080p, pixel pitch fino e brilho de mais de 5.000 nits. Constru\u00eddos com gabinetes dur\u00e1veis de alum\u00ednio fundido para visuais est\u00e1veis e cont\u00ednuos.\" \/>\n<meta property=\"og:url\" content=\"https:\/\/www.telaled.com\/en\/fabrica\/painel-led-full-hd-da-serie-the\/\" \/>\n<meta property=\"og:site_name\" content=\"TELALED\" \/>\n<meta property=\"article:modified_time\" content=\"2026-01-05T04:15:53+00:00\" \/>\n<meta property=\"og:image\" content=\"https:\/\/www.telaled.com\/wp-content\/uploads\/2025\/08\/Painel-LED-Full-HD-da-serie-THE.webp\" \/>\n\t<meta property=\"og:image:width\" content=\"500\" \/>\n\t<meta property=\"og:image:height\" content=\"500\" \/>\n\t<meta property=\"og:image:type\" content=\"image\/webp\" \/>\n<meta name=\"twitter:card\" content=\"summary_large_image\" \/>\n<meta name=\"twitter:label1\" content=\"Est. reading time\" \/>\n\t<meta name=\"twitter:data1\" content=\"3 minutes\" \/>\n<script type=\"application\/ld+json\" class=\"yoast-schema-graph\">{\"@context\":\"https:\\\/\\\/schema.org\",\"@graph\":[{\"@type\":\"WebPage\",\"@id\":\"https:\\\/\\\/www.telaled.com\\\/fabrica\\\/painel-led-full-hd-da-serie-the\\\/\",\"url\":\"https:\\\/\\\/www.telaled.com\\\/fabrica\\\/painel-led-full-hd-da-serie-the\\\/\",\"name\":\"Painel de LED Full HD S\u00e9rie THE | Tela de 1080p com Passo Fino para Ambientes Internos e Externos | |TELALED\",\"isPartOf\":{\"@id\":\"https:\\\/\\\/www.telaled.com\\\/#website\"},\"primaryImageOfPage\":{\"@id\":\"https:\\\/\\\/www.telaled.com\\\/fabrica\\\/painel-led-full-hd-da-serie-the\\\/#primaryimage\"},\"image\":{\"@id\":\"https:\\\/\\\/www.telaled.com\\\/fabrica\\\/painel-led-full-hd-da-serie-the\\\/#primaryimage\"},\"thumbnailUrl\":\"https:\\\/\\\/www.telaled.com\\\/wp-content\\\/uploads\\\/2025\\\/08\\\/Painel-LED-Full-HD-da-serie-THE.webp\",\"datePublished\":\"2025-08-11T01:33:20+00:00\",\"dateModified\":\"2026-01-05T04:15:53+00:00\",\"description\":\"Nossos Painel LED Full HD da s\u00e9rie THE oferecem resolu\u00e7\u00e3o n\u00edtida de 1080p, pixel pitch fino e brilho de mais de 5.000 nits. Constru\u00eddos com gabinetes dur\u00e1veis de alum\u00ednio fundido para visuais est\u00e1veis e cont\u00ednuos.\",\"breadcrumb\":{\"@id\":\"https:\\\/\\\/www.telaled.com\\\/fabrica\\\/painel-led-full-hd-da-serie-the\\\/#breadcrumb\"},\"inLanguage\":\"en-US\",\"potentialAction\":[{\"@type\":\"ReadAction\",\"target\":[\"https:\\\/\\\/www.telaled.com\\\/fabrica\\\/painel-led-full-hd-da-serie-the\\\/\"]}]},{\"@type\":\"ImageObject\",\"inLanguage\":\"en-US\",\"@id\":\"https:\\\/\\\/www.telaled.com\\\/fabrica\\\/painel-led-full-hd-da-serie-the\\\/#primaryimage\",\"url\":\"https:\\\/\\\/www.telaled.com\\\/wp-content\\\/uploads\\\/2025\\\/08\\\/Painel-LED-Full-HD-da-serie-THE.webp\",\"contentUrl\":\"https:\\\/\\\/www.telaled.com\\\/wp-content\\\/uploads\\\/2025\\\/08\\\/Painel-LED-Full-HD-da-serie-THE.webp\",\"width\":500,\"height\":500,\"caption\":\"Painel-LED-Full-HD-da-s\u00e9rie-THE\"},{\"@type\":\"BreadcrumbList\",\"@id\":\"https:\\\/\\\/www.telaled.com\\\/fabrica\\\/painel-led-full-hd-da-serie-the\\\/#breadcrumb\",\"itemListElement\":[{\"@type\":\"ListItem\",\"position\":1,\"name\":\"Home\",\"item\":\"https:\\\/\\\/www.telaled.com\\\/\"},{\"@type\":\"ListItem\",\"position\":2,\"name\":\"Produtos\",\"item\":\"https:\\\/\\\/www.telaled.com\\\/shop\\\/\"},{\"@type\":\"ListItem\",\"position\":3,\"name\":\"Painel de LED Full HD S\u00e9rie THE\"}]},{\"@type\":\"WebSite\",\"@id\":\"https:\\\/\\\/www.telaled.com\\\/#website\",\"url\":\"https:\\\/\\\/www.telaled.com\\\/\",\"name\":\"TELALED\",\"description\":\"\",\"potentialAction\":[{\"@type\":\"SearchAction\",\"target\":{\"@type\":\"EntryPoint\",\"urlTemplate\":\"https:\\\/\\\/www.telaled.com\\\/?s={search_term_string}\"},\"query-input\":{\"@type\":\"PropertyValueSpecification\",\"valueRequired\":true,\"valueName\":\"search_term_string\"}}],\"inLanguage\":\"en-US\"}]}<\/script>\n<!-- \/ Yoast SEO plugin. -->","yoast_head_json":{"title":"THE Series Full HD LED Panel | 1080p Screen with Fine Pitch for Indoor and Outdoor Environments | |TELALED","description":"Our THE Series Full HD LED panels offer crisp 1080p resolution, fine pixel pitch, and over 5,000 nits of brightness. Built with durable die-cast aluminum enclosures for stable, uninterrupted visuals.","robots":{"index":"index","follow":"follow","max-snippet":"max-snippet:-1","max-image-preview":"max-image-preview:large","max-video-preview":"max-video-preview:-1"},"canonical":"https:\/\/www.telaled.com\/en\/fabrica\/painel-led-full-hd-da-serie-the\/","og_locale":"en_US","og_type":"article","og_title":"Painel de LED Full HD S\u00e9rie THE | Tela de 1080p com Passo Fino para Ambientes Internos e Externos | |TELALED","og_description":"Nossos Painel LED Full HD da s\u00e9rie THE oferecem resolu\u00e7\u00e3o n\u00edtida de 1080p, pixel pitch fino e brilho de mais de 5.000 nits. Constru\u00eddos com gabinetes dur\u00e1veis de alum\u00ednio fundido para visuais est\u00e1veis e cont\u00ednuos.","og_url":"https:\/\/www.telaled.com\/en\/fabrica\/painel-led-full-hd-da-serie-the\/","og_site_name":"TELALED","article_modified_time":"2026-01-05T04:15:53+00:00","og_image":[{"width":500,"height":500,"url":"https:\/\/www.telaled.com\/wp-content\/uploads\/2025\/08\/Painel-LED-Full-HD-da-serie-THE.webp","type":"image\/webp"}],"twitter_card":"summary_large_image","twitter_misc":{"Est. reading time":"3 minutes"},"schema":{"@context":"https:\/\/schema.org","@graph":[{"@type":"WebPage","@id":"https:\/\/www.telaled.com\/fabrica\/painel-led-full-hd-da-serie-the\/","url":"https:\/\/www.telaled.com\/fabrica\/painel-led-full-hd-da-serie-the\/","name":"THE Series Full HD LED Panel | 1080p Screen with Fine Pitch for Indoor and Outdoor Environments | |TELALED","isPartOf":{"@id":"https:\/\/www.telaled.com\/#website"},"primaryImageOfPage":{"@id":"https:\/\/www.telaled.com\/fabrica\/painel-led-full-hd-da-serie-the\/#primaryimage"},"image":{"@id":"https:\/\/www.telaled.com\/fabrica\/painel-led-full-hd-da-serie-the\/#primaryimage"},"thumbnailUrl":"https:\/\/www.telaled.com\/wp-content\/uploads\/2025\/08\/Painel-LED-Full-HD-da-serie-THE.webp","datePublished":"2025-08-11T01:33:20+00:00","dateModified":"2026-01-05T04:15:53+00:00","description":"Our THE Series Full HD LED panels offer crisp 1080p resolution, fine pixel pitch, and over 5,000 nits of brightness. Built with durable die-cast aluminum enclosures for stable, uninterrupted visuals.","breadcrumb":{"@id":"https:\/\/www.telaled.com\/fabrica\/painel-led-full-hd-da-serie-the\/#breadcrumb"},"inLanguage":"en-US","potentialAction":[{"@type":"ReadAction","target":["https:\/\/www.telaled.com\/fabrica\/painel-led-full-hd-da-serie-the\/"]}]},{"@type":"ImageObject","inLanguage":"en-US","@id":"https:\/\/www.telaled.com\/fabrica\/painel-led-full-hd-da-serie-the\/#primaryimage","url":"https:\/\/www.telaled.com\/wp-content\/uploads\/2025\/08\/Painel-LED-Full-HD-da-serie-THE.webp","contentUrl":"https:\/\/www.telaled.com\/wp-content\/uploads\/2025\/08\/Painel-LED-Full-HD-da-serie-THE.webp","width":500,"height":500,"caption":"Painel-LED-Full-HD-da-s\u00e9rie-THE"},{"@type":"BreadcrumbList","@id":"https:\/\/www.telaled.com\/fabrica\/painel-led-full-hd-da-serie-the\/#breadcrumb","itemListElement":[{"@type":"ListItem","position":1,"name":"Home","item":"https:\/\/www.telaled.com\/"},{"@type":"ListItem","position":2,"name":"Produtos","item":"https:\/\/www.telaled.com\/shop\/"},{"@type":"ListItem","position":3,"name":"Painel de LED Full HD S\u00e9rie THE"}]},{"@type":"WebSite","@id":"https:\/\/www.telaled.com\/#website","url":"https:\/\/www.telaled.com\/","name":"LED screen","description":"","potentialAction":[{"@type":"SearchAction","target":{"@type":"EntryPoint","urlTemplate":"https:\/\/www.telaled.com\/?s={search_term_string}"},"query-input":{"@type":"PropertyValueSpecification","valueRequired":true,"valueName":"search_term_string"}}],"inLanguage":"en-US"}]}},"_links":{"self":[{"href":"https:\/\/www.telaled.com\/en\/wp-json\/wp\/v2\/product\/2913","targetHints":{"allow":["GET"]}}],"collection":[{"href":"https:\/\/www.telaled.com\/en\/wp-json\/wp\/v2\/product"}],"about":[{"href":"https:\/\/www.telaled.com\/en\/wp-json\/wp\/v2\/types\/product"}],"wp:featuredmedia":[{"embeddable":true,"href":"https:\/\/www.telaled.com\/en\/wp-json\/wp\/v2\/media\/2914"}],"wp:attachment":[{"href":"https:\/\/www.telaled.com\/en\/wp-json\/wp\/v2\/media?parent=2913"}],"wp:term":[{"taxonomy":"product_brand","embeddable":true,"href":"https:\/\/www.telaled.com\/en\/wp-json\/wp\/v2\/product_brand?post=2913"},{"taxonomy":"product_cat","embeddable":true,"href":"https:\/\/www.telaled.com\/en\/wp-json\/wp\/v2\/product_cat?post=2913"},{"taxonomy":"product_tag","embeddable":true,"href":"https:\/\/www.telaled.com\/en\/wp-json\/wp\/v2\/product_tag?post=2913"}],"curies":[{"name":"wp","href":"https:\/\/api.w.org\/{rel}","templated":true}]}}