{"id":2889,"date":"2025-08-07T01:31:29","date_gmt":"2025-08-07T01:31:29","guid":{"rendered":"https:\/\/www.telaled.com\/?post_type=product&#038;p=2889"},"modified":"2026-01-05T03:47:28","modified_gmt":"2026-01-05T03:47:28","slug":"painel-de-led-cob-serie-tha","status":"publish","type":"product","link":"https:\/\/www.telaled.com\/en\/fabrica\/painel-de-led-cob-serie-tha\/","title":{"rendered":"THA Series COB LED Panel"},"content":{"rendered":"<div class=\"row\"  id=\"row-19857581\">\n\n\t<div id=\"col-1030610660\" class=\"col small-12 large-12\"  >\n\t\t\t\t<div class=\"col-inner\"  >\n\t\t\t\n\t\t\t\n<h2>Exclusive Advantages of the THA Series COB LED Panel<\/h2>\n<h3><strong>Superior Durability<\/strong><\/h3>\n<ul>\n<li>It features a durable cast aluminum frame with CNC machining for precise alignment and robust protection, ensuring long-lasting performance in challenging environments.<\/li>\n<li>High-quality COB modules offer excellent heat dissipation and durability, designed to withstand heavy use and maintain consistent, high-quality display performance.<\/li>\n<\/ul>\n<h3><strong>Exceptional Visual Quality<\/strong><\/h3>\n<ul>\n<li>Color Accuracy and Contrast: Delivers vibrant colors with sRGB \u2265 100% and DCI-P3 \u2265 97%, plus a 10,000:1 contrast ratio for deep blacks and bright whites.<\/li>\n<li>Pixel Clarity: With fine pixel pitch technology, the THA series COB LED panel delivers ultra-sharp visuals from any distance, ensuring detailed and sharp images.<\/li>\n<\/ul>\n<h3><strong>Complete Adaptability<\/strong><\/h3>\n<ul>\n<li>Versatile installation: offers various mounting options. Its compact and lightweight design ensures flexibility for diverse environments, from retail storefronts to... <a href=\"https:\/\/www.telaled.com\/en\/painel-de-led-para-eventos\/\">event stages<\/a>.<\/li>\n<li>Reliable Performance: The magnetic back design allows for easy mounting, while the advanced redundancy system ensures reliable operation.<\/li>\n<\/ul>\n<h3><strong>Comprehensive Support<\/strong><\/h3>\n<ul>\n<li>24\/7 Remote Technical Support: Get assistance whenever you need it, wherever you are.<\/li>\n<li>5% of spare parts supplied: Each shipment includes extra components for added reliability and peace of mind.<\/li>\n<li>3-Year Extended Warranty: Benefit from long-term protection for better performance and reliable support.<\/li>\n<\/ul>\n<h2>Product details<\/h2>\n<div class=\"row\"  id=\"row-533367200\">\n\n\t<div id=\"col-534670974\" class=\"col medium-10 small-12 large-10\"  >\n\t\t\t\t<div class=\"col-inner text-left\"  >\n\t\t\t\n\t\t\t\n<ul>\n<li>Flip-Chip Micro-COB LED Technology: Offers exceptional performance, durability, and visual quality. Its modular design ensures extended use, optimized brightness, contrast, and color accuracy, making it ideal for demanding environments.<\/li>\n<\/ul>\n\t<div class=\"img has-hover x md-x lg-x y md-y lg-y\" id=\"image_1421632627\">\n\t\t\t\t\t\t\t\t<div class=\"img-inner dark\" >\n\t\t\t<img loading=\"lazy\" decoding=\"async\" width=\"637\" height=\"399\" src=\"https:\/\/www.telaled.com\/wp-content\/uploads\/2025\/08\/Tecnologia-avancada-de-display-LED-Micro-COB-com-chip-flip.jpg\" class=\"attachment-original size-original\" alt=\"Advanced Micro-COB LED Display Technology with Flip Chip\" srcset=\"https:\/\/www.telaled.com\/wp-content\/uploads\/2025\/08\/Tecnologia-avancada-de-display-LED-Micro-COB-com-chip-flip.jpg 637w, https:\/\/www.telaled.com\/wp-content\/uploads\/2025\/08\/Tecnologia-avancada-de-display-LED-Micro-COB-com-chip-flip-300x188.jpg 300w, https:\/\/www.telaled.com\/wp-content\/uploads\/2025\/08\/Tecnologia-avancada-de-display-LED-Micro-COB-com-chip-flip-18x12.jpg 18w, https:\/\/www.telaled.com\/wp-content\/uploads\/2025\/08\/Tecnologia-avancada-de-display-LED-Micro-COB-com-chip-flip-600x376.jpg 600w\" sizes=\"auto, (max-width: 637px) 100vw, 637px\" \/>\t\t\t\t\t\t\n\t\t\t\t\t<\/div>\n\t\t\t\t\t\t\t\t\n<style>\n#image_1421632627 {\n  width: 95%;\n}\n<\/style>\n\t<\/div>\n\t\n\t\t<\/div>\n\t\t\t\t\t<\/div>\n\n\t\n\n\t<div id=\"col-1019821711\" class=\"col medium-10 small-12 large-10\"  >\n\t\t\t\t<div class=\"col-inner text-left\"  >\n\t\t\t\n\t\t\t\n<ul>\n<li>Highly durable and versatile, it&#039;s waterproof, dustproof, and resistant to moisture and impact. Its robust design ensures longevity, and the screen is quick and easy to clean.<\/li>\n<\/ul>\n\t<div class=\"img has-hover x md-x lg-x y md-y lg-y\" id=\"image_149743924\">\n\t\t\t\t\t\t\t\t<div class=\"img-inner dark\" >\n\t\t\t<img loading=\"lazy\" decoding=\"async\" width=\"750\" height=\"450\" src=\"https:\/\/www.telaled.com\/wp-content\/uploads\/2025\/08\/Alta-Protecao.webp\" class=\"attachment-large size-large\" alt=\"\" srcset=\"https:\/\/www.telaled.com\/wp-content\/uploads\/2025\/08\/Alta-Protecao.webp 750w, https:\/\/www.telaled.com\/wp-content\/uploads\/2025\/08\/Alta-Protecao-300x180.webp 300w, https:\/\/www.telaled.com\/wp-content\/uploads\/2025\/08\/Alta-Protecao-18x12.webp 18w, https:\/\/www.telaled.com\/wp-content\/uploads\/2025\/08\/Alta-Protecao-600x360.webp 600w\" sizes=\"auto, (max-width: 750px) 100vw, 750px\" \/>\t\t\t\t\t\t\n\t\t\t\t\t<\/div>\n\t\t\t\t\t\t\t\t\n<style>\n#image_149743924 {\n  width: 95%;\n}\n<\/style>\n\t<\/div>\n\t\n<ul>\n<li>Offers flexible installation options, ensuring easy configuration and adaptability to various environments.<\/li>\n<\/ul>\n\t<div class=\"img has-hover x md-x lg-x y md-y lg-y\" id=\"image_887084473\">\n\t\t\t\t\t\t\t\t<div class=\"img-inner dark\" >\n\t\t\t<img loading=\"lazy\" decoding=\"async\" width=\"1020\" height=\"355\" src=\"https:\/\/www.telaled.com\/wp-content\/uploads\/2025\/08\/Instalacao-conveniente-1024x356.webp\" class=\"attachment-large size-large\" alt=\"\" srcset=\"https:\/\/www.telaled.com\/wp-content\/uploads\/2025\/08\/Instalacao-conveniente-1024x356.webp 1024w, https:\/\/www.telaled.com\/wp-content\/uploads\/2025\/08\/Instalacao-conveniente-300x104.webp 300w, https:\/\/www.telaled.com\/wp-content\/uploads\/2025\/08\/Instalacao-conveniente-768x267.webp 768w, https:\/\/www.telaled.com\/wp-content\/uploads\/2025\/08\/Instalacao-conveniente-18x6.webp 18w, https:\/\/www.telaled.com\/wp-content\/uploads\/2025\/08\/Instalacao-conveniente-600x208.webp 600w, https:\/\/www.telaled.com\/wp-content\/uploads\/2025\/08\/Instalacao-conveniente.webp 1440w\" sizes=\"auto, (max-width: 1020px) 100vw, 1020px\" \/>\t\t\t\t\t\t\n\t\t\t\t\t<\/div>\n\t\t\t\t\t\t\t\t\n<style>\n#image_887084473 {\n  width: 95%;\n}\n<\/style>\n\t<\/div>\n\t\n\t\t<\/div>\n\t\t\t\t\t<\/div>\n\n\t\n\n\t<div id=\"col-648625863\" class=\"col medium-10 small-12 large-10\"  >\n\t\t\t\t<div class=\"col-inner text-left\"  >\n\t\t\t\n\t\t\t\n<ul>\n<li>LED displays are packaged according to their type and application. Complete display units are packed in wooden crates for maximum stability, while LED modules are shipped in cardboard boxes. Renmtal displays receive special treatment, typically packed in airfreight crates or simple boxes reinforced with wooden frames for extra protection.<\/li>\n<\/ul>\n\t<div class=\"img has-hover x md-x lg-x y md-y lg-y\" id=\"image_1143506614\">\n\t\t\t\t\t\t\t\t<div class=\"img-inner dark\" >\n\t\t\t<img loading=\"lazy\" decoding=\"async\" width=\"760\" height=\"1024\" src=\"https:\/\/www.telaled.com\/wp-content\/uploads\/2025\/06\/Embalagem-760x1024.webp\" class=\"attachment-large size-large\" alt=\"Packaging\" srcset=\"https:\/\/www.telaled.com\/wp-content\/uploads\/2025\/06\/Embalagem-760x1024.webp 760w, https:\/\/www.telaled.com\/wp-content\/uploads\/2025\/06\/Embalagem-223x300.webp 223w, https:\/\/www.telaled.com\/wp-content\/uploads\/2025\/06\/Embalagem-768x1035.webp 768w, https:\/\/www.telaled.com\/wp-content\/uploads\/2025\/06\/Embalagem-9x12.webp 9w, https:\/\/www.telaled.com\/wp-content\/uploads\/2025\/06\/Embalagem-600x808.webp 600w, https:\/\/www.telaled.com\/wp-content\/uploads\/2025\/06\/Embalagem.webp 795w\" sizes=\"auto, (max-width: 760px) 100vw, 760px\" \/>\t\t\t\t\t\t\n\t\t\t\t\t<\/div>\n\t\t\t\t\t\t\t\t\n<style>\n#image_1143506614 {\n  width: 95%;\n}\n<\/style>\n\t<\/div>\n\t\n\t\t<\/div>\n\t\t\t\t\t<\/div>\n\n\t\n<\/div>\n\t\t<\/div>\n\t\t\t\t\t<\/div>\n\n\t\n\n\t<div id=\"col-894152249\" class=\"col small-12 large-12\"  >\n\t\t\t\t<div class=\"col-inner\"  >\n\t\t\t\n\t\t\t\n<div class=\"row\"  id=\"row-601646615\">\n\n\t<div id=\"col-31124215\" class=\"col medium-10 small-12 large-10\"  >\n\t\t\t\t<div class=\"col-inner\"  >\n\t\t\t\n\t\t\t\n\n<table id=\"tablepress-55\" class=\"tablepress tablepress-id-55\">\n<thead>\n<tr class=\"row-1\">\n\t<th class=\"column-1\">Model<\/th><th class=\"column-2\">THA 00C09<\/th><th class=\"column-3\">THA 00C12<\/th><th class=\"column-4\">THA 00C15<\/th><th class=\"column-5\">THA 00C18<\/th><th class=\"column-6\">THA 00CX09<\/th><th class=\"column-7\">THA 00CX12<\/th>\n<\/tr>\n<\/thead>\n<tbody class=\"row-striping row-hover\">\n<tr class=\"row-2\">\n\t<td class=\"column-1\">Pixel pitch (mm)<\/td><td class=\"column-2\">0.93<\/td><td class=\"column-3\">1.25<\/td><td class=\"column-4\">1.56<\/td><td class=\"column-5\">1.87<\/td><td class=\"column-6\">0.93<\/td><td class=\"column-7\">1.25<\/td>\n<\/tr>\n<tr class=\"row-3\">\n\t<td class=\"column-1\">Module size (mm)<\/td><td class=\"column-2\">300\u00d7168.5<\/td><td class=\"column-3\">300\u00d7168.5<\/td><td class=\"column-4\">300\u00d7168.5<\/td><td class=\"column-5\">300\u00d7168.5<\/td><td class=\"column-6\">300\u00d7168.5<\/td><td class=\"column-7\">300\u00d7168.5<\/td>\n<\/tr>\n<tr class=\"row-4\">\n\t<td class=\"column-1\">Module resolution (W\u00d7H)<\/td><td class=\"column-2\">320\u00d7180<\/td><td class=\"column-3\">240\u00d7135<\/td><td class=\"column-4\">192\u00d7108<\/td><td class=\"column-5\">160\u00d790<\/td><td class=\"column-6\">320\u00d7180<\/td><td class=\"column-7\">240\u00d7135<\/td>\n<\/tr>\n<tr class=\"row-5\">\n\t<td class=\"column-1\">Unit composition (W\u00d7H)<\/td><td class=\"column-2\">2\u00d72<\/td><td class=\"column-3\">2\u00d72<\/td><td class=\"column-4\">2\u00d72<\/td><td class=\"column-5\">2\u00d72<\/td><td class=\"column-6\">2\u00d72<\/td><td class=\"column-7\">2\u00d72<\/td>\n<\/tr>\n<tr class=\"row-6\">\n\t<td class=\"column-1\">Cabinet size (mm)<\/td><td class=\"column-2\">600\u00d7337.5\u00d740<\/td><td class=\"column-3\">600\u00d7337.5\u00d740<\/td><td class=\"column-4\">600\u00d7337.5\u00d740<\/td><td class=\"column-5\">600\u00d7337.5\u00d740<\/td><td class=\"column-6\">600\u00d7337.5\u00d740<\/td><td class=\"column-7\">600\u00d7337.5\u00d740<\/td>\n<\/tr>\n<tr class=\"row-7\">\n\t<td class=\"column-1\">Cabinet Resolution (L\u00d7A)<\/td><td class=\"column-2\">640\u00d7360<\/td><td class=\"column-3\">480\u00d7270<\/td><td class=\"column-4\">384\u00d7216<\/td><td class=\"column-5\">320\u00d7180<\/td><td class=\"column-6\">640\u00d7360<\/td><td class=\"column-7\">480\u00d7270<\/td>\n<\/tr>\n<tr class=\"row-8\">\n\t<td class=\"column-1\">Pixel Density (Dots\/m\u00b2)<\/td><td class=\"column-2\">1,137,777<\/td><td class=\"column-3\">640,000<\/td><td class=\"column-4\">409,600<\/td><td class=\"column-5\">284,444<\/td><td class=\"column-6\">1,137,777<\/td><td class=\"column-7\">640,000<\/td>\n<\/tr>\n<tr class=\"row-9\">\n\t<td class=\"column-1\">Cabinet weight (kg)<\/td><td class=\"column-2\">3.9<\/td><td class=\"column-3\">3.9<\/td><td class=\"column-4\">3.9<\/td><td class=\"column-5\">3.9<\/td><td class=\"column-6\">3.9<\/td><td class=\"column-7\">3.9<\/td>\n<\/tr>\n<tr class=\"row-10\">\n\t<td class=\"column-1\">Cabinet flatness (mm)<\/td><td class=\"column-2\">\u22640.1<\/td><td class=\"column-3\">\u22640.1<\/td><td class=\"column-4\">\u22640.1<\/td><td class=\"column-5\">\u22640.1<\/td><td class=\"column-6\">\u22640.1<\/td><td class=\"column-7\">\u22640.1<\/td>\n<\/tr>\n<tr class=\"row-11\">\n\t<td class=\"column-1\">Brightness (nits)<\/td><td class=\"column-2\">0-600 (adjustable)<\/td><td class=\"column-3\">0-600 (adjustable)<\/td><td class=\"column-4\">0-600 (adjustable)<\/td><td class=\"column-5\">0-600 (adjustable)<\/td><td class=\"column-6\">0-600 (adjustable)<\/td><td class=\"column-7\">0-600 (adjustable)<\/td>\n<\/tr>\n<tr class=\"row-12\">\n\t<td class=\"column-1\">Color temperature (K)<\/td><td class=\"column-2\">2,000-12,000 (adjustable)<\/td><td class=\"column-3\">2,000-12,000 (adjustable)<\/td><td class=\"column-4\">2,000-12,000 (adjustable)<\/td><td class=\"column-5\">2,000-12,000 (adjustable)<\/td><td class=\"column-6\">2,000-12,000 (adjustable)<\/td><td class=\"column-7\">2,000-12,000 (adjustable)<\/td>\n<\/tr>\n<tr class=\"row-13\">\n\t<td class=\"column-1\">Viewing angle (H\/V)<\/td><td class=\"column-2\">170\u00b0\/170\u00b0<\/td><td class=\"column-3\">170\u00b0\/170\u00b0<\/td><td class=\"column-4\">170\u00b0\/170\u00b0<\/td><td class=\"column-5\">170\u00b0\/170\u00b0<\/td><td class=\"column-6\">170\u00b0\/170\u00b0<\/td><td class=\"column-7\">170\u00b0\/170\u00b0<\/td>\n<\/tr>\n<tr class=\"row-14\">\n\t<td class=\"column-1\">Contrast ratio<\/td><td class=\"column-2\">10,000:1<\/td><td class=\"column-3\">10,000:1<\/td><td class=\"column-4\">10,000:1<\/td><td class=\"column-5\">10,000:1<\/td><td class=\"column-6\">10,000:1<\/td><td class=\"column-7\">10,000:1<\/td>\n<\/tr>\n<tr class=\"row-15\">\n\t<td class=\"column-1\">Peak power consumption (W\/m\u00b2)<\/td><td class=\"column-2\">300<\/td><td class=\"column-3\">300<\/td><td class=\"column-4\">270<\/td><td class=\"column-5\">270<\/td><td class=\"column-6\">270<\/td><td class=\"column-7\">270<\/td>\n<\/tr>\n<tr class=\"row-16\">\n\t<td class=\"column-1\">Average energy consumption (W\/m\u00b2)<\/td><td class=\"column-2\">120<\/td><td class=\"column-3\">120<\/td><td class=\"column-4\">100<\/td><td class=\"column-5\">100<\/td><td class=\"column-6\">100<\/td><td class=\"column-7\">100<\/td>\n<\/tr>\n<tr class=\"row-17\">\n\t<td class=\"column-1\">Power supply requirements<\/td><td class=\"column-2\">AC100~240V (50~60Hz)<\/td><td class=\"column-3\">AC100~240V (50~60Hz)<\/td><td class=\"column-4\">AC100~240V (50~60Hz)<\/td><td class=\"column-5\">AC100~240V (50~60Hz)<\/td><td class=\"column-6\">AC100~240V (50~60Hz)<\/td><td class=\"column-7\">AC100~240V (50~60Hz)<\/td>\n<\/tr>\n<tr class=\"row-18\">\n\t<td class=\"column-1\">Frame rate (Hz)<\/td><td class=\"column-2\">50\/60<\/td><td class=\"column-3\">50\/60<\/td><td class=\"column-4\">50\/60<\/td><td class=\"column-5\">50\/60<\/td><td class=\"column-6\">50\/60<\/td><td class=\"column-7\">50\/60<\/td>\n<\/tr>\n<tr class=\"row-19\">\n\t<td class=\"column-1\">Image refresh rate (Hz)<\/td><td class=\"column-2\">3,840<\/td><td class=\"column-3\">3,840<\/td><td class=\"column-4\">3,840<\/td><td class=\"column-5\">3,840<\/td><td class=\"column-6\">3,840<\/td><td class=\"column-7\">3,840<\/td>\n<\/tr>\n<tr class=\"row-20\">\n\t<td class=\"column-1\">Gray level (bit)<\/td><td class=\"column-2\">14~16<\/td><td class=\"column-3\">14~16<\/td><td class=\"column-4\">14~16<\/td><td class=\"column-5\">14~16<\/td><td class=\"column-6\">14~16<\/td><td class=\"column-7\">14~16<\/td>\n<\/tr>\n<tr class=\"row-21\">\n\t<td class=\"column-1\">Operating temperature (\u00b0C)<\/td><td class=\"column-2\">-10~+40<\/td><td class=\"column-3\">-10~+40<\/td><td class=\"column-4\">-10~+40<\/td><td class=\"column-5\">-10~+40<\/td><td class=\"column-6\">-10~+40<\/td><td class=\"column-7\">-10~+40<\/td>\n<\/tr>\n<tr class=\"row-22\">\n\t<td class=\"column-1\">Operating humidity (%UR)<\/td><td class=\"column-2\">10~80 anti-fog<\/td><td class=\"column-3\">10~80 anti-fog<\/td><td class=\"column-4\">10~80 anti-fog<\/td><td class=\"column-5\">10~80 anti-fog<\/td><td class=\"column-6\">10~80 anti-fog<\/td><td class=\"column-7\">10~80 anti-fog<\/td>\n<\/tr>\n<tr class=\"row-23\">\n\t<td class=\"column-1\">Useful life (H)<\/td><td class=\"column-2\">100,000<\/td><td class=\"column-3\">100,000<\/td><td class=\"column-4\">100,000<\/td><td class=\"column-5\">100,000<\/td><td class=\"column-6\">100,000<\/td><td class=\"column-7\">100,000<\/td>\n<\/tr>\n<tr class=\"row-24\">\n\t<td class=\"column-1\">Maintenance Method<\/td><td class=\"column-2\">Front maintenance<\/td><td class=\"column-3\">Front maintenance<\/td><td class=\"column-4\">Front maintenance<\/td><td class=\"column-5\">Front maintenance<\/td><td class=\"column-6\">Front maintenance<\/td><td class=\"column-7\">Front maintenance<\/td>\n<\/tr>\n<tr class=\"row-25\">\n\t<td class=\"column-1\">Protection level<\/td><td class=\"column-2\">IP41<\/td><td class=\"column-3\">IP41<\/td><td class=\"column-4\">IP41<\/td><td class=\"column-5\">IP41<\/td><td class=\"column-6\">IP41<\/td><td class=\"column-7\">IP41<\/td>\n<\/tr>\n<\/tbody>\n<\/table>\n<!-- #tablepress-55 from cache -->\n\t\t<\/div>\n\t\t\t\t\t<\/div>\n\n\t\n<\/div>\n\t\t<\/div>\n\t\t\t\t\t<\/div>\n\n\t\n<\/div>","protected":false},"excerpt":{"rendered":"<p><strong>THA Series COB LED Panel for Ultra Sharp and Continuous LED Displays<\/strong><\/p>\n<p>THE <em><strong>THA series COB LED panel<\/strong><\/em> It features advanced COB technology, offering fine pixel pitch, lightweight design, and seamless seams. Perfect for indoor and outdoor displays, it ensures vibrant visuals, easy installation, and reliable performance for any application.<\/p>\n<p><strong>Main features:<\/strong><\/p>\n<ul>\n<li><strong>Fine Pitch with COB technology:<\/strong> Get ultra-sharp screens with pixel pitches as low as 0.93 mm, offering greater visual clarity and wider viewing angles for any audience.<\/li>\n<li><strong>Exceptional color and contrast:<\/strong> Deliver vibrant and stunning visuals with sRGB \u2265100%, DCI-P3 \u226597% and a 10,000:1 contrast ratio, ensuring content stands out with vivid and realistic colors.<\/li>\n<li><strong>Versatile and reliable performance:<\/strong> Designed for flexibility with various installation methods, it provides redundancy, ensuring continuous reliability even in demanding environments.<\/li>\n<\/ul>\n<p>24\/7 online remote support and a 3-year warranty included. Contact us now for your personalized quote.<\/p>","protected":false},"featured_media":2890,"template":"","meta":[],"product_brand":[],"product_cat":[40,46],"product_tag":[],"class_list":{"0":"post-2889","1":"product","2":"type-product","3":"status-publish","4":"has-post-thumbnail","6":"product_cat-painel-de-led","7":"product_cat-painel-de-video","9":"first","10":"instock","11":"shipping-taxable","12":"product-type-simple"},"yoast_head":"<!-- This site is optimized with the Yoast SEO plugin v27.4 - https:\/\/yoast.com\/product\/yoast-seo-wordpress\/ -->\n<title>Painel de LED COB S\u00e9rie THA | Display Compacto, Dur\u00e1vel e de Alta Resolu\u00e7\u00e3o| TELALED<\/title>\n<meta name=\"description\" content=\"Compre Painel de LED COB S\u00e9rie THA para desempenho confi\u00e1vel, visuais perfeitos e design compacto. Ideal para displays de pitch fino. Solicite um or\u00e7amento agora mesmo!\" \/>\n<meta name=\"robots\" content=\"index, follow, max-snippet:-1, max-image-preview:large, max-video-preview:-1\" \/>\n<link rel=\"canonical\" href=\"https:\/\/www.telaled.com\/en\/fabrica\/painel-de-led-cob-serie-tha\/\" \/>\n<meta property=\"og:locale\" content=\"en_US\" \/>\n<meta property=\"og:type\" content=\"article\" \/>\n<meta property=\"og:title\" content=\"Painel de LED COB S\u00e9rie THA | Display Compacto, Dur\u00e1vel e de Alta Resolu\u00e7\u00e3o| TELALED\" \/>\n<meta property=\"og:description\" content=\"Compre Painel de LED COB S\u00e9rie THA para desempenho confi\u00e1vel, visuais perfeitos e design compacto. Ideal para displays de pitch fino. Solicite um or\u00e7amento agora mesmo!\" \/>\n<meta property=\"og:url\" content=\"https:\/\/www.telaled.com\/en\/fabrica\/painel-de-led-cob-serie-tha\/\" \/>\n<meta property=\"og:site_name\" content=\"TELALED\" \/>\n<meta property=\"article:modified_time\" content=\"2026-01-05T03:47:28+00:00\" \/>\n<meta property=\"og:image\" content=\"https:\/\/www.telaled.com\/wp-content\/uploads\/2025\/08\/painel-de-led-cob.webp\" \/>\n\t<meta property=\"og:image:width\" content=\"500\" \/>\n\t<meta property=\"og:image:height\" content=\"500\" \/>\n\t<meta property=\"og:image:type\" content=\"image\/webp\" \/>\n<meta name=\"twitter:card\" content=\"summary_large_image\" \/>\n<meta name=\"twitter:label1\" content=\"Est. reading time\" \/>\n\t<meta name=\"twitter:data1\" content=\"3 minutes\" \/>\n<script type=\"application\/ld+json\" class=\"yoast-schema-graph\">{\"@context\":\"https:\\\/\\\/schema.org\",\"@graph\":[{\"@type\":\"WebPage\",\"@id\":\"https:\\\/\\\/www.telaled.com\\\/fabrica\\\/painel-de-led-cob-serie-tha\\\/\",\"url\":\"https:\\\/\\\/www.telaled.com\\\/fabrica\\\/painel-de-led-cob-serie-tha\\\/\",\"name\":\"Painel de LED COB S\u00e9rie THA | Display Compacto, Dur\u00e1vel e de Alta Resolu\u00e7\u00e3o| TELALED\",\"isPartOf\":{\"@id\":\"https:\\\/\\\/www.telaled.com\\\/#website\"},\"primaryImageOfPage\":{\"@id\":\"https:\\\/\\\/www.telaled.com\\\/fabrica\\\/painel-de-led-cob-serie-tha\\\/#primaryimage\"},\"image\":{\"@id\":\"https:\\\/\\\/www.telaled.com\\\/fabrica\\\/painel-de-led-cob-serie-tha\\\/#primaryimage\"},\"thumbnailUrl\":\"https:\\\/\\\/www.telaled.com\\\/wp-content\\\/uploads\\\/2025\\\/08\\\/painel-de-led-cob.webp\",\"datePublished\":\"2025-08-07T01:31:29+00:00\",\"dateModified\":\"2026-01-05T03:47:28+00:00\",\"description\":\"Compre Painel de LED COB S\u00e9rie THA para desempenho confi\u00e1vel, visuais perfeitos e design compacto. Ideal para displays de pitch fino. Solicite um or\u00e7amento agora mesmo!\",\"breadcrumb\":{\"@id\":\"https:\\\/\\\/www.telaled.com\\\/fabrica\\\/painel-de-led-cob-serie-tha\\\/#breadcrumb\"},\"inLanguage\":\"en-US\",\"potentialAction\":[{\"@type\":\"ReadAction\",\"target\":[\"https:\\\/\\\/www.telaled.com\\\/fabrica\\\/painel-de-led-cob-serie-tha\\\/\"]}]},{\"@type\":\"ImageObject\",\"inLanguage\":\"en-US\",\"@id\":\"https:\\\/\\\/www.telaled.com\\\/fabrica\\\/painel-de-led-cob-serie-tha\\\/#primaryimage\",\"url\":\"https:\\\/\\\/www.telaled.com\\\/wp-content\\\/uploads\\\/2025\\\/08\\\/painel-de-led-cob.webp\",\"contentUrl\":\"https:\\\/\\\/www.telaled.com\\\/wp-content\\\/uploads\\\/2025\\\/08\\\/painel-de-led-cob.webp\",\"width\":500,\"height\":500,\"caption\":\"painel-de-led-cob\"},{\"@type\":\"BreadcrumbList\",\"@id\":\"https:\\\/\\\/www.telaled.com\\\/fabrica\\\/painel-de-led-cob-serie-tha\\\/#breadcrumb\",\"itemListElement\":[{\"@type\":\"ListItem\",\"position\":1,\"name\":\"Home\",\"item\":\"https:\\\/\\\/www.telaled.com\\\/\"},{\"@type\":\"ListItem\",\"position\":2,\"name\":\"Produtos\",\"item\":\"https:\\\/\\\/www.telaled.com\\\/shop\\\/\"},{\"@type\":\"ListItem\",\"position\":3,\"name\":\"Painel de LED COB S\u00e9rie THA\"}]},{\"@type\":\"WebSite\",\"@id\":\"https:\\\/\\\/www.telaled.com\\\/#website\",\"url\":\"https:\\\/\\\/www.telaled.com\\\/\",\"name\":\"TELALED\",\"description\":\"\",\"potentialAction\":[{\"@type\":\"SearchAction\",\"target\":{\"@type\":\"EntryPoint\",\"urlTemplate\":\"https:\\\/\\\/www.telaled.com\\\/?s={search_term_string}\"},\"query-input\":{\"@type\":\"PropertyValueSpecification\",\"valueRequired\":true,\"valueName\":\"search_term_string\"}}],\"inLanguage\":\"en-US\"}]}<\/script>\n<!-- \/ Yoast SEO plugin. -->","yoast_head_json":{"title":"THA Series COB LED Panel | Compact, Durable and High Resolution Display | TELALED","description":"Buy the THA Series COB LED Panel for reliable performance, flawless visuals, and a compact design. Ideal for fine-pitch displays. Request a quote now!","robots":{"index":"index","follow":"follow","max-snippet":"max-snippet:-1","max-image-preview":"max-image-preview:large","max-video-preview":"max-video-preview:-1"},"canonical":"https:\/\/www.telaled.com\/en\/fabrica\/painel-de-led-cob-serie-tha\/","og_locale":"en_US","og_type":"article","og_title":"Painel de LED COB S\u00e9rie THA | Display Compacto, Dur\u00e1vel e de Alta Resolu\u00e7\u00e3o| TELALED","og_description":"Compre Painel de LED COB S\u00e9rie THA para desempenho confi\u00e1vel, visuais perfeitos e design compacto. Ideal para displays de pitch fino. Solicite um or\u00e7amento agora mesmo!","og_url":"https:\/\/www.telaled.com\/en\/fabrica\/painel-de-led-cob-serie-tha\/","og_site_name":"TELALED","article_modified_time":"2026-01-05T03:47:28+00:00","og_image":[{"width":500,"height":500,"url":"https:\/\/www.telaled.com\/wp-content\/uploads\/2025\/08\/painel-de-led-cob.webp","type":"image\/webp"}],"twitter_card":"summary_large_image","twitter_misc":{"Est. reading time":"3 minutes"},"schema":{"@context":"https:\/\/schema.org","@graph":[{"@type":"WebPage","@id":"https:\/\/www.telaled.com\/fabrica\/painel-de-led-cob-serie-tha\/","url":"https:\/\/www.telaled.com\/fabrica\/painel-de-led-cob-serie-tha\/","name":"THA Series COB LED Panel | Compact, Durable and High Resolution Display | TELALED","isPartOf":{"@id":"https:\/\/www.telaled.com\/#website"},"primaryImageOfPage":{"@id":"https:\/\/www.telaled.com\/fabrica\/painel-de-led-cob-serie-tha\/#primaryimage"},"image":{"@id":"https:\/\/www.telaled.com\/fabrica\/painel-de-led-cob-serie-tha\/#primaryimage"},"thumbnailUrl":"https:\/\/www.telaled.com\/wp-content\/uploads\/2025\/08\/painel-de-led-cob.webp","datePublished":"2025-08-07T01:31:29+00:00","dateModified":"2026-01-05T03:47:28+00:00","description":"Buy the THA Series COB LED Panel for reliable performance, flawless visuals, and a compact design. Ideal for fine-pitch displays. Request a quote now!","breadcrumb":{"@id":"https:\/\/www.telaled.com\/fabrica\/painel-de-led-cob-serie-tha\/#breadcrumb"},"inLanguage":"en-US","potentialAction":[{"@type":"ReadAction","target":["https:\/\/www.telaled.com\/fabrica\/painel-de-led-cob-serie-tha\/"]}]},{"@type":"ImageObject","inLanguage":"en-US","@id":"https:\/\/www.telaled.com\/fabrica\/painel-de-led-cob-serie-tha\/#primaryimage","url":"https:\/\/www.telaled.com\/wp-content\/uploads\/2025\/08\/painel-de-led-cob.webp","contentUrl":"https:\/\/www.telaled.com\/wp-content\/uploads\/2025\/08\/painel-de-led-cob.webp","width":500,"height":500,"caption":"painel-de-led-cob"},{"@type":"BreadcrumbList","@id":"https:\/\/www.telaled.com\/fabrica\/painel-de-led-cob-serie-tha\/#breadcrumb","itemListElement":[{"@type":"ListItem","position":1,"name":"Home","item":"https:\/\/www.telaled.com\/"},{"@type":"ListItem","position":2,"name":"Produtos","item":"https:\/\/www.telaled.com\/shop\/"},{"@type":"ListItem","position":3,"name":"Painel de LED COB S\u00e9rie THA"}]},{"@type":"WebSite","@id":"https:\/\/www.telaled.com\/#website","url":"https:\/\/www.telaled.com\/","name":"LED screen","description":"","potentialAction":[{"@type":"SearchAction","target":{"@type":"EntryPoint","urlTemplate":"https:\/\/www.telaled.com\/?s={search_term_string}"},"query-input":{"@type":"PropertyValueSpecification","valueRequired":true,"valueName":"search_term_string"}}],"inLanguage":"en-US"}]}},"_links":{"self":[{"href":"https:\/\/www.telaled.com\/en\/wp-json\/wp\/v2\/product\/2889","targetHints":{"allow":["GET"]}}],"collection":[{"href":"https:\/\/www.telaled.com\/en\/wp-json\/wp\/v2\/product"}],"about":[{"href":"https:\/\/www.telaled.com\/en\/wp-json\/wp\/v2\/types\/product"}],"wp:featuredmedia":[{"embeddable":true,"href":"https:\/\/www.telaled.com\/en\/wp-json\/wp\/v2\/media\/2890"}],"wp:attachment":[{"href":"https:\/\/www.telaled.com\/en\/wp-json\/wp\/v2\/media?parent=2889"}],"wp:term":[{"taxonomy":"product_brand","embeddable":true,"href":"https:\/\/www.telaled.com\/en\/wp-json\/wp\/v2\/product_brand?post=2889"},{"taxonomy":"product_cat","embeddable":true,"href":"https:\/\/www.telaled.com\/en\/wp-json\/wp\/v2\/product_cat?post=2889"},{"taxonomy":"product_tag","embeddable":true,"href":"https:\/\/www.telaled.com\/en\/wp-json\/wp\/v2\/product_tag?post=2889"}],"curies":[{"name":"wp","href":"https:\/\/api.w.org\/{rel}","templated":true}]}}