{"id":2877,"date":"2025-08-06T02:44:14","date_gmt":"2025-08-06T02:44:14","guid":{"rendered":"https:\/\/www.telaled.com\/?post_type=product&#038;p=2877"},"modified":"2026-01-05T03:21:25","modified_gmt":"2026-01-05T03:21:25","slug":"painel-de-led-para-sala-de-conferencia-serie-tid","status":"publish","type":"product","link":"https:\/\/www.telaled.com\/en\/fabrica\/painel-de-led-para-sala-de-conferencia-serie-tid\/","title":{"rendered":"TID Series Conference Room LED Panel"},"content":{"rendered":"<div class=\"row\"  id=\"row-291385076\">\n\n\t<div id=\"col-1518835233\" class=\"col small-12 large-12\"  >\n\t\t\t\t<div class=\"col-inner\"  >\n\t\t\t\n\t\t\t\n<h2>Exclusive Advantages of the TID Series Conference Room LED Display<\/h2>\n<h3><strong>Superior Durability<\/strong><\/h3>\n<ul>\n<li>Magnesium alloy enclosure with fully sealed back for dust resistance and long-term reliability.<\/li>\n<li>High-quality LED modules with stable rigid connection design ensure consistent performance and reduced maintenance needs.<\/li>\n<\/ul>\n<h3><strong>Exceptional Visual Quality<\/strong><\/h3>\n<ul>\n<li>The 3840Hz refresh rate and 6000:1 contrast ratio deliver smooth, flicker-free playback with deep blacks and vivid colors for a professional visual experience.<\/li>\n<li>Wide 160\u00b0 horizontal and 140\u00b0 vertical viewing angles keep images clear and accurate from virtually any position in the room.<\/li>\n<\/ul>\n<h3><strong>Complete Adaptability<\/strong><\/h3>\n<ul>\n<li>4:3 screen aspect ratio supports 4:3 and 16:9 screen configurations for different room layouts.<\/li>\n<li>Multiple pixel pitch options (P1.23-P4.0) to meet viewing distance and resolution needs.<\/li>\n<\/ul>\n<h3><strong>Comprehensive Support<\/strong><\/h3>\n<ul>\n<li>24\/7 Remote Technical Support: Get assistance whenever you need it, wherever you are.<\/li>\n<li>5% of spare parts supplied: Each shipment includes extra components for added reliability and peace of mind.<\/li>\n<li>3-Year Extended Warranty: Benefit from long-term protection for better performance and reliable support.<\/li>\n<\/ul>\n<h2>Product details<\/h2>\n<div class=\"row\"  id=\"row-201169204\">\n\n\t<div id=\"col-649224800\" class=\"col medium-10 small-12 large-10\"  >\n\t\t\t\t<div class=\"col-inner text-left\"  >\n\t\t\t\n\t\t\t\n<ul>\n<li>The 640 x 480 mm magnesium alloy enclosure is lightweight, weighing 7.5 kg and only 48 mm thick. The quick and precise locking mechanism ensures perfect alignment, while the ergonomic handles make installation and transport quick and safe.<\/li>\n<\/ul>\n\t<div class=\"img has-hover x md-x lg-x y md-y lg-y\" id=\"image_1131136710\">\n\t\t\t\t\t\t\t\t<div class=\"img-inner dark\" >\n\t\t\t<img loading=\"lazy\" decoding=\"async\" width=\"800\" height=\"404\" src=\"https:\/\/www.telaled.com\/wp-content\/uploads\/2025\/08\/Design-de-gabinete-ideal.webp\" class=\"attachment-original size-original\" alt=\"Ideal Cabinet Design\" srcset=\"https:\/\/www.telaled.com\/wp-content\/uploads\/2025\/08\/Design-de-gabinete-ideal.webp 800w, https:\/\/www.telaled.com\/wp-content\/uploads\/2025\/08\/Design-de-gabinete-ideal-300x152.webp 300w, https:\/\/www.telaled.com\/wp-content\/uploads\/2025\/08\/Design-de-gabinete-ideal-768x388.webp 768w, https:\/\/www.telaled.com\/wp-content\/uploads\/2025\/08\/Design-de-gabinete-ideal-18x9.webp 18w, https:\/\/www.telaled.com\/wp-content\/uploads\/2025\/08\/Design-de-gabinete-ideal-600x303.webp 600w\" sizes=\"auto, (max-width: 800px) 100vw, 800px\" \/>\t\t\t\t\t\t\n\t\t\t\t\t<\/div>\n\t\t\t\t\t\t\t\t\n<style>\n#image_1131136710 {\n  width: 95%;\n}\n<\/style>\n\t<\/div>\n\t\n\t\t<\/div>\n\t\t\t\t\t<\/div>\n\n\t\n\n\t<div id=\"col-276443688\" class=\"col medium-10 small-12 large-10\"  >\n\t\t\t\t<div class=\"col-inner text-left\"  >\n\t\t\t\n\t\t\t\n<ul>\n<li>Magnetic LED modules detach in less than 5 seconds for quick front access to all components, saving time and eliminating the need for rear access.<\/li>\n<\/ul>\n\t<div class=\"img has-hover x md-x lg-x y md-y lg-y\" id=\"image_565989268\">\n\t\t\t\t\t\t\t\t<div class=\"img-inner dark\" >\n\t\t\t<img loading=\"lazy\" decoding=\"async\" width=\"800\" height=\"500\" src=\"https:\/\/www.telaled.com\/wp-content\/uploads\/2025\/08\/Manutencao-Frontal-Completa-2.webp\" class=\"attachment-large size-large\" alt=\"Complete Front Maintenance\" srcset=\"https:\/\/www.telaled.com\/wp-content\/uploads\/2025\/08\/Manutencao-Frontal-Completa-2.webp 800w, https:\/\/www.telaled.com\/wp-content\/uploads\/2025\/08\/Manutencao-Frontal-Completa-2-300x188.webp 300w, https:\/\/www.telaled.com\/wp-content\/uploads\/2025\/08\/Manutencao-Frontal-Completa-2-768x480.webp 768w, https:\/\/www.telaled.com\/wp-content\/uploads\/2025\/08\/Manutencao-Frontal-Completa-2-18x12.webp 18w, https:\/\/www.telaled.com\/wp-content\/uploads\/2025\/08\/Manutencao-Frontal-Completa-2-600x375.webp 600w\" sizes=\"auto, (max-width: 800px) 100vw, 800px\" \/>\t\t\t\t\t\t\n\t\t\t\t\t<\/div>\n\t\t\t\t\t\t\t\t\n<style>\n#image_565989268 {\n  width: 95%;\n}\n<\/style>\n\t<\/div>\n\t\n<ul>\n<li>It uses precision quick-release latches and internal wiring to ensure seamless alignment. The cabinets connect smoothly, providing an ultra-flat surface and a flawless viewing experience.<\/li>\n<\/ul>\n\t<div class=\"img has-hover x md-x lg-x y md-y lg-y\" id=\"image_694369511\">\n\t\t\t\t\t\t\t\t<div class=\"img-inner dark\" >\n\t\t\t<img loading=\"lazy\" decoding=\"async\" width=\"660\" height=\"440\" src=\"https:\/\/www.telaled.com\/wp-content\/uploads\/2025\/08\/Emenda-perfeita-para-uma-exibicao-excepcional.webp\" class=\"attachment-large size-large\" alt=\"\" srcset=\"https:\/\/www.telaled.com\/wp-content\/uploads\/2025\/08\/Emenda-perfeita-para-uma-exibicao-excepcional.webp 660w, https:\/\/www.telaled.com\/wp-content\/uploads\/2025\/08\/Emenda-perfeita-para-uma-exibicao-excepcional-300x200.webp 300w, https:\/\/www.telaled.com\/wp-content\/uploads\/2025\/08\/Emenda-perfeita-para-uma-exibicao-excepcional-18x12.webp 18w, https:\/\/www.telaled.com\/wp-content\/uploads\/2025\/08\/Emenda-perfeita-para-uma-exibicao-excepcional-600x400.webp 600w\" sizes=\"auto, (max-width: 660px) 100vw, 660px\" \/>\t\t\t\t\t\t\n\t\t\t\t\t<\/div>\n\t\t\t\t\t\t\t\t\n<style>\n#image_694369511 {\n  width: 95%;\n}\n<\/style>\n\t<\/div>\n\t\n\t\t<\/div>\n\t\t\t\t\t<\/div>\n\n\t\n\n\t<div id=\"col-1656727510\" class=\"col medium-10 small-12 large-10\"  >\n\t\t\t\t<div class=\"col-inner text-left\"  >\n\t\t\t\n\t\t\t\n<ul>\n<li>LED displays are packaged according to their type and application. Complete display units are packed in wooden crates for maximum stability, while LED modules are shipped in cardboard boxes. Renmtal displays receive special treatment, typically packed in airfreight crates or simple boxes reinforced with wooden frames for extra protection.<\/li>\n<\/ul>\n\t<div class=\"img has-hover x md-x lg-x y md-y lg-y\" id=\"image_1790765282\">\n\t\t\t\t\t\t\t\t<div class=\"img-inner dark\" >\n\t\t\t<img loading=\"lazy\" decoding=\"async\" width=\"760\" height=\"1024\" src=\"https:\/\/www.telaled.com\/wp-content\/uploads\/2025\/06\/Embalagem-760x1024.webp\" class=\"attachment-large size-large\" alt=\"Packaging\" srcset=\"https:\/\/www.telaled.com\/wp-content\/uploads\/2025\/06\/Embalagem-760x1024.webp 760w, https:\/\/www.telaled.com\/wp-content\/uploads\/2025\/06\/Embalagem-223x300.webp 223w, https:\/\/www.telaled.com\/wp-content\/uploads\/2025\/06\/Embalagem-768x1035.webp 768w, https:\/\/www.telaled.com\/wp-content\/uploads\/2025\/06\/Embalagem-9x12.webp 9w, https:\/\/www.telaled.com\/wp-content\/uploads\/2025\/06\/Embalagem-600x808.webp 600w, https:\/\/www.telaled.com\/wp-content\/uploads\/2025\/06\/Embalagem.webp 795w\" sizes=\"auto, (max-width: 760px) 100vw, 760px\" \/>\t\t\t\t\t\t\n\t\t\t\t\t<\/div>\n\t\t\t\t\t\t\t\t\n<style>\n#image_1790765282 {\n  width: 95%;\n}\n<\/style>\n\t<\/div>\n\t\n\t\t<\/div>\n\t\t\t\t\t<\/div>\n\n\t\n<\/div>\n\t\t<\/div>\n\t\t\t\t\t<\/div>\n\n\t\n\n\t<div id=\"col-2002814793\" class=\"col small-12 large-12\"  >\n\t\t\t\t<div class=\"col-inner\"  >\n\t\t\t\n\t\t\t\n<div class=\"row\"  id=\"row-554650238\">\n\n\t<div id=\"col-419118321\" class=\"col medium-10 small-12 large-10\"  >\n\t\t\t\t<div class=\"col-inner\"  >\n\t\t\t\n\t\t\t\n\n<table id=\"tablepress-54\" class=\"tablepress tablepress-id-54\">\n<thead>\n<tr class=\"row-1\">\n\t<th class=\"column-1\">Item<\/th><th class=\"column-2\">TID 1.25<\/th><th class=\"column-3\">TID 1.53<\/th><th class=\"column-4\">TID 1.86<\/th><th class=\"column-5\">TID 2.5<\/th>\n<\/tr>\n<\/thead>\n<tbody class=\"row-striping row-hover\">\n<tr class=\"row-2\">\n\t<td class=\"column-1\">Pixel pitch (mm)<\/td><td class=\"column-2\">P1.25mm<\/td><td class=\"column-3\">P1.53mm<\/td><td class=\"column-4\">P1.86mm<\/td><td class=\"column-5\">P2.5mm<\/td>\n<\/tr>\n<tr class=\"row-3\">\n\t<td class=\"column-1\">LED<\/td><td class=\"column-2\">SMD1010<\/td><td class=\"column-3\">SMD1212<\/td><td class=\"column-4\">SMD1515<\/td><td class=\"column-5\">SMD2020<\/td>\n<\/tr>\n<tr class=\"row-4\">\n\t<td class=\"column-1\">Module resolution (points)<\/td><td class=\"column-2\">256*128<\/td><td class=\"column-3\">208*104<\/td><td class=\"column-4\">172*86<\/td><td class=\"column-5\">128*64<\/td>\n<\/tr>\n<tr class=\"row-5\">\n\t<td class=\"column-1\">Module size (mm)<\/td><td class=\"column-2\">320*160<\/td><td class=\"column-3\">320*160<\/td><td class=\"column-4\">320*160<\/td><td class=\"column-5\">320*160<\/td>\n<\/tr>\n<tr class=\"row-6\">\n\t<td class=\"column-1\">Cabinet Resolution (points)<\/td><td class=\"column-2\">512*384<\/td><td class=\"column-3\">416*312<\/td><td class=\"column-4\">344*258<\/td><td class=\"column-5\">256*192<\/td>\n<\/tr>\n<tr class=\"row-7\">\n\t<td class=\"column-1\">Cabinet Size (mm)<\/td><td class=\"column-2\">640mm*480mm*(WxH)<\/td><td class=\"column-3\">640mm*480mm*(WxH)<\/td><td class=\"column-4\">640mm*480mm*(WxH)<\/td><td class=\"column-5\">640mm*480mm*(WxH)<\/td>\n<\/tr>\n<tr class=\"row-8\">\n\t<td class=\"column-1\">Pixel density (dots\/pc)<\/td><td class=\"column-2\">196608<\/td><td class=\"column-3\">129792<\/td><td class=\"column-4\">88752<\/td><td class=\"column-5\">49152<\/td>\n<\/tr>\n<tr class=\"row-9\">\n\t<td class=\"column-1\">Ease of maintenance<\/td><td class=\"column-2\">Full front-end service<\/td><td class=\"column-3\">Full front-end service<\/td><td class=\"column-4\">Full front-end service<\/td><td class=\"column-5\">Full front-end service<\/td>\n<\/tr>\n<tr class=\"row-10\">\n\t<td class=\"column-1\">Protection level (front\/rear)<\/td><td class=\"column-2\">IP50<\/td><td class=\"column-3\">IP50<\/td><td class=\"column-4\">IP50<\/td><td class=\"column-5\">IP50<\/td>\n<\/tr>\n<tr class=\"row-11\">\n\t<td class=\"column-1\">Weight<\/td><td class=\"column-2\">7.5 kg<\/td><td class=\"column-3\">7.5 kg<\/td><td class=\"column-4\">7.5 kg<\/td><td class=\"column-5\">7.5 kg<\/td>\n<\/tr>\n<tr class=\"row-12\">\n\t<td class=\"column-1\">Gray level (bit)<\/td><td class=\"column-2\">14<\/td><td class=\"column-3\">14<\/td><td class=\"column-4\">14<\/td><td class=\"column-5\">14<\/td>\n<\/tr>\n<tr class=\"row-13\">\n\t<td class=\"column-1\">Brightness (cd\/\u33a1)<\/td><td class=\"column-2\">650<\/td><td class=\"column-3\">650<\/td><td class=\"column-4\">750<\/td><td class=\"column-5\">800<\/td>\n<\/tr>\n<tr class=\"row-14\">\n\t<td class=\"column-1\">Contrast<\/td><td class=\"column-2\">6000:1<\/td><td class=\"column-3\">6000:1<\/td><td class=\"column-4\">6000:1<\/td><td class=\"column-5\">6000:1<\/td>\n<\/tr>\n<tr class=\"row-15\">\n\t<td class=\"column-1\">Color range<\/td><td class=\"column-2\">\u226590% NTSC<\/td><td class=\"column-3\">\u226590% NTSC<\/td><td class=\"column-4\">\u226590% NTSC<\/td><td class=\"column-5\">\u226590% NTSC<\/td>\n<\/tr>\n<tr class=\"row-16\">\n\t<td class=\"column-1\">Refresh rate (Hz)<\/td><td class=\"column-2\">3840<\/td><td class=\"column-3\">3840<\/td><td class=\"column-4\">3840<\/td><td class=\"column-5\">3840<\/td>\n<\/tr>\n<tr class=\"row-17\">\n\t<td class=\"column-1\">Vertical viewing angle<\/td><td class=\"column-2\">140\u00b0<\/td><td class=\"column-3\">140\u00b0<\/td><td class=\"column-4\">140\u00b0<\/td><td class=\"column-5\">140\u00b0<\/td>\n<\/tr>\n<tr class=\"row-18\">\n\t<td class=\"column-1\">Brightness uniformity<\/td><td class=\"column-2\">\u226595%<\/td><td class=\"column-3\">\u226595%<\/td><td class=\"column-4\">\u226595%<\/td><td class=\"column-5\">\u226595%<\/td>\n<\/tr>\n<\/tbody>\n<\/table>\n\n\t\t<\/div>\n\t\t\t\t\t<\/div>\n\n\t\n<\/div>\n\t\t<\/div>\n\t\t\t\t\t<\/div>\n\n\t\n<\/div>","protected":false},"excerpt":{"rendered":"<p><strong>TID Series Conference Room LED Display: High-Definition Indoor Display Solutions<\/strong><\/p>\n<p>THE <strong><em>TID Series Conference Room LED Panel<\/em><\/strong> It offers crisp, vivid visuals and easy maintenance with a slim design, seamless seams, and quick access for front servicing.<\/p>\n<p><strong>Main features:<\/strong><\/p>\n<ul>\n<li><strong>Sharp, high-resolution images:<\/strong> Pixel pitches of 1.35 to 4.0 mm deliver crisp text and vibrant images, ideal for presentations and video conferencing.<\/li>\n<li><strong>Perfect amendment:<\/strong> 640\u00d7480 mm enclosures with precision quick-release locks ensure perfect alignment and brightness uniformity \u226595%.<\/li>\n<li><strong>Flexible screen ratios:<\/strong> The 4:3 aspect ratio supports both 4:3 and 16:9 configurations, allowing for scalable setups for any conference room.<\/li>\n<\/ul>\n<p>24\/7 online remote support and a 3-year warranty included. Contact us now for your personalized quote.<\/p>","protected":false},"featured_media":2878,"template":"","meta":[],"product_brand":[],"product_cat":[40,46],"product_tag":[],"class_list":{"0":"post-2877","1":"product","2":"type-product","3":"status-publish","4":"has-post-thumbnail","6":"product_cat-painel-de-led","7":"product_cat-painel-de-video","9":"first","10":"instock","11":"shipping-taxable","12":"product-type-simple"},"yoast_head":"<!-- This site is optimized with the Yoast SEO plugin v27.5 - https:\/\/yoast.com\/product\/yoast-seo-wordpress\/ -->\n<title>Painel de LED Para Sala de Confer\u00eancia S\u00e9rie TID | Telas de Alta Resolu\u00e7\u00e3o para Reuni\u00f5e | TELALED<\/title>\n<meta name=\"description\" content=\"Atualize sua sala de confer\u00eancias com os Painel de LED Para Sala de Confer\u00eancia S\u00e9rie TID. Ofere\u00e7a visuais n\u00edtidos e apresenta\u00e7\u00f5es claras para reuni\u00f5es produtivas. Entre em contato conosco hoje mesmo para um or\u00e7amento.\" \/>\n<meta name=\"robots\" content=\"index, follow, max-snippet:-1, max-image-preview:large, max-video-preview:-1\" \/>\n<link rel=\"canonical\" href=\"https:\/\/www.telaled.com\/en\/fabrica\/painel-de-led-para-sala-de-conferencia-serie-tid\/\" \/>\n<meta property=\"og:locale\" content=\"en_US\" \/>\n<meta property=\"og:type\" content=\"article\" \/>\n<meta property=\"og:title\" content=\"Painel de LED Para Sala de Confer\u00eancia S\u00e9rie TID | Telas de Alta Resolu\u00e7\u00e3o para Reuni\u00f5e | TELALED\" \/>\n<meta property=\"og:description\" content=\"Atualize sua sala de confer\u00eancias com os Painel de LED Para Sala de Confer\u00eancia S\u00e9rie TID. Ofere\u00e7a visuais n\u00edtidos e apresenta\u00e7\u00f5es claras para reuni\u00f5es produtivas. Entre em contato conosco hoje mesmo para um or\u00e7amento.\" \/>\n<meta property=\"og:url\" content=\"https:\/\/www.telaled.com\/en\/fabrica\/painel-de-led-para-sala-de-conferencia-serie-tid\/\" \/>\n<meta property=\"og:site_name\" content=\"TELALED\" \/>\n<meta property=\"article:modified_time\" content=\"2026-01-05T03:21:25+00:00\" \/>\n<meta property=\"og:image\" content=\"https:\/\/www.telaled.com\/wp-content\/uploads\/2025\/08\/Painel-de-LED-Para-Sala-de-Conferencia.webp\" \/>\n\t<meta property=\"og:image:width\" content=\"500\" \/>\n\t<meta property=\"og:image:height\" content=\"500\" \/>\n\t<meta property=\"og:image:type\" content=\"image\/webp\" \/>\n<meta name=\"twitter:card\" content=\"summary_large_image\" \/>\n<meta name=\"twitter:label1\" content=\"Est. reading time\" \/>\n\t<meta name=\"twitter:data1\" content=\"3 minutes\" \/>\n<script type=\"application\/ld+json\" class=\"yoast-schema-graph\">{\"@context\":\"https:\\\/\\\/schema.org\",\"@graph\":[{\"@type\":\"WebPage\",\"@id\":\"https:\\\/\\\/www.telaled.com\\\/fabrica\\\/painel-de-led-para-sala-de-conferencia-serie-tid\\\/\",\"url\":\"https:\\\/\\\/www.telaled.com\\\/fabrica\\\/painel-de-led-para-sala-de-conferencia-serie-tid\\\/\",\"name\":\"Painel de LED Para Sala de Confer\u00eancia S\u00e9rie TID | Telas de Alta Resolu\u00e7\u00e3o para Reuni\u00f5e | TELALED\",\"isPartOf\":{\"@id\":\"https:\\\/\\\/www.telaled.com\\\/#website\"},\"primaryImageOfPage\":{\"@id\":\"https:\\\/\\\/www.telaled.com\\\/fabrica\\\/painel-de-led-para-sala-de-conferencia-serie-tid\\\/#primaryimage\"},\"image\":{\"@id\":\"https:\\\/\\\/www.telaled.com\\\/fabrica\\\/painel-de-led-para-sala-de-conferencia-serie-tid\\\/#primaryimage\"},\"thumbnailUrl\":\"https:\\\/\\\/www.telaled.com\\\/wp-content\\\/uploads\\\/2025\\\/08\\\/Painel-de-LED-Para-Sala-de-Conferencia.webp\",\"datePublished\":\"2025-08-06T02:44:14+00:00\",\"dateModified\":\"2026-01-05T03:21:25+00:00\",\"description\":\"Atualize sua sala de confer\u00eancias com os Painel de LED Para Sala de Confer\u00eancia S\u00e9rie TID. Ofere\u00e7a visuais n\u00edtidos e apresenta\u00e7\u00f5es claras para reuni\u00f5es produtivas. Entre em contato conosco hoje mesmo para um or\u00e7amento.\",\"breadcrumb\":{\"@id\":\"https:\\\/\\\/www.telaled.com\\\/fabrica\\\/painel-de-led-para-sala-de-conferencia-serie-tid\\\/#breadcrumb\"},\"inLanguage\":\"en-US\",\"potentialAction\":[{\"@type\":\"ReadAction\",\"target\":[\"https:\\\/\\\/www.telaled.com\\\/fabrica\\\/painel-de-led-para-sala-de-conferencia-serie-tid\\\/\"]}]},{\"@type\":\"ImageObject\",\"inLanguage\":\"en-US\",\"@id\":\"https:\\\/\\\/www.telaled.com\\\/fabrica\\\/painel-de-led-para-sala-de-conferencia-serie-tid\\\/#primaryimage\",\"url\":\"https:\\\/\\\/www.telaled.com\\\/wp-content\\\/uploads\\\/2025\\\/08\\\/Painel-de-LED-Para-Sala-de-Conferencia.webp\",\"contentUrl\":\"https:\\\/\\\/www.telaled.com\\\/wp-content\\\/uploads\\\/2025\\\/08\\\/Painel-de-LED-Para-Sala-de-Conferencia.webp\",\"width\":500,\"height\":500,\"caption\":\"Painel-de-LED-Para-Sala-de-Confer\u00eancia\"},{\"@type\":\"BreadcrumbList\",\"@id\":\"https:\\\/\\\/www.telaled.com\\\/fabrica\\\/painel-de-led-para-sala-de-conferencia-serie-tid\\\/#breadcrumb\",\"itemListElement\":[{\"@type\":\"ListItem\",\"position\":1,\"name\":\"Home\",\"item\":\"https:\\\/\\\/www.telaled.com\\\/\"},{\"@type\":\"ListItem\",\"position\":2,\"name\":\"Produtos\",\"item\":\"https:\\\/\\\/www.telaled.com\\\/shop\\\/\"},{\"@type\":\"ListItem\",\"position\":3,\"name\":\"Painel de LED Para Sala de Confer\u00eancia S\u00e9rie TID\"}]},{\"@type\":\"WebSite\",\"@id\":\"https:\\\/\\\/www.telaled.com\\\/#website\",\"url\":\"https:\\\/\\\/www.telaled.com\\\/\",\"name\":\"TELALED\",\"description\":\"\",\"potentialAction\":[{\"@type\":\"SearchAction\",\"target\":{\"@type\":\"EntryPoint\",\"urlTemplate\":\"https:\\\/\\\/www.telaled.com\\\/?s={search_term_string}\"},\"query-input\":{\"@type\":\"PropertyValueSpecification\",\"valueRequired\":true,\"valueName\":\"search_term_string\"}}],\"inLanguage\":\"en-US\"}]}<\/script>\n<!-- \/ Yoast SEO plugin. -->","yoast_head_json":{"title":"TID Series Conference Room LED Display | High Resolution Meeting Screens | TELALED","description":"Upgrade your conference room with the TID Series Conference Room LED Display. Deliver crisp visuals and clear presentations for productive meetings. Contact us today for a quote.","robots":{"index":"index","follow":"follow","max-snippet":"max-snippet:-1","max-image-preview":"max-image-preview:large","max-video-preview":"max-video-preview:-1"},"canonical":"https:\/\/www.telaled.com\/en\/fabrica\/painel-de-led-para-sala-de-conferencia-serie-tid\/","og_locale":"en_US","og_type":"article","og_title":"Painel de LED Para Sala de Confer\u00eancia S\u00e9rie TID | Telas de Alta Resolu\u00e7\u00e3o para Reuni\u00f5e | TELALED","og_description":"Atualize sua sala de confer\u00eancias com os Painel de LED Para Sala de Confer\u00eancia S\u00e9rie TID. Ofere\u00e7a visuais n\u00edtidos e apresenta\u00e7\u00f5es claras para reuni\u00f5es produtivas. Entre em contato conosco hoje mesmo para um or\u00e7amento.","og_url":"https:\/\/www.telaled.com\/en\/fabrica\/painel-de-led-para-sala-de-conferencia-serie-tid\/","og_site_name":"TELALED","article_modified_time":"2026-01-05T03:21:25+00:00","og_image":[{"width":500,"height":500,"url":"https:\/\/www.telaled.com\/wp-content\/uploads\/2025\/08\/Painel-de-LED-Para-Sala-de-Conferencia.webp","type":"image\/webp"}],"twitter_card":"summary_large_image","twitter_misc":{"Est. reading time":"3 minutes"},"schema":{"@context":"https:\/\/schema.org","@graph":[{"@type":"WebPage","@id":"https:\/\/www.telaled.com\/fabrica\/painel-de-led-para-sala-de-conferencia-serie-tid\/","url":"https:\/\/www.telaled.com\/fabrica\/painel-de-led-para-sala-de-conferencia-serie-tid\/","name":"TID Series Conference Room LED Display | High Resolution Meeting Screens | TELALED","isPartOf":{"@id":"https:\/\/www.telaled.com\/#website"},"primaryImageOfPage":{"@id":"https:\/\/www.telaled.com\/fabrica\/painel-de-led-para-sala-de-conferencia-serie-tid\/#primaryimage"},"image":{"@id":"https:\/\/www.telaled.com\/fabrica\/painel-de-led-para-sala-de-conferencia-serie-tid\/#primaryimage"},"thumbnailUrl":"https:\/\/www.telaled.com\/wp-content\/uploads\/2025\/08\/Painel-de-LED-Para-Sala-de-Conferencia.webp","datePublished":"2025-08-06T02:44:14+00:00","dateModified":"2026-01-05T03:21:25+00:00","description":"Upgrade your conference room with the TID Series Conference Room LED Display. Deliver crisp visuals and clear presentations for productive meetings. Contact us today for a quote.","breadcrumb":{"@id":"https:\/\/www.telaled.com\/fabrica\/painel-de-led-para-sala-de-conferencia-serie-tid\/#breadcrumb"},"inLanguage":"en-US","potentialAction":[{"@type":"ReadAction","target":["https:\/\/www.telaled.com\/fabrica\/painel-de-led-para-sala-de-conferencia-serie-tid\/"]}]},{"@type":"ImageObject","inLanguage":"en-US","@id":"https:\/\/www.telaled.com\/fabrica\/painel-de-led-para-sala-de-conferencia-serie-tid\/#primaryimage","url":"https:\/\/www.telaled.com\/wp-content\/uploads\/2025\/08\/Painel-de-LED-Para-Sala-de-Conferencia.webp","contentUrl":"https:\/\/www.telaled.com\/wp-content\/uploads\/2025\/08\/Painel-de-LED-Para-Sala-de-Conferencia.webp","width":500,"height":500,"caption":"Painel-de-LED-Para-Sala-de-Confer\u00eancia"},{"@type":"BreadcrumbList","@id":"https:\/\/www.telaled.com\/fabrica\/painel-de-led-para-sala-de-conferencia-serie-tid\/#breadcrumb","itemListElement":[{"@type":"ListItem","position":1,"name":"Home","item":"https:\/\/www.telaled.com\/"},{"@type":"ListItem","position":2,"name":"Produtos","item":"https:\/\/www.telaled.com\/shop\/"},{"@type":"ListItem","position":3,"name":"Painel de LED Para Sala de Confer\u00eancia S\u00e9rie TID"}]},{"@type":"WebSite","@id":"https:\/\/www.telaled.com\/#website","url":"https:\/\/www.telaled.com\/","name":"LED screen","description":"","potentialAction":[{"@type":"SearchAction","target":{"@type":"EntryPoint","urlTemplate":"https:\/\/www.telaled.com\/?s={search_term_string}"},"query-input":{"@type":"PropertyValueSpecification","valueRequired":true,"valueName":"search_term_string"}}],"inLanguage":"en-US"}]}},"_links":{"self":[{"href":"https:\/\/www.telaled.com\/en\/wp-json\/wp\/v2\/product\/2877","targetHints":{"allow":["GET"]}}],"collection":[{"href":"https:\/\/www.telaled.com\/en\/wp-json\/wp\/v2\/product"}],"about":[{"href":"https:\/\/www.telaled.com\/en\/wp-json\/wp\/v2\/types\/product"}],"wp:featuredmedia":[{"embeddable":true,"href":"https:\/\/www.telaled.com\/en\/wp-json\/wp\/v2\/media\/2878"}],"wp:attachment":[{"href":"https:\/\/www.telaled.com\/en\/wp-json\/wp\/v2\/media?parent=2877"}],"wp:term":[{"taxonomy":"product_brand","embeddable":true,"href":"https:\/\/www.telaled.com\/en\/wp-json\/wp\/v2\/product_brand?post=2877"},{"taxonomy":"product_cat","embeddable":true,"href":"https:\/\/www.telaled.com\/en\/wp-json\/wp\/v2\/product_cat?post=2877"},{"taxonomy":"product_tag","embeddable":true,"href":"https:\/\/www.telaled.com\/en\/wp-json\/wp\/v2\/product_tag?post=2877"}],"curies":[{"name":"wp","href":"https:\/\/api.w.org\/{rel}","templated":true}]}}