{"id":2843,"date":"2025-08-04T01:34:42","date_gmt":"2025-08-04T01:34:42","guid":{"rendered":"https:\/\/www.telaled.com\/?post_type=product&#038;p=2843"},"modified":"2026-01-05T02:48:37","modified_gmt":"2026-01-05T02:48:37","slug":"painel-de-led-para-manutencao-frontal-serie-tib","status":"publish","type":"product","link":"https:\/\/www.telaled.com\/en\/fabrica\/painel-de-led-para-manutencao-frontal-serie-tib\/","title":{"rendered":"TIB Series Front Maintenance LED Panel"},"content":{"rendered":"<div class=\"row\"  id=\"row-1935709591\">\n\n\t<div id=\"col-1743402659\" class=\"col small-12 large-12\"  >\n\t\t\t\t<div class=\"col-inner\"  >\n\t\t\t\n\t\t\t\n<h2>Exclusive Advantages of the TIB Series Front Maintenance LED Panel<\/h2>\n<h3><strong>Superior Durability<\/strong><\/h3>\n<ul>\n<li>CNC-machined honeycomb structure in a 640x480x48 enclosure provides high strength, precise alignment, and thermally efficient performance to prevent warping and thermal damage.<\/li>\n<li>Direct-mounted wireless modules reduce wear, maintain stable connections, and work with redundant power and signal systems for uninterrupted operation.<\/li>\n<\/ul>\n<h3><strong>Exceptional Visual Quality<\/strong><\/h3>\n<ul>\n<li>High refresh rate up to 3840Hz<\/li>\n<li>Wide viewing angle of 160\u00b0V\/H<\/li>\n<\/ul>\n<h3><strong>Complete Adaptability<\/strong><\/h3>\n<ul>\n<li>Versatile Applications: Suitable for control rooms, <a href=\"https:\/\/www.telaled.com\/en\/fabrica\/painel-de-led-para-sala-de-conferencia-serie-tid\/\">conference rooms<\/a>, retail environments and <a href=\"https:\/\/www.telaled.com\/en\/painel-de-led-para-palco\/\">event stages<\/a>.<\/li>\n<li>Compact Cabinet Design: 640x480x48mm size allows for seamless splicing for small to large display setups.<\/li>\n<\/ul>\n<h3><strong>Comprehensive Support<\/strong><\/h3>\n<ul>\n<li>24\/7 Remote Technical Support \u2013 Available whenever you need assistance.<\/li>\n<li>5% of spare parts included \u2013 Enjoy greater peace of mind.<\/li>\n<li>3-Year Extended Warranty \u2013 Benefit from long-term reliability and comprehensive support.<\/li>\n<\/ul>\n<h2>Product details<\/h2>\n<div class=\"row\"  id=\"row-1437459510\">\n\n\t<div id=\"col-1856437852\" class=\"col medium-10 small-12 large-10\"  >\n\t\t\t\t<div class=\"col-inner text-left\"  >\n\t\t\t\n\t\t\t\n<ul>\n<li>The enclosure is designed with an intuitive structure that simplifies installation and assembly. It includes an alignment bar for precise positioning, quick-release latches on the top and bottom, and quick-release latches on both sides for a secure and stable fit.<\/li>\n<\/ul>\n\t<div class=\"img has-hover x md-x lg-x y md-y lg-y\" id=\"image_2111361355\">\n\t\t\t\t\t\t\t\t<div class=\"img-inner dark\" >\n\t\t\t<img loading=\"lazy\" decoding=\"async\" width=\"1280\" height=\"720\" src=\"https:\/\/www.telaled.com\/wp-content\/uploads\/2025\/08\/Design-de-gabinete-perfeito.jpg\" class=\"attachment-original size-original\" alt=\"Perfect Cabinet Design\" srcset=\"https:\/\/www.telaled.com\/wp-content\/uploads\/2025\/08\/Design-de-gabinete-perfeito.jpg 1280w, https:\/\/www.telaled.com\/wp-content\/uploads\/2025\/08\/Design-de-gabinete-perfeito-300x169.jpg 300w, https:\/\/www.telaled.com\/wp-content\/uploads\/2025\/08\/Design-de-gabinete-perfeito-1024x576.jpg 1024w, https:\/\/www.telaled.com\/wp-content\/uploads\/2025\/08\/Design-de-gabinete-perfeito-768x432.jpg 768w, https:\/\/www.telaled.com\/wp-content\/uploads\/2025\/08\/Design-de-gabinete-perfeito-18x10.jpg 18w, https:\/\/www.telaled.com\/wp-content\/uploads\/2025\/08\/Design-de-gabinete-perfeito-600x338.jpg 600w\" sizes=\"auto, (max-width: 1280px) 100vw, 1280px\" \/>\t\t\t\t\t\t\n\t\t\t\t\t<\/div>\n\t\t\t\t\t\t\t\t\n<style>\n#image_2111361355 {\n  width: 95%;\n}\n<\/style>\n\t<\/div>\n\t\n\t\t<\/div>\n\t\t\t\t\t<\/div>\n\n\t\n\n\t<div id=\"col-1303003195\" class=\"col medium-10 small-12 large-10\"  >\n\t\t\t\t<div class=\"col-inner text-left\"  >\n\t\t\t\n\t\t\t\n<ul>\n<li>We use LED technology. <a href=\"https:\/\/www.telaled.com\/en\/led-smd\/\">SMD<\/a> 3-in-1 for consistent brightness and accurate color reproduction. The screen supports 2K, 4K, and 8K images with crisp resolution, uniform colors, and rich image quality for an exceptional viewing experience.<\/li>\n<\/ul>\n\t<div class=\"img has-hover x md-x lg-x y md-y lg-y\" id=\"image_1131370120\">\n\t\t\t\t\t\t\t\t<div class=\"img-inner dark\" >\n\t\t\t<img loading=\"lazy\" decoding=\"async\" width=\"1020\" height=\"574\" src=\"https:\/\/www.telaled.com\/wp-content\/uploads\/2025\/08\/Efeito-de-exibicao-soberbo-1024x576.webp\" class=\"attachment-large size-large\" alt=\"\" srcset=\"https:\/\/www.telaled.com\/wp-content\/uploads\/2025\/08\/Efeito-de-exibicao-soberbo-1024x576.webp 1024w, https:\/\/www.telaled.com\/wp-content\/uploads\/2025\/08\/Efeito-de-exibicao-soberbo-300x169.webp 300w, https:\/\/www.telaled.com\/wp-content\/uploads\/2025\/08\/Efeito-de-exibicao-soberbo-768x432.webp 768w, https:\/\/www.telaled.com\/wp-content\/uploads\/2025\/08\/Efeito-de-exibicao-soberbo-18x10.webp 18w, https:\/\/www.telaled.com\/wp-content\/uploads\/2025\/08\/Efeito-de-exibicao-soberbo-600x338.webp 600w, https:\/\/www.telaled.com\/wp-content\/uploads\/2025\/08\/Efeito-de-exibicao-soberbo.webp 1536w\" sizes=\"auto, (max-width: 1020px) 100vw, 1020px\" \/>\t\t\t\t\t\t\n\t\t\t\t\t<\/div>\n\t\t\t\t\t\t\t\t\n<style>\n#image_1131370120 {\n  width: 95%;\n}\n<\/style>\n\t<\/div>\n\t\n<ul>\n<li>With a 4:3 aspect ratio and cabinet dimensions of 640\u00d7480mm, this indoor front service LED display can be seamlessly configured into a 16:9 screen for larger viewing formats.<\/li>\n<\/ul>\n\t<div class=\"img has-hover x md-x lg-x y md-y lg-y\" id=\"image_1631921066\">\n\t\t\t\t\t\t\t\t<div class=\"img-inner dark\" >\n\t\t\t<img loading=\"lazy\" decoding=\"async\" width=\"1020\" height=\"370\" src=\"https:\/\/www.telaled.com\/wp-content\/uploads\/2025\/08\/Design-de-tamanho-1024x371.webp\" class=\"attachment-large size-large\" alt=\"Size design\" srcset=\"https:\/\/www.telaled.com\/wp-content\/uploads\/2025\/08\/Design-de-tamanho-1024x371.webp 1024w, https:\/\/www.telaled.com\/wp-content\/uploads\/2025\/08\/Design-de-tamanho-300x109.webp 300w, https:\/\/www.telaled.com\/wp-content\/uploads\/2025\/08\/Design-de-tamanho-768x278.webp 768w, https:\/\/www.telaled.com\/wp-content\/uploads\/2025\/08\/Design-de-tamanho-18x7.webp 18w, https:\/\/www.telaled.com\/wp-content\/uploads\/2025\/08\/Design-de-tamanho-600x218.webp 600w, https:\/\/www.telaled.com\/wp-content\/uploads\/2025\/08\/Design-de-tamanho.webp 1332w\" sizes=\"auto, (max-width: 1020px) 100vw, 1020px\" \/>\t\t\t\t\t\t\n\t\t\t\t\t<\/div>\n\t\t\t\t\t\t\t\t\n<style>\n#image_1631921066 {\n  width: 95%;\n}\n<\/style>\n\t<\/div>\n\t\n<ul>\n<li>seamless connectivity with our cable-free splicing technology<\/li>\n<\/ul>\n\t\t<\/div>\n\t\t\t\t\t<\/div>\n\n\t\n\n\t<div id=\"col-1841724977\" class=\"col medium-10 small-12 large-10\"  >\n\t\t\t\t<div class=\"col-inner text-left\"  >\n\t\t\t\n\t\t\t\n\t<div class=\"img has-hover x md-x lg-x y md-y lg-y\" id=\"image_1910023968\">\n\t\t\t\t\t\t\t\t<div class=\"img-inner dark\" >\n\t\t\t<img loading=\"lazy\" decoding=\"async\" width=\"815\" height=\"496\" src=\"https:\/\/www.telaled.com\/wp-content\/uploads\/2025\/08\/conectividade-perfeita-com-nossa-tecnologia-de-emenda-sem-cabos.webp\" class=\"attachment-large size-large\" alt=\"\" srcset=\"https:\/\/www.telaled.com\/wp-content\/uploads\/2025\/08\/conectividade-perfeita-com-nossa-tecnologia-de-emenda-sem-cabos.webp 815w, https:\/\/www.telaled.com\/wp-content\/uploads\/2025\/08\/conectividade-perfeita-com-nossa-tecnologia-de-emenda-sem-cabos-300x183.webp 300w, https:\/\/www.telaled.com\/wp-content\/uploads\/2025\/08\/conectividade-perfeita-com-nossa-tecnologia-de-emenda-sem-cabos-768x467.webp 768w, https:\/\/www.telaled.com\/wp-content\/uploads\/2025\/08\/conectividade-perfeita-com-nossa-tecnologia-de-emenda-sem-cabos-18x12.webp 18w, https:\/\/www.telaled.com\/wp-content\/uploads\/2025\/08\/conectividade-perfeita-com-nossa-tecnologia-de-emenda-sem-cabos-600x365.webp 600w\" sizes=\"auto, (max-width: 815px) 100vw, 815px\" \/>\t\t\t\t\t\t\n\t\t\t\t\t<\/div>\n\t\t\t\t\t\t\t\t\n<style>\n#image_1910023968 {\n  width: 100%;\n}\n<\/style>\n\t<\/div>\n\t\n<ul>\n<li>We package our LED displays according to their type and application to ensure safe delivery. Depending on requirements, some units are shipped in wooden crates for extra protection, others in sturdy cardboard boxes, and certain modules in airtight boxes. Additional security measures, such as the use of plain boxes, are applied when necessary.<\/li>\n<\/ul>\n\t<div class=\"img has-hover x md-x lg-x y md-y lg-y\" id=\"image_160926757\">\n\t\t\t\t\t\t\t\t<div class=\"img-inner dark\" >\n\t\t\t<img loading=\"lazy\" decoding=\"async\" width=\"760\" height=\"1024\" src=\"https:\/\/www.telaled.com\/wp-content\/uploads\/2025\/06\/Embalagem-760x1024.webp\" class=\"attachment-large size-large\" alt=\"Packaging\" srcset=\"https:\/\/www.telaled.com\/wp-content\/uploads\/2025\/06\/Embalagem-760x1024.webp 760w, https:\/\/www.telaled.com\/wp-content\/uploads\/2025\/06\/Embalagem-223x300.webp 223w, https:\/\/www.telaled.com\/wp-content\/uploads\/2025\/06\/Embalagem-768x1035.webp 768w, https:\/\/www.telaled.com\/wp-content\/uploads\/2025\/06\/Embalagem-9x12.webp 9w, https:\/\/www.telaled.com\/wp-content\/uploads\/2025\/06\/Embalagem-600x808.webp 600w, https:\/\/www.telaled.com\/wp-content\/uploads\/2025\/06\/Embalagem.webp 795w\" sizes=\"auto, (max-width: 760px) 100vw, 760px\" \/>\t\t\t\t\t\t\n\t\t\t\t\t<\/div>\n\t\t\t\t\t\t\t\t\n<style>\n#image_160926757 {\n  width: 95%;\n}\n<\/style>\n\t<\/div>\n\t\n\t\t<\/div>\n\t\t\t\t\t<\/div>\n\n\t\n<\/div>\n\t\t<\/div>\n\t\t\t\t\t<\/div>\n\n\t\n\n\t<div id=\"col-1123692211\" class=\"col small-12 large-12\"  >\n\t\t\t\t<div class=\"col-inner\"  >\n\t\t\t\n\t\t\t\n<div class=\"row\"  id=\"row-1105060159\">\n\n\t<div id=\"col-1562817970\" class=\"col medium-10 small-12 large-10\"  >\n\t\t\t\t<div class=\"col-inner\"  >\n\t\t\t\n\t\t\t\n\n<table id=\"tablepress-52\" class=\"tablepress tablepress-id-52\">\n<thead>\n<tr class=\"row-1\">\n\t<th class=\"column-1\">Specifications:<\/th><th class=\"column-2\">TCH-P4-S118<\/th>\n<\/tr>\n<\/thead>\n<tbody class=\"row-striping row-hover\">\n<tr class=\"row-2\">\n\t<td class=\"column-1\">Pixel point composition:<\/td><td class=\"column-2\">2121 (3 in 1)<\/td>\n<\/tr>\n<tr class=\"row-3\">\n\t<td class=\"column-1\">Pixel resolution:<\/td><td class=\"column-2\">550*370<\/td>\n<\/tr>\n<tr class=\"row-4\">\n\t<td class=\"column-1\">Screen size (mm):<\/td><td class=\"column-2\">2200*1480<\/td>\n<\/tr>\n<tr class=\"row-5\">\n\t<td class=\"column-1\">Display density:<\/td><td class=\"column-2\">62500 points\/\u33a1<\/td>\n<\/tr>\n<tr class=\"row-6\">\n\t<td class=\"column-1\">Ideal viewing distance (m):<\/td><td class=\"column-2\">4-100m<\/td>\n<\/tr>\n<tr class=\"row-7\">\n\t<td class=\"column-1\">Peak power consumption:<\/td><td class=\"column-2\">800w\/\u33a1<\/td>\n<\/tr>\n<tr class=\"row-8\">\n\t<td class=\"column-1\">Scanning method:<\/td><td class=\"column-2\">16 scans<\/td>\n<\/tr>\n<tr class=\"row-9\">\n\t<td class=\"column-1\">Brightness: (CD\/\u33a1)<\/td><td class=\"column-2\">1600<\/td>\n<\/tr>\n<tr class=\"row-10\">\n\t<td class=\"column-1\">Perspective:<\/td><td class=\"column-2\">H 360\u00b0 V 360\u00b0<\/td>\n<\/tr>\n<tr class=\"row-11\">\n\t<td class=\"column-1\">Operating voltage:<\/td><td class=\"column-2\">AC 220V\/100V\u00b115% 47~64HZ<\/td>\n<\/tr>\n<tr class=\"row-12\">\n\t<td class=\"column-1\">Supply voltage:<\/td><td class=\"column-2\">5V<\/td>\n<\/tr>\n<tr class=\"row-13\">\n\t<td class=\"column-1\">System operating ambient temperature:<\/td><td class=\"column-2\">-20~60\u00b0C<\/td>\n<\/tr>\n<tr class=\"row-14\">\n\t<td class=\"column-1\">The system works in a moderate environment:<\/td><td class=\"column-2\">10%~90% UR<\/td>\n<\/tr>\n<tr class=\"row-15\">\n\t<td class=\"column-1\">Screen color:<\/td><td class=\"column-2\">16.7M<\/td>\n<\/tr>\n<tr class=\"row-16\">\n\t<td class=\"column-1\">Grayscale Level:<\/td><td class=\"column-2\">16384<\/td>\n<\/tr>\n<tr class=\"row-17\">\n\t<td class=\"column-1\">Communication method:<\/td><td class=\"column-2\">Synchronization<\/td>\n<\/tr>\n<\/tbody>\n<\/table>\n\n\t\t<\/div>\n\t\t\t\t\t<\/div>\n\n\t\n<\/div>\n\t\t<\/div>\n\t\t\t\t\t<\/div>\n\n\t\n<\/div>","protected":false},"excerpt":{"rendered":"<p><strong>TIB Series Front Maintenance LED Display \u2013 High Refresh with Easy Front Maintenance<\/strong><\/p>\n<p>THE <strong>TIB Series Front Maintenance LED Panel<\/strong> It offers quick front maintenance, ideal for tight installation spaces. With pixel distances of <a href=\"https:\/\/www.telaled.com\/en\/fabrica\/modulo-painel-de-led-p1-25\/\">1.25 mm<\/a> a <a href=\"https:\/\/www.telaled.com\/en\/fabrica\/modulo-painel-de-led-p2-5\/\">2.5 mm<\/a>, Its CNC-machined structure ensures crisp visuals, easy maintenance, and long-term reliability.<\/p>\n<p><strong>Main features:<\/strong><\/p>\n<ul>\n<li><strong>Front Maintenance Access:<\/strong> The modules can be removed from the front in less than two minutes using a simple magnetic tool.<\/li>\n<li><strong>Wireless Module Connection:<\/strong> The direct plug-in design eliminates the need for flat cables.<\/li>\n<li><strong>Redundant Power and Signal:<\/strong> Dual backup systems maintain the <a href=\"https:\/\/www.telaled.com\/en\/monitor-video-wall\/\">monitor<\/a> functioning during unexpected power or signal interruptions.<\/li>\n<\/ul>\n<p>Choose 1.25 mm for sharpness in close-ups in control rooms, 1.53 mm and <a href=\"https:\/\/www.telaled.com\/en\/fabrica\/modulo-painel-de-led-p1-8605\/\">1.86 mm<\/a> for conferences and retail, or 2.5 mm for larger indoor screens with greater viewing distance.<\/p>","protected":false},"featured_media":2844,"template":"","meta":[],"product_brand":[],"product_cat":[40,46],"product_tag":[],"class_list":{"0":"post-2843","1":"product","2":"type-product","3":"status-publish","4":"has-post-thumbnail","6":"product_cat-painel-de-led","7":"product_cat-painel-de-video","9":"first","10":"instock","11":"shipping-taxable","12":"product-type-simple"},"yoast_head":"<!-- This site is optimized with the Yoast SEO plugin v27.4 - https:\/\/yoast.com\/product\/yoast-seo-wordpress\/ -->\n<title>Painel de LED para Manuten\u00e7\u00e3o Frontal S\u00e9rie TIB | Reparos R\u00e1pidos e Simples | TELALED<\/title>\n<meta name=\"description\" content=\"Economize tempo com Painel de LED para Manuten\u00e7\u00e3o Frontal S\u00e9rie TIB. N\u00e3o \u00e9 necess\u00e1rio espa\u00e7o na parte traseira. Solicite um or\u00e7amento hoje mesmo e agilize a configura\u00e7\u00e3o do seu display.\" \/>\n<meta name=\"robots\" content=\"index, follow, max-snippet:-1, max-image-preview:large, max-video-preview:-1\" \/>\n<link rel=\"canonical\" href=\"https:\/\/www.telaled.com\/en\/fabrica\/painel-de-led-para-manutencao-frontal-serie-tib\/\" \/>\n<meta property=\"og:locale\" content=\"en_US\" \/>\n<meta property=\"og:type\" content=\"article\" \/>\n<meta property=\"og:title\" content=\"Painel de LED para Manuten\u00e7\u00e3o Frontal S\u00e9rie TIB | Reparos R\u00e1pidos e Simples | TELALED\" \/>\n<meta property=\"og:description\" content=\"Economize tempo com Painel de LED para Manuten\u00e7\u00e3o Frontal S\u00e9rie TIB. N\u00e3o \u00e9 necess\u00e1rio espa\u00e7o na parte traseira. Solicite um or\u00e7amento hoje mesmo e agilize a configura\u00e7\u00e3o do seu display.\" \/>\n<meta property=\"og:url\" content=\"https:\/\/www.telaled.com\/en\/fabrica\/painel-de-led-para-manutencao-frontal-serie-tib\/\" \/>\n<meta property=\"og:site_name\" content=\"TELALED\" \/>\n<meta property=\"article:modified_time\" content=\"2026-01-05T02:48:37+00:00\" \/>\n<meta property=\"og:image\" content=\"https:\/\/www.telaled.com\/wp-content\/uploads\/2025\/08\/painel-de-led-para-manutencao-frontal.webp\" \/>\n\t<meta property=\"og:image:width\" content=\"500\" \/>\n\t<meta property=\"og:image:height\" content=\"500\" \/>\n\t<meta property=\"og:image:type\" content=\"image\/webp\" \/>\n<meta name=\"twitter:card\" content=\"summary_large_image\" \/>\n<meta name=\"twitter:label1\" content=\"Est. reading time\" \/>\n\t<meta name=\"twitter:data1\" content=\"3 minutes\" \/>\n<script type=\"application\/ld+json\" class=\"yoast-schema-graph\">{\"@context\":\"https:\\\/\\\/schema.org\",\"@graph\":[{\"@type\":\"WebPage\",\"@id\":\"https:\\\/\\\/www.telaled.com\\\/fabrica\\\/painel-de-led-para-manutencao-frontal-serie-tib\\\/\",\"url\":\"https:\\\/\\\/www.telaled.com\\\/fabrica\\\/painel-de-led-para-manutencao-frontal-serie-tib\\\/\",\"name\":\"Painel de LED para Manuten\u00e7\u00e3o Frontal S\u00e9rie TIB | Reparos R\u00e1pidos e Simples | TELALED\",\"isPartOf\":{\"@id\":\"https:\\\/\\\/www.telaled.com\\\/#website\"},\"primaryImageOfPage\":{\"@id\":\"https:\\\/\\\/www.telaled.com\\\/fabrica\\\/painel-de-led-para-manutencao-frontal-serie-tib\\\/#primaryimage\"},\"image\":{\"@id\":\"https:\\\/\\\/www.telaled.com\\\/fabrica\\\/painel-de-led-para-manutencao-frontal-serie-tib\\\/#primaryimage\"},\"thumbnailUrl\":\"https:\\\/\\\/www.telaled.com\\\/wp-content\\\/uploads\\\/2025\\\/08\\\/painel-de-led-para-manutencao-frontal.webp\",\"datePublished\":\"2025-08-04T01:34:42+00:00\",\"dateModified\":\"2026-01-05T02:48:37+00:00\",\"description\":\"Economize tempo com Painel de LED para Manuten\u00e7\u00e3o Frontal S\u00e9rie TIB. N\u00e3o \u00e9 necess\u00e1rio espa\u00e7o na parte traseira. Solicite um or\u00e7amento hoje mesmo e agilize a configura\u00e7\u00e3o do seu display.\",\"breadcrumb\":{\"@id\":\"https:\\\/\\\/www.telaled.com\\\/fabrica\\\/painel-de-led-para-manutencao-frontal-serie-tib\\\/#breadcrumb\"},\"inLanguage\":\"en-US\",\"potentialAction\":[{\"@type\":\"ReadAction\",\"target\":[\"https:\\\/\\\/www.telaled.com\\\/fabrica\\\/painel-de-led-para-manutencao-frontal-serie-tib\\\/\"]}]},{\"@type\":\"ImageObject\",\"inLanguage\":\"en-US\",\"@id\":\"https:\\\/\\\/www.telaled.com\\\/fabrica\\\/painel-de-led-para-manutencao-frontal-serie-tib\\\/#primaryimage\",\"url\":\"https:\\\/\\\/www.telaled.com\\\/wp-content\\\/uploads\\\/2025\\\/08\\\/painel-de-led-para-manutencao-frontal.webp\",\"contentUrl\":\"https:\\\/\\\/www.telaled.com\\\/wp-content\\\/uploads\\\/2025\\\/08\\\/painel-de-led-para-manutencao-frontal.webp\",\"width\":500,\"height\":500,\"caption\":\"painel-de-led-para-manuten\u00e7\u00e3o-frontal\"},{\"@type\":\"BreadcrumbList\",\"@id\":\"https:\\\/\\\/www.telaled.com\\\/fabrica\\\/painel-de-led-para-manutencao-frontal-serie-tib\\\/#breadcrumb\",\"itemListElement\":[{\"@type\":\"ListItem\",\"position\":1,\"name\":\"Home\",\"item\":\"https:\\\/\\\/www.telaled.com\\\/\"},{\"@type\":\"ListItem\",\"position\":2,\"name\":\"Produtos\",\"item\":\"https:\\\/\\\/www.telaled.com\\\/shop\\\/\"},{\"@type\":\"ListItem\",\"position\":3,\"name\":\"Painel de LED para Manuten\u00e7\u00e3o Frontal S\u00e9rie TIB\"}]},{\"@type\":\"WebSite\",\"@id\":\"https:\\\/\\\/www.telaled.com\\\/#website\",\"url\":\"https:\\\/\\\/www.telaled.com\\\/\",\"name\":\"TELALED\",\"description\":\"\",\"potentialAction\":[{\"@type\":\"SearchAction\",\"target\":{\"@type\":\"EntryPoint\",\"urlTemplate\":\"https:\\\/\\\/www.telaled.com\\\/?s={search_term_string}\"},\"query-input\":{\"@type\":\"PropertyValueSpecification\",\"valueRequired\":true,\"valueName\":\"search_term_string\"}}],\"inLanguage\":\"en-US\"}]}<\/script>\n<!-- \/ Yoast SEO plugin. -->","yoast_head_json":{"title":"TIB Series Front Maintenance LED Panel | Quick and Simple Repairs | TELALED","description":"Save time with the TIB Series Front-Mounted LED Display. No rear-facing space required. Request a quote today and speed up your display setup.","robots":{"index":"index","follow":"follow","max-snippet":"max-snippet:-1","max-image-preview":"max-image-preview:large","max-video-preview":"max-video-preview:-1"},"canonical":"https:\/\/www.telaled.com\/en\/fabrica\/painel-de-led-para-manutencao-frontal-serie-tib\/","og_locale":"en_US","og_type":"article","og_title":"Painel de LED para Manuten\u00e7\u00e3o Frontal S\u00e9rie TIB | Reparos R\u00e1pidos e Simples | TELALED","og_description":"Economize tempo com Painel de LED para Manuten\u00e7\u00e3o Frontal S\u00e9rie TIB. N\u00e3o \u00e9 necess\u00e1rio espa\u00e7o na parte traseira. Solicite um or\u00e7amento hoje mesmo e agilize a configura\u00e7\u00e3o do seu display.","og_url":"https:\/\/www.telaled.com\/en\/fabrica\/painel-de-led-para-manutencao-frontal-serie-tib\/","og_site_name":"TELALED","article_modified_time":"2026-01-05T02:48:37+00:00","og_image":[{"width":500,"height":500,"url":"https:\/\/www.telaled.com\/wp-content\/uploads\/2025\/08\/painel-de-led-para-manutencao-frontal.webp","type":"image\/webp"}],"twitter_card":"summary_large_image","twitter_misc":{"Est. reading time":"3 minutes"},"schema":{"@context":"https:\/\/schema.org","@graph":[{"@type":"WebPage","@id":"https:\/\/www.telaled.com\/fabrica\/painel-de-led-para-manutencao-frontal-serie-tib\/","url":"https:\/\/www.telaled.com\/fabrica\/painel-de-led-para-manutencao-frontal-serie-tib\/","name":"TIB Series Front Maintenance LED Panel | Quick and Simple Repairs | TELALED","isPartOf":{"@id":"https:\/\/www.telaled.com\/#website"},"primaryImageOfPage":{"@id":"https:\/\/www.telaled.com\/fabrica\/painel-de-led-para-manutencao-frontal-serie-tib\/#primaryimage"},"image":{"@id":"https:\/\/www.telaled.com\/fabrica\/painel-de-led-para-manutencao-frontal-serie-tib\/#primaryimage"},"thumbnailUrl":"https:\/\/www.telaled.com\/wp-content\/uploads\/2025\/08\/painel-de-led-para-manutencao-frontal.webp","datePublished":"2025-08-04T01:34:42+00:00","dateModified":"2026-01-05T02:48:37+00:00","description":"Save time with the TIB Series Front-Mounted LED Display. No rear-facing space required. Request a quote today and speed up your display setup.","breadcrumb":{"@id":"https:\/\/www.telaled.com\/fabrica\/painel-de-led-para-manutencao-frontal-serie-tib\/#breadcrumb"},"inLanguage":"en-US","potentialAction":[{"@type":"ReadAction","target":["https:\/\/www.telaled.com\/fabrica\/painel-de-led-para-manutencao-frontal-serie-tib\/"]}]},{"@type":"ImageObject","inLanguage":"en-US","@id":"https:\/\/www.telaled.com\/fabrica\/painel-de-led-para-manutencao-frontal-serie-tib\/#primaryimage","url":"https:\/\/www.telaled.com\/wp-content\/uploads\/2025\/08\/painel-de-led-para-manutencao-frontal.webp","contentUrl":"https:\/\/www.telaled.com\/wp-content\/uploads\/2025\/08\/painel-de-led-para-manutencao-frontal.webp","width":500,"height":500,"caption":"painel-de-led-para-manuten\u00e7\u00e3o-frontal"},{"@type":"BreadcrumbList","@id":"https:\/\/www.telaled.com\/fabrica\/painel-de-led-para-manutencao-frontal-serie-tib\/#breadcrumb","itemListElement":[{"@type":"ListItem","position":1,"name":"Home","item":"https:\/\/www.telaled.com\/"},{"@type":"ListItem","position":2,"name":"Produtos","item":"https:\/\/www.telaled.com\/shop\/"},{"@type":"ListItem","position":3,"name":"Painel de LED para Manuten\u00e7\u00e3o Frontal S\u00e9rie TIB"}]},{"@type":"WebSite","@id":"https:\/\/www.telaled.com\/#website","url":"https:\/\/www.telaled.com\/","name":"LED screen","description":"","potentialAction":[{"@type":"SearchAction","target":{"@type":"EntryPoint","urlTemplate":"https:\/\/www.telaled.com\/?s={search_term_string}"},"query-input":{"@type":"PropertyValueSpecification","valueRequired":true,"valueName":"search_term_string"}}],"inLanguage":"en-US"}]}},"_links":{"self":[{"href":"https:\/\/www.telaled.com\/en\/wp-json\/wp\/v2\/product\/2843","targetHints":{"allow":["GET"]}}],"collection":[{"href":"https:\/\/www.telaled.com\/en\/wp-json\/wp\/v2\/product"}],"about":[{"href":"https:\/\/www.telaled.com\/en\/wp-json\/wp\/v2\/types\/product"}],"wp:featuredmedia":[{"embeddable":true,"href":"https:\/\/www.telaled.com\/en\/wp-json\/wp\/v2\/media\/2844"}],"wp:attachment":[{"href":"https:\/\/www.telaled.com\/en\/wp-json\/wp\/v2\/media?parent=2843"}],"wp:term":[{"taxonomy":"product_brand","embeddable":true,"href":"https:\/\/www.telaled.com\/en\/wp-json\/wp\/v2\/product_brand?post=2843"},{"taxonomy":"product_cat","embeddable":true,"href":"https:\/\/www.telaled.com\/en\/wp-json\/wp\/v2\/product_cat?post=2843"},{"taxonomy":"product_tag","embeddable":true,"href":"https:\/\/www.telaled.com\/en\/wp-json\/wp\/v2\/product_tag?post=2843"}],"curies":[{"name":"wp","href":"https:\/\/api.w.org\/{rel}","templated":true}]}}