{"id":2777,"date":"2025-07-29T01:56:28","date_gmt":"2025-07-29T01:56:28","guid":{"rendered":"https:\/\/www.telaled.com\/?post_type=product&#038;p=2777"},"modified":"2026-01-05T01:49:24","modified_gmt":"2026-01-05T01:49:24","slug":"painel-led-economizador-de-energia-serie-toc","status":"publish","type":"product","link":"https:\/\/www.telaled.com\/en\/fabrica\/painel-led-economizador-de-energia-serie-toc\/","title":{"rendered":"TOC Series Energy Saving LED Panel"},"content":{"rendered":"<div class=\"row\"  id=\"row-217340051\">\n\n\t<div id=\"col-1141883757\" class=\"col small-12 large-12\"  >\n\t\t\t\t<div class=\"col-inner\"  >\n\t\t\t\n\t\t\t\n<h2>Exclusive Advantages of the TOC Series Energy Saving LED Panel<\/h2>\n<h3><strong>Superior Durability<\/strong><\/h3>\n<ul>\n<li>The modular design of the 960 mm x 960 mm cabinet and the 480 mm x 320 mm panel, weighing only \u2264 26.5 kg per cabinet, allows for quick installation, disassembly, and easy transport.<\/li>\n<li>It utilizes advanced LED encapsulation. <a href=\"https:\/\/www.telaled.com\/en\/led-smd\/\">SMD<\/a> 3 in 1, integrating red, green and blue LEDs for superior color accuracy and brightness.<\/li>\n<\/ul>\n<h3><strong>Exceptional Visual Quality<\/strong><\/h3>\n<ul>\n<li>High refresh rate up to \u22653840HZ<\/li>\n<li>Wide 140\u00b0\/140\u00b0 viewing angle<\/li>\n<\/ul>\n<h3><strong>Complete Adaptability<\/strong><\/h3>\n<ul>\n<li>IP65 waterproof protection and die-cast aluminum chassis for outdoor use.<\/li>\n<li>Brightness up to 6000 cd\/m2<\/li>\n<\/ul>\n<h3><strong>Comprehensive Support<\/strong><\/h3>\n<ul>\n<li>24\/7 Remote Technical Support \u2013 Available whenever you need assistance.<\/li>\n<li>5% of spare parts included \u2013 Enjoy greater peace of mind.<\/li>\n<li>3-Year Extended Warranty \u2013 Benefit from long-term reliability and comprehensive support.<\/li>\n<\/ul>\n<h2>Product details<\/h2>\n<div class=\"row\"  id=\"row-249021810\">\n\n\t<div id=\"col-776142347\" class=\"col medium-10 small-12 large-10\"  >\n\t\t\t\t<div class=\"col-inner text-left\"  >\n\t\t\t\n\t\t\t\n<ul>\n<li>Excellent design with positioning pin, module handle, safety lanyard, frame lock, hidden cable groove and more.<\/li>\n<\/ul>\n\t<div class=\"img has-hover x md-x lg-x y md-y lg-y\" id=\"image_1577203295\">\n\t\t\t\t\t\t\t\t<div class=\"img-inner dark\" >\n\t\t\t<img loading=\"lazy\" decoding=\"async\" width=\"753\" height=\"533\" src=\"https:\/\/www.telaled.com\/wp-content\/uploads\/2025\/07\/Excelente-design-de-gabinete.webp\" class=\"attachment-original size-original\" alt=\"Excellent cabinet design\" srcset=\"https:\/\/www.telaled.com\/wp-content\/uploads\/2025\/07\/Excelente-design-de-gabinete.webp 753w, https:\/\/www.telaled.com\/wp-content\/uploads\/2025\/07\/Excelente-design-de-gabinete-300x212.webp 300w, https:\/\/www.telaled.com\/wp-content\/uploads\/2025\/07\/Excelente-design-de-gabinete-18x12.webp 18w, https:\/\/www.telaled.com\/wp-content\/uploads\/2025\/07\/Excelente-design-de-gabinete-600x425.webp 600w\" sizes=\"auto, (max-width: 753px) 100vw, 753px\" \/>\t\t\t\t\t\t\n\t\t\t\t\t<\/div>\n\t\t\t\t\t\t\t\t\n<style>\n#image_1577203295 {\n  width: 95%;\n}\n<\/style>\n\t<\/div>\n\t\n\t\t<\/div>\n\t\t\t\t\t<\/div>\n\n\t\n\n\t<div id=\"col-381176901\" class=\"col medium-10 small-12 large-10\"  >\n\t\t\t\t<div class=\"col-inner text-left\"  >\n\t\t\t\n\t\t\t\n<ul>\n<li>Good heat dissipation performance. High brightness with 10,000 nits. Longer lifespan than traditional LED displays.<\/li>\n<\/ul>\n\t<div class=\"img has-hover x md-x lg-x y md-y lg-y\" id=\"image_1954285079\">\n\t\t\t\t\t\t\t\t<div class=\"img-inner dark\" >\n\t\t\t<img loading=\"lazy\" decoding=\"async\" width=\"640\" height=\"430\" src=\"https:\/\/www.telaled.com\/wp-content\/uploads\/2025\/07\/Resfriamento-de-alta-eficiencia.webp\" class=\"attachment-large size-large\" alt=\"High-efficiency cooling\" srcset=\"https:\/\/www.telaled.com\/wp-content\/uploads\/2025\/07\/Resfriamento-de-alta-eficiencia.webp 640w, https:\/\/www.telaled.com\/wp-content\/uploads\/2025\/07\/Resfriamento-de-alta-eficiencia-300x202.webp 300w, https:\/\/www.telaled.com\/wp-content\/uploads\/2025\/07\/Resfriamento-de-alta-eficiencia-18x12.webp 18w, https:\/\/www.telaled.com\/wp-content\/uploads\/2025\/07\/Resfriamento-de-alta-eficiencia-600x403.webp 600w\" sizes=\"auto, (max-width: 640px) 100vw, 640px\" \/>\t\t\t\t\t\t\n\t\t\t\t\t<\/div>\n\t\t\t\t\t\t\t\t\n<style>\n#image_1954285079 {\n  width: 95%;\n}\n<\/style>\n\t<\/div>\n\t\n<ul>\n<li>This LED display supports <a href=\"https:\/\/www.telaled.com\/en\/fabrica\/painel-de-led-para-manutencao-frontal-serie-tib\/\">front maintenance<\/a> and rear, offering greater flexibility for various installation environments.<\/li>\n<\/ul>\n\t<div class=\"img has-hover x md-x lg-x y md-y lg-y\" id=\"image_197064686\">\n\t\t\t\t\t\t\t\t<div class=\"img-inner dark\" >\n\t\t\t<img loading=\"lazy\" decoding=\"async\" width=\"640\" height=\"430\" src=\"https:\/\/www.telaled.com\/wp-content\/uploads\/2025\/07\/Manutencao-Frontal-e-Traseira.webp\" class=\"attachment-large size-large\" alt=\"Front and Rear Maintenance\" srcset=\"https:\/\/www.telaled.com\/wp-content\/uploads\/2025\/07\/Manutencao-Frontal-e-Traseira.webp 640w, https:\/\/www.telaled.com\/wp-content\/uploads\/2025\/07\/Manutencao-Frontal-e-Traseira-300x202.webp 300w, https:\/\/www.telaled.com\/wp-content\/uploads\/2025\/07\/Manutencao-Frontal-e-Traseira-18x12.webp 18w, https:\/\/www.telaled.com\/wp-content\/uploads\/2025\/07\/Manutencao-Frontal-e-Traseira-600x403.webp 600w\" sizes=\"auto, (max-width: 640px) 100vw, 640px\" \/>\t\t\t\t\t\t\n\t\t\t\t\t<\/div>\n\t\t\t\t\t\t\t\t\n<style>\n#image_197064686 {\n  width: 95%;\n}\n<\/style>\n\t<\/div>\n\t\n\t\t<\/div>\n\t\t\t\t\t<\/div>\n\n\t\n\n\t<div id=\"col-759972032\" class=\"col medium-10 small-12 large-10\"  >\n\t\t\t\t<div class=\"col-inner text-left\"  >\n\t\t\t\n\t\t\t\n<ul>\n<li>LED displays are packaged according to their type and use. Complete displays are placed in wooden crates for better support. LED modules are shipped in cardboard boxes. Rental displays are handled differently; they are packaged in air freight crates. Some items are placed in simple crates, but reinforced with wooden frames for added protection.<\/li>\n<\/ul>\n\t<div class=\"img has-hover x md-x lg-x y md-y lg-y\" id=\"image_769415350\">\n\t\t\t\t\t\t\t\t<div class=\"img-inner dark\" >\n\t\t\t<img loading=\"lazy\" decoding=\"async\" width=\"760\" height=\"1024\" src=\"https:\/\/www.telaled.com\/wp-content\/uploads\/2025\/06\/Embalagem-760x1024.webp\" class=\"attachment-large size-large\" alt=\"Packaging\" srcset=\"https:\/\/www.telaled.com\/wp-content\/uploads\/2025\/06\/Embalagem-760x1024.webp 760w, https:\/\/www.telaled.com\/wp-content\/uploads\/2025\/06\/Embalagem-223x300.webp 223w, https:\/\/www.telaled.com\/wp-content\/uploads\/2025\/06\/Embalagem-768x1035.webp 768w, https:\/\/www.telaled.com\/wp-content\/uploads\/2025\/06\/Embalagem-9x12.webp 9w, https:\/\/www.telaled.com\/wp-content\/uploads\/2025\/06\/Embalagem-600x808.webp 600w, https:\/\/www.telaled.com\/wp-content\/uploads\/2025\/06\/Embalagem.webp 795w\" sizes=\"auto, (max-width: 760px) 100vw, 760px\" \/>\t\t\t\t\t\t\n\t\t\t\t\t<\/div>\n\t\t\t\t\t\t\t\t\n<style>\n#image_769415350 {\n  width: 95%;\n}\n<\/style>\n\t<\/div>\n\t\n\t\t<\/div>\n\t\t\t\t\t<\/div>\n\n\t\n<\/div>\n\t\t<\/div>\n\t\t\t\t\t<\/div>\n\n\t\n\n\t<div id=\"col-1555710030\" class=\"col small-12 large-12\"  >\n\t\t\t\t<div class=\"col-inner\"  >\n\t\t\t\n\t\t\t\n<div class=\"row\"  id=\"row-498824383\">\n\n\t<div id=\"col-103416558\" class=\"col medium-10 small-12 large-10\"  >\n\t\t\t\t<div class=\"col-inner\"  >\n\t\t\t\n\t\t\t\n\n<table id=\"tablepress-47\" class=\"tablepress tablepress-id-47\">\n<thead>\n<tr class=\"row-1\">\n\t<th class=\"column-1\">Model<\/th><th class=\"column-2\">TOB - 3.91<\/th><th class=\"column-3\">TOB - 4.81<\/th><th class=\"column-4\">TOB - 6.25<\/th><th class=\"column-5\">TOB - 7.81<\/th><th class=\"column-6\">TOB - 10.42<\/th>\n<\/tr>\n<\/thead>\n<tbody class=\"row-striping row-hover\">\n<tr class=\"row-2\">\n\t<td class=\"column-1\">Pixel pitch<\/td><td class=\"column-2\">3.91mm<\/td><td class=\"column-3\">4.81mm<\/td><td class=\"column-4\">6.25mm<\/td><td class=\"column-5\">7.81mm<\/td><td class=\"column-6\">10.42mm<\/td>\n<\/tr>\n<tr class=\"row-3\">\n\t<td class=\"column-1\">SMD type<\/td><td class=\"column-2\">SMD1921<\/td><td class=\"column-3\">SMD1921<\/td><td class=\"column-4\">SMD2727<\/td><td class=\"column-5\">SMD2727<\/td><td class=\"column-6\">SMD2727<\/td>\n<\/tr>\n<tr class=\"row-4\">\n\t<td class=\"column-1\">Physical Density (points\/m\u00b2)<\/td><td class=\"column-2\"><br \/>\n65536<\/td><td class=\"column-3\"><br \/>\n43264<\/td><td class=\"column-4\"><br \/>\n25600<\/td><td class=\"column-5\"><br \/>\n16384<\/td><td class=\"column-6\"><br \/>\n9216<\/td>\n<\/tr>\n<tr class=\"row-5\">\n\t<td class=\"column-1\">Module Resolution<\/td><td class=\"column-2\">128x64<\/td><td class=\"column-3\">104x52<\/td><td class=\"column-4\">80x40<\/td><td class=\"column-5\">64x32<\/td><td class=\"column-6\">48x24<\/td>\n<\/tr>\n<tr class=\"row-6\">\n\t<td class=\"column-1\">Panel dimension (WxH\/mm)<\/td><td class=\"column-2\"><br \/>\n500x250<\/td><td class=\"column-3\"><br \/>\n500x250<\/td><td class=\"column-4\"><br \/>\n500x250<\/td><td class=\"column-5\"><br \/>\n500x250<\/td><td class=\"column-6\"><br \/>\n500x250<\/td>\n<\/tr>\n<tr class=\"row-7\">\n\t<td class=\"column-1\">Module size (mm)<\/td><td class=\"column-2\">1000x1000x83<\/td><td class=\"column-3\">1000x1000x83<\/td><td class=\"column-4\">1000x1000x83<\/td><td class=\"column-5\">1000x1000x83<\/td><td class=\"column-6\">1000x1000x83<\/td>\n<\/tr>\n<tr class=\"row-8\">\n\t<td class=\"column-1\">Panel resolution<\/td><td class=\"column-2\">256x256<\/td><td class=\"column-3\">208x208<\/td><td class=\"column-4\">160x160<\/td><td class=\"column-5\">128x128<\/td><td class=\"column-6\">96x96<\/td>\n<\/tr>\n<tr class=\"row-9\">\n\t<td class=\"column-1\">Number of modules (WxH)<\/td><td class=\"column-2\"><br \/>\n2x4<\/td><td class=\"column-3\"><br \/>\n2x4<\/td><td class=\"column-4\"><br \/>\n2x4<\/td><td class=\"column-5\"><br \/>\n2x4<\/td><td class=\"column-6\"><br \/>\n2x4<\/td>\n<\/tr>\n<tr class=\"row-10\">\n\t<td class=\"column-1\">Panel weight (kg)<\/td><td class=\"column-2\">22.5<\/td><td class=\"column-3\">22.5<\/td><td class=\"column-4\">22.5<\/td><td class=\"column-5\">22.5<\/td><td class=\"column-6\">22.5<\/td>\n<\/tr>\n<tr class=\"row-11\">\n\t<td class=\"column-1\">Maintenance mode<\/td><td class=\"column-2\">Front &amp; Rear<\/td><td class=\"column-3\">Front &amp; Rear<\/td><td class=\"column-4\">Front &amp; Rear<\/td><td class=\"column-5\">Front &amp; Rear<\/td><td class=\"column-6\">Front &amp; Rear<\/td>\n<\/tr>\n<tr class=\"row-12\">\n\t<td class=\"column-1\">Shine (Nits)<\/td><td class=\"column-2\">6000<\/td><td class=\"column-3\">6000<\/td><td class=\"column-4\">6000<\/td><td class=\"column-5\">6000<\/td><td class=\"column-6\">6000<\/td>\n<\/tr>\n<tr class=\"row-13\">\n\t<td class=\"column-1\">Color temperature (K)<\/td><td class=\"column-2\">1000-18500 Adjustable<\/td><td class=\"column-3\">1000-18500 Adjustable<\/td><td class=\"column-4\">1000-18500 Adjustable<\/td><td class=\"column-5\">1000-18500 Adjustable<\/td><td class=\"column-6\">1000-18500 Adjustable<\/td>\n<\/tr>\n<tr class=\"row-14\">\n\t<td class=\"column-1\">Viewing angle (H\/V)<\/td><td class=\"column-2\">140\u00b0\/160\u00b0<\/td><td class=\"column-3\">140\u00b0\/160\u00b0<\/td><td class=\"column-4\">140\u00b0\/160\u00b0<\/td><td class=\"column-5\">140\u00b0\/160\u00b0<\/td><td class=\"column-6\">140\u00b0\/160\u00b0<\/td>\n<\/tr>\n<tr class=\"row-15\">\n\t<td class=\"column-1\">Best viewing distance<\/td><td class=\"column-2\"><br \/>\n4-100m<\/td><td class=\"column-3\"><br \/>\n4-100m<\/td><td class=\"column-4\"><br \/>\n6-150m<\/td><td class=\"column-5\"><br \/>\n8-150m<\/td><td class=\"column-6\"><br \/>\n10-200m<\/td>\n<\/tr>\n<tr class=\"row-16\">\n\t<td class=\"column-1\">Contrast ratio<\/td><td class=\"column-2\">10000:1<\/td><td class=\"column-3\">10000:1<\/td><td class=\"column-4\">10000:1<\/td><td class=\"column-5\">10000:1<\/td><td class=\"column-6\">10000:1<\/td>\n<\/tr>\n<tr class=\"row-17\">\n\t<td class=\"column-1\">Frame change frequency (Hz)<\/td><td class=\"column-2\">50\/60<\/td><td class=\"column-3\">50\/60<\/td><td class=\"column-4\">50\/60<\/td><td class=\"column-5\">50\/60<\/td><td class=\"column-6\">50\/60<\/td>\n<\/tr>\n<tr class=\"row-18\">\n\t<td class=\"column-1\">Driving mode<\/td><td class=\"column-2\">Constant current 1\/16<\/td><td class=\"column-3\">Constant current 1\/13<\/td><td class=\"column-4\">Constant current 1\/8<\/td><td class=\"column-5\">Constant current 1\/8<\/td><td class=\"column-6\">Constant current 1\/8<\/td>\n<\/tr>\n<tr class=\"row-19\">\n\t<td class=\"column-1\">Gray level<\/td><td class=\"column-2\">16bit<\/td><td class=\"column-3\">16bit<\/td><td class=\"column-4\">16bit<\/td><td class=\"column-5\">16bit<\/td><td class=\"column-6\">16bit<\/td>\n<\/tr>\n<tr class=\"row-20\">\n\t<td class=\"column-1\">Refresh rate (Hz)<\/td><td class=\"column-2\">3840<\/td><td class=\"column-3\">3840<\/td><td class=\"column-4\">3840<\/td><td class=\"column-5\">3840<\/td><td class=\"column-6\">3840<\/td>\n<\/tr>\n<tr class=\"row-21\">\n\t<td class=\"column-1\">Working Temperature\/Humidity (\u00b0C\/RH)<\/td><td class=\"column-2\"><br \/>\n-20~60\u00b0C\/10%~85%<\/td><td class=\"column-3\"><br \/>\n-20~60\u00b0C\/10%~85%<\/td><td class=\"column-4\"><br \/>\n-20~60\u00b0C\/10%~85%<\/td><td class=\"column-5\"><br \/>\n-20~60\u00b0C\/10%~85%<\/td><td class=\"column-6\"><br \/>\n-20~60\u00b0C\/10%~85%<\/td>\n<\/tr>\n<\/tbody>\n<\/table>\n<!-- #tablepress-47 from cache -->\n\t\t<\/div>\n\t\t\t\t\t<\/div>\n\n\t\n<\/div>\n\t\t<\/div>\n\t\t\t\t\t<\/div>\n\n\t\n<\/div>","protected":false},"excerpt":{"rendered":"<p><strong>TOC Series Energy Saving LED Display: Energy Saving LED Display with High Protection and Easy Installation<\/strong><\/p>\n<p>Our <em><strong>TOC Series Energy Saving LED Panel<\/strong><\/em> offers highly energy-efficient LED displays with very low power consumption. <a href=\"https:\/\/www.telaled.com\/en\/entendendo-o-consumo-de-energia-painel-de-led-quao-eficientes-sao-os-displays-de-led-modernos\/\">energy consumption<\/a> and IP65 protection. Its modular design, combined with ease of installation and maintenance, makes it the best choice for dynamic advertising solutions.<\/p>\n<p><strong>Main features:<\/strong><\/p>\n<ul>\n<li><strong>Energy Efficiency:<\/strong> Common Cathode technology significantly reduces energy consumption and heat generation.<\/li>\n<li><strong>Flexible Maintenance:<\/strong> The front and rear access design makes maintenance quick and easy, reducing downtime.<\/li>\n<li><strong>Customizable Sizes:<\/strong> Available in various pixel sizes (P4.44, P5.7, P6.66, P8, P10) to suit different viewing distances and applications.<\/li>\n<\/ul>\n<p>The modular design of the 960mm x 960mm cabinet and 480mm x 320mm panel, weighing only 25kg per cabinet, allows for quick installation, disassembly and easy transportation.<\/p>\n<p>24\/7 remote support and a 3-year warranty come standard. Contact us today for a personalized quote.<\/p>","protected":false},"featured_media":2779,"template":"","meta":[],"product_brand":[],"product_cat":[40,46],"product_tag":[],"class_list":{"0":"post-2777","1":"product","2":"type-product","3":"status-publish","4":"has-post-thumbnail","6":"product_cat-painel-de-led","7":"product_cat-painel-de-video","9":"first","10":"instock","11":"shipping-taxable","12":"product-type-simple"},"yoast_head":"<!-- This site is optimized with the Yoast SEO plugin v27.5 - https:\/\/yoast.com\/product\/yoast-seo-wordpress\/ -->\n<title>Painel LED Economizador de Energia S\u00e9rie TOC | Para Uma Solu\u00e7\u00e3o de Exibi\u00e7\u00e3o Eficiente | TELALED<\/title>\n<meta name=\"description\" content=\"Aumente a efici\u00eancia com os nossos pain\u00e9is LED energeticamente eficientes, concebidos para reduzir4 os custos de energia e proporcionar um ecr\u00e3 brilhante e consistente. Pe\u00e7a um or\u00e7amento agora mesmo!\" \/>\n<meta name=\"robots\" content=\"index, follow, max-snippet:-1, max-image-preview:large, max-video-preview:-1\" \/>\n<link rel=\"canonical\" href=\"https:\/\/www.telaled.com\/en\/fabrica\/painel-led-economizador-de-energia-serie-toc\/\" \/>\n<meta property=\"og:locale\" content=\"en_US\" \/>\n<meta property=\"og:type\" content=\"article\" \/>\n<meta property=\"og:title\" content=\"Painel LED Economizador de Energia S\u00e9rie TOC | Para Uma Solu\u00e7\u00e3o de Exibi\u00e7\u00e3o Eficiente | TELALED\" \/>\n<meta property=\"og:description\" content=\"Aumente a efici\u00eancia com os nossos pain\u00e9is LED energeticamente eficientes, concebidos para reduzir4 os custos de energia e proporcionar um ecr\u00e3 brilhante e consistente. Pe\u00e7a um or\u00e7amento agora mesmo!\" \/>\n<meta property=\"og:url\" content=\"https:\/\/www.telaled.com\/en\/fabrica\/painel-led-economizador-de-energia-serie-toc\/\" \/>\n<meta property=\"og:site_name\" content=\"TELALED\" \/>\n<meta property=\"article:modified_time\" content=\"2026-01-05T01:49:24+00:00\" \/>\n<meta property=\"og:image\" content=\"https:\/\/www.telaled.com\/wp-content\/uploads\/2025\/07\/Painel-LED-Economizador-de-Energia-Serie-TOC.jpg\" \/>\n\t<meta property=\"og:image:width\" content=\"500\" \/>\n\t<meta property=\"og:image:height\" content=\"500\" \/>\n\t<meta property=\"og:image:type\" content=\"image\/jpeg\" \/>\n<meta name=\"twitter:card\" content=\"summary_large_image\" \/>\n<meta name=\"twitter:label1\" content=\"Est. reading time\" \/>\n\t<meta name=\"twitter:data1\" content=\"2 minutes\" \/>\n<script type=\"application\/ld+json\" class=\"yoast-schema-graph\">{\"@context\":\"https:\\\/\\\/schema.org\",\"@graph\":[{\"@type\":\"WebPage\",\"@id\":\"https:\\\/\\\/www.telaled.com\\\/fabrica\\\/painel-led-economizador-de-energia-serie-toc\\\/\",\"url\":\"https:\\\/\\\/www.telaled.com\\\/fabrica\\\/painel-led-economizador-de-energia-serie-toc\\\/\",\"name\":\"Painel LED Economizador de Energia S\u00e9rie TOC | Para Uma Solu\u00e7\u00e3o de Exibi\u00e7\u00e3o Eficiente | TELALED\",\"isPartOf\":{\"@id\":\"https:\\\/\\\/www.telaled.com\\\/#website\"},\"primaryImageOfPage\":{\"@id\":\"https:\\\/\\\/www.telaled.com\\\/fabrica\\\/painel-led-economizador-de-energia-serie-toc\\\/#primaryimage\"},\"image\":{\"@id\":\"https:\\\/\\\/www.telaled.com\\\/fabrica\\\/painel-led-economizador-de-energia-serie-toc\\\/#primaryimage\"},\"thumbnailUrl\":\"https:\\\/\\\/www.telaled.com\\\/wp-content\\\/uploads\\\/2025\\\/07\\\/Painel-LED-Economizador-de-Energia-Serie-TOC.jpg\",\"datePublished\":\"2025-07-29T01:56:28+00:00\",\"dateModified\":\"2026-01-05T01:49:24+00:00\",\"description\":\"Aumente a efici\u00eancia com os nossos pain\u00e9is LED energeticamente eficientes, concebidos para reduzir4 os custos de energia e proporcionar um ecr\u00e3 brilhante e consistente. Pe\u00e7a um or\u00e7amento agora mesmo!\",\"breadcrumb\":{\"@id\":\"https:\\\/\\\/www.telaled.com\\\/fabrica\\\/painel-led-economizador-de-energia-serie-toc\\\/#breadcrumb\"},\"inLanguage\":\"en-US\",\"potentialAction\":[{\"@type\":\"ReadAction\",\"target\":[\"https:\\\/\\\/www.telaled.com\\\/fabrica\\\/painel-led-economizador-de-energia-serie-toc\\\/\"]}]},{\"@type\":\"ImageObject\",\"inLanguage\":\"en-US\",\"@id\":\"https:\\\/\\\/www.telaled.com\\\/fabrica\\\/painel-led-economizador-de-energia-serie-toc\\\/#primaryimage\",\"url\":\"https:\\\/\\\/www.telaled.com\\\/wp-content\\\/uploads\\\/2025\\\/07\\\/Painel-LED-Economizador-de-Energia-Serie-TOC.jpg\",\"contentUrl\":\"https:\\\/\\\/www.telaled.com\\\/wp-content\\\/uploads\\\/2025\\\/07\\\/Painel-LED-Economizador-de-Energia-Serie-TOC.jpg\",\"width\":500,\"height\":500},{\"@type\":\"BreadcrumbList\",\"@id\":\"https:\\\/\\\/www.telaled.com\\\/fabrica\\\/painel-led-economizador-de-energia-serie-toc\\\/#breadcrumb\",\"itemListElement\":[{\"@type\":\"ListItem\",\"position\":1,\"name\":\"Home\",\"item\":\"https:\\\/\\\/www.telaled.com\\\/\"},{\"@type\":\"ListItem\",\"position\":2,\"name\":\"Produtos\",\"item\":\"https:\\\/\\\/www.telaled.com\\\/shop\\\/\"},{\"@type\":\"ListItem\",\"position\":3,\"name\":\"Painel LED Economizador de Energia S\u00e9rie TOC\"}]},{\"@type\":\"WebSite\",\"@id\":\"https:\\\/\\\/www.telaled.com\\\/#website\",\"url\":\"https:\\\/\\\/www.telaled.com\\\/\",\"name\":\"TELALED\",\"description\":\"\",\"potentialAction\":[{\"@type\":\"SearchAction\",\"target\":{\"@type\":\"EntryPoint\",\"urlTemplate\":\"https:\\\/\\\/www.telaled.com\\\/?s={search_term_string}\"},\"query-input\":{\"@type\":\"PropertyValueSpecification\",\"valueRequired\":true,\"valueName\":\"search_term_string\"}}],\"inLanguage\":\"en-US\"}]}<\/script>\n<!-- \/ Yoast SEO plugin. -->","yoast_head_json":{"title":"TOC Series Energy Saving LED Panel | For Efficient Display Solution | TELALED","description":"Increase efficiency with our energy-efficient LED panels, designed to reduce energy costs and deliver a bright, consistent display. Request a quote now!","robots":{"index":"index","follow":"follow","max-snippet":"max-snippet:-1","max-image-preview":"max-image-preview:large","max-video-preview":"max-video-preview:-1"},"canonical":"https:\/\/www.telaled.com\/en\/fabrica\/painel-led-economizador-de-energia-serie-toc\/","og_locale":"en_US","og_type":"article","og_title":"Painel LED Economizador de Energia S\u00e9rie TOC | Para Uma Solu\u00e7\u00e3o de Exibi\u00e7\u00e3o Eficiente | TELALED","og_description":"Aumente a efici\u00eancia com os nossos pain\u00e9is LED energeticamente eficientes, concebidos para reduzir4 os custos de energia e proporcionar um ecr\u00e3 brilhante e consistente. Pe\u00e7a um or\u00e7amento agora mesmo!","og_url":"https:\/\/www.telaled.com\/en\/fabrica\/painel-led-economizador-de-energia-serie-toc\/","og_site_name":"TELALED","article_modified_time":"2026-01-05T01:49:24+00:00","og_image":[{"width":500,"height":500,"url":"https:\/\/www.telaled.com\/wp-content\/uploads\/2025\/07\/Painel-LED-Economizador-de-Energia-Serie-TOC.jpg","type":"image\/jpeg"}],"twitter_card":"summary_large_image","twitter_misc":{"Est. reading time":"2 minutes"},"schema":{"@context":"https:\/\/schema.org","@graph":[{"@type":"WebPage","@id":"https:\/\/www.telaled.com\/fabrica\/painel-led-economizador-de-energia-serie-toc\/","url":"https:\/\/www.telaled.com\/fabrica\/painel-led-economizador-de-energia-serie-toc\/","name":"TOC Series Energy Saving LED Panel | For Efficient Display Solution | TELALED","isPartOf":{"@id":"https:\/\/www.telaled.com\/#website"},"primaryImageOfPage":{"@id":"https:\/\/www.telaled.com\/fabrica\/painel-led-economizador-de-energia-serie-toc\/#primaryimage"},"image":{"@id":"https:\/\/www.telaled.com\/fabrica\/painel-led-economizador-de-energia-serie-toc\/#primaryimage"},"thumbnailUrl":"https:\/\/www.telaled.com\/wp-content\/uploads\/2025\/07\/Painel-LED-Economizador-de-Energia-Serie-TOC.jpg","datePublished":"2025-07-29T01:56:28+00:00","dateModified":"2026-01-05T01:49:24+00:00","description":"Increase efficiency with our energy-efficient LED panels, designed to reduce energy costs and deliver a bright, consistent display. Request a quote now!","breadcrumb":{"@id":"https:\/\/www.telaled.com\/fabrica\/painel-led-economizador-de-energia-serie-toc\/#breadcrumb"},"inLanguage":"en-US","potentialAction":[{"@type":"ReadAction","target":["https:\/\/www.telaled.com\/fabrica\/painel-led-economizador-de-energia-serie-toc\/"]}]},{"@type":"ImageObject","inLanguage":"en-US","@id":"https:\/\/www.telaled.com\/fabrica\/painel-led-economizador-de-energia-serie-toc\/#primaryimage","url":"https:\/\/www.telaled.com\/wp-content\/uploads\/2025\/07\/Painel-LED-Economizador-de-Energia-Serie-TOC.jpg","contentUrl":"https:\/\/www.telaled.com\/wp-content\/uploads\/2025\/07\/Painel-LED-Economizador-de-Energia-Serie-TOC.jpg","width":500,"height":500},{"@type":"BreadcrumbList","@id":"https:\/\/www.telaled.com\/fabrica\/painel-led-economizador-de-energia-serie-toc\/#breadcrumb","itemListElement":[{"@type":"ListItem","position":1,"name":"Home","item":"https:\/\/www.telaled.com\/"},{"@type":"ListItem","position":2,"name":"Produtos","item":"https:\/\/www.telaled.com\/shop\/"},{"@type":"ListItem","position":3,"name":"Painel LED Economizador de Energia S\u00e9rie TOC"}]},{"@type":"WebSite","@id":"https:\/\/www.telaled.com\/#website","url":"https:\/\/www.telaled.com\/","name":"LED screen","description":"","potentialAction":[{"@type":"SearchAction","target":{"@type":"EntryPoint","urlTemplate":"https:\/\/www.telaled.com\/?s={search_term_string}"},"query-input":{"@type":"PropertyValueSpecification","valueRequired":true,"valueName":"search_term_string"}}],"inLanguage":"en-US"}]}},"_links":{"self":[{"href":"https:\/\/www.telaled.com\/en\/wp-json\/wp\/v2\/product\/2777","targetHints":{"allow":["GET"]}}],"collection":[{"href":"https:\/\/www.telaled.com\/en\/wp-json\/wp\/v2\/product"}],"about":[{"href":"https:\/\/www.telaled.com\/en\/wp-json\/wp\/v2\/types\/product"}],"wp:featuredmedia":[{"embeddable":true,"href":"https:\/\/www.telaled.com\/en\/wp-json\/wp\/v2\/media\/2779"}],"wp:attachment":[{"href":"https:\/\/www.telaled.com\/en\/wp-json\/wp\/v2\/media?parent=2777"}],"wp:term":[{"taxonomy":"product_brand","embeddable":true,"href":"https:\/\/www.telaled.com\/en\/wp-json\/wp\/v2\/product_brand?post=2777"},{"taxonomy":"product_cat","embeddable":true,"href":"https:\/\/www.telaled.com\/en\/wp-json\/wp\/v2\/product_cat?post=2777"},{"taxonomy":"product_tag","embeddable":true,"href":"https:\/\/www.telaled.com\/en\/wp-json\/wp\/v2\/product_tag?post=2777"}],"curies":[{"name":"wp","href":"https:\/\/api.w.org\/{rel}","templated":true}]}}