{"id":2749,"date":"2025-07-28T02:20:18","date_gmt":"2025-07-28T02:20:18","guid":{"rendered":"https:\/\/www.telaled.com\/?post_type=product&#038;p=2749"},"modified":"2025-12-24T04:48:05","modified_gmt":"2025-12-24T04:48:05","slug":"painel-de-led-externo-serie-tob","status":"publish","type":"product","link":"https:\/\/www.telaled.com\/en\/fabrica\/painel-de-led-externo-serie-tob\/","title":{"rendered":"TOB Series Outdoor LED Panel"},"content":{"rendered":"<div class=\"row\"  id=\"row-305915340\">\n\n\t<div id=\"col-278225309\" class=\"col small-12 large-12\"  >\n\t\t\t\t<div class=\"col-inner\"  >\n\t\t\t\n\t\t\t\n<h2>Exclusive Advantages of the TOB Series Outdoor LED Panel<\/h2>\n<h3><strong>Superior Durability<\/strong><\/h3>\n<ul>\n<li>The TOB Series of outdoor LED displays utilizes lightweight cast aluminum enclosures with reinforced corners and an anti-corrosive coating. Designed to withstand vibration, heat, and outdoor exposure without warping or rusting.<\/li>\n<li>Equipped with high-quality black-faced SMD LEDs, each module is hermetically sealed for water and dust resistance. Maintains brightness, contrast, and color stability even in extreme weather conditions.<\/li>\n<\/ul>\n<h3><strong>Exceptional Visual Quality<\/strong><\/h3>\n<ul>\n<li>High refresh rate up to 3840Hz<\/li>\n<li>Wide viewing angle of 120\u00b0-160\u00b0<\/li>\n<\/ul>\n<h3><strong>Complete Adaptability<\/strong><\/h3>\n<ul>\n<li>IP65 rain\/dust protection for indoor\/outdoor use<\/li>\n<li>Working temperature: -20~60\u00b0C\/10%~85%<\/li>\n<\/ul>\n<h3><strong>Comprehensive Support<\/strong><\/h3>\n<ul>\n<li>24\/7 Online Remote Technical Support \u2013 Assistance whenever you need it.<\/li>\n<li>5% of spare parts included \u2013 Extra parts supplied with every delivery for added peace of mind.<\/li>\n<li>3-Year Extended Warranty: Enjoy long-term coverage for greater reliability and support.<\/li>\n<\/ul>\n<h2>Product details<\/h2>\n<div class=\"row\"  id=\"row-1088998763\">\n\n\t<div id=\"col-1681783675\" class=\"col medium-10 small-12 large-10\"  >\n\t\t\t\t<div class=\"col-inner text-left\"  >\n\t\t\t\n\t\t\t\n<ul>\n<li>High Refresh Rate &amp; High Grayscale: Offers high refresh rate and high grayscale, ensuring smooth, flicker-free visuals with exceptional detail and depth<\/li>\n<\/ul>\n\t<div class=\"img has-hover x md-x lg-x y md-y lg-y\" id=\"image_12255083\">\n\t\t\t\t\t\t\t\t<div class=\"img-inner dark\" >\n\t\t\t<img loading=\"lazy\" decoding=\"async\" width=\"968\" height=\"500\" src=\"https:\/\/www.telaled.com\/wp-content\/uploads\/2025\/07\/Alta-taxa-de-atualizacao-e-alta-escala-de-cinza.webp\" class=\"attachment-original size-original\" alt=\"High-refresh-rate-and-high-grayscale\" srcset=\"https:\/\/www.telaled.com\/wp-content\/uploads\/2025\/07\/Alta-taxa-de-atualizacao-e-alta-escala-de-cinza.webp 968w, https:\/\/www.telaled.com\/wp-content\/uploads\/2025\/07\/Alta-taxa-de-atualizacao-e-alta-escala-de-cinza-300x155.webp 300w, https:\/\/www.telaled.com\/wp-content\/uploads\/2025\/07\/Alta-taxa-de-atualizacao-e-alta-escala-de-cinza-768x397.webp 768w, https:\/\/www.telaled.com\/wp-content\/uploads\/2025\/07\/Alta-taxa-de-atualizacao-e-alta-escala-de-cinza-18x9.webp 18w, https:\/\/www.telaled.com\/wp-content\/uploads\/2025\/07\/Alta-taxa-de-atualizacao-e-alta-escala-de-cinza-600x310.webp 600w\" sizes=\"auto, (max-width: 968px) 100vw, 968px\" \/>\t\t\t\t\t\t\n\t\t\t\t\t<\/div>\n\t\t\t\t\t\t\t\t\n<style>\n#image_12255083 {\n  width: 95%;\n}\n<\/style>\n\t<\/div>\n\t\n\t\t<\/div>\n\t\t\t\t\t<\/div>\n\n\t\n\n\t<div id=\"col-1166616006\" class=\"col medium-10 small-12 large-10\"  >\n\t\t\t\t<div class=\"col-inner text-left\"  >\n\t\t\t\n\t\t\t\n<ul>\n<li>100,000-hour lifespan and less maintenance<\/li>\n<\/ul>\n\t<div class=\"img has-hover x md-x lg-x y md-y lg-y\" id=\"image_1196773471\">\n\t\t\t\t\t\t\t\t<div class=\"img-inner dark\" >\n\t\t\t<img loading=\"lazy\" decoding=\"async\" width=\"900\" height=\"540\" src=\"https:\/\/www.telaled.com\/wp-content\/uploads\/2025\/07\/Vida-util-de-100.000-horas-e-menos-manutencao.webp\" class=\"attachment-large size-large\" alt=\"100,000-hour lifespan and less maintenance\" srcset=\"https:\/\/www.telaled.com\/wp-content\/uploads\/2025\/07\/Vida-util-de-100.000-horas-e-menos-manutencao.webp 900w, https:\/\/www.telaled.com\/wp-content\/uploads\/2025\/07\/Vida-util-de-100.000-horas-e-menos-manutencao-300x180.webp 300w, https:\/\/www.telaled.com\/wp-content\/uploads\/2025\/07\/Vida-util-de-100.000-horas-e-menos-manutencao-768x461.webp 768w, https:\/\/www.telaled.com\/wp-content\/uploads\/2025\/07\/Vida-util-de-100.000-horas-e-menos-manutencao-18x12.webp 18w, https:\/\/www.telaled.com\/wp-content\/uploads\/2025\/07\/Vida-util-de-100.000-horas-e-menos-manutencao-600x360.webp 600w\" sizes=\"auto, (max-width: 900px) 100vw, 900px\" \/>\t\t\t\t\t\t\n\t\t\t\t\t<\/div>\n\t\t\t\t\t\t\t\t\n<style>\n#image_1196773471 {\n  width: 95%;\n}\n<\/style>\n\t<\/div>\n\t\n<ul>\n<li>Designed for complete front and rear maintenance, ensuring easy access and maintenance.<\/li>\n<\/ul>\n\t<div class=\"img has-hover x md-x lg-x y md-y lg-y\" id=\"image_604985974\">\n\t\t\t\t\t\t\t\t<div class=\"img-inner dark\" >\n\t\t\t<img loading=\"lazy\" decoding=\"async\" width=\"640\" height=\"430\" src=\"https:\/\/www.telaled.com\/wp-content\/uploads\/2025\/07\/Manutencao-completa-frontal-e-traseira.webp\" class=\"attachment-large size-large\" alt=\"Complete front and rear maintenance\" srcset=\"https:\/\/www.telaled.com\/wp-content\/uploads\/2025\/07\/Manutencao-completa-frontal-e-traseira.webp 640w, https:\/\/www.telaled.com\/wp-content\/uploads\/2025\/07\/Manutencao-completa-frontal-e-traseira-300x202.webp 300w, https:\/\/www.telaled.com\/wp-content\/uploads\/2025\/07\/Manutencao-completa-frontal-e-traseira-18x12.webp 18w, https:\/\/www.telaled.com\/wp-content\/uploads\/2025\/07\/Manutencao-completa-frontal-e-traseira-600x403.webp 600w\" sizes=\"auto, (max-width: 640px) 100vw, 640px\" \/>\t\t\t\t\t\t\n\t\t\t\t\t<\/div>\n\t\t\t\t\t\t\t\t\n<style>\n#image_604985974 {\n  width: 95%;\n}\n<\/style>\n\t<\/div>\n\t\n\t\t<\/div>\n\t\t\t\t\t<\/div>\n\n\t\n\n\t<div id=\"col-1286204433\" class=\"col medium-10 small-12 large-10\"  >\n\t\t\t\t<div class=\"col-inner text-left\"  >\n\t\t\t\n\t\t\t\n<ul>\n<li>LED displays are packaged according to their type and use. Complete displays are placed in wooden crates for better support. LED modules are shipped in cardboard boxes. Rental displays are handled differently; they are packaged in air freight crates. Some items are placed in simple crates, but reinforced with wooden frames for added protection.<\/li>\n<\/ul>\n\t<div class=\"img has-hover x md-x lg-x y md-y lg-y\" id=\"image_630518173\">\n\t\t\t\t\t\t\t\t<div class=\"img-inner dark\" >\n\t\t\t<img loading=\"lazy\" decoding=\"async\" width=\"760\" height=\"1024\" src=\"https:\/\/www.telaled.com\/wp-content\/uploads\/2025\/06\/Embalagem-760x1024.webp\" class=\"attachment-large size-large\" alt=\"Packaging\" srcset=\"https:\/\/www.telaled.com\/wp-content\/uploads\/2025\/06\/Embalagem-760x1024.webp 760w, https:\/\/www.telaled.com\/wp-content\/uploads\/2025\/06\/Embalagem-223x300.webp 223w, https:\/\/www.telaled.com\/wp-content\/uploads\/2025\/06\/Embalagem-768x1035.webp 768w, https:\/\/www.telaled.com\/wp-content\/uploads\/2025\/06\/Embalagem-9x12.webp 9w, https:\/\/www.telaled.com\/wp-content\/uploads\/2025\/06\/Embalagem-600x808.webp 600w, https:\/\/www.telaled.com\/wp-content\/uploads\/2025\/06\/Embalagem.webp 795w\" sizes=\"auto, (max-width: 760px) 100vw, 760px\" \/>\t\t\t\t\t\t\n\t\t\t\t\t<\/div>\n\t\t\t\t\t\t\t\t\n<style>\n#image_630518173 {\n  width: 95%;\n}\n<\/style>\n\t<\/div>\n\t\n\t\t<\/div>\n\t\t\t\t\t<\/div>\n\n\t\n<\/div>\n\t\t<\/div>\n\t\t\t\t\t<\/div>\n\n\t\n\n\t<div id=\"col-1458565681\" class=\"col small-12 large-12\"  >\n\t\t\t\t<div class=\"col-inner\"  >\n\t\t\t\n\t\t\t\n<div class=\"row\"  id=\"row-1947120734\">\n\n\t<div id=\"col-279944037\" class=\"col medium-10 small-12 large-10\"  >\n\t\t\t\t<div class=\"col-inner\"  >\n\t\t\t\n\t\t\t\n\n<table id=\"tablepress-47\" class=\"tablepress tablepress-id-47\">\n<thead>\n<tr class=\"row-1\">\n\t<th class=\"column-1\">Model<\/th><th class=\"column-2\">TOB - 3.91<\/th><th class=\"column-3\">TOB - 4.81<\/th><th class=\"column-4\">TOB - 6.25<\/th><th class=\"column-5\">TOB - 7.81<\/th><th class=\"column-6\">TOB - 10.42<\/th>\n<\/tr>\n<\/thead>\n<tbody class=\"row-striping row-hover\">\n<tr class=\"row-2\">\n\t<td class=\"column-1\">Pixel pitch<\/td><td class=\"column-2\">3.91mm<\/td><td class=\"column-3\">4.81mm<\/td><td class=\"column-4\">6.25mm<\/td><td class=\"column-5\">7.81mm<\/td><td class=\"column-6\">10.42mm<\/td>\n<\/tr>\n<tr class=\"row-3\">\n\t<td class=\"column-1\">SMD type<\/td><td class=\"column-2\">SMD1921<\/td><td class=\"column-3\">SMD1921<\/td><td class=\"column-4\">SMD2727<\/td><td class=\"column-5\">SMD2727<\/td><td class=\"column-6\">SMD2727<\/td>\n<\/tr>\n<tr class=\"row-4\">\n\t<td class=\"column-1\">Physical Density (points\/m\u00b2)<\/td><td class=\"column-2\"><br \/>\n65536<\/td><td class=\"column-3\"><br \/>\n43264<\/td><td class=\"column-4\"><br \/>\n25600<\/td><td class=\"column-5\"><br \/>\n16384<\/td><td class=\"column-6\"><br \/>\n9216<\/td>\n<\/tr>\n<tr class=\"row-5\">\n\t<td class=\"column-1\">Module Resolution<\/td><td class=\"column-2\">128x64<\/td><td class=\"column-3\">104x52<\/td><td class=\"column-4\">80x40<\/td><td class=\"column-5\">64x32<\/td><td class=\"column-6\">48x24<\/td>\n<\/tr>\n<tr class=\"row-6\">\n\t<td class=\"column-1\">Panel dimension (WxH\/mm)<\/td><td class=\"column-2\"><br \/>\n500x250<\/td><td class=\"column-3\"><br \/>\n500x250<\/td><td class=\"column-4\"><br \/>\n500x250<\/td><td class=\"column-5\"><br \/>\n500x250<\/td><td class=\"column-6\"><br \/>\n500x250<\/td>\n<\/tr>\n<tr class=\"row-7\">\n\t<td class=\"column-1\">Module size (mm)<\/td><td class=\"column-2\">1000x1000x83<\/td><td class=\"column-3\">1000x1000x83<\/td><td class=\"column-4\">1000x1000x83<\/td><td class=\"column-5\">1000x1000x83<\/td><td class=\"column-6\">1000x1000x83<\/td>\n<\/tr>\n<tr class=\"row-8\">\n\t<td class=\"column-1\">Panel resolution<\/td><td class=\"column-2\">256x256<\/td><td class=\"column-3\">208x208<\/td><td class=\"column-4\">160x160<\/td><td class=\"column-5\">128x128<\/td><td class=\"column-6\">96x96<\/td>\n<\/tr>\n<tr class=\"row-9\">\n\t<td class=\"column-1\">Number of modules (WxH)<\/td><td class=\"column-2\"><br \/>\n2x4<\/td><td class=\"column-3\"><br \/>\n2x4<\/td><td class=\"column-4\"><br \/>\n2x4<\/td><td class=\"column-5\"><br \/>\n2x4<\/td><td class=\"column-6\"><br \/>\n2x4<\/td>\n<\/tr>\n<tr class=\"row-10\">\n\t<td class=\"column-1\">Panel weight (kg)<\/td><td class=\"column-2\">22.5<\/td><td class=\"column-3\">22.5<\/td><td class=\"column-4\">22.5<\/td><td class=\"column-5\">22.5<\/td><td class=\"column-6\">22.5<\/td>\n<\/tr>\n<tr class=\"row-11\">\n\t<td class=\"column-1\">Maintenance mode<\/td><td class=\"column-2\">Front &amp; Rear<\/td><td class=\"column-3\">Front &amp; Rear<\/td><td class=\"column-4\">Front &amp; Rear<\/td><td class=\"column-5\">Front &amp; Rear<\/td><td class=\"column-6\">Front &amp; Rear<\/td>\n<\/tr>\n<tr class=\"row-12\">\n\t<td class=\"column-1\">Shine (Nits)<\/td><td class=\"column-2\">6000<\/td><td class=\"column-3\">6000<\/td><td class=\"column-4\">6000<\/td><td class=\"column-5\">6000<\/td><td class=\"column-6\">6000<\/td>\n<\/tr>\n<tr class=\"row-13\">\n\t<td class=\"column-1\">Color temperature (K)<\/td><td class=\"column-2\">1000-18500 Adjustable<\/td><td class=\"column-3\">1000-18500 Adjustable<\/td><td class=\"column-4\">1000-18500 Adjustable<\/td><td class=\"column-5\">1000-18500 Adjustable<\/td><td class=\"column-6\">1000-18500 Adjustable<\/td>\n<\/tr>\n<tr class=\"row-14\">\n\t<td class=\"column-1\">Viewing angle (H\/V)<\/td><td class=\"column-2\">140\u00b0\/160\u00b0<\/td><td class=\"column-3\">140\u00b0\/160\u00b0<\/td><td class=\"column-4\">140\u00b0\/160\u00b0<\/td><td class=\"column-5\">140\u00b0\/160\u00b0<\/td><td class=\"column-6\">140\u00b0\/160\u00b0<\/td>\n<\/tr>\n<tr class=\"row-15\">\n\t<td class=\"column-1\">Best viewing distance<\/td><td class=\"column-2\"><br \/>\n4-100m<\/td><td class=\"column-3\"><br \/>\n4-100m<\/td><td class=\"column-4\"><br \/>\n6-150m<\/td><td class=\"column-5\"><br \/>\n8-150m<\/td><td class=\"column-6\"><br \/>\n10-200m<\/td>\n<\/tr>\n<tr class=\"row-16\">\n\t<td class=\"column-1\">Contrast ratio<\/td><td class=\"column-2\">10000:1<\/td><td class=\"column-3\">10000:1<\/td><td class=\"column-4\">10000:1<\/td><td class=\"column-5\">10000:1<\/td><td class=\"column-6\">10000:1<\/td>\n<\/tr>\n<tr class=\"row-17\">\n\t<td class=\"column-1\">Frame change frequency (Hz)<\/td><td class=\"column-2\">50\/60<\/td><td class=\"column-3\">50\/60<\/td><td class=\"column-4\">50\/60<\/td><td class=\"column-5\">50\/60<\/td><td class=\"column-6\">50\/60<\/td>\n<\/tr>\n<tr class=\"row-18\">\n\t<td class=\"column-1\">Driving mode<\/td><td class=\"column-2\">Constant current 1\/16<\/td><td class=\"column-3\">Constant current 1\/13<\/td><td class=\"column-4\">Constant current 1\/8<\/td><td class=\"column-5\">Constant current 1\/8<\/td><td class=\"column-6\">Constant current 1\/8<\/td>\n<\/tr>\n<tr class=\"row-19\">\n\t<td class=\"column-1\">Gray level<\/td><td class=\"column-2\">16bit<\/td><td class=\"column-3\">16bit<\/td><td class=\"column-4\">16bit<\/td><td class=\"column-5\">16bit<\/td><td class=\"column-6\">16bit<\/td>\n<\/tr>\n<tr class=\"row-20\">\n\t<td class=\"column-1\">Refresh rate (Hz)<\/td><td class=\"column-2\">3840<\/td><td class=\"column-3\">3840<\/td><td class=\"column-4\">3840<\/td><td class=\"column-5\">3840<\/td><td class=\"column-6\">3840<\/td>\n<\/tr>\n<tr class=\"row-21\">\n\t<td class=\"column-1\">Working Temperature\/Humidity (\u00b0C\/RH)<\/td><td class=\"column-2\"><br \/>\n-20~60\u00b0C\/10%~85%<\/td><td class=\"column-3\"><br \/>\n-20~60\u00b0C\/10%~85%<\/td><td class=\"column-4\"><br \/>\n-20~60\u00b0C\/10%~85%<\/td><td class=\"column-5\"><br \/>\n-20~60\u00b0C\/10%~85%<\/td><td class=\"column-6\"><br \/>\n-20~60\u00b0C\/10%~85%<\/td>\n<\/tr>\n<\/tbody>\n<\/table>\n\n\t\t<\/div>\n\t\t\t\t\t<\/div>\n\n\t\n<\/div>\n\t\t<\/div>\n\t\t\t\t\t<\/div>\n\n\t\n<\/div>","protected":false},"excerpt":{"rendered":"<p><span style=\"font-size: 14.4px;\"><b>TOB Series Outdoor LED Display: Lightweight, Waterproof, and Energy-Saving Display<\/b><\/span><\/p>\n<p><span style=\"font-size: 14.4px;\">Our <strong><em>TOB Series Outdoor LED Panel<\/em><\/strong> It offers a lightweight and economical solution with high refresh rates and complete weather protection. Designed to provide crisp visuals and easy maintenance.<\/span><\/p>\n<p><strong>Main features:<\/strong><\/p>\n<ul>\n<li><span style=\"font-size: 14.4px;\"><strong>Energy Efficiency:<\/strong> It uses less energy than the 30%. <a href=\"https:\/\/www.telaled.com\/en\/?attachment_id=2760\">LED panels<\/a> standard without compromising brightness.<\/span><\/li>\n<li><span style=\"font-size: 14.4px;\"><strong>High Refresh Rate:<\/strong> 3840 Hz provides smooth images for a better audience experience.<\/span><\/li>\n<li><span style=\"font-size: 14.4px;\"><strong>Thin and Light:<\/strong> The 35% is lighter than traditional enclosures, making them easy to handle and assemble.<\/span><\/li>\n<li><span style=\"font-size: 14.4px;\"><strong>Easy Maintenance:<\/strong> <a href=\"https:\/\/www.telaled.com\/en\/fabrica\/painel-de-led-para-manutencao-frontal-serie-tib\/\">Front service<\/a> and rear-facing for faster repairs and minimal downtime.<\/span><\/li>\n<\/ul>\n<p>Available in 3.91mm to 10.42mm pixel pitches to meet your viewing distance needs. Standard cabinet size (1000 x 1000mm) for quick installation.<\/p>\n<p>24\/7 remote support and a 3-year warranty come standard. Contact us today for a personalized quote.<\/p>","protected":false},"featured_media":2752,"template":"","meta":[],"product_brand":[],"product_cat":[40,46],"product_tag":[],"class_list":{"0":"post-2749","1":"product","2":"type-product","3":"status-publish","4":"has-post-thumbnail","6":"product_cat-painel-de-led","7":"product_cat-painel-de-video","9":"first","10":"instock","11":"shipping-taxable","12":"product-type-simple"},"yoast_head":"<!-- This site is optimized with the Yoast SEO plugin v27.5 - https:\/\/yoast.com\/product\/yoast-seo-wordpress\/ -->\n<title>Painel de LED Externo S\u00e9rie TOB | Tela \u00e0 Prova de Intemp\u00e9ries para Publicidade e Eventos | TELALED<\/title>\n<meta name=\"description\" content=\"O painel LED para exterior foi concebido para proporcionar imagens brilhantes e de alta resolu\u00e7\u00e3o em qualquer condi\u00e7\u00e3o. Ideal para outdoors, est\u00e1dios e sinaliza\u00e7\u00e3o p\u00fablica. Pe\u00e7a j\u00e1 um or\u00e7amento!\" \/>\n<meta name=\"robots\" content=\"index, follow, max-snippet:-1, max-image-preview:large, max-video-preview:-1\" \/>\n<link rel=\"canonical\" href=\"https:\/\/www.telaled.com\/en\/fabrica\/painel-de-led-externo-serie-tob\/\" \/>\n<meta property=\"og:locale\" content=\"en_US\" \/>\n<meta property=\"og:type\" content=\"article\" \/>\n<meta property=\"og:title\" content=\"Painel de LED Externo S\u00e9rie TOB | Tela \u00e0 Prova de Intemp\u00e9ries para Publicidade e Eventos | TELALED\" \/>\n<meta property=\"og:description\" content=\"O painel LED para exterior foi concebido para proporcionar imagens brilhantes e de alta resolu\u00e7\u00e3o em qualquer condi\u00e7\u00e3o. Ideal para outdoors, est\u00e1dios e sinaliza\u00e7\u00e3o p\u00fablica. Pe\u00e7a j\u00e1 um or\u00e7amento!\" \/>\n<meta property=\"og:url\" content=\"https:\/\/www.telaled.com\/en\/fabrica\/painel-de-led-externo-serie-tob\/\" \/>\n<meta property=\"og:site_name\" content=\"TELALED\" \/>\n<meta property=\"article:modified_time\" content=\"2025-12-24T04:48:05+00:00\" \/>\n<meta property=\"og:image\" content=\"https:\/\/www.telaled.com\/wp-content\/uploads\/2025\/07\/Painel-de-LED-Externo.webp\" \/>\n\t<meta property=\"og:image:width\" content=\"500\" \/>\n\t<meta property=\"og:image:height\" content=\"500\" \/>\n\t<meta property=\"og:image:type\" content=\"image\/webp\" \/>\n<meta name=\"twitter:card\" content=\"summary_large_image\" \/>\n<meta name=\"twitter:label1\" content=\"Est. reading time\" \/>\n\t<meta name=\"twitter:data1\" content=\"2 minutes\" \/>\n<script type=\"application\/ld+json\" class=\"yoast-schema-graph\">{\"@context\":\"https:\\\/\\\/schema.org\",\"@graph\":[{\"@type\":\"WebPage\",\"@id\":\"https:\\\/\\\/www.telaled.com\\\/fabrica\\\/painel-de-led-externo-serie-tob\\\/\",\"url\":\"https:\\\/\\\/www.telaled.com\\\/fabrica\\\/painel-de-led-externo-serie-tob\\\/\",\"name\":\"Painel de LED Externo S\u00e9rie TOB | Tela \u00e0 Prova de Intemp\u00e9ries para Publicidade e Eventos | TELALED\",\"isPartOf\":{\"@id\":\"https:\\\/\\\/www.telaled.com\\\/#website\"},\"primaryImageOfPage\":{\"@id\":\"https:\\\/\\\/www.telaled.com\\\/fabrica\\\/painel-de-led-externo-serie-tob\\\/#primaryimage\"},\"image\":{\"@id\":\"https:\\\/\\\/www.telaled.com\\\/fabrica\\\/painel-de-led-externo-serie-tob\\\/#primaryimage\"},\"thumbnailUrl\":\"https:\\\/\\\/www.telaled.com\\\/wp-content\\\/uploads\\\/2025\\\/07\\\/Painel-de-LED-Externo.webp\",\"datePublished\":\"2025-07-28T02:20:18+00:00\",\"dateModified\":\"2025-12-24T04:48:05+00:00\",\"description\":\"O painel LED para exterior foi concebido para proporcionar imagens brilhantes e de alta resolu\u00e7\u00e3o em qualquer condi\u00e7\u00e3o. Ideal para outdoors, est\u00e1dios e sinaliza\u00e7\u00e3o p\u00fablica. Pe\u00e7a j\u00e1 um or\u00e7amento!\",\"breadcrumb\":{\"@id\":\"https:\\\/\\\/www.telaled.com\\\/fabrica\\\/painel-de-led-externo-serie-tob\\\/#breadcrumb\"},\"inLanguage\":\"en-US\",\"potentialAction\":[{\"@type\":\"ReadAction\",\"target\":[\"https:\\\/\\\/www.telaled.com\\\/fabrica\\\/painel-de-led-externo-serie-tob\\\/\"]}]},{\"@type\":\"ImageObject\",\"inLanguage\":\"en-US\",\"@id\":\"https:\\\/\\\/www.telaled.com\\\/fabrica\\\/painel-de-led-externo-serie-tob\\\/#primaryimage\",\"url\":\"https:\\\/\\\/www.telaled.com\\\/wp-content\\\/uploads\\\/2025\\\/07\\\/Painel-de-LED-Externo.webp\",\"contentUrl\":\"https:\\\/\\\/www.telaled.com\\\/wp-content\\\/uploads\\\/2025\\\/07\\\/Painel-de-LED-Externo.webp\",\"width\":500,\"height\":500,\"caption\":\"Painel-de-LED-Externo\"},{\"@type\":\"BreadcrumbList\",\"@id\":\"https:\\\/\\\/www.telaled.com\\\/fabrica\\\/painel-de-led-externo-serie-tob\\\/#breadcrumb\",\"itemListElement\":[{\"@type\":\"ListItem\",\"position\":1,\"name\":\"Home\",\"item\":\"https:\\\/\\\/www.telaled.com\\\/\"},{\"@type\":\"ListItem\",\"position\":2,\"name\":\"Produtos\",\"item\":\"https:\\\/\\\/www.telaled.com\\\/shop\\\/\"},{\"@type\":\"ListItem\",\"position\":3,\"name\":\"Painel de LED Externo S\u00e9rie TOB\"}]},{\"@type\":\"WebSite\",\"@id\":\"https:\\\/\\\/www.telaled.com\\\/#website\",\"url\":\"https:\\\/\\\/www.telaled.com\\\/\",\"name\":\"TELALED\",\"description\":\"\",\"potentialAction\":[{\"@type\":\"SearchAction\",\"target\":{\"@type\":\"EntryPoint\",\"urlTemplate\":\"https:\\\/\\\/www.telaled.com\\\/?s={search_term_string}\"},\"query-input\":{\"@type\":\"PropertyValueSpecification\",\"valueRequired\":true,\"valueName\":\"search_term_string\"}}],\"inLanguage\":\"en-US\"}]}<\/script>\n<!-- \/ Yoast SEO plugin. -->","yoast_head_json":{"title":"TOB Series Outdoor LED Display | Weatherproof Screen for Advertising and Events | TELALED","description":"The outdoor LED display is designed to deliver bright, high-resolution images in any conditions. Ideal for billboards, stadiums, and public signage. Request a quote now!","robots":{"index":"index","follow":"follow","max-snippet":"max-snippet:-1","max-image-preview":"max-image-preview:large","max-video-preview":"max-video-preview:-1"},"canonical":"https:\/\/www.telaled.com\/en\/fabrica\/painel-de-led-externo-serie-tob\/","og_locale":"en_US","og_type":"article","og_title":"Painel de LED Externo S\u00e9rie TOB | Tela \u00e0 Prova de Intemp\u00e9ries para Publicidade e Eventos | TELALED","og_description":"O painel LED para exterior foi concebido para proporcionar imagens brilhantes e de alta resolu\u00e7\u00e3o em qualquer condi\u00e7\u00e3o. Ideal para outdoors, est\u00e1dios e sinaliza\u00e7\u00e3o p\u00fablica. Pe\u00e7a j\u00e1 um or\u00e7amento!","og_url":"https:\/\/www.telaled.com\/en\/fabrica\/painel-de-led-externo-serie-tob\/","og_site_name":"TELALED","article_modified_time":"2025-12-24T04:48:05+00:00","og_image":[{"width":500,"height":500,"url":"https:\/\/www.telaled.com\/wp-content\/uploads\/2025\/07\/Painel-de-LED-Externo.webp","type":"image\/webp"}],"twitter_card":"summary_large_image","twitter_misc":{"Est. reading time":"2 minutes"},"schema":{"@context":"https:\/\/schema.org","@graph":[{"@type":"WebPage","@id":"https:\/\/www.telaled.com\/fabrica\/painel-de-led-externo-serie-tob\/","url":"https:\/\/www.telaled.com\/fabrica\/painel-de-led-externo-serie-tob\/","name":"TOB Series Outdoor LED Display | Weatherproof Screen for Advertising and Events | TELALED","isPartOf":{"@id":"https:\/\/www.telaled.com\/#website"},"primaryImageOfPage":{"@id":"https:\/\/www.telaled.com\/fabrica\/painel-de-led-externo-serie-tob\/#primaryimage"},"image":{"@id":"https:\/\/www.telaled.com\/fabrica\/painel-de-led-externo-serie-tob\/#primaryimage"},"thumbnailUrl":"https:\/\/www.telaled.com\/wp-content\/uploads\/2025\/07\/Painel-de-LED-Externo.webp","datePublished":"2025-07-28T02:20:18+00:00","dateModified":"2025-12-24T04:48:05+00:00","description":"The outdoor LED display is designed to deliver bright, high-resolution images in any conditions. Ideal for billboards, stadiums, and public signage. Request a quote now!","breadcrumb":{"@id":"https:\/\/www.telaled.com\/fabrica\/painel-de-led-externo-serie-tob\/#breadcrumb"},"inLanguage":"en-US","potentialAction":[{"@type":"ReadAction","target":["https:\/\/www.telaled.com\/fabrica\/painel-de-led-externo-serie-tob\/"]}]},{"@type":"ImageObject","inLanguage":"en-US","@id":"https:\/\/www.telaled.com\/fabrica\/painel-de-led-externo-serie-tob\/#primaryimage","url":"https:\/\/www.telaled.com\/wp-content\/uploads\/2025\/07\/Painel-de-LED-Externo.webp","contentUrl":"https:\/\/www.telaled.com\/wp-content\/uploads\/2025\/07\/Painel-de-LED-Externo.webp","width":500,"height":500,"caption":"Painel-de-LED-Externo"},{"@type":"BreadcrumbList","@id":"https:\/\/www.telaled.com\/fabrica\/painel-de-led-externo-serie-tob\/#breadcrumb","itemListElement":[{"@type":"ListItem","position":1,"name":"Home","item":"https:\/\/www.telaled.com\/"},{"@type":"ListItem","position":2,"name":"Produtos","item":"https:\/\/www.telaled.com\/shop\/"},{"@type":"ListItem","position":3,"name":"Painel de LED Externo S\u00e9rie TOB"}]},{"@type":"WebSite","@id":"https:\/\/www.telaled.com\/#website","url":"https:\/\/www.telaled.com\/","name":"LED screen","description":"","potentialAction":[{"@type":"SearchAction","target":{"@type":"EntryPoint","urlTemplate":"https:\/\/www.telaled.com\/?s={search_term_string}"},"query-input":{"@type":"PropertyValueSpecification","valueRequired":true,"valueName":"search_term_string"}}],"inLanguage":"en-US"}]}},"_links":{"self":[{"href":"https:\/\/www.telaled.com\/en\/wp-json\/wp\/v2\/product\/2749","targetHints":{"allow":["GET"]}}],"collection":[{"href":"https:\/\/www.telaled.com\/en\/wp-json\/wp\/v2\/product"}],"about":[{"href":"https:\/\/www.telaled.com\/en\/wp-json\/wp\/v2\/types\/product"}],"wp:featuredmedia":[{"embeddable":true,"href":"https:\/\/www.telaled.com\/en\/wp-json\/wp\/v2\/media\/2752"}],"wp:attachment":[{"href":"https:\/\/www.telaled.com\/en\/wp-json\/wp\/v2\/media?parent=2749"}],"wp:term":[{"taxonomy":"product_brand","embeddable":true,"href":"https:\/\/www.telaled.com\/en\/wp-json\/wp\/v2\/product_brand?post=2749"},{"taxonomy":"product_cat","embeddable":true,"href":"https:\/\/www.telaled.com\/en\/wp-json\/wp\/v2\/product_cat?post=2749"},{"taxonomy":"product_tag","embeddable":true,"href":"https:\/\/www.telaled.com\/en\/wp-json\/wp\/v2\/product_tag?post=2749"}],"curies":[{"name":"wp","href":"https:\/\/api.w.org\/{rel}","templated":true}]}}