{"id":2358,"date":"2025-07-04T08:46:37","date_gmt":"2025-07-04T08:46:37","guid":{"rendered":"https:\/\/www.telaled.com\/?post_type=product&#038;p=2358"},"modified":"2026-01-02T07:11:38","modified_gmt":"2026-01-02T07:11:38","slug":"modulo-painel-de-led-p1-904","status":"publish","type":"product","link":"https:\/\/www.telaled.com\/en\/fabrica\/modulo-painel-de-led-p1-904\/","title":{"rendered":"P1.904 LED Panel Module"},"content":{"rendered":"<div id=\"featurebullets_feature_div\" class=\"celwidget\" data-feature-name=\"featurebullets\" data-csa-c-type=\"widget\" data-csa-c-content-id=\"featurebullets\" data-csa-c-slot-id=\"featurebullets_feature_div\" data-csa-c-asin=\"B07DF32D6Q\" data-csa-c-is-in-initial-active-row=\"false\" data-csa-c-id=\"3j0pnl-7cjnp-9t8psx-tspeog\">\n<div id=\"feature-bullets\" class=\"a-section a-spacing-medium a-spacing-top-small\">\n<div data-zone-id=\"0\" data-line-index=\"0\" data-line=\"true\">\n<p><strong>Main Applications:<\/strong><\/p>\n<ul>\n<li><strong>Retail Advertising:<\/strong> Ideal for stores and malls where detailed, eye-catching content helps attract customers.<\/li>\n<li><strong>Broadcast Studios:<\/strong> Flicker-free high-resolution display suitable for live and recorded content.<\/li>\n<li><strong>Control Rooms:<\/strong> Clear and accurate visuals for monitoring critical data and video.<\/li>\n<li><strong>Conference Scenarios:<\/strong> Sharp, flawless screens that aid professional presentations.<\/li>\n<\/ul>\n<p><strong>Proven Technology:<\/strong><\/p>\n<ul>\n<li>IP40\/IP50 \u2013 Dust and moisture resistance.<\/li>\n<li>16-bit gradient (281 trillion colors). \u2013 Photorealistic.<\/li>\n<li>CE\/RoHS\/ISO9001 certification \u2013 Industrial quality guaranteed.<\/li>\n<\/ul>\n<p><img loading=\"lazy\" decoding=\"async\" class=\"alignnone wp-image-2017 size-full\" src=\"https:\/\/www.telaled.com\/wp-content\/uploads\/2023\/06\/quality-led-module-materials-1.webp\" alt=\"quality-led-module-materials\" width=\"768\" height=\"555\" srcset=\"https:\/\/www.telaled.com\/wp-content\/uploads\/2023\/06\/quality-led-module-materials-1.webp 768w, https:\/\/www.telaled.com\/wp-content\/uploads\/2023\/06\/quality-led-module-materials-1-300x217.webp 300w, https:\/\/www.telaled.com\/wp-content\/uploads\/2023\/06\/quality-led-module-materials-1-18x12.webp 18w, https:\/\/www.telaled.com\/wp-content\/uploads\/2023\/06\/quality-led-module-materials-1-600x434.webp 600w\" sizes=\"auto, (max-width: 768px) 100vw, 768px\" \/><\/p>\n<\/div>\n<\/div>\n<\/div>\n<div data-feature-name=\"acf-carousel\" data-csa-c-type=\"widget\" data-csa-c-content-id=\"acf-carousel\" data-csa-c-slot-id=\"acf-carousel_feature_div\" data-csa-c-asin=\"B07DF32D6Q\" data-csa-c-is-in-initial-active-row=\"false\" data-csa-c-id=\"oqpgyr-mh4egp-nntzd2-kyiiqq\">\n<table id=\"tablepress-16\" class=\"tablepress tablepress-id-16\">\n<thead>\n<tr class=\"row-1\">\n\t<th colspan=\"4\" class=\"column-1\">Technical details<\/th>\n<\/tr>\n<\/thead>\n<tbody class=\"row-striping row-hover\">\n<tr class=\"row-2\">\n\t<td class=\"column-1\">Model Number<\/td><td class=\"column-2\">TL \u2013 P1.904 LED Panel Module<\/td><td class=\"column-3\"><\/td><td class=\"column-4\"><\/td>\n<\/tr>\n<tr class=\"row-3\">\n\t<td class=\"column-1\">Brand Name<\/td><td class=\"column-2\">TELALED Manufacturer<\/td><td class=\"column-3\">Screen Flatness<\/td><td class=\"column-4\">&lt;\u00b11mm<\/td>\n<\/tr>\n<tr class=\"row-4\">\n\t<td class=\"column-1\">Place of Origin<\/td><td class=\"column-2\">Guangdong, China<\/td><td class=\"column-3\">Mean Time Between Failures (MTBF)<\/td><td class=\"column-4\">10,000 Hours<\/td>\n<\/tr>\n<tr class=\"row-5\">\n\t<td class=\"column-1\">Pixel Distance<\/td><td class=\"column-2\">P1.904<\/td><td class=\"column-3\">Useful Life<\/td><td class=\"column-4\">100,000 Hours<\/td>\n<\/tr>\n<tr class=\"row-6\">\n\t<td class=\"column-1\">Minimum Viewing Distance<\/td><td class=\"column-2\">1.9m<\/td><td class=\"column-3\">Display Operating Voltage<\/td><td class=\"column-4\">AC46\uff5e54HZ, 220V\u00b115%\/110V\u00b115%<\/td>\n<\/tr>\n<tr class=\"row-7\">\n\t<td class=\"column-1\">LED configuration<\/td><td class=\"column-2\">SMD1515<\/td><td class=\"column-3\">Light Attenuation<\/td><td class=\"column-4\">\uff1c3%<\/td>\n<\/tr>\n<tr class=\"row-8\">\n\t<td class=\"column-1\">Module Resolution<\/td><td class=\"column-2\">84\u00d784 pixels<\/td><td class=\"column-3\">Leakage Current<\/td><td class=\"column-4\">\uff1c3mA<\/td>\n<\/tr>\n<tr class=\"row-9\">\n\t<td class=\"column-1\">Module Pixels<\/td><td class=\"column-2\">7056 pixels<\/td><td class=\"column-3\">IP Protection Rating<\/td><td class=\"column-4\">Rear: IP40 \/ Front: IP50<\/td>\n<\/tr>\n<tr class=\"row-10\">\n\t<td class=\"column-1\">Module Size<\/td><td class=\"column-2\">\tW160mm*H160mm*T14<\/td><td class=\"column-3\">Temperature and Humidity of the Work Environment<\/td><td class=\"column-4\">Temp.: -20\u00b0C~+60\u00b0C \/ Humidity: 10%~90% RH<\/td>\n<\/tr>\n<tr class=\"row-11\">\n\t<td class=\"column-1\">Cabinet Size<\/td><td class=\"column-2\">640mm*640mm<\/td><td class=\"column-3\">Supported Media<\/td><td class=\"column-4\">Technical data, Photos, CAD models, Video<\/td>\n<\/tr>\n<tr class=\"row-12\">\n\t<td class=\"column-1\">Pixel Configuration<\/td><td class=\"column-2\">SMD3in1, Full Color R\/G\/B 1,1,1<\/td><td class=\"column-3\">Function<\/td><td class=\"column-4\">SDK<\/td>\n<\/tr>\n<tr class=\"row-13\">\n\t<td class=\"column-1\">Balanced Shine<\/td><td class=\"column-2\">1000cd\/\u33a1 for indoor environments<\/td><td class=\"column-3\">Control Mode<\/td><td class=\"column-4\">Synchronization via DVI with control PC<\/td>\n<\/tr>\n<tr class=\"row-14\">\n\t<td class=\"column-1\">Drive Method<\/td><td class=\"column-2\">1\/28 scan<\/td><td class=\"column-3\">Supported Software<\/td><td class=\"column-4\">Windows XP\/W7\/Vista<\/td>\n<\/tr>\n<tr class=\"row-15\">\n\t<td class=\"column-1\">Update Rate<\/td><td class=\"column-2\">\u22651920 Hz<\/td><td class=\"column-3\">Control System<\/td><td class=\"column-4\">DVI card + full color controller + optical fiber (optional)<\/td>\n<\/tr>\n<tr class=\"row-16\">\n\t<td class=\"column-1\">Change Detection Frequency<\/td><td class=\"column-2\">50-60Hz<\/td><td class=\"column-3\">Main Control System Mark<\/td><td class=\"column-4\">Novastar, Linsn, Huidu, Colorlight<\/td>\n<\/tr>\n<tr class=\"row-17\">\n\t<td class=\"column-1\">Viewing Angle<\/td><td class=\"column-2\">H140\u00b0 V120\u00b0<\/td><td class=\"column-3\">Interface<\/td><td class=\"column-4\">Standard Ethernet<\/td>\n<\/tr>\n<tr class=\"row-18\">\n\t<td class=\"column-1\">Inactive Light Rate<\/td><td class=\"column-2\">\u22641%<\/td><td class=\"column-3\">Transmission Distance<\/td><td class=\"column-4\">Multimode fiber <500m >\n<\/tr>\n<tr class=\"row-19\">\n\t<td class=\"column-1\">Energy Waste<\/td><td class=\"column-2\">700*1000 W\/M2<\/td><td class=\"column-3\">Guarantee<\/td><td class=\"column-4\">5 years<\/td>\n<\/tr>\n<tr class=\"row-20\">\n\t<td class=\"column-1\">Average Energy Consumption<\/td><td class=\"column-2\">280 W\/M2<\/td><td class=\"column-3\">Supplier Type<\/td><td class=\"column-4\">Original Manufacturer\/ODM\/OEM<\/td>\n<\/tr>\n<tr class=\"row-21\">\n\t<td class=\"column-1\">Gray Level<\/td><td class=\"column-2\">16-bit (281 trillion colors) \/ 65,536 shades per primary color<\/td><td class=\"column-3\">Delivery time<\/td><td class=\"column-4\">25 (or negotiable)<\/td>\n<\/tr>\n<tr class=\"row-22\">\n\t<td class=\"column-1\">Display Color<\/td><td class=\"column-2\">16M<\/td><td class=\"column-3\">Application<\/td><td class=\"column-4\">Advertising\/Interior\/Exterior<\/td>\n<\/tr>\n<tr class=\"row-23\">\n\t<td class=\"column-1\">Uninterrupted Working Hours<\/td><td class=\"column-2\">\u226572 hours<\/td><td class=\"column-3\">Use<\/td><td class=\"column-4\">Digital Advertising, Shopping Malls, Welcome Displays, Exhibition Halls, Airports, Churches, Sports, Events, Meetings, Rentals, Stages, Automotive, Retail, Weddings<\/td>\n<\/tr>\n<tr class=\"row-24\">\n\t<td class=\"column-1\">Discrete Blind Spot Rate<\/td><td class=\"column-2\"><1><td class=\"column-3\">Packaging Details<\/td><td class=\"column-4\">Reinforced cardboard box + wood<\/td>\n<\/tr>\n<tr class=\"row-25\">\n\t<td class=\"column-1\">Continuous Blind Spot Rate<\/td><td class=\"column-2\">None<\/td><td class=\"column-3\">Supply Capacity<\/td><td class=\"column-4\">5,000 units\/month<\/td>\n<\/tr>\n<tr class=\"row-26\">\n\t<td class=\"column-1\">Blind Spot Rate<\/td><td class=\"column-2\"><1><td class=\"column-3\">Harbor<\/td><td class=\"column-4\">Shenzhen<\/td>\n<\/tr>\n<\/tbody>\n<\/table>\n<\/div>\n<div id=\"provenanceCertifications_feature_div\" class=\"celwidget\" data-feature-name=\"provenanceCertifications\" data-csa-c-type=\"widget\" data-csa-c-content-id=\"provenanceCertifications\" data-csa-c-slot-id=\"provenanceCertifications_feature_div\" data-csa-c-asin=\"B07DF32D6Q\" data-csa-c-is-in-initial-active-row=\"false\" data-csa-c-id=\"6t8ho-xbknmj-nqaso5-ne24gd\">\n<div id=\"provenance-certifications\" class=\"a-section a-spacing-medium a-spacing-top-micro\">\u00a0<\/div>\n<\/div>","protected":false},"excerpt":{"rendered":"<p><strong>P1.904 LED Display Module | High Resolution Indoor Display Solution<\/strong><\/p>\n<p>THE <strong>P1.904 LED Panel Module<\/strong> It&#039;s a smart choice for anyone who needs a reliable, high-quality indoor display. It offers crisp images even at close range, making it ideal for stores, <a href=\"https:\/\/www.telaled.com\/en\/painel-de-led-para-eventos\/\">events<\/a>, Control rooms and much more. Designed with advanced technology, it helps you create fluid and engaging digital content while keeping costs down. <a href=\"https:\/\/www.telaled.com\/en\/entendendo-o-consumo-de-energia-painel-de-led-quao-eficientes-sao-os-displays-de-led-modernos\/\">energy consumption<\/a>.<\/p>\n<p><strong>Main Benefits:<\/strong><br \/>\n<strong>\u2714 High Resolution:<\/strong> Sharp, detailed images with pixel pitch of <strong>1,904 mm<\/strong>.<\/p>\n<p><strong>\u2714 Smooth Performance:<\/strong> High refresh rates for stable, flicker-free images.<\/p>\n<p><strong>\u2714 Perfect Assembly:<\/strong> Tight, gap-free connections for a clean display surface.<\/p>\n<p><strong>\u2714 Energy Efficiency:<\/strong> Low energy consumption without sacrificing brightness and color.<\/p>","protected":false},"featured_media":2687,"template":"","meta":[],"product_brand":[],"product_cat":[41],"product_tag":[],"class_list":{"0":"post-2358","1":"product","2":"type-product","3":"status-publish","4":"has-post-thumbnail","6":"product_cat-modulo-painel-de-led","8":"first","9":"instock","10":"shipping-taxable","11":"product-type-simple"},"yoast_head":"<!-- This site is optimized with the Yoast SEO plugin v27.5 - https:\/\/yoast.com\/product\/yoast-seo-wordpress\/ -->\n<title>Modulo Painel de LED P1.904 de Alta Resolu\u00e7\u00e3o Para Exibi\u00e7\u00e3o N\u00edtida|TELALED<\/title>\n<meta name=\"description\" content=\"O Modulo Painel de LED P1.904 oferece alta resolu\u00e7\u00e3o e visuais vibrantes para displays internos. Atualize sua sinaliza\u00e7\u00e3o hoje mesmo!\" \/>\n<meta name=\"robots\" content=\"index, follow, max-snippet:-1, max-image-preview:large, max-video-preview:-1\" \/>\n<link rel=\"canonical\" href=\"https:\/\/www.telaled.com\/en\/fabrica\/modulo-painel-de-led-p1-904\/\" \/>\n<meta property=\"og:locale\" content=\"en_US\" \/>\n<meta property=\"og:type\" content=\"article\" \/>\n<meta property=\"og:title\" content=\"Modulo Painel de LED P1.904 de Alta Resolu\u00e7\u00e3o Para Exibi\u00e7\u00e3o N\u00edtida|TELALED\" \/>\n<meta property=\"og:description\" content=\"O Modulo Painel de LED P1.904 oferece alta resolu\u00e7\u00e3o e visuais vibrantes para displays internos. Atualize sua sinaliza\u00e7\u00e3o hoje mesmo!\" \/>\n<meta property=\"og:url\" content=\"https:\/\/www.telaled.com\/en\/fabrica\/modulo-painel-de-led-p1-904\/\" \/>\n<meta property=\"og:site_name\" content=\"TELALED\" \/>\n<meta property=\"article:modified_time\" content=\"2026-01-02T07:11:38+00:00\" \/>\n<meta property=\"og:image\" content=\"https:\/\/www.telaled.com\/wp-content\/uploads\/2025\/07\/P1.904-LED-Panel-Module.webp\" \/>\n\t<meta property=\"og:image:width\" content=\"500\" \/>\n\t<meta property=\"og:image:height\" content=\"500\" \/>\n\t<meta property=\"og:image:type\" content=\"image\/webp\" \/>\n<meta name=\"twitter:card\" content=\"summary_large_image\" \/>\n<meta name=\"twitter:label1\" content=\"Est. reading time\" \/>\n\t<meta name=\"twitter:data1\" content=\"1 minute\" \/>\n<script type=\"application\/ld+json\" class=\"yoast-schema-graph\">{\"@context\":\"https:\\\/\\\/schema.org\",\"@graph\":[{\"@type\":\"WebPage\",\"@id\":\"https:\\\/\\\/www.telaled.com\\\/fabrica\\\/modulo-painel-de-led-p1-904\\\/\",\"url\":\"https:\\\/\\\/www.telaled.com\\\/fabrica\\\/modulo-painel-de-led-p1-904\\\/\",\"name\":\"Modulo Painel de LED P1.904 de Alta Resolu\u00e7\u00e3o Para Exibi\u00e7\u00e3o N\u00edtida|TELALED\",\"isPartOf\":{\"@id\":\"https:\\\/\\\/www.telaled.com\\\/#website\"},\"primaryImageOfPage\":{\"@id\":\"https:\\\/\\\/www.telaled.com\\\/fabrica\\\/modulo-painel-de-led-p1-904\\\/#primaryimage\"},\"image\":{\"@id\":\"https:\\\/\\\/www.telaled.com\\\/fabrica\\\/modulo-painel-de-led-p1-904\\\/#primaryimage\"},\"thumbnailUrl\":\"https:\\\/\\\/www.telaled.com\\\/wp-content\\\/uploads\\\/2025\\\/07\\\/P1.904-LED-Panel-Module.webp\",\"datePublished\":\"2025-07-04T08:46:37+00:00\",\"dateModified\":\"2026-01-02T07:11:38+00:00\",\"description\":\"O Modulo Painel de LED P1.904 oferece alta resolu\u00e7\u00e3o e visuais vibrantes para displays internos. Atualize sua sinaliza\u00e7\u00e3o hoje mesmo!\",\"breadcrumb\":{\"@id\":\"https:\\\/\\\/www.telaled.com\\\/fabrica\\\/modulo-painel-de-led-p1-904\\\/#breadcrumb\"},\"inLanguage\":\"en-US\",\"potentialAction\":[{\"@type\":\"ReadAction\",\"target\":[\"https:\\\/\\\/www.telaled.com\\\/fabrica\\\/modulo-painel-de-led-p1-904\\\/\"]}]},{\"@type\":\"ImageObject\",\"inLanguage\":\"en-US\",\"@id\":\"https:\\\/\\\/www.telaled.com\\\/fabrica\\\/modulo-painel-de-led-p1-904\\\/#primaryimage\",\"url\":\"https:\\\/\\\/www.telaled.com\\\/wp-content\\\/uploads\\\/2025\\\/07\\\/P1.904-LED-Panel-Module.webp\",\"contentUrl\":\"https:\\\/\\\/www.telaled.com\\\/wp-content\\\/uploads\\\/2025\\\/07\\\/P1.904-LED-Panel-Module.webp\",\"width\":500,\"height\":500,\"caption\":\"P1.904-LED-Panel-Module\"},{\"@type\":\"BreadcrumbList\",\"@id\":\"https:\\\/\\\/www.telaled.com\\\/fabrica\\\/modulo-painel-de-led-p1-904\\\/#breadcrumb\",\"itemListElement\":[{\"@type\":\"ListItem\",\"position\":1,\"name\":\"Home\",\"item\":\"https:\\\/\\\/www.telaled.com\\\/\"},{\"@type\":\"ListItem\",\"position\":2,\"name\":\"Produtos\",\"item\":\"https:\\\/\\\/www.telaled.com\\\/shop\\\/\"},{\"@type\":\"ListItem\",\"position\":3,\"name\":\"Modulo Painel de LED P1.904\"}]},{\"@type\":\"WebSite\",\"@id\":\"https:\\\/\\\/www.telaled.com\\\/#website\",\"url\":\"https:\\\/\\\/www.telaled.com\\\/\",\"name\":\"TELALED\",\"description\":\"\",\"potentialAction\":[{\"@type\":\"SearchAction\",\"target\":{\"@type\":\"EntryPoint\",\"urlTemplate\":\"https:\\\/\\\/www.telaled.com\\\/?s={search_term_string}\"},\"query-input\":{\"@type\":\"PropertyValueSpecification\",\"valueRequired\":true,\"valueName\":\"search_term_string\"}}],\"inLanguage\":\"en-US\"}]}<\/script>\n<!-- \/ Yoast SEO plugin. -->","yoast_head_json":{"title":"High Resolution P1.904 LED Panel Module for Clear Display | LED Screen","description":"The P1.904 LED Panel Module offers high resolution and vibrant visuals for indoor displays. Upgrade your signage today!","robots":{"index":"index","follow":"follow","max-snippet":"max-snippet:-1","max-image-preview":"max-image-preview:large","max-video-preview":"max-video-preview:-1"},"canonical":"https:\/\/www.telaled.com\/en\/fabrica\/modulo-painel-de-led-p1-904\/","og_locale":"en_US","og_type":"article","og_title":"Modulo Painel de LED P1.904 de Alta Resolu\u00e7\u00e3o Para Exibi\u00e7\u00e3o N\u00edtida|TELALED","og_description":"O Modulo Painel de LED P1.904 oferece alta resolu\u00e7\u00e3o e visuais vibrantes para displays internos. Atualize sua sinaliza\u00e7\u00e3o hoje mesmo!","og_url":"https:\/\/www.telaled.com\/en\/fabrica\/modulo-painel-de-led-p1-904\/","og_site_name":"TELALED","article_modified_time":"2026-01-02T07:11:38+00:00","og_image":[{"width":500,"height":500,"url":"https:\/\/www.telaled.com\/wp-content\/uploads\/2025\/07\/P1.904-LED-Panel-Module.webp","type":"image\/webp"}],"twitter_card":"summary_large_image","twitter_misc":{"Est. reading time":"1 minute"},"schema":{"@context":"https:\/\/schema.org","@graph":[{"@type":"WebPage","@id":"https:\/\/www.telaled.com\/fabrica\/modulo-painel-de-led-p1-904\/","url":"https:\/\/www.telaled.com\/fabrica\/modulo-painel-de-led-p1-904\/","name":"High Resolution P1.904 LED Panel Module for Clear Display | LED Screen","isPartOf":{"@id":"https:\/\/www.telaled.com\/#website"},"primaryImageOfPage":{"@id":"https:\/\/www.telaled.com\/fabrica\/modulo-painel-de-led-p1-904\/#primaryimage"},"image":{"@id":"https:\/\/www.telaled.com\/fabrica\/modulo-painel-de-led-p1-904\/#primaryimage"},"thumbnailUrl":"https:\/\/www.telaled.com\/wp-content\/uploads\/2025\/07\/P1.904-LED-Panel-Module.webp","datePublished":"2025-07-04T08:46:37+00:00","dateModified":"2026-01-02T07:11:38+00:00","description":"The P1.904 LED Panel Module offers high resolution and vibrant visuals for indoor displays. Upgrade your signage today!","breadcrumb":{"@id":"https:\/\/www.telaled.com\/fabrica\/modulo-painel-de-led-p1-904\/#breadcrumb"},"inLanguage":"en-US","potentialAction":[{"@type":"ReadAction","target":["https:\/\/www.telaled.com\/fabrica\/modulo-painel-de-led-p1-904\/"]}]},{"@type":"ImageObject","inLanguage":"en-US","@id":"https:\/\/www.telaled.com\/fabrica\/modulo-painel-de-led-p1-904\/#primaryimage","url":"https:\/\/www.telaled.com\/wp-content\/uploads\/2025\/07\/P1.904-LED-Panel-Module.webp","contentUrl":"https:\/\/www.telaled.com\/wp-content\/uploads\/2025\/07\/P1.904-LED-Panel-Module.webp","width":500,"height":500,"caption":"P1.904-LED-Panel-Module"},{"@type":"BreadcrumbList","@id":"https:\/\/www.telaled.com\/fabrica\/modulo-painel-de-led-p1-904\/#breadcrumb","itemListElement":[{"@type":"ListItem","position":1,"name":"Home","item":"https:\/\/www.telaled.com\/"},{"@type":"ListItem","position":2,"name":"Produtos","item":"https:\/\/www.telaled.com\/shop\/"},{"@type":"ListItem","position":3,"name":"Modulo Painel de LED P1.904"}]},{"@type":"WebSite","@id":"https:\/\/www.telaled.com\/#website","url":"https:\/\/www.telaled.com\/","name":"LED screen","description":"","potentialAction":[{"@type":"SearchAction","target":{"@type":"EntryPoint","urlTemplate":"https:\/\/www.telaled.com\/?s={search_term_string}"},"query-input":{"@type":"PropertyValueSpecification","valueRequired":true,"valueName":"search_term_string"}}],"inLanguage":"en-US"}]}},"_links":{"self":[{"href":"https:\/\/www.telaled.com\/en\/wp-json\/wp\/v2\/product\/2358","targetHints":{"allow":["GET"]}}],"collection":[{"href":"https:\/\/www.telaled.com\/en\/wp-json\/wp\/v2\/product"}],"about":[{"href":"https:\/\/www.telaled.com\/en\/wp-json\/wp\/v2\/types\/product"}],"wp:featuredmedia":[{"embeddable":true,"href":"https:\/\/www.telaled.com\/en\/wp-json\/wp\/v2\/media\/2687"}],"wp:attachment":[{"href":"https:\/\/www.telaled.com\/en\/wp-json\/wp\/v2\/media?parent=2358"}],"wp:term":[{"taxonomy":"product_brand","embeddable":true,"href":"https:\/\/www.telaled.com\/en\/wp-json\/wp\/v2\/product_brand?post=2358"},{"taxonomy":"product_cat","embeddable":true,"href":"https:\/\/www.telaled.com\/en\/wp-json\/wp\/v2\/product_cat?post=2358"},{"taxonomy":"product_tag","embeddable":true,"href":"https:\/\/www.telaled.com\/en\/wp-json\/wp\/v2\/product_tag?post=2358"}],"curies":[{"name":"wp","href":"https:\/\/api.w.org\/{rel}","templated":true}]}}