{"id":2342,"date":"2025-07-04T01:01:26","date_gmt":"2025-07-04T01:01:26","guid":{"rendered":"https:\/\/www.telaled.com\/?post_type=product&#038;p=2342"},"modified":"2026-01-02T07:02:58","modified_gmt":"2026-01-02T07:02:58","slug":"modulo-painel-de-led-p1-875","status":"publish","type":"product","link":"https:\/\/www.telaled.com\/en\/fabrica\/modulo-painel-de-led-p1-875\/","title":{"rendered":"P1.875 LED Panel Module"},"content":{"rendered":"<div id=\"featurebullets_feature_div\" class=\"celwidget\" data-feature-name=\"featurebullets\" data-csa-c-type=\"widget\" data-csa-c-content-id=\"featurebullets\" data-csa-c-slot-id=\"featurebullets_feature_div\" data-csa-c-asin=\"B07DF32D6Q\" data-csa-c-is-in-initial-active-row=\"false\" data-csa-c-id=\"3j0pnl-7cjnp-9t8psx-tspeog\">\n<div id=\"feature-bullets\" class=\"a-section a-spacing-medium a-spacing-top-small\">\n<div data-zone-id=\"0\" data-line-index=\"0\" data-line=\"true\">\n<p><strong>Main Applications:<\/strong><\/p>\n<ul>\n<li>Captivating product visuals in <a href=\"https:\/\/www.telaled.com\/en\/led-para-vitrine-de-loja\/\">shops and shop windows<\/a>.<\/li>\n<li>Crisp, high-quality content for conferences and trade shows.<\/li>\n<li>Reliable, high-resolution monitoring for critical environments.<\/li>\n<li>Exceptional clarity for TV studios and live broadcasts.<\/li>\n<\/ul>\n<p><strong>Proven Technology:<\/strong><\/p>\n<ul>\n<li>IP40\/IP50 \u2013 Dust and moisture resistance.<\/li>\n<li>16-bit gradient (281 trillion colors). \u2013 Photorealistic.<\/li>\n<li>CE\/RoHS\/ISO9001 certification \u2013 Industrial quality guaranteed.<\/li>\n<\/ul>\n<p><img loading=\"lazy\" decoding=\"async\" class=\"alignnone wp-image-2017 size-full\" src=\"https:\/\/www.telaled.com\/wp-content\/uploads\/2023\/06\/quality-led-module-materials-1.webp\" alt=\"quality-led-module-materials\" width=\"768\" height=\"555\" srcset=\"https:\/\/www.telaled.com\/wp-content\/uploads\/2023\/06\/quality-led-module-materials-1.webp 768w, https:\/\/www.telaled.com\/wp-content\/uploads\/2023\/06\/quality-led-module-materials-1-300x217.webp 300w, https:\/\/www.telaled.com\/wp-content\/uploads\/2023\/06\/quality-led-module-materials-1-18x12.webp 18w, https:\/\/www.telaled.com\/wp-content\/uploads\/2023\/06\/quality-led-module-materials-1-600x434.webp 600w\" sizes=\"auto, (max-width: 768px) 100vw, 768px\" \/><\/p>\n<\/div>\n<\/div>\n<\/div>\n<div data-feature-name=\"acf-carousel\" data-csa-c-type=\"widget\" data-csa-c-content-id=\"acf-carousel\" data-csa-c-slot-id=\"acf-carousel_feature_div\" data-csa-c-asin=\"B07DF32D6Q\" data-csa-c-is-in-initial-active-row=\"false\" data-csa-c-id=\"oqpgyr-mh4egp-nntzd2-kyiiqq\">\n<table id=\"tablepress-15\" class=\"tablepress tablepress-id-15\">\n<thead>\n<tr class=\"row-1\">\n\t<th colspan=\"4\" class=\"column-1\">Technical details<\/th>\n<\/tr>\n<\/thead>\n<tbody class=\"row-striping row-hover\">\n<tr class=\"row-2\">\n\t<td class=\"column-1\">Model Number<\/td><td class=\"column-2\">TL \u2013 P1.875 LED Panel Module<\/td><td class=\"column-3\"><\/td><td class=\"column-4\"><\/td>\n<\/tr>\n<tr class=\"row-3\">\n\t<td class=\"column-1\">Brand Name<\/td><td class=\"column-2\">TELALED Manufacturer<\/td><td class=\"column-3\">Screen Flatness<\/td><td class=\"column-4\">&lt;\u00b11mm<\/td>\n<\/tr>\n<tr class=\"row-4\">\n\t<td class=\"column-1\">Place of Origin<\/td><td class=\"column-2\">Guangdong, China<\/td><td class=\"column-3\">Mean Time Between Failures (MTBF)<\/td><td class=\"column-4\">10,000 Hours<\/td>\n<\/tr>\n<tr class=\"row-5\">\n\t<td class=\"column-1\">Pixel Distance<\/td><td class=\"column-2\">P1.875<\/td><td class=\"column-3\">Useful Life<\/td><td class=\"column-4\">100,000 Hours<\/td>\n<\/tr>\n<tr class=\"row-6\">\n\t<td class=\"column-1\">Minimum Viewing Distance<\/td><td class=\"column-2\">1.9m<\/td><td class=\"column-3\">Display Operating Voltage<\/td><td class=\"column-4\">AC46\uff5e54HZ, 220V\u00b115%\/110V\u00b115%<\/td>\n<\/tr>\n<tr class=\"row-7\">\n\t<td class=\"column-1\">LED configuration<\/td><td class=\"column-2\">SMD1515<\/td><td class=\"column-3\">Light Attenuation<\/td><td class=\"column-4\">\uff1c3%<\/td>\n<\/tr>\n<tr class=\"row-8\">\n\t<td class=\"column-1\">Module Resolution<\/td><td class=\"column-2\">128\u00d7128 pixels<\/td><td class=\"column-3\">Leakage Current<\/td><td class=\"column-4\">\uff1c3mA<\/td>\n<\/tr>\n<tr class=\"row-9\">\n\t<td class=\"column-1\">Module Pixels<\/td><td class=\"column-2\">16384 pixels<\/td><td class=\"column-3\">IP Protection Rating<\/td><td class=\"column-4\">Rear: IP40 \/ Front: IP50<\/td>\n<\/tr>\n<tr class=\"row-10\">\n\t<td class=\"column-1\">Module Size<\/td><td class=\"column-2\">W240mm*H240mm*T14<\/td><td class=\"column-3\">Temperature and Humidity of the Work Environment<\/td><td class=\"column-4\">Temp.: -20\u00b0C~+60\u00b0C \/ Humidity: 10%~90% RH<\/td>\n<\/tr>\n<tr class=\"row-11\">\n\t<td class=\"column-1\">Cabinet Size<\/td><td class=\"column-2\">480mm*480mm<\/td><td class=\"column-3\">Supported Media<\/td><td class=\"column-4\">Technical sheet, photo, EDA\/CAD models, video<\/td>\n<\/tr>\n<tr class=\"row-12\">\n\t<td class=\"column-1\">Pixel Configuration<\/td><td class=\"column-2\">SMD3 in 1, Full Color R\/G\/B 1,1,1<\/td><td class=\"column-3\">Function<\/td><td class=\"column-4\">SDK<\/td>\n<\/tr>\n<tr class=\"row-13\">\n\t<td class=\"column-1\">Balanced Shine<\/td><td class=\"column-2\">1000cd\/m\u00b2 (indoor)<\/td><td class=\"column-3\">Control Mode<\/td><td class=\"column-4\">Synchronous display with PC control over DVI<\/td>\n<\/tr>\n<tr class=\"row-14\">\n\t<td class=\"column-1\">Drive Method<\/td><td class=\"column-2\">1\/32 scan<\/td><td class=\"column-3\">Supported Software<\/td><td class=\"column-4\">Windows XP\/W7\/Vista<\/td>\n<\/tr>\n<tr class=\"row-15\">\n\t<td class=\"column-1\">Update Rate<\/td><td class=\"column-2\">\u22651920 Hz<\/td><td class=\"column-3\">Control System<\/td><td class=\"column-4\">DVI card + full color controller + optical fiber (optional)<\/td>\n<\/tr>\n<tr class=\"row-16\">\n\t<td class=\"column-1\">Change Detection Frequency<\/td><td class=\"column-2\">50-60Hz<\/td><td class=\"column-3\">Main Control System Mark<\/td><td class=\"column-4\">Novastar, Linsn, Huidu, Colorlight<\/td>\n<\/tr>\n<tr class=\"row-17\">\n\t<td class=\"column-1\">Viewing Angle<\/td><td class=\"column-2\">H140\u00b0 V120\u00b0<\/td><td class=\"column-3\">Interface<\/td><td class=\"column-4\">Standard Ethernet<\/td>\n<\/tr>\n<tr class=\"row-18\">\n\t<td class=\"column-1\">Inactive Light Rate<\/td><td class=\"column-2\">\u22641%<\/td><td class=\"column-3\">Transmission Distance<\/td><td class=\"column-4\">Multimode fiber <500m >\n<\/tr>\n<tr class=\"row-19\">\n\t<td class=\"column-1\">Energy Waste<\/td><td class=\"column-2\">700*1000 W\/M2<\/td><td class=\"column-3\">Guarantee<\/td><td class=\"column-4\">5 years<\/td>\n<\/tr>\n<tr class=\"row-20\">\n\t<td class=\"column-1\">Average Energy Consumption<\/td><td class=\"column-2\">240 W\/M2<\/td><td class=\"column-3\">Supplier Type<\/td><td class=\"column-4\">Original Manufacturer\/ODM\/OEM<\/td>\n<\/tr>\n<tr class=\"row-21\">\n\t<td class=\"column-1\">Gray Level<\/td><td class=\"column-2\">16-bit (281 trillion colors) \/ 65,536 shades per primary color<\/td><td class=\"column-3\">Delivery time<\/td><td class=\"column-4\">25 (or negotiable)<\/td>\n<\/tr>\n<tr class=\"row-22\">\n\t<td class=\"column-1\">Display Color<\/td><td class=\"column-2\">16M<\/td><td class=\"column-3\">Application<\/td><td class=\"column-4\">Advertising\/Interior\/Exterior<\/td>\n<\/tr>\n<tr class=\"row-23\">\n\t<td class=\"column-1\">Uninterrupted Working Hours<\/td><td class=\"column-2\">\u226572 hours<\/td><td class=\"column-3\">Use<\/td><td class=\"column-4\">Digital Advertising, Shopping Malls, Welcome Displays, Exhibition Halls, Airports, Churches, Sports, Events, Meetings, Rentals, Stages, Automotive, Retail, Weddings<\/td>\n<\/tr>\n<tr class=\"row-24\">\n\t<td class=\"column-1\">Discrete Blind Spot Rate<\/td><td class=\"column-2\"><1><td class=\"column-3\">Packaging Details<\/td><td class=\"column-4\">Reinforced cardboard box + wood<\/td>\n<\/tr>\n<tr class=\"row-25\">\n\t<td class=\"column-1\">Continuous Blind Spot Rate<\/td><td class=\"column-2\">None<\/td><td class=\"column-3\">Supply Capacity<\/td><td class=\"column-4\">5,000 units\/month<\/td>\n<\/tr>\n<tr class=\"row-26\">\n\t<td class=\"column-1\">Blind Spot Rate<\/td><td class=\"column-2\"><1><td class=\"column-3\">Harbor<\/td><td class=\"column-4\">Shenzhen<\/td>\n<\/tr>\n<\/tbody>\n<\/table>\n<\/div>\n<div id=\"provenanceCertifications_feature_div\" class=\"celwidget\" data-feature-name=\"provenanceCertifications\" data-csa-c-type=\"widget\" data-csa-c-content-id=\"provenanceCertifications\" data-csa-c-slot-id=\"provenanceCertifications_feature_div\" data-csa-c-asin=\"B07DF32D6Q\" data-csa-c-is-in-initial-active-row=\"false\" data-csa-c-id=\"6t8ho-xbknmj-nqaso5-ne24gd\">\n<div id=\"provenance-certifications\" class=\"a-section a-spacing-medium a-spacing-top-micro\">\u00a0<\/div>\n<\/div>","protected":false},"excerpt":{"rendered":"<p><strong>P1.875 LED Display Module | High Resolution Indoor Display Solution<\/strong><\/p>\n<p>THE <strong>P1.875 LED Panel Module<\/strong>\u00a0It offers crisp images and reliable performance for indoor environments, making it a smart choice for stores., <a href=\"https:\/\/www.telaled.com\/en\/telao-de-led-para-eventos\/\">events<\/a>, studios and control rooms. Its fine <a href=\"https:\/\/www.telaled.com\/en\/pixel-pitch\/\">pixel pitch<\/a> It guarantees detailed images, even up close.<\/p>\n<p><strong>Main Benefits:<\/strong><\/p>\n<p><strong>\u2714 High resolution (128\u00d7128 pixels per module) \u2013 <\/strong>Delivers crisp, detailed content for professional indoor displays.<\/p>\n<p><strong>\u2714 Brightness from 600 to 1000 nits \u2013 <\/strong>Provides vivid images, suitable for well-lit indoor environments.<\/p>\n<p><strong>\u2714 High refresh rate (\u22653840Hz) \u2013 <\/strong>Ensures smooth, flicker-free performance for <a href=\"https:\/\/www.telaled.com\/en\/video-walls\/\">video walls<\/a> and live streams.<\/p>\n<p><strong>\u2714 Technology <a href=\"https:\/\/www.telaled.com\/en\/led-smd\/\">SMD<\/a>: <\/strong>Utilizes stable SMD 1515 surface mount device technology for uniform colors, wide viewing angles, and reliable operation.<\/p>\n<p><strong>\u2714 Energy-efficient design: <\/strong>Low power consumption helps reduce electricity costs while maintaining high image quality.<\/p>\n<p><strong>\u2714 Lightweight and modular: <\/strong>Allows for quick installation, easy maintenance and flexible configurations.<\/p>","protected":false},"featured_media":2689,"template":"","meta":[],"product_brand":[],"product_cat":[41],"product_tag":[],"class_list":{"0":"post-2342","1":"product","2":"type-product","3":"status-publish","4":"has-post-thumbnail","6":"product_cat-modulo-painel-de-led","8":"first","9":"instock","10":"shipping-taxable","11":"product-type-simple"},"yoast_head":"<!-- This site is optimized with the Yoast SEO plugin v27.5 - https:\/\/yoast.com\/product\/yoast-seo-wordpress\/ -->\n<title>M\u00f3dulo de Painel LED P1.875 | Tela LED Interna de alta Resolu\u00e7\u00e3o|TELALED<\/title>\n<meta name=\"description\" content=\"M\u00f3dulo de painel LED P1.875 para displays internos de alta defini\u00e7\u00e3o. Perfeito para varejo, eventos e salas de controle. Solicite um or\u00e7amento hoje mesmo para sua solu\u00e7\u00e3o LED personalizada.\" \/>\n<meta name=\"robots\" content=\"index, follow, max-snippet:-1, max-image-preview:large, max-video-preview:-1\" \/>\n<link rel=\"canonical\" href=\"https:\/\/www.telaled.com\/en\/fabrica\/modulo-painel-de-led-p1-875\/\" \/>\n<meta property=\"og:locale\" content=\"en_US\" \/>\n<meta property=\"og:type\" content=\"article\" \/>\n<meta property=\"og:title\" content=\"M\u00f3dulo de Painel LED P1.875 | Tela LED Interna de alta Resolu\u00e7\u00e3o|TELALED\" \/>\n<meta property=\"og:description\" content=\"M\u00f3dulo de painel LED P1.875 para displays internos de alta defini\u00e7\u00e3o. Perfeito para varejo, eventos e salas de controle. Solicite um or\u00e7amento hoje mesmo para sua solu\u00e7\u00e3o LED personalizada.\" \/>\n<meta property=\"og:url\" content=\"https:\/\/www.telaled.com\/en\/fabrica\/modulo-painel-de-led-p1-875\/\" \/>\n<meta property=\"og:site_name\" content=\"TELALED\" \/>\n<meta property=\"article:modified_time\" content=\"2026-01-02T07:02:58+00:00\" \/>\n<meta property=\"og:image\" content=\"https:\/\/www.telaled.com\/wp-content\/uploads\/2025\/07\/Modulo-Painel-de-LED-P1.875-2.webp\" \/>\n\t<meta property=\"og:image:width\" content=\"500\" \/>\n\t<meta property=\"og:image:height\" content=\"500\" \/>\n\t<meta property=\"og:image:type\" content=\"image\/webp\" \/>\n<meta name=\"twitter:card\" content=\"summary_large_image\" \/>\n<meta name=\"twitter:label1\" content=\"Est. reading time\" \/>\n\t<meta name=\"twitter:data1\" content=\"1 minute\" \/>\n<script type=\"application\/ld+json\" class=\"yoast-schema-graph\">{\"@context\":\"https:\\\/\\\/schema.org\",\"@graph\":[{\"@type\":\"WebPage\",\"@id\":\"https:\\\/\\\/www.telaled.com\\\/fabrica\\\/modulo-painel-de-led-p1-875\\\/\",\"url\":\"https:\\\/\\\/www.telaled.com\\\/fabrica\\\/modulo-painel-de-led-p1-875\\\/\",\"name\":\"M\u00f3dulo de Painel LED P1.875 | Tela LED Interna de alta Resolu\u00e7\u00e3o|TELALED\",\"isPartOf\":{\"@id\":\"https:\\\/\\\/www.telaled.com\\\/#website\"},\"primaryImageOfPage\":{\"@id\":\"https:\\\/\\\/www.telaled.com\\\/fabrica\\\/modulo-painel-de-led-p1-875\\\/#primaryimage\"},\"image\":{\"@id\":\"https:\\\/\\\/www.telaled.com\\\/fabrica\\\/modulo-painel-de-led-p1-875\\\/#primaryimage\"},\"thumbnailUrl\":\"https:\\\/\\\/www.telaled.com\\\/wp-content\\\/uploads\\\/2025\\\/07\\\/Modulo-Painel-de-LED-P1.875-2.webp\",\"datePublished\":\"2025-07-04T01:01:26+00:00\",\"dateModified\":\"2026-01-02T07:02:58+00:00\",\"description\":\"M\u00f3dulo de painel LED P1.875 para displays internos de alta defini\u00e7\u00e3o. Perfeito para varejo, eventos e salas de controle. Solicite um or\u00e7amento hoje mesmo para sua solu\u00e7\u00e3o LED personalizada.\",\"breadcrumb\":{\"@id\":\"https:\\\/\\\/www.telaled.com\\\/fabrica\\\/modulo-painel-de-led-p1-875\\\/#breadcrumb\"},\"inLanguage\":\"en-US\",\"potentialAction\":[{\"@type\":\"ReadAction\",\"target\":[\"https:\\\/\\\/www.telaled.com\\\/fabrica\\\/modulo-painel-de-led-p1-875\\\/\"]}]},{\"@type\":\"ImageObject\",\"inLanguage\":\"en-US\",\"@id\":\"https:\\\/\\\/www.telaled.com\\\/fabrica\\\/modulo-painel-de-led-p1-875\\\/#primaryimage\",\"url\":\"https:\\\/\\\/www.telaled.com\\\/wp-content\\\/uploads\\\/2025\\\/07\\\/Modulo-Painel-de-LED-P1.875-2.webp\",\"contentUrl\":\"https:\\\/\\\/www.telaled.com\\\/wp-content\\\/uploads\\\/2025\\\/07\\\/Modulo-Painel-de-LED-P1.875-2.webp\",\"width\":500,\"height\":500,\"caption\":\"Modulo-Painel-de-LED-P1.875 (2)\"},{\"@type\":\"BreadcrumbList\",\"@id\":\"https:\\\/\\\/www.telaled.com\\\/fabrica\\\/modulo-painel-de-led-p1-875\\\/#breadcrumb\",\"itemListElement\":[{\"@type\":\"ListItem\",\"position\":1,\"name\":\"Home\",\"item\":\"https:\\\/\\\/www.telaled.com\\\/\"},{\"@type\":\"ListItem\",\"position\":2,\"name\":\"Produtos\",\"item\":\"https:\\\/\\\/www.telaled.com\\\/shop\\\/\"},{\"@type\":\"ListItem\",\"position\":3,\"name\":\"Modulo Painel de LED P1.875\"}]},{\"@type\":\"WebSite\",\"@id\":\"https:\\\/\\\/www.telaled.com\\\/#website\",\"url\":\"https:\\\/\\\/www.telaled.com\\\/\",\"name\":\"TELALED\",\"description\":\"\",\"potentialAction\":[{\"@type\":\"SearchAction\",\"target\":{\"@type\":\"EntryPoint\",\"urlTemplate\":\"https:\\\/\\\/www.telaled.com\\\/?s={search_term_string}\"},\"query-input\":{\"@type\":\"PropertyValueSpecification\",\"valueRequired\":true,\"valueName\":\"search_term_string\"}}],\"inLanguage\":\"en-US\"}]}<\/script>\n<!-- \/ Yoast SEO plugin. -->","yoast_head_json":{"title":"P1.875 LED Panel Module | High Resolution Indoor LED Screen | TELALED","description":"P1.875 LED panel module for indoor high-definition displays. Perfect for retail, events, and control rooms. Request a quote today for your custom LED solution.","robots":{"index":"index","follow":"follow","max-snippet":"max-snippet:-1","max-image-preview":"max-image-preview:large","max-video-preview":"max-video-preview:-1"},"canonical":"https:\/\/www.telaled.com\/en\/fabrica\/modulo-painel-de-led-p1-875\/","og_locale":"en_US","og_type":"article","og_title":"M\u00f3dulo de Painel LED P1.875 | Tela LED Interna de alta Resolu\u00e7\u00e3o|TELALED","og_description":"M\u00f3dulo de painel LED P1.875 para displays internos de alta defini\u00e7\u00e3o. Perfeito para varejo, eventos e salas de controle. Solicite um or\u00e7amento hoje mesmo para sua solu\u00e7\u00e3o LED personalizada.","og_url":"https:\/\/www.telaled.com\/en\/fabrica\/modulo-painel-de-led-p1-875\/","og_site_name":"TELALED","article_modified_time":"2026-01-02T07:02:58+00:00","og_image":[{"width":500,"height":500,"url":"https:\/\/www.telaled.com\/wp-content\/uploads\/2025\/07\/Modulo-Painel-de-LED-P1.875-2.webp","type":"image\/webp"}],"twitter_card":"summary_large_image","twitter_misc":{"Est. reading time":"1 minute"},"schema":{"@context":"https:\/\/schema.org","@graph":[{"@type":"WebPage","@id":"https:\/\/www.telaled.com\/fabrica\/modulo-painel-de-led-p1-875\/","url":"https:\/\/www.telaled.com\/fabrica\/modulo-painel-de-led-p1-875\/","name":"P1.875 LED Panel Module | High Resolution Indoor LED Screen | TELALED","isPartOf":{"@id":"https:\/\/www.telaled.com\/#website"},"primaryImageOfPage":{"@id":"https:\/\/www.telaled.com\/fabrica\/modulo-painel-de-led-p1-875\/#primaryimage"},"image":{"@id":"https:\/\/www.telaled.com\/fabrica\/modulo-painel-de-led-p1-875\/#primaryimage"},"thumbnailUrl":"https:\/\/www.telaled.com\/wp-content\/uploads\/2025\/07\/Modulo-Painel-de-LED-P1.875-2.webp","datePublished":"2025-07-04T01:01:26+00:00","dateModified":"2026-01-02T07:02:58+00:00","description":"P1.875 LED panel module for indoor high-definition displays. Perfect for retail, events, and control rooms. Request a quote today for your custom LED solution.","breadcrumb":{"@id":"https:\/\/www.telaled.com\/fabrica\/modulo-painel-de-led-p1-875\/#breadcrumb"},"inLanguage":"en-US","potentialAction":[{"@type":"ReadAction","target":["https:\/\/www.telaled.com\/fabrica\/modulo-painel-de-led-p1-875\/"]}]},{"@type":"ImageObject","inLanguage":"en-US","@id":"https:\/\/www.telaled.com\/fabrica\/modulo-painel-de-led-p1-875\/#primaryimage","url":"https:\/\/www.telaled.com\/wp-content\/uploads\/2025\/07\/Modulo-Painel-de-LED-P1.875-2.webp","contentUrl":"https:\/\/www.telaled.com\/wp-content\/uploads\/2025\/07\/Modulo-Painel-de-LED-P1.875-2.webp","width":500,"height":500,"caption":"Modulo-Painel-de-LED-P1.875 (2)"},{"@type":"BreadcrumbList","@id":"https:\/\/www.telaled.com\/fabrica\/modulo-painel-de-led-p1-875\/#breadcrumb","itemListElement":[{"@type":"ListItem","position":1,"name":"Home","item":"https:\/\/www.telaled.com\/"},{"@type":"ListItem","position":2,"name":"Produtos","item":"https:\/\/www.telaled.com\/shop\/"},{"@type":"ListItem","position":3,"name":"Modulo Painel de LED P1.875"}]},{"@type":"WebSite","@id":"https:\/\/www.telaled.com\/#website","url":"https:\/\/www.telaled.com\/","name":"LED screen","description":"","potentialAction":[{"@type":"SearchAction","target":{"@type":"EntryPoint","urlTemplate":"https:\/\/www.telaled.com\/?s={search_term_string}"},"query-input":{"@type":"PropertyValueSpecification","valueRequired":true,"valueName":"search_term_string"}}],"inLanguage":"en-US"}]}},"_links":{"self":[{"href":"https:\/\/www.telaled.com\/en\/wp-json\/wp\/v2\/product\/2342","targetHints":{"allow":["GET"]}}],"collection":[{"href":"https:\/\/www.telaled.com\/en\/wp-json\/wp\/v2\/product"}],"about":[{"href":"https:\/\/www.telaled.com\/en\/wp-json\/wp\/v2\/types\/product"}],"wp:featuredmedia":[{"embeddable":true,"href":"https:\/\/www.telaled.com\/en\/wp-json\/wp\/v2\/media\/2689"}],"wp:attachment":[{"href":"https:\/\/www.telaled.com\/en\/wp-json\/wp\/v2\/media?parent=2342"}],"wp:term":[{"taxonomy":"product_brand","embeddable":true,"href":"https:\/\/www.telaled.com\/en\/wp-json\/wp\/v2\/product_brand?post=2342"},{"taxonomy":"product_cat","embeddable":true,"href":"https:\/\/www.telaled.com\/en\/wp-json\/wp\/v2\/product_cat?post=2342"},{"taxonomy":"product_tag","embeddable":true,"href":"https:\/\/www.telaled.com\/en\/wp-json\/wp\/v2\/product_tag?post=2342"}],"curies":[{"name":"wp","href":"https:\/\/api.w.org\/{rel}","templated":true}]}}