{"id":5698,"date":"2025-11-18T06:54:38","date_gmt":"2025-11-18T06:54:38","guid":{"rendered":"https:\/\/www.telaled.com\/?post_type=product&#038;p=5698"},"modified":"2026-01-11T06:43:34","modified_gmt":"2026-01-11T06:43:34","slug":"letreiro-digital-para-loja","status":"publish","type":"product","link":"https:\/\/www.telaled.com\/de\/fabrica\/letreiro-digital-para-loja\/","title":{"rendered":"Digitales Schild f\u00fcr Gesch\u00e4ft"},"content":{"rendered":"<div class=\"row\"  id=\"row-614572008\">\n\n\t<div id=\"col-1019163856\" class=\"col small-12 large-12\"  >\n\t\t\t\t<div class=\"col-inner\"  >\n\t\t\t\n\t\t\t\n<h2>Exklusive Vorteile des flexiblen LED-Autobildschirms<\/h2>\n<h3><strong>\u00dcberragende Haltbarkeit<\/strong><\/h3>\n<ul>\n<li>Hergestellt aus hochwertigen Komponenten in Industriequalit\u00e4t.<\/li>\n<li>Konzipiert, um stark frequentierten Umgebungen und rauen Bedingungen standzuhalten.<\/li>\n<li>Hitzebest\u00e4ndig und vor direkter Sonneneinstrahlung gesch\u00fctzt, gew\u00e4hrleistet dies eine lange Lebensdauer.<\/li>\n<\/ul>\n<h3><strong>Au\u00dfergew\u00f6hnliche Bildqualit\u00e4t<\/strong><\/h3>\n<ul>\n<li>Es liefert scharfe, hochaufl\u00f6sende Bilder mit lebendigen, klaren Farben.<\/li>\n<li>Hoher Kontrast f\u00fcr tiefere Schwarzt\u00f6ne und verbesserte Helligkeit.<\/li>\n<li>Gut sichtbar unter allen Lichtverh\u00e4ltnissen, liefert gleichbleibend attraktive Bilder.<\/li>\n<\/ul>\n<h3><strong>Vollst\u00e4ndige Anpassungsf\u00e4higkeit<\/strong><\/h3>\n<ul>\n<li>Anpassbare Gr\u00f6\u00dfe und Konfiguration f\u00fcr verschiedene Ladenlayouts.<\/li>\n<li>Es l\u00e4sst sich problemlos in bestehende Systeme integrieren und erm\u00f6glicht so ein nahtloses Content-Management.<\/li>\n<li>Es unterst\u00fctzt Aktualisierungen in Echtzeit und erm\u00f6glicht so dynamische Inhalts\u00e4nderungen f\u00fcr Werbeaktionen oder Mitteilungen.<\/li>\n<\/ul>\n<h3><strong>Umfassende Unterst\u00fctzung<\/strong><\/h3>\n<ul>\n<li>Spezialisierter Support rund um die Uhr, 7 Tage die Woche, damit Ihr System reibungslos l\u00e4uft und Sie ununterbrochen Unterst\u00fctzung erhalten.<\/li>\n<li>5%-Garantie auf Teile, was die Zuverl\u00e4ssigkeit erh\u00f6ht und Ausfallzeiten minimiert.<\/li>\n<li>3 Jahre Garantie f\u00fcr garantierte Leistung und absolute Sorgenfreiheit.<\/li>\n<li>Sch\u00fctzen Sie Ihre Investition mit einem umfassenden Versicherungsschutz.<\/li>\n<\/ul>\n<h2>Produktdetails<\/h2>\n<div class=\"row\"  id=\"row-1325194585\">\n\n\t<div id=\"col-447014000\" class=\"col medium-10 small-12 large-10\"  >\n\t\t\t\t<div class=\"col-inner text-left\"  >\n\t\t\t\n\t\t\t\n<ul>\n<li>TELALED bietet eine intuitive Plattform zur Erstellung und Aktualisierung von Kommunikationsabl\u00e4ufen am Point of Sale. Unternehmen erreichen damit wichtige Ziele wie die Steigerung der Kundenfrequenz und des Umsatzes. Dank anpassbarer Vorlagen k\u00f6nnen Teams Nachrichten einfach verwalten und aktualisieren, Markenkonsistenz gew\u00e4hrleisten und bei Bedarf eine individuelle visuelle Identit\u00e4t schaffen.<\/li>\n<\/ul>\n\t<div class=\"img has-hover x md-x lg-x y md-y lg-y\" id=\"image_56563193\">\n\t\t\t\t\t\t\t\t<div class=\"img-inner dark\" >\n\t\t\t<img loading=\"lazy\" decoding=\"async\" width=\"800\" height=\"512\" src=\"https:\/\/www.telaled.com\/wp-content\/uploads\/2025\/11\/letreiro-digital-para-loja-1.webp\" class=\"attachment-original size-original\" alt=\"digitales Schild f\u00fcr Laden\" srcset=\"https:\/\/www.telaled.com\/wp-content\/uploads\/2025\/11\/letreiro-digital-para-loja-1.webp 800w, https:\/\/www.telaled.com\/wp-content\/uploads\/2025\/11\/letreiro-digital-para-loja-1-300x192.webp 300w, https:\/\/www.telaled.com\/wp-content\/uploads\/2025\/11\/letreiro-digital-para-loja-1-768x492.webp 768w, https:\/\/www.telaled.com\/wp-content\/uploads\/2025\/11\/letreiro-digital-para-loja-1-18x12.webp 18w, https:\/\/www.telaled.com\/wp-content\/uploads\/2025\/11\/letreiro-digital-para-loja-1-600x384.webp 600w\" sizes=\"auto, (max-width: 800px) 100vw, 800px\" \/>\t\t\t\t\t\t\n\t\t\t\t\t<\/div>\n\t\t\t\t\t\t\t\t\n<style>\n#image_56563193 {\n  width: 80%;\n}\n<\/style>\n\t<\/div>\n\t\n<ul>\n<li>Digital Signage erm\u00f6glicht Unternehmen die Verwaltung und Verteilung von Inhalten auf digitalen Bildschirmen in \u00f6ffentlichen R\u00e4umen, Einzelhandelsumgebungen und B\u00fcros. Es bietet eine zentrale Plattform zur Steuerung von Bildschirmnetzwerken, stellt dynamische, zielgruppenspezifische Inhalte bereit, verbessert die Kommunikation und erm\u00f6glicht Interaktionen in Echtzeit f\u00fcr ein ansprechenderes Nutzererlebnis.<\/li>\n<\/ul>\n\t<div class=\"img has-hover x md-x lg-x y md-y lg-y\" id=\"image_979720115\">\n\t\t\t\t\t\t\t\t<div class=\"img-inner dark\" >\n\t\t\t<img loading=\"lazy\" decoding=\"async\" width=\"1020\" height=\"711\" src=\"https:\/\/www.telaled.com\/wp-content\/uploads\/2025\/11\/letreiro-digital-para-loja1-1-1024x714.webp\" class=\"attachment-large size-large\" alt=\"digitales Schild f\u00fcr Gesch\u00e4ft 1 (1)\" srcset=\"https:\/\/www.telaled.com\/wp-content\/uploads\/2025\/11\/letreiro-digital-para-loja1-1-1024x714.webp 1024w, https:\/\/www.telaled.com\/wp-content\/uploads\/2025\/11\/letreiro-digital-para-loja1-1-300x209.webp 300w, https:\/\/www.telaled.com\/wp-content\/uploads\/2025\/11\/letreiro-digital-para-loja1-1-768x536.webp 768w, https:\/\/www.telaled.com\/wp-content\/uploads\/2025\/11\/letreiro-digital-para-loja1-1-1536x1071.webp 1536w, https:\/\/www.telaled.com\/wp-content\/uploads\/2025\/11\/letreiro-digital-para-loja1-1-18x12.webp 18w, https:\/\/www.telaled.com\/wp-content\/uploads\/2025\/11\/letreiro-digital-para-loja1-1-600x419.webp 600w, https:\/\/www.telaled.com\/wp-content\/uploads\/2025\/11\/letreiro-digital-para-loja1-1.webp 2000w\" sizes=\"auto, (max-width: 1020px) 100vw, 1020px\" \/>\t\t\t\t\t\t\n\t\t\t\t\t<\/div>\n\t\t\t\t\t\t\t\t\n<style>\n#image_979720115 {\n  width: 80%;\n}\n<\/style>\n\t<\/div>\n\t\n<ul>\n<li>Umsatzsteigerung ist das oberste Ziel jedes Unternehmens, und Digital Signage spielt dabei eine entscheidende Rolle. Durch die strategische Platzierung digitaler Displays k\u00f6nnen Unternehmen die Aufmerksamkeit der Kunden gewinnen, wichtige Produkte hervorheben und Werbeaktionen kontextbezogen pr\u00e4sentieren. Dies unterh\u00e4lt nicht nur, sondern regt auch zum Kauf an und wirkt sich somit direkt auf die Gesch\u00e4ftsergebnisse aus.<\/li>\n<\/ul>\n\t<div class=\"img has-hover x md-x lg-x y md-y lg-y\" id=\"image_352205669\">\n\t\t\t\t\t\t\t\t<div class=\"img-inner dark\" >\n\t\t\t<img loading=\"lazy\" decoding=\"async\" width=\"1020\" height=\"574\" src=\"https:\/\/www.telaled.com\/wp-content\/uploads\/2025\/11\/letreiro-digital-para-loja3-1.webp\" class=\"attachment-large size-large\" alt=\"digitales Schild f\u00fcr Gesch\u00e4ft 3 (1)\" srcset=\"https:\/\/www.telaled.com\/wp-content\/uploads\/2025\/11\/letreiro-digital-para-loja3-1.webp 1024w, https:\/\/www.telaled.com\/wp-content\/uploads\/2025\/11\/letreiro-digital-para-loja3-1-300x169.webp 300w, https:\/\/www.telaled.com\/wp-content\/uploads\/2025\/11\/letreiro-digital-para-loja3-1-768x432.webp 768w, https:\/\/www.telaled.com\/wp-content\/uploads\/2025\/11\/letreiro-digital-para-loja3-1-18x10.webp 18w, https:\/\/www.telaled.com\/wp-content\/uploads\/2025\/11\/letreiro-digital-para-loja3-1-600x338.webp 600w\" sizes=\"auto, (max-width: 1020px) 100vw, 1020px\" \/>\t\t\t\t\t\t\n\t\t\t\t\t<\/div>\n\t\t\t\t\t\t\t\t\n<style>\n#image_352205669 {\n  width: 80%;\n}\n<\/style>\n\t<\/div>\n\t\n<ul>\n<li>Interaktive Inhalte verbessern nachweislich das Einkaufserlebnis, indem sie Kunden einbinden und deren Kaufentscheidungen beeinflussen. Mit interaktiven und personalisierten Displays steigern Sie die Kundenzufriedenheit und f\u00f6rdern die Interaktion. Diese dynamischen Funktionen erh\u00f6hen nicht nur die Kundenzufriedenheit, sondern vermitteln Ihre Botschaft auch effektiv und f\u00fchren so zu mehr Konversionen und Ums\u00e4tzen.<\/li>\n<\/ul>\n\t<div class=\"img has-hover x md-x lg-x y md-y lg-y\" id=\"image_721094116\">\n\t\t\t\t\t\t\t\t<div class=\"img-inner dark\" >\n\t\t\t<img loading=\"lazy\" decoding=\"async\" width=\"835\" height=\"440\" src=\"https:\/\/www.telaled.com\/wp-content\/uploads\/2025\/11\/letreiro-digital-para-loja5-1.webp\" class=\"attachment-large size-large\" alt=\"digitales Schild f\u00fcr Gesch\u00e4ft 5 (1)\" srcset=\"https:\/\/www.telaled.com\/wp-content\/uploads\/2025\/11\/letreiro-digital-para-loja5-1.webp 835w, https:\/\/www.telaled.com\/wp-content\/uploads\/2025\/11\/letreiro-digital-para-loja5-1-300x158.webp 300w, https:\/\/www.telaled.com\/wp-content\/uploads\/2025\/11\/letreiro-digital-para-loja5-1-768x405.webp 768w, https:\/\/www.telaled.com\/wp-content\/uploads\/2025\/11\/letreiro-digital-para-loja5-1-18x9.webp 18w, https:\/\/www.telaled.com\/wp-content\/uploads\/2025\/11\/letreiro-digital-para-loja5-1-600x316.webp 600w\" sizes=\"auto, (max-width: 835px) 100vw, 835px\" \/>\t\t\t\t\t\t\n\t\t\t\t\t<\/div>\n\t\t\t\t\t\t\t\t\n<style>\n#image_721094116 {\n  width: 80%;\n}\n<\/style>\n\t<\/div>\n\t\n\t\t<\/div>\n\t\t\t\t\t<\/div>\n\n\t\n<\/div>\n\t\t<\/div>\n\t\t\t\t\t<\/div>\n\n\t\n<\/div>","protected":false},"excerpt":{"rendered":"<div><strong>Digitale Beschilderung f\u00fcr Gesch\u00e4fte: Die clevere Art, Kunden anzulocken und die Kundenfrequenz zu erh\u00f6hen.<\/strong><\/div>\n<div><\/div>\n<div>Digitale Displays im Einzelhandel erm\u00f6glichen es Ihnen, Aktionen in Echtzeit anzuzeigen, neue Produkte hervorzuheben und Kunden mit lebendigen und dynamischen Bildern in Ihr Gesch\u00e4ft zu locken. Im Gegensatz zu statischen Postern aktualisieren sich diese Bildschirme sofort und bleiben auch bei starker Innenbeleuchtung scharf. Damit geh\u00f6ren sie zu den effektivsten Werkzeugen f\u00fcr den modernen Einzelhandel.<\/div>\n<div><\/div>\n<div><strong>Haupteigenschaften:<\/strong><\/div>\n<ul>\n<li><strong>Hochglanz:<\/strong> 800-1200 Nits f\u00fcr gestochen scharfe Sichtbarkeit, selbst durch Glas oder helle Ladenbeleuchtung.<\/li>\n<li><strong>Scharfe Aufl\u00f6sung:<\/strong> <a href=\"https:\/\/www.telaled.com\/de\/fabrica\/painel-de-led-hd-serie-tho\/\">HD-Bildschirme<\/a>-4K f\u00fcr gestochen scharfe Produktfotos und akkurate Farben.<\/li>\n<li><strong>Kurzes Inhaltsupdate:<\/strong> Die Steuerung \u00fcber Wi-Fi\/LAN erm\u00f6glicht es Ihnen, Werbeaktionen in Sekundenschnelle zu \u00e4ndern.<\/li>\n<li><strong>Konzipiert f\u00fcr den 24\/7-Einsatz:<\/strong> Industrielle Schaltschr\u00e4nke, die f\u00fcr den Dauerbetrieb ohne \u00dcberhitzung ausgelegt sind.<\/li>\n<\/ul>","protected":false},"featured_media":5700,"template":"","meta":[],"product_brand":[],"product_cat":[49],"product_tag":[],"class_list":{"0":"post-5698","1":"product","2":"type-product","3":"status-publish","4":"has-post-thumbnail","6":"product_cat-digital-signage","8":"first","9":"instock","10":"shipping-taxable","11":"product-type-simple"},"yoast_head":"<!-- This site is optimized with the Yoast SEO plugin v27.5 - https:\/\/yoast.com\/product\/yoast-seo-wordpress\/ -->\n<title>Letreiro Digital para Loja | Aumente a visibilidade e as vendas com displays de alto impacto| TELALED<\/title>\n<meta name=\"description\" content=\"Modernize a fachada da sua loja com um painel digital que oferece imagens mais vibrantes, conte\u00fado din\u00e2mico e maior intera\u00e7\u00e3o com os clientes. Entre em contato agora mesmo para solicitar um or\u00e7amento!\" \/>\n<meta name=\"robots\" content=\"index, follow, max-snippet:-1, max-image-preview:large, max-video-preview:-1\" \/>\n<link rel=\"canonical\" href=\"https:\/\/www.telaled.com\/de\/fabrica\/letreiro-digital-para-loja\/\" \/>\n<meta property=\"og:locale\" content=\"de_DE\" \/>\n<meta property=\"og:type\" content=\"article\" \/>\n<meta property=\"og:title\" content=\"Letreiro Digital para Loja | Aumente a visibilidade e as vendas com displays de alto impacto| TELALED\" \/>\n<meta property=\"og:description\" content=\"Modernize a fachada da sua loja com um painel digital que oferece imagens mais vibrantes, conte\u00fado din\u00e2mico e maior intera\u00e7\u00e3o com os clientes. Entre em contato agora mesmo para solicitar um or\u00e7amento!\" \/>\n<meta property=\"og:url\" content=\"https:\/\/www.telaled.com\/de\/fabrica\/letreiro-digital-para-loja\/\" \/>\n<meta property=\"og:site_name\" content=\"TELALED\" \/>\n<meta property=\"article:modified_time\" content=\"2026-01-11T06:43:34+00:00\" \/>\n<meta property=\"og:image\" content=\"https:\/\/www.telaled.com\/wp-content\/uploads\/2025\/11\/letreiro-digital-para-loja.webp\" \/>\n\t<meta property=\"og:image:width\" content=\"500\" \/>\n\t<meta property=\"og:image:height\" content=\"500\" \/>\n\t<meta property=\"og:image:type\" content=\"image\/webp\" \/>\n<meta name=\"twitter:card\" content=\"summary_large_image\" \/>\n<meta name=\"twitter:label1\" content=\"Gesch\u00e4tzte Lesezeit\" \/>\n\t<meta name=\"twitter:data1\" content=\"3\u00a0Minuten\" \/>\n<script type=\"application\/ld+json\" class=\"yoast-schema-graph\">{\"@context\":\"https:\\\/\\\/schema.org\",\"@graph\":[{\"@type\":\"WebPage\",\"@id\":\"https:\\\/\\\/www.telaled.com\\\/fabrica\\\/letreiro-digital-para-loja\\\/\",\"url\":\"https:\\\/\\\/www.telaled.com\\\/fabrica\\\/letreiro-digital-para-loja\\\/\",\"name\":\"Letreiro Digital para Loja | Aumente a visibilidade e as vendas com displays de alto impacto| TELALED\",\"isPartOf\":{\"@id\":\"https:\\\/\\\/www.telaled.com\\\/#website\"},\"primaryImageOfPage\":{\"@id\":\"https:\\\/\\\/www.telaled.com\\\/fabrica\\\/letreiro-digital-para-loja\\\/#primaryimage\"},\"image\":{\"@id\":\"https:\\\/\\\/www.telaled.com\\\/fabrica\\\/letreiro-digital-para-loja\\\/#primaryimage\"},\"thumbnailUrl\":\"https:\\\/\\\/www.telaled.com\\\/wp-content\\\/uploads\\\/2025\\\/11\\\/letreiro-digital-para-loja.webp\",\"datePublished\":\"2025-11-18T06:54:38+00:00\",\"dateModified\":\"2026-01-11T06:43:34+00:00\",\"description\":\"Modernize a fachada da sua loja com um painel digital que oferece imagens mais vibrantes, conte\u00fado din\u00e2mico e maior intera\u00e7\u00e3o com os clientes. Entre em contato agora mesmo para solicitar um or\u00e7amento!\",\"breadcrumb\":{\"@id\":\"https:\\\/\\\/www.telaled.com\\\/fabrica\\\/letreiro-digital-para-loja\\\/#breadcrumb\"},\"inLanguage\":\"de\",\"potentialAction\":[{\"@type\":\"ReadAction\",\"target\":[\"https:\\\/\\\/www.telaled.com\\\/fabrica\\\/letreiro-digital-para-loja\\\/\"]}]},{\"@type\":\"ImageObject\",\"inLanguage\":\"de\",\"@id\":\"https:\\\/\\\/www.telaled.com\\\/fabrica\\\/letreiro-digital-para-loja\\\/#primaryimage\",\"url\":\"https:\\\/\\\/www.telaled.com\\\/wp-content\\\/uploads\\\/2025\\\/11\\\/letreiro-digital-para-loja.webp\",\"contentUrl\":\"https:\\\/\\\/www.telaled.com\\\/wp-content\\\/uploads\\\/2025\\\/11\\\/letreiro-digital-para-loja.webp\",\"width\":500,\"height\":500,\"caption\":\"letreiro digital para loja\"},{\"@type\":\"BreadcrumbList\",\"@id\":\"https:\\\/\\\/www.telaled.com\\\/fabrica\\\/letreiro-digital-para-loja\\\/#breadcrumb\",\"itemListElement\":[{\"@type\":\"ListItem\",\"position\":1,\"name\":\"Home\",\"item\":\"https:\\\/\\\/www.telaled.com\\\/\"},{\"@type\":\"ListItem\",\"position\":2,\"name\":\"Produtos\",\"item\":\"https:\\\/\\\/www.telaled.com\\\/shop\\\/\"},{\"@type\":\"ListItem\",\"position\":3,\"name\":\"letreiro digital para loja\"}]},{\"@type\":\"WebSite\",\"@id\":\"https:\\\/\\\/www.telaled.com\\\/#website\",\"url\":\"https:\\\/\\\/www.telaled.com\\\/\",\"name\":\"TELALED\",\"description\":\"\",\"potentialAction\":[{\"@type\":\"SearchAction\",\"target\":{\"@type\":\"EntryPoint\",\"urlTemplate\":\"https:\\\/\\\/www.telaled.com\\\/?s={search_term_string}\"},\"query-input\":{\"@type\":\"PropertyValueSpecification\",\"valueRequired\":true,\"valueName\":\"search_term_string\"}}],\"inLanguage\":\"de\"}]}<\/script>\n<!-- \/ Yoast SEO plugin. -->","yoast_head_json":{"title":"Digitale Beschilderung f\u00fcr den Einzelhandel | Steigern Sie Sichtbarkeit und Umsatz mit wirkungsvollen Displays | TELALED","description":"Modernisieren Sie Ihre Ladenfassade mit einem digitalen Display, das lebendigere Bilder, dynamische Inhalte und eine st\u00e4rkere Kundeninteraktion bietet. Fordern Sie jetzt ein Angebot an!","robots":{"index":"index","follow":"follow","max-snippet":"max-snippet:-1","max-image-preview":"max-image-preview:large","max-video-preview":"max-video-preview:-1"},"canonical":"https:\/\/www.telaled.com\/de\/fabrica\/letreiro-digital-para-loja\/","og_locale":"de_DE","og_type":"article","og_title":"Letreiro Digital para Loja | Aumente a visibilidade e as vendas com displays de alto impacto| TELALED","og_description":"Modernize a fachada da sua loja com um painel digital que oferece imagens mais vibrantes, conte\u00fado din\u00e2mico e maior intera\u00e7\u00e3o com os clientes. Entre em contato agora mesmo para solicitar um or\u00e7amento!","og_url":"https:\/\/www.telaled.com\/de\/fabrica\/letreiro-digital-para-loja\/","og_site_name":"TELALED","article_modified_time":"2026-01-11T06:43:34+00:00","og_image":[{"width":500,"height":500,"url":"https:\/\/www.telaled.com\/wp-content\/uploads\/2025\/11\/letreiro-digital-para-loja.webp","type":"image\/webp"}],"twitter_card":"summary_large_image","twitter_misc":{"Gesch\u00e4tzte Lesezeit":"3\u00a0Minuten"},"schema":{"@context":"https:\/\/schema.org","@graph":[{"@type":"WebPage","@id":"https:\/\/www.telaled.com\/fabrica\/letreiro-digital-para-loja\/","url":"https:\/\/www.telaled.com\/fabrica\/letreiro-digital-para-loja\/","name":"Digitale Beschilderung f\u00fcr den Einzelhandel | Steigern Sie Sichtbarkeit und Umsatz mit wirkungsvollen Displays | TELALED","isPartOf":{"@id":"https:\/\/www.telaled.com\/#website"},"primaryImageOfPage":{"@id":"https:\/\/www.telaled.com\/fabrica\/letreiro-digital-para-loja\/#primaryimage"},"image":{"@id":"https:\/\/www.telaled.com\/fabrica\/letreiro-digital-para-loja\/#primaryimage"},"thumbnailUrl":"https:\/\/www.telaled.com\/wp-content\/uploads\/2025\/11\/letreiro-digital-para-loja.webp","datePublished":"2025-11-18T06:54:38+00:00","dateModified":"2026-01-11T06:43:34+00:00","description":"Modernisieren Sie Ihre Ladenfassade mit einem digitalen Display, das lebendigere Bilder, dynamische Inhalte und eine st\u00e4rkere Kundeninteraktion bietet. Fordern Sie jetzt ein Angebot an!","breadcrumb":{"@id":"https:\/\/www.telaled.com\/fabrica\/letreiro-digital-para-loja\/#breadcrumb"},"inLanguage":"de","potentialAction":[{"@type":"ReadAction","target":["https:\/\/www.telaled.com\/fabrica\/letreiro-digital-para-loja\/"]}]},{"@type":"ImageObject","inLanguage":"de","@id":"https:\/\/www.telaled.com\/fabrica\/letreiro-digital-para-loja\/#primaryimage","url":"https:\/\/www.telaled.com\/wp-content\/uploads\/2025\/11\/letreiro-digital-para-loja.webp","contentUrl":"https:\/\/www.telaled.com\/wp-content\/uploads\/2025\/11\/letreiro-digital-para-loja.webp","width":500,"height":500,"caption":"letreiro digital para loja"},{"@type":"BreadcrumbList","@id":"https:\/\/www.telaled.com\/fabrica\/letreiro-digital-para-loja\/#breadcrumb","itemListElement":[{"@type":"ListItem","position":1,"name":"Home","item":"https:\/\/www.telaled.com\/"},{"@type":"ListItem","position":2,"name":"Produtos","item":"https:\/\/www.telaled.com\/shop\/"},{"@type":"ListItem","position":3,"name":"letreiro digital para loja"}]},{"@type":"WebSite","@id":"https:\/\/www.telaled.com\/#website","url":"https:\/\/www.telaled.com\/","name":"LED-Bildschirm","description":"","potentialAction":[{"@type":"SearchAction","target":{"@type":"EntryPoint","urlTemplate":"https:\/\/www.telaled.com\/?s={search_term_string}"},"query-input":{"@type":"PropertyValueSpecification","valueRequired":true,"valueName":"search_term_string"}}],"inLanguage":"de"}]}},"_links":{"self":[{"href":"https:\/\/www.telaled.com\/de\/wp-json\/wp\/v2\/product\/5698","targetHints":{"allow":["GET"]}}],"collection":[{"href":"https:\/\/www.telaled.com\/de\/wp-json\/wp\/v2\/product"}],"about":[{"href":"https:\/\/www.telaled.com\/de\/wp-json\/wp\/v2\/types\/product"}],"wp:featuredmedia":[{"embeddable":true,"href":"https:\/\/www.telaled.com\/de\/wp-json\/wp\/v2\/media\/5700"}],"wp:attachment":[{"href":"https:\/\/www.telaled.com\/de\/wp-json\/wp\/v2\/media?parent=5698"}],"wp:term":[{"taxonomy":"product_brand","embeddable":true,"href":"https:\/\/www.telaled.com\/de\/wp-json\/wp\/v2\/product_brand?post=5698"},{"taxonomy":"product_cat","embeddable":true,"href":"https:\/\/www.telaled.com\/de\/wp-json\/wp\/v2\/product_cat?post=5698"},{"taxonomy":"product_tag","embeddable":true,"href":"https:\/\/www.telaled.com\/de\/wp-json\/wp\/v2\/product_tag?post=5698"}],"curies":[{"name":"wp","href":"https:\/\/api.w.org\/{rel}","templated":true}]}}