{"id":3971,"date":"2025-10-09T13:35:49","date_gmt":"2025-10-09T13:35:49","guid":{"rendered":"https:\/\/www.telaled.com\/?post_type=product&#038;p=3971"},"modified":"2026-01-07T00:52:28","modified_gmt":"2026-01-07T00:52:28","slug":"cronometro-digital-para-basquete-serie-teg","status":"publish","type":"product","link":"https:\/\/www.telaled.com\/de\/fabrica\/cronometro-digital-para-basquete-serie-teg\/","title":{"rendered":"Digitale Basketball-Stoppuhr der TEG-Serie"},"content":{"rendered":"<div class=\"row\"  id=\"row-1390145017\">\n\n\t<div id=\"col-362335621\" class=\"col small-12 large-12\"  >\n\t\t\t\t<div class=\"col-inner\"  >\n\t\t\t\n\t\t\t\n<h2><strong>Einzigartige Vorteile des digitalen Basketball-Timers der TEG-Serie<\/strong><\/h2>\n<h3><strong>Intelligente Steuerungstechnologie<\/strong><\/h3>\n<ul>\n<li>Ausgestattet mit einem fortschrittlichen Steuerchip, der f\u00fcr Zeitgenauigkeit und schnelle Signalreaktion sorgt.<\/li>\n<li>Verhindert Verz\u00f6gerungen im Betrieb und sorgt f\u00fcr eine stabile Leistung w\u00e4hrend des gesamten Spiels.<\/li>\n<li>F\u00fcr den Dauereinsatz ohne \u00dcberhitzung oder Systemfehler konzipiert.<\/li>\n<\/ul>\n<h3><strong>Robuster Aluminiumrahmen<\/strong><\/h3>\n<ul>\n<li>Konstruiert mit einem hochfesten Aluminiumgeh\u00e4use, das St\u00f6\u00dfen und Korrosion widersteht.<\/li>\n<li>Sch\u00fctzt interne Schaltkreise vor Sch\u00e4den bei h\u00e4ufigem Transport oder Einbau.<\/li>\n<li>Kombiniert leichte Tragbarkeit mit langer Haltbarkeit.<\/li>\n<\/ul>\n<h3><strong>Einstellbares Helligkeitssystem<\/strong><\/h3>\n<ul>\n<li>Passen Sie die LED-Helligkeit automatisch an die Umgebungsbeleuchtung an.<\/li>\n<li>Verbessert die Sichtbarkeit in Innenr\u00e4umen und im Halb-Au\u00dfenbereich.<\/li>\n<li><a href=\"https:\/\/www.telaled.com\/de\/entendendo-o-consumo-de-energia-painel-de-led-quao-eficientes-sao-os-displays-de-led-modernos\/\">Energieverbrauch<\/a> Reduzierte Gr\u00f6\u00dfe bei gleichbleibend hoher Bildqualit\u00e4t.<\/li>\n<\/ul>\n<h3><strong>Lange Akkulaufzeit und Leistungsflexibilit\u00e4t<\/strong><\/h3>\n<ul>\n<li>Unterst\u00fctzt direkte Stromversorgung \u00fcber Stecker und Batteriebetrieb f\u00fcr unterbrechungsfreie Leistung.<\/li>\n<li>Das energieeffiziente Design erh\u00f6ht die Laufzeit zwischen den Ladevorg\u00e4ngen.<\/li>\n<li>Ideal f\u00fcr tragbare Installationen oder Standorte mit eingeschr\u00e4nktem Zugang zu Strom.<\/li>\n<\/ul>\n<h2><strong>Produktdetails<\/strong><\/h2>\n<div class=\"row\"  id=\"row-1821334071\">\n\n\t<div id=\"col-977409579\" class=\"col medium-10 small-12 large-10\"  >\n\t\t\t\t<div class=\"col-inner text-left\"  >\n\t\t\t\n\t\t\t\n<ul>\n<li><strong>Bildschirmgr\u00f6\u00dfe<\/strong> - Der<strong> Digitaler Basketball-Timer der TEG-Serie<\/strong> Die Ma\u00dfe betragen 80 x 30 cm, die Ziffernh\u00f6he betr\u00e4gt 13 cm, wodurch Spielern und Zuschauern auf dem gesamten Spielfeld eine klare Sicht gew\u00e4hrleistet wird.<\/li>\n<\/ul>\n\t<div class=\"img has-hover x md-x lg-x y md-y lg-y\" id=\"image_523655900\">\n\t\t\t\t\t\t\t\t<div class=\"img-inner dark\" >\n\t\t\t<img loading=\"lazy\" decoding=\"async\" width=\"800\" height=\"800\" src=\"https:\/\/www.telaled.com\/wp-content\/uploads\/2025\/10\/Sizes.webp\" class=\"attachment-large size-large\" alt=\"Gr\u00f6\u00dfe Digitale Basketball-Stoppuhr\" srcset=\"https:\/\/www.telaled.com\/wp-content\/uploads\/2025\/10\/Sizes.webp 800w, https:\/\/www.telaled.com\/wp-content\/uploads\/2025\/10\/Sizes-300x300.webp 300w, https:\/\/www.telaled.com\/wp-content\/uploads\/2025\/10\/Sizes-150x150.webp 150w, https:\/\/www.telaled.com\/wp-content\/uploads\/2025\/10\/Sizes-768x768.webp 768w, https:\/\/www.telaled.com\/wp-content\/uploads\/2025\/10\/Sizes-12x12.webp 12w, https:\/\/www.telaled.com\/wp-content\/uploads\/2025\/10\/Sizes-600x600.webp 600w, https:\/\/www.telaled.com\/wp-content\/uploads\/2025\/10\/Sizes-100x100.webp 100w\" sizes=\"auto, (max-width: 800px) 100vw, 800px\" \/>\t\t\t\t\t\t\n\t\t\t\t\t<\/div>\n\t\t\t\t\t\t\t\t\n<style>\n#image_523655900 {\n  width: 80%;\n}\n<\/style>\n\t<\/div>\n\t\n<ul>\n<li><strong>Farboptionen<\/strong> \u2013 Passen Sie Ihre Anzeigetafel mit roten, blauen, gelben, gr\u00fcnen oder mehrfarbigen LED-Ziffern an, sodass Sie sie an Ihr Teamthema oder das Design des Veranstaltungsortes anpassen k\u00f6nnen.<\/li>\n<\/ul>\n\t<div class=\"img has-hover x md-x lg-x y md-y lg-y\" id=\"image_828937967\">\n\t\t\t\t\t\t\t\t<div class=\"img-inner dark\" >\n\t\t\t<img loading=\"lazy\" decoding=\"async\" width=\"800\" height=\"800\" src=\"https:\/\/www.telaled.com\/wp-content\/uploads\/2025\/10\/Customize.webp\" class=\"attachment-original size-original\" alt=\"\" srcset=\"https:\/\/www.telaled.com\/wp-content\/uploads\/2025\/10\/Customize.webp 800w, https:\/\/www.telaled.com\/wp-content\/uploads\/2025\/10\/Customize-300x300.webp 300w, https:\/\/www.telaled.com\/wp-content\/uploads\/2025\/10\/Customize-150x150.webp 150w, https:\/\/www.telaled.com\/wp-content\/uploads\/2025\/10\/Customize-768x768.webp 768w, https:\/\/www.telaled.com\/wp-content\/uploads\/2025\/10\/Customize-12x12.webp 12w, https:\/\/www.telaled.com\/wp-content\/uploads\/2025\/10\/Customize-600x600.webp 600w, https:\/\/www.telaled.com\/wp-content\/uploads\/2025\/10\/Customize-100x100.webp 100w\" sizes=\"auto, (max-width: 800px) 100vw, 800px\" \/>\t\t\t\t\t\t\n\t\t\t\t\t<\/div>\n\t\t\t\t\t\t\t\t\n<style>\n#image_828937967 {\n  width: 80%;\n}\n<\/style>\n\t<\/div>\n\t\n<ul>\n<li><strong>Breite Anwendung<\/strong> \u2013 Perfekt f\u00fcr Basketballspiele, Trainingszentren, Schulturnhallen und Indoor-Sportarenen. Bietet genaue Zeitmessung und eine klare Punkteanzeige f\u00fcr jedes Spiel.<\/li>\n<\/ul>\n\t<div class=\"img has-hover x md-x lg-x y md-y lg-y\" id=\"image_1341235639\">\n\t\t\t\t\t\t\t\t<div class=\"img-inner dark\" >\n\t\t\t<img loading=\"lazy\" decoding=\"async\" width=\"600\" height=\"400\" src=\"https:\/\/www.telaled.com\/wp-content\/uploads\/2025\/10\/Application.webp\" class=\"attachment-large size-large\" alt=\"Anwendung\" srcset=\"https:\/\/www.telaled.com\/wp-content\/uploads\/2025\/10\/Application.webp 600w, https:\/\/www.telaled.com\/wp-content\/uploads\/2025\/10\/Application-300x200.webp 300w, https:\/\/www.telaled.com\/wp-content\/uploads\/2025\/10\/Application-18x12.webp 18w\" sizes=\"auto, (max-width: 600px) 100vw, 600px\" \/>\t\t\t\t\t\t\n\t\t\t\t\t<\/div>\n\t\t\t\t\t\t\t\t\n<style>\n#image_1341235639 {\n  width: 80%;\n}\n<\/style>\n\t<\/div>\n\t\n<ul>\n<li><strong>Benutzerfreundliches Design<\/strong> \u2013 Verf\u00fcgt \u00fcber eine einfache Steuerschnittstelle, schnelle Reaktionszeit und eine leichte Struktur, wodurch Einrichtung, Bedienung und Speicherung auch f\u00fcr nicht-technische Benutzer einfach sind.<\/li>\n<\/ul>\n\t<div class=\"img has-hover x md-x lg-x y md-y lg-y\" id=\"image_207034230\">\n\t\t\t\t\t\t\t\t<div class=\"img-inner dark\" >\n\t\t\t<img loading=\"lazy\" decoding=\"async\" width=\"800\" height=\"800\" src=\"https:\/\/www.telaled.com\/wp-content\/uploads\/2025\/10\/User-Friendly.webp\" class=\"attachment-large size-large\" alt=\"\" srcset=\"https:\/\/www.telaled.com\/wp-content\/uploads\/2025\/10\/User-Friendly.webp 800w, https:\/\/www.telaled.com\/wp-content\/uploads\/2025\/10\/User-Friendly-300x300.webp 300w, https:\/\/www.telaled.com\/wp-content\/uploads\/2025\/10\/User-Friendly-150x150.webp 150w, https:\/\/www.telaled.com\/wp-content\/uploads\/2025\/10\/User-Friendly-768x768.webp 768w, https:\/\/www.telaled.com\/wp-content\/uploads\/2025\/10\/User-Friendly-12x12.webp 12w, https:\/\/www.telaled.com\/wp-content\/uploads\/2025\/10\/User-Friendly-600x600.webp 600w, https:\/\/www.telaled.com\/wp-content\/uploads\/2025\/10\/User-Friendly-100x100.webp 100w\" sizes=\"auto, (max-width: 800px) 100vw, 800px\" \/>\t\t\t\t\t\t\n\t\t\t\t\t<\/div>\n\t\t\t\t\t\t\t\t\n<style>\n#image_207034230 {\n  width: 80%;\n}\n<\/style>\n\t<\/div>\n\t\n<ul>\n<li>Jede <strong>Digitale Basketball-Stoppuhr der TEG-Serie<\/strong> Die Verpackung erfolgt in stabilen Holzkisten, die f\u00fcr den Transport \u00fcber lange Strecken verst\u00e4rkt sind. Jede Einheit ist sicher befestigt, um St\u00f6\u00dfe oder Sch\u00e4den durch Sch\u00e4dlinge zu verhindern. So wird sichergestellt, dass sie in einwandfreiem Zustand und einsatzbereit bei Ihnen ankommt.<\/li>\n<\/ul>\n\t<div class=\"img has-hover x md-x lg-x y md-y lg-y\" id=\"image_581434724\">\n\t\t\t\t\t\t\t\t<div class=\"img-inner dark\" >\n\t\t\t<img loading=\"lazy\" decoding=\"async\" width=\"760\" height=\"1024\" src=\"https:\/\/www.telaled.com\/wp-content\/uploads\/2025\/08\/36123f2c-de60-488d-af81-255cd4aee54a-760x1024.webp\" class=\"attachment-large size-large\" alt=\"\" srcset=\"https:\/\/www.telaled.com\/wp-content\/uploads\/2025\/08\/36123f2c-de60-488d-af81-255cd4aee54a-760x1024.webp 760w, https:\/\/www.telaled.com\/wp-content\/uploads\/2025\/08\/36123f2c-de60-488d-af81-255cd4aee54a-223x300.webp 223w, https:\/\/www.telaled.com\/wp-content\/uploads\/2025\/08\/36123f2c-de60-488d-af81-255cd4aee54a-768x1035.webp 768w, https:\/\/www.telaled.com\/wp-content\/uploads\/2025\/08\/36123f2c-de60-488d-af81-255cd4aee54a-9x12.webp 9w, https:\/\/www.telaled.com\/wp-content\/uploads\/2025\/08\/36123f2c-de60-488d-af81-255cd4aee54a-600x808.webp 600w, https:\/\/www.telaled.com\/wp-content\/uploads\/2025\/08\/36123f2c-de60-488d-af81-255cd4aee54a.webp 795w\" sizes=\"auto, (max-width: 760px) 100vw, 760px\" \/>\t\t\t\t\t\t\n\t\t\t\t\t<\/div>\n\t\t\t\t\t\t\t\t\n<style>\n#image_581434724 {\n  width: 80%;\n}\n<\/style>\n\t<\/div>\n\t\n\n<table id=\"tablepress-103\" class=\"tablepress tablepress-id-103\">\n<thead>\n<tr class=\"row-1\">\n\t<th colspan=\"4\" class=\"column-1\">Produktbeschreibung<\/th>\n<\/tr>\n<\/thead>\n<tbody class=\"row-striping row-hover\">\n<tr class=\"row-2\">\n\t<td class=\"column-1\">Technische Daten<\/td><td class=\"column-2\">Digitale Basketball-Stoppuhr der TEG-Serie<\/td><td class=\"column-3\"><\/td><td class=\"column-4\"><\/td>\n<\/tr>\n<tr class=\"row-3\">\n\t<td class=\"column-1\">LED-Farbe<\/td><td class=\"column-2\">Mehrfarbig<\/td><td class=\"column-3\"><\/td><td class=\"column-4\"><\/td>\n<\/tr>\n<tr class=\"row-4\">\n\t<td class=\"column-1\">Ziffernh\u00f6he<\/td><td class=\"column-2\">5 Zoll<\/td><td class=\"column-3\"><\/td><td class=\"column-4\"><\/td>\n<\/tr>\n<tr class=\"row-5\">\n\t<td class=\"column-1\">Dimension<\/td><td class=\"column-2\">800 x 300 x 60 mm (31,4 x 11,8 x 2,7 Zoll)<\/td><td class=\"column-3\"><\/td><td class=\"column-4\"><\/td>\n<\/tr>\n<tr class=\"row-6\">\n\t<td class=\"column-1\">Betrieb<\/td><td class=\"column-2\">Infrarot-Fernbedienung<\/td><td class=\"column-3\"><\/td><td class=\"column-4\"><\/td>\n<\/tr>\n<tr class=\"row-7\">\n\t<td class=\"column-1\">Leistung<\/td><td class=\"column-2\">AC 110 V\u2013240 V DC 5 V 2 A (f\u00fcr jedes Land sind unterschiedliche Stecker verf\u00fcgbar)<\/td><td class=\"column-3\"><\/td><td class=\"column-4\"><\/td>\n<\/tr>\n<tr class=\"row-8\">\n\t<td class=\"column-1\">Fall<\/td><td class=\"column-2\">Robuster Rahmen aus Aluminiumlegierung, blendfreie Acryllinse<\/td><td class=\"column-3\"><\/td><td class=\"column-4\"><\/td>\n<\/tr>\n<tr class=\"row-9\">\n\t<td class=\"column-1\">Gewicht<\/td><td class=\"column-2\">3,9 kg<\/td><td class=\"column-3\"><\/td><td class=\"column-4\"><\/td>\n<\/tr>\n<tr class=\"row-10\">\n\t<td class=\"column-1\">Funktion<\/td><td class=\"column-2\">Punkteanzeige, MM:SS Countdown\/Up-Anzeige<\/td><td class=\"column-3\"><\/td><td class=\"column-4\"><\/td>\n<\/tr>\n<tr class=\"row-11\">\n\t<td class=\"column-1\">Appellieren<\/td><td class=\"column-2\">Unterst\u00fctzt die Stromversorgung durch ein tragbares Ladeger\u00e4t oder einen wiederaufladbaren Akku.<br \/>\nHelligkeitseinstellung in 5 Stufen.<br \/>\nDer Timer kann direkt an der Wand befestigt oder auf einen Tisch gestellt werden.<\/td><td class=\"column-3\"><\/td><td class=\"column-4\"><\/td>\n<\/tr>\n<\/tbody>\n<\/table>\n\n\t\t<\/div>\n\t\t\t\t\t<\/div>\n\n\t\n<\/div>\n\t\t<\/div>\n\t\t\t\t\t<\/div>\n\n\t\n<\/div>","protected":false},"excerpt":{"rendered":"<p><strong>Digitaler Basketball-Timer der TEG-Serie \u2013 Pr\u00e4zises Timing leicht gemacht<\/strong><\/p>\n<p>DER <em><strong>Digitale Basketball-Stoppuhr der TEG-Serie<\/strong><\/em> Es liefert pr\u00e4zise und gut lesbare Ergebnisse f\u00fcr Basketball und andere Sportarten. Dank seines hellen LED-Displays, der verschiedenen Anzeigemodi und des tragbaren Designs ist es ideal f\u00fcr Schulen geeignet., <a href=\"https:\/\/www.telaled.com\/de\/cronometro-academia\/\">Fitnessstudios<\/a> und Ausbildungszentren.<\/p>\n<p><strong>Hauptvorteile:<\/strong><\/p>\n<ul>\n<li><strong>Drahtlose Steuerung \u00fcber gro\u00dfe Entfernungen<\/strong> \u2013 Verwalten Sie Ergebnisse und Zeitmessung bequem per Fernzugriff \u00fcber die Steuerkonsole.<\/li>\n<li><strong>Pr\u00e4zises Timing<\/strong> \u2013 Verfolgen Sie Spiele genau, um ein faires und professionelles Gameplay zu gew\u00e4hrleisten.<\/li>\n<li><strong>Schnelle Einrichtung und Bedienung<\/strong> \u2013 Tragbar und einfach zu verwenden. Sie k\u00f6nnen es in wenigen Minuten einrichten, ohne dass technische Kenntnisse erforderlich sind.<\/li>\n<li><strong>Langlebig und zuverl\u00e4ssig<\/strong> \u2013 Hergestellt aus hochwertigen Materialien, um gleichbleibende Leistung und lange Lebensdauer zu gew\u00e4hrleisten.<\/li>\n<\/ul>\n<p><span style=\"font-weight: 400;\">Unser Team bietet 24\/7-Fernsupport und 3 Jahre Garantie. Kontaktieren Sie uns noch heute f\u00fcr ein individuelles Angebot.<\/span><\/p>","protected":false},"featured_media":3975,"template":"","meta":[],"product_brand":[],"product_cat":[48,40,44,46],"product_tag":[],"class_list":{"0":"post-3971","1":"product","2":"type-product","3":"status-publish","4":"has-post-thumbnail","6":"product_cat-paineis-personalizados","7":"product_cat-painel-de-led","8":"product_cat-painel-de-led-flexivel","9":"product_cat-painel-de-video","11":"first","12":"instock","13":"shipping-taxable","14":"product-type-simple"},"yoast_head":"<!-- This site is optimized with the Yoast SEO plugin v27.5 - https:\/\/yoast.com\/product\/yoast-seo-wordpress\/ -->\n<title>Cronometro Digital Para Basquete S\u00e9rie TEG | TELALED<\/title>\n<meta name=\"description\" content=\"Melhore seu jogo com um cronometro digital para basquete. Placar LED multifuncional com visor n\u00edtido e design dur\u00e1vel para qualquer arena esportiva.\" \/>\n<meta name=\"robots\" content=\"index, follow, max-snippet:-1, max-image-preview:large, max-video-preview:-1\" \/>\n<link rel=\"canonical\" href=\"https:\/\/www.telaled.com\/de\/fabrica\/cronometro-digital-para-basquete-serie-teg\/\" \/>\n<meta property=\"og:locale\" content=\"de_DE\" \/>\n<meta property=\"og:type\" content=\"article\" \/>\n<meta property=\"og:title\" content=\"Cronometro Digital Para Basquete S\u00e9rie TEG | TELALED\" \/>\n<meta property=\"og:description\" content=\"Melhore seu jogo com um cronometro digital para basquete. Placar LED multifuncional com visor n\u00edtido e design dur\u00e1vel para qualquer arena esportiva.\" \/>\n<meta property=\"og:url\" content=\"https:\/\/www.telaled.com\/de\/fabrica\/cronometro-digital-para-basquete-serie-teg\/\" \/>\n<meta property=\"og:site_name\" content=\"TELALED\" \/>\n<meta property=\"article:modified_time\" content=\"2026-01-07T00:52:28+00:00\" \/>\n<meta property=\"og:image\" content=\"https:\/\/www.telaled.com\/wp-content\/uploads\/2025\/10\/Digital-basketball-timer.webp\" \/>\n\t<meta property=\"og:image:width\" content=\"500\" \/>\n\t<meta property=\"og:image:height\" content=\"500\" \/>\n\t<meta property=\"og:image:type\" content=\"image\/webp\" \/>\n<meta name=\"twitter:card\" content=\"summary_large_image\" \/>\n<meta name=\"twitter:label1\" content=\"Gesch\u00e4tzte Lesezeit\" \/>\n\t<meta name=\"twitter:data1\" content=\"3\u00a0Minuten\" \/>\n<script type=\"application\/ld+json\" class=\"yoast-schema-graph\">{\"@context\":\"https:\\\/\\\/schema.org\",\"@graph\":[{\"@type\":\"WebPage\",\"@id\":\"https:\\\/\\\/www.telaled.com\\\/fabrica\\\/cronometro-digital-para-basquete-serie-teg\\\/\",\"url\":\"https:\\\/\\\/www.telaled.com\\\/fabrica\\\/cronometro-digital-para-basquete-serie-teg\\\/\",\"name\":\"Cronometro Digital Para Basquete S\u00e9rie TEG | TELALED\",\"isPartOf\":{\"@id\":\"https:\\\/\\\/www.telaled.com\\\/#website\"},\"primaryImageOfPage\":{\"@id\":\"https:\\\/\\\/www.telaled.com\\\/fabrica\\\/cronometro-digital-para-basquete-serie-teg\\\/#primaryimage\"},\"image\":{\"@id\":\"https:\\\/\\\/www.telaled.com\\\/fabrica\\\/cronometro-digital-para-basquete-serie-teg\\\/#primaryimage\"},\"thumbnailUrl\":\"https:\\\/\\\/www.telaled.com\\\/wp-content\\\/uploads\\\/2025\\\/10\\\/Digital-basketball-timer.webp\",\"datePublished\":\"2025-10-09T13:35:49+00:00\",\"dateModified\":\"2026-01-07T00:52:28+00:00\",\"description\":\"Melhore seu jogo com um cronometro digital para basquete. Placar LED multifuncional com visor n\u00edtido e design dur\u00e1vel para qualquer arena esportiva.\",\"breadcrumb\":{\"@id\":\"https:\\\/\\\/www.telaled.com\\\/fabrica\\\/cronometro-digital-para-basquete-serie-teg\\\/#breadcrumb\"},\"inLanguage\":\"de\",\"potentialAction\":[{\"@type\":\"ReadAction\",\"target\":[\"https:\\\/\\\/www.telaled.com\\\/fabrica\\\/cronometro-digital-para-basquete-serie-teg\\\/\"]}]},{\"@type\":\"ImageObject\",\"inLanguage\":\"de\",\"@id\":\"https:\\\/\\\/www.telaled.com\\\/fabrica\\\/cronometro-digital-para-basquete-serie-teg\\\/#primaryimage\",\"url\":\"https:\\\/\\\/www.telaled.com\\\/wp-content\\\/uploads\\\/2025\\\/10\\\/Digital-basketball-timer.webp\",\"contentUrl\":\"https:\\\/\\\/www.telaled.com\\\/wp-content\\\/uploads\\\/2025\\\/10\\\/Digital-basketball-timer.webp\",\"width\":500,\"height\":500,\"caption\":\"Cronometro digital para basquete\"},{\"@type\":\"BreadcrumbList\",\"@id\":\"https:\\\/\\\/www.telaled.com\\\/fabrica\\\/cronometro-digital-para-basquete-serie-teg\\\/#breadcrumb\",\"itemListElement\":[{\"@type\":\"ListItem\",\"position\":1,\"name\":\"Home\",\"item\":\"https:\\\/\\\/www.telaled.com\\\/\"},{\"@type\":\"ListItem\",\"position\":2,\"name\":\"Produtos\",\"item\":\"https:\\\/\\\/www.telaled.com\\\/shop\\\/\"},{\"@type\":\"ListItem\",\"position\":3,\"name\":\"Cronometro Digital Para Basquete S\u00e9rie TEG\"}]},{\"@type\":\"WebSite\",\"@id\":\"https:\\\/\\\/www.telaled.com\\\/#website\",\"url\":\"https:\\\/\\\/www.telaled.com\\\/\",\"name\":\"TELALED\",\"description\":\"\",\"potentialAction\":[{\"@type\":\"SearchAction\",\"target\":{\"@type\":\"EntryPoint\",\"urlTemplate\":\"https:\\\/\\\/www.telaled.com\\\/?s={search_term_string}\"},\"query-input\":{\"@type\":\"PropertyValueSpecification\",\"valueRequired\":true,\"valueName\":\"search_term_string\"}}],\"inLanguage\":\"de\"}]}<\/script>\n<!-- \/ Yoast SEO plugin. -->","yoast_head_json":{"title":"Digitale Basketball-Stoppuhr der TEG-Serie | LED-Bildschirm","description":"Verbessern Sie Ihr Spiel mit einer digitalen Basketball-Anzeigetafel. Diese multifunktionale LED-Anzeigetafel bietet ein klares Display und ein robustes Design f\u00fcr jede Sportarena.","robots":{"index":"index","follow":"follow","max-snippet":"max-snippet:-1","max-image-preview":"max-image-preview:large","max-video-preview":"max-video-preview:-1"},"canonical":"https:\/\/www.telaled.com\/de\/fabrica\/cronometro-digital-para-basquete-serie-teg\/","og_locale":"de_DE","og_type":"article","og_title":"Cronometro Digital Para Basquete S\u00e9rie TEG | TELALED","og_description":"Melhore seu jogo com um cronometro digital para basquete. Placar LED multifuncional com visor n\u00edtido e design dur\u00e1vel para qualquer arena esportiva.","og_url":"https:\/\/www.telaled.com\/de\/fabrica\/cronometro-digital-para-basquete-serie-teg\/","og_site_name":"TELALED","article_modified_time":"2026-01-07T00:52:28+00:00","og_image":[{"width":500,"height":500,"url":"https:\/\/www.telaled.com\/wp-content\/uploads\/2025\/10\/Digital-basketball-timer.webp","type":"image\/webp"}],"twitter_card":"summary_large_image","twitter_misc":{"Gesch\u00e4tzte Lesezeit":"3\u00a0Minuten"},"schema":{"@context":"https:\/\/schema.org","@graph":[{"@type":"WebPage","@id":"https:\/\/www.telaled.com\/fabrica\/cronometro-digital-para-basquete-serie-teg\/","url":"https:\/\/www.telaled.com\/fabrica\/cronometro-digital-para-basquete-serie-teg\/","name":"Digitale Basketball-Stoppuhr der TEG-Serie | LED-Bildschirm","isPartOf":{"@id":"https:\/\/www.telaled.com\/#website"},"primaryImageOfPage":{"@id":"https:\/\/www.telaled.com\/fabrica\/cronometro-digital-para-basquete-serie-teg\/#primaryimage"},"image":{"@id":"https:\/\/www.telaled.com\/fabrica\/cronometro-digital-para-basquete-serie-teg\/#primaryimage"},"thumbnailUrl":"https:\/\/www.telaled.com\/wp-content\/uploads\/2025\/10\/Digital-basketball-timer.webp","datePublished":"2025-10-09T13:35:49+00:00","dateModified":"2026-01-07T00:52:28+00:00","description":"Verbessern Sie Ihr Spiel mit einer digitalen Basketball-Anzeigetafel. Diese multifunktionale LED-Anzeigetafel bietet ein klares Display und ein robustes Design f\u00fcr jede Sportarena.","breadcrumb":{"@id":"https:\/\/www.telaled.com\/fabrica\/cronometro-digital-para-basquete-serie-teg\/#breadcrumb"},"inLanguage":"de","potentialAction":[{"@type":"ReadAction","target":["https:\/\/www.telaled.com\/fabrica\/cronometro-digital-para-basquete-serie-teg\/"]}]},{"@type":"ImageObject","inLanguage":"de","@id":"https:\/\/www.telaled.com\/fabrica\/cronometro-digital-para-basquete-serie-teg\/#primaryimage","url":"https:\/\/www.telaled.com\/wp-content\/uploads\/2025\/10\/Digital-basketball-timer.webp","contentUrl":"https:\/\/www.telaled.com\/wp-content\/uploads\/2025\/10\/Digital-basketball-timer.webp","width":500,"height":500,"caption":"Cronometro digital para basquete"},{"@type":"BreadcrumbList","@id":"https:\/\/www.telaled.com\/fabrica\/cronometro-digital-para-basquete-serie-teg\/#breadcrumb","itemListElement":[{"@type":"ListItem","position":1,"name":"Home","item":"https:\/\/www.telaled.com\/"},{"@type":"ListItem","position":2,"name":"Produtos","item":"https:\/\/www.telaled.com\/shop\/"},{"@type":"ListItem","position":3,"name":"Cronometro Digital Para Basquete S\u00e9rie TEG"}]},{"@type":"WebSite","@id":"https:\/\/www.telaled.com\/#website","url":"https:\/\/www.telaled.com\/","name":"LED-Bildschirm","description":"","potentialAction":[{"@type":"SearchAction","target":{"@type":"EntryPoint","urlTemplate":"https:\/\/www.telaled.com\/?s={search_term_string}"},"query-input":{"@type":"PropertyValueSpecification","valueRequired":true,"valueName":"search_term_string"}}],"inLanguage":"de"}]}},"_links":{"self":[{"href":"https:\/\/www.telaled.com\/de\/wp-json\/wp\/v2\/product\/3971","targetHints":{"allow":["GET"]}}],"collection":[{"href":"https:\/\/www.telaled.com\/de\/wp-json\/wp\/v2\/product"}],"about":[{"href":"https:\/\/www.telaled.com\/de\/wp-json\/wp\/v2\/types\/product"}],"wp:featuredmedia":[{"embeddable":true,"href":"https:\/\/www.telaled.com\/de\/wp-json\/wp\/v2\/media\/3975"}],"wp:attachment":[{"href":"https:\/\/www.telaled.com\/de\/wp-json\/wp\/v2\/media?parent=3971"}],"wp:term":[{"taxonomy":"product_brand","embeddable":true,"href":"https:\/\/www.telaled.com\/de\/wp-json\/wp\/v2\/product_brand?post=3971"},{"taxonomy":"product_cat","embeddable":true,"href":"https:\/\/www.telaled.com\/de\/wp-json\/wp\/v2\/product_cat?post=3971"},{"taxonomy":"product_tag","embeddable":true,"href":"https:\/\/www.telaled.com\/de\/wp-json\/wp\/v2\/product_tag?post=3971"}],"curies":[{"name":"wp","href":"https:\/\/api.w.org\/{rel}","templated":true}]}}