{"id":3928,"date":"2025-10-09T02:28:13","date_gmt":"2025-10-09T02:28:13","guid":{"rendered":"https:\/\/www.telaled.com\/?post_type=product&#038;p=3928"},"modified":"2026-01-07T01:14:05","modified_gmt":"2026-01-07T01:14:05","slug":"electronic-gym-scoreboard-serie-tei","status":"publish","type":"product","link":"https:\/\/www.telaled.com\/de\/fabrica\/electronic-gym-scoreboard-serie-tei\/","title":{"rendered":"Elektronische Anzeigetafel f\u00fcr Fitnessstudios, TEI-Serie"},"content":{"rendered":"<div class=\"row\"  id=\"row-1651950411\">\n\n\t<div id=\"col-693864549\" class=\"col small-12 large-12\"  >\n\t\t\t\t<div class=\"col-inner\"  >\n\t\t\t\n\t\t\t\n<h2>Elektronische Anzeigetafel f\u00fcr Fitnessstudios, TEI-Serie<\/h2>\n<h3><strong>\u00dcberragende Haltbarkeit<\/strong><\/h3>\n<ul>\n<li>Eisengeh\u00e4use mit Schutzart IP65, best\u00e4ndig gegen Staub, Regen und Hitze.<\/li>\n<li>960\u00d7960 mm und 40 kg Tragkraft garantieren Stabilit\u00e4t f\u00fcr mobile Stufen.<\/li>\n<li>LEDs <a href=\"https:\/\/www.telaled.com\/de\/led-smd\/\">SMD<\/a> 1G1R1B-Batterien haben eine Lebensdauer von mehr als 100.000 Stunden.<\/li>\n<li>Korrosionsbest\u00e4ndige Teile mit effizienter K\u00fchlung.<\/li>\n<\/ul>\n<h3><strong>Au\u00dfergew\u00f6hnliche Bildqualit\u00e4t<\/strong><\/h3>\n<ul>\n<li>4 mm Pixelabstand und 62.500 Punkte\/m\u00b2 Pixeldichte f\u00fcr scharfe Details.<\/li>\n<li>5.000\u20137.000 Nits Helligkeit f\u00fcr Sichtbarkeit im Sonnenlicht.<\/li>\n<li>Kontrastverh\u00e4ltnis 10.000:1 bei 68,7 Milliarden Farben.<\/li>\n<li>1920\u20133840 Hz Bildwiederholrate f\u00fcr fl\u00fcssige Videos.<\/li>\n<\/ul>\n<h3><strong>Vollst\u00e4ndige Anpassungsf\u00e4higkeit<\/strong><\/h3>\n<ul>\n<li>SDK-Unterst\u00fctzung f\u00fcr Remote-Updates und -Steuerung.<\/li>\n<li>Der weite Betrachtungswinkel von 140\u00b0 sorgt f\u00fcr Klarheit.<\/li>\n<li>250\u00d7250 mm gro\u00dfe modulare Paneele f\u00fcr eine einfache Installation.<\/li>\n<li>Ideal f\u00fcr LKWs, Einkaufszentren, Flugh\u00e4fen und Veranstaltungen.<\/li>\n<\/ul>\n<h3><strong>Umfassende Unterst\u00fctzung<\/strong><\/h3>\n<ul>\n<li>Technischer Expertensupport rund um die Uhr. Erhalten Sie jederzeit und \u00fcberall zuverl\u00e4ssige Unterst\u00fctzung von unserem rund um die Uhr verf\u00fcgbaren Remote-Support-Team.<\/li>\n<li>Zus\u00e4tzliche 5%-Ersatzteile. Jede Bestellung enth\u00e4lt zus\u00e4tzliche Ersatzkomponenten, die f\u00fcr mehr Zuverl\u00e4ssigkeit sorgen und Ihnen mehr Sicherheit geben.<\/li>\n<li>3 Jahre erweiterte Garantie. Genie\u00dfen Sie lang anhaltende Leistung und zuverl\u00e4ssigen Service mit einer 3-j\u00e4hrigen erweiterten Garantie f\u00fcr maximalen Schutz.<\/li>\n<\/ul>\n<h2>Produktdetails<\/h2>\n<div class=\"row\"  id=\"row-409000055\">\n\n\t<div id=\"col-218071376\" class=\"col medium-10 small-12 large-10\"  >\n\t\t\t\t<div class=\"col-inner text-left\"  >\n\t\t\t\n\t\t\t\n<ul>\n<li>Verfolgen Sie jede Wiederholung und Runde mit dem <em><strong>Elektronische Anzeigetafel f\u00fcr Fitnessstudios<\/strong><\/em>Mit einem hellgr\u00fcnen Fortschrittsbalken und einer LED-Countdown-Anzeige funktioniert es wie Ihr pers\u00f6nlicher Trainer und hilft Ihnen, Intervalle, Ruhezeiten und die gesamte Trainingszeit zu verfolgen. Mit diesem intelligenten Timer k\u00f6nnen Sie Ihren Trainingsfortschritt auf einen Blick \u00fcberwachen und so jede Sitzung organisiert und effizient gestalten.<\/li>\n<\/ul>\n\t<div class=\"img has-hover x md-x lg-x y md-y lg-y\" id=\"image_305383931\">\n\t\t\t\t\t\t\t\t<div class=\"img-inner dark\" >\n\t\t\t<img loading=\"lazy\" decoding=\"async\" width=\"970\" height=\"600\" src=\"https:\/\/www.telaled.com\/wp-content\/uploads\/2025\/10\/Electronic-gym-scoreboard7.jpg\" class=\"attachment-original size-original\" alt=\"Elektronische Anzeigetafel f\u00fcr Fitnessstudios7\" srcset=\"https:\/\/www.telaled.com\/wp-content\/uploads\/2025\/10\/Electronic-gym-scoreboard7.jpg 970w, https:\/\/www.telaled.com\/wp-content\/uploads\/2025\/10\/Electronic-gym-scoreboard7-300x186.jpg 300w, https:\/\/www.telaled.com\/wp-content\/uploads\/2025\/10\/Electronic-gym-scoreboard7-768x475.jpg 768w, https:\/\/www.telaled.com\/wp-content\/uploads\/2025\/10\/Electronic-gym-scoreboard7-18x12.jpg 18w, https:\/\/www.telaled.com\/wp-content\/uploads\/2025\/10\/Electronic-gym-scoreboard7-600x371.jpg 600w\" sizes=\"auto, (max-width: 970px) 100vw, 970px\" \/>\t\t\t\t\t\t\n\t\t\t\t\t<\/div>\n\t\t\t\t\t\t\t\t\n<style>\n#image_305383931 {\n  width: 80%;\n}\n<\/style>\n\t<\/div>\n\t\n<ul>\n<li>Eins <em><strong>Elektronische Anzeigetafel f\u00fcr Fitnessstudios<\/strong><\/em> Es erh\u00f6ht die Sicherheit und Effizienz des Trainings durch gut sichtbare LED-Timer und Fortschrittsanzeigen. Nutzer k\u00f6nnen Trainingszeit, Pausen und Leistung in Echtzeit \u00fcberwachen. Trainer k\u00f6nnen den Fortschritt einfach verfolgen und die Trainingspl\u00e4ne anpassen. Ideal f\u00fcr <a href=\"https:\/\/www.telaled.com\/de\/cronometro-academia\/\">Fitnessstudios<\/a> In seinen Studios garantiert er organisierte, konsequente und effektive Trainingseinheiten f\u00fcr alle Fitnesslevel.<\/li>\n<\/ul>\n\t<div class=\"img has-hover x md-x lg-x y md-y lg-y\" id=\"image_1049069400\">\n\t\t\t\t\t\t\t\t<div class=\"img-inner dark\" >\n\t\t\t<img loading=\"lazy\" decoding=\"async\" width=\"568\" height=\"438\" src=\"https:\/\/www.telaled.com\/wp-content\/uploads\/2025\/10\/Electronic-gym-scoreboard8.webp\" class=\"attachment-large size-large\" alt=\"\" srcset=\"https:\/\/www.telaled.com\/wp-content\/uploads\/2025\/10\/Electronic-gym-scoreboard8.webp 568w, https:\/\/www.telaled.com\/wp-content\/uploads\/2025\/10\/Electronic-gym-scoreboard8-300x231.webp 300w, https:\/\/www.telaled.com\/wp-content\/uploads\/2025\/10\/Electronic-gym-scoreboard8-16x12.webp 16w\" sizes=\"auto, (max-width: 568px) 100vw, 568px\" \/>\t\t\t\t\t\t\n\t\t\t\t\t<\/div>\n\t\t\t\t\t\t\t\t\n<style>\n#image_1049069400 {\n  width: 80%;\n}\n<\/style>\n\t<\/div>\n\t\n<ul>\n<li><strong><em>Elektronische Anzeigetafel f\u00fcr Fitnessstudios<\/em> TEI-Serie<\/strong>\u00a0 Sie werden zum Schutz w\u00e4hrend des Transports in verst\u00e4rkten Holzkisten verpackt. Jede Einheit ist sicher verpackt, um Sch\u00e4den durch Sch\u00e4dlinge, St\u00f6\u00dfe und andere Gefahren zu vermeiden. Dies gew\u00e4hrleistet Langlebigkeit und eine sichere Lieferung.<\/li>\n<\/ul>\n\t<div class=\"img has-hover x md-x lg-x y md-y lg-y\" id=\"image_84941849\">\n\t\t\t\t\t\t\t\t<div class=\"img-inner dark\" >\n\t\t\t<img loading=\"lazy\" decoding=\"async\" width=\"760\" height=\"1024\" src=\"https:\/\/www.telaled.com\/wp-content\/uploads\/2025\/08\/36123f2c-de60-488d-af81-255cd4aee54a-760x1024.webp\" class=\"attachment-large size-large\" alt=\"\" srcset=\"https:\/\/www.telaled.com\/wp-content\/uploads\/2025\/08\/36123f2c-de60-488d-af81-255cd4aee54a-760x1024.webp 760w, https:\/\/www.telaled.com\/wp-content\/uploads\/2025\/08\/36123f2c-de60-488d-af81-255cd4aee54a-223x300.webp 223w, https:\/\/www.telaled.com\/wp-content\/uploads\/2025\/08\/36123f2c-de60-488d-af81-255cd4aee54a-768x1035.webp 768w, https:\/\/www.telaled.com\/wp-content\/uploads\/2025\/08\/36123f2c-de60-488d-af81-255cd4aee54a-9x12.webp 9w, https:\/\/www.telaled.com\/wp-content\/uploads\/2025\/08\/36123f2c-de60-488d-af81-255cd4aee54a-600x808.webp 600w, https:\/\/www.telaled.com\/wp-content\/uploads\/2025\/08\/36123f2c-de60-488d-af81-255cd4aee54a.webp 795w\" sizes=\"auto, (max-width: 760px) 100vw, 760px\" \/>\t\t\t\t\t\t\n\t\t\t\t\t<\/div>\n\t\t\t\t\t\t\t\t\n<style>\n#image_84941849 {\n  width: 80%;\n}\n<\/style>\n\t<\/div>\n\t\n\n<table id=\"tablepress-102\" class=\"tablepress tablepress-id-102\">\n<thead>\n<tr class=\"row-1\">\n\t<th class=\"column-1\">Maximale Vorbereitungszeit<\/th><th class=\"column-2\">24 Stunden<\/th><th class=\"column-3\">Minimale Vorbereitungszeit<\/th><th class=\"column-4\">10 s<\/th>\n<\/tr>\n<\/thead>\n<tbody class=\"row-striping row-hover\">\n<tr class=\"row-2\">\n\t<td class=\"column-1\">Nennspannung<\/td><td class=\"column-2\">220 V<\/td><td class=\"column-3\">Modellnummer<\/td><td class=\"column-4\">TEI-Serie<\/td>\n<\/tr>\n<tr class=\"row-3\">\n\t<td class=\"column-1\">Markieren<\/td><td class=\"column-2\">LED-Bildschirm<\/td><td class=\"column-3\">Herkunftsort<\/td><td class=\"column-4\">Shenzhen, China<\/td>\n<\/tr>\n<tr class=\"row-4\">\n\t<td class=\"column-1\">Kontrolle<\/td><td class=\"column-2\">Fernbedienung<\/td><td class=\"column-3\">Appellieren<\/td><td class=\"column-4\">Tragbar<\/td>\n<\/tr>\n<tr class=\"row-5\">\n\t<td class=\"column-1\">Frequenz<\/td><td class=\"column-2\">50 Hz<\/td><td class=\"column-3\">Material<\/td><td class=\"column-4\">Aluminiumlegierung<\/td>\n<\/tr>\n<tr class=\"row-6\">\n\t<td class=\"column-1\">Theorie<\/td><td class=\"column-2\">Digital<\/td><td class=\"column-3\">Typ<\/td><td class=\"column-4\">Countdown-Timer<\/td>\n<\/tr>\n<tr class=\"row-7\">\n\t<td class=\"column-1\">Anwendung<\/td><td class=\"column-2\">Multifunktional<\/td><td class=\"column-3\">Betrieb<\/td><td class=\"column-4\">Fernbedienung<\/td>\n<\/tr>\n<tr class=\"row-8\">\n\t<td class=\"column-1\">Zeichenh\u00f6he<\/td><td class=\"column-2\">4 Zoll<\/td><td class=\"column-3\">Struktur<\/td><td class=\"column-4\">Aluminiumlegierung<\/td>\n<\/tr>\n<tr class=\"row-9\">\n\t<td class=\"column-1\">Produktname<\/td><td class=\"column-2\">Uhr, Countdown\/Aufw\u00e4rtsz\u00e4hler, Stoppuhr, Intervalltraining\/Pause<\/td><td class=\"column-3\">Zertifizierung<\/td><td class=\"column-4\">CE, RoHS<\/td>\n<\/tr>\n<\/tbody>\n<\/table>\n\n\t\t<\/div>\n\t\t\t\t\t<\/div>\n\n\t\n<\/div>\n\t\t<\/div>\n\t\t\t\t\t<\/div>\n\n\t\n<\/div>","protected":false},"excerpt":{"rendered":"<p><em><strong>Elektronische Anzeigetafel f\u00fcr Fitnessstudios, TEI-Serie<\/strong><\/em> \u2013 Multifunktionaler LED-Timer und Stoppuhr.<\/p>\n<p>DER <em><strong>Elektronische Anzeigetafel f\u00fcr Fitnessstudios, TEI-Serie<\/strong><\/em>\u00a0Es handelt sich um einen digitalen 220-V-Timer mit 4-Zoll-LED-Display und einem Geh\u00e4use aus Aluminiumlegierung. Er unterst\u00fctzt die Modi Count-Up, Countdown, Stoppuhr und Intervall, die alle \u00fcber eine Fernbedienung gesteuert werden.<\/p>\n<p><strong>Haupteigenschaften:<\/strong><\/p>\n<ul>\n<li><strong>Genauer Zeitbereich:<\/strong> F\u00fcr Trainingseinheiten von 10 Sekunden bis 24 Stunden einstellbar., <a href=\"https:\/\/www.telaled.com\/de\/telao-de-led-para-eventos\/\">Veranstaltungen<\/a> oder f\u00fcr industrielle Zwecke.<\/li>\n<li><strong>Scharfes 4-Zoll-LED-Display:<\/strong> helle Ziffern sorgen f\u00fcr Sichtbarkeit auch in gut beleuchteten Bereichen.<\/li>\n<li><strong>Langlebig und praktisch:<\/strong> Aluminiumgeh\u00e4use mit Fernbedienung und CE\/RoHS-zertifizierter Zuverl\u00e4ssigkeit.<\/li>\n<\/ul>\n<p>Unsere Experten stehen Ihnen rund um die Uhr mit Remote-Support und 3 Jahren Produktgarantie zur Verf\u00fcgung. Fordern Sie noch heute Ihr individuelles Angebot an.<\/p>","protected":false},"featured_media":3944,"template":"","meta":[],"product_brand":[],"product_cat":[48,40],"product_tag":[],"class_list":{"0":"post-3928","1":"product","2":"type-product","3":"status-publish","4":"has-post-thumbnail","6":"product_cat-paineis-personalizados","7":"product_cat-painel-de-led","9":"first","10":"instock","11":"shipping-taxable","12":"product-type-simple"},"yoast_head":"<!-- This site is optimized with the Yoast SEO plugin v27.4 - https:\/\/yoast.com\/product\/yoast-seo-wordpress\/ -->\n<title>Electronic Gym Scoreboard S\u00e9rie TEI | Temporizador digital LED para esportes e fitness | TELALED<\/title>\n<meta name=\"description\" content=\"Obtenha o Electronic Gym Scoreboard S\u00e9rie TEI com cron\u00f4metro, contagem regressiva e controle remoto sem fio; ideal para treinos e sess\u00f5es de treino.\" \/>\n<meta name=\"robots\" content=\"index, follow, max-snippet:-1, max-image-preview:large, max-video-preview:-1\" \/>\n<link rel=\"canonical\" href=\"https:\/\/www.telaled.com\/de\/fabrica\/electronic-gym-scoreboard-serie-tei\/\" \/>\n<meta property=\"og:locale\" content=\"de_DE\" \/>\n<meta property=\"og:type\" content=\"article\" \/>\n<meta property=\"og:title\" content=\"Electronic Gym Scoreboard S\u00e9rie TEI | Temporizador digital LED para esportes e fitness | TELALED\" \/>\n<meta property=\"og:description\" content=\"Obtenha o Electronic Gym Scoreboard S\u00e9rie TEI com cron\u00f4metro, contagem regressiva e controle remoto sem fio; ideal para treinos e sess\u00f5es de treino.\" \/>\n<meta property=\"og:url\" content=\"https:\/\/www.telaled.com\/de\/fabrica\/electronic-gym-scoreboard-serie-tei\/\" \/>\n<meta property=\"og:site_name\" content=\"TELALED\" \/>\n<meta property=\"article:modified_time\" content=\"2026-01-07T01:14:05+00:00\" \/>\n<meta property=\"og:image\" content=\"https:\/\/www.telaled.com\/wp-content\/uploads\/2025\/10\/Electronic-gym-scoreboard.webp\" \/>\n\t<meta property=\"og:image:width\" content=\"500\" \/>\n\t<meta property=\"og:image:height\" content=\"500\" \/>\n\t<meta property=\"og:image:type\" content=\"image\/webp\" \/>\n<meta name=\"twitter:card\" content=\"summary_large_image\" \/>\n<meta name=\"twitter:label1\" content=\"Gesch\u00e4tzte Lesezeit\" \/>\n\t<meta name=\"twitter:data1\" content=\"3\u00a0Minuten\" \/>\n<script type=\"application\/ld+json\" class=\"yoast-schema-graph\">{\"@context\":\"https:\\\/\\\/schema.org\",\"@graph\":[{\"@type\":\"WebPage\",\"@id\":\"https:\\\/\\\/www.telaled.com\\\/fabrica\\\/electronic-gym-scoreboard-serie-tei\\\/\",\"url\":\"https:\\\/\\\/www.telaled.com\\\/fabrica\\\/electronic-gym-scoreboard-serie-tei\\\/\",\"name\":\"Electronic Gym Scoreboard S\u00e9rie TEI | Temporizador digital LED para esportes e fitness | TELALED\",\"isPartOf\":{\"@id\":\"https:\\\/\\\/www.telaled.com\\\/#website\"},\"primaryImageOfPage\":{\"@id\":\"https:\\\/\\\/www.telaled.com\\\/fabrica\\\/electronic-gym-scoreboard-serie-tei\\\/#primaryimage\"},\"image\":{\"@id\":\"https:\\\/\\\/www.telaled.com\\\/fabrica\\\/electronic-gym-scoreboard-serie-tei\\\/#primaryimage\"},\"thumbnailUrl\":\"https:\\\/\\\/www.telaled.com\\\/wp-content\\\/uploads\\\/2025\\\/10\\\/Electronic-gym-scoreboard.webp\",\"datePublished\":\"2025-10-09T02:28:13+00:00\",\"dateModified\":\"2026-01-07T01:14:05+00:00\",\"description\":\"Obtenha o Electronic Gym Scoreboard S\u00e9rie TEI com cron\u00f4metro, contagem regressiva e controle remoto sem fio; ideal para treinos e sess\u00f5es de treino.\",\"breadcrumb\":{\"@id\":\"https:\\\/\\\/www.telaled.com\\\/fabrica\\\/electronic-gym-scoreboard-serie-tei\\\/#breadcrumb\"},\"inLanguage\":\"de\",\"potentialAction\":[{\"@type\":\"ReadAction\",\"target\":[\"https:\\\/\\\/www.telaled.com\\\/fabrica\\\/electronic-gym-scoreboard-serie-tei\\\/\"]}]},{\"@type\":\"ImageObject\",\"inLanguage\":\"de\",\"@id\":\"https:\\\/\\\/www.telaled.com\\\/fabrica\\\/electronic-gym-scoreboard-serie-tei\\\/#primaryimage\",\"url\":\"https:\\\/\\\/www.telaled.com\\\/wp-content\\\/uploads\\\/2025\\\/10\\\/Electronic-gym-scoreboard.webp\",\"contentUrl\":\"https:\\\/\\\/www.telaled.com\\\/wp-content\\\/uploads\\\/2025\\\/10\\\/Electronic-gym-scoreboard.webp\",\"width\":500,\"height\":500,\"caption\":\"Electronic-gym-scoreboard\"},{\"@type\":\"BreadcrumbList\",\"@id\":\"https:\\\/\\\/www.telaled.com\\\/fabrica\\\/electronic-gym-scoreboard-serie-tei\\\/#breadcrumb\",\"itemListElement\":[{\"@type\":\"ListItem\",\"position\":1,\"name\":\"Home\",\"item\":\"https:\\\/\\\/www.telaled.com\\\/\"},{\"@type\":\"ListItem\",\"position\":2,\"name\":\"Produtos\",\"item\":\"https:\\\/\\\/www.telaled.com\\\/shop\\\/\"},{\"@type\":\"ListItem\",\"position\":3,\"name\":\"Electronic Gym Scoreboard S\u00e9rie TEI\"}]},{\"@type\":\"WebSite\",\"@id\":\"https:\\\/\\\/www.telaled.com\\\/#website\",\"url\":\"https:\\\/\\\/www.telaled.com\\\/\",\"name\":\"TELALED\",\"description\":\"\",\"potentialAction\":[{\"@type\":\"SearchAction\",\"target\":{\"@type\":\"EntryPoint\",\"urlTemplate\":\"https:\\\/\\\/www.telaled.com\\\/?s={search_term_string}\"},\"query-input\":{\"@type\":\"PropertyValueSpecification\",\"valueRequired\":true,\"valueName\":\"search_term_string\"}}],\"inLanguage\":\"de\"}]}<\/script>\n<!-- \/ Yoast SEO plugin. -->","yoast_head_json":{"title":"Elektronische Anzeigetafel f\u00fcr Fitnessstudios der TEI-Serie | Digitaler LED-Timer f\u00fcr Sport und Fitness | LED-Bildschirm","description":"Holen Sie sich die elektronische Anzeigetafel f\u00fcr Fitnessstudios der TEI-Serie mit Stoppuhr, Countdown-Timer und drahtloser Fernbedienung; ideal f\u00fcr Workouts und Trainingseinheiten.","robots":{"index":"index","follow":"follow","max-snippet":"max-snippet:-1","max-image-preview":"max-image-preview:large","max-video-preview":"max-video-preview:-1"},"canonical":"https:\/\/www.telaled.com\/de\/fabrica\/electronic-gym-scoreboard-serie-tei\/","og_locale":"de_DE","og_type":"article","og_title":"Electronic Gym Scoreboard S\u00e9rie TEI | Temporizador digital LED para esportes e fitness | TELALED","og_description":"Obtenha o Electronic Gym Scoreboard S\u00e9rie TEI com cron\u00f4metro, contagem regressiva e controle remoto sem fio; ideal para treinos e sess\u00f5es de treino.","og_url":"https:\/\/www.telaled.com\/de\/fabrica\/electronic-gym-scoreboard-serie-tei\/","og_site_name":"TELALED","article_modified_time":"2026-01-07T01:14:05+00:00","og_image":[{"width":500,"height":500,"url":"https:\/\/www.telaled.com\/wp-content\/uploads\/2025\/10\/Electronic-gym-scoreboard.webp","type":"image\/webp"}],"twitter_card":"summary_large_image","twitter_misc":{"Gesch\u00e4tzte Lesezeit":"3\u00a0Minuten"},"schema":{"@context":"https:\/\/schema.org","@graph":[{"@type":"WebPage","@id":"https:\/\/www.telaled.com\/fabrica\/electronic-gym-scoreboard-serie-tei\/","url":"https:\/\/www.telaled.com\/fabrica\/electronic-gym-scoreboard-serie-tei\/","name":"Elektronische Anzeigetafel f\u00fcr Fitnessstudios der TEI-Serie | Digitaler LED-Timer f\u00fcr Sport und Fitness | LED-Bildschirm","isPartOf":{"@id":"https:\/\/www.telaled.com\/#website"},"primaryImageOfPage":{"@id":"https:\/\/www.telaled.com\/fabrica\/electronic-gym-scoreboard-serie-tei\/#primaryimage"},"image":{"@id":"https:\/\/www.telaled.com\/fabrica\/electronic-gym-scoreboard-serie-tei\/#primaryimage"},"thumbnailUrl":"https:\/\/www.telaled.com\/wp-content\/uploads\/2025\/10\/Electronic-gym-scoreboard.webp","datePublished":"2025-10-09T02:28:13+00:00","dateModified":"2026-01-07T01:14:05+00:00","description":"Holen Sie sich die elektronische Anzeigetafel f\u00fcr Fitnessstudios der TEI-Serie mit Stoppuhr, Countdown-Timer und drahtloser Fernbedienung; ideal f\u00fcr Workouts und Trainingseinheiten.","breadcrumb":{"@id":"https:\/\/www.telaled.com\/fabrica\/electronic-gym-scoreboard-serie-tei\/#breadcrumb"},"inLanguage":"de","potentialAction":[{"@type":"ReadAction","target":["https:\/\/www.telaled.com\/fabrica\/electronic-gym-scoreboard-serie-tei\/"]}]},{"@type":"ImageObject","inLanguage":"de","@id":"https:\/\/www.telaled.com\/fabrica\/electronic-gym-scoreboard-serie-tei\/#primaryimage","url":"https:\/\/www.telaled.com\/wp-content\/uploads\/2025\/10\/Electronic-gym-scoreboard.webp","contentUrl":"https:\/\/www.telaled.com\/wp-content\/uploads\/2025\/10\/Electronic-gym-scoreboard.webp","width":500,"height":500,"caption":"Electronic-gym-scoreboard"},{"@type":"BreadcrumbList","@id":"https:\/\/www.telaled.com\/fabrica\/electronic-gym-scoreboard-serie-tei\/#breadcrumb","itemListElement":[{"@type":"ListItem","position":1,"name":"Home","item":"https:\/\/www.telaled.com\/"},{"@type":"ListItem","position":2,"name":"Produtos","item":"https:\/\/www.telaled.com\/shop\/"},{"@type":"ListItem","position":3,"name":"Electronic Gym Scoreboard S\u00e9rie TEI"}]},{"@type":"WebSite","@id":"https:\/\/www.telaled.com\/#website","url":"https:\/\/www.telaled.com\/","name":"LED-Bildschirm","description":"","potentialAction":[{"@type":"SearchAction","target":{"@type":"EntryPoint","urlTemplate":"https:\/\/www.telaled.com\/?s={search_term_string}"},"query-input":{"@type":"PropertyValueSpecification","valueRequired":true,"valueName":"search_term_string"}}],"inLanguage":"de"}]}},"_links":{"self":[{"href":"https:\/\/www.telaled.com\/de\/wp-json\/wp\/v2\/product\/3928","targetHints":{"allow":["GET"]}}],"collection":[{"href":"https:\/\/www.telaled.com\/de\/wp-json\/wp\/v2\/product"}],"about":[{"href":"https:\/\/www.telaled.com\/de\/wp-json\/wp\/v2\/types\/product"}],"wp:featuredmedia":[{"embeddable":true,"href":"https:\/\/www.telaled.com\/de\/wp-json\/wp\/v2\/media\/3944"}],"wp:attachment":[{"href":"https:\/\/www.telaled.com\/de\/wp-json\/wp\/v2\/media?parent=3928"}],"wp:term":[{"taxonomy":"product_brand","embeddable":true,"href":"https:\/\/www.telaled.com\/de\/wp-json\/wp\/v2\/product_brand?post=3928"},{"taxonomy":"product_cat","embeddable":true,"href":"https:\/\/www.telaled.com\/de\/wp-json\/wp\/v2\/product_cat?post=3928"},{"taxonomy":"product_tag","embeddable":true,"href":"https:\/\/www.telaled.com\/de\/wp-json\/wp\/v2\/product_tag?post=3928"}],"curies":[{"name":"wp","href":"https:\/\/api.w.org\/{rel}","templated":true}]}}